{"id":3931,"date":"2023-07-20T10:21:01","date_gmt":"2023-07-20T07:21:01","guid":{"rendered":"https:\/\/www.ranoja.ee\/?post_type=product&#038;p=3931"},"modified":"2026-04-14T11:59:28","modified_gmt":"2026-04-14T08:59:28","slug":"cedrus-inverter-generaator-cedin3000e","status":"publish","type":"product","link":"https:\/\/ranoja.ee\/en\/toode\/cedrus-inverter-generaator-cedin3000e\/","title":{"rendered":"Cedrus Inverter generaator CEDIN3000E 3,3kw"},"content":{"rendered":"<p>Cedrus Inverter &#8211; generaator CEDIN3000E<br \/>\nInvertergeneraator Cedrus IN3000E on vaikne suure v\u00f5imsusega generaator, mis on varustatud elektristarteriga ja mootori p\u00f6\u00f6rlemissageduse automaatse reguleerimisega s\u00f5ltuvalt koormusest. T\u00e4nu sinusoidse pinge lainekujule sobib IN3000E inverter pingek\u00f5ikumiste suhtes tundlike seadmete toiteks.<br \/>\nSeade on varustatud kahe 230 V pistikupesaga ja 12 V pistikupesaga. T\u00e4iendavaks eeliseks on standardne ratastest ja mugavast k\u00e4epidemest koosnev transpordikomplekt.<\/p>\n<p>Invertergeneraatorid on v\u00e4iksemad, kaasaskantavad elektrigeneraatorid, mis on varustatud inverteriga, mis muudab alalisvoolu vahelduvvooluks. Need on populaarsed lahendused kodukasutajatele, eriti juhul, kui vajatakse varuvoolu, n\u00e4iteks \u00e4\u00e4rmuslike ilmastikuolude, elektrikatkestuste v\u00f5i matkamise ajal. Siin on m\u00f5ned p\u00f5hjused, miks invertergeneraatoreid majapidamises kasutatakse:<\/p>\n<p>Varuvoolukatkestused: Invertergeneraatorid pakuvad majapidamistele v\u00f5imalust s\u00e4ilitada elektrivarustust, kui on ootamatuid voolukatkestusi. Need v\u00f5ivad olla tingitud tormidest, loodus\u00f5nnetustest v\u00f5i muudest h\u00e4daolukordadest.<\/p>\n<p>Matkamine ja telkimine: Kaasaskantavus ja kergekaalulisus muudavad invertergeneraatorid suurep\u00e4raseks valikuks matkamisel v\u00f5i telkimisel. Need v\u00f5imaldavad teil kasutada elektriseadmeid ja -seadmeid ka siis, kui pole ligip\u00e4\u00e4su tavap\u00e4rasele elektriv\u00f5rgule.<\/p>\n<p>V\u00e4ljas\u00f5idud ja \u00fcritused: Invertergeneraatorid on kasulikud ka v\u00e4ljas\u00f5itudel ja \u00fcritustel, kus puudub ligip\u00e4\u00e4s elektriv\u00f5rgule. N\u00e4iteks v\u00f5ib neid kasutada piknikutel, suvek\u00f6\u00f6kides v\u00f5i aias toimuvatel \u00fcritustel.<\/p>\n<p>T\u00f6\u00f6riistad ja kodumasinad: Invertergeneraatorid v\u00f5ivad olla kasulikud ka koduste t\u00f6\u00f6riistade ja kodumasinate toiteallikana piirkondades, kus elektriv\u00f5rk v\u00f5ib olla ebastabiilne v\u00f5i k\u00e4ttesaamatu.<\/p>\n<p>M\u00fcra v\u00e4hendamine: Paljud invertergeneraatorid on suhteliselt vaiksed v\u00f5rreldes tavaliste generaatoritega, mis muudab need sobivaks kasutamiseks olukordades, kus m\u00fcra v\u00f5ib olla probleemiks, nagu n\u00e4iteks elamurajoonides v\u00f5i telkimisaladel.<br \/>\nCedrus Inverter &#8211; generaator CEDIN3000E<\/p>\n<p>CEDRUS on \u00fcks suurimaid aiandusmasinate, t\u00f6\u00f6riistade ning metsandus tarvikute edasim\u00fc\u00fcjaid Poolas.<br \/>\nMeie eesm\u00e4rk on pakkuda klientidele k\u00f5rgeima kvaliteediga tooteid konkurentsiv\u00f5imeliste hindadega.<br \/>\nAlates 2016. aastast oleme arendanud ka oma kaubam\u00e4rgi all olevat tootesarja Cedrus.<br \/>\nHetkel pakume enam kui 100 t\u00fc\u00fcpi CEDRUS kaubam\u00e4rgi aia- ja ehitusmasinaid, samuti k\u00f5iki hooldustarvikuid ja varuosi.<br \/>\n<img decoding=\"async\" class=\"alignnone size-medium wp-image-5896\" src=\"https:\/\/www.ranoja.ee\/wp-content\/uploads\/2023\/07\/cedrus-logo-vaike-1-300x99.png\" alt=\"\" width=\"300\" height=\"99\" srcset=\"https:\/\/ranoja.ee\/wp-content\/uploads\/2023\/07\/cedrus-logo-vaike-1-300x99.png 300w, https:\/\/ranoja.ee\/wp-content\/uploads\/2023\/07\/cedrus-logo-vaike-1.png 431w\" sizes=\"(max-width: 300px) 100vw, 300px\" \/><\/p>\n","protected":false},"excerpt":{"rendered":"<p>Cedrus Inverter \/ generaator CEDIN3000E 3,3kw<\/p>\n<p><strong>Suurep\u00e4rane abiline elektrikatkestuste v\u00f5i v\u00e4ljas\u00f5itude korral!<\/strong><\/p>\n<p><strong>Sobib kasutamiseks kodutehnikale ja t\u00f6\u00f6riistade k\u00e4ivitamiseks.<\/strong><br \/>\nMaksimaalne v\u00e4ljundv\u00f5imsus 3300w<br \/>\nNominaal v\u00e4ljundv\u00f5imsus 3000w<br \/>\nKvaliteetne RATO R210Di 4 taktiline bensiinimootor 212cc<br \/>\nMootori\u00f5li kogus: 0,6l<br \/>\n<strong>Elektriline starter \/ k\u00e4sistarter<\/strong><br \/>\nK\u00fctusepaak 10L<br \/>\nT\u00f6\u00f6aeg nominaal v\u00f5imsusel 3,5h<br \/>\nVoolvuv\u00e4ljundid: 2 x 230V + 12V<br \/>\nK\u00e4ivitusvool 3,3kw<br \/>\nM\u00f5\u00f5tmed 643 x 480 x 498mm<br \/>\nKaal ca 46kg<br \/>\n<strong><span style=\"color: #339966;\">ANTUD SEADMEGA SAAB TUTVUDA VILJANDI HYDROLINE O\u00dc-S!<\/span><\/strong><\/p>\n","protected":false},"featured_media":3932,"template":"","meta":{"inline_featured_image":false},"product_cat":[1090,102],"product_tag":[428,430,431,422,829,137,421,429,427,432],"class_list":{"0":"post-3931","1":"product","2":"type-product","3":"status-publish","4":"has-post-thumbnail","6":"product_brand-cedrus","7":"product_cat-ehitustehnika","8":"product_cat-generaatorid-ja-inverterid","9":"product_tag-220v","10":"product_tag-430","11":"product_tag-3kw","12":"product_tag-avr","13":"product_tag-cedin3000e","14":"product_tag-cedrus","15":"product_tag-generaator","16":"product_tag-in3000e","17":"product_tag-inverter","18":"product_tag-rato","20":"first","21":"instock","22":"taxable","23":"shipping-taxable","24":"purchasable","25":"product-type-simple"},"yoast_head":"<!-- This site is optimized with the Yoast SEO plugin v27.4 - https:\/\/yoast.com\/product\/yoast-seo-wordpress\/ -->\n<title>Cedrus Inverter - generaator CEDIN3000E<\/title>\n<meta name=\"description\" content=\"Cedrus Inverter - generaator CEDIN3000E Sobib kasutamiseks kodutehnikale ja t\u00f6\u00f6riistade k\u00e4ivitamiseks. cedrus-inverter-generaator-in3000e-33kw\" \/>\n<meta name=\"robots\" content=\"index, follow, max-snippet:-1, max-image-preview:large, max-video-preview:-1\" \/>\n<link rel=\"canonical\" href=\"https:\/\/ranoja.ee\/toode\/cedrus-inverter-generaator-cedin3000e\/\" \/>\n<meta property=\"og:locale\" content=\"en_US\" \/>\n<meta property=\"og:type\" content=\"article\" \/>\n<meta property=\"og:title\" content=\"Cedrus Inverter - generaator CEDIN3000E\" \/>\n<meta property=\"og:description\" content=\"Cedrus Inverter - generaator CEDIN3000E Sobib kasutamiseks kodutehnikale ja t\u00f6\u00f6riistade k\u00e4ivitamiseks. cedrus-inverter-generaator-in3000e-33kw\" \/>\n<meta property=\"og:url\" content=\"https:\/\/ranoja.ee\/toode\/cedrus-inverter-generaator-cedin3000e\/\" \/>\n<meta property=\"og:site_name\" content=\"Ranoja\" \/>\n<meta property=\"article:publisher\" content=\"https:\/\/www.facebook.com\/ranoja.ee\" \/>\n<meta property=\"article:modified_time\" content=\"2026-04-14T08:59:28+00:00\" \/>\n<meta property=\"og:image\" content=\"https:\/\/ranoja.ee\/wp-content\/uploads\/2023\/07\/Cedrus-Inverter-generaator-IN3000E-33kw-2.png\" \/>\n\t<meta property=\"og:image:width\" content=\"800\" \/>\n\t<meta property=\"og:image:height\" content=\"654\" \/>\n\t<meta property=\"og:image:type\" content=\"image\/png\" \/>\n<meta name=\"twitter:card\" content=\"summary_large_image\" \/>\n<meta name=\"twitter:label1\" content=\"Est. reading time\" \/>\n\t<meta name=\"twitter:data1\" content=\"2 minutes\" \/>\n<script type=\"application\/ld+json\" class=\"yoast-schema-graph\">{\"@context\":\"https:\\\/\\\/schema.org\",\"@graph\":[{\"@type\":\"WebPage\",\"@id\":\"https:\\\/\\\/ranoja.ee\\\/toode\\\/cedrus-inverter-generaator-cedin3000e\\\/\",\"url\":\"https:\\\/\\\/ranoja.ee\\\/toode\\\/cedrus-inverter-generaator-cedin3000e\\\/\",\"name\":\"Cedrus Inverter - generaator CEDIN3000E\",\"isPartOf\":{\"@id\":\"https:\\\/\\\/ranoja.ee\\\/#website\"},\"primaryImageOfPage\":{\"@id\":\"https:\\\/\\\/ranoja.ee\\\/toode\\\/cedrus-inverter-generaator-cedin3000e\\\/#primaryimage\"},\"image\":{\"@id\":\"https:\\\/\\\/ranoja.ee\\\/toode\\\/cedrus-inverter-generaator-cedin3000e\\\/#primaryimage\"},\"thumbnailUrl\":\"https:\\\/\\\/ranoja.ee\\\/wp-content\\\/uploads\\\/2023\\\/07\\\/Cedrus-Inverter-generaator-IN3000E-33kw-2.png\",\"datePublished\":\"2023-07-20T07:21:01+00:00\",\"dateModified\":\"2026-04-14T08:59:28+00:00\",\"description\":\"Cedrus Inverter - generaator CEDIN3000E Sobib kasutamiseks kodutehnikale ja t\u00f6\u00f6riistade k\u00e4ivitamiseks. cedrus-inverter-generaator-in3000e-33kw\",\"breadcrumb\":{\"@id\":\"https:\\\/\\\/ranoja.ee\\\/toode\\\/cedrus-inverter-generaator-cedin3000e\\\/#breadcrumb\"},\"inLanguage\":\"en-US\",\"potentialAction\":[{\"@type\":\"ReadAction\",\"target\":[\"https:\\\/\\\/ranoja.ee\\\/toode\\\/cedrus-inverter-generaator-cedin3000e\\\/\"]}]},{\"@type\":\"ImageObject\",\"inLanguage\":\"en-US\",\"@id\":\"https:\\\/\\\/ranoja.ee\\\/toode\\\/cedrus-inverter-generaator-cedin3000e\\\/#primaryimage\",\"url\":\"https:\\\/\\\/ranoja.ee\\\/wp-content\\\/uploads\\\/2023\\\/07\\\/Cedrus-Inverter-generaator-IN3000E-33kw-2.png\",\"contentUrl\":\"https:\\\/\\\/ranoja.ee\\\/wp-content\\\/uploads\\\/2023\\\/07\\\/Cedrus-Inverter-generaator-IN3000E-33kw-2.png\",\"width\":800,\"height\":654,\"caption\":\"Cedrus Inverter - generaator CEDIN3000E\"},{\"@type\":\"BreadcrumbList\",\"@id\":\"https:\\\/\\\/ranoja.ee\\\/toode\\\/cedrus-inverter-generaator-cedin3000e\\\/#breadcrumb\",\"itemListElement\":[{\"@type\":\"ListItem\",\"position\":1,\"name\":\"Home\",\"item\":\"https:\\\/\\\/ranoja.ee\\\/\"},{\"@type\":\"ListItem\",\"position\":2,\"name\":\"Shop\",\"item\":\"https:\\\/\\\/ranoja.ee\\\/en\\\/shop\\\/\"},{\"@type\":\"ListItem\",\"position\":3,\"name\":\"Cedrus Inverter generaator CEDIN3000E 3,3kw\"}]},{\"@type\":\"WebSite\",\"@id\":\"https:\\\/\\\/ranoja.ee\\\/#website\",\"url\":\"https:\\\/\\\/ranoja.ee\\\/\",\"name\":\"Ranoja\",\"description\":\"Equipment Shop WooCommerce WordPress Theme for Machine &amp; Tools\",\"publisher\":{\"@id\":\"https:\\\/\\\/ranoja.ee\\\/#organization\"},\"potentialAction\":[{\"@type\":\"SearchAction\",\"target\":{\"@type\":\"EntryPoint\",\"urlTemplate\":\"https:\\\/\\\/ranoja.ee\\\/?s={search_term_string}\"},\"query-input\":{\"@type\":\"PropertyValueSpecification\",\"valueRequired\":true,\"valueName\":\"search_term_string\"}}],\"inLanguage\":\"en-US\"},{\"@type\":\"Organization\",\"@id\":\"https:\\\/\\\/ranoja.ee\\\/#organization\",\"name\":\"Ranoja O\u00dc\",\"url\":\"https:\\\/\\\/ranoja.ee\\\/\",\"logo\":{\"@type\":\"ImageObject\",\"inLanguage\":\"en-US\",\"@id\":\"https:\\\/\\\/ranoja.ee\\\/#\\\/schema\\\/logo\\\/image\\\/\",\"url\":\"https:\\\/\\\/ranoja.ee\\\/wp-content\\\/uploads\\\/2023\\\/11\\\/ranoja-Logo.png\",\"contentUrl\":\"https:\\\/\\\/ranoja.ee\\\/wp-content\\\/uploads\\\/2023\\\/11\\\/ranoja-Logo.png\",\"width\":207,\"height\":58,\"caption\":\"Ranoja O\u00dc\"},\"image\":{\"@id\":\"https:\\\/\\\/ranoja.ee\\\/#\\\/schema\\\/logo\\\/image\\\/\"},\"sameAs\":[\"https:\\\/\\\/www.facebook.com\\\/ranoja.ee\",\"https:\\\/\\\/www.instagram.com\\\/ranoja__\\\/\"]}]}<\/script>\n<!-- \/ Yoast SEO plugin. -->","yoast_head_json":{"title":"Cedrus Inverter - generaator CEDIN3000E","description":"Cedrus Inverter - generaator CEDIN3000E Sobib kasutamiseks kodutehnikale ja t\u00f6\u00f6riistade k\u00e4ivitamiseks. cedrus-inverter-generaator-in3000e-33kw","robots":{"index":"index","follow":"follow","max-snippet":"max-snippet:-1","max-image-preview":"max-image-preview:large","max-video-preview":"max-video-preview:-1"},"canonical":"https:\/\/ranoja.ee\/toode\/cedrus-inverter-generaator-cedin3000e\/","og_locale":"en_US","og_type":"article","og_title":"Cedrus Inverter - generaator CEDIN3000E","og_description":"Cedrus Inverter - generaator CEDIN3000E Sobib kasutamiseks kodutehnikale ja t\u00f6\u00f6riistade k\u00e4ivitamiseks. cedrus-inverter-generaator-in3000e-33kw","og_url":"https:\/\/ranoja.ee\/toode\/cedrus-inverter-generaator-cedin3000e\/","og_site_name":"Ranoja","article_publisher":"https:\/\/www.facebook.com\/ranoja.ee","article_modified_time":"2026-04-14T08:59:28+00:00","og_image":[{"width":800,"height":654,"url":"https:\/\/ranoja.ee\/wp-content\/uploads\/2023\/07\/Cedrus-Inverter-generaator-IN3000E-33kw-2.png","type":"image\/png"}],"twitter_card":"summary_large_image","twitter_misc":{"Est. reading time":"2 minutes"},"schema":{"@context":"https:\/\/schema.org","@graph":[{"@type":"WebPage","@id":"https:\/\/ranoja.ee\/toode\/cedrus-inverter-generaator-cedin3000e\/","url":"https:\/\/ranoja.ee\/toode\/cedrus-inverter-generaator-cedin3000e\/","name":"Cedrus Inverter - generaator CEDIN3000E","isPartOf":{"@id":"https:\/\/ranoja.ee\/#website"},"primaryImageOfPage":{"@id":"https:\/\/ranoja.ee\/toode\/cedrus-inverter-generaator-cedin3000e\/#primaryimage"},"image":{"@id":"https:\/\/ranoja.ee\/toode\/cedrus-inverter-generaator-cedin3000e\/#primaryimage"},"thumbnailUrl":"https:\/\/ranoja.ee\/wp-content\/uploads\/2023\/07\/Cedrus-Inverter-generaator-IN3000E-33kw-2.png","datePublished":"2023-07-20T07:21:01+00:00","dateModified":"2026-04-14T08:59:28+00:00","description":"Cedrus Inverter - generaator CEDIN3000E Sobib kasutamiseks kodutehnikale ja t\u00f6\u00f6riistade k\u00e4ivitamiseks. cedrus-inverter-generaator-in3000e-33kw","breadcrumb":{"@id":"https:\/\/ranoja.ee\/toode\/cedrus-inverter-generaator-cedin3000e\/#breadcrumb"},"inLanguage":"en-US","potentialAction":[{"@type":"ReadAction","target":["https:\/\/ranoja.ee\/toode\/cedrus-inverter-generaator-cedin3000e\/"]}]},{"@type":"ImageObject","inLanguage":"en-US","@id":"https:\/\/ranoja.ee\/toode\/cedrus-inverter-generaator-cedin3000e\/#primaryimage","url":"https:\/\/ranoja.ee\/wp-content\/uploads\/2023\/07\/Cedrus-Inverter-generaator-IN3000E-33kw-2.png","contentUrl":"https:\/\/ranoja.ee\/wp-content\/uploads\/2023\/07\/Cedrus-Inverter-generaator-IN3000E-33kw-2.png","width":800,"height":654,"caption":"Cedrus Inverter - generaator CEDIN3000E"},{"@type":"BreadcrumbList","@id":"https:\/\/ranoja.ee\/toode\/cedrus-inverter-generaator-cedin3000e\/#breadcrumb","itemListElement":[{"@type":"ListItem","position":1,"name":"Home","item":"https:\/\/ranoja.ee\/"},{"@type":"ListItem","position":2,"name":"Shop","item":"https:\/\/ranoja.ee\/en\/shop\/"},{"@type":"ListItem","position":3,"name":"Cedrus Inverter generaator CEDIN3000E 3,3kw"}]},{"@type":"WebSite","@id":"https:\/\/ranoja.ee\/#website","url":"https:\/\/ranoja.ee\/","name":"Ranoja","description":"Equipment Shop WooCommerce WordPress Theme for Machine &amp; Tools","publisher":{"@id":"https:\/\/ranoja.ee\/#organization"},"potentialAction":[{"@type":"SearchAction","target":{"@type":"EntryPoint","urlTemplate":"https:\/\/ranoja.ee\/?s={search_term_string}"},"query-input":{"@type":"PropertyValueSpecification","valueRequired":true,"valueName":"search_term_string"}}],"inLanguage":"en-US"},{"@type":"Organization","@id":"https:\/\/ranoja.ee\/#organization","name":"Ranoja O\u00dc","url":"https:\/\/ranoja.ee\/","logo":{"@type":"ImageObject","inLanguage":"en-US","@id":"https:\/\/ranoja.ee\/#\/schema\/logo\/image\/","url":"https:\/\/ranoja.ee\/wp-content\/uploads\/2023\/11\/ranoja-Logo.png","contentUrl":"https:\/\/ranoja.ee\/wp-content\/uploads\/2023\/11\/ranoja-Logo.png","width":207,"height":58,"caption":"Ranoja O\u00dc"},"image":{"@id":"https:\/\/ranoja.ee\/#\/schema\/logo\/image\/"},"sameAs":["https:\/\/www.facebook.com\/ranoja.ee","https:\/\/www.instagram.com\/ranoja__\/"]}]}},"_links":{"self":[{"href":"https:\/\/ranoja.ee\/en\/wp-json\/wp\/v2\/product\/3931","targetHints":{"allow":["GET"]}}],"collection":[{"href":"https:\/\/ranoja.ee\/en\/wp-json\/wp\/v2\/product"}],"about":[{"href":"https:\/\/ranoja.ee\/en\/wp-json\/wp\/v2\/types\/product"}],"wp:featuredmedia":[{"embeddable":true,"href":"https:\/\/ranoja.ee\/en\/wp-json\/wp\/v2\/media\/3932"}],"wp:attachment":[{"href":"https:\/\/ranoja.ee\/en\/wp-json\/wp\/v2\/media?parent=3931"}],"wp:term":[{"taxonomy":"product_cat","embeddable":true,"href":"https:\/\/ranoja.ee\/en\/wp-json\/wp\/v2\/product_cat?post=3931"},{"taxonomy":"product_tag","embeddable":true,"href":"https:\/\/ranoja.ee\/en\/wp-json\/wp\/v2\/product_tag?post=3931"}],"curies":[{"name":"wp","href":"https:\/\/api.w.org\/{rel}","templated":true}]}}