{"id":3904,"date":"2023-07-20T09:54:40","date_gmt":"2023-07-20T06:54:40","guid":{"rendered":"https:\/\/www.ranoja.ee\/?post_type=product&#038;p=3904"},"modified":"2026-04-14T11:59:28","modified_gmt":"2026-04-14T08:59:28","slug":"lumag-generaator-g3e","status":"publish","type":"product","link":"https:\/\/ranoja.ee\/en\/toode\/lumag-generaator-g3e\/","title":{"rendered":"Lumag Generaator G3E"},"content":{"rendered":"<p>Lumag Generaator G3E<br \/>\nBensiinimootoriga generaatorid on populaarsed varugeneraatorid, mida kasutatakse elektri tootmiseks, kui p\u00f5hiv\u00f5rk on k\u00e4ttesaamatu v\u00f5i katkestatud. Need on kasulikud nii kodumajapidamistes, ehitusplatsidel, v\u00e4litegevustel kui ka h\u00e4daolukordades. Siin on \u00fclevaade bensiinimootoriga generaatoritest ja nende kasutamisest:<\/p>\n<p>Kus kasutatakse enim bensiinimootoriga generaatoreid?<\/p>\n<p>Kodumajapidamised: Bensiinimootoriga generaatorid pakuvad elektrit kodumajapidamistele elektrikatkestuste ajal. Need v\u00f5ivad toita k\u00fclmkappe, valgusteid, soojapuhureid ja muid olulisi seadmeid.<br \/>\nEhitusplatsid: Generaatorid on h\u00e4davajalikud ehitusplatsidel, kus ei ole juurdep\u00e4\u00e4su elektriv\u00f5rgule. Need toidavad elektrilisi t\u00f6\u00f6riistu ja valgustust.<br \/>\nV\u00e4litegevused: Matkamine, telkimine ja muud v\u00e4litegevused v\u00f5ivad n\u00f5uda elektrit erinevate seadmete jaoks, nagu laagrivalgustus, toiduvalmistamisvarustus ja laadijad.<br \/>\nH\u00e4daolukorrad: Generaatorid on elup\u00e4\u00e4stvad katastroofide korral, pakkudes elektrit meditsiiniseadmetele, suhtlusvahenditele ja ajutistele eluruumidele.<br \/>\nEelised<\/p>\n<p>Kaasaskantavus: Bensiinimootoriga generaatorid on sageli kergemad ja kergemini teisaldatavad kui diiselgeneraatorid.<br \/>\nSaadavus: Bensiin on kergesti k\u00e4ttesaadav, mis muudab need generaatorid praktiliseks valikuks eriolukordades.<br \/>\nKiire k\u00e4ivitamine: Bensiinimootoriga generaatorid k\u00e4ivituvad kiiresti ja lihtsalt, mis on oluline kiireloomulistes olukordades.<br \/>\nLumag Generaator G3E<\/p>\n<p>Ohutusjuhised:<br \/>\nVentilatsioon: Kasuta generaatorit alati h\u00e4sti ventileeritud kohtades, et v\u00e4ltida s\u00fcsinikmonooksiidi m\u00fcrgitust.<br \/>\nK\u00fctuse hoidmine: Hoia bensiini ohutult ja eemal soojusallikatest, et v\u00e4ltida tuleohtu.<br \/>\n\u00dclekoormuse v\u00e4ltimine: \u00c4ra koorma generaatorit \u00fcle, sest see v\u00f5ib p\u00f5hjustada seadme \u00fclekuumenemist ja kahjustusi.<br \/>\nKokkuv\u00f5te:<br \/>\nBensiinimootoriga generaatorid on t\u00f5husad ja mugavad lahendused ajutise elektrivarustuse tagamiseks. Nende kasutamisel tuleb j\u00e4rgida ohutusjuhiseid ning arvestada k\u00fctusekulu ja m\u00fcra tasemega. Sobiva generaatori valik s\u00f5ltub kasutusotstarbest ja n\u00f5utavast v\u00f5imsusest.<\/p>\n<p>Peaaegu 20 aastat tagasi alustas LUMAG ettev\u00f5ttena LVG \u200b\u200bHartham GmbH.<br \/>\nEesm\u00e4rk oli pakkuda kvaliteetseid ja soodsa hinnaga ehitusmasinaid algajatele ja hobimeistritele.<br \/>\nPidev edasiarendus ja Saksa insenerid on teinud LUMAGist tuntud kaubam\u00e4rgi.<br \/>\nLUMAG teenindab n\u00fc\u00fcd ka professionaale ja ehitusettev\u00f5tteid, kes saavad kasu meie kvaliteetsetest masinatest ja seadmetest.<br \/>\nTervikteenust pakutakse t\u00e4nu t\u00fctarettev\u00f5tetele ja partneritele kogu Euroopas.<br \/>\n<img decoding=\"async\" src=\"https:\/\/www.ranoja.ee\/wp-content\/uploads\/2023\/07\/LUMAG_Germany_logo_black-300x105.png\" alt=\"\" width=\"300\" height=\"105\" class=\"alignnone size-medium wp-image-5899\" srcset=\"https:\/\/ranoja.ee\/wp-content\/uploads\/2023\/07\/LUMAG_Germany_logo_black-300x105.png 300w, https:\/\/ranoja.ee\/wp-content\/uploads\/2023\/07\/LUMAG_Germany_logo_black-768x270.png 768w, https:\/\/ranoja.ee\/wp-content\/uploads\/2023\/07\/LUMAG_Germany_logo_black-850x299.png 850w, https:\/\/ranoja.ee\/wp-content\/uploads\/2023\/07\/LUMAG_Germany_logo_black-800x281.png 800w, https:\/\/ranoja.ee\/wp-content\/uploads\/2023\/07\/LUMAG_Germany_logo_black.png 852w\" sizes=\"(max-width: 300px) 100vw, 300px\" \/><\/p>\n","protected":false},"excerpt":{"rendered":"<p>Lumag Generaator G3E<br \/>\nLoncin 4 taktiline bensiinimootor 4 kw 208cc 3600RPM.<br \/>\nAVR s\u00fcsteem<br \/>\nV\u00f5imsus nominaal 2,8 kw\/max 3kw, \u00fclekoormus kaitse.<br \/>\nV\u00f5imaldab kasutada: 2 x 230V, 12 V \/ 8,3A<br \/>\nKaal 49,6 kg<br \/>\nGarantii 1 aasta (eraisikule 2 aastat)<br \/>\n<strong><span style=\"color: #339966;\">ANTUD TOODE ON MEIE PAIDE ESINDUSES KOHAPEAL OLEMAS!<\/span><\/strong><\/p>\n","protected":false},"featured_media":3905,"template":"","meta":{"inline_featured_image":false},"product_cat":[1090,102],"product_tag":[423,424,422,420,421,134],"class_list":{"0":"post-3904","1":"product","2":"type-product","3":"status-publish","4":"has-post-thumbnail","6":"product_brand-lumag","7":"product_cat-ehitustehnika","8":"product_cat-generaatorid-ja-inverterid","9":"product_tag-423","10":"product_tag-8kw","11":"product_tag-avr","12":"product_tag-g3e","13":"product_tag-generaator","14":"product_tag-lumag","16":"first","17":"instock","18":"taxable","19":"shipping-taxable","20":"purchasable","21":"product-type-simple"},"yoast_head":"<!-- This site is optimized with the Yoast SEO plugin v27.4 - https:\/\/yoast.com\/product\/yoast-seo-wordpress\/ -->\n<title>Lumag Generaator G3E<\/title>\n<meta name=\"description\" content=\"Lumag Generaator G3E Loncin 4 taktiline bensiinimootor 4 kw 208cc 3600RPM.AVR s\u00fcsteem lumag-generaator-g3e V\u00f5imaldab kasutada: 2 x 230V, 12 V \/ 8,3A\" \/>\n<meta name=\"robots\" content=\"index, follow, max-snippet:-1, max-image-preview:large, max-video-preview:-1\" \/>\n<link rel=\"canonical\" href=\"https:\/\/ranoja.ee\/toode\/lumag-generaator-g3e\/\" \/>\n<meta property=\"og:locale\" content=\"en_US\" \/>\n<meta property=\"og:type\" content=\"article\" \/>\n<meta property=\"og:title\" content=\"Lumag Generaator G3E\" \/>\n<meta property=\"og:description\" content=\"Lumag Generaator G3E Loncin 4 taktiline bensiinimootor 4 kw 208cc 3600RPM.AVR s\u00fcsteem lumag-generaator-g3e V\u00f5imaldab kasutada: 2 x 230V, 12 V \/ 8,3A\" \/>\n<meta property=\"og:url\" content=\"https:\/\/ranoja.ee\/toode\/lumag-generaator-g3e\/\" \/>\n<meta property=\"og:site_name\" content=\"Ranoja\" \/>\n<meta property=\"article:publisher\" content=\"https:\/\/www.facebook.com\/ranoja.ee\" \/>\n<meta property=\"article:modified_time\" content=\"2026-04-14T08:59:28+00:00\" \/>\n<meta property=\"og:image\" content=\"https:\/\/ranoja.ee\/wp-content\/uploads\/2023\/07\/Lumag-Generaator-G3E-2.jpg\" \/>\n\t<meta property=\"og:image:width\" content=\"1600\" \/>\n\t<meta property=\"og:image:height\" content=\"1067\" \/>\n\t<meta property=\"og:image:type\" content=\"image\/jpeg\" \/>\n<meta name=\"twitter:card\" content=\"summary_large_image\" \/>\n<meta name=\"twitter:label1\" content=\"Est. reading time\" \/>\n\t<meta name=\"twitter:data1\" content=\"2 minutes\" \/>\n<script type=\"application\/ld+json\" class=\"yoast-schema-graph\">{\"@context\":\"https:\\\/\\\/schema.org\",\"@graph\":[{\"@type\":\"WebPage\",\"@id\":\"https:\\\/\\\/ranoja.ee\\\/toode\\\/lumag-generaator-g3e\\\/\",\"url\":\"https:\\\/\\\/ranoja.ee\\\/toode\\\/lumag-generaator-g3e\\\/\",\"name\":\"Lumag Generaator G3E\",\"isPartOf\":{\"@id\":\"https:\\\/\\\/ranoja.ee\\\/#website\"},\"primaryImageOfPage\":{\"@id\":\"https:\\\/\\\/ranoja.ee\\\/toode\\\/lumag-generaator-g3e\\\/#primaryimage\"},\"image\":{\"@id\":\"https:\\\/\\\/ranoja.ee\\\/toode\\\/lumag-generaator-g3e\\\/#primaryimage\"},\"thumbnailUrl\":\"https:\\\/\\\/ranoja.ee\\\/wp-content\\\/uploads\\\/2023\\\/07\\\/Lumag-Generaator-G3E-2.jpg\",\"datePublished\":\"2023-07-20T06:54:40+00:00\",\"dateModified\":\"2026-04-14T08:59:28+00:00\",\"description\":\"Lumag Generaator G3E Loncin 4 taktiline bensiinimootor 4 kw 208cc 3600RPM.AVR s\u00fcsteem lumag-generaator-g3e V\u00f5imaldab kasutada: 2 x 230V, 12 V \\\/ 8,3A\",\"breadcrumb\":{\"@id\":\"https:\\\/\\\/ranoja.ee\\\/toode\\\/lumag-generaator-g3e\\\/#breadcrumb\"},\"inLanguage\":\"en-US\",\"potentialAction\":[{\"@type\":\"ReadAction\",\"target\":[\"https:\\\/\\\/ranoja.ee\\\/toode\\\/lumag-generaator-g3e\\\/\"]}]},{\"@type\":\"ImageObject\",\"inLanguage\":\"en-US\",\"@id\":\"https:\\\/\\\/ranoja.ee\\\/toode\\\/lumag-generaator-g3e\\\/#primaryimage\",\"url\":\"https:\\\/\\\/ranoja.ee\\\/wp-content\\\/uploads\\\/2023\\\/07\\\/Lumag-Generaator-G3E-2.jpg\",\"contentUrl\":\"https:\\\/\\\/ranoja.ee\\\/wp-content\\\/uploads\\\/2023\\\/07\\\/Lumag-Generaator-G3E-2.jpg\",\"width\":1600,\"height\":1067,\"caption\":\"Lumag Generaator G3E\"},{\"@type\":\"BreadcrumbList\",\"@id\":\"https:\\\/\\\/ranoja.ee\\\/toode\\\/lumag-generaator-g3e\\\/#breadcrumb\",\"itemListElement\":[{\"@type\":\"ListItem\",\"position\":1,\"name\":\"Home\",\"item\":\"https:\\\/\\\/ranoja.ee\\\/\"},{\"@type\":\"ListItem\",\"position\":2,\"name\":\"Shop\",\"item\":\"https:\\\/\\\/ranoja.ee\\\/en\\\/shop\\\/\"},{\"@type\":\"ListItem\",\"position\":3,\"name\":\"Lumag Generaator G3E\"}]},{\"@type\":\"WebSite\",\"@id\":\"https:\\\/\\\/ranoja.ee\\\/#website\",\"url\":\"https:\\\/\\\/ranoja.ee\\\/\",\"name\":\"Ranoja\",\"description\":\"Equipment Shop WooCommerce WordPress Theme for Machine &amp; Tools\",\"publisher\":{\"@id\":\"https:\\\/\\\/ranoja.ee\\\/#organization\"},\"potentialAction\":[{\"@type\":\"SearchAction\",\"target\":{\"@type\":\"EntryPoint\",\"urlTemplate\":\"https:\\\/\\\/ranoja.ee\\\/?s={search_term_string}\"},\"query-input\":{\"@type\":\"PropertyValueSpecification\",\"valueRequired\":true,\"valueName\":\"search_term_string\"}}],\"inLanguage\":\"en-US\"},{\"@type\":\"Organization\",\"@id\":\"https:\\\/\\\/ranoja.ee\\\/#organization\",\"name\":\"Ranoja O\u00dc\",\"url\":\"https:\\\/\\\/ranoja.ee\\\/\",\"logo\":{\"@type\":\"ImageObject\",\"inLanguage\":\"en-US\",\"@id\":\"https:\\\/\\\/ranoja.ee\\\/#\\\/schema\\\/logo\\\/image\\\/\",\"url\":\"https:\\\/\\\/ranoja.ee\\\/wp-content\\\/uploads\\\/2023\\\/11\\\/ranoja-Logo.png\",\"contentUrl\":\"https:\\\/\\\/ranoja.ee\\\/wp-content\\\/uploads\\\/2023\\\/11\\\/ranoja-Logo.png\",\"width\":207,\"height\":58,\"caption\":\"Ranoja O\u00dc\"},\"image\":{\"@id\":\"https:\\\/\\\/ranoja.ee\\\/#\\\/schema\\\/logo\\\/image\\\/\"},\"sameAs\":[\"https:\\\/\\\/www.facebook.com\\\/ranoja.ee\",\"https:\\\/\\\/www.instagram.com\\\/ranoja__\\\/\"]}]}<\/script>\n<!-- \/ Yoast SEO plugin. -->","yoast_head_json":{"title":"Lumag Generaator G3E","description":"Lumag Generaator G3E Loncin 4 taktiline bensiinimootor 4 kw 208cc 3600RPM.AVR s\u00fcsteem lumag-generaator-g3e V\u00f5imaldab kasutada: 2 x 230V, 12 V \/ 8,3A","robots":{"index":"index","follow":"follow","max-snippet":"max-snippet:-1","max-image-preview":"max-image-preview:large","max-video-preview":"max-video-preview:-1"},"canonical":"https:\/\/ranoja.ee\/toode\/lumag-generaator-g3e\/","og_locale":"en_US","og_type":"article","og_title":"Lumag Generaator G3E","og_description":"Lumag Generaator G3E Loncin 4 taktiline bensiinimootor 4 kw 208cc 3600RPM.AVR s\u00fcsteem lumag-generaator-g3e V\u00f5imaldab kasutada: 2 x 230V, 12 V \/ 8,3A","og_url":"https:\/\/ranoja.ee\/toode\/lumag-generaator-g3e\/","og_site_name":"Ranoja","article_publisher":"https:\/\/www.facebook.com\/ranoja.ee","article_modified_time":"2026-04-14T08:59:28+00:00","og_image":[{"width":1600,"height":1067,"url":"https:\/\/ranoja.ee\/wp-content\/uploads\/2023\/07\/Lumag-Generaator-G3E-2.jpg","type":"image\/jpeg"}],"twitter_card":"summary_large_image","twitter_misc":{"Est. reading time":"2 minutes"},"schema":{"@context":"https:\/\/schema.org","@graph":[{"@type":"WebPage","@id":"https:\/\/ranoja.ee\/toode\/lumag-generaator-g3e\/","url":"https:\/\/ranoja.ee\/toode\/lumag-generaator-g3e\/","name":"Lumag Generaator G3E","isPartOf":{"@id":"https:\/\/ranoja.ee\/#website"},"primaryImageOfPage":{"@id":"https:\/\/ranoja.ee\/toode\/lumag-generaator-g3e\/#primaryimage"},"image":{"@id":"https:\/\/ranoja.ee\/toode\/lumag-generaator-g3e\/#primaryimage"},"thumbnailUrl":"https:\/\/ranoja.ee\/wp-content\/uploads\/2023\/07\/Lumag-Generaator-G3E-2.jpg","datePublished":"2023-07-20T06:54:40+00:00","dateModified":"2026-04-14T08:59:28+00:00","description":"Lumag Generaator G3E Loncin 4 taktiline bensiinimootor 4 kw 208cc 3600RPM.AVR s\u00fcsteem lumag-generaator-g3e V\u00f5imaldab kasutada: 2 x 230V, 12 V \/ 8,3A","breadcrumb":{"@id":"https:\/\/ranoja.ee\/toode\/lumag-generaator-g3e\/#breadcrumb"},"inLanguage":"en-US","potentialAction":[{"@type":"ReadAction","target":["https:\/\/ranoja.ee\/toode\/lumag-generaator-g3e\/"]}]},{"@type":"ImageObject","inLanguage":"en-US","@id":"https:\/\/ranoja.ee\/toode\/lumag-generaator-g3e\/#primaryimage","url":"https:\/\/ranoja.ee\/wp-content\/uploads\/2023\/07\/Lumag-Generaator-G3E-2.jpg","contentUrl":"https:\/\/ranoja.ee\/wp-content\/uploads\/2023\/07\/Lumag-Generaator-G3E-2.jpg","width":1600,"height":1067,"caption":"Lumag Generaator G3E"},{"@type":"BreadcrumbList","@id":"https:\/\/ranoja.ee\/toode\/lumag-generaator-g3e\/#breadcrumb","itemListElement":[{"@type":"ListItem","position":1,"name":"Home","item":"https:\/\/ranoja.ee\/"},{"@type":"ListItem","position":2,"name":"Shop","item":"https:\/\/ranoja.ee\/en\/shop\/"},{"@type":"ListItem","position":3,"name":"Lumag Generaator G3E"}]},{"@type":"WebSite","@id":"https:\/\/ranoja.ee\/#website","url":"https:\/\/ranoja.ee\/","name":"Ranoja","description":"Equipment Shop WooCommerce WordPress Theme for Machine &amp; Tools","publisher":{"@id":"https:\/\/ranoja.ee\/#organization"},"potentialAction":[{"@type":"SearchAction","target":{"@type":"EntryPoint","urlTemplate":"https:\/\/ranoja.ee\/?s={search_term_string}"},"query-input":{"@type":"PropertyValueSpecification","valueRequired":true,"valueName":"search_term_string"}}],"inLanguage":"en-US"},{"@type":"Organization","@id":"https:\/\/ranoja.ee\/#organization","name":"Ranoja O\u00dc","url":"https:\/\/ranoja.ee\/","logo":{"@type":"ImageObject","inLanguage":"en-US","@id":"https:\/\/ranoja.ee\/#\/schema\/logo\/image\/","url":"https:\/\/ranoja.ee\/wp-content\/uploads\/2023\/11\/ranoja-Logo.png","contentUrl":"https:\/\/ranoja.ee\/wp-content\/uploads\/2023\/11\/ranoja-Logo.png","width":207,"height":58,"caption":"Ranoja O\u00dc"},"image":{"@id":"https:\/\/ranoja.ee\/#\/schema\/logo\/image\/"},"sameAs":["https:\/\/www.facebook.com\/ranoja.ee","https:\/\/www.instagram.com\/ranoja__\/"]}]}},"_links":{"self":[{"href":"https:\/\/ranoja.ee\/en\/wp-json\/wp\/v2\/product\/3904","targetHints":{"allow":["GET"]}}],"collection":[{"href":"https:\/\/ranoja.ee\/en\/wp-json\/wp\/v2\/product"}],"about":[{"href":"https:\/\/ranoja.ee\/en\/wp-json\/wp\/v2\/types\/product"}],"wp:featuredmedia":[{"embeddable":true,"href":"https:\/\/ranoja.ee\/en\/wp-json\/wp\/v2\/media\/3905"}],"wp:attachment":[{"href":"https:\/\/ranoja.ee\/en\/wp-json\/wp\/v2\/media?parent=3904"}],"wp:term":[{"taxonomy":"product_cat","embeddable":true,"href":"https:\/\/ranoja.ee\/en\/wp-json\/wp\/v2\/product_cat?post=3904"},{"taxonomy":"product_tag","embeddable":true,"href":"https:\/\/ranoja.ee\/en\/wp-json\/wp\/v2\/product_tag?post=3904"}],"curies":[{"name":"wp","href":"https:\/\/api.w.org\/{rel}","templated":true}]}}