{"id":3499,"date":"2023-07-12T11:33:45","date_gmt":"2023-07-12T08:33:45","guid":{"rendered":"https:\/\/www.ranoja.ee\/?post_type=product&#038;p=3499"},"modified":"2025-12-10T13:16:00","modified_gmt":"2025-12-10T10:16:00","slug":"lumag-pinnasetihendaja-rp200hpc-32kn","status":"publish","type":"product","link":"https:\/\/ranoja.ee\/en\/toode\/lumag-pinnasetihendaja-rp200hpc-32kn\/","title":{"rendered":"Lumag Pinnasetihendaja RP200HPC (32kN)"},"content":{"rendered":"<p>Lumag Pinnasetihendaja RP200HPC (32kN)<br \/>\nLumag RP200HPC on vastupidav ja v\u00f5imas vibroplaat professionaalseks kasutamiseks keskmise suurusega ehitusplatsidel. Oma v\u00f5imsa 6,0 kW bensiinimootoriga t\u00f6\u00f6laius ca. 700&#215;360 mm ja kuni 50 cm tihenduss\u00fcgavus tagab suure tihendusv\u00f5ime. Eriti t\u00e4helepanuv\u00e4\u00e4rne on selle integreeritud eeltihendaja, mis v\u00f5imaldab k\u00f5rget tihendusefektiivsust. Vibratsiooniplaati on lihtne kasutada ja seda on ohutu kasutada, sellel on tugev teraskorpus ja kokkupandav k\u00e4epide, mis h\u00f5lbustab transportimist.<\/p>\n<p>Meie keskklassi p\u00f6\u00f6ratav plaattihendaja pakub elegantset disaini, tugevdatud p\u00f5hjat\u00f5mbeid ja Jaapani kuullaagrite ergutusseadmeid. See sobib ideaalselt suurte alade h\u00f5lpsaks, kiireks ja v\u00f5imsaks t\u00f6\u00f6tlemiseks, lubades samas pikka vastupidavust.<\/p>\n<p>Pinnasetihendajad on olulised seadmed, mida kasutatakse pinnase tihendamiseks ja stabiliseerimiseks erinevate ehitusprojektide jaoks. Tihendamine on kriitiline samm, kuna see tagab pinnase piisava tugevuse ja stabiilsuse, mis on vajalik aluse kindluse tagamiseks. Pinnasetihendajaid on mitut t\u00fc\u00fcpi ja neid kasutatakse erinevates t\u00f6\u00f6tingimustes.<\/p>\n<p>Pinnasetihendajate t\u00fc\u00fcbid<br \/>\n1. Vibratsiooniplaadid (plaattihendajad)<br \/>\nVibratsiooniplaadid on laialdaselt kasutatavad tihendajad, mis sobivad erinevateks t\u00f6\u00f6deks, alates aiandusest ja maastikukujundusest kuni v\u00e4iksemate teede ja k\u00f5nniteede ehituseni.<\/p>\n<p>Kasutusalad: V\u00e4iksemad ja keskmise suurusega projektid, asfaldiparandused, sillutuskivide paigaldamine.<br \/>\nEelised: Lihtne kasutada, kergesti transporditav, t\u00f5hus v\u00e4iksematel pindadel.<br \/>\n2. Juhitavad rullid<br \/>\nJuhitavad rullid on suuremad ja raskemad tihendajad, mis sobivad suuremate pindade ja teede tihendamiseks. Need v\u00f5ivad olla \u00fche- v\u00f5i kahe trumliga.<\/p>\n<p>Kasutusalad: Teedeehitus, parklad, lennuv\u00e4ljad, suuremad ehitusplatsid.<br \/>\nEelised: Suurem tihendusj\u00f5ud, efektiivne suurematel pindadel<br \/>\nLumag Pinnasetihendaja RP200HPC (32kN)<\/p>\n<p>Peaaegu 20 aastat tagasi alustas LUMAG ettev\u00f5ttena LVG \u200b\u200bHartham GmbH.<br \/>\nEesm\u00e4rk oli pakkuda kvaliteetseid ja soodsa hinnaga ehitusmasinaid algajatele ja hobimeistritele.<br \/>\nPidev edasiarendus ja Saksa insenerid on teinud LUMAGist tuntud kaubam\u00e4rgi.<br \/>\nLUMAG teenindab n\u00fc\u00fcd ka professionaale ja ehitusettev\u00f5tteid, kes saavad kasu meie kvaliteetsetest masinatest ja seadmetest.<br \/>\nTervikteenust pakutakse t\u00e4nu t\u00fctarettev\u00f5tetele ja partneritele kogu Euroopas.<br \/>\n<img decoding=\"async\" src=\"https:\/\/www.ranoja.ee\/wp-content\/uploads\/2023\/07\/LUMAG_Germany_logo_black-300x105.png\" alt=\"\" width=\"300\" height=\"105\" class=\"alignnone size-medium wp-image-5899\" srcset=\"https:\/\/ranoja.ee\/wp-content\/uploads\/2023\/07\/LUMAG_Germany_logo_black-300x105.png 300w, https:\/\/ranoja.ee\/wp-content\/uploads\/2023\/07\/LUMAG_Germany_logo_black-768x270.png 768w, https:\/\/ranoja.ee\/wp-content\/uploads\/2023\/07\/LUMAG_Germany_logo_black-850x299.png 850w, https:\/\/ranoja.ee\/wp-content\/uploads\/2023\/07\/LUMAG_Germany_logo_black-800x281.png 800w, https:\/\/ranoja.ee\/wp-content\/uploads\/2023\/07\/LUMAG_Germany_logo_black.png 852w\" sizes=\"(max-width: 300px) 100vw, 300px\" \/><\/p>\n","protected":false},"excerpt":{"rendered":"<p>Lumag Pinnasetihendaja RP200HPC (32kN)<br \/>\nKaal 200kg.<br \/>\nBensiinimootoriga 270cc<br \/>\nK\u00e4sistarter, edasi-tagasi liikumisega.<br \/>\nAlusplaat 700 x 480mm<br \/>\nTransportrattad kaasas.<br \/>\nTihendamiss\u00fcgavus kuni 50cm<br \/>\nKummimatt kaasas<br \/>\nGarantii 1 aasta (eraisikule 2 aastat)<br \/>\n<strong>Seadme eeldatav tarneaeg 2-3 n\u00e4dalat<\/strong><\/p>\n[embed]https:\/\/www.youtube.com\/watch?v=ISVgoB8Gv10[\/embed]\n","protected":false},"featured_media":3500,"template":"","meta":{"inline_featured_image":false},"product_cat":[1090,96],"product_tag":[134,161,331,135],"class_list":{"0":"post-3499","1":"product","2":"type-product","3":"status-publish","4":"has-post-thumbnail","6":"product_brand-lumag","7":"product_cat-ehitustehnika","8":"product_cat-pinnasetihendajad","9":"product_tag-lumag","10":"product_tag-pinnasetihendaja","11":"product_tag-rp200hpc","12":"product_tag-vibroplaat","14":"first","15":"instock","16":"taxable","17":"shipping-taxable","18":"purchasable","19":"product-type-simple"},"yoast_head":"<!-- This site is optimized with the Yoast SEO plugin v27.4 - https:\/\/yoast.com\/product\/yoast-seo-wordpress\/ -->\n<title>Lumag Pinnasetihendaja RP200HPC (32kN)<\/title>\n<meta name=\"description\" content=\"Lumag Pinnasetihendaja RP200HPC (32kN) Kaal 200kg. Bensiinimootoriga 270cc lumag-pinnasetihendaja-rp200hpc-32kn K\u00e4sistarter, edasi-tagasi liikumisega.\" \/>\n<meta name=\"robots\" content=\"index, follow, max-snippet:-1, max-image-preview:large, max-video-preview:-1\" \/>\n<link rel=\"canonical\" href=\"https:\/\/ranoja.ee\/toode\/lumag-pinnasetihendaja-rp200hpc-32kn\/\" \/>\n<meta property=\"og:locale\" content=\"en_US\" \/>\n<meta property=\"og:type\" content=\"article\" \/>\n<meta property=\"og:title\" content=\"Lumag Pinnasetihendaja RP200HPC (32kN)\" \/>\n<meta property=\"og:description\" content=\"Lumag Pinnasetihendaja RP200HPC (32kN) Kaal 200kg. Bensiinimootoriga 270cc lumag-pinnasetihendaja-rp200hpc-32kn K\u00e4sistarter, edasi-tagasi liikumisega.\" \/>\n<meta property=\"og:url\" content=\"https:\/\/ranoja.ee\/toode\/lumag-pinnasetihendaja-rp200hpc-32kn\/\" \/>\n<meta property=\"og:site_name\" content=\"Ranoja\" \/>\n<meta property=\"article:publisher\" content=\"https:\/\/www.facebook.com\/ranoja.ee\" \/>\n<meta property=\"article:modified_time\" content=\"2025-12-10T10:16:00+00:00\" \/>\n<meta property=\"og:image\" content=\"https:\/\/ranoja.ee\/wp-content\/uploads\/2023\/07\/Lumag-Pinnasetihendaja-RP200HPC-32kN-2.jpg\" \/>\n\t<meta property=\"og:image:width\" content=\"1600\" \/>\n\t<meta property=\"og:image:height\" content=\"1067\" \/>\n\t<meta property=\"og:image:type\" content=\"image\/jpeg\" \/>\n<meta name=\"twitter:card\" content=\"summary_large_image\" \/>\n<meta name=\"twitter:label1\" content=\"Est. reading time\" \/>\n\t<meta name=\"twitter:data1\" content=\"1 minute\" \/>\n<script type=\"application\/ld+json\" class=\"yoast-schema-graph\">{\"@context\":\"https:\\\/\\\/schema.org\",\"@graph\":[{\"@type\":\"WebPage\",\"@id\":\"https:\\\/\\\/ranoja.ee\\\/toode\\\/lumag-pinnasetihendaja-rp200hpc-32kn\\\/\",\"url\":\"https:\\\/\\\/ranoja.ee\\\/toode\\\/lumag-pinnasetihendaja-rp200hpc-32kn\\\/\",\"name\":\"Lumag Pinnasetihendaja RP200HPC (32kN)\",\"isPartOf\":{\"@id\":\"https:\\\/\\\/ranoja.ee\\\/#website\"},\"primaryImageOfPage\":{\"@id\":\"https:\\\/\\\/ranoja.ee\\\/toode\\\/lumag-pinnasetihendaja-rp200hpc-32kn\\\/#primaryimage\"},\"image\":{\"@id\":\"https:\\\/\\\/ranoja.ee\\\/toode\\\/lumag-pinnasetihendaja-rp200hpc-32kn\\\/#primaryimage\"},\"thumbnailUrl\":\"https:\\\/\\\/ranoja.ee\\\/wp-content\\\/uploads\\\/2023\\\/07\\\/Lumag-Pinnasetihendaja-RP200HPC-32kN-2.jpg\",\"datePublished\":\"2023-07-12T08:33:45+00:00\",\"dateModified\":\"2025-12-10T10:16:00+00:00\",\"description\":\"Lumag Pinnasetihendaja RP200HPC (32kN) Kaal 200kg. Bensiinimootoriga 270cc lumag-pinnasetihendaja-rp200hpc-32kn K\u00e4sistarter, edasi-tagasi liikumisega.\",\"breadcrumb\":{\"@id\":\"https:\\\/\\\/ranoja.ee\\\/toode\\\/lumag-pinnasetihendaja-rp200hpc-32kn\\\/#breadcrumb\"},\"inLanguage\":\"en-US\",\"potentialAction\":[{\"@type\":\"ReadAction\",\"target\":[\"https:\\\/\\\/ranoja.ee\\\/toode\\\/lumag-pinnasetihendaja-rp200hpc-32kn\\\/\"]}]},{\"@type\":\"ImageObject\",\"inLanguage\":\"en-US\",\"@id\":\"https:\\\/\\\/ranoja.ee\\\/toode\\\/lumag-pinnasetihendaja-rp200hpc-32kn\\\/#primaryimage\",\"url\":\"https:\\\/\\\/ranoja.ee\\\/wp-content\\\/uploads\\\/2023\\\/07\\\/Lumag-Pinnasetihendaja-RP200HPC-32kN-2.jpg\",\"contentUrl\":\"https:\\\/\\\/ranoja.ee\\\/wp-content\\\/uploads\\\/2023\\\/07\\\/Lumag-Pinnasetihendaja-RP200HPC-32kN-2.jpg\",\"width\":1600,\"height\":1067,\"caption\":\"Lumag Pinnasetihendaja RP200HPC (32kN)\"},{\"@type\":\"BreadcrumbList\",\"@id\":\"https:\\\/\\\/ranoja.ee\\\/toode\\\/lumag-pinnasetihendaja-rp200hpc-32kn\\\/#breadcrumb\",\"itemListElement\":[{\"@type\":\"ListItem\",\"position\":1,\"name\":\"Home\",\"item\":\"https:\\\/\\\/ranoja.ee\\\/\"},{\"@type\":\"ListItem\",\"position\":2,\"name\":\"Shop\",\"item\":\"https:\\\/\\\/ranoja.ee\\\/en\\\/shop\\\/\"},{\"@type\":\"ListItem\",\"position\":3,\"name\":\"Lumag Pinnasetihendaja RP200HPC (32kN)\"}]},{\"@type\":\"WebSite\",\"@id\":\"https:\\\/\\\/ranoja.ee\\\/#website\",\"url\":\"https:\\\/\\\/ranoja.ee\\\/\",\"name\":\"Ranoja\",\"description\":\"Equipment Shop WooCommerce WordPress Theme for Machine &amp; Tools\",\"publisher\":{\"@id\":\"https:\\\/\\\/ranoja.ee\\\/#organization\"},\"potentialAction\":[{\"@type\":\"SearchAction\",\"target\":{\"@type\":\"EntryPoint\",\"urlTemplate\":\"https:\\\/\\\/ranoja.ee\\\/?s={search_term_string}\"},\"query-input\":{\"@type\":\"PropertyValueSpecification\",\"valueRequired\":true,\"valueName\":\"search_term_string\"}}],\"inLanguage\":\"en-US\"},{\"@type\":\"Organization\",\"@id\":\"https:\\\/\\\/ranoja.ee\\\/#organization\",\"name\":\"Ranoja O\u00dc\",\"url\":\"https:\\\/\\\/ranoja.ee\\\/\",\"logo\":{\"@type\":\"ImageObject\",\"inLanguage\":\"en-US\",\"@id\":\"https:\\\/\\\/ranoja.ee\\\/#\\\/schema\\\/logo\\\/image\\\/\",\"url\":\"https:\\\/\\\/ranoja.ee\\\/wp-content\\\/uploads\\\/2023\\\/11\\\/ranoja-Logo.png\",\"contentUrl\":\"https:\\\/\\\/ranoja.ee\\\/wp-content\\\/uploads\\\/2023\\\/11\\\/ranoja-Logo.png\",\"width\":207,\"height\":58,\"caption\":\"Ranoja O\u00dc\"},\"image\":{\"@id\":\"https:\\\/\\\/ranoja.ee\\\/#\\\/schema\\\/logo\\\/image\\\/\"},\"sameAs\":[\"https:\\\/\\\/www.facebook.com\\\/ranoja.ee\",\"https:\\\/\\\/www.instagram.com\\\/ranoja__\\\/\"]}]}<\/script>\n<!-- \/ Yoast SEO plugin. -->","yoast_head_json":{"title":"Lumag Pinnasetihendaja RP200HPC (32kN)","description":"Lumag Pinnasetihendaja RP200HPC (32kN) Kaal 200kg. Bensiinimootoriga 270cc lumag-pinnasetihendaja-rp200hpc-32kn K\u00e4sistarter, edasi-tagasi liikumisega.","robots":{"index":"index","follow":"follow","max-snippet":"max-snippet:-1","max-image-preview":"max-image-preview:large","max-video-preview":"max-video-preview:-1"},"canonical":"https:\/\/ranoja.ee\/toode\/lumag-pinnasetihendaja-rp200hpc-32kn\/","og_locale":"en_US","og_type":"article","og_title":"Lumag Pinnasetihendaja RP200HPC (32kN)","og_description":"Lumag Pinnasetihendaja RP200HPC (32kN) Kaal 200kg. Bensiinimootoriga 270cc lumag-pinnasetihendaja-rp200hpc-32kn K\u00e4sistarter, edasi-tagasi liikumisega.","og_url":"https:\/\/ranoja.ee\/toode\/lumag-pinnasetihendaja-rp200hpc-32kn\/","og_site_name":"Ranoja","article_publisher":"https:\/\/www.facebook.com\/ranoja.ee","article_modified_time":"2025-12-10T10:16:00+00:00","og_image":[{"width":1600,"height":1067,"url":"https:\/\/ranoja.ee\/wp-content\/uploads\/2023\/07\/Lumag-Pinnasetihendaja-RP200HPC-32kN-2.jpg","type":"image\/jpeg"}],"twitter_card":"summary_large_image","twitter_misc":{"Est. reading time":"1 minute"},"schema":{"@context":"https:\/\/schema.org","@graph":[{"@type":"WebPage","@id":"https:\/\/ranoja.ee\/toode\/lumag-pinnasetihendaja-rp200hpc-32kn\/","url":"https:\/\/ranoja.ee\/toode\/lumag-pinnasetihendaja-rp200hpc-32kn\/","name":"Lumag Pinnasetihendaja RP200HPC (32kN)","isPartOf":{"@id":"https:\/\/ranoja.ee\/#website"},"primaryImageOfPage":{"@id":"https:\/\/ranoja.ee\/toode\/lumag-pinnasetihendaja-rp200hpc-32kn\/#primaryimage"},"image":{"@id":"https:\/\/ranoja.ee\/toode\/lumag-pinnasetihendaja-rp200hpc-32kn\/#primaryimage"},"thumbnailUrl":"https:\/\/ranoja.ee\/wp-content\/uploads\/2023\/07\/Lumag-Pinnasetihendaja-RP200HPC-32kN-2.jpg","datePublished":"2023-07-12T08:33:45+00:00","dateModified":"2025-12-10T10:16:00+00:00","description":"Lumag Pinnasetihendaja RP200HPC (32kN) Kaal 200kg. Bensiinimootoriga 270cc lumag-pinnasetihendaja-rp200hpc-32kn K\u00e4sistarter, edasi-tagasi liikumisega.","breadcrumb":{"@id":"https:\/\/ranoja.ee\/toode\/lumag-pinnasetihendaja-rp200hpc-32kn\/#breadcrumb"},"inLanguage":"en-US","potentialAction":[{"@type":"ReadAction","target":["https:\/\/ranoja.ee\/toode\/lumag-pinnasetihendaja-rp200hpc-32kn\/"]}]},{"@type":"ImageObject","inLanguage":"en-US","@id":"https:\/\/ranoja.ee\/toode\/lumag-pinnasetihendaja-rp200hpc-32kn\/#primaryimage","url":"https:\/\/ranoja.ee\/wp-content\/uploads\/2023\/07\/Lumag-Pinnasetihendaja-RP200HPC-32kN-2.jpg","contentUrl":"https:\/\/ranoja.ee\/wp-content\/uploads\/2023\/07\/Lumag-Pinnasetihendaja-RP200HPC-32kN-2.jpg","width":1600,"height":1067,"caption":"Lumag Pinnasetihendaja RP200HPC (32kN)"},{"@type":"BreadcrumbList","@id":"https:\/\/ranoja.ee\/toode\/lumag-pinnasetihendaja-rp200hpc-32kn\/#breadcrumb","itemListElement":[{"@type":"ListItem","position":1,"name":"Home","item":"https:\/\/ranoja.ee\/"},{"@type":"ListItem","position":2,"name":"Shop","item":"https:\/\/ranoja.ee\/en\/shop\/"},{"@type":"ListItem","position":3,"name":"Lumag Pinnasetihendaja RP200HPC (32kN)"}]},{"@type":"WebSite","@id":"https:\/\/ranoja.ee\/#website","url":"https:\/\/ranoja.ee\/","name":"Ranoja","description":"Equipment Shop WooCommerce WordPress Theme for Machine &amp; Tools","publisher":{"@id":"https:\/\/ranoja.ee\/#organization"},"potentialAction":[{"@type":"SearchAction","target":{"@type":"EntryPoint","urlTemplate":"https:\/\/ranoja.ee\/?s={search_term_string}"},"query-input":{"@type":"PropertyValueSpecification","valueRequired":true,"valueName":"search_term_string"}}],"inLanguage":"en-US"},{"@type":"Organization","@id":"https:\/\/ranoja.ee\/#organization","name":"Ranoja O\u00dc","url":"https:\/\/ranoja.ee\/","logo":{"@type":"ImageObject","inLanguage":"en-US","@id":"https:\/\/ranoja.ee\/#\/schema\/logo\/image\/","url":"https:\/\/ranoja.ee\/wp-content\/uploads\/2023\/11\/ranoja-Logo.png","contentUrl":"https:\/\/ranoja.ee\/wp-content\/uploads\/2023\/11\/ranoja-Logo.png","width":207,"height":58,"caption":"Ranoja O\u00dc"},"image":{"@id":"https:\/\/ranoja.ee\/#\/schema\/logo\/image\/"},"sameAs":["https:\/\/www.facebook.com\/ranoja.ee","https:\/\/www.instagram.com\/ranoja__\/"]}]}},"_links":{"self":[{"href":"https:\/\/ranoja.ee\/en\/wp-json\/wp\/v2\/product\/3499","targetHints":{"allow":["GET"]}}],"collection":[{"href":"https:\/\/ranoja.ee\/en\/wp-json\/wp\/v2\/product"}],"about":[{"href":"https:\/\/ranoja.ee\/en\/wp-json\/wp\/v2\/types\/product"}],"wp:featuredmedia":[{"embeddable":true,"href":"https:\/\/ranoja.ee\/en\/wp-json\/wp\/v2\/media\/3500"}],"wp:attachment":[{"href":"https:\/\/ranoja.ee\/en\/wp-json\/wp\/v2\/media?parent=3499"}],"wp:term":[{"taxonomy":"product_cat","embeddable":true,"href":"https:\/\/ranoja.ee\/en\/wp-json\/wp\/v2\/product_cat?post=3499"},{"taxonomy":"product_tag","embeddable":true,"href":"https:\/\/ranoja.ee\/en\/wp-json\/wp\/v2\/product_tag?post=3499"}],"curies":[{"name":"wp","href":"https:\/\/api.w.org\/{rel}","templated":true}]}}