{"id":3488,"date":"2023-07-12T11:29:03","date_gmt":"2023-07-12T08:29:03","guid":{"rendered":"https:\/\/www.ranoja.ee\/?post_type=product&#038;p=3488"},"modified":"2025-12-10T13:16:00","modified_gmt":"2025-12-10T10:16:00","slug":"lumag-pinnasetihendaja-rp160hpc-30kn","status":"publish","type":"product","link":"https:\/\/ranoja.ee\/en\/toode\/lumag-pinnasetihendaja-rp160hpc-30kn\/","title":{"rendered":"Lumag pinnasetihendaja RP160HPC (30kN)"},"content":{"rendered":"<p>Lumag pinnasetihendaja RP160HPC (30kN)<br \/>\nRP160HPC on edasi- ja tagasiliikumisega Lumagi vibroplaatide keskklassi mudel. Oma \u00f5hukese disainiga sobib see ideaalselt t\u00f6\u00f6tamiseks kitsastes kohtades nagu kraavi- ja kanalisatsiooniehitus, samuti k\u00f5nniteede ja terrasside tegemiseks ning v\u00f5imaldab suurte alade kiiret ja v\u00f5imsat t\u00f6\u00f6tlemist. See sobib ideaalselt pinnase, kruusa v\u00f5i asfaldi tihendamiseks, olles samas man\u00f6\u00f6verdatav ja h\u00f5lpsasti kasutatav ning t\u00e4nu reguleeritavale kaitsele ka t\u00e4iesti ohutu.<\/p>\n<p>Meie spetsiaalne Saksamaal v\u00e4lja t\u00f6\u00f6tatud disain koos p\u00fcsivalt paigaldatud \u0161assii ja t\u00e4ielikult \u00fcmbert\u00f6\u00f6deldud jaapani kuullaagritega ergutiga tagab pika kasutusea ning kiire ja lihtsa suunamuutuse ka k\u00f5ige kitsamates kohtades.<\/p>\n<p>Pinnasetihendajate t\u00fc\u00fcbid<br \/>\n1. Vibratsiooniplaadid (plaattihendajad)<br \/>\nVibratsiooniplaadid on laialdaselt kasutatavad tihendajad, mis sobivad erinevateks t\u00f6\u00f6deks, alates aiandusest ja maastikukujundusest kuni v\u00e4iksemate teede ja k\u00f5nniteede ehituseni.<\/p>\n<p>Kasutusalad: V\u00e4iksemad ja keskmise suurusega projektid, asfaldiparandused, sillutuskivide paigaldamine.<br \/>\nEelised: Lihtne kasutada, kergesti transporditav, t\u00f5hus v\u00e4iksematel pindadel.<br \/>\n2. Juhitavad rullid<br \/>\nJuhitavad rullid on suuremad ja raskemad tihendajad, mis sobivad suuremate pindade ja teede tihendamiseks. Need v\u00f5ivad olla \u00fche- v\u00f5i kahe trumliga.<\/p>\n<p>Kasutusalad: Teedeehitus, parklad, lennuv\u00e4ljad, suuremad ehitusplatsid.<br \/>\nEelised: Suurem tihendusj\u00f5ud, efektiivne suurematel pindadel.<br \/>\n3. Jalgadega tampimismasinad<br \/>\nNeed tihendajad, tuntud ka kui h\u00fcppavad jalgpukid, on m\u00f5eldud v\u00e4ikeste ja kitsaste alade tihendamiseks. Nad kasutavad vertikaalset liikumist ja on tavaliselt v\u00e4ga man\u00f6\u00f6verdatavad.<br \/>\nLumag pinnasetihendaja RP160HPC (30kN)<\/p>\n<p>Kasutusalad: Kitsad kaevikud, kraavid, v\u00e4ikesed alad, kus suuremad masinad ei mahu.<br \/>\nEelised: V\u00e4ga man\u00f6\u00f6verdatavad, t\u00f5husad kitsastes kohtades.<\/p>\n<p>Peaaegu 20 aastat tagasi alustas LUMAG ettev\u00f5ttena LVG \u200b\u200bHartham GmbH.<br \/>\nEesm\u00e4rk oli pakkuda kvaliteetseid ja soodsa hinnaga ehitusmasinaid algajatele ja hobimeistritele.<br \/>\nPidev edasiarendus ja Saksa insenerid on teinud LUMAGist tuntud kaubam\u00e4rgi.<br \/>\nLUMAG teenindab n\u00fc\u00fcd ka professionaale ja ehitusettev\u00f5tteid, kes saavad kasu meie kvaliteetsetest masinatest ja seadmetest.<br \/>\nTervikteenust pakutakse t\u00e4nu t\u00fctarettev\u00f5tetele ja partneritele kogu Euroopas.<br \/>\n<img decoding=\"async\" src=\"https:\/\/www.ranoja.ee\/wp-content\/uploads\/2023\/07\/LUMAG_Germany_logo_black-300x105.png\" alt=\"\" width=\"300\" height=\"105\" class=\"alignnone size-medium wp-image-5899\" srcset=\"https:\/\/ranoja.ee\/wp-content\/uploads\/2023\/07\/LUMAG_Germany_logo_black-300x105.png 300w, https:\/\/ranoja.ee\/wp-content\/uploads\/2023\/07\/LUMAG_Germany_logo_black-768x270.png 768w, https:\/\/ranoja.ee\/wp-content\/uploads\/2023\/07\/LUMAG_Germany_logo_black-850x299.png 850w, https:\/\/ranoja.ee\/wp-content\/uploads\/2023\/07\/LUMAG_Germany_logo_black-800x281.png 800w, https:\/\/ranoja.ee\/wp-content\/uploads\/2023\/07\/LUMAG_Germany_logo_black.png 852w\" sizes=\"(max-width: 300px) 100vw, 300px\" \/><\/p>\n","protected":false},"excerpt":{"rendered":"<p>Lumag pinnasetihendaja RP160HPC (30kN)<br \/>\nLoncin 4 taktiline bensiinimootor, 6.0 kW, 270cc<br \/>\nKaal 160kg.<br \/>\nAlusplaat 700 x 360mm<br \/>\nAlusplaat koos laiendustega 700 x 480mm<br \/>\nKummimatt kaasas<br \/>\nTransportrattad kaasas.<br \/>\nTihendamiss\u00fcgavus kuni 40cm<br \/>\nGarantii 1 aasta (eraisikule 2 aastat)<br \/>\n<strong>Seadme eeldatav tarneaeg 2-3 n\u00e4dalat<\/strong><\/p>\n[embed]https:\/\/www.youtube.com\/watch?v=78ckrrGTovI[\/embed]\n","protected":false},"featured_media":9703,"template":"","meta":{"inline_featured_image":false},"product_cat":[1090,96],"product_tag":[134,161,329,330,135],"class_list":{"0":"post-3488","1":"product","2":"type-product","3":"status-publish","4":"has-post-thumbnail","6":"product_brand-lumag","7":"product_cat-ehitustehnika","8":"product_cat-pinnasetihendajad","9":"product_tag-lumag","10":"product_tag-pinnasetihendaja","11":"product_tag-rp-160-hpc","12":"product_tag-rp160hpc","13":"product_tag-vibroplaat","15":"first","16":"instock","17":"taxable","18":"shipping-taxable","19":"purchasable","20":"product-type-simple"},"yoast_head":"<!-- This site is optimized with the Yoast SEO plugin v27.4 - https:\/\/yoast.com\/product\/yoast-seo-wordpress\/ -->\n<title>Lumag pinnasetihendaja RP160HPC (30kN)<\/title>\n<meta name=\"description\" content=\"Lumag pinnasetihendaja RP160HPC (30kN) Alusplaat koos laiendustega 700 x 480mmKummimatt kaasasTransportrattad kaasas 160kg m\u00f5lemasuunaline\" \/>\n<meta name=\"robots\" content=\"index, follow, max-snippet:-1, max-image-preview:large, max-video-preview:-1\" \/>\n<link rel=\"canonical\" href=\"https:\/\/ranoja.ee\/toode\/lumag-pinnasetihendaja-rp160hpc-30kn\/\" \/>\n<meta property=\"og:locale\" content=\"en_US\" \/>\n<meta property=\"og:type\" content=\"article\" \/>\n<meta property=\"og:title\" content=\"Lumag pinnasetihendaja RP160HPC (30kN)\" \/>\n<meta property=\"og:description\" content=\"Lumag pinnasetihendaja RP160HPC (30kN) Alusplaat koos laiendustega 700 x 480mmKummimatt kaasasTransportrattad kaasas 160kg m\u00f5lemasuunaline\" \/>\n<meta property=\"og:url\" content=\"https:\/\/ranoja.ee\/toode\/lumag-pinnasetihendaja-rp160hpc-30kn\/\" \/>\n<meta property=\"og:site_name\" content=\"Ranoja\" \/>\n<meta property=\"article:publisher\" content=\"https:\/\/www.facebook.com\/ranoja.ee\" \/>\n<meta property=\"article:modified_time\" content=\"2025-12-10T10:16:00+00:00\" \/>\n<meta property=\"og:image\" content=\"https:\/\/ranoja.ee\/wp-content\/uploads\/2023\/07\/Lumag-pinnasetihendaja-RP160HPC-30kN.jpg\" \/>\n\t<meta property=\"og:image:width\" content=\"1000\" \/>\n\t<meta property=\"og:image:height\" content=\"1000\" \/>\n\t<meta property=\"og:image:type\" content=\"image\/jpeg\" \/>\n<meta name=\"twitter:card\" content=\"summary_large_image\" \/>\n<meta name=\"twitter:label1\" content=\"Est. reading time\" \/>\n\t<meta name=\"twitter:data1\" content=\"3 minutes\" \/>\n<script type=\"application\/ld+json\" class=\"yoast-schema-graph\">{\"@context\":\"https:\\\/\\\/schema.org\",\"@graph\":[{\"@type\":\"WebPage\",\"@id\":\"https:\\\/\\\/ranoja.ee\\\/toode\\\/lumag-pinnasetihendaja-rp160hpc-30kn\\\/\",\"url\":\"https:\\\/\\\/ranoja.ee\\\/toode\\\/lumag-pinnasetihendaja-rp160hpc-30kn\\\/\",\"name\":\"Lumag pinnasetihendaja RP160HPC (30kN)\",\"isPartOf\":{\"@id\":\"https:\\\/\\\/ranoja.ee\\\/#website\"},\"primaryImageOfPage\":{\"@id\":\"https:\\\/\\\/ranoja.ee\\\/toode\\\/lumag-pinnasetihendaja-rp160hpc-30kn\\\/#primaryimage\"},\"image\":{\"@id\":\"https:\\\/\\\/ranoja.ee\\\/toode\\\/lumag-pinnasetihendaja-rp160hpc-30kn\\\/#primaryimage\"},\"thumbnailUrl\":\"https:\\\/\\\/ranoja.ee\\\/wp-content\\\/uploads\\\/2023\\\/07\\\/Lumag-pinnasetihendaja-RP160HPC-30kN.jpg\",\"datePublished\":\"2023-07-12T08:29:03+00:00\",\"dateModified\":\"2025-12-10T10:16:00+00:00\",\"description\":\"Lumag pinnasetihendaja RP160HPC (30kN) Alusplaat koos laiendustega 700 x 480mmKummimatt kaasasTransportrattad kaasas 160kg m\u00f5lemasuunaline\",\"breadcrumb\":{\"@id\":\"https:\\\/\\\/ranoja.ee\\\/toode\\\/lumag-pinnasetihendaja-rp160hpc-30kn\\\/#breadcrumb\"},\"inLanguage\":\"en-US\",\"potentialAction\":[{\"@type\":\"ReadAction\",\"target\":[\"https:\\\/\\\/ranoja.ee\\\/toode\\\/lumag-pinnasetihendaja-rp160hpc-30kn\\\/\"]}]},{\"@type\":\"ImageObject\",\"inLanguage\":\"en-US\",\"@id\":\"https:\\\/\\\/ranoja.ee\\\/toode\\\/lumag-pinnasetihendaja-rp160hpc-30kn\\\/#primaryimage\",\"url\":\"https:\\\/\\\/ranoja.ee\\\/wp-content\\\/uploads\\\/2023\\\/07\\\/Lumag-pinnasetihendaja-RP160HPC-30kN.jpg\",\"contentUrl\":\"https:\\\/\\\/ranoja.ee\\\/wp-content\\\/uploads\\\/2023\\\/07\\\/Lumag-pinnasetihendaja-RP160HPC-30kN.jpg\",\"width\":1000,\"height\":1000,\"caption\":\"Lumag pinnasetihendaja RP160HPC (30kN)\"},{\"@type\":\"BreadcrumbList\",\"@id\":\"https:\\\/\\\/ranoja.ee\\\/toode\\\/lumag-pinnasetihendaja-rp160hpc-30kn\\\/#breadcrumb\",\"itemListElement\":[{\"@type\":\"ListItem\",\"position\":1,\"name\":\"Home\",\"item\":\"https:\\\/\\\/ranoja.ee\\\/\"},{\"@type\":\"ListItem\",\"position\":2,\"name\":\"Shop\",\"item\":\"https:\\\/\\\/ranoja.ee\\\/en\\\/shop\\\/\"},{\"@type\":\"ListItem\",\"position\":3,\"name\":\"Lumag pinnasetihendaja RP160HPC (30kN)\"}]},{\"@type\":\"WebSite\",\"@id\":\"https:\\\/\\\/ranoja.ee\\\/#website\",\"url\":\"https:\\\/\\\/ranoja.ee\\\/\",\"name\":\"Ranoja\",\"description\":\"Equipment Shop WooCommerce WordPress Theme for Machine &amp; Tools\",\"publisher\":{\"@id\":\"https:\\\/\\\/ranoja.ee\\\/#organization\"},\"potentialAction\":[{\"@type\":\"SearchAction\",\"target\":{\"@type\":\"EntryPoint\",\"urlTemplate\":\"https:\\\/\\\/ranoja.ee\\\/?s={search_term_string}\"},\"query-input\":{\"@type\":\"PropertyValueSpecification\",\"valueRequired\":true,\"valueName\":\"search_term_string\"}}],\"inLanguage\":\"en-US\"},{\"@type\":\"Organization\",\"@id\":\"https:\\\/\\\/ranoja.ee\\\/#organization\",\"name\":\"Ranoja O\u00dc\",\"url\":\"https:\\\/\\\/ranoja.ee\\\/\",\"logo\":{\"@type\":\"ImageObject\",\"inLanguage\":\"en-US\",\"@id\":\"https:\\\/\\\/ranoja.ee\\\/#\\\/schema\\\/logo\\\/image\\\/\",\"url\":\"https:\\\/\\\/ranoja.ee\\\/wp-content\\\/uploads\\\/2023\\\/11\\\/ranoja-Logo.png\",\"contentUrl\":\"https:\\\/\\\/ranoja.ee\\\/wp-content\\\/uploads\\\/2023\\\/11\\\/ranoja-Logo.png\",\"width\":207,\"height\":58,\"caption\":\"Ranoja O\u00dc\"},\"image\":{\"@id\":\"https:\\\/\\\/ranoja.ee\\\/#\\\/schema\\\/logo\\\/image\\\/\"},\"sameAs\":[\"https:\\\/\\\/www.facebook.com\\\/ranoja.ee\",\"https:\\\/\\\/www.instagram.com\\\/ranoja__\\\/\"]}]}<\/script>\n<!-- \/ Yoast SEO plugin. -->","yoast_head_json":{"title":"Lumag pinnasetihendaja RP160HPC (30kN)","description":"Lumag pinnasetihendaja RP160HPC (30kN) Alusplaat koos laiendustega 700 x 480mmKummimatt kaasasTransportrattad kaasas 160kg m\u00f5lemasuunaline","robots":{"index":"index","follow":"follow","max-snippet":"max-snippet:-1","max-image-preview":"max-image-preview:large","max-video-preview":"max-video-preview:-1"},"canonical":"https:\/\/ranoja.ee\/toode\/lumag-pinnasetihendaja-rp160hpc-30kn\/","og_locale":"en_US","og_type":"article","og_title":"Lumag pinnasetihendaja RP160HPC (30kN)","og_description":"Lumag pinnasetihendaja RP160HPC (30kN) Alusplaat koos laiendustega 700 x 480mmKummimatt kaasasTransportrattad kaasas 160kg m\u00f5lemasuunaline","og_url":"https:\/\/ranoja.ee\/toode\/lumag-pinnasetihendaja-rp160hpc-30kn\/","og_site_name":"Ranoja","article_publisher":"https:\/\/www.facebook.com\/ranoja.ee","article_modified_time":"2025-12-10T10:16:00+00:00","og_image":[{"width":1000,"height":1000,"url":"https:\/\/ranoja.ee\/wp-content\/uploads\/2023\/07\/Lumag-pinnasetihendaja-RP160HPC-30kN.jpg","type":"image\/jpeg"}],"twitter_card":"summary_large_image","twitter_misc":{"Est. reading time":"3 minutes"},"schema":{"@context":"https:\/\/schema.org","@graph":[{"@type":"WebPage","@id":"https:\/\/ranoja.ee\/toode\/lumag-pinnasetihendaja-rp160hpc-30kn\/","url":"https:\/\/ranoja.ee\/toode\/lumag-pinnasetihendaja-rp160hpc-30kn\/","name":"Lumag pinnasetihendaja RP160HPC (30kN)","isPartOf":{"@id":"https:\/\/ranoja.ee\/#website"},"primaryImageOfPage":{"@id":"https:\/\/ranoja.ee\/toode\/lumag-pinnasetihendaja-rp160hpc-30kn\/#primaryimage"},"image":{"@id":"https:\/\/ranoja.ee\/toode\/lumag-pinnasetihendaja-rp160hpc-30kn\/#primaryimage"},"thumbnailUrl":"https:\/\/ranoja.ee\/wp-content\/uploads\/2023\/07\/Lumag-pinnasetihendaja-RP160HPC-30kN.jpg","datePublished":"2023-07-12T08:29:03+00:00","dateModified":"2025-12-10T10:16:00+00:00","description":"Lumag pinnasetihendaja RP160HPC (30kN) Alusplaat koos laiendustega 700 x 480mmKummimatt kaasasTransportrattad kaasas 160kg m\u00f5lemasuunaline","breadcrumb":{"@id":"https:\/\/ranoja.ee\/toode\/lumag-pinnasetihendaja-rp160hpc-30kn\/#breadcrumb"},"inLanguage":"en-US","potentialAction":[{"@type":"ReadAction","target":["https:\/\/ranoja.ee\/toode\/lumag-pinnasetihendaja-rp160hpc-30kn\/"]}]},{"@type":"ImageObject","inLanguage":"en-US","@id":"https:\/\/ranoja.ee\/toode\/lumag-pinnasetihendaja-rp160hpc-30kn\/#primaryimage","url":"https:\/\/ranoja.ee\/wp-content\/uploads\/2023\/07\/Lumag-pinnasetihendaja-RP160HPC-30kN.jpg","contentUrl":"https:\/\/ranoja.ee\/wp-content\/uploads\/2023\/07\/Lumag-pinnasetihendaja-RP160HPC-30kN.jpg","width":1000,"height":1000,"caption":"Lumag pinnasetihendaja RP160HPC (30kN)"},{"@type":"BreadcrumbList","@id":"https:\/\/ranoja.ee\/toode\/lumag-pinnasetihendaja-rp160hpc-30kn\/#breadcrumb","itemListElement":[{"@type":"ListItem","position":1,"name":"Home","item":"https:\/\/ranoja.ee\/"},{"@type":"ListItem","position":2,"name":"Shop","item":"https:\/\/ranoja.ee\/en\/shop\/"},{"@type":"ListItem","position":3,"name":"Lumag pinnasetihendaja RP160HPC (30kN)"}]},{"@type":"WebSite","@id":"https:\/\/ranoja.ee\/#website","url":"https:\/\/ranoja.ee\/","name":"Ranoja","description":"Equipment Shop WooCommerce WordPress Theme for Machine &amp; Tools","publisher":{"@id":"https:\/\/ranoja.ee\/#organization"},"potentialAction":[{"@type":"SearchAction","target":{"@type":"EntryPoint","urlTemplate":"https:\/\/ranoja.ee\/?s={search_term_string}"},"query-input":{"@type":"PropertyValueSpecification","valueRequired":true,"valueName":"search_term_string"}}],"inLanguage":"en-US"},{"@type":"Organization","@id":"https:\/\/ranoja.ee\/#organization","name":"Ranoja O\u00dc","url":"https:\/\/ranoja.ee\/","logo":{"@type":"ImageObject","inLanguage":"en-US","@id":"https:\/\/ranoja.ee\/#\/schema\/logo\/image\/","url":"https:\/\/ranoja.ee\/wp-content\/uploads\/2023\/11\/ranoja-Logo.png","contentUrl":"https:\/\/ranoja.ee\/wp-content\/uploads\/2023\/11\/ranoja-Logo.png","width":207,"height":58,"caption":"Ranoja O\u00dc"},"image":{"@id":"https:\/\/ranoja.ee\/#\/schema\/logo\/image\/"},"sameAs":["https:\/\/www.facebook.com\/ranoja.ee","https:\/\/www.instagram.com\/ranoja__\/"]}]}},"_links":{"self":[{"href":"https:\/\/ranoja.ee\/en\/wp-json\/wp\/v2\/product\/3488","targetHints":{"allow":["GET"]}}],"collection":[{"href":"https:\/\/ranoja.ee\/en\/wp-json\/wp\/v2\/product"}],"about":[{"href":"https:\/\/ranoja.ee\/en\/wp-json\/wp\/v2\/types\/product"}],"wp:featuredmedia":[{"embeddable":true,"href":"https:\/\/ranoja.ee\/en\/wp-json\/wp\/v2\/media\/9703"}],"wp:attachment":[{"href":"https:\/\/ranoja.ee\/en\/wp-json\/wp\/v2\/media?parent=3488"}],"wp:term":[{"taxonomy":"product_cat","embeddable":true,"href":"https:\/\/ranoja.ee\/en\/wp-json\/wp\/v2\/product_cat?post=3488"},{"taxonomy":"product_tag","embeddable":true,"href":"https:\/\/ranoja.ee\/en\/wp-json\/wp\/v2\/product_tag?post=3488"}],"curies":[{"name":"wp","href":"https:\/\/api.w.org\/{rel}","templated":true}]}}