{"id":3461,"date":"2023-07-12T10:24:06","date_gmt":"2023-07-12T07:24:06","guid":{"rendered":"https:\/\/www.ranoja.ee\/?post_type=product&#038;p=3461"},"modified":"2025-12-10T13:16:00","modified_gmt":"2025-12-10T10:16:00","slug":"lumag-pinnasetihendaja-rpi-13n-13-5kn","status":"publish","type":"product","link":"https:\/\/ranoja.ee\/en\/toode\/lumag-pinnasetihendaja-rpi-13n-13-5kn\/","title":{"rendered":"Lumag Pinnasetihendaja Rpi 13N (13.5kN)"},"content":{"rendered":"<p>Lumag Pinnasetihendaja Rpi 13N (13.5kN)<br \/>\nLumag RP-i13N on kerge ja v\u00f5imas plaattihendaja, mis on m\u00f5eldud era- ja poolprofessionaalseks kasutamiseks. 114 kg kaaluva, 4,1 kW bensiinimootori, 50 cm t\u00f6\u00f6laiuse ja kuni 30 cm tihenduss\u00fcgavusega on see usaldusv\u00e4\u00e4rne valik v\u00e4iksematel ehitusplatsidel ja aiat\u00f6\u00f6del nagu s\u00f5idutee sillutamine v\u00f5i aluspinnase ettevalmistamine. . Eriti t\u00e4helepanuv\u00e4\u00e4rne on selle veepaak, mis muudab t\u00f6\u00f6tamise tolmustes oludes lihtsamaks ja v\u00f5imaldab t\u00f6\u00f6tada asfaldiga. \u00dcldiselt on Lumag RP-i13N mitmek\u00fclgne ja usaldusv\u00e4\u00e4rne valik pinnase, kruusa ja asfaldi t\u00f5husaks tihendamiseks.<\/p>\n<p>See seade on v\u00e4lja t\u00f6\u00f6tatud professionaalseks kasutamiseks ja seda saab h\u00f5lpsasti objektile transportida vaid \u00fcks inimene. Jaapani kuullaagrid tagavad pika kasutusea. Disain on loodud Saksamaal ja seda iseloomustab selle individuaalsus. Suur veepaak takistab tolmu teket ja v\u00f5imaldab kuuma asfalti tihendada.<\/p>\n<p>Pinnasetihendajad on olulised seadmed, mida kasutatakse pinnase tihendamiseks ja stabiliseerimiseks erinevate ehitusprojektide jaoks. Tihendamine on kriitiline samm, kuna see tagab pinnase piisava tugevuse ja stabiilsuse, mis on vajalik aluse kindluse tagamiseks. Pinnasetihendajaid on mitut t\u00fc\u00fcpi ja neid kasutatakse erinevates t\u00f6\u00f6tingimustes.<\/p>\n<p>Pinnasetihendajate t\u00fc\u00fcbid<br \/>\n1. Vibratsiooniplaadid (plaattihendajad)<br \/>\nVibratsiooniplaadid on laialdaselt kasutatavad tihendajad, mis sobivad erinevateks t\u00f6\u00f6deks, alates aiandusest ja maastikukujundusest kuni v\u00e4iksemate teede ja k\u00f5nniteede ehituseni.<\/p>\n<p>Kasutusalad: V\u00e4iksemad ja keskmise suurusega projektid, asfaldiparandused, sillutuskivide paigaldamine.<br \/>\nEelised: Lihtne kasutada, kergesti transporditav, t\u00f5hus v\u00e4iksematel pindadel.<br \/>\n2. Juhitavad rullid<br \/>\nJuhitavad rullid on suuremad ja raskemad tihendajad, mis sobivad suuremate pindade ja teede tihendamiseks. Need v\u00f5ivad olla \u00fche- v\u00f5i kahe trumliga.<\/p>\n<p>Kasutusalad: Teedeehitus, parklad, lennuv\u00e4ljad, suuremad ehitusplatsid.<br \/>\nEelised: Suurem tihendusj\u00f5ud, efektiivne suurematel pindadel<br \/>\nLumag Pinnasetihendaja Rpi 13N (13.5kN)<\/p>\n<p>Peaaegu 20 aastat tagasi alustas LUMAG ettev\u00f5ttena LVG \u200b\u200bHartham GmbH.<br \/>\nEesm\u00e4rk oli pakkuda kvaliteetseid ja soodsa hinnaga ehitusmasinaid algajatele ja hobimeistritele.<br \/>\nPidev edasiarendus ja Saksa insenerid on teinud LUMAGist tuntud kaubam\u00e4rgi.<br \/>\nLUMAG teenindab n\u00fc\u00fcd ka professionaale ja ehitusettev\u00f5tteid, kes saavad kasu meie kvaliteetsetest masinatest ja seadmetest.<br \/>\nTervikteenust pakutakse t\u00e4nu t\u00fctarettev\u00f5tetele ja partneritele kogu Euroopas.<br \/>\n<img decoding=\"async\" src=\"https:\/\/www.ranoja.ee\/wp-content\/uploads\/2023\/07\/LUMAG_Germany_logo_black-300x105.png\" alt=\"\" width=\"300\" height=\"105\" class=\"alignnone size-medium wp-image-5899\" srcset=\"https:\/\/ranoja.ee\/wp-content\/uploads\/2023\/07\/LUMAG_Germany_logo_black-300x105.png 300w, https:\/\/ranoja.ee\/wp-content\/uploads\/2023\/07\/LUMAG_Germany_logo_black-768x270.png 768w, https:\/\/ranoja.ee\/wp-content\/uploads\/2023\/07\/LUMAG_Germany_logo_black-850x299.png 850w, https:\/\/ranoja.ee\/wp-content\/uploads\/2023\/07\/LUMAG_Germany_logo_black-800x281.png 800w, https:\/\/ranoja.ee\/wp-content\/uploads\/2023\/07\/LUMAG_Germany_logo_black.png 852w\" sizes=\"(max-width: 300px) 100vw, 300px\" \/><\/p>\n","protected":false},"excerpt":{"rendered":"<p>Lumag Pinnasetihendaja Rpi 13N 13,5kN)<br \/>\nLoncin 4 taktiline bensiinimootor, 4.8 kW, 196cc,<br \/>\nVeepaak , kummimatt<br \/>\nKaal 114kg.<br \/>\nAlusplaat 585 x 500 mm<br \/>\nTransportrattad k\u00fcljes<br \/>\nTihendamiss\u00fcgavus kuni 30cm<br \/>\nGarantii 1 aasta (eraisikule 2 aastat)<br \/>\n<strong><span style=\"color: #339966;\">ANTUD TOOTEGA SAAB TUTVUDA MEIE PAIDE ESINDUSES KOHAPEAL!<\/span><\/strong><\/p>\n","protected":false},"featured_media":3462,"template":"","meta":{"inline_featured_image":false},"product_cat":[1090,96],"product_tag":[134,161,326,835,135],"class_list":{"0":"post-3461","1":"product","2":"type-product","3":"status-publish","4":"has-post-thumbnail","6":"product_brand-lumag","7":"product_cat-ehitustehnika","8":"product_cat-pinnasetihendajad","9":"product_tag-lumag","10":"product_tag-pinnasetihendaja","11":"product_tag-rp-i13n","12":"product_tag-rpi-13n","13":"product_tag-vibroplaat","15":"first","16":"instock","17":"taxable","18":"shipping-taxable","19":"purchasable","20":"product-type-simple"},"yoast_head":"<!-- This site is optimized with the Yoast SEO plugin v27.4 - https:\/\/yoast.com\/product\/yoast-seo-wordpress\/ -->\n<title>Lumag Pinnasetihendaja Rpi 13N (13.5kN)<\/title>\n<meta name=\"description\" content=\"Lumag Pinnasetihendaja Rpi 13N (13.5kN) Loncin 4 taktiline bensiinimootor , Alusplaat 585 x 500 mmTransportrattad k\u00fcljes Tihendamiss\u00fcgavus kuni 30cm\" \/>\n<meta name=\"robots\" content=\"index, follow, max-snippet:-1, max-image-preview:large, max-video-preview:-1\" \/>\n<link rel=\"canonical\" href=\"https:\/\/ranoja.ee\/toode\/lumag-pinnasetihendaja-rpi-13n-13-5kn\/\" \/>\n<meta property=\"og:locale\" content=\"en_US\" \/>\n<meta property=\"og:type\" content=\"article\" \/>\n<meta property=\"og:title\" content=\"Lumag Pinnasetihendaja Rpi 13N (13.5kN)\" \/>\n<meta property=\"og:description\" content=\"Lumag Pinnasetihendaja Rpi 13N (13.5kN) Loncin 4 taktiline bensiinimootor , Alusplaat 585 x 500 mmTransportrattad k\u00fcljes Tihendamiss\u00fcgavus kuni 30cm\" \/>\n<meta property=\"og:url\" content=\"https:\/\/ranoja.ee\/toode\/lumag-pinnasetihendaja-rpi-13n-13-5kn\/\" \/>\n<meta property=\"og:site_name\" content=\"Ranoja\" \/>\n<meta property=\"article:publisher\" content=\"https:\/\/www.facebook.com\/ranoja.ee\" \/>\n<meta property=\"article:modified_time\" content=\"2025-12-10T10:16:00+00:00\" \/>\n<meta property=\"og:image\" content=\"https:\/\/ranoja.ee\/wp-content\/uploads\/2023\/07\/Lumag-Pinnasetihendaja-RP-i13N135kN-2.jpg\" \/>\n\t<meta property=\"og:image:width\" content=\"1600\" \/>\n\t<meta property=\"og:image:height\" content=\"1067\" \/>\n\t<meta property=\"og:image:type\" content=\"image\/jpeg\" \/>\n<meta name=\"twitter:card\" content=\"summary_large_image\" \/>\n<meta name=\"twitter:label1\" content=\"Est. reading time\" \/>\n\t<meta name=\"twitter:data1\" content=\"1 minute\" \/>\n<script type=\"application\/ld+json\" class=\"yoast-schema-graph\">{\"@context\":\"https:\\\/\\\/schema.org\",\"@graph\":[{\"@type\":\"WebPage\",\"@id\":\"https:\\\/\\\/ranoja.ee\\\/toode\\\/lumag-pinnasetihendaja-rpi-13n-13-5kn\\\/\",\"url\":\"https:\\\/\\\/ranoja.ee\\\/toode\\\/lumag-pinnasetihendaja-rpi-13n-13-5kn\\\/\",\"name\":\"Lumag Pinnasetihendaja Rpi 13N (13.5kN)\",\"isPartOf\":{\"@id\":\"https:\\\/\\\/ranoja.ee\\\/#website\"},\"primaryImageOfPage\":{\"@id\":\"https:\\\/\\\/ranoja.ee\\\/toode\\\/lumag-pinnasetihendaja-rpi-13n-13-5kn\\\/#primaryimage\"},\"image\":{\"@id\":\"https:\\\/\\\/ranoja.ee\\\/toode\\\/lumag-pinnasetihendaja-rpi-13n-13-5kn\\\/#primaryimage\"},\"thumbnailUrl\":\"https:\\\/\\\/ranoja.ee\\\/wp-content\\\/uploads\\\/2023\\\/07\\\/Lumag-Pinnasetihendaja-RP-i13N135kN-2.jpg\",\"datePublished\":\"2023-07-12T07:24:06+00:00\",\"dateModified\":\"2025-12-10T10:16:00+00:00\",\"description\":\"Lumag Pinnasetihendaja Rpi 13N (13.5kN) Loncin 4 taktiline bensiinimootor , Alusplaat 585 x 500 mmTransportrattad k\u00fcljes Tihendamiss\u00fcgavus kuni 30cm\",\"breadcrumb\":{\"@id\":\"https:\\\/\\\/ranoja.ee\\\/toode\\\/lumag-pinnasetihendaja-rpi-13n-13-5kn\\\/#breadcrumb\"},\"inLanguage\":\"en-US\",\"potentialAction\":[{\"@type\":\"ReadAction\",\"target\":[\"https:\\\/\\\/ranoja.ee\\\/toode\\\/lumag-pinnasetihendaja-rpi-13n-13-5kn\\\/\"]}]},{\"@type\":\"ImageObject\",\"inLanguage\":\"en-US\",\"@id\":\"https:\\\/\\\/ranoja.ee\\\/toode\\\/lumag-pinnasetihendaja-rpi-13n-13-5kn\\\/#primaryimage\",\"url\":\"https:\\\/\\\/ranoja.ee\\\/wp-content\\\/uploads\\\/2023\\\/07\\\/Lumag-Pinnasetihendaja-RP-i13N135kN-2.jpg\",\"contentUrl\":\"https:\\\/\\\/ranoja.ee\\\/wp-content\\\/uploads\\\/2023\\\/07\\\/Lumag-Pinnasetihendaja-RP-i13N135kN-2.jpg\",\"width\":1600,\"height\":1067,\"caption\":\"Alusplaat 585 x 500 mm Transportrattad k\u00fcljes Tihendamiss\u00fcgavus kuni 30cm\"},{\"@type\":\"BreadcrumbList\",\"@id\":\"https:\\\/\\\/ranoja.ee\\\/toode\\\/lumag-pinnasetihendaja-rpi-13n-13-5kn\\\/#breadcrumb\",\"itemListElement\":[{\"@type\":\"ListItem\",\"position\":1,\"name\":\"Home\",\"item\":\"https:\\\/\\\/ranoja.ee\\\/\"},{\"@type\":\"ListItem\",\"position\":2,\"name\":\"Shop\",\"item\":\"https:\\\/\\\/ranoja.ee\\\/en\\\/shop\\\/\"},{\"@type\":\"ListItem\",\"position\":3,\"name\":\"Lumag Pinnasetihendaja Rpi 13N (13.5kN)\"}]},{\"@type\":\"WebSite\",\"@id\":\"https:\\\/\\\/ranoja.ee\\\/#website\",\"url\":\"https:\\\/\\\/ranoja.ee\\\/\",\"name\":\"Ranoja\",\"description\":\"Equipment Shop WooCommerce WordPress Theme for Machine &amp; Tools\",\"publisher\":{\"@id\":\"https:\\\/\\\/ranoja.ee\\\/#organization\"},\"potentialAction\":[{\"@type\":\"SearchAction\",\"target\":{\"@type\":\"EntryPoint\",\"urlTemplate\":\"https:\\\/\\\/ranoja.ee\\\/?s={search_term_string}\"},\"query-input\":{\"@type\":\"PropertyValueSpecification\",\"valueRequired\":true,\"valueName\":\"search_term_string\"}}],\"inLanguage\":\"en-US\"},{\"@type\":\"Organization\",\"@id\":\"https:\\\/\\\/ranoja.ee\\\/#organization\",\"name\":\"Ranoja O\u00dc\",\"url\":\"https:\\\/\\\/ranoja.ee\\\/\",\"logo\":{\"@type\":\"ImageObject\",\"inLanguage\":\"en-US\",\"@id\":\"https:\\\/\\\/ranoja.ee\\\/#\\\/schema\\\/logo\\\/image\\\/\",\"url\":\"https:\\\/\\\/ranoja.ee\\\/wp-content\\\/uploads\\\/2023\\\/11\\\/ranoja-Logo.png\",\"contentUrl\":\"https:\\\/\\\/ranoja.ee\\\/wp-content\\\/uploads\\\/2023\\\/11\\\/ranoja-Logo.png\",\"width\":207,\"height\":58,\"caption\":\"Ranoja O\u00dc\"},\"image\":{\"@id\":\"https:\\\/\\\/ranoja.ee\\\/#\\\/schema\\\/logo\\\/image\\\/\"},\"sameAs\":[\"https:\\\/\\\/www.facebook.com\\\/ranoja.ee\",\"https:\\\/\\\/www.instagram.com\\\/ranoja__\\\/\"]}]}<\/script>\n<!-- \/ Yoast SEO plugin. -->","yoast_head_json":{"title":"Lumag Pinnasetihendaja Rpi 13N (13.5kN)","description":"Lumag Pinnasetihendaja Rpi 13N (13.5kN) Loncin 4 taktiline bensiinimootor , Alusplaat 585 x 500 mmTransportrattad k\u00fcljes Tihendamiss\u00fcgavus kuni 30cm","robots":{"index":"index","follow":"follow","max-snippet":"max-snippet:-1","max-image-preview":"max-image-preview:large","max-video-preview":"max-video-preview:-1"},"canonical":"https:\/\/ranoja.ee\/toode\/lumag-pinnasetihendaja-rpi-13n-13-5kn\/","og_locale":"en_US","og_type":"article","og_title":"Lumag Pinnasetihendaja Rpi 13N (13.5kN)","og_description":"Lumag Pinnasetihendaja Rpi 13N (13.5kN) Loncin 4 taktiline bensiinimootor , Alusplaat 585 x 500 mmTransportrattad k\u00fcljes Tihendamiss\u00fcgavus kuni 30cm","og_url":"https:\/\/ranoja.ee\/toode\/lumag-pinnasetihendaja-rpi-13n-13-5kn\/","og_site_name":"Ranoja","article_publisher":"https:\/\/www.facebook.com\/ranoja.ee","article_modified_time":"2025-12-10T10:16:00+00:00","og_image":[{"width":1600,"height":1067,"url":"https:\/\/ranoja.ee\/wp-content\/uploads\/2023\/07\/Lumag-Pinnasetihendaja-RP-i13N135kN-2.jpg","type":"image\/jpeg"}],"twitter_card":"summary_large_image","twitter_misc":{"Est. reading time":"1 minute"},"schema":{"@context":"https:\/\/schema.org","@graph":[{"@type":"WebPage","@id":"https:\/\/ranoja.ee\/toode\/lumag-pinnasetihendaja-rpi-13n-13-5kn\/","url":"https:\/\/ranoja.ee\/toode\/lumag-pinnasetihendaja-rpi-13n-13-5kn\/","name":"Lumag Pinnasetihendaja Rpi 13N (13.5kN)","isPartOf":{"@id":"https:\/\/ranoja.ee\/#website"},"primaryImageOfPage":{"@id":"https:\/\/ranoja.ee\/toode\/lumag-pinnasetihendaja-rpi-13n-13-5kn\/#primaryimage"},"image":{"@id":"https:\/\/ranoja.ee\/toode\/lumag-pinnasetihendaja-rpi-13n-13-5kn\/#primaryimage"},"thumbnailUrl":"https:\/\/ranoja.ee\/wp-content\/uploads\/2023\/07\/Lumag-Pinnasetihendaja-RP-i13N135kN-2.jpg","datePublished":"2023-07-12T07:24:06+00:00","dateModified":"2025-12-10T10:16:00+00:00","description":"Lumag Pinnasetihendaja Rpi 13N (13.5kN) Loncin 4 taktiline bensiinimootor , Alusplaat 585 x 500 mmTransportrattad k\u00fcljes Tihendamiss\u00fcgavus kuni 30cm","breadcrumb":{"@id":"https:\/\/ranoja.ee\/toode\/lumag-pinnasetihendaja-rpi-13n-13-5kn\/#breadcrumb"},"inLanguage":"en-US","potentialAction":[{"@type":"ReadAction","target":["https:\/\/ranoja.ee\/toode\/lumag-pinnasetihendaja-rpi-13n-13-5kn\/"]}]},{"@type":"ImageObject","inLanguage":"en-US","@id":"https:\/\/ranoja.ee\/toode\/lumag-pinnasetihendaja-rpi-13n-13-5kn\/#primaryimage","url":"https:\/\/ranoja.ee\/wp-content\/uploads\/2023\/07\/Lumag-Pinnasetihendaja-RP-i13N135kN-2.jpg","contentUrl":"https:\/\/ranoja.ee\/wp-content\/uploads\/2023\/07\/Lumag-Pinnasetihendaja-RP-i13N135kN-2.jpg","width":1600,"height":1067,"caption":"Alusplaat 585 x 500 mm Transportrattad k\u00fcljes Tihendamiss\u00fcgavus kuni 30cm"},{"@type":"BreadcrumbList","@id":"https:\/\/ranoja.ee\/toode\/lumag-pinnasetihendaja-rpi-13n-13-5kn\/#breadcrumb","itemListElement":[{"@type":"ListItem","position":1,"name":"Home","item":"https:\/\/ranoja.ee\/"},{"@type":"ListItem","position":2,"name":"Shop","item":"https:\/\/ranoja.ee\/en\/shop\/"},{"@type":"ListItem","position":3,"name":"Lumag Pinnasetihendaja Rpi 13N (13.5kN)"}]},{"@type":"WebSite","@id":"https:\/\/ranoja.ee\/#website","url":"https:\/\/ranoja.ee\/","name":"Ranoja","description":"Equipment Shop WooCommerce WordPress Theme for Machine &amp; Tools","publisher":{"@id":"https:\/\/ranoja.ee\/#organization"},"potentialAction":[{"@type":"SearchAction","target":{"@type":"EntryPoint","urlTemplate":"https:\/\/ranoja.ee\/?s={search_term_string}"},"query-input":{"@type":"PropertyValueSpecification","valueRequired":true,"valueName":"search_term_string"}}],"inLanguage":"en-US"},{"@type":"Organization","@id":"https:\/\/ranoja.ee\/#organization","name":"Ranoja O\u00dc","url":"https:\/\/ranoja.ee\/","logo":{"@type":"ImageObject","inLanguage":"en-US","@id":"https:\/\/ranoja.ee\/#\/schema\/logo\/image\/","url":"https:\/\/ranoja.ee\/wp-content\/uploads\/2023\/11\/ranoja-Logo.png","contentUrl":"https:\/\/ranoja.ee\/wp-content\/uploads\/2023\/11\/ranoja-Logo.png","width":207,"height":58,"caption":"Ranoja O\u00dc"},"image":{"@id":"https:\/\/ranoja.ee\/#\/schema\/logo\/image\/"},"sameAs":["https:\/\/www.facebook.com\/ranoja.ee","https:\/\/www.instagram.com\/ranoja__\/"]}]}},"_links":{"self":[{"href":"https:\/\/ranoja.ee\/en\/wp-json\/wp\/v2\/product\/3461","targetHints":{"allow":["GET"]}}],"collection":[{"href":"https:\/\/ranoja.ee\/en\/wp-json\/wp\/v2\/product"}],"about":[{"href":"https:\/\/ranoja.ee\/en\/wp-json\/wp\/v2\/types\/product"}],"wp:featuredmedia":[{"embeddable":true,"href":"https:\/\/ranoja.ee\/en\/wp-json\/wp\/v2\/media\/3462"}],"wp:attachment":[{"href":"https:\/\/ranoja.ee\/en\/wp-json\/wp\/v2\/media?parent=3461"}],"wp:term":[{"taxonomy":"product_cat","embeddable":true,"href":"https:\/\/ranoja.ee\/en\/wp-json\/wp\/v2\/product_cat?post=3461"},{"taxonomy":"product_tag","embeddable":true,"href":"https:\/\/ranoja.ee\/en\/wp-json\/wp\/v2\/product_tag?post=3461"}],"curies":[{"name":"wp","href":"https:\/\/api.w.org\/{rel}","templated":true}]}}