{"id":3442,"date":"2023-07-12T09:58:59","date_gmt":"2023-07-12T06:58:59","guid":{"rendered":"https:\/\/www.ranoja.ee\/?post_type=product&#038;p=3442"},"modified":"2025-12-10T13:16:00","modified_gmt":"2025-12-10T10:16:00","slug":"lumag-pinnasetihendaja-rp-700-pro-10-7kn","status":"publish","type":"product","link":"https:\/\/ranoja.ee\/en\/toode\/lumag-pinnasetihendaja-rp-700-pro-10-7kn\/","title":{"rendered":"Lumag Pinnasetihendaja RP 700 PRO (10.7kN)"},"content":{"rendered":"<p>Lumag Pinnasetihendaja RP 700 PRO (10.7kN)<br \/>\nEttepoole liikuv vibroplaat sobib eriti h\u00e4sti sillutust\u00f6\u00f6deks, radade remondit\u00f6\u00f6deks, aia- ja haljastust\u00f6\u00f6deks.<br \/>\n&#8211; Ideaalne vibreeriva komposiitsillutise jaoks.<br \/>\n&#8211; K\u00e4epideme saab kokku voltida \u2013 kompaktne ja v\u00e4ga mugav kasutada.<br \/>\n&#8211; V\u00e4ljalasketoru kaitsev\u00f5re, k\u00e4epide vibratsiooni eest summutatud.<br \/>\n&#8211; Varustatud igast k\u00fcljest kaitstud kiilrihma ja kaitseraamiga.<\/p>\n<p>V\u00e4ikesel ja kergel edasi-ajamiga plaattihendajal on mitmeid eeliseid, mis muudavad selle teatud \u00fclesannete ja olukordade jaoks eriti sobivaks. Neid saab h\u00f5lpsasti \u00fchelt t\u00f6\u00f6kohalt teisele teisaldada ja nendega on lihtne man\u00f6\u00f6verdada isegi kitsastes kohtades. See muudab need ideaalseks v\u00e4iksematele ehitusplatsidele, kitsastele aladele v\u00f5i piiratud juurdep\u00e4\u00e4suga kohtadele.<br \/>\nJaapani kuullaagrite ja spetsiaalselt v\u00e4lja t\u00f6\u00f6tatud ergutiga tagab see \u00fclima vastupidavuse. Seda masinat on LUMAG v\u00e4lja t\u00f6\u00f6tanud ja m\u00fc\u00fcnud \u200b\u200bpeaaegu 20 aastat.<\/p>\n<p>Pinnasetihendajad on olulised seadmed, mida kasutatakse pinnase tihendamiseks ja stabiliseerimiseks erinevate ehitusprojektide jaoks. Tihendamine on kriitiline samm, kuna see tagab pinnase piisava tugevuse ja stabiilsuse, mis on vajalik aluse kindluse tagamiseks. Pinnasetihendajaid on mitut t\u00fc\u00fcpi ja neid kasutatakse erinevates t\u00f6\u00f6tingimustes.<\/p>\n<p>Pinnasetihendajate t\u00fc\u00fcbid<br \/>\n1. Vibratsiooniplaadid (plaattihendajad)<br \/>\nVibratsiooniplaadid on laialdaselt kasutatavad tihendajad, mis sobivad erinevateks t\u00f6\u00f6deks, alates aiandusest ja maastikukujundusest kuni v\u00e4iksemate teede ja k\u00f5nniteede ehituseni.<\/p>\n<p>Kasutusalad: Teedeehitus, parklad, lennuv\u00e4ljad, suuremad ehitusplatsid.<br \/>\nEelised: Suurem tihendusj\u00f5ud, efektiivne suurematel pindadel.<br \/>\n3. Jalgadega tampimismasinad<br \/>\nNeed tihendajad, tuntud ka kui h\u00fcppavad jalgpukid, on m\u00f5eldud v\u00e4ikeste ja kitsaste alade tihendamiseks. Nad kasutavad vertikaalset liikumist ja on tavaliselt v\u00e4ga man\u00f6\u00f6verdatavad.<\/p>\n<p>Kasutusalad: Kitsad kaevikud, kraavid, v\u00e4ikesed alad, kus suuremad masinad ei mahu.<br \/>\nEelised: V\u00e4ga man\u00f6\u00f6verdatavad, t\u00f5husad kitsastes kohtades.<br \/>\nLumag Pinnasetihendaja RP 700 PRO (10,7kN)<\/p>\n<p>Peaaegu 20 aastat tagasi alustas LUMAG ettev\u00f5ttena LVG \u200b\u200bHartham GmbH.<br \/>\nEesm\u00e4rk oli pakkuda kvaliteetseid ja soodsa hinnaga ehitusmasinaid algajatele ja hobimeistritele.<br \/>\nPidev edasiarendus ja Saksa insenerid on teinud LUMAGist tuntud kaubam\u00e4rgi.<br \/>\nLUMAG teenindab n\u00fc\u00fcd ka professionaale ja ehitusettev\u00f5tteid, kes saavad kasu meie kvaliteetsetest masinatest ja seadmetest.<br \/>\nTervikteenust pakutakse t\u00e4nu t\u00fctarettev\u00f5tetele ja partneritele kogu Euroopas.<br \/>\n<img decoding=\"async\" src=\"https:\/\/www.ranoja.ee\/wp-content\/uploads\/2023\/07\/LUMAG_Germany_logo_black-300x105.png\" alt=\"\" width=\"300\" height=\"105\" class=\"alignnone size-medium wp-image-5899\" srcset=\"https:\/\/ranoja.ee\/wp-content\/uploads\/2023\/07\/LUMAG_Germany_logo_black-300x105.png 300w, https:\/\/ranoja.ee\/wp-content\/uploads\/2023\/07\/LUMAG_Germany_logo_black-768x270.png 768w, https:\/\/ranoja.ee\/wp-content\/uploads\/2023\/07\/LUMAG_Germany_logo_black-850x299.png 850w, https:\/\/ranoja.ee\/wp-content\/uploads\/2023\/07\/LUMAG_Germany_logo_black-800x281.png 800w, https:\/\/ranoja.ee\/wp-content\/uploads\/2023\/07\/LUMAG_Germany_logo_black.png 852w\" sizes=\"(max-width: 300px) 100vw, 300px\" \/><\/p>\n","protected":false},"excerpt":{"rendered":"<p>Lumag Pinnasetihendaja RP 700 PRO (10.7kN)<br \/>\nLoncin 4 taktiline bensiinimootor, 4.8 kW, 196cc<br \/>\nAlusplaat 500 x 350 mm<br \/>\nKaal 70 kg.<br \/>\nTransportrattad k\u00fcljes<br \/>\nKummimatt kaasas<br \/>\nTihendamiss\u00fcgavus kuni 20cm<br \/>\nGarantii 1 aasta (eraisikule 2 aastat)<br \/>\n<strong>Seadme eeldatav tarneaeg 2-3 n\u00e4dalat<\/strong><\/p>\n","protected":false},"featured_media":9727,"template":"","meta":{"inline_featured_image":false},"product_cat":[1090,96],"product_tag":[134,161,321,323,322],"class_list":{"0":"post-3442","1":"product","2":"type-product","3":"status-publish","4":"has-post-thumbnail","6":"product_brand-lumag","7":"product_cat-ehitustehnika","8":"product_cat-pinnasetihendajad","9":"product_tag-lumag","10":"product_tag-pinnasetihendaja","11":"product_tag-pinnasetihendaja-rp-700-pro","12":"product_tag-pro","13":"product_tag-rp700","15":"first","16":"instock","17":"taxable","18":"shipping-taxable","19":"purchasable","20":"product-type-simple"},"yoast_head":"<!-- This site is optimized with the Yoast SEO plugin v27.4 - https:\/\/yoast.com\/product\/yoast-seo-wordpress\/ -->\n<title>Lumag Pinnasetihendaja RP 700 PRO (10.7kN)<\/title>\n<meta name=\"description\" content=\"Lumag Pinnasetihendaja RP 700 PRO (10.7kN) Loncin 4 taktiline bensiinimootor, 4.8 kW, 196ccAlusplaat 500 x 350 mm Tihendamiss\u00fcgavus kuni 20cm\" \/>\n<meta name=\"robots\" content=\"index, follow, max-snippet:-1, max-image-preview:large, max-video-preview:-1\" \/>\n<link rel=\"canonical\" href=\"https:\/\/ranoja.ee\/toode\/lumag-pinnasetihendaja-rp-700-pro-10-7kn\/\" \/>\n<meta property=\"og:locale\" content=\"en_US\" \/>\n<meta property=\"og:type\" content=\"article\" \/>\n<meta property=\"og:title\" content=\"Lumag Pinnasetihendaja RP 700 PRO (10.7kN)\" \/>\n<meta property=\"og:description\" content=\"Lumag Pinnasetihendaja RP 700 PRO (10.7kN) Loncin 4 taktiline bensiinimootor, 4.8 kW, 196ccAlusplaat 500 x 350 mm Tihendamiss\u00fcgavus kuni 20cm\" \/>\n<meta property=\"og:url\" content=\"https:\/\/ranoja.ee\/toode\/lumag-pinnasetihendaja-rp-700-pro-10-7kn\/\" \/>\n<meta property=\"og:site_name\" content=\"Ranoja\" \/>\n<meta property=\"article:publisher\" content=\"https:\/\/www.facebook.com\/ranoja.ee\" \/>\n<meta property=\"article:modified_time\" content=\"2025-12-10T10:16:00+00:00\" \/>\n<meta property=\"og:image\" content=\"https:\/\/ranoja.ee\/wp-content\/uploads\/2023\/07\/Lumag-Pinnasetihendaja-RP-700-PRO-10.7kN.png\" \/>\n\t<meta property=\"og:image:width\" content=\"1500\" \/>\n\t<meta property=\"og:image:height\" content=\"1500\" \/>\n\t<meta property=\"og:image:type\" content=\"image\/png\" \/>\n<meta name=\"twitter:card\" content=\"summary_large_image\" \/>\n<meta name=\"twitter:label1\" content=\"Est. reading time\" \/>\n\t<meta name=\"twitter:data1\" content=\"1 minute\" \/>\n<script type=\"application\/ld+json\" class=\"yoast-schema-graph\">{\"@context\":\"https:\\\/\\\/schema.org\",\"@graph\":[{\"@type\":\"WebPage\",\"@id\":\"https:\\\/\\\/ranoja.ee\\\/toode\\\/lumag-pinnasetihendaja-rp-700-pro-10-7kn\\\/\",\"url\":\"https:\\\/\\\/ranoja.ee\\\/toode\\\/lumag-pinnasetihendaja-rp-700-pro-10-7kn\\\/\",\"name\":\"Lumag Pinnasetihendaja RP 700 PRO (10.7kN)\",\"isPartOf\":{\"@id\":\"https:\\\/\\\/ranoja.ee\\\/#website\"},\"primaryImageOfPage\":{\"@id\":\"https:\\\/\\\/ranoja.ee\\\/toode\\\/lumag-pinnasetihendaja-rp-700-pro-10-7kn\\\/#primaryimage\"},\"image\":{\"@id\":\"https:\\\/\\\/ranoja.ee\\\/toode\\\/lumag-pinnasetihendaja-rp-700-pro-10-7kn\\\/#primaryimage\"},\"thumbnailUrl\":\"https:\\\/\\\/ranoja.ee\\\/wp-content\\\/uploads\\\/2023\\\/07\\\/Lumag-Pinnasetihendaja-RP-700-PRO-10.7kN.png\",\"datePublished\":\"2023-07-12T06:58:59+00:00\",\"dateModified\":\"2025-12-10T10:16:00+00:00\",\"description\":\"Lumag Pinnasetihendaja RP 700 PRO (10.7kN) Loncin 4 taktiline bensiinimootor, 4.8 kW, 196ccAlusplaat 500 x 350 mm Tihendamiss\u00fcgavus kuni 20cm\",\"breadcrumb\":{\"@id\":\"https:\\\/\\\/ranoja.ee\\\/toode\\\/lumag-pinnasetihendaja-rp-700-pro-10-7kn\\\/#breadcrumb\"},\"inLanguage\":\"en-US\",\"potentialAction\":[{\"@type\":\"ReadAction\",\"target\":[\"https:\\\/\\\/ranoja.ee\\\/toode\\\/lumag-pinnasetihendaja-rp-700-pro-10-7kn\\\/\"]}]},{\"@type\":\"ImageObject\",\"inLanguage\":\"en-US\",\"@id\":\"https:\\\/\\\/ranoja.ee\\\/toode\\\/lumag-pinnasetihendaja-rp-700-pro-10-7kn\\\/#primaryimage\",\"url\":\"https:\\\/\\\/ranoja.ee\\\/wp-content\\\/uploads\\\/2023\\\/07\\\/Lumag-Pinnasetihendaja-RP-700-PRO-10.7kN.png\",\"contentUrl\":\"https:\\\/\\\/ranoja.ee\\\/wp-content\\\/uploads\\\/2023\\\/07\\\/Lumag-Pinnasetihendaja-RP-700-PRO-10.7kN.png\",\"width\":1500,\"height\":1500},{\"@type\":\"BreadcrumbList\",\"@id\":\"https:\\\/\\\/ranoja.ee\\\/toode\\\/lumag-pinnasetihendaja-rp-700-pro-10-7kn\\\/#breadcrumb\",\"itemListElement\":[{\"@type\":\"ListItem\",\"position\":1,\"name\":\"Home\",\"item\":\"https:\\\/\\\/ranoja.ee\\\/\"},{\"@type\":\"ListItem\",\"position\":2,\"name\":\"Shop\",\"item\":\"https:\\\/\\\/ranoja.ee\\\/en\\\/shop\\\/\"},{\"@type\":\"ListItem\",\"position\":3,\"name\":\"Lumag Pinnasetihendaja RP 700 PRO (10.7kN)\"}]},{\"@type\":\"WebSite\",\"@id\":\"https:\\\/\\\/ranoja.ee\\\/#website\",\"url\":\"https:\\\/\\\/ranoja.ee\\\/\",\"name\":\"Ranoja\",\"description\":\"Equipment Shop WooCommerce WordPress Theme for Machine &amp; Tools\",\"publisher\":{\"@id\":\"https:\\\/\\\/ranoja.ee\\\/#organization\"},\"potentialAction\":[{\"@type\":\"SearchAction\",\"target\":{\"@type\":\"EntryPoint\",\"urlTemplate\":\"https:\\\/\\\/ranoja.ee\\\/?s={search_term_string}\"},\"query-input\":{\"@type\":\"PropertyValueSpecification\",\"valueRequired\":true,\"valueName\":\"search_term_string\"}}],\"inLanguage\":\"en-US\"},{\"@type\":\"Organization\",\"@id\":\"https:\\\/\\\/ranoja.ee\\\/#organization\",\"name\":\"Ranoja O\u00dc\",\"url\":\"https:\\\/\\\/ranoja.ee\\\/\",\"logo\":{\"@type\":\"ImageObject\",\"inLanguage\":\"en-US\",\"@id\":\"https:\\\/\\\/ranoja.ee\\\/#\\\/schema\\\/logo\\\/image\\\/\",\"url\":\"https:\\\/\\\/ranoja.ee\\\/wp-content\\\/uploads\\\/2023\\\/11\\\/ranoja-Logo.png\",\"contentUrl\":\"https:\\\/\\\/ranoja.ee\\\/wp-content\\\/uploads\\\/2023\\\/11\\\/ranoja-Logo.png\",\"width\":207,\"height\":58,\"caption\":\"Ranoja O\u00dc\"},\"image\":{\"@id\":\"https:\\\/\\\/ranoja.ee\\\/#\\\/schema\\\/logo\\\/image\\\/\"},\"sameAs\":[\"https:\\\/\\\/www.facebook.com\\\/ranoja.ee\",\"https:\\\/\\\/www.instagram.com\\\/ranoja__\\\/\"]}]}<\/script>\n<!-- \/ Yoast SEO plugin. -->","yoast_head_json":{"title":"Lumag Pinnasetihendaja RP 700 PRO (10.7kN)","description":"Lumag Pinnasetihendaja RP 700 PRO (10.7kN) Loncin 4 taktiline bensiinimootor, 4.8 kW, 196ccAlusplaat 500 x 350 mm Tihendamiss\u00fcgavus kuni 20cm","robots":{"index":"index","follow":"follow","max-snippet":"max-snippet:-1","max-image-preview":"max-image-preview:large","max-video-preview":"max-video-preview:-1"},"canonical":"https:\/\/ranoja.ee\/toode\/lumag-pinnasetihendaja-rp-700-pro-10-7kn\/","og_locale":"en_US","og_type":"article","og_title":"Lumag Pinnasetihendaja RP 700 PRO (10.7kN)","og_description":"Lumag Pinnasetihendaja RP 700 PRO (10.7kN) Loncin 4 taktiline bensiinimootor, 4.8 kW, 196ccAlusplaat 500 x 350 mm Tihendamiss\u00fcgavus kuni 20cm","og_url":"https:\/\/ranoja.ee\/toode\/lumag-pinnasetihendaja-rp-700-pro-10-7kn\/","og_site_name":"Ranoja","article_publisher":"https:\/\/www.facebook.com\/ranoja.ee","article_modified_time":"2025-12-10T10:16:00+00:00","og_image":[{"width":1500,"height":1500,"url":"https:\/\/ranoja.ee\/wp-content\/uploads\/2023\/07\/Lumag-Pinnasetihendaja-RP-700-PRO-10.7kN.png","type":"image\/png"}],"twitter_card":"summary_large_image","twitter_misc":{"Est. reading time":"1 minute"},"schema":{"@context":"https:\/\/schema.org","@graph":[{"@type":"WebPage","@id":"https:\/\/ranoja.ee\/toode\/lumag-pinnasetihendaja-rp-700-pro-10-7kn\/","url":"https:\/\/ranoja.ee\/toode\/lumag-pinnasetihendaja-rp-700-pro-10-7kn\/","name":"Lumag Pinnasetihendaja RP 700 PRO (10.7kN)","isPartOf":{"@id":"https:\/\/ranoja.ee\/#website"},"primaryImageOfPage":{"@id":"https:\/\/ranoja.ee\/toode\/lumag-pinnasetihendaja-rp-700-pro-10-7kn\/#primaryimage"},"image":{"@id":"https:\/\/ranoja.ee\/toode\/lumag-pinnasetihendaja-rp-700-pro-10-7kn\/#primaryimage"},"thumbnailUrl":"https:\/\/ranoja.ee\/wp-content\/uploads\/2023\/07\/Lumag-Pinnasetihendaja-RP-700-PRO-10.7kN.png","datePublished":"2023-07-12T06:58:59+00:00","dateModified":"2025-12-10T10:16:00+00:00","description":"Lumag Pinnasetihendaja RP 700 PRO (10.7kN) Loncin 4 taktiline bensiinimootor, 4.8 kW, 196ccAlusplaat 500 x 350 mm Tihendamiss\u00fcgavus kuni 20cm","breadcrumb":{"@id":"https:\/\/ranoja.ee\/toode\/lumag-pinnasetihendaja-rp-700-pro-10-7kn\/#breadcrumb"},"inLanguage":"en-US","potentialAction":[{"@type":"ReadAction","target":["https:\/\/ranoja.ee\/toode\/lumag-pinnasetihendaja-rp-700-pro-10-7kn\/"]}]},{"@type":"ImageObject","inLanguage":"en-US","@id":"https:\/\/ranoja.ee\/toode\/lumag-pinnasetihendaja-rp-700-pro-10-7kn\/#primaryimage","url":"https:\/\/ranoja.ee\/wp-content\/uploads\/2023\/07\/Lumag-Pinnasetihendaja-RP-700-PRO-10.7kN.png","contentUrl":"https:\/\/ranoja.ee\/wp-content\/uploads\/2023\/07\/Lumag-Pinnasetihendaja-RP-700-PRO-10.7kN.png","width":1500,"height":1500},{"@type":"BreadcrumbList","@id":"https:\/\/ranoja.ee\/toode\/lumag-pinnasetihendaja-rp-700-pro-10-7kn\/#breadcrumb","itemListElement":[{"@type":"ListItem","position":1,"name":"Home","item":"https:\/\/ranoja.ee\/"},{"@type":"ListItem","position":2,"name":"Shop","item":"https:\/\/ranoja.ee\/en\/shop\/"},{"@type":"ListItem","position":3,"name":"Lumag Pinnasetihendaja RP 700 PRO (10.7kN)"}]},{"@type":"WebSite","@id":"https:\/\/ranoja.ee\/#website","url":"https:\/\/ranoja.ee\/","name":"Ranoja","description":"Equipment Shop WooCommerce WordPress Theme for Machine &amp; Tools","publisher":{"@id":"https:\/\/ranoja.ee\/#organization"},"potentialAction":[{"@type":"SearchAction","target":{"@type":"EntryPoint","urlTemplate":"https:\/\/ranoja.ee\/?s={search_term_string}"},"query-input":{"@type":"PropertyValueSpecification","valueRequired":true,"valueName":"search_term_string"}}],"inLanguage":"en-US"},{"@type":"Organization","@id":"https:\/\/ranoja.ee\/#organization","name":"Ranoja O\u00dc","url":"https:\/\/ranoja.ee\/","logo":{"@type":"ImageObject","inLanguage":"en-US","@id":"https:\/\/ranoja.ee\/#\/schema\/logo\/image\/","url":"https:\/\/ranoja.ee\/wp-content\/uploads\/2023\/11\/ranoja-Logo.png","contentUrl":"https:\/\/ranoja.ee\/wp-content\/uploads\/2023\/11\/ranoja-Logo.png","width":207,"height":58,"caption":"Ranoja O\u00dc"},"image":{"@id":"https:\/\/ranoja.ee\/#\/schema\/logo\/image\/"},"sameAs":["https:\/\/www.facebook.com\/ranoja.ee","https:\/\/www.instagram.com\/ranoja__\/"]}]}},"_links":{"self":[{"href":"https:\/\/ranoja.ee\/en\/wp-json\/wp\/v2\/product\/3442","targetHints":{"allow":["GET"]}}],"collection":[{"href":"https:\/\/ranoja.ee\/en\/wp-json\/wp\/v2\/product"}],"about":[{"href":"https:\/\/ranoja.ee\/en\/wp-json\/wp\/v2\/types\/product"}],"wp:featuredmedia":[{"embeddable":true,"href":"https:\/\/ranoja.ee\/en\/wp-json\/wp\/v2\/media\/9727"}],"wp:attachment":[{"href":"https:\/\/ranoja.ee\/en\/wp-json\/wp\/v2\/media?parent=3442"}],"wp:term":[{"taxonomy":"product_cat","embeddable":true,"href":"https:\/\/ranoja.ee\/en\/wp-json\/wp\/v2\/product_cat?post=3442"},{"taxonomy":"product_tag","embeddable":true,"href":"https:\/\/ranoja.ee\/en\/wp-json\/wp\/v2\/product_tag?post=3442"}],"curies":[{"name":"wp","href":"https:\/\/api.w.org\/{rel}","templated":true}]}}