{"id":3433,"date":"2023-07-12T09:45:17","date_gmt":"2023-07-12T06:45:17","guid":{"rendered":"https:\/\/www.ranoja.ee\/?post_type=product&#038;p=3433"},"modified":"2025-12-10T13:20:24","modified_gmt":"2025-12-10T10:20:24","slug":"akupump-cedcp57li-ilma-aku-laadijata","status":"publish","type":"product","link":"https:\/\/ranoja.ee\/en\/toode\/akupump-cedcp57li-ilma-aku-laadijata\/","title":{"rendered":"Akupump CEDCP57LI (ilma aku\/laadijata)"},"content":{"rendered":"<p>Akupump CEDCP57LI (ilma aku\/laadijata)<br \/>\nK\u00e4si akutoitel \u00f5hupump on kompaktne ja kergekaaluline t\u00f6\u00f6riist, mis kasutab akut energiavarustusena ning on m\u00f5eldud \u00f5hu pumpamiseks erinevatesse esemetesse, nagu matkad, rannatarvikud, madratsid ja muud \u00f5huga t\u00e4idetavad esemed. Selle t\u00f6\u00f6riista eeliseks on selle kompaktsus ja lihtne kasutamine ka ilma elektriv\u00f5rguta. Siin on m\u00f5ned n\u00e4ited selle kasutamise kohta erinevatel kohtadel:<\/p>\n<p>Matkamattide ja padjade t\u00e4itmine: K\u00e4si akutoitel \u00f5hupump on ideaalne kaaslane matkadel, kuna see v\u00f5imaldab kiiresti t\u00e4is pumbata matkamatte ja padju, tagades mugava ja l\u00f5\u00f5gastava une telgis.<\/p>\n<p>Telgi t\u00e4itmine: Enamik matkatelke kasutavad \u00f5huga t\u00e4ispuhutavaid torusid v\u00f5i raame. K\u00e4si akutoitel \u00f5hupump v\u00f5imaldab kiiresti ja h\u00f5lpsalt t\u00e4ita telgi struktuuri, s\u00e4\u00e4stes matkajate aega ja vaeva.<\/p>\n<p>Muu varustuse t\u00e4itmine: Lisaks matkamattidele ja telkidele saab k\u00e4si akutoitel \u00f5hupumpi kasutada ka t\u00e4itmaks muud matkavarustust, nagu madratsid, istmed v\u00f5i ujumisr\u00f5ngad.<\/p>\n<p>Ujumisr\u00f5ngaste ja paatide t\u00e4itmine: Rannas olles saab k\u00e4si akutoitel \u00f5hupumpi kasutada ujumisr\u00f5ngaste, matkapaatide v\u00f5i muude vees\u00f5idukite t\u00e4itmiseks \u00f5huga, et nautida veega seotud tegevusi.<\/p>\n<p>Rannatarvikute t\u00e4itmine: Lisaks ujumisr\u00f5ngastele v\u00f5ib k\u00e4si akutoitel \u00f5hupumpi kasutada ka t\u00e4itmaks muid rannatarvikuid, nagu p\u00e4ikesevarjud, \u00f5hkmadratsid v\u00f5i rannatoolid.<\/p>\n<p>Madratsite ja \u00f5hkm\u00f6\u00f6bli t\u00e4itmine: K\u00e4si akutoitel \u00f5hupump v\u00f5ib olla kasulik ka koduses keskkonnas, n\u00e4iteks madratsite, \u00f5hkmadratsite v\u00f5i muu \u00f5huga t\u00e4idetava m\u00f6\u00f6bli kiireks t\u00e4itmiseks ja t\u00fchjendamiseks.<\/p>\n<p>\u00d5hupallide t\u00e4itmine: Lastepidudel v\u00f5i muudel \u00fcritustel v\u00f5ib k\u00e4si akutoitel \u00f5hupumpi kasutada ka \u00f5hupallide kiireks t\u00e4itmiseks, h\u00f5lbustades pidustuste korraldamist.<\/p>\n<p>Kokkuv\u00f5ttes on k\u00e4si akutoitel \u00f5hupump mitmek\u00fclgne ja kasulik t\u00f6\u00f6riist, mis pakub mugavat viisi \u00f5huga t\u00e4idetavate esemete kiireks ja h\u00f5lpsaks t\u00e4itmiseks. See on eriti v\u00e4\u00e4rtuslik matkamisel, rannas ja koduses kasutuses, kus elektriv\u00f5rgule juurdep\u00e4\u00e4s v\u00f5ib olla piiratud v\u00f5i puudub.<br \/>\nAkupump CEDCP57LI (ilma aku\/laadijata)<\/p>\n<p>CEDRUS on \u00fcks suurimaid aiandusmasinate, t\u00f6\u00f6riistade ning metsandus tarvikute edasim\u00fc\u00fcjaid Poolas.<br \/>\nMeie eesm\u00e4rk on pakkuda klientidele k\u00f5rgeima kvaliteediga tooteid konkurentsiv\u00f5imeliste hindadega.<br \/>\nAlates 2016. aastast oleme arendanud ka oma kaubam\u00e4rgi all olevat tootesarja Cedrus.<br \/>\nHetkel pakume enam kui 100 t\u00fc\u00fcpi CEDRUS kaubam\u00e4rgi aia- ja ehitusmasinaid, samuti k\u00f5iki hooldustarvikuid ja varuosi.<br \/>\n<img decoding=\"async\" src=\"https:\/\/www.ranoja.ee\/wp-content\/uploads\/2023\/07\/cedrus-logo-vaike-1-300x99.png\" alt=\"\" width=\"300\" height=\"99\" class=\"alignnone size-medium wp-image-5896\" srcset=\"https:\/\/ranoja.ee\/wp-content\/uploads\/2023\/07\/cedrus-logo-vaike-1-300x99.png 300w, https:\/\/ranoja.ee\/wp-content\/uploads\/2023\/07\/cedrus-logo-vaike-1.png 431w\" sizes=\"(max-width: 300px) 100vw, 300px\" \/><\/p>\n","protected":false},"excerpt":{"rendered":"<p>Akupump CEDCP57LI (ilma aku\/laadijata)<br \/>\n20V<br \/>\n<strong>Mugav t\u00f6\u00f6riist madratiste, v\u00e4ikeste basseinide ja muu taolise t\u00e4itmiseks.<\/strong><br \/>\n<strong>Lisaks on ka &#8220;imav&#8221; funktsioon asjade t\u00fchjendamiseks!<\/strong><br \/>\nMax \u00f5husurve:0,034 bar<br \/>\nMax \u00f5huvoog:53 m3\/h \/ ca 880l\/min<br \/>\nMax \u00f5hukiirus:40 km\/h<br \/>\nP\u00f6\u00f6rded: 22000 min<br \/>\nKaal 0,7kg<br \/>\nErinevad otsikud komplektis<br \/>\n<span style=\"color: #000000;\"><strong>Garantii 1 aasta (eraisikule 3 aastat)<\/strong><\/span><br \/>\n<strong><span style=\"color: #339966;\">ANTUD SEADMEGA SAAB TUTVUDA MEIE PAIDE ESINDUSES KOHAPEAL!<\/span><\/strong><\/p>\n<p><span style=\"color: #000000;\"><strong>KASUTA SEDA T\u00d6\u00d6RIISTA OMA <span style=\"color: #339966;\">18V &#8211; MAKITA<\/span>, <span style=\"color: #339966;\">BOSCH<\/span> V\u00d5I <span style=\"color: #339966;\">DEWALT<\/span> AKUGA!<\/strong><\/span><\/p>\n<p><a href=\"https:\/\/www.ranoja.ee\/tootekategooria\/akutooriistad\/vaheadapterid\/\"><img decoding=\"async\" class=\"alignnone wp-image-8608\" src=\"https:\/\/www.ranoja.ee\/wp-content\/uploads\/2024\/04\/Vaheadapter-makita-tooriistadele-300x200.jpg\" alt=\"Vaheadapter cedrus akut\u00f6\u00f6riistadele CEDRAD C-M (Makita)\" width=\"200\" height=\"133\" srcset=\"https:\/\/ranoja.ee\/wp-content\/uploads\/2024\/04\/Vaheadapter-makita-tooriistadele-300x200.jpg 300w, https:\/\/ranoja.ee\/wp-content\/uploads\/2024\/04\/Vaheadapter-makita-tooriistadele-1024x683.jpg 1024w, https:\/\/ranoja.ee\/wp-content\/uploads\/2024\/04\/Vaheadapter-makita-tooriistadele-768x512.jpg 768w, https:\/\/ranoja.ee\/wp-content\/uploads\/2024\/04\/Vaheadapter-makita-tooriistadele-800x533.jpg 800w, https:\/\/ranoja.ee\/wp-content\/uploads\/2024\/04\/Vaheadapter-makita-tooriistadele.jpg 1200w\" sizes=\"(max-width: 200px) 100vw, 200px\" \/><\/a><br \/>\n<span style=\"color: #000000;\"><strong><a style=\"color: #000000;\" href=\"https:\/\/www.ranoja.ee\/tootekategooria\/akutooriistad\/vaheadapterid\/\">Leia endale <span style=\"color: #339966;\">sobiv vaheadapter siit\u2192<\/span><\/a><\/strong><\/span><\/p>\n<p><strong><a href=\"https:\/\/www.ranoja.ee\/tootekategooria\/akutooriistad\/akud-ja-laadijad\/\">T\u00f6\u00f6riistale sobivad <span style=\"color: #339966;\">Cedrus Power + akud ja laadijad leiad siit\u2192<\/span><\/a><\/strong><\/p>\n","protected":false},"featured_media":14561,"template":"","meta":{"inline_featured_image":false},"product_cat":[1101,1094,120],"product_tag":[318,320,137,319,317],"class_list":{"0":"post-3433","1":"product","2":"type-product","3":"status-publish","4":"has-post-thumbnail","6":"product_brand-cedrus","7":"product_cat-akukompressorid","8":"product_cat-akutooriistad","9":"product_cat-kompressorid","10":"product_tag-akupump","11":"product_tag-cedcp57li","12":"product_tag-cedrus","13":"product_tag-ohupump","14":"product_tag-pump","16":"first","17":"instock","18":"taxable","19":"shipping-taxable","20":"purchasable","21":"product-type-simple"},"yoast_head":"<!-- This site is optimized with the Yoast SEO plugin v27.4 - https:\/\/yoast.com\/product\/yoast-seo-wordpress\/ -->\n<title>Akupump CEDCP57LI (ilma aku\/laadijata)<\/title>\n<meta name=\"description\" content=\"Akupump CEDCP57LI (ilma aku\/laadijata) Max \u00f5huvoog:53 m3\/h \/ ca 880l\/min K\u00e4sipump sobib \u00f5hkmadratsite ja muu t\u00e4itmiseks ning t\u00fchjendamiseks!\" \/>\n<meta name=\"robots\" content=\"index, follow, max-snippet:-1, max-image-preview:large, max-video-preview:-1\" \/>\n<link rel=\"canonical\" href=\"https:\/\/ranoja.ee\/toode\/akupump-cedcp57li-ilma-aku-laadijata\/\" \/>\n<meta property=\"og:locale\" content=\"en_US\" \/>\n<meta property=\"og:type\" content=\"article\" \/>\n<meta property=\"og:title\" content=\"Akupump CEDCP57LI (ilma aku\/laadijata)\" \/>\n<meta property=\"og:description\" content=\"Akupump CEDCP57LI (ilma aku\/laadijata) Max \u00f5huvoog:53 m3\/h \/ ca 880l\/min K\u00e4sipump sobib \u00f5hkmadratsite ja muu t\u00e4itmiseks ning t\u00fchjendamiseks!\" \/>\n<meta property=\"og:url\" content=\"https:\/\/ranoja.ee\/toode\/akupump-cedcp57li-ilma-aku-laadijata\/\" \/>\n<meta property=\"og:site_name\" content=\"Ranoja\" \/>\n<meta property=\"article:publisher\" content=\"https:\/\/www.facebook.com\/ranoja.ee\" \/>\n<meta property=\"article:modified_time\" content=\"2025-12-10T10:20:24+00:00\" \/>\n<meta property=\"og:image\" content=\"https:\/\/ranoja.ee\/wp-content\/uploads\/2023\/07\/Akupump-CEDCP57LI-ilma-akulaadijata.jpg\" \/>\n\t<meta property=\"og:image:width\" content=\"542\" \/>\n\t<meta property=\"og:image:height\" content=\"800\" \/>\n\t<meta property=\"og:image:type\" content=\"image\/jpeg\" \/>\n<meta name=\"twitter:card\" content=\"summary_large_image\" \/>\n<meta name=\"twitter:label1\" content=\"Est. reading time\" \/>\n\t<meta name=\"twitter:data1\" content=\"3 minutes\" \/>\n<script type=\"application\/ld+json\" class=\"yoast-schema-graph\">{\"@context\":\"https:\\\/\\\/schema.org\",\"@graph\":[{\"@type\":\"WebPage\",\"@id\":\"https:\\\/\\\/ranoja.ee\\\/toode\\\/akupump-cedcp57li-ilma-aku-laadijata\\\/\",\"url\":\"https:\\\/\\\/ranoja.ee\\\/toode\\\/akupump-cedcp57li-ilma-aku-laadijata\\\/\",\"name\":\"Akupump CEDCP57LI (ilma aku\\\/laadijata)\",\"isPartOf\":{\"@id\":\"https:\\\/\\\/ranoja.ee\\\/#website\"},\"primaryImageOfPage\":{\"@id\":\"https:\\\/\\\/ranoja.ee\\\/toode\\\/akupump-cedcp57li-ilma-aku-laadijata\\\/#primaryimage\"},\"image\":{\"@id\":\"https:\\\/\\\/ranoja.ee\\\/toode\\\/akupump-cedcp57li-ilma-aku-laadijata\\\/#primaryimage\"},\"thumbnailUrl\":\"https:\\\/\\\/ranoja.ee\\\/wp-content\\\/uploads\\\/2023\\\/07\\\/Akupump-CEDCP57LI-ilma-akulaadijata.jpg\",\"datePublished\":\"2023-07-12T06:45:17+00:00\",\"dateModified\":\"2025-12-10T10:20:24+00:00\",\"description\":\"Akupump CEDCP57LI (ilma aku\\\/laadijata) Max \u00f5huvoog:53 m3\\\/h \\\/ ca 880l\\\/min K\u00e4sipump sobib \u00f5hkmadratsite ja muu t\u00e4itmiseks ning t\u00fchjendamiseks!\",\"breadcrumb\":{\"@id\":\"https:\\\/\\\/ranoja.ee\\\/toode\\\/akupump-cedcp57li-ilma-aku-laadijata\\\/#breadcrumb\"},\"inLanguage\":\"en-US\",\"potentialAction\":[{\"@type\":\"ReadAction\",\"target\":[\"https:\\\/\\\/ranoja.ee\\\/toode\\\/akupump-cedcp57li-ilma-aku-laadijata\\\/\"]}]},{\"@type\":\"ImageObject\",\"inLanguage\":\"en-US\",\"@id\":\"https:\\\/\\\/ranoja.ee\\\/toode\\\/akupump-cedcp57li-ilma-aku-laadijata\\\/#primaryimage\",\"url\":\"https:\\\/\\\/ranoja.ee\\\/wp-content\\\/uploads\\\/2023\\\/07\\\/Akupump-CEDCP57LI-ilma-akulaadijata.jpg\",\"contentUrl\":\"https:\\\/\\\/ranoja.ee\\\/wp-content\\\/uploads\\\/2023\\\/07\\\/Akupump-CEDCP57LI-ilma-akulaadijata.jpg\",\"width\":542,\"height\":800,\"caption\":\"Akupump CEDCP57LI (ilma akulaadijata)\"},{\"@type\":\"BreadcrumbList\",\"@id\":\"https:\\\/\\\/ranoja.ee\\\/toode\\\/akupump-cedcp57li-ilma-aku-laadijata\\\/#breadcrumb\",\"itemListElement\":[{\"@type\":\"ListItem\",\"position\":1,\"name\":\"Home\",\"item\":\"https:\\\/\\\/ranoja.ee\\\/\"},{\"@type\":\"ListItem\",\"position\":2,\"name\":\"Shop\",\"item\":\"https:\\\/\\\/ranoja.ee\\\/en\\\/shop\\\/\"},{\"@type\":\"ListItem\",\"position\":3,\"name\":\"Akupump CEDCP57LI (ilma aku\\\/laadijata)\"}]},{\"@type\":\"WebSite\",\"@id\":\"https:\\\/\\\/ranoja.ee\\\/#website\",\"url\":\"https:\\\/\\\/ranoja.ee\\\/\",\"name\":\"Ranoja\",\"description\":\"Equipment Shop WooCommerce WordPress Theme for Machine &amp; Tools\",\"publisher\":{\"@id\":\"https:\\\/\\\/ranoja.ee\\\/#organization\"},\"potentialAction\":[{\"@type\":\"SearchAction\",\"target\":{\"@type\":\"EntryPoint\",\"urlTemplate\":\"https:\\\/\\\/ranoja.ee\\\/?s={search_term_string}\"},\"query-input\":{\"@type\":\"PropertyValueSpecification\",\"valueRequired\":true,\"valueName\":\"search_term_string\"}}],\"inLanguage\":\"en-US\"},{\"@type\":\"Organization\",\"@id\":\"https:\\\/\\\/ranoja.ee\\\/#organization\",\"name\":\"Ranoja O\u00dc\",\"url\":\"https:\\\/\\\/ranoja.ee\\\/\",\"logo\":{\"@type\":\"ImageObject\",\"inLanguage\":\"en-US\",\"@id\":\"https:\\\/\\\/ranoja.ee\\\/#\\\/schema\\\/logo\\\/image\\\/\",\"url\":\"https:\\\/\\\/ranoja.ee\\\/wp-content\\\/uploads\\\/2023\\\/11\\\/ranoja-Logo.png\",\"contentUrl\":\"https:\\\/\\\/ranoja.ee\\\/wp-content\\\/uploads\\\/2023\\\/11\\\/ranoja-Logo.png\",\"width\":207,\"height\":58,\"caption\":\"Ranoja O\u00dc\"},\"image\":{\"@id\":\"https:\\\/\\\/ranoja.ee\\\/#\\\/schema\\\/logo\\\/image\\\/\"},\"sameAs\":[\"https:\\\/\\\/www.facebook.com\\\/ranoja.ee\",\"https:\\\/\\\/www.instagram.com\\\/ranoja__\\\/\"]}]}<\/script>\n<!-- \/ Yoast SEO plugin. -->","yoast_head_json":{"title":"Akupump CEDCP57LI (ilma aku\/laadijata)","description":"Akupump CEDCP57LI (ilma aku\/laadijata) Max \u00f5huvoog:53 m3\/h \/ ca 880l\/min K\u00e4sipump sobib \u00f5hkmadratsite ja muu t\u00e4itmiseks ning t\u00fchjendamiseks!","robots":{"index":"index","follow":"follow","max-snippet":"max-snippet:-1","max-image-preview":"max-image-preview:large","max-video-preview":"max-video-preview:-1"},"canonical":"https:\/\/ranoja.ee\/toode\/akupump-cedcp57li-ilma-aku-laadijata\/","og_locale":"en_US","og_type":"article","og_title":"Akupump CEDCP57LI (ilma aku\/laadijata)","og_description":"Akupump CEDCP57LI (ilma aku\/laadijata) Max \u00f5huvoog:53 m3\/h \/ ca 880l\/min K\u00e4sipump sobib \u00f5hkmadratsite ja muu t\u00e4itmiseks ning t\u00fchjendamiseks!","og_url":"https:\/\/ranoja.ee\/toode\/akupump-cedcp57li-ilma-aku-laadijata\/","og_site_name":"Ranoja","article_publisher":"https:\/\/www.facebook.com\/ranoja.ee","article_modified_time":"2025-12-10T10:20:24+00:00","og_image":[{"width":542,"height":800,"url":"https:\/\/ranoja.ee\/wp-content\/uploads\/2023\/07\/Akupump-CEDCP57LI-ilma-akulaadijata.jpg","type":"image\/jpeg"}],"twitter_card":"summary_large_image","twitter_misc":{"Est. reading time":"3 minutes"},"schema":{"@context":"https:\/\/schema.org","@graph":[{"@type":"WebPage","@id":"https:\/\/ranoja.ee\/toode\/akupump-cedcp57li-ilma-aku-laadijata\/","url":"https:\/\/ranoja.ee\/toode\/akupump-cedcp57li-ilma-aku-laadijata\/","name":"Akupump CEDCP57LI (ilma aku\/laadijata)","isPartOf":{"@id":"https:\/\/ranoja.ee\/#website"},"primaryImageOfPage":{"@id":"https:\/\/ranoja.ee\/toode\/akupump-cedcp57li-ilma-aku-laadijata\/#primaryimage"},"image":{"@id":"https:\/\/ranoja.ee\/toode\/akupump-cedcp57li-ilma-aku-laadijata\/#primaryimage"},"thumbnailUrl":"https:\/\/ranoja.ee\/wp-content\/uploads\/2023\/07\/Akupump-CEDCP57LI-ilma-akulaadijata.jpg","datePublished":"2023-07-12T06:45:17+00:00","dateModified":"2025-12-10T10:20:24+00:00","description":"Akupump CEDCP57LI (ilma aku\/laadijata) Max \u00f5huvoog:53 m3\/h \/ ca 880l\/min K\u00e4sipump sobib \u00f5hkmadratsite ja muu t\u00e4itmiseks ning t\u00fchjendamiseks!","breadcrumb":{"@id":"https:\/\/ranoja.ee\/toode\/akupump-cedcp57li-ilma-aku-laadijata\/#breadcrumb"},"inLanguage":"en-US","potentialAction":[{"@type":"ReadAction","target":["https:\/\/ranoja.ee\/toode\/akupump-cedcp57li-ilma-aku-laadijata\/"]}]},{"@type":"ImageObject","inLanguage":"en-US","@id":"https:\/\/ranoja.ee\/toode\/akupump-cedcp57li-ilma-aku-laadijata\/#primaryimage","url":"https:\/\/ranoja.ee\/wp-content\/uploads\/2023\/07\/Akupump-CEDCP57LI-ilma-akulaadijata.jpg","contentUrl":"https:\/\/ranoja.ee\/wp-content\/uploads\/2023\/07\/Akupump-CEDCP57LI-ilma-akulaadijata.jpg","width":542,"height":800,"caption":"Akupump CEDCP57LI (ilma akulaadijata)"},{"@type":"BreadcrumbList","@id":"https:\/\/ranoja.ee\/toode\/akupump-cedcp57li-ilma-aku-laadijata\/#breadcrumb","itemListElement":[{"@type":"ListItem","position":1,"name":"Home","item":"https:\/\/ranoja.ee\/"},{"@type":"ListItem","position":2,"name":"Shop","item":"https:\/\/ranoja.ee\/en\/shop\/"},{"@type":"ListItem","position":3,"name":"Akupump CEDCP57LI (ilma aku\/laadijata)"}]},{"@type":"WebSite","@id":"https:\/\/ranoja.ee\/#website","url":"https:\/\/ranoja.ee\/","name":"Ranoja","description":"Equipment Shop WooCommerce WordPress Theme for Machine &amp; Tools","publisher":{"@id":"https:\/\/ranoja.ee\/#organization"},"potentialAction":[{"@type":"SearchAction","target":{"@type":"EntryPoint","urlTemplate":"https:\/\/ranoja.ee\/?s={search_term_string}"},"query-input":{"@type":"PropertyValueSpecification","valueRequired":true,"valueName":"search_term_string"}}],"inLanguage":"en-US"},{"@type":"Organization","@id":"https:\/\/ranoja.ee\/#organization","name":"Ranoja O\u00dc","url":"https:\/\/ranoja.ee\/","logo":{"@type":"ImageObject","inLanguage":"en-US","@id":"https:\/\/ranoja.ee\/#\/schema\/logo\/image\/","url":"https:\/\/ranoja.ee\/wp-content\/uploads\/2023\/11\/ranoja-Logo.png","contentUrl":"https:\/\/ranoja.ee\/wp-content\/uploads\/2023\/11\/ranoja-Logo.png","width":207,"height":58,"caption":"Ranoja O\u00dc"},"image":{"@id":"https:\/\/ranoja.ee\/#\/schema\/logo\/image\/"},"sameAs":["https:\/\/www.facebook.com\/ranoja.ee","https:\/\/www.instagram.com\/ranoja__\/"]}]}},"_links":{"self":[{"href":"https:\/\/ranoja.ee\/en\/wp-json\/wp\/v2\/product\/3433","targetHints":{"allow":["GET"]}}],"collection":[{"href":"https:\/\/ranoja.ee\/en\/wp-json\/wp\/v2\/product"}],"about":[{"href":"https:\/\/ranoja.ee\/en\/wp-json\/wp\/v2\/types\/product"}],"wp:featuredmedia":[{"embeddable":true,"href":"https:\/\/ranoja.ee\/en\/wp-json\/wp\/v2\/media\/14561"}],"wp:attachment":[{"href":"https:\/\/ranoja.ee\/en\/wp-json\/wp\/v2\/media?parent=3433"}],"wp:term":[{"taxonomy":"product_cat","embeddable":true,"href":"https:\/\/ranoja.ee\/en\/wp-json\/wp\/v2\/product_cat?post=3433"},{"taxonomy":"product_tag","embeddable":true,"href":"https:\/\/ranoja.ee\/en\/wp-json\/wp\/v2\/product_tag?post=3433"}],"curies":[{"name":"wp","href":"https:\/\/api.w.org\/{rel}","templated":true}]}}