{"id":3345,"date":"2023-07-11T15:56:22","date_gmt":"2023-07-11T12:56:22","guid":{"rendered":"https:\/\/www.ranoja.ee\/?post_type=product&#038;p=3345"},"modified":"2025-12-10T13:20:24","modified_gmt":"2025-12-10T10:20:24","slug":"akukompressor-cedap100li-ilma-aku-laadijata","status":"publish","type":"product","link":"https:\/\/ranoja.ee\/en\/toode\/akukompressor-cedap100li-ilma-aku-laadijata\/","title":{"rendered":"Akukompressor CEDAP100LI (ilma aku\/laadijata)"},"content":{"rendered":"<p>Akukompressor CEDAP100LI (ilma aku\/laadijata)<br \/>\nAkukompressor on elektriline t\u00f6\u00f6riist, mis kasutab akut energiavarustusena ning on m\u00f5eldud \u00f5hu v\u00f5i muu gaasi survestamiseks ja hoidmiseks silindrites. Neid kasutatakse laialdaselt erinevatel eesm\u00e4rkidel nii ehituses, t\u00f6\u00f6stuses kui ka kodudes. Siin on m\u00f5ned n\u00e4ited nende kasutamise kohta:<\/p>\n<p>Ehituses:<\/p>\n<p>\u00d5hut\u00f6\u00f6riistade toide: Akukompressorid v\u00f5imaldavad toita erinevaid \u00f5hut\u00f6\u00f6riistu ehitusplatsidel. N\u00e4iteks \u00f5huhamburid, \u00f5hunaelutid ja \u00f5hup\u00fcstolid n\u00f5uavad \u00f5hur\u00f5hku, mida saab pakkuda akukompressorist.<\/p>\n<p>Rehvide t\u00e4itmine: Ehitusplatsidel ja t\u00f6\u00f6kohtades v\u00f5ib tekkida vajadus t\u00e4ita ja kontrollida raskete masinate ja s\u00f5idukite rehve. Akukompressor v\u00f5imaldab kiiret ja mugavat rehvide t\u00e4itmist \u00f5huga.<\/p>\n<p>Pneumaatiliste t\u00f6\u00f6riistade puhastamine: Pneumaatiliste t\u00f6\u00f6riistade korrap\u00e4rane puhastamine ja \u00f5huga puhumine aitab s\u00e4ilitada nende t\u00f5husust ja pikendada nende eluiga. Akukompressorid pakuvad selleks lihtsat ja t\u00f5husat lahendust.<\/p>\n<p>T\u00f6\u00f6stuses:<\/p>\n<p>Masinate ja seadmete toide: T\u00f6\u00f6stuskeskkondades kasutatakse akukompressoreid sageli masinate ja seadmete toitmiseks, mis vajavad \u00f5hur\u00f5hku oma t\u00f6\u00f6ks. See v\u00f5ib h\u00f5lmata erinevaid t\u00f6\u00f6stust\u00f6\u00f6riistu, pneumaatilisi liigutuss\u00fcsteeme jne.<\/p>\n<p>Puhastamine ja tolmu eemaldamine: T\u00f6\u00f6stuses v\u00f5ib tekkida vajadus puhastada ja eemaldada tolmu masinate ja seadmete \u00fcmbruses. Akukompressorid v\u00f5imaldavad \u00f5huga puhumist ja tolmu eemaldamist t\u00f5husalt ja kiiresti.<\/p>\n<p>Koduses kasutuses:<\/p>\n<p>Rehvide t\u00e4itmine: Kodumajapidamistes kasutatakse akukompressoreid sageli s\u00f5idukite, jalgrataste v\u00f5i muude kummist esemete rehvide t\u00e4itmiseks \u00f5huga.<\/p>\n<p>Kokkuv\u00f5ttes on akukompressorid mitmek\u00fclgsed t\u00f6\u00f6riistad, mis pakuvad palju erinevaid kasutusv\u00f5imalusi nii ehituses, t\u00f6\u00f6stuses kui ka kodudes. Need v\u00f5imaldavad \u00f5huga toita erinevaid t\u00f6\u00f6riistu, t\u00e4ita rehve ja teha muid \u00f5huga seotud \u00fclesandeid, tagades samal ajal liikuvuse ja mugavuse t\u00e4nu akutoitele.<br \/>\nAkukompressor CEDAP100LI (ilma aku\/laadijata)<\/p>\n<p>CEDRUS on \u00fcks suurimaid aiandusmasinate, t\u00f6\u00f6riistade ning metsandus tarvikute edasim\u00fc\u00fcjaid Poolas.<br \/>\nMeie eesm\u00e4rk on pakkuda klientidele k\u00f5rgeima kvaliteediga tooteid konkurentsiv\u00f5imeliste hindadega.<br \/>\nAlates 2016. aastast oleme arendanud ka oma kaubam\u00e4rgi all olevat tootesarja Cedrus.<br \/>\nHetkel pakume enam kui 100 t\u00fc\u00fcpi CEDRUS kaubam\u00e4rgi aia- ja ehitusmasinaid, samuti k\u00f5iki hooldustarvikuid ja varuosi.<br \/>\n<img decoding=\"async\" class=\"alignnone size-medium wp-image-5896\" src=\"https:\/\/www.ranoja.ee\/wp-content\/uploads\/2023\/07\/cedrus-logo-vaike-1-300x99.png\" alt=\"\" width=\"300\" height=\"99\" srcset=\"https:\/\/ranoja.ee\/wp-content\/uploads\/2023\/07\/cedrus-logo-vaike-1-300x99.png 300w, https:\/\/ranoja.ee\/wp-content\/uploads\/2023\/07\/cedrus-logo-vaike-1.png 431w\" sizes=\"(max-width: 300px) 100vw, 300px\" \/><\/p>\n","protected":false},"excerpt":{"rendered":"<p>CEDAP100LI<br \/>\nKompressor (ilma aku\/laadijata)<br \/>\n20V<br \/>\nDigitaalne display kuvab n\u00e4idud<br \/>\nMax \u00f5husruve 7 bar (100 psi) , 30l\/min<br \/>\n\u00d5hukiirus 54m\/s<br \/>\nKaal 0,7kg<br \/>\n<strong>Seadme eeldatav tarneaeg 1-7 t\u00f6\u00f6p\u00e4eva<\/strong><\/p>\n<p><span style=\"color: #3366ff;\"><strong>Antud seade on saadaval ka komplektina:<\/strong><\/span><br \/>\n<strong><span style=\"color: #000000;\"><a style=\"color: #000000;\" href=\"https:\/\/www.ranoja.ee\/toode\/akukompressor-cedap100li-komplekt\/\">Akukompressor CEDAP100LI (Komplekt)<\/a><\/span><\/strong><\/p>\n<p><span style=\"color: #000000;\"><strong>KASUTA SEDA T\u00d6\u00d6RIISTA OMA <span style=\"color: #339966;\">18V &#8211; MAKITA<\/span>, <span style=\"color: #339966;\">BOSCH<\/span> V\u00d5I <span style=\"color: #339966;\">DEWALT<\/span> AKUGA!<\/strong><\/span><\/p>\n<p><a href=\"https:\/\/www.ranoja.ee\/tootekategooria\/akutooriistad\/vaheadapterid\/\"><img decoding=\"async\" class=\"alignnone wp-image-8608\" src=\"https:\/\/www.ranoja.ee\/wp-content\/uploads\/2024\/04\/Vaheadapter-makita-tooriistadele-300x200.jpg\" alt=\"Vaheadapter cedrus akut\u00f6\u00f6riistadele CEDRAD C-M (Makita)\" width=\"200\" height=\"133\" srcset=\"https:\/\/ranoja.ee\/wp-content\/uploads\/2024\/04\/Vaheadapter-makita-tooriistadele-300x200.jpg 300w, https:\/\/ranoja.ee\/wp-content\/uploads\/2024\/04\/Vaheadapter-makita-tooriistadele-1024x683.jpg 1024w, https:\/\/ranoja.ee\/wp-content\/uploads\/2024\/04\/Vaheadapter-makita-tooriistadele-768x512.jpg 768w, https:\/\/ranoja.ee\/wp-content\/uploads\/2024\/04\/Vaheadapter-makita-tooriistadele-800x533.jpg 800w, https:\/\/ranoja.ee\/wp-content\/uploads\/2024\/04\/Vaheadapter-makita-tooriistadele.jpg 1200w\" sizes=\"(max-width: 200px) 100vw, 200px\" \/><\/a><br \/>\n<span style=\"color: #000000;\"><strong><a style=\"color: #000000;\" href=\"https:\/\/www.ranoja.ee\/tootekategooria\/akutooriistad\/vaheadapterid\/\">Leia endale <span style=\"color: #339966;\">sobiv vaheadapter siit\u2192<\/span><\/a><\/strong><\/span><\/p>\n<p><strong><a href=\"https:\/\/www.ranoja.ee\/tootekategooria\/akutooriistad\/akud-ja-laadijad\/\">T\u00f6\u00f6riistale sobivad <span style=\"color: #339966;\">Cedrus Power + akud ja laadijad leiad siit\u2192<\/span><\/a><\/strong><\/p>\n","protected":false},"featured_media":14574,"template":"","meta":{"inline_featured_image":false},"product_cat":[1101,1094,120],"product_tag":[293,291,137,225,292],"class_list":{"0":"post-3345","1":"product","2":"type-product","3":"status-publish","4":"has-post-thumbnail","6":"product_brand-cedrus","7":"product_cat-akukompressorid","8":"product_cat-akutooriistad","9":"product_cat-kompressorid","10":"product_tag-akukompressor","11":"product_tag-cedap100li","12":"product_tag-cedrus","13":"product_tag-cedrus-power","14":"product_tag-kompressor","16":"first","17":"instock","18":"taxable","19":"shipping-taxable","20":"purchasable","21":"product-type-simple"},"yoast_head":"<!-- This site is optimized with the Yoast SEO plugin v27.4 - https:\/\/yoast.com\/product\/yoast-seo-wordpress\/ -->\n<title>Akukompressor CEDAP100LI (ilma aku\/laadijata)<\/title>\n<meta name=\"description\" content=\"Akukompressor CEDAP100LI (ilma aku\/laadijata) Digitaalne display kuvab n\u00e4idud, Max \u00f5husruve 7 bar (100 psi), 30l\/min, \u00d5hukiirus 54m\/s, Kaal 0,7kg\" \/>\n<meta name=\"robots\" content=\"index, follow, max-snippet:-1, max-image-preview:large, max-video-preview:-1\" \/>\n<link rel=\"canonical\" href=\"https:\/\/ranoja.ee\/toode\/akukompressor-cedap100li-ilma-aku-laadijata\/\" \/>\n<meta property=\"og:locale\" content=\"en_US\" \/>\n<meta property=\"og:type\" content=\"article\" \/>\n<meta property=\"og:title\" content=\"Akukompressor CEDAP100LI (ilma aku\/laadijata)\" \/>\n<meta property=\"og:description\" content=\"Akukompressor CEDAP100LI (ilma aku\/laadijata) Digitaalne display kuvab n\u00e4idud, Max \u00f5husruve 7 bar (100 psi), 30l\/min, \u00d5hukiirus 54m\/s, Kaal 0,7kg\" \/>\n<meta property=\"og:url\" content=\"https:\/\/ranoja.ee\/toode\/akukompressor-cedap100li-ilma-aku-laadijata\/\" \/>\n<meta property=\"og:site_name\" content=\"Ranoja\" \/>\n<meta property=\"article:publisher\" content=\"https:\/\/www.facebook.com\/ranoja.ee\" \/>\n<meta property=\"article:modified_time\" content=\"2025-12-10T10:20:24+00:00\" \/>\n<meta property=\"og:image\" content=\"https:\/\/ranoja.ee\/wp-content\/uploads\/2023\/07\/Akukompressor-CEDAP100LI-ilma-akulaadijata.jpg\" \/>\n\t<meta property=\"og:image:width\" content=\"800\" \/>\n\t<meta property=\"og:image:height\" content=\"716\" \/>\n\t<meta property=\"og:image:type\" content=\"image\/jpeg\" \/>\n<meta name=\"twitter:card\" content=\"summary_large_image\" \/>\n<meta name=\"twitter:label1\" content=\"Est. reading time\" \/>\n\t<meta name=\"twitter:data1\" content=\"2 minutes\" \/>\n<script type=\"application\/ld+json\" class=\"yoast-schema-graph\">{\"@context\":\"https:\\\/\\\/schema.org\",\"@graph\":[{\"@type\":\"WebPage\",\"@id\":\"https:\\\/\\\/ranoja.ee\\\/toode\\\/akukompressor-cedap100li-ilma-aku-laadijata\\\/\",\"url\":\"https:\\\/\\\/ranoja.ee\\\/toode\\\/akukompressor-cedap100li-ilma-aku-laadijata\\\/\",\"name\":\"Akukompressor CEDAP100LI (ilma aku\\\/laadijata)\",\"isPartOf\":{\"@id\":\"https:\\\/\\\/ranoja.ee\\\/#website\"},\"primaryImageOfPage\":{\"@id\":\"https:\\\/\\\/ranoja.ee\\\/toode\\\/akukompressor-cedap100li-ilma-aku-laadijata\\\/#primaryimage\"},\"image\":{\"@id\":\"https:\\\/\\\/ranoja.ee\\\/toode\\\/akukompressor-cedap100li-ilma-aku-laadijata\\\/#primaryimage\"},\"thumbnailUrl\":\"https:\\\/\\\/ranoja.ee\\\/wp-content\\\/uploads\\\/2023\\\/07\\\/Akukompressor-CEDAP100LI-ilma-akulaadijata.jpg\",\"datePublished\":\"2023-07-11T12:56:22+00:00\",\"dateModified\":\"2025-12-10T10:20:24+00:00\",\"description\":\"Akukompressor CEDAP100LI (ilma aku\\\/laadijata) Digitaalne display kuvab n\u00e4idud, Max \u00f5husruve 7 bar (100 psi), 30l\\\/min, \u00d5hukiirus 54m\\\/s, Kaal 0,7kg\",\"breadcrumb\":{\"@id\":\"https:\\\/\\\/ranoja.ee\\\/toode\\\/akukompressor-cedap100li-ilma-aku-laadijata\\\/#breadcrumb\"},\"inLanguage\":\"en-US\",\"potentialAction\":[{\"@type\":\"ReadAction\",\"target\":[\"https:\\\/\\\/ranoja.ee\\\/toode\\\/akukompressor-cedap100li-ilma-aku-laadijata\\\/\"]}]},{\"@type\":\"ImageObject\",\"inLanguage\":\"en-US\",\"@id\":\"https:\\\/\\\/ranoja.ee\\\/toode\\\/akukompressor-cedap100li-ilma-aku-laadijata\\\/#primaryimage\",\"url\":\"https:\\\/\\\/ranoja.ee\\\/wp-content\\\/uploads\\\/2023\\\/07\\\/Akukompressor-CEDAP100LI-ilma-akulaadijata.jpg\",\"contentUrl\":\"https:\\\/\\\/ranoja.ee\\\/wp-content\\\/uploads\\\/2023\\\/07\\\/Akukompressor-CEDAP100LI-ilma-akulaadijata.jpg\",\"width\":800,\"height\":716,\"caption\":\"Akukompressor CEDAP100LI (ilma aku\\\/laadijata)\"},{\"@type\":\"BreadcrumbList\",\"@id\":\"https:\\\/\\\/ranoja.ee\\\/toode\\\/akukompressor-cedap100li-ilma-aku-laadijata\\\/#breadcrumb\",\"itemListElement\":[{\"@type\":\"ListItem\",\"position\":1,\"name\":\"Home\",\"item\":\"https:\\\/\\\/ranoja.ee\\\/\"},{\"@type\":\"ListItem\",\"position\":2,\"name\":\"Shop\",\"item\":\"https:\\\/\\\/ranoja.ee\\\/en\\\/shop\\\/\"},{\"@type\":\"ListItem\",\"position\":3,\"name\":\"Akukompressor CEDAP100LI (ilma aku\\\/laadijata)\"}]},{\"@type\":\"WebSite\",\"@id\":\"https:\\\/\\\/ranoja.ee\\\/#website\",\"url\":\"https:\\\/\\\/ranoja.ee\\\/\",\"name\":\"Ranoja\",\"description\":\"Equipment Shop WooCommerce WordPress Theme for Machine &amp; Tools\",\"publisher\":{\"@id\":\"https:\\\/\\\/ranoja.ee\\\/#organization\"},\"potentialAction\":[{\"@type\":\"SearchAction\",\"target\":{\"@type\":\"EntryPoint\",\"urlTemplate\":\"https:\\\/\\\/ranoja.ee\\\/?s={search_term_string}\"},\"query-input\":{\"@type\":\"PropertyValueSpecification\",\"valueRequired\":true,\"valueName\":\"search_term_string\"}}],\"inLanguage\":\"en-US\"},{\"@type\":\"Organization\",\"@id\":\"https:\\\/\\\/ranoja.ee\\\/#organization\",\"name\":\"Ranoja O\u00dc\",\"url\":\"https:\\\/\\\/ranoja.ee\\\/\",\"logo\":{\"@type\":\"ImageObject\",\"inLanguage\":\"en-US\",\"@id\":\"https:\\\/\\\/ranoja.ee\\\/#\\\/schema\\\/logo\\\/image\\\/\",\"url\":\"https:\\\/\\\/ranoja.ee\\\/wp-content\\\/uploads\\\/2023\\\/11\\\/ranoja-Logo.png\",\"contentUrl\":\"https:\\\/\\\/ranoja.ee\\\/wp-content\\\/uploads\\\/2023\\\/11\\\/ranoja-Logo.png\",\"width\":207,\"height\":58,\"caption\":\"Ranoja O\u00dc\"},\"image\":{\"@id\":\"https:\\\/\\\/ranoja.ee\\\/#\\\/schema\\\/logo\\\/image\\\/\"},\"sameAs\":[\"https:\\\/\\\/www.facebook.com\\\/ranoja.ee\",\"https:\\\/\\\/www.instagram.com\\\/ranoja__\\\/\"]}]}<\/script>\n<!-- \/ Yoast SEO plugin. -->","yoast_head_json":{"title":"Akukompressor CEDAP100LI (ilma aku\/laadijata)","description":"Akukompressor CEDAP100LI (ilma aku\/laadijata) Digitaalne display kuvab n\u00e4idud, Max \u00f5husruve 7 bar (100 psi), 30l\/min, \u00d5hukiirus 54m\/s, Kaal 0,7kg","robots":{"index":"index","follow":"follow","max-snippet":"max-snippet:-1","max-image-preview":"max-image-preview:large","max-video-preview":"max-video-preview:-1"},"canonical":"https:\/\/ranoja.ee\/toode\/akukompressor-cedap100li-ilma-aku-laadijata\/","og_locale":"en_US","og_type":"article","og_title":"Akukompressor CEDAP100LI (ilma aku\/laadijata)","og_description":"Akukompressor CEDAP100LI (ilma aku\/laadijata) Digitaalne display kuvab n\u00e4idud, Max \u00f5husruve 7 bar (100 psi), 30l\/min, \u00d5hukiirus 54m\/s, Kaal 0,7kg","og_url":"https:\/\/ranoja.ee\/toode\/akukompressor-cedap100li-ilma-aku-laadijata\/","og_site_name":"Ranoja","article_publisher":"https:\/\/www.facebook.com\/ranoja.ee","article_modified_time":"2025-12-10T10:20:24+00:00","og_image":[{"width":800,"height":716,"url":"https:\/\/ranoja.ee\/wp-content\/uploads\/2023\/07\/Akukompressor-CEDAP100LI-ilma-akulaadijata.jpg","type":"image\/jpeg"}],"twitter_card":"summary_large_image","twitter_misc":{"Est. reading time":"2 minutes"},"schema":{"@context":"https:\/\/schema.org","@graph":[{"@type":"WebPage","@id":"https:\/\/ranoja.ee\/toode\/akukompressor-cedap100li-ilma-aku-laadijata\/","url":"https:\/\/ranoja.ee\/toode\/akukompressor-cedap100li-ilma-aku-laadijata\/","name":"Akukompressor CEDAP100LI (ilma aku\/laadijata)","isPartOf":{"@id":"https:\/\/ranoja.ee\/#website"},"primaryImageOfPage":{"@id":"https:\/\/ranoja.ee\/toode\/akukompressor-cedap100li-ilma-aku-laadijata\/#primaryimage"},"image":{"@id":"https:\/\/ranoja.ee\/toode\/akukompressor-cedap100li-ilma-aku-laadijata\/#primaryimage"},"thumbnailUrl":"https:\/\/ranoja.ee\/wp-content\/uploads\/2023\/07\/Akukompressor-CEDAP100LI-ilma-akulaadijata.jpg","datePublished":"2023-07-11T12:56:22+00:00","dateModified":"2025-12-10T10:20:24+00:00","description":"Akukompressor CEDAP100LI (ilma aku\/laadijata) Digitaalne display kuvab n\u00e4idud, Max \u00f5husruve 7 bar (100 psi), 30l\/min, \u00d5hukiirus 54m\/s, Kaal 0,7kg","breadcrumb":{"@id":"https:\/\/ranoja.ee\/toode\/akukompressor-cedap100li-ilma-aku-laadijata\/#breadcrumb"},"inLanguage":"en-US","potentialAction":[{"@type":"ReadAction","target":["https:\/\/ranoja.ee\/toode\/akukompressor-cedap100li-ilma-aku-laadijata\/"]}]},{"@type":"ImageObject","inLanguage":"en-US","@id":"https:\/\/ranoja.ee\/toode\/akukompressor-cedap100li-ilma-aku-laadijata\/#primaryimage","url":"https:\/\/ranoja.ee\/wp-content\/uploads\/2023\/07\/Akukompressor-CEDAP100LI-ilma-akulaadijata.jpg","contentUrl":"https:\/\/ranoja.ee\/wp-content\/uploads\/2023\/07\/Akukompressor-CEDAP100LI-ilma-akulaadijata.jpg","width":800,"height":716,"caption":"Akukompressor CEDAP100LI (ilma aku\/laadijata)"},{"@type":"BreadcrumbList","@id":"https:\/\/ranoja.ee\/toode\/akukompressor-cedap100li-ilma-aku-laadijata\/#breadcrumb","itemListElement":[{"@type":"ListItem","position":1,"name":"Home","item":"https:\/\/ranoja.ee\/"},{"@type":"ListItem","position":2,"name":"Shop","item":"https:\/\/ranoja.ee\/en\/shop\/"},{"@type":"ListItem","position":3,"name":"Akukompressor CEDAP100LI (ilma aku\/laadijata)"}]},{"@type":"WebSite","@id":"https:\/\/ranoja.ee\/#website","url":"https:\/\/ranoja.ee\/","name":"Ranoja","description":"Equipment Shop WooCommerce WordPress Theme for Machine &amp; Tools","publisher":{"@id":"https:\/\/ranoja.ee\/#organization"},"potentialAction":[{"@type":"SearchAction","target":{"@type":"EntryPoint","urlTemplate":"https:\/\/ranoja.ee\/?s={search_term_string}"},"query-input":{"@type":"PropertyValueSpecification","valueRequired":true,"valueName":"search_term_string"}}],"inLanguage":"en-US"},{"@type":"Organization","@id":"https:\/\/ranoja.ee\/#organization","name":"Ranoja O\u00dc","url":"https:\/\/ranoja.ee\/","logo":{"@type":"ImageObject","inLanguage":"en-US","@id":"https:\/\/ranoja.ee\/#\/schema\/logo\/image\/","url":"https:\/\/ranoja.ee\/wp-content\/uploads\/2023\/11\/ranoja-Logo.png","contentUrl":"https:\/\/ranoja.ee\/wp-content\/uploads\/2023\/11\/ranoja-Logo.png","width":207,"height":58,"caption":"Ranoja O\u00dc"},"image":{"@id":"https:\/\/ranoja.ee\/#\/schema\/logo\/image\/"},"sameAs":["https:\/\/www.facebook.com\/ranoja.ee","https:\/\/www.instagram.com\/ranoja__\/"]}]}},"_links":{"self":[{"href":"https:\/\/ranoja.ee\/en\/wp-json\/wp\/v2\/product\/3345","targetHints":{"allow":["GET"]}}],"collection":[{"href":"https:\/\/ranoja.ee\/en\/wp-json\/wp\/v2\/product"}],"about":[{"href":"https:\/\/ranoja.ee\/en\/wp-json\/wp\/v2\/types\/product"}],"wp:featuredmedia":[{"embeddable":true,"href":"https:\/\/ranoja.ee\/en\/wp-json\/wp\/v2\/media\/14574"}],"wp:attachment":[{"href":"https:\/\/ranoja.ee\/en\/wp-json\/wp\/v2\/media?parent=3345"}],"wp:term":[{"taxonomy":"product_cat","embeddable":true,"href":"https:\/\/ranoja.ee\/en\/wp-json\/wp\/v2\/product_cat?post=3345"},{"taxonomy":"product_tag","embeddable":true,"href":"https:\/\/ranoja.ee\/en\/wp-json\/wp\/v2\/product_tag?post=3345"}],"curies":[{"name":"wp","href":"https:\/\/api.w.org\/{rel}","templated":true}]}}