{"id":3333,"date":"2023-07-11T15:35:20","date_gmt":"2023-07-11T12:35:20","guid":{"rendered":"https:\/\/www.ranoja.ee\/?post_type=product&#038;p=3333"},"modified":"2025-12-10T13:20:25","modified_gmt":"2025-12-10T10:20:25","slug":"akumultitooriist-cedmtli-ilma-aku-laadijata","status":"publish","type":"product","link":"https:\/\/ranoja.ee\/en\/toode\/akumultitooriist-cedmtli-ilma-aku-laadijata\/","title":{"rendered":"Akumultit\u00f6\u00f6riist CEDMTLI (ilma aku\/laadijata)"},"content":{"rendered":"<p>Akumultit\u00f6\u00f6riist CEDMTLI (ilma aku\/laadijata)<br \/>\nAkutoitel multit\u00f6\u00f6riist on k\u00e4eshoitav t\u00f6\u00f6riist, mis on varustatud mitme erineva funktsiooniga, n\u00e4iteks saeketta, liivapaberi, terade jms vahetamise v\u00f5imalusega. Need t\u00f6\u00f6riistad on tavaliselt varustatud taaslaetavate akudega, mis muudab need mugavaks ja liikuvaks.<\/p>\n<p>Siin on m\u00f5ned \u00fcldised juhised akutoitel multit\u00f6\u00f6riista kasutamiseks:<\/p>\n<p>Ohutus: Enne t\u00f6\u00f6riista kasutamist veenduge, et olete lugenud ja m\u00f5istnud kasutusjuhendit ning olete kursis k\u00f5igi ohutusn\u00f5uetega.<\/p>\n<p>Akude laadimine: Veenduge, et t\u00f6\u00f6riista akud oleksid t\u00e4ielikult laetud enne t\u00f6\u00f6 alustamist. J\u00e4rgige tootja poolt antud juhiseid akude laadimise kohta.<\/p>\n<p>\u00d5ige t\u00f6\u00f6riista valik: Valige sobiv t\u00f6\u00f6riistaotsak vastavalt tehtavale t\u00f6\u00f6le. N\u00e4iteks saeketta kasutamine l\u00f5ikamiseks, liivapaberi kasutamine lihvimiseks jne.<\/p>\n<p>T\u00f6\u00f6pinna ettevalmistamine: Enne t\u00f6\u00f6 alustamist veenduge, et t\u00f6\u00f6pind oleks puhas ja tasane ning et teil oleks vajalik isikukaitsevahendite komplekt (kaitseprillid, kuulmiskaitse jne).<\/p>\n<p>T\u00f6\u00f6riista hoidmine: Hoidke t\u00f6\u00f6riista kindlalt k\u00e4es ja j\u00e4lgige, et see oleks stabiilne ja kontrollitav.<\/p>\n<p>\u00d5ige kasutamine: Kasutage t\u00f6\u00f6riista \u00f5igesti vastavalt selle otstarbele. \u00c4rge suruge liiga palju j\u00f5udu, vaid laske t\u00f6\u00f6riistal oma t\u00f6\u00f6d teha.<\/p>\n<p>Hooldus: P\u00e4rast t\u00f6\u00f6 l\u00f5petamist puhastage t\u00f6\u00f6riist korralikult ja hoidke seda kuivas ja puhtas kohas. Vajadusel vahetage tarvikud v\u00e4lja v\u00f5i tehke hooldust vastavalt tootja juhistele.<\/p>\n<p>Need on \u00fcldised juhised akutoitel multit\u00f6\u00f6riista kasutamiseks. Oluline on alati j\u00e4rgida konkreetse t\u00f6\u00f6riista tootja poolt antud juhiseid ja ohutusn\u00f5udeid.<br \/>\nAkumultit\u00f6\u00f6riist CEDMTLI (ilma aku\/laadijata)<\/p>\n<p>CEDRUS on \u00fcks suurimaid aiandusmasinate, t\u00f6\u00f6riistade ning metsandus tarvikute edasim\u00fc\u00fcjaid Poolas.<br \/>\nMeie eesm\u00e4rk on pakkuda klientidele k\u00f5rgeima kvaliteediga tooteid konkurentsiv\u00f5imeliste hindadega.<br \/>\nAlates 2016. aastast oleme arendanud ka oma kaubam\u00e4rgi all olevat tootesarja Cedrus.<br \/>\nHetkel pakume enam kui 100 t\u00fc\u00fcpi CEDRUS kaubam\u00e4rgi aia- ja ehitusmasinaid, samuti k\u00f5iki hooldustarvikuid ja varuosi.<br \/>\n<img decoding=\"async\" src=\"https:\/\/www.ranoja.ee\/wp-content\/uploads\/2023\/07\/cedrus-logo-vaike-1-300x99.png\" alt=\"\" width=\"300\" height=\"99\" class=\"alignnone size-medium wp-image-5896\" srcset=\"https:\/\/ranoja.ee\/wp-content\/uploads\/2023\/07\/cedrus-logo-vaike-1-300x99.png 300w, https:\/\/ranoja.ee\/wp-content\/uploads\/2023\/07\/cedrus-logo-vaike-1.png 431w\" sizes=\"(max-width: 300px) 100vw, 300px\" \/><\/p>\n","protected":false},"excerpt":{"rendered":"<p>CEDMTLI<br \/>\nMultit\u00f6\u00f6riist (ilma aku\/laadijata)<br \/>\n20V<br \/>\nV\u00f5nkesagedus 5000-20000 min (6 erinevat seadistust)<br \/>\nV\u00f5nkenurk vasak\/parem: 3 \u00b0<br \/>\n<strong>Erinevad otsikud kaasas<\/strong><br \/>\nLed valgustus<br \/>\nKaal 1kg<br \/>\n<span style=\"color: #000000;\"><strong>Garantii 1 aasta (eraisikule 3 aastat)<\/strong><\/span><br \/>\n<strong><span style=\"color: #339966;\">ANTUD SEADMEGA SAAB TUTVUDA MEIE PAIDE ESINDUSES KOHAPEAL!<\/span><\/strong><\/p>\n<p><span style=\"color: #000000;\"><strong>KASUTA SEDA T\u00d6\u00d6RIISTA OMA <span style=\"color: #339966;\">18V &#8211; MAKITA<\/span>, <span style=\"color: #339966;\">BOSCH<\/span> V\u00d5I <span style=\"color: #339966;\">DEWALT<\/span> AKUGA!<\/strong><\/span><\/p>\n<p><a href=\"https:\/\/www.ranoja.ee\/tootekategooria\/akutooriistad\/vaheadapterid\/\"><img decoding=\"async\" class=\"alignnone wp-image-8608\" src=\"https:\/\/www.ranoja.ee\/wp-content\/uploads\/2024\/04\/Vaheadapter-makita-tooriistadele-300x200.jpg\" alt=\"Vaheadapter cedrus akut\u00f6\u00f6riistadele CEDRAD C-M (Makita)\" width=\"200\" height=\"133\" srcset=\"https:\/\/ranoja.ee\/wp-content\/uploads\/2024\/04\/Vaheadapter-makita-tooriistadele-300x200.jpg 300w, https:\/\/ranoja.ee\/wp-content\/uploads\/2024\/04\/Vaheadapter-makita-tooriistadele-1024x683.jpg 1024w, https:\/\/ranoja.ee\/wp-content\/uploads\/2024\/04\/Vaheadapter-makita-tooriistadele-768x512.jpg 768w, https:\/\/ranoja.ee\/wp-content\/uploads\/2024\/04\/Vaheadapter-makita-tooriistadele-800x533.jpg 800w, https:\/\/ranoja.ee\/wp-content\/uploads\/2024\/04\/Vaheadapter-makita-tooriistadele.jpg 1200w\" sizes=\"(max-width: 200px) 100vw, 200px\" \/><\/a><br \/>\n<span style=\"color: #000000;\"><strong><a style=\"color: #000000;\" href=\"https:\/\/www.ranoja.ee\/tootekategooria\/akutooriistad\/vaheadapterid\/\">Leia endale <span style=\"color: #339966;\">sobiv vaheadapter siit\u2192<\/span><\/a><\/strong><\/span><\/p>\n<p><strong><a href=\"https:\/\/www.ranoja.ee\/tootekategooria\/akutooriistad\/akud-ja-laadijad\/\">T\u00f6\u00f6riistale sobivad <span style=\"color: #339966;\">Cedrus Power + akud ja laadijad leiad siit\u2192<\/span><\/a><\/strong><br \/>\n[embed]https:\/\/www.youtube.com\/watch?v=Qmc187WfSPM&#038;t=5s[\/embed]<\/p>\n","protected":false},"featured_media":3334,"template":"","meta":{"inline_featured_image":false},"product_cat":[1094,1112],"product_tag":[288,286,137,225,287],"class_list":{"0":"post-3333","1":"product","2":"type-product","3":"status-publish","4":"has-post-thumbnail","6":"product_brand-cedrus","7":"product_cat-akutooriistad","8":"product_cat-multitooriistad","9":"product_tag-akumultitooriist","10":"product_tag-cedmtli","11":"product_tag-cedrus","12":"product_tag-cedrus-power","13":"product_tag-multitooriist","15":"first","16":"instock","17":"taxable","18":"shipping-taxable","19":"purchasable","20":"product-type-simple"},"yoast_head":"<!-- This site is optimized with the Yoast SEO plugin v27.4 - https:\/\/yoast.com\/product\/yoast-seo-wordpress\/ -->\n<title>Akumultit\u00f6\u00f6riist CEDMTLI (ilma aku\/laadijata)<\/title>\n<meta name=\"description\" content=\"CEDMTLIMultit\u00f6\u00f6riist (ilma aku\/laadijata)20VV\u00f5nkesagedus 5000-20000 min Akumultit\u00f6\u00f6riist CEDMTLI (ilma aku\/laadijata) Led valgustus\" \/>\n<meta name=\"robots\" content=\"index, follow, max-snippet:-1, max-image-preview:large, max-video-preview:-1\" \/>\n<link rel=\"canonical\" href=\"https:\/\/ranoja.ee\/toode\/akumultitooriist-cedmtli-ilma-aku-laadijata\/\" \/>\n<meta property=\"og:locale\" content=\"en_US\" \/>\n<meta property=\"og:type\" content=\"article\" \/>\n<meta property=\"og:title\" content=\"Akumultit\u00f6\u00f6riist CEDMTLI (ilma aku\/laadijata)\" \/>\n<meta property=\"og:description\" content=\"CEDMTLIMultit\u00f6\u00f6riist (ilma aku\/laadijata)20VV\u00f5nkesagedus 5000-20000 min Akumultit\u00f6\u00f6riist CEDMTLI (ilma aku\/laadijata) Led valgustus\" \/>\n<meta property=\"og:url\" content=\"https:\/\/ranoja.ee\/toode\/akumultitooriist-cedmtli-ilma-aku-laadijata\/\" \/>\n<meta property=\"og:site_name\" content=\"Ranoja\" \/>\n<meta property=\"article:publisher\" content=\"https:\/\/www.facebook.com\/ranoja.ee\" \/>\n<meta property=\"article:modified_time\" content=\"2025-12-10T10:20:25+00:00\" \/>\n<meta property=\"og:image\" content=\"https:\/\/ranoja.ee\/wp-content\/uploads\/2023\/07\/Akumultitooriist-CEDMTLI.png\" \/>\n\t<meta property=\"og:image:width\" content=\"800\" \/>\n\t<meta property=\"og:image:height\" content=\"403\" \/>\n\t<meta property=\"og:image:type\" content=\"image\/png\" \/>\n<meta name=\"twitter:card\" content=\"summary_large_image\" \/>\n<meta name=\"twitter:label1\" content=\"Est. reading time\" \/>\n\t<meta name=\"twitter:data1\" content=\"2 minutes\" \/>\n<script type=\"application\/ld+json\" class=\"yoast-schema-graph\">{\"@context\":\"https:\\\/\\\/schema.org\",\"@graph\":[{\"@type\":\"WebPage\",\"@id\":\"https:\\\/\\\/ranoja.ee\\\/toode\\\/akumultitooriist-cedmtli-ilma-aku-laadijata\\\/\",\"url\":\"https:\\\/\\\/ranoja.ee\\\/toode\\\/akumultitooriist-cedmtli-ilma-aku-laadijata\\\/\",\"name\":\"Akumultit\u00f6\u00f6riist CEDMTLI (ilma aku\\\/laadijata)\",\"isPartOf\":{\"@id\":\"https:\\\/\\\/ranoja.ee\\\/#website\"},\"primaryImageOfPage\":{\"@id\":\"https:\\\/\\\/ranoja.ee\\\/toode\\\/akumultitooriist-cedmtli-ilma-aku-laadijata\\\/#primaryimage\"},\"image\":{\"@id\":\"https:\\\/\\\/ranoja.ee\\\/toode\\\/akumultitooriist-cedmtli-ilma-aku-laadijata\\\/#primaryimage\"},\"thumbnailUrl\":\"https:\\\/\\\/ranoja.ee\\\/wp-content\\\/uploads\\\/2023\\\/07\\\/Akumultitooriist-CEDMTLI.png\",\"datePublished\":\"2023-07-11T12:35:20+00:00\",\"dateModified\":\"2025-12-10T10:20:25+00:00\",\"description\":\"CEDMTLIMultit\u00f6\u00f6riist (ilma aku\\\/laadijata)20VV\u00f5nkesagedus 5000-20000 min Akumultit\u00f6\u00f6riist CEDMTLI (ilma aku\\\/laadijata) Led valgustus\",\"breadcrumb\":{\"@id\":\"https:\\\/\\\/ranoja.ee\\\/toode\\\/akumultitooriist-cedmtli-ilma-aku-laadijata\\\/#breadcrumb\"},\"inLanguage\":\"en-US\",\"potentialAction\":[{\"@type\":\"ReadAction\",\"target\":[\"https:\\\/\\\/ranoja.ee\\\/toode\\\/akumultitooriist-cedmtli-ilma-aku-laadijata\\\/\"]}]},{\"@type\":\"ImageObject\",\"inLanguage\":\"en-US\",\"@id\":\"https:\\\/\\\/ranoja.ee\\\/toode\\\/akumultitooriist-cedmtli-ilma-aku-laadijata\\\/#primaryimage\",\"url\":\"https:\\\/\\\/ranoja.ee\\\/wp-content\\\/uploads\\\/2023\\\/07\\\/Akumultitooriist-CEDMTLI.png\",\"contentUrl\":\"https:\\\/\\\/ranoja.ee\\\/wp-content\\\/uploads\\\/2023\\\/07\\\/Akumultitooriist-CEDMTLI.png\",\"width\":800,\"height\":403,\"caption\":\"Akumultit\u00f6\u00f6riist CEDMTLI (ilma aku\\\/laadijata)\"},{\"@type\":\"BreadcrumbList\",\"@id\":\"https:\\\/\\\/ranoja.ee\\\/toode\\\/akumultitooriist-cedmtli-ilma-aku-laadijata\\\/#breadcrumb\",\"itemListElement\":[{\"@type\":\"ListItem\",\"position\":1,\"name\":\"Home\",\"item\":\"https:\\\/\\\/ranoja.ee\\\/\"},{\"@type\":\"ListItem\",\"position\":2,\"name\":\"Shop\",\"item\":\"https:\\\/\\\/ranoja.ee\\\/en\\\/shop\\\/\"},{\"@type\":\"ListItem\",\"position\":3,\"name\":\"Akumultit\u00f6\u00f6riist CEDMTLI (ilma aku\\\/laadijata)\"}]},{\"@type\":\"WebSite\",\"@id\":\"https:\\\/\\\/ranoja.ee\\\/#website\",\"url\":\"https:\\\/\\\/ranoja.ee\\\/\",\"name\":\"Ranoja\",\"description\":\"Equipment Shop WooCommerce WordPress Theme for Machine &amp; Tools\",\"publisher\":{\"@id\":\"https:\\\/\\\/ranoja.ee\\\/#organization\"},\"potentialAction\":[{\"@type\":\"SearchAction\",\"target\":{\"@type\":\"EntryPoint\",\"urlTemplate\":\"https:\\\/\\\/ranoja.ee\\\/?s={search_term_string}\"},\"query-input\":{\"@type\":\"PropertyValueSpecification\",\"valueRequired\":true,\"valueName\":\"search_term_string\"}}],\"inLanguage\":\"en-US\"},{\"@type\":\"Organization\",\"@id\":\"https:\\\/\\\/ranoja.ee\\\/#organization\",\"name\":\"Ranoja O\u00dc\",\"url\":\"https:\\\/\\\/ranoja.ee\\\/\",\"logo\":{\"@type\":\"ImageObject\",\"inLanguage\":\"en-US\",\"@id\":\"https:\\\/\\\/ranoja.ee\\\/#\\\/schema\\\/logo\\\/image\\\/\",\"url\":\"https:\\\/\\\/ranoja.ee\\\/wp-content\\\/uploads\\\/2023\\\/11\\\/ranoja-Logo.png\",\"contentUrl\":\"https:\\\/\\\/ranoja.ee\\\/wp-content\\\/uploads\\\/2023\\\/11\\\/ranoja-Logo.png\",\"width\":207,\"height\":58,\"caption\":\"Ranoja O\u00dc\"},\"image\":{\"@id\":\"https:\\\/\\\/ranoja.ee\\\/#\\\/schema\\\/logo\\\/image\\\/\"},\"sameAs\":[\"https:\\\/\\\/www.facebook.com\\\/ranoja.ee\",\"https:\\\/\\\/www.instagram.com\\\/ranoja__\\\/\"]}]}<\/script>\n<!-- \/ Yoast SEO plugin. -->","yoast_head_json":{"title":"Akumultit\u00f6\u00f6riist CEDMTLI (ilma aku\/laadijata)","description":"CEDMTLIMultit\u00f6\u00f6riist (ilma aku\/laadijata)20VV\u00f5nkesagedus 5000-20000 min Akumultit\u00f6\u00f6riist CEDMTLI (ilma aku\/laadijata) Led valgustus","robots":{"index":"index","follow":"follow","max-snippet":"max-snippet:-1","max-image-preview":"max-image-preview:large","max-video-preview":"max-video-preview:-1"},"canonical":"https:\/\/ranoja.ee\/toode\/akumultitooriist-cedmtli-ilma-aku-laadijata\/","og_locale":"en_US","og_type":"article","og_title":"Akumultit\u00f6\u00f6riist CEDMTLI (ilma aku\/laadijata)","og_description":"CEDMTLIMultit\u00f6\u00f6riist (ilma aku\/laadijata)20VV\u00f5nkesagedus 5000-20000 min Akumultit\u00f6\u00f6riist CEDMTLI (ilma aku\/laadijata) Led valgustus","og_url":"https:\/\/ranoja.ee\/toode\/akumultitooriist-cedmtli-ilma-aku-laadijata\/","og_site_name":"Ranoja","article_publisher":"https:\/\/www.facebook.com\/ranoja.ee","article_modified_time":"2025-12-10T10:20:25+00:00","og_image":[{"width":800,"height":403,"url":"https:\/\/ranoja.ee\/wp-content\/uploads\/2023\/07\/Akumultitooriist-CEDMTLI.png","type":"image\/png"}],"twitter_card":"summary_large_image","twitter_misc":{"Est. reading time":"2 minutes"},"schema":{"@context":"https:\/\/schema.org","@graph":[{"@type":"WebPage","@id":"https:\/\/ranoja.ee\/toode\/akumultitooriist-cedmtli-ilma-aku-laadijata\/","url":"https:\/\/ranoja.ee\/toode\/akumultitooriist-cedmtli-ilma-aku-laadijata\/","name":"Akumultit\u00f6\u00f6riist CEDMTLI (ilma aku\/laadijata)","isPartOf":{"@id":"https:\/\/ranoja.ee\/#website"},"primaryImageOfPage":{"@id":"https:\/\/ranoja.ee\/toode\/akumultitooriist-cedmtli-ilma-aku-laadijata\/#primaryimage"},"image":{"@id":"https:\/\/ranoja.ee\/toode\/akumultitooriist-cedmtli-ilma-aku-laadijata\/#primaryimage"},"thumbnailUrl":"https:\/\/ranoja.ee\/wp-content\/uploads\/2023\/07\/Akumultitooriist-CEDMTLI.png","datePublished":"2023-07-11T12:35:20+00:00","dateModified":"2025-12-10T10:20:25+00:00","description":"CEDMTLIMultit\u00f6\u00f6riist (ilma aku\/laadijata)20VV\u00f5nkesagedus 5000-20000 min Akumultit\u00f6\u00f6riist CEDMTLI (ilma aku\/laadijata) Led valgustus","breadcrumb":{"@id":"https:\/\/ranoja.ee\/toode\/akumultitooriist-cedmtli-ilma-aku-laadijata\/#breadcrumb"},"inLanguage":"en-US","potentialAction":[{"@type":"ReadAction","target":["https:\/\/ranoja.ee\/toode\/akumultitooriist-cedmtli-ilma-aku-laadijata\/"]}]},{"@type":"ImageObject","inLanguage":"en-US","@id":"https:\/\/ranoja.ee\/toode\/akumultitooriist-cedmtli-ilma-aku-laadijata\/#primaryimage","url":"https:\/\/ranoja.ee\/wp-content\/uploads\/2023\/07\/Akumultitooriist-CEDMTLI.png","contentUrl":"https:\/\/ranoja.ee\/wp-content\/uploads\/2023\/07\/Akumultitooriist-CEDMTLI.png","width":800,"height":403,"caption":"Akumultit\u00f6\u00f6riist CEDMTLI (ilma aku\/laadijata)"},{"@type":"BreadcrumbList","@id":"https:\/\/ranoja.ee\/toode\/akumultitooriist-cedmtli-ilma-aku-laadijata\/#breadcrumb","itemListElement":[{"@type":"ListItem","position":1,"name":"Home","item":"https:\/\/ranoja.ee\/"},{"@type":"ListItem","position":2,"name":"Shop","item":"https:\/\/ranoja.ee\/en\/shop\/"},{"@type":"ListItem","position":3,"name":"Akumultit\u00f6\u00f6riist CEDMTLI (ilma aku\/laadijata)"}]},{"@type":"WebSite","@id":"https:\/\/ranoja.ee\/#website","url":"https:\/\/ranoja.ee\/","name":"Ranoja","description":"Equipment Shop WooCommerce WordPress Theme for Machine &amp; Tools","publisher":{"@id":"https:\/\/ranoja.ee\/#organization"},"potentialAction":[{"@type":"SearchAction","target":{"@type":"EntryPoint","urlTemplate":"https:\/\/ranoja.ee\/?s={search_term_string}"},"query-input":{"@type":"PropertyValueSpecification","valueRequired":true,"valueName":"search_term_string"}}],"inLanguage":"en-US"},{"@type":"Organization","@id":"https:\/\/ranoja.ee\/#organization","name":"Ranoja O\u00dc","url":"https:\/\/ranoja.ee\/","logo":{"@type":"ImageObject","inLanguage":"en-US","@id":"https:\/\/ranoja.ee\/#\/schema\/logo\/image\/","url":"https:\/\/ranoja.ee\/wp-content\/uploads\/2023\/11\/ranoja-Logo.png","contentUrl":"https:\/\/ranoja.ee\/wp-content\/uploads\/2023\/11\/ranoja-Logo.png","width":207,"height":58,"caption":"Ranoja O\u00dc"},"image":{"@id":"https:\/\/ranoja.ee\/#\/schema\/logo\/image\/"},"sameAs":["https:\/\/www.facebook.com\/ranoja.ee","https:\/\/www.instagram.com\/ranoja__\/"]}]}},"_links":{"self":[{"href":"https:\/\/ranoja.ee\/en\/wp-json\/wp\/v2\/product\/3333","targetHints":{"allow":["GET"]}}],"collection":[{"href":"https:\/\/ranoja.ee\/en\/wp-json\/wp\/v2\/product"}],"about":[{"href":"https:\/\/ranoja.ee\/en\/wp-json\/wp\/v2\/types\/product"}],"wp:featuredmedia":[{"embeddable":true,"href":"https:\/\/ranoja.ee\/en\/wp-json\/wp\/v2\/media\/3334"}],"wp:attachment":[{"href":"https:\/\/ranoja.ee\/en\/wp-json\/wp\/v2\/media?parent=3333"}],"wp:term":[{"taxonomy":"product_cat","embeddable":true,"href":"https:\/\/ranoja.ee\/en\/wp-json\/wp\/v2\/product_cat?post=3333"},{"taxonomy":"product_tag","embeddable":true,"href":"https:\/\/ranoja.ee\/en\/wp-json\/wp\/v2\/product_tag?post=3333"}],"curies":[{"name":"wp","href":"https:\/\/api.w.org\/{rel}","templated":true}]}}