{"id":3324,"date":"2023-07-11T15:23:08","date_gmt":"2023-07-11T12:23:08","guid":{"rendered":"https:\/\/www.ranoja.ee\/?post_type=product&#038;p=3324"},"modified":"2025-12-10T13:20:25","modified_gmt":"2025-12-10T10:20:25","slug":"aku-naela-klambripuss-cedngli-ilma-aku-laadijata","status":"publish","type":"product","link":"https:\/\/ranoja.ee\/en\/toode\/aku-naela-klambripuss-cedngli-ilma-aku-laadijata\/","title":{"rendered":"Aku naela\/klambrip\u00fcss CEDNGLI (ilma aku\/laadijata)"},"content":{"rendered":"<p>Aku naela\/klambrip\u00fcss CEDNGLI (ilma aku\/laadijata)<br \/>\nKlambri- ja naelap\u00fcstolid akutoitel on elektrilised t\u00f6\u00f6riistad, mis kasutavad toiteallikana akut ning on m\u00f5eldud klambrite v\u00f5i naelte kiireks ja t\u00f5husaks paigaldamiseks erinevatele pindadele. Need t\u00f6\u00f6riistad on populaarsed ehituses, puidut\u00f6\u00f6stuses, m\u00f6\u00f6blit\u00f6\u00f6stuses ja muudes valdkondades, kus on vaja kiiret ja t\u00e4pset kinnituslahendust. Siin on m\u00f5ned n\u00e4ited nende kasutamise kohta:<\/p>\n<p>Ehitus:<\/p>\n<p>Raamide ja konstruktsioonide kokkupanek: Klambri- ja naelap\u00fcstolid on h\u00e4davajalikud t\u00f6\u00f6riistad ehitusplatsidel, kus neid kasutatakse raamide, konstruktsioonide ja muude ehitusdetailide kokkupanekuks. N\u00e4iteks v\u00f5ivad need olla kasulikud karkasside, seinte, katusekattete ja muude struktuuride paigaldamisel.<\/p>\n<p>Viimistlust\u00f6\u00f6d: Klambri- ja naelap\u00fcstolid v\u00f5ivad olla kasulikud ka viimistlust\u00f6\u00f6del, n\u00e4iteks p\u00f5randaliistude, aknaliistude, uksepakettide ja muude siseviimistlusdetailide paigaldamisel. Need v\u00f5imaldavad kiiret ja t\u00e4pset kinnitamist, tagades puhta ja professionaalse tulemuse.<\/p>\n<p>Puidut\u00f6\u00f6stus:<\/p>\n<p>M\u00f6\u00f6bli valmistamine: Klambri- ja naelap\u00fcstolid on olulised t\u00f6\u00f6riistad m\u00f6\u00f6blit\u00f6\u00f6stuses, kus neid kasutatakse m\u00f6\u00f6bli kokkupanekuks ja kinnitamiseks. N\u00e4iteks v\u00f5ivad need olla kasulikud toolide, laudade, kappide ja muude m\u00f6\u00f6bliesemete tootmisel.<\/p>\n<p>Karpimine ja pakendamine: Pakendamisel v\u00f5i karpimisel v\u00f5ivad klambri- ja naelap\u00fcstolid olla kasulikud, aidates kiiresti ja t\u00f5husalt kinnitada kaste, pakendeid ja muid pakendimaterjale.<br \/>\nAku naela\/klambrip\u00fcss CEDNGLI (ilma aku\/laadijata)<\/p>\n<p>CEDRUS on \u00fcks suurimaid aiandusmasinate, t\u00f6\u00f6riistade ning metsandus tarvikute edasim\u00fc\u00fcjaid Poolas.<br \/>\nMeie eesm\u00e4rk on pakkuda klientidele k\u00f5rgeima kvaliteediga tooteid konkurentsiv\u00f5imeliste hindadega.<br \/>\nAlates 2016. aastast oleme arendanud ka oma kaubam\u00e4rgi all olevat tootesarja Cedrus.<br \/>\nHetkel pakume enam kui 100 t\u00fc\u00fcpi CEDRUS kaubam\u00e4rgi aia- ja ehitusmasinaid, samuti k\u00f5iki hooldustarvikuid ja varuosi.<br \/>\n<img decoding=\"async\" src=\"https:\/\/www.ranoja.ee\/wp-content\/uploads\/2023\/07\/cedrus-logo-vaike-1-300x99.png\" alt=\"\" width=\"300\" height=\"99\" class=\"alignnone size-medium wp-image-5896\" srcset=\"https:\/\/ranoja.ee\/wp-content\/uploads\/2023\/07\/cedrus-logo-vaike-1-300x99.png 300w, https:\/\/ranoja.ee\/wp-content\/uploads\/2023\/07\/cedrus-logo-vaike-1.png 431w\" sizes=\"(max-width: 300px) 100vw, 300px\" \/><\/p>\n","protected":false},"excerpt":{"rendered":"<p>CEDNGLI<br \/>\nNaela\/klambrip\u00fcss (ilma aku\/laadijata)<br \/>\n20V<br \/>\nLi-ion t\u00fc\u00fcp<br \/>\nKuni 30 naela minutis<br \/>\n<strong>Naelte suurus 15-32mm<\/strong><br \/>\n<strong>Klambrite suurus 15-25mm<\/strong><br \/>\nKaal 1,8kg<br \/>\nSalves 50 naela<br \/>\n6 erinevat seadistust s\u00fcgavusele<br \/>\nLed valgustus<br \/>\n<strong>Komplektis on kaasas 400tk 20mm klambrit, 100tk 20mm naela!<\/strong><br \/>\n<span style=\"color: #000000;\"><strong>Garantii 1 aasta (eraisikule 3 aastat)<\/strong><\/span><br \/>\n<strong><span style=\"color: #339966;\">ANTUD SEADMEGA SAAB TUTVUDA MEIE PAIDE ESINDUSES KOHAPEAL!<\/span><\/strong><\/p>\n<p><span style=\"color: #000000;\"><strong>KASUTA SEDA T\u00d6\u00d6RIISTA OMA <span style=\"color: #339966;\">18V &#8211; MAKITA<\/span>, <span style=\"color: #339966;\">BOSCH<\/span> V\u00d5I <span style=\"color: #339966;\">DEWALT<\/span> AKUGA!<\/strong><\/span><\/p>\n<p><a href=\"https:\/\/www.ranoja.ee\/tootekategooria\/akutooriistad\/vaheadapterid\/\"><img decoding=\"async\" class=\"alignnone wp-image-8608\" src=\"https:\/\/www.ranoja.ee\/wp-content\/uploads\/2024\/04\/Vaheadapter-makita-tooriistadele-300x200.jpg\" alt=\"Vaheadapter cedrus akut\u00f6\u00f6riistadele CEDRAD C-M (Makita)\" width=\"200\" height=\"133\" srcset=\"https:\/\/ranoja.ee\/wp-content\/uploads\/2024\/04\/Vaheadapter-makita-tooriistadele-300x200.jpg 300w, https:\/\/ranoja.ee\/wp-content\/uploads\/2024\/04\/Vaheadapter-makita-tooriistadele-1024x683.jpg 1024w, https:\/\/ranoja.ee\/wp-content\/uploads\/2024\/04\/Vaheadapter-makita-tooriistadele-768x512.jpg 768w, https:\/\/ranoja.ee\/wp-content\/uploads\/2024\/04\/Vaheadapter-makita-tooriistadele-800x533.jpg 800w, https:\/\/ranoja.ee\/wp-content\/uploads\/2024\/04\/Vaheadapter-makita-tooriistadele.jpg 1200w\" sizes=\"(max-width: 200px) 100vw, 200px\" \/><\/a><br \/>\n<span style=\"color: #000000;\"><strong><a style=\"color: #000000;\" href=\"https:\/\/www.ranoja.ee\/tootekategooria\/akutooriistad\/vaheadapterid\/\">Leia endale <span style=\"color: #339966;\">sobiv vaheadapter siit\u2192<\/span><\/a><\/strong><\/span><\/p>\n<p><strong><a href=\"https:\/\/www.ranoja.ee\/tootekategooria\/akutooriistad\/akud-ja-laadijad\/\">T\u00f6\u00f6riistale sobivad <span style=\"color: #339966;\">Cedrus Power + akud ja laadijad leiad siit\u2192<\/span><\/a><\/strong><\/p>\n","protected":false},"featured_media":3325,"template":"","meta":{"inline_featured_image":false},"product_cat":[1094,1109],"product_tag":[285,284,283,137,225],"class_list":{"0":"post-3324","1":"product","2":"type-product","3":"status-publish","4":"has-post-thumbnail","6":"product_brand-cedrus","7":"product_cat-akutooriistad","8":"product_cat-klambri-ja-naelapustolid","9":"product_tag-akuklambripuss","10":"product_tag-akunaelapuss","11":"product_tag-cedngli","12":"product_tag-cedrus","13":"product_tag-cedrus-power","15":"first","16":"instock","17":"taxable","18":"shipping-taxable","19":"purchasable","20":"product-type-simple"},"yoast_head":"<!-- This site is optimized with the Yoast SEO plugin v27.4 - https:\/\/yoast.com\/product\/yoast-seo-wordpress\/ -->\n<title>Aku naela\/klambrip\u00fcss CEDNGLI (ilma aku\/laadijata)<\/title>\n<meta name=\"description\" content=\"Aku naela\/klambrip\u00fcss CEDNGLI (ilma aku\/laadijata) 20VLi-ion t\u00fc\u00fcpKuni 30 naela minutis. Mugav paigaldada kattematerjale ja liiste.\" \/>\n<meta name=\"robots\" content=\"index, follow, max-snippet:-1, max-image-preview:large, max-video-preview:-1\" \/>\n<link rel=\"canonical\" href=\"https:\/\/ranoja.ee\/toode\/aku-naela-klambripuss-cedngli-ilma-aku-laadijata\/\" \/>\n<meta property=\"og:locale\" content=\"en_US\" \/>\n<meta property=\"og:type\" content=\"article\" \/>\n<meta property=\"og:title\" content=\"Aku naela\/klambrip\u00fcss CEDNGLI (ilma aku\/laadijata)\" \/>\n<meta property=\"og:description\" content=\"Aku naela\/klambrip\u00fcss CEDNGLI (ilma aku\/laadijata) 20VLi-ion t\u00fc\u00fcpKuni 30 naela minutis. Mugav paigaldada kattematerjale ja liiste.\" \/>\n<meta property=\"og:url\" content=\"https:\/\/ranoja.ee\/toode\/aku-naela-klambripuss-cedngli-ilma-aku-laadijata\/\" \/>\n<meta property=\"og:site_name\" content=\"Ranoja\" \/>\n<meta property=\"article:publisher\" content=\"https:\/\/www.facebook.com\/ranoja.ee\" \/>\n<meta property=\"article:modified_time\" content=\"2025-12-10T10:20:25+00:00\" \/>\n<meta property=\"og:image\" content=\"https:\/\/ranoja.ee\/wp-content\/uploads\/2023\/07\/klambripuss-CEDNGLI.png\" \/>\n\t<meta property=\"og:image:width\" content=\"740\" \/>\n\t<meta property=\"og:image:height\" content=\"800\" \/>\n\t<meta property=\"og:image:type\" content=\"image\/png\" \/>\n<meta name=\"twitter:card\" content=\"summary_large_image\" \/>\n<meta name=\"twitter:label1\" content=\"Est. reading time\" \/>\n\t<meta name=\"twitter:data1\" content=\"2 minutes\" \/>\n<script type=\"application\/ld+json\" class=\"yoast-schema-graph\">{\"@context\":\"https:\\\/\\\/schema.org\",\"@graph\":[{\"@type\":\"WebPage\",\"@id\":\"https:\\\/\\\/ranoja.ee\\\/toode\\\/aku-naela-klambripuss-cedngli-ilma-aku-laadijata\\\/\",\"url\":\"https:\\\/\\\/ranoja.ee\\\/toode\\\/aku-naela-klambripuss-cedngli-ilma-aku-laadijata\\\/\",\"name\":\"Aku naela\\\/klambrip\u00fcss CEDNGLI (ilma aku\\\/laadijata)\",\"isPartOf\":{\"@id\":\"https:\\\/\\\/ranoja.ee\\\/#website\"},\"primaryImageOfPage\":{\"@id\":\"https:\\\/\\\/ranoja.ee\\\/toode\\\/aku-naela-klambripuss-cedngli-ilma-aku-laadijata\\\/#primaryimage\"},\"image\":{\"@id\":\"https:\\\/\\\/ranoja.ee\\\/toode\\\/aku-naela-klambripuss-cedngli-ilma-aku-laadijata\\\/#primaryimage\"},\"thumbnailUrl\":\"https:\\\/\\\/ranoja.ee\\\/wp-content\\\/uploads\\\/2023\\\/07\\\/klambripuss-CEDNGLI.png\",\"datePublished\":\"2023-07-11T12:23:08+00:00\",\"dateModified\":\"2025-12-10T10:20:25+00:00\",\"description\":\"Aku naela\\\/klambrip\u00fcss CEDNGLI (ilma aku\\\/laadijata) 20VLi-ion t\u00fc\u00fcpKuni 30 naela minutis. Mugav paigaldada kattematerjale ja liiste.\",\"breadcrumb\":{\"@id\":\"https:\\\/\\\/ranoja.ee\\\/toode\\\/aku-naela-klambripuss-cedngli-ilma-aku-laadijata\\\/#breadcrumb\"},\"inLanguage\":\"en-US\",\"potentialAction\":[{\"@type\":\"ReadAction\",\"target\":[\"https:\\\/\\\/ranoja.ee\\\/toode\\\/aku-naela-klambripuss-cedngli-ilma-aku-laadijata\\\/\"]}]},{\"@type\":\"ImageObject\",\"inLanguage\":\"en-US\",\"@id\":\"https:\\\/\\\/ranoja.ee\\\/toode\\\/aku-naela-klambripuss-cedngli-ilma-aku-laadijata\\\/#primaryimage\",\"url\":\"https:\\\/\\\/ranoja.ee\\\/wp-content\\\/uploads\\\/2023\\\/07\\\/klambripuss-CEDNGLI.png\",\"contentUrl\":\"https:\\\/\\\/ranoja.ee\\\/wp-content\\\/uploads\\\/2023\\\/07\\\/klambripuss-CEDNGLI.png\",\"width\":740,\"height\":800,\"caption\":\"Aku naela\\\/klambrip\u00fcss CEDNGLI (ilma aku\\\/laadijata)\"},{\"@type\":\"BreadcrumbList\",\"@id\":\"https:\\\/\\\/ranoja.ee\\\/toode\\\/aku-naela-klambripuss-cedngli-ilma-aku-laadijata\\\/#breadcrumb\",\"itemListElement\":[{\"@type\":\"ListItem\",\"position\":1,\"name\":\"Home\",\"item\":\"https:\\\/\\\/ranoja.ee\\\/\"},{\"@type\":\"ListItem\",\"position\":2,\"name\":\"Shop\",\"item\":\"https:\\\/\\\/ranoja.ee\\\/en\\\/shop\\\/\"},{\"@type\":\"ListItem\",\"position\":3,\"name\":\"Aku naela\\\/klambrip\u00fcss CEDNGLI (ilma aku\\\/laadijata)\"}]},{\"@type\":\"WebSite\",\"@id\":\"https:\\\/\\\/ranoja.ee\\\/#website\",\"url\":\"https:\\\/\\\/ranoja.ee\\\/\",\"name\":\"Ranoja\",\"description\":\"Equipment Shop WooCommerce WordPress Theme for Machine &amp; Tools\",\"publisher\":{\"@id\":\"https:\\\/\\\/ranoja.ee\\\/#organization\"},\"potentialAction\":[{\"@type\":\"SearchAction\",\"target\":{\"@type\":\"EntryPoint\",\"urlTemplate\":\"https:\\\/\\\/ranoja.ee\\\/?s={search_term_string}\"},\"query-input\":{\"@type\":\"PropertyValueSpecification\",\"valueRequired\":true,\"valueName\":\"search_term_string\"}}],\"inLanguage\":\"en-US\"},{\"@type\":\"Organization\",\"@id\":\"https:\\\/\\\/ranoja.ee\\\/#organization\",\"name\":\"Ranoja O\u00dc\",\"url\":\"https:\\\/\\\/ranoja.ee\\\/\",\"logo\":{\"@type\":\"ImageObject\",\"inLanguage\":\"en-US\",\"@id\":\"https:\\\/\\\/ranoja.ee\\\/#\\\/schema\\\/logo\\\/image\\\/\",\"url\":\"https:\\\/\\\/ranoja.ee\\\/wp-content\\\/uploads\\\/2023\\\/11\\\/ranoja-Logo.png\",\"contentUrl\":\"https:\\\/\\\/ranoja.ee\\\/wp-content\\\/uploads\\\/2023\\\/11\\\/ranoja-Logo.png\",\"width\":207,\"height\":58,\"caption\":\"Ranoja O\u00dc\"},\"image\":{\"@id\":\"https:\\\/\\\/ranoja.ee\\\/#\\\/schema\\\/logo\\\/image\\\/\"},\"sameAs\":[\"https:\\\/\\\/www.facebook.com\\\/ranoja.ee\",\"https:\\\/\\\/www.instagram.com\\\/ranoja__\\\/\"]}]}<\/script>\n<!-- \/ Yoast SEO plugin. -->","yoast_head_json":{"title":"Aku naela\/klambrip\u00fcss CEDNGLI (ilma aku\/laadijata)","description":"Aku naela\/klambrip\u00fcss CEDNGLI (ilma aku\/laadijata) 20VLi-ion t\u00fc\u00fcpKuni 30 naela minutis. Mugav paigaldada kattematerjale ja liiste.","robots":{"index":"index","follow":"follow","max-snippet":"max-snippet:-1","max-image-preview":"max-image-preview:large","max-video-preview":"max-video-preview:-1"},"canonical":"https:\/\/ranoja.ee\/toode\/aku-naela-klambripuss-cedngli-ilma-aku-laadijata\/","og_locale":"en_US","og_type":"article","og_title":"Aku naela\/klambrip\u00fcss CEDNGLI (ilma aku\/laadijata)","og_description":"Aku naela\/klambrip\u00fcss CEDNGLI (ilma aku\/laadijata) 20VLi-ion t\u00fc\u00fcpKuni 30 naela minutis. Mugav paigaldada kattematerjale ja liiste.","og_url":"https:\/\/ranoja.ee\/toode\/aku-naela-klambripuss-cedngli-ilma-aku-laadijata\/","og_site_name":"Ranoja","article_publisher":"https:\/\/www.facebook.com\/ranoja.ee","article_modified_time":"2025-12-10T10:20:25+00:00","og_image":[{"width":740,"height":800,"url":"https:\/\/ranoja.ee\/wp-content\/uploads\/2023\/07\/klambripuss-CEDNGLI.png","type":"image\/png"}],"twitter_card":"summary_large_image","twitter_misc":{"Est. reading time":"2 minutes"},"schema":{"@context":"https:\/\/schema.org","@graph":[{"@type":"WebPage","@id":"https:\/\/ranoja.ee\/toode\/aku-naela-klambripuss-cedngli-ilma-aku-laadijata\/","url":"https:\/\/ranoja.ee\/toode\/aku-naela-klambripuss-cedngli-ilma-aku-laadijata\/","name":"Aku naela\/klambrip\u00fcss CEDNGLI (ilma aku\/laadijata)","isPartOf":{"@id":"https:\/\/ranoja.ee\/#website"},"primaryImageOfPage":{"@id":"https:\/\/ranoja.ee\/toode\/aku-naela-klambripuss-cedngli-ilma-aku-laadijata\/#primaryimage"},"image":{"@id":"https:\/\/ranoja.ee\/toode\/aku-naela-klambripuss-cedngli-ilma-aku-laadijata\/#primaryimage"},"thumbnailUrl":"https:\/\/ranoja.ee\/wp-content\/uploads\/2023\/07\/klambripuss-CEDNGLI.png","datePublished":"2023-07-11T12:23:08+00:00","dateModified":"2025-12-10T10:20:25+00:00","description":"Aku naela\/klambrip\u00fcss CEDNGLI (ilma aku\/laadijata) 20VLi-ion t\u00fc\u00fcpKuni 30 naela minutis. Mugav paigaldada kattematerjale ja liiste.","breadcrumb":{"@id":"https:\/\/ranoja.ee\/toode\/aku-naela-klambripuss-cedngli-ilma-aku-laadijata\/#breadcrumb"},"inLanguage":"en-US","potentialAction":[{"@type":"ReadAction","target":["https:\/\/ranoja.ee\/toode\/aku-naela-klambripuss-cedngli-ilma-aku-laadijata\/"]}]},{"@type":"ImageObject","inLanguage":"en-US","@id":"https:\/\/ranoja.ee\/toode\/aku-naela-klambripuss-cedngli-ilma-aku-laadijata\/#primaryimage","url":"https:\/\/ranoja.ee\/wp-content\/uploads\/2023\/07\/klambripuss-CEDNGLI.png","contentUrl":"https:\/\/ranoja.ee\/wp-content\/uploads\/2023\/07\/klambripuss-CEDNGLI.png","width":740,"height":800,"caption":"Aku naela\/klambrip\u00fcss CEDNGLI (ilma aku\/laadijata)"},{"@type":"BreadcrumbList","@id":"https:\/\/ranoja.ee\/toode\/aku-naela-klambripuss-cedngli-ilma-aku-laadijata\/#breadcrumb","itemListElement":[{"@type":"ListItem","position":1,"name":"Home","item":"https:\/\/ranoja.ee\/"},{"@type":"ListItem","position":2,"name":"Shop","item":"https:\/\/ranoja.ee\/en\/shop\/"},{"@type":"ListItem","position":3,"name":"Aku naela\/klambrip\u00fcss CEDNGLI (ilma aku\/laadijata)"}]},{"@type":"WebSite","@id":"https:\/\/ranoja.ee\/#website","url":"https:\/\/ranoja.ee\/","name":"Ranoja","description":"Equipment Shop WooCommerce WordPress Theme for Machine &amp; Tools","publisher":{"@id":"https:\/\/ranoja.ee\/#organization"},"potentialAction":[{"@type":"SearchAction","target":{"@type":"EntryPoint","urlTemplate":"https:\/\/ranoja.ee\/?s={search_term_string}"},"query-input":{"@type":"PropertyValueSpecification","valueRequired":true,"valueName":"search_term_string"}}],"inLanguage":"en-US"},{"@type":"Organization","@id":"https:\/\/ranoja.ee\/#organization","name":"Ranoja O\u00dc","url":"https:\/\/ranoja.ee\/","logo":{"@type":"ImageObject","inLanguage":"en-US","@id":"https:\/\/ranoja.ee\/#\/schema\/logo\/image\/","url":"https:\/\/ranoja.ee\/wp-content\/uploads\/2023\/11\/ranoja-Logo.png","contentUrl":"https:\/\/ranoja.ee\/wp-content\/uploads\/2023\/11\/ranoja-Logo.png","width":207,"height":58,"caption":"Ranoja O\u00dc"},"image":{"@id":"https:\/\/ranoja.ee\/#\/schema\/logo\/image\/"},"sameAs":["https:\/\/www.facebook.com\/ranoja.ee","https:\/\/www.instagram.com\/ranoja__\/"]}]}},"_links":{"self":[{"href":"https:\/\/ranoja.ee\/en\/wp-json\/wp\/v2\/product\/3324","targetHints":{"allow":["GET"]}}],"collection":[{"href":"https:\/\/ranoja.ee\/en\/wp-json\/wp\/v2\/product"}],"about":[{"href":"https:\/\/ranoja.ee\/en\/wp-json\/wp\/v2\/types\/product"}],"wp:featuredmedia":[{"embeddable":true,"href":"https:\/\/ranoja.ee\/en\/wp-json\/wp\/v2\/media\/3325"}],"wp:attachment":[{"href":"https:\/\/ranoja.ee\/en\/wp-json\/wp\/v2\/media?parent=3324"}],"wp:term":[{"taxonomy":"product_cat","embeddable":true,"href":"https:\/\/ranoja.ee\/en\/wp-json\/wp\/v2\/product_cat?post=3324"},{"taxonomy":"product_tag","embeddable":true,"href":"https:\/\/ranoja.ee\/en\/wp-json\/wp\/v2\/product_tag?post=3324"}],"curies":[{"name":"wp","href":"https:\/\/api.w.org\/{rel}","templated":true}]}}