{"id":33134,"date":"2026-02-10T21:37:41","date_gmt":"2026-02-10T18:37:41","guid":{"rendered":"https:\/\/ranoja.ee\/toode\/t5018-3\/"},"modified":"2026-03-03T11:21:47","modified_gmt":"2026-03-03T08:21:47","slug":"ohufiltri-korpuse-alus-topsun-t4518-t5018","status":"publish","type":"product","link":"https:\/\/ranoja.ee\/en\/toode\/ohufiltri-korpuse-alus-topsun-t4518-t5018\/","title":{"rendered":"\u00d5hufiltri korpuse alus TOPSUN T4518 \/ T5018"},"content":{"rendered":"<p>\u00d5hufiltri korpuse alus TOPSUN T4518 \/ T5018<\/p>\n<p>Kvaliteetne \u00f5hufiltri alus, mis sobib TOPSUN mudelitele T4518 ja T5018. Tegemist on \u00f5hufiltri s\u00fcsteemi olulise osaga, mille k\u00fclge kinnitub \u00f5hufilter ning mis \u00fchendub mootori sisselaskes\u00fcsteemiga. \u00d5hufiltri alus tagab korrektse \u00f5huvoolu mootori suunas ning aitab hoida filtri kindlalt ja tihendatult oma kohal.<\/p>\n<p>Tugevast ja vastupidavast materjalist valmistatud detail talub h\u00e4sti vibratsiooni, kuumust ja igap\u00e4evast kasutust. Korralikult paigaldatud \u00f5hufiltri alus aitab v\u00e4ltida mustuse ja tolmu sattumist mootorisse, mis omakorda pikendab mootori eluiga ja tagab stabiilse t\u00f6\u00f6.<\/p>\n<p>Kulunud v\u00f5i pragunenud alus v\u00f5ib p\u00f5hjustada \u00f5huleke, eba\u00fchtlast mootori t\u00f6\u00f6d v\u00f5i v\u00f5imsuse langust, mist\u00f5ttu on oluline kahjustatud detail \u00f5igeaegselt v\u00e4lja vahetada.<\/p>\n<p>\u00d5hufiltri korpuse alus TOPSUN T4518 \/ T5018<\/p>\n","protected":false},"excerpt":{"rendered":"<p>\u00d5hufiltri korpuse alus TOPSUN T4518 \/ T5018<br \/>\nKvaliteetne \u00f5hufiltri alus, mis sobib TOPSUN mudelitele T4518 ja T5018<\/p>\n","protected":false},"featured_media":38681,"template":"","meta":{"inline_featured_image":false},"product_cat":[3052],"product_tag":[3972,3971,3945],"class_list":{"0":"post-33134","1":"product","2":"type-product","3":"status-publish","4":"has-post-thumbnail","6":"product_brand-topsun","7":"product_cat-cedrus-tooted","8":"product_tag-06-06-090","9":"product_tag-ohufiltri-korpuse-alus-topsun-t4518-t5018","10":"product_tag-topsun","12":"first","13":"instock","14":"taxable","15":"shipping-taxable","16":"purchasable","17":"product-type-simple"},"yoast_head":"<!-- This site is optimized with the Yoast SEO plugin v27.4 - https:\/\/yoast.com\/product\/yoast-seo-wordpress\/ -->\n<title>\u00d5hufiltri korpuse alus TOPSUN T4518 \/ T5018<\/title>\n<meta name=\"description\" content=\"\u00d5hufiltri korpuse alus TOPSUN T4518 \/ T5018\" \/>\n<meta name=\"robots\" content=\"index, follow, max-snippet:-1, max-image-preview:large, max-video-preview:-1\" \/>\n<link rel=\"canonical\" href=\"https:\/\/ranoja.ee\/toode\/ohufiltri-korpuse-alus-topsun-t4518-t5018\/\" \/>\n<meta property=\"og:locale\" content=\"en_US\" \/>\n<meta property=\"og:type\" content=\"article\" \/>\n<meta property=\"og:title\" content=\"\u00d5hufiltri korpuse alus TOPSUN T4518 \/ T5018\" \/>\n<meta property=\"og:description\" content=\"\u00d5hufiltri korpuse alus TOPSUN T4518 \/ T5018\" \/>\n<meta property=\"og:url\" content=\"https:\/\/ranoja.ee\/toode\/ohufiltri-korpuse-alus-topsun-t4518-t5018\/\" \/>\n<meta property=\"og:site_name\" content=\"Ranoja\" \/>\n<meta property=\"article:publisher\" content=\"https:\/\/www.facebook.com\/ranoja.ee\" \/>\n<meta property=\"article:modified_time\" content=\"2026-03-03T08:21:47+00:00\" \/>\n<meta property=\"og:image\" content=\"https:\/\/ranoja.ee\/wp-content\/uploads\/2026\/02\/3747_41e981ced318eed013a70ededb7e0d77-8.jpg\" \/>\n\t<meta property=\"og:image:width\" content=\"200\" \/>\n\t<meta property=\"og:image:height\" content=\"174\" \/>\n\t<meta property=\"og:image:type\" content=\"image\/jpeg\" \/>\n<meta name=\"twitter:card\" content=\"summary_large_image\" \/>\n<meta name=\"twitter:label1\" content=\"Est. reading time\" \/>\n\t<meta name=\"twitter:data1\" content=\"1 minute\" \/>\n<script type=\"application\/ld+json\" class=\"yoast-schema-graph\">{\"@context\":\"https:\\\/\\\/schema.org\",\"@graph\":[{\"@type\":\"WebPage\",\"@id\":\"https:\\\/\\\/ranoja.ee\\\/toode\\\/ohufiltri-korpuse-alus-topsun-t4518-t5018\\\/\",\"url\":\"https:\\\/\\\/ranoja.ee\\\/toode\\\/ohufiltri-korpuse-alus-topsun-t4518-t5018\\\/\",\"name\":\"\u00d5hufiltri korpuse alus TOPSUN T4518 \\\/ T5018\",\"isPartOf\":{\"@id\":\"https:\\\/\\\/ranoja.ee\\\/#website\"},\"primaryImageOfPage\":{\"@id\":\"https:\\\/\\\/ranoja.ee\\\/toode\\\/ohufiltri-korpuse-alus-topsun-t4518-t5018\\\/#primaryimage\"},\"image\":{\"@id\":\"https:\\\/\\\/ranoja.ee\\\/toode\\\/ohufiltri-korpuse-alus-topsun-t4518-t5018\\\/#primaryimage\"},\"thumbnailUrl\":\"https:\\\/\\\/ranoja.ee\\\/wp-content\\\/uploads\\\/2026\\\/02\\\/3747_41e981ced318eed013a70ededb7e0d77-8.jpg\",\"datePublished\":\"2026-02-10T18:37:41+00:00\",\"dateModified\":\"2026-03-03T08:21:47+00:00\",\"description\":\"\u00d5hufiltri korpuse alus TOPSUN T4518 \\\/ T5018\",\"breadcrumb\":{\"@id\":\"https:\\\/\\\/ranoja.ee\\\/toode\\\/ohufiltri-korpuse-alus-topsun-t4518-t5018\\\/#breadcrumb\"},\"inLanguage\":\"en-US\",\"potentialAction\":[{\"@type\":\"ReadAction\",\"target\":[\"https:\\\/\\\/ranoja.ee\\\/toode\\\/ohufiltri-korpuse-alus-topsun-t4518-t5018\\\/\"]}]},{\"@type\":\"ImageObject\",\"inLanguage\":\"en-US\",\"@id\":\"https:\\\/\\\/ranoja.ee\\\/toode\\\/ohufiltri-korpuse-alus-topsun-t4518-t5018\\\/#primaryimage\",\"url\":\"https:\\\/\\\/ranoja.ee\\\/wp-content\\\/uploads\\\/2026\\\/02\\\/3747_41e981ced318eed013a70ededb7e0d77-8.jpg\",\"contentUrl\":\"https:\\\/\\\/ranoja.ee\\\/wp-content\\\/uploads\\\/2026\\\/02\\\/3747_41e981ced318eed013a70ededb7e0d77-8.jpg\",\"width\":200,\"height\":174},{\"@type\":\"BreadcrumbList\",\"@id\":\"https:\\\/\\\/ranoja.ee\\\/toode\\\/ohufiltri-korpuse-alus-topsun-t4518-t5018\\\/#breadcrumb\",\"itemListElement\":[{\"@type\":\"ListItem\",\"position\":1,\"name\":\"Home\",\"item\":\"https:\\\/\\\/ranoja.ee\\\/\"},{\"@type\":\"ListItem\",\"position\":2,\"name\":\"Shop\",\"item\":\"https:\\\/\\\/ranoja.ee\\\/en\\\/shop\\\/\"},{\"@type\":\"ListItem\",\"position\":3,\"name\":\"\u00d5hufiltri korpuse alus TOPSUN T4518 \\\/ T5018\"}]},{\"@type\":\"WebSite\",\"@id\":\"https:\\\/\\\/ranoja.ee\\\/#website\",\"url\":\"https:\\\/\\\/ranoja.ee\\\/\",\"name\":\"Ranoja\",\"description\":\"Equipment Shop WooCommerce WordPress Theme for Machine &amp; Tools\",\"publisher\":{\"@id\":\"https:\\\/\\\/ranoja.ee\\\/#organization\"},\"potentialAction\":[{\"@type\":\"SearchAction\",\"target\":{\"@type\":\"EntryPoint\",\"urlTemplate\":\"https:\\\/\\\/ranoja.ee\\\/?s={search_term_string}\"},\"query-input\":{\"@type\":\"PropertyValueSpecification\",\"valueRequired\":true,\"valueName\":\"search_term_string\"}}],\"inLanguage\":\"en-US\"},{\"@type\":\"Organization\",\"@id\":\"https:\\\/\\\/ranoja.ee\\\/#organization\",\"name\":\"Ranoja O\u00dc\",\"url\":\"https:\\\/\\\/ranoja.ee\\\/\",\"logo\":{\"@type\":\"ImageObject\",\"inLanguage\":\"en-US\",\"@id\":\"https:\\\/\\\/ranoja.ee\\\/#\\\/schema\\\/logo\\\/image\\\/\",\"url\":\"https:\\\/\\\/ranoja.ee\\\/wp-content\\\/uploads\\\/2023\\\/11\\\/ranoja-Logo.png\",\"contentUrl\":\"https:\\\/\\\/ranoja.ee\\\/wp-content\\\/uploads\\\/2023\\\/11\\\/ranoja-Logo.png\",\"width\":207,\"height\":58,\"caption\":\"Ranoja O\u00dc\"},\"image\":{\"@id\":\"https:\\\/\\\/ranoja.ee\\\/#\\\/schema\\\/logo\\\/image\\\/\"},\"sameAs\":[\"https:\\\/\\\/www.facebook.com\\\/ranoja.ee\",\"https:\\\/\\\/www.instagram.com\\\/ranoja__\\\/\"]}]}<\/script>\n<!-- \/ Yoast SEO plugin. -->","yoast_head_json":{"title":"\u00d5hufiltri korpuse alus TOPSUN T4518 \/ T5018","description":"\u00d5hufiltri korpuse alus TOPSUN T4518 \/ T5018","robots":{"index":"index","follow":"follow","max-snippet":"max-snippet:-1","max-image-preview":"max-image-preview:large","max-video-preview":"max-video-preview:-1"},"canonical":"https:\/\/ranoja.ee\/toode\/ohufiltri-korpuse-alus-topsun-t4518-t5018\/","og_locale":"en_US","og_type":"article","og_title":"\u00d5hufiltri korpuse alus TOPSUN T4518 \/ T5018","og_description":"\u00d5hufiltri korpuse alus TOPSUN T4518 \/ T5018","og_url":"https:\/\/ranoja.ee\/toode\/ohufiltri-korpuse-alus-topsun-t4518-t5018\/","og_site_name":"Ranoja","article_publisher":"https:\/\/www.facebook.com\/ranoja.ee","article_modified_time":"2026-03-03T08:21:47+00:00","og_image":[{"width":200,"height":174,"url":"https:\/\/ranoja.ee\/wp-content\/uploads\/2026\/02\/3747_41e981ced318eed013a70ededb7e0d77-8.jpg","type":"image\/jpeg"}],"twitter_card":"summary_large_image","twitter_misc":{"Est. reading time":"1 minute"},"schema":{"@context":"https:\/\/schema.org","@graph":[{"@type":"WebPage","@id":"https:\/\/ranoja.ee\/toode\/ohufiltri-korpuse-alus-topsun-t4518-t5018\/","url":"https:\/\/ranoja.ee\/toode\/ohufiltri-korpuse-alus-topsun-t4518-t5018\/","name":"\u00d5hufiltri korpuse alus TOPSUN T4518 \/ T5018","isPartOf":{"@id":"https:\/\/ranoja.ee\/#website"},"primaryImageOfPage":{"@id":"https:\/\/ranoja.ee\/toode\/ohufiltri-korpuse-alus-topsun-t4518-t5018\/#primaryimage"},"image":{"@id":"https:\/\/ranoja.ee\/toode\/ohufiltri-korpuse-alus-topsun-t4518-t5018\/#primaryimage"},"thumbnailUrl":"https:\/\/ranoja.ee\/wp-content\/uploads\/2026\/02\/3747_41e981ced318eed013a70ededb7e0d77-8.jpg","datePublished":"2026-02-10T18:37:41+00:00","dateModified":"2026-03-03T08:21:47+00:00","description":"\u00d5hufiltri korpuse alus TOPSUN T4518 \/ T5018","breadcrumb":{"@id":"https:\/\/ranoja.ee\/toode\/ohufiltri-korpuse-alus-topsun-t4518-t5018\/#breadcrumb"},"inLanguage":"en-US","potentialAction":[{"@type":"ReadAction","target":["https:\/\/ranoja.ee\/toode\/ohufiltri-korpuse-alus-topsun-t4518-t5018\/"]}]},{"@type":"ImageObject","inLanguage":"en-US","@id":"https:\/\/ranoja.ee\/toode\/ohufiltri-korpuse-alus-topsun-t4518-t5018\/#primaryimage","url":"https:\/\/ranoja.ee\/wp-content\/uploads\/2026\/02\/3747_41e981ced318eed013a70ededb7e0d77-8.jpg","contentUrl":"https:\/\/ranoja.ee\/wp-content\/uploads\/2026\/02\/3747_41e981ced318eed013a70ededb7e0d77-8.jpg","width":200,"height":174},{"@type":"BreadcrumbList","@id":"https:\/\/ranoja.ee\/toode\/ohufiltri-korpuse-alus-topsun-t4518-t5018\/#breadcrumb","itemListElement":[{"@type":"ListItem","position":1,"name":"Home","item":"https:\/\/ranoja.ee\/"},{"@type":"ListItem","position":2,"name":"Shop","item":"https:\/\/ranoja.ee\/en\/shop\/"},{"@type":"ListItem","position":3,"name":"\u00d5hufiltri korpuse alus TOPSUN T4518 \/ T5018"}]},{"@type":"WebSite","@id":"https:\/\/ranoja.ee\/#website","url":"https:\/\/ranoja.ee\/","name":"Ranoja","description":"Equipment Shop WooCommerce WordPress Theme for Machine &amp; Tools","publisher":{"@id":"https:\/\/ranoja.ee\/#organization"},"potentialAction":[{"@type":"SearchAction","target":{"@type":"EntryPoint","urlTemplate":"https:\/\/ranoja.ee\/?s={search_term_string}"},"query-input":{"@type":"PropertyValueSpecification","valueRequired":true,"valueName":"search_term_string"}}],"inLanguage":"en-US"},{"@type":"Organization","@id":"https:\/\/ranoja.ee\/#organization","name":"Ranoja O\u00dc","url":"https:\/\/ranoja.ee\/","logo":{"@type":"ImageObject","inLanguage":"en-US","@id":"https:\/\/ranoja.ee\/#\/schema\/logo\/image\/","url":"https:\/\/ranoja.ee\/wp-content\/uploads\/2023\/11\/ranoja-Logo.png","contentUrl":"https:\/\/ranoja.ee\/wp-content\/uploads\/2023\/11\/ranoja-Logo.png","width":207,"height":58,"caption":"Ranoja O\u00dc"},"image":{"@id":"https:\/\/ranoja.ee\/#\/schema\/logo\/image\/"},"sameAs":["https:\/\/www.facebook.com\/ranoja.ee","https:\/\/www.instagram.com\/ranoja__\/"]}]}},"_links":{"self":[{"href":"https:\/\/ranoja.ee\/en\/wp-json\/wp\/v2\/product\/33134","targetHints":{"allow":["GET"]}}],"collection":[{"href":"https:\/\/ranoja.ee\/en\/wp-json\/wp\/v2\/product"}],"about":[{"href":"https:\/\/ranoja.ee\/en\/wp-json\/wp\/v2\/types\/product"}],"wp:featuredmedia":[{"embeddable":true,"href":"https:\/\/ranoja.ee\/en\/wp-json\/wp\/v2\/media\/38681"}],"wp:attachment":[{"href":"https:\/\/ranoja.ee\/en\/wp-json\/wp\/v2\/media?parent=33134"}],"wp:term":[{"taxonomy":"product_cat","embeddable":true,"href":"https:\/\/ranoja.ee\/en\/wp-json\/wp\/v2\/product_cat?post=33134"},{"taxonomy":"product_tag","embeddable":true,"href":"https:\/\/ranoja.ee\/en\/wp-json\/wp\/v2\/product_tag?post=33134"}],"curies":[{"name":"wp","href":"https:\/\/api.w.org\/{rel}","templated":true}]}}