{"id":33024,"date":"2026-02-10T21:36:34","date_gmt":"2026-02-10T18:36:34","guid":{"rendered":"https:\/\/ranoja.ee\/toode\/t5018\/"},"modified":"2026-03-03T11:36:06","modified_gmt":"2026-03-03T08:36:06","slug":"ventilaatori-korpus-topsun-t4518-ja-t5018","status":"publish","type":"product","link":"https:\/\/ranoja.ee\/en\/toode\/ventilaatori-korpus-topsun-t4518-ja-t5018\/","title":{"rendered":"Ventilaatori korpus TOPSUN T4518 ja T5018"},"content":{"rendered":"<p>Ventilaatori korpus TOPSUN T4518 ja T5018<\/p>\n<p>Kvaliteetne ventilaatori korpus, mis sobib T4518 ja T5018 mudelitele. Tegemist on mootori jahutuss\u00fcsteemi olulise osaga, mis suunab \u00f5huvoolu silindri ja jahutusribide suunas, aidates hoida mootori t\u00f6\u00f6temperatuuri stabiilsena.<\/p>\n<p>Ventilaatori korpus kaitseb samal ajal ventilaatorit ja hooratast mustuse, tolmu ning mehaaniliste kahjustuste eest. Korralikult toimiv korpus tagab t\u00f5husa jahutuse ning aitab v\u00e4ltida mootori \u00fclekuumenemist intensiivse t\u00f6\u00f6 ajal.<\/p>\n<p>Detail on valmistatud vastupidavast materjalist, mis talub vibratsiooni ja kuumust. Sobib ideaalselt varuosaks kulunud v\u00f5i pragunenud originaaldetaili asendamiseks. See on usaldusv\u00e4\u00e4rne varuosa mootori jahutuss\u00fcsteemi hoolduseks ja remondiks.<\/p>\n<p>Ventilaatori korpus TOPSUN T4518 ja T5018<\/p>\n","protected":false},"excerpt":{"rendered":"<p>Ventilaatori korpus TOPSUN T4518 ja T5018<br \/>\nVentilaatori korpus, mis sobib TOPSUN T4518 ja T5018 mudelitele<\/p>\n","protected":false},"featured_media":38589,"template":"","meta":{"inline_featured_image":false},"product_cat":[3052],"product_tag":[3978,3979,3945,3980,3981],"class_list":{"0":"post-33024","1":"product","2":"type-product","3":"status-publish","4":"has-post-thumbnail","6":"product_brand-topsun","7":"product_cat-cedrus-tooted","8":"product_tag-04-01-10-00106","9":"product_tag-t5018","10":"product_tag-topsun","11":"product_tag-ventilaatori-korpus-topsun-t4518-t5018","12":"product_tag-ventilaatori-korpus-topsun-t4518-ja-t5018","14":"first","15":"instock","16":"taxable","17":"shipping-taxable","18":"purchasable","19":"product-type-simple"},"yoast_head":"<!-- This site is optimized with the Yoast SEO plugin v27.4 - https:\/\/yoast.com\/product\/yoast-seo-wordpress\/ -->\n<title>Ventilaatori korpus TOPSUN T4518 ja T5018<\/title>\n<meta name=\"description\" content=\"Ventilaatori korpus TOPSUN T4518 ja T5018 Kvaliteetne ja vastupidav ventilaatori korpus, mis sobib TOPSUN T4518 ja T5018 mudelitele.\" \/>\n<meta name=\"robots\" content=\"index, follow, max-snippet:-1, max-image-preview:large, max-video-preview:-1\" \/>\n<link rel=\"canonical\" href=\"https:\/\/ranoja.ee\/toode\/ventilaatori-korpus-topsun-t4518-ja-t5018\/\" \/>\n<meta property=\"og:locale\" content=\"en_US\" \/>\n<meta property=\"og:type\" content=\"article\" \/>\n<meta property=\"og:title\" content=\"Ventilaatori korpus TOPSUN T4518 ja T5018\" \/>\n<meta property=\"og:description\" content=\"Ventilaatori korpus TOPSUN T4518 ja T5018 Kvaliteetne ja vastupidav ventilaatori korpus, mis sobib TOPSUN T4518 ja T5018 mudelitele.\" \/>\n<meta property=\"og:url\" content=\"https:\/\/ranoja.ee\/toode\/ventilaatori-korpus-topsun-t4518-ja-t5018\/\" \/>\n<meta property=\"og:site_name\" content=\"Ranoja\" \/>\n<meta property=\"article:publisher\" content=\"https:\/\/www.facebook.com\/ranoja.ee\" \/>\n<meta property=\"article:modified_time\" content=\"2026-03-03T08:36:06+00:00\" \/>\n<meta property=\"og:image\" content=\"https:\/\/ranoja.ee\/wp-content\/uploads\/2026\/02\/3739_df177ce753dba1b79e243f1178e02ac0-8.jpg\" \/>\n\t<meta property=\"og:image:width\" content=\"217\" \/>\n\t<meta property=\"og:image:height\" content=\"190\" \/>\n\t<meta property=\"og:image:type\" content=\"image\/jpeg\" \/>\n<meta name=\"twitter:card\" content=\"summary_large_image\" \/>\n<meta name=\"twitter:label1\" content=\"Est. reading time\" \/>\n\t<meta name=\"twitter:data1\" content=\"1 minute\" \/>\n<script type=\"application\/ld+json\" class=\"yoast-schema-graph\">{\"@context\":\"https:\\\/\\\/schema.org\",\"@graph\":[{\"@type\":\"WebPage\",\"@id\":\"https:\\\/\\\/ranoja.ee\\\/toode\\\/ventilaatori-korpus-topsun-t4518-ja-t5018\\\/\",\"url\":\"https:\\\/\\\/ranoja.ee\\\/toode\\\/ventilaatori-korpus-topsun-t4518-ja-t5018\\\/\",\"name\":\"Ventilaatori korpus TOPSUN T4518 ja T5018\",\"isPartOf\":{\"@id\":\"https:\\\/\\\/ranoja.ee\\\/#website\"},\"primaryImageOfPage\":{\"@id\":\"https:\\\/\\\/ranoja.ee\\\/toode\\\/ventilaatori-korpus-topsun-t4518-ja-t5018\\\/#primaryimage\"},\"image\":{\"@id\":\"https:\\\/\\\/ranoja.ee\\\/toode\\\/ventilaatori-korpus-topsun-t4518-ja-t5018\\\/#primaryimage\"},\"thumbnailUrl\":\"https:\\\/\\\/ranoja.ee\\\/wp-content\\\/uploads\\\/2026\\\/02\\\/3739_df177ce753dba1b79e243f1178e02ac0-8.jpg\",\"datePublished\":\"2026-02-10T18:36:34+00:00\",\"dateModified\":\"2026-03-03T08:36:06+00:00\",\"description\":\"Ventilaatori korpus TOPSUN T4518 ja T5018 Kvaliteetne ja vastupidav ventilaatori korpus, mis sobib TOPSUN T4518 ja T5018 mudelitele.\",\"breadcrumb\":{\"@id\":\"https:\\\/\\\/ranoja.ee\\\/toode\\\/ventilaatori-korpus-topsun-t4518-ja-t5018\\\/#breadcrumb\"},\"inLanguage\":\"en-US\",\"potentialAction\":[{\"@type\":\"ReadAction\",\"target\":[\"https:\\\/\\\/ranoja.ee\\\/toode\\\/ventilaatori-korpus-topsun-t4518-ja-t5018\\\/\"]}]},{\"@type\":\"ImageObject\",\"inLanguage\":\"en-US\",\"@id\":\"https:\\\/\\\/ranoja.ee\\\/toode\\\/ventilaatori-korpus-topsun-t4518-ja-t5018\\\/#primaryimage\",\"url\":\"https:\\\/\\\/ranoja.ee\\\/wp-content\\\/uploads\\\/2026\\\/02\\\/3739_df177ce753dba1b79e243f1178e02ac0-8.jpg\",\"contentUrl\":\"https:\\\/\\\/ranoja.ee\\\/wp-content\\\/uploads\\\/2026\\\/02\\\/3739_df177ce753dba1b79e243f1178e02ac0-8.jpg\",\"width\":217,\"height\":190},{\"@type\":\"BreadcrumbList\",\"@id\":\"https:\\\/\\\/ranoja.ee\\\/toode\\\/ventilaatori-korpus-topsun-t4518-ja-t5018\\\/#breadcrumb\",\"itemListElement\":[{\"@type\":\"ListItem\",\"position\":1,\"name\":\"Home\",\"item\":\"https:\\\/\\\/ranoja.ee\\\/\"},{\"@type\":\"ListItem\",\"position\":2,\"name\":\"Shop\",\"item\":\"https:\\\/\\\/ranoja.ee\\\/en\\\/shop\\\/\"},{\"@type\":\"ListItem\",\"position\":3,\"name\":\"Ventilaatori korpus TOPSUN T4518 ja T5018\"}]},{\"@type\":\"WebSite\",\"@id\":\"https:\\\/\\\/ranoja.ee\\\/#website\",\"url\":\"https:\\\/\\\/ranoja.ee\\\/\",\"name\":\"Ranoja\",\"description\":\"Equipment Shop WooCommerce WordPress Theme for Machine &amp; Tools\",\"publisher\":{\"@id\":\"https:\\\/\\\/ranoja.ee\\\/#organization\"},\"potentialAction\":[{\"@type\":\"SearchAction\",\"target\":{\"@type\":\"EntryPoint\",\"urlTemplate\":\"https:\\\/\\\/ranoja.ee\\\/?s={search_term_string}\"},\"query-input\":{\"@type\":\"PropertyValueSpecification\",\"valueRequired\":true,\"valueName\":\"search_term_string\"}}],\"inLanguage\":\"en-US\"},{\"@type\":\"Organization\",\"@id\":\"https:\\\/\\\/ranoja.ee\\\/#organization\",\"name\":\"Ranoja O\u00dc\",\"url\":\"https:\\\/\\\/ranoja.ee\\\/\",\"logo\":{\"@type\":\"ImageObject\",\"inLanguage\":\"en-US\",\"@id\":\"https:\\\/\\\/ranoja.ee\\\/#\\\/schema\\\/logo\\\/image\\\/\",\"url\":\"https:\\\/\\\/ranoja.ee\\\/wp-content\\\/uploads\\\/2023\\\/11\\\/ranoja-Logo.png\",\"contentUrl\":\"https:\\\/\\\/ranoja.ee\\\/wp-content\\\/uploads\\\/2023\\\/11\\\/ranoja-Logo.png\",\"width\":207,\"height\":58,\"caption\":\"Ranoja O\u00dc\"},\"image\":{\"@id\":\"https:\\\/\\\/ranoja.ee\\\/#\\\/schema\\\/logo\\\/image\\\/\"},\"sameAs\":[\"https:\\\/\\\/www.facebook.com\\\/ranoja.ee\",\"https:\\\/\\\/www.instagram.com\\\/ranoja__\\\/\"]}]}<\/script>\n<!-- \/ Yoast SEO plugin. -->","yoast_head_json":{"title":"Ventilaatori korpus TOPSUN T4518 ja T5018","description":"Ventilaatori korpus TOPSUN T4518 ja T5018 Kvaliteetne ja vastupidav ventilaatori korpus, mis sobib TOPSUN T4518 ja T5018 mudelitele.","robots":{"index":"index","follow":"follow","max-snippet":"max-snippet:-1","max-image-preview":"max-image-preview:large","max-video-preview":"max-video-preview:-1"},"canonical":"https:\/\/ranoja.ee\/toode\/ventilaatori-korpus-topsun-t4518-ja-t5018\/","og_locale":"en_US","og_type":"article","og_title":"Ventilaatori korpus TOPSUN T4518 ja T5018","og_description":"Ventilaatori korpus TOPSUN T4518 ja T5018 Kvaliteetne ja vastupidav ventilaatori korpus, mis sobib TOPSUN T4518 ja T5018 mudelitele.","og_url":"https:\/\/ranoja.ee\/toode\/ventilaatori-korpus-topsun-t4518-ja-t5018\/","og_site_name":"Ranoja","article_publisher":"https:\/\/www.facebook.com\/ranoja.ee","article_modified_time":"2026-03-03T08:36:06+00:00","og_image":[{"width":217,"height":190,"url":"https:\/\/ranoja.ee\/wp-content\/uploads\/2026\/02\/3739_df177ce753dba1b79e243f1178e02ac0-8.jpg","type":"image\/jpeg"}],"twitter_card":"summary_large_image","twitter_misc":{"Est. reading time":"1 minute"},"schema":{"@context":"https:\/\/schema.org","@graph":[{"@type":"WebPage","@id":"https:\/\/ranoja.ee\/toode\/ventilaatori-korpus-topsun-t4518-ja-t5018\/","url":"https:\/\/ranoja.ee\/toode\/ventilaatori-korpus-topsun-t4518-ja-t5018\/","name":"Ventilaatori korpus TOPSUN T4518 ja T5018","isPartOf":{"@id":"https:\/\/ranoja.ee\/#website"},"primaryImageOfPage":{"@id":"https:\/\/ranoja.ee\/toode\/ventilaatori-korpus-topsun-t4518-ja-t5018\/#primaryimage"},"image":{"@id":"https:\/\/ranoja.ee\/toode\/ventilaatori-korpus-topsun-t4518-ja-t5018\/#primaryimage"},"thumbnailUrl":"https:\/\/ranoja.ee\/wp-content\/uploads\/2026\/02\/3739_df177ce753dba1b79e243f1178e02ac0-8.jpg","datePublished":"2026-02-10T18:36:34+00:00","dateModified":"2026-03-03T08:36:06+00:00","description":"Ventilaatori korpus TOPSUN T4518 ja T5018 Kvaliteetne ja vastupidav ventilaatori korpus, mis sobib TOPSUN T4518 ja T5018 mudelitele.","breadcrumb":{"@id":"https:\/\/ranoja.ee\/toode\/ventilaatori-korpus-topsun-t4518-ja-t5018\/#breadcrumb"},"inLanguage":"en-US","potentialAction":[{"@type":"ReadAction","target":["https:\/\/ranoja.ee\/toode\/ventilaatori-korpus-topsun-t4518-ja-t5018\/"]}]},{"@type":"ImageObject","inLanguage":"en-US","@id":"https:\/\/ranoja.ee\/toode\/ventilaatori-korpus-topsun-t4518-ja-t5018\/#primaryimage","url":"https:\/\/ranoja.ee\/wp-content\/uploads\/2026\/02\/3739_df177ce753dba1b79e243f1178e02ac0-8.jpg","contentUrl":"https:\/\/ranoja.ee\/wp-content\/uploads\/2026\/02\/3739_df177ce753dba1b79e243f1178e02ac0-8.jpg","width":217,"height":190},{"@type":"BreadcrumbList","@id":"https:\/\/ranoja.ee\/toode\/ventilaatori-korpus-topsun-t4518-ja-t5018\/#breadcrumb","itemListElement":[{"@type":"ListItem","position":1,"name":"Home","item":"https:\/\/ranoja.ee\/"},{"@type":"ListItem","position":2,"name":"Shop","item":"https:\/\/ranoja.ee\/en\/shop\/"},{"@type":"ListItem","position":3,"name":"Ventilaatori korpus TOPSUN T4518 ja T5018"}]},{"@type":"WebSite","@id":"https:\/\/ranoja.ee\/#website","url":"https:\/\/ranoja.ee\/","name":"Ranoja","description":"Equipment Shop WooCommerce WordPress Theme for Machine &amp; Tools","publisher":{"@id":"https:\/\/ranoja.ee\/#organization"},"potentialAction":[{"@type":"SearchAction","target":{"@type":"EntryPoint","urlTemplate":"https:\/\/ranoja.ee\/?s={search_term_string}"},"query-input":{"@type":"PropertyValueSpecification","valueRequired":true,"valueName":"search_term_string"}}],"inLanguage":"en-US"},{"@type":"Organization","@id":"https:\/\/ranoja.ee\/#organization","name":"Ranoja O\u00dc","url":"https:\/\/ranoja.ee\/","logo":{"@type":"ImageObject","inLanguage":"en-US","@id":"https:\/\/ranoja.ee\/#\/schema\/logo\/image\/","url":"https:\/\/ranoja.ee\/wp-content\/uploads\/2023\/11\/ranoja-Logo.png","contentUrl":"https:\/\/ranoja.ee\/wp-content\/uploads\/2023\/11\/ranoja-Logo.png","width":207,"height":58,"caption":"Ranoja O\u00dc"},"image":{"@id":"https:\/\/ranoja.ee\/#\/schema\/logo\/image\/"},"sameAs":["https:\/\/www.facebook.com\/ranoja.ee","https:\/\/www.instagram.com\/ranoja__\/"]}]}},"_links":{"self":[{"href":"https:\/\/ranoja.ee\/en\/wp-json\/wp\/v2\/product\/33024","targetHints":{"allow":["GET"]}}],"collection":[{"href":"https:\/\/ranoja.ee\/en\/wp-json\/wp\/v2\/product"}],"about":[{"href":"https:\/\/ranoja.ee\/en\/wp-json\/wp\/v2\/types\/product"}],"wp:featuredmedia":[{"embeddable":true,"href":"https:\/\/ranoja.ee\/en\/wp-json\/wp\/v2\/media\/38589"}],"wp:attachment":[{"href":"https:\/\/ranoja.ee\/en\/wp-json\/wp\/v2\/media?parent=33024"}],"wp:term":[{"taxonomy":"product_cat","embeddable":true,"href":"https:\/\/ranoja.ee\/en\/wp-json\/wp\/v2\/product_cat?post=33024"},{"taxonomy":"product_tag","embeddable":true,"href":"https:\/\/ranoja.ee\/en\/wp-json\/wp\/v2\/product_tag?post=33024"}],"curies":[{"name":"wp","href":"https:\/\/api.w.org\/{rel}","templated":true}]}}