{"id":3288,"date":"2023-07-11T15:10:06","date_gmt":"2023-07-11T12:10:06","guid":{"rendered":"https:\/\/www.ranoja.ee\/?post_type=product&#038;p=3288"},"modified":"2025-12-10T13:20:25","modified_gmt":"2025-12-10T10:20:25","slug":"akusilikonipustol-cedsg45li-ilma-aku-laadijata","status":"publish","type":"product","link":"https:\/\/ranoja.ee\/en\/toode\/akusilikonipustol-cedsg45li-ilma-aku-laadijata\/","title":{"rendered":"Akusilikonip\u00fcstol  CEDSG45LI (ilma aku\/laadijata)"},"content":{"rendered":"<p>Akusilikonip\u00fcstol CEDSG45LI (ilma aku\/laadijata)<br \/>\nAkudel t\u00f6\u00f6tavad silikonip\u00fcstolid on ehituses \u00fcha populaarsemaks muutunud t\u00e4nu nende mugavusele ja kasutusmugavusele. Siin on m\u00f5ned olulised aspektid, mida peaksid teadma akudel t\u00f6\u00f6tavate silikonip\u00fcstolite kohta ehituses:<\/p>\n<p>Mugavus ja liikuvus: Akudel t\u00f6\u00f6tavate silikonip\u00fcstolite suurim eelis on nende liikuvus. Need on juhtmeta ja ei vaja elektrijuhtme v\u00f5i \u00f5huvoolikuga \u00fchendamist, mis v\u00f5imaldab neid kasutada kaugemates v\u00f5i raskemini ligip\u00e4\u00e4setavates kohtades.<\/p>\n<p>T\u00f6\u00f6kindlus ja efektiivsus: Kvaliteetsed akudel t\u00f6\u00f6tavad silikonip\u00fcstolid on v\u00f5imelised pakkuma sama v\u00f5i isegi suuremat j\u00f5udu kui traditsioonilised juhtmega mudelid. T\u00e4nu sellele saab neid kasutada mitmesuguste ehitusmaterjalide, sealhulgas silikooni, akr\u00fc\u00fcli, liimi jne paigaldamiseks.<\/p>\n<p>Akude eluiga ja laadimisaeg: Oluline on arvestada akude elueaga ja laadimisajaga. Mida suurem on aku mahtuvus, seda kauem see kestab enne uuesti laadimist vajamist. Samuti tasub kaaluda v\u00f5imalust omada varuakut, et v\u00e4ltida t\u00f6\u00f6 katkemist akude t\u00fchjenemise t\u00f5ttu.<\/p>\n<p>Reguleeritavad seaded: Enamikul akudel t\u00f6\u00f6tavatel silikonip\u00fcstolitel on reguleeritavad kiirused ja j\u00f5u seaded, mis v\u00f5imaldavad kohandada nende kasutamist vastavalt konkreetsele rakendusele v\u00f5i materjalile.<\/p>\n<p>Hooldus: Kuigi akudel t\u00f6\u00f6tavad silikonip\u00fcstolid on \u00fcldiselt hooldusvabad, on siiski oluline j\u00e4rgida tootja soovitusi seoses hooldusega. See h\u00f5lmab peamiselt \u00f5igeaegset puhastamist ja m\u00e4\u00e4rimist vastavalt juhistele.<\/p>\n<p>Kokkuv\u00f5ttes v\u00f5ib \u00f6elda, et akudel t\u00f6\u00f6tavad silikonip\u00fcstolid on ehituses v\u00e4ga kasulikud t\u00f6\u00f6riistad t\u00e4nu oma mugavusele, efektiivsusele ja liikuvusele. Enne ostu sooritamist tasub siiski hoolikalt l\u00e4bi m\u00f5elda oma konkreetsete vajaduste ja eelarve ning valida kvaliteetne mudel, mis vastab nendele n\u00f5uetele.<br \/>\nAkusilikonip\u00fcstol CEDSG45LI (ilma aku\/laadijata)<\/p>\n<p>CEDRUS on \u00fcks suurimaid aiandusmasinate, t\u00f6\u00f6riistade ning metsandus tarvikute edasim\u00fc\u00fcjaid Poolas.<br \/>\nMeie eesm\u00e4rk on pakkuda klientidele k\u00f5rgeima kvaliteediga tooteid konkurentsiv\u00f5imeliste hindadega.<br \/>\nAlates 2016. aastast oleme arendanud ka oma kaubam\u00e4rgi all olevat tootesarja Cedrus.<br \/>\nHetkel pakume enam kui 100 t\u00fc\u00fcpi CEDRUS kaubam\u00e4rgi aia- ja ehitusmasinaid, samuti k\u00f5iki hooldustarvikuid ja varuosi.<br \/>\n<img decoding=\"async\" class=\"alignnone size-medium wp-image-5896\" src=\"https:\/\/www.ranoja.ee\/wp-content\/uploads\/2023\/07\/cedrus-logo-vaike-1-300x99.png\" alt=\"\" width=\"300\" height=\"99\" srcset=\"https:\/\/ranoja.ee\/wp-content\/uploads\/2023\/07\/cedrus-logo-vaike-1-300x99.png 300w, https:\/\/ranoja.ee\/wp-content\/uploads\/2023\/07\/cedrus-logo-vaike-1.png 431w\" sizes=\"(max-width: 300px) 100vw, 300px\" \/><\/p>\n","protected":false},"excerpt":{"rendered":"<p>CEDSG45LI<br \/>\nSilikonip\u00fcstol (ilma aku\/laadijata)<br \/>\n20V<br \/>\nAnum:600ml<br \/>\nTuub:310ml<br \/>\nMax doseerimis j\u00f5ud 4500N (6 eraldi seadistust)<br \/>\nKaal 2.2kg<br \/>\n<span style=\"color: #000000;\"><strong>Garantii 1 aasta (eraisikule 3 aastat)<\/strong><\/span><br \/>\n<strong><span style=\"color: #339966;\">ANTUD SEADMEGA SAAB TUTVUDA MEIE PAIDE ESINDUSES KOHAPEAL!<\/span><\/strong><\/p>\n<p><span style=\"color: #3366ff;\"><strong>Antud seade on saadaval ka komplektina:<\/strong><\/span><br \/>\n<strong>Akusilikonip\u00fcstol CEDSG45LI (Komplekt)<\/strong><a href=\"https:\/\/www.ranoja.ee\/toode\/akusilikonipustol-cedsg45li-komplekt\/\">Akusilikonip\u00fcstol CEDSG45LI (Komplekt)<\/a><\/p>\n<p><span style=\"color: #000000;\"><strong>KASUTA SEDA T\u00d6\u00d6RIISTA OMA <span style=\"color: #339966;\">18V &#8211; MAKITA<\/span>, <span style=\"color: #339966;\">BOSCH<\/span> V\u00d5I <span style=\"color: #339966;\">DEWALT<\/span> AKUGA!<\/strong><\/span><\/p>\n<p><a href=\"https:\/\/www.ranoja.ee\/tootekategooria\/akutooriistad\/vaheadapterid\/\"><img decoding=\"async\" class=\"alignnone wp-image-8608\" src=\"https:\/\/www.ranoja.ee\/wp-content\/uploads\/2024\/04\/Vaheadapter-makita-tooriistadele-300x200.jpg\" alt=\"Vaheadapter cedrus akut\u00f6\u00f6riistadele CEDRAD C-M (Makita)\" width=\"200\" height=\"133\" srcset=\"https:\/\/ranoja.ee\/wp-content\/uploads\/2024\/04\/Vaheadapter-makita-tooriistadele-300x200.jpg 300w, https:\/\/ranoja.ee\/wp-content\/uploads\/2024\/04\/Vaheadapter-makita-tooriistadele-1024x683.jpg 1024w, https:\/\/ranoja.ee\/wp-content\/uploads\/2024\/04\/Vaheadapter-makita-tooriistadele-768x512.jpg 768w, https:\/\/ranoja.ee\/wp-content\/uploads\/2024\/04\/Vaheadapter-makita-tooriistadele-800x533.jpg 800w, https:\/\/ranoja.ee\/wp-content\/uploads\/2024\/04\/Vaheadapter-makita-tooriistadele.jpg 1200w\" sizes=\"(max-width: 200px) 100vw, 200px\" \/><\/a><br \/>\n<span style=\"color: #000000;\"><strong><a style=\"color: #000000;\" href=\"https:\/\/www.ranoja.ee\/tootekategooria\/akutooriistad\/vaheadapterid\/\">Leia endale <span style=\"color: #339966;\">sobiv vaheadapter siit\u2192<\/span><\/a><\/strong><\/span><\/p>\n<p><strong><a href=\"https:\/\/www.ranoja.ee\/tootekategooria\/akutooriistad\/akud-ja-laadijad\/\">T\u00f6\u00f6riistale sobivad <span style=\"color: #339966;\">Cedrus Power + akud ja laadijad leiad siit\u2192<\/span><\/a><\/strong><\/p>\n","protected":false},"featured_media":3289,"template":"","meta":{"inline_featured_image":false},"product_cat":[1094,1099],"product_tag":[137,272,273,274],"class_list":{"0":"post-3288","1":"product","2":"type-product","3":"status-publish","4":"has-post-thumbnail","6":"product_brand-cedrus","7":"product_cat-akutooriistad","8":"product_cat-silikonpussid","9":"product_tag-cedrus","10":"product_tag-cedsg45li","11":"product_tag-silikoni-pustol","12":"product_tag-silikonipustol","14":"first","15":"instock","16":"taxable","17":"shipping-taxable","18":"purchasable","19":"product-type-simple"},"yoast_head":"<!-- This site is optimized with the Yoast SEO plugin v27.4 - https:\/\/yoast.com\/product\/yoast-seo-wordpress\/ -->\n<title>Akusilikonip\u00fcstol CEDSG45LI (ilma aku\/laadijata)<\/title>\n<meta name=\"description\" content=\"Akusilikonip\u00fcstol CEDSG45LI (ilma aku\/laadijata) 20V Anum:600ml Tuub:310m Max doseerimis j\u00f5ud 4500N (6 eraldi seadistust)\" \/>\n<meta name=\"robots\" content=\"index, follow, max-snippet:-1, max-image-preview:large, max-video-preview:-1\" \/>\n<link rel=\"canonical\" href=\"https:\/\/ranoja.ee\/toode\/akusilikonipustol-cedsg45li-ilma-aku-laadijata\/\" \/>\n<meta property=\"og:locale\" content=\"en_US\" \/>\n<meta property=\"og:type\" content=\"article\" \/>\n<meta property=\"og:title\" content=\"Akusilikonip\u00fcstol CEDSG45LI (ilma aku\/laadijata)\" \/>\n<meta property=\"og:description\" content=\"Akusilikonip\u00fcstol CEDSG45LI (ilma aku\/laadijata) 20V Anum:600ml Tuub:310m Max doseerimis j\u00f5ud 4500N (6 eraldi seadistust)\" \/>\n<meta property=\"og:url\" content=\"https:\/\/ranoja.ee\/toode\/akusilikonipustol-cedsg45li-ilma-aku-laadijata\/\" \/>\n<meta property=\"og:site_name\" content=\"Ranoja\" \/>\n<meta property=\"article:publisher\" content=\"https:\/\/www.facebook.com\/ranoja.ee\" \/>\n<meta property=\"article:modified_time\" content=\"2025-12-10T10:20:25+00:00\" \/>\n<meta property=\"og:image\" content=\"https:\/\/ranoja.ee\/wp-content\/uploads\/2023\/07\/Akusilikonipustol-CEDSG45LI.png\" \/>\n\t<meta property=\"og:image:width\" content=\"800\" \/>\n\t<meta property=\"og:image:height\" content=\"466\" \/>\n\t<meta property=\"og:image:type\" content=\"image\/png\" \/>\n<meta name=\"twitter:card\" content=\"summary_large_image\" \/>\n<meta name=\"twitter:label1\" content=\"Est. reading time\" \/>\n\t<meta name=\"twitter:data1\" content=\"2 minutes\" \/>\n<script type=\"application\/ld+json\" class=\"yoast-schema-graph\">{\"@context\":\"https:\\\/\\\/schema.org\",\"@graph\":[{\"@type\":\"WebPage\",\"@id\":\"https:\\\/\\\/ranoja.ee\\\/toode\\\/akusilikonipustol-cedsg45li-ilma-aku-laadijata\\\/\",\"url\":\"https:\\\/\\\/ranoja.ee\\\/toode\\\/akusilikonipustol-cedsg45li-ilma-aku-laadijata\\\/\",\"name\":\"Akusilikonip\u00fcstol CEDSG45LI (ilma aku\\\/laadijata)\",\"isPartOf\":{\"@id\":\"https:\\\/\\\/ranoja.ee\\\/#website\"},\"primaryImageOfPage\":{\"@id\":\"https:\\\/\\\/ranoja.ee\\\/toode\\\/akusilikonipustol-cedsg45li-ilma-aku-laadijata\\\/#primaryimage\"},\"image\":{\"@id\":\"https:\\\/\\\/ranoja.ee\\\/toode\\\/akusilikonipustol-cedsg45li-ilma-aku-laadijata\\\/#primaryimage\"},\"thumbnailUrl\":\"https:\\\/\\\/ranoja.ee\\\/wp-content\\\/uploads\\\/2023\\\/07\\\/Akusilikonipustol-CEDSG45LI.png\",\"datePublished\":\"2023-07-11T12:10:06+00:00\",\"dateModified\":\"2025-12-10T10:20:25+00:00\",\"description\":\"Akusilikonip\u00fcstol CEDSG45LI (ilma aku\\\/laadijata) 20V Anum:600ml Tuub:310m Max doseerimis j\u00f5ud 4500N (6 eraldi seadistust)\",\"breadcrumb\":{\"@id\":\"https:\\\/\\\/ranoja.ee\\\/toode\\\/akusilikonipustol-cedsg45li-ilma-aku-laadijata\\\/#breadcrumb\"},\"inLanguage\":\"en-US\",\"potentialAction\":[{\"@type\":\"ReadAction\",\"target\":[\"https:\\\/\\\/ranoja.ee\\\/toode\\\/akusilikonipustol-cedsg45li-ilma-aku-laadijata\\\/\"]}]},{\"@type\":\"ImageObject\",\"inLanguage\":\"en-US\",\"@id\":\"https:\\\/\\\/ranoja.ee\\\/toode\\\/akusilikonipustol-cedsg45li-ilma-aku-laadijata\\\/#primaryimage\",\"url\":\"https:\\\/\\\/ranoja.ee\\\/wp-content\\\/uploads\\\/2023\\\/07\\\/Akusilikonipustol-CEDSG45LI.png\",\"contentUrl\":\"https:\\\/\\\/ranoja.ee\\\/wp-content\\\/uploads\\\/2023\\\/07\\\/Akusilikonipustol-CEDSG45LI.png\",\"width\":800,\"height\":466,\"caption\":\"Akusilikonip\u00fcstol CEDSG45LI (ilma aku\\\/laadijata)\"},{\"@type\":\"BreadcrumbList\",\"@id\":\"https:\\\/\\\/ranoja.ee\\\/toode\\\/akusilikonipustol-cedsg45li-ilma-aku-laadijata\\\/#breadcrumb\",\"itemListElement\":[{\"@type\":\"ListItem\",\"position\":1,\"name\":\"Home\",\"item\":\"https:\\\/\\\/ranoja.ee\\\/\"},{\"@type\":\"ListItem\",\"position\":2,\"name\":\"Shop\",\"item\":\"https:\\\/\\\/ranoja.ee\\\/en\\\/shop\\\/\"},{\"@type\":\"ListItem\",\"position\":3,\"name\":\"Akusilikonip\u00fcstol CEDSG45LI (ilma aku\\\/laadijata)\"}]},{\"@type\":\"WebSite\",\"@id\":\"https:\\\/\\\/ranoja.ee\\\/#website\",\"url\":\"https:\\\/\\\/ranoja.ee\\\/\",\"name\":\"Ranoja\",\"description\":\"Equipment Shop WooCommerce WordPress Theme for Machine &amp; Tools\",\"publisher\":{\"@id\":\"https:\\\/\\\/ranoja.ee\\\/#organization\"},\"potentialAction\":[{\"@type\":\"SearchAction\",\"target\":{\"@type\":\"EntryPoint\",\"urlTemplate\":\"https:\\\/\\\/ranoja.ee\\\/?s={search_term_string}\"},\"query-input\":{\"@type\":\"PropertyValueSpecification\",\"valueRequired\":true,\"valueName\":\"search_term_string\"}}],\"inLanguage\":\"en-US\"},{\"@type\":\"Organization\",\"@id\":\"https:\\\/\\\/ranoja.ee\\\/#organization\",\"name\":\"Ranoja O\u00dc\",\"url\":\"https:\\\/\\\/ranoja.ee\\\/\",\"logo\":{\"@type\":\"ImageObject\",\"inLanguage\":\"en-US\",\"@id\":\"https:\\\/\\\/ranoja.ee\\\/#\\\/schema\\\/logo\\\/image\\\/\",\"url\":\"https:\\\/\\\/ranoja.ee\\\/wp-content\\\/uploads\\\/2023\\\/11\\\/ranoja-Logo.png\",\"contentUrl\":\"https:\\\/\\\/ranoja.ee\\\/wp-content\\\/uploads\\\/2023\\\/11\\\/ranoja-Logo.png\",\"width\":207,\"height\":58,\"caption\":\"Ranoja O\u00dc\"},\"image\":{\"@id\":\"https:\\\/\\\/ranoja.ee\\\/#\\\/schema\\\/logo\\\/image\\\/\"},\"sameAs\":[\"https:\\\/\\\/www.facebook.com\\\/ranoja.ee\",\"https:\\\/\\\/www.instagram.com\\\/ranoja__\\\/\"]}]}<\/script>\n<!-- \/ Yoast SEO plugin. -->","yoast_head_json":{"title":"Akusilikonip\u00fcstol CEDSG45LI (ilma aku\/laadijata)","description":"Akusilikonip\u00fcstol CEDSG45LI (ilma aku\/laadijata) 20V Anum:600ml Tuub:310m Max doseerimis j\u00f5ud 4500N (6 eraldi seadistust)","robots":{"index":"index","follow":"follow","max-snippet":"max-snippet:-1","max-image-preview":"max-image-preview:large","max-video-preview":"max-video-preview:-1"},"canonical":"https:\/\/ranoja.ee\/toode\/akusilikonipustol-cedsg45li-ilma-aku-laadijata\/","og_locale":"en_US","og_type":"article","og_title":"Akusilikonip\u00fcstol CEDSG45LI (ilma aku\/laadijata)","og_description":"Akusilikonip\u00fcstol CEDSG45LI (ilma aku\/laadijata) 20V Anum:600ml Tuub:310m Max doseerimis j\u00f5ud 4500N (6 eraldi seadistust)","og_url":"https:\/\/ranoja.ee\/toode\/akusilikonipustol-cedsg45li-ilma-aku-laadijata\/","og_site_name":"Ranoja","article_publisher":"https:\/\/www.facebook.com\/ranoja.ee","article_modified_time":"2025-12-10T10:20:25+00:00","og_image":[{"width":800,"height":466,"url":"https:\/\/ranoja.ee\/wp-content\/uploads\/2023\/07\/Akusilikonipustol-CEDSG45LI.png","type":"image\/png"}],"twitter_card":"summary_large_image","twitter_misc":{"Est. reading time":"2 minutes"},"schema":{"@context":"https:\/\/schema.org","@graph":[{"@type":"WebPage","@id":"https:\/\/ranoja.ee\/toode\/akusilikonipustol-cedsg45li-ilma-aku-laadijata\/","url":"https:\/\/ranoja.ee\/toode\/akusilikonipustol-cedsg45li-ilma-aku-laadijata\/","name":"Akusilikonip\u00fcstol CEDSG45LI (ilma aku\/laadijata)","isPartOf":{"@id":"https:\/\/ranoja.ee\/#website"},"primaryImageOfPage":{"@id":"https:\/\/ranoja.ee\/toode\/akusilikonipustol-cedsg45li-ilma-aku-laadijata\/#primaryimage"},"image":{"@id":"https:\/\/ranoja.ee\/toode\/akusilikonipustol-cedsg45li-ilma-aku-laadijata\/#primaryimage"},"thumbnailUrl":"https:\/\/ranoja.ee\/wp-content\/uploads\/2023\/07\/Akusilikonipustol-CEDSG45LI.png","datePublished":"2023-07-11T12:10:06+00:00","dateModified":"2025-12-10T10:20:25+00:00","description":"Akusilikonip\u00fcstol CEDSG45LI (ilma aku\/laadijata) 20V Anum:600ml Tuub:310m Max doseerimis j\u00f5ud 4500N (6 eraldi seadistust)","breadcrumb":{"@id":"https:\/\/ranoja.ee\/toode\/akusilikonipustol-cedsg45li-ilma-aku-laadijata\/#breadcrumb"},"inLanguage":"en-US","potentialAction":[{"@type":"ReadAction","target":["https:\/\/ranoja.ee\/toode\/akusilikonipustol-cedsg45li-ilma-aku-laadijata\/"]}]},{"@type":"ImageObject","inLanguage":"en-US","@id":"https:\/\/ranoja.ee\/toode\/akusilikonipustol-cedsg45li-ilma-aku-laadijata\/#primaryimage","url":"https:\/\/ranoja.ee\/wp-content\/uploads\/2023\/07\/Akusilikonipustol-CEDSG45LI.png","contentUrl":"https:\/\/ranoja.ee\/wp-content\/uploads\/2023\/07\/Akusilikonipustol-CEDSG45LI.png","width":800,"height":466,"caption":"Akusilikonip\u00fcstol CEDSG45LI (ilma aku\/laadijata)"},{"@type":"BreadcrumbList","@id":"https:\/\/ranoja.ee\/toode\/akusilikonipustol-cedsg45li-ilma-aku-laadijata\/#breadcrumb","itemListElement":[{"@type":"ListItem","position":1,"name":"Home","item":"https:\/\/ranoja.ee\/"},{"@type":"ListItem","position":2,"name":"Shop","item":"https:\/\/ranoja.ee\/en\/shop\/"},{"@type":"ListItem","position":3,"name":"Akusilikonip\u00fcstol CEDSG45LI (ilma aku\/laadijata)"}]},{"@type":"WebSite","@id":"https:\/\/ranoja.ee\/#website","url":"https:\/\/ranoja.ee\/","name":"Ranoja","description":"Equipment Shop WooCommerce WordPress Theme for Machine &amp; Tools","publisher":{"@id":"https:\/\/ranoja.ee\/#organization"},"potentialAction":[{"@type":"SearchAction","target":{"@type":"EntryPoint","urlTemplate":"https:\/\/ranoja.ee\/?s={search_term_string}"},"query-input":{"@type":"PropertyValueSpecification","valueRequired":true,"valueName":"search_term_string"}}],"inLanguage":"en-US"},{"@type":"Organization","@id":"https:\/\/ranoja.ee\/#organization","name":"Ranoja O\u00dc","url":"https:\/\/ranoja.ee\/","logo":{"@type":"ImageObject","inLanguage":"en-US","@id":"https:\/\/ranoja.ee\/#\/schema\/logo\/image\/","url":"https:\/\/ranoja.ee\/wp-content\/uploads\/2023\/11\/ranoja-Logo.png","contentUrl":"https:\/\/ranoja.ee\/wp-content\/uploads\/2023\/11\/ranoja-Logo.png","width":207,"height":58,"caption":"Ranoja O\u00dc"},"image":{"@id":"https:\/\/ranoja.ee\/#\/schema\/logo\/image\/"},"sameAs":["https:\/\/www.facebook.com\/ranoja.ee","https:\/\/www.instagram.com\/ranoja__\/"]}]}},"_links":{"self":[{"href":"https:\/\/ranoja.ee\/en\/wp-json\/wp\/v2\/product\/3288","targetHints":{"allow":["GET"]}}],"collection":[{"href":"https:\/\/ranoja.ee\/en\/wp-json\/wp\/v2\/product"}],"about":[{"href":"https:\/\/ranoja.ee\/en\/wp-json\/wp\/v2\/types\/product"}],"wp:featuredmedia":[{"embeddable":true,"href":"https:\/\/ranoja.ee\/en\/wp-json\/wp\/v2\/media\/3289"}],"wp:attachment":[{"href":"https:\/\/ranoja.ee\/en\/wp-json\/wp\/v2\/media?parent=3288"}],"wp:term":[{"taxonomy":"product_cat","embeddable":true,"href":"https:\/\/ranoja.ee\/en\/wp-json\/wp\/v2\/product_cat?post=3288"},{"taxonomy":"product_tag","embeddable":true,"href":"https:\/\/ranoja.ee\/en\/wp-json\/wp\/v2\/product_tag?post=3288"}],"curies":[{"name":"wp","href":"https:\/\/api.w.org\/{rel}","templated":true}]}}