{"id":3270,"date":"2023-07-11T15:00:46","date_gmt":"2023-07-11T12:00:46","guid":{"rendered":"https:\/\/www.ranoja.ee\/?post_type=product&#038;p=3270"},"modified":"2025-12-10T13:20:25","modified_gmt":"2025-12-10T10:20:25","slug":"akulehepuhur-cedb42lix2-ilma-aku-laadijata","status":"publish","type":"product","link":"https:\/\/ranoja.ee\/en\/toode\/akulehepuhur-cedb42lix2-ilma-aku-laadijata\/","title":{"rendered":"Akulehepuhur CEDB42LIX2 (ilma aku\/laadijata)"},"content":{"rendered":"<p>Akulehepuhur CEDB42LIX2 (ilma aku\/laadijata)<br \/>\nAkutoitel lehepuhurid on suurep\u00e4rane valik inimestele, kes soovivad mugavalt ja vaiksemalt lehti puhastada, eriti piirkondades, kus juurdep\u00e4\u00e4s elektriv\u00f5rgule v\u00f5ib olla piiratud. Siin on m\u00f5ned olulised aspektid akutoitel lehepuhurite kohta:<\/p>\n<p>Mugavus: Need puhurid on tavaliselt kerged ja lihtsalt k\u00e4sitsetavad, mis teeb nendega t\u00f6\u00f6tamise mugavaks.<br \/>\nM\u00fcratase: Akutoitel lehepuhurid on tavaliselt m\u00e4rkimisv\u00e4\u00e4rselt vaiksemad kui bensiini- v\u00f5i elektrilised mudelid, mis muudab need sobivaks kasutamiseks linnakeskkonnas v\u00f5i m\u00fcra tundlikel aladel.<br \/>\nKasutusulatus: Akutoitel lehepuhuritel on piiratud t\u00f6\u00f6aeg \u00fche laadimisega v\u00f5rreldes bensiinimootoriga puhuritega, kuid need sobivad suurep\u00e4raselt v\u00e4iksemateks t\u00f6\u00f6deks ja l\u00fchiajalisteks kasutusteks.<br \/>\nKeskkonnas\u00f5bralikkus: Need puhurid ei tekita heitmeid ega vaja k\u00fctust, mis muudab nad keskkonnas\u00f5bralikumaks alternatiiviks.<br \/>\nAkulehepuhur CEDB42LIX2 (ilma aku\/laadijata)<\/p>\n<p>Siin on m\u00f5ned praktilised n\u00e4pun\u00e4ited akutoitel lehepuhurite kasutamiseks:<\/p>\n<p>Laadige aku t\u00e4ielikult enne kasutamist: Veenduge, et aku oleks enne kasutamist t\u00e4ielikult laetud, et saaksite maksimaalset j\u00f5udlust ja t\u00f6\u00f6aega.<br \/>\nKasutage kaitsevahendeid: Kandke kaitseprille ja k\u00f5rvaklappe, et kaitsta end lendavate lehtede ja puhuri m\u00fcrataseme eest.<br \/>\nT\u00f6\u00f6tage \u00f5igeid pindu: Kasutage lehepuhurit peamiselt k\u00f5vakattega pindadel nagu k\u00f5nniteed, tee\u00e4\u00e4red ja sisses\u00f5iduteed. Murupindadel v\u00f5ib olla keerulisem kontrollida, kuna lehed v\u00f5ivad kergesti hajuda.<br \/>\nLiikuge s\u00fcstemaatiliselt: Alustage lehtede puhastamist \u00fchest nurgast v\u00f5i servast ja liikuge j\u00e4rk-j\u00e4rgult teise suunas, tagades, et k\u00f5ik alad saavad hoolikalt puhastatud.<\/p>\n<p>CEDRUS on \u00fcks suurimaid aiandusmasinate, t\u00f6\u00f6riistade ning metsandus tarvikute edasim\u00fc\u00fcjaid Poolas.<br \/>\nMeie eesm\u00e4rk on pakkuda klientidele k\u00f5rgeima kvaliteediga tooteid konkurentsiv\u00f5imeliste hindadega.<br \/>\nAlates 2016. aastast oleme arendanud ka oma kaubam\u00e4rgi all olevat tootesarja Cedrus.<br \/>\nHetkel pakume enam kui 100 t\u00fc\u00fcpi CEDRUS kaubam\u00e4rgi aia- ja ehitusmasinaid, samuti k\u00f5iki hooldustarvikuid ja varuosi.<br \/>\n<img decoding=\"async\" src=\"https:\/\/www.ranoja.ee\/wp-content\/uploads\/2023\/07\/cedrus-logo-vaike-1-300x99.png\" alt=\"\" width=\"300\" height=\"99\" class=\"alignnone size-medium wp-image-5896\" srcset=\"https:\/\/ranoja.ee\/wp-content\/uploads\/2023\/07\/cedrus-logo-vaike-1-300x99.png 300w, https:\/\/ranoja.ee\/wp-content\/uploads\/2023\/07\/cedrus-logo-vaike-1.png 431w\" sizes=\"(max-width: 300px) 100vw, 300px\" \/><\/p>\n","protected":false},"excerpt":{"rendered":"<p>CEDB42LIX2<br \/>\nLehepuhur (ilma aku\/laadijata)<br \/>\n2 x 20V<br \/>\nKiirus 0-20000 rpm<br \/>\n\u00d5hukiirus 42 m\/s<br \/>\nKaal 2,5kg<br \/>\n<span style=\"color: #000000;\"><strong>Garantii 1 aasta (eraisikule 3 aastat)<\/strong><\/span><br \/>\n<strong><span style=\"color: #339966;\">ANTUD SEADMEGA SAAB TUTVUDA MEIE PAIDE ESINDUSES KOHAPEAL!<\/span><\/strong><\/p>\n<p><span style=\"color: #000000;\"><strong>KASUTA SEDA T\u00d6\u00d6RIISTA OMA <span style=\"color: #339966;\">18V &#8211; MAKITA<\/span>, <span style=\"color: #339966;\">BOSCH<\/span> V\u00d5I <span style=\"color: #339966;\">DEWALT<\/span> AKUGA!<\/strong><\/span><\/p>\n<p><a href=\"https:\/\/www.ranoja.ee\/tootekategooria\/akutooriistad\/vaheadapterid\/\"><img decoding=\"async\" class=\"alignnone wp-image-8608\" src=\"https:\/\/www.ranoja.ee\/wp-content\/uploads\/2024\/04\/Vaheadapter-makita-tooriistadele-300x200.jpg\" alt=\"Vaheadapter cedrus akut\u00f6\u00f6riistadele CEDRAD C-M (Makita)\" width=\"200\" height=\"133\" srcset=\"https:\/\/ranoja.ee\/wp-content\/uploads\/2024\/04\/Vaheadapter-makita-tooriistadele-300x200.jpg 300w, https:\/\/ranoja.ee\/wp-content\/uploads\/2024\/04\/Vaheadapter-makita-tooriistadele-1024x683.jpg 1024w, https:\/\/ranoja.ee\/wp-content\/uploads\/2024\/04\/Vaheadapter-makita-tooriistadele-768x512.jpg 768w, https:\/\/ranoja.ee\/wp-content\/uploads\/2024\/04\/Vaheadapter-makita-tooriistadele-800x533.jpg 800w, https:\/\/ranoja.ee\/wp-content\/uploads\/2024\/04\/Vaheadapter-makita-tooriistadele.jpg 1200w\" sizes=\"(max-width: 200px) 100vw, 200px\" \/><\/a><br \/>\n<span style=\"color: #000000;\"><strong><a style=\"color: #000000;\" href=\"https:\/\/www.ranoja.ee\/tootekategooria\/akutooriistad\/vaheadapterid\/\">Leia endale <span style=\"color: #339966;\">sobiv vaheadapter siit\u2192<\/span><\/a><\/strong><\/span><\/p>\n<p><strong><a href=\"https:\/\/www.ranoja.ee\/tootekategooria\/akutooriistad\/akud-ja-laadijad\/\">T\u00f6\u00f6riistale sobivad <span style=\"color: #339966;\">Cedrus Power + akud ja laadijad leiad siit\u2192<\/span><\/a><\/strong><\/p>\n","protected":false},"featured_media":13914,"template":"","meta":{"inline_featured_image":false},"product_cat":[1132,1094,903],"product_tag":[269,267,137,225,268],"class_list":{"0":"post-3270","1":"product","2":"type-product","3":"status-publish","4":"has-post-thumbnail","6":"product_brand-cedrus","7":"product_cat-akulehepuhurid-ja-imurid","8":"product_cat-akutooriistad","9":"product_cat-lehepuhurid-ja-imurid","10":"product_tag-akulehepuhur","11":"product_tag-cedb42lix2","12":"product_tag-cedrus","13":"product_tag-cedrus-power","14":"product_tag-lehepuhur","16":"first","17":"instock","18":"taxable","19":"shipping-taxable","20":"purchasable","21":"product-type-simple"},"yoast_head":"<!-- This site is optimized with the Yoast SEO plugin v27.4 - https:\/\/yoast.com\/product\/yoast-seo-wordpress\/ -->\n<title>Akulehepuhur CEDB42LIX2 (ilma aku\/laadijata)<\/title>\n<meta name=\"description\" content=\"Akulehepuhur CEDB42LIX2 (ilma aku\/laadijata) 2 x 20V Kiirus 0-20000 rpm akulehepuhur-cedb42lix2-ilma-aku-laadijata Kaal 2,5kg aiatehnika aiat\u00f6\u00f6riistad\" \/>\n<meta name=\"robots\" content=\"index, follow, max-snippet:-1, max-image-preview:large, max-video-preview:-1\" \/>\n<link rel=\"canonical\" href=\"https:\/\/ranoja.ee\/toode\/akulehepuhur-cedb42lix2-ilma-aku-laadijata\/\" \/>\n<meta property=\"og:locale\" content=\"en_US\" \/>\n<meta property=\"og:type\" content=\"article\" \/>\n<meta property=\"og:title\" content=\"Akulehepuhur CEDB42LIX2 (ilma aku\/laadijata)\" \/>\n<meta property=\"og:description\" content=\"Akulehepuhur CEDB42LIX2 (ilma aku\/laadijata) 2 x 20V Kiirus 0-20000 rpm akulehepuhur-cedb42lix2-ilma-aku-laadijata Kaal 2,5kg aiatehnika aiat\u00f6\u00f6riistad\" \/>\n<meta property=\"og:url\" content=\"https:\/\/ranoja.ee\/toode\/akulehepuhur-cedb42lix2-ilma-aku-laadijata\/\" \/>\n<meta property=\"og:site_name\" content=\"Ranoja\" \/>\n<meta property=\"article:publisher\" content=\"https:\/\/www.facebook.com\/ranoja.ee\" \/>\n<meta property=\"article:modified_time\" content=\"2025-12-10T10:20:25+00:00\" \/>\n<meta property=\"og:image\" content=\"https:\/\/ranoja.ee\/wp-content\/uploads\/2023\/07\/Akulehepuhur-CEDB42LIX2.jpg\" \/>\n\t<meta property=\"og:image:width\" content=\"800\" \/>\n\t<meta property=\"og:image:height\" content=\"407\" \/>\n\t<meta property=\"og:image:type\" content=\"image\/jpeg\" \/>\n<meta name=\"twitter:card\" content=\"summary_large_image\" \/>\n<meta name=\"twitter:label1\" content=\"Est. reading time\" \/>\n\t<meta name=\"twitter:data1\" content=\"2 minutes\" \/>\n<script type=\"application\/ld+json\" class=\"yoast-schema-graph\">{\"@context\":\"https:\\\/\\\/schema.org\",\"@graph\":[{\"@type\":\"WebPage\",\"@id\":\"https:\\\/\\\/ranoja.ee\\\/toode\\\/akulehepuhur-cedb42lix2-ilma-aku-laadijata\\\/\",\"url\":\"https:\\\/\\\/ranoja.ee\\\/toode\\\/akulehepuhur-cedb42lix2-ilma-aku-laadijata\\\/\",\"name\":\"Akulehepuhur CEDB42LIX2 (ilma aku\\\/laadijata)\",\"isPartOf\":{\"@id\":\"https:\\\/\\\/ranoja.ee\\\/#website\"},\"primaryImageOfPage\":{\"@id\":\"https:\\\/\\\/ranoja.ee\\\/toode\\\/akulehepuhur-cedb42lix2-ilma-aku-laadijata\\\/#primaryimage\"},\"image\":{\"@id\":\"https:\\\/\\\/ranoja.ee\\\/toode\\\/akulehepuhur-cedb42lix2-ilma-aku-laadijata\\\/#primaryimage\"},\"thumbnailUrl\":\"https:\\\/\\\/ranoja.ee\\\/wp-content\\\/uploads\\\/2023\\\/07\\\/Akulehepuhur-CEDB42LIX2.jpg\",\"datePublished\":\"2023-07-11T12:00:46+00:00\",\"dateModified\":\"2025-12-10T10:20:25+00:00\",\"description\":\"Akulehepuhur CEDB42LIX2 (ilma aku\\\/laadijata) 2 x 20V Kiirus 0-20000 rpm akulehepuhur-cedb42lix2-ilma-aku-laadijata Kaal 2,5kg aiatehnika aiat\u00f6\u00f6riistad\",\"breadcrumb\":{\"@id\":\"https:\\\/\\\/ranoja.ee\\\/toode\\\/akulehepuhur-cedb42lix2-ilma-aku-laadijata\\\/#breadcrumb\"},\"inLanguage\":\"en-US\",\"potentialAction\":[{\"@type\":\"ReadAction\",\"target\":[\"https:\\\/\\\/ranoja.ee\\\/toode\\\/akulehepuhur-cedb42lix2-ilma-aku-laadijata\\\/\"]}]},{\"@type\":\"ImageObject\",\"inLanguage\":\"en-US\",\"@id\":\"https:\\\/\\\/ranoja.ee\\\/toode\\\/akulehepuhur-cedb42lix2-ilma-aku-laadijata\\\/#primaryimage\",\"url\":\"https:\\\/\\\/ranoja.ee\\\/wp-content\\\/uploads\\\/2023\\\/07\\\/Akulehepuhur-CEDB42LIX2.jpg\",\"contentUrl\":\"https:\\\/\\\/ranoja.ee\\\/wp-content\\\/uploads\\\/2023\\\/07\\\/Akulehepuhur-CEDB42LIX2.jpg\",\"width\":800,\"height\":407,\"caption\":\"Akulehepuhur CEDB42LIX2 (ilma aku\\\/laadijata)\"},{\"@type\":\"BreadcrumbList\",\"@id\":\"https:\\\/\\\/ranoja.ee\\\/toode\\\/akulehepuhur-cedb42lix2-ilma-aku-laadijata\\\/#breadcrumb\",\"itemListElement\":[{\"@type\":\"ListItem\",\"position\":1,\"name\":\"Home\",\"item\":\"https:\\\/\\\/ranoja.ee\\\/\"},{\"@type\":\"ListItem\",\"position\":2,\"name\":\"Shop\",\"item\":\"https:\\\/\\\/ranoja.ee\\\/en\\\/shop\\\/\"},{\"@type\":\"ListItem\",\"position\":3,\"name\":\"Akulehepuhur CEDB42LIX2 (ilma aku\\\/laadijata)\"}]},{\"@type\":\"WebSite\",\"@id\":\"https:\\\/\\\/ranoja.ee\\\/#website\",\"url\":\"https:\\\/\\\/ranoja.ee\\\/\",\"name\":\"Ranoja\",\"description\":\"Equipment Shop WooCommerce WordPress Theme for Machine &amp; Tools\",\"publisher\":{\"@id\":\"https:\\\/\\\/ranoja.ee\\\/#organization\"},\"potentialAction\":[{\"@type\":\"SearchAction\",\"target\":{\"@type\":\"EntryPoint\",\"urlTemplate\":\"https:\\\/\\\/ranoja.ee\\\/?s={search_term_string}\"},\"query-input\":{\"@type\":\"PropertyValueSpecification\",\"valueRequired\":true,\"valueName\":\"search_term_string\"}}],\"inLanguage\":\"en-US\"},{\"@type\":\"Organization\",\"@id\":\"https:\\\/\\\/ranoja.ee\\\/#organization\",\"name\":\"Ranoja O\u00dc\",\"url\":\"https:\\\/\\\/ranoja.ee\\\/\",\"logo\":{\"@type\":\"ImageObject\",\"inLanguage\":\"en-US\",\"@id\":\"https:\\\/\\\/ranoja.ee\\\/#\\\/schema\\\/logo\\\/image\\\/\",\"url\":\"https:\\\/\\\/ranoja.ee\\\/wp-content\\\/uploads\\\/2023\\\/11\\\/ranoja-Logo.png\",\"contentUrl\":\"https:\\\/\\\/ranoja.ee\\\/wp-content\\\/uploads\\\/2023\\\/11\\\/ranoja-Logo.png\",\"width\":207,\"height\":58,\"caption\":\"Ranoja O\u00dc\"},\"image\":{\"@id\":\"https:\\\/\\\/ranoja.ee\\\/#\\\/schema\\\/logo\\\/image\\\/\"},\"sameAs\":[\"https:\\\/\\\/www.facebook.com\\\/ranoja.ee\",\"https:\\\/\\\/www.instagram.com\\\/ranoja__\\\/\"]}]}<\/script>\n<!-- \/ Yoast SEO plugin. -->","yoast_head_json":{"title":"Akulehepuhur CEDB42LIX2 (ilma aku\/laadijata)","description":"Akulehepuhur CEDB42LIX2 (ilma aku\/laadijata) 2 x 20V Kiirus 0-20000 rpm akulehepuhur-cedb42lix2-ilma-aku-laadijata Kaal 2,5kg aiatehnika aiat\u00f6\u00f6riistad","robots":{"index":"index","follow":"follow","max-snippet":"max-snippet:-1","max-image-preview":"max-image-preview:large","max-video-preview":"max-video-preview:-1"},"canonical":"https:\/\/ranoja.ee\/toode\/akulehepuhur-cedb42lix2-ilma-aku-laadijata\/","og_locale":"en_US","og_type":"article","og_title":"Akulehepuhur CEDB42LIX2 (ilma aku\/laadijata)","og_description":"Akulehepuhur CEDB42LIX2 (ilma aku\/laadijata) 2 x 20V Kiirus 0-20000 rpm akulehepuhur-cedb42lix2-ilma-aku-laadijata Kaal 2,5kg aiatehnika aiat\u00f6\u00f6riistad","og_url":"https:\/\/ranoja.ee\/toode\/akulehepuhur-cedb42lix2-ilma-aku-laadijata\/","og_site_name":"Ranoja","article_publisher":"https:\/\/www.facebook.com\/ranoja.ee","article_modified_time":"2025-12-10T10:20:25+00:00","og_image":[{"width":800,"height":407,"url":"https:\/\/ranoja.ee\/wp-content\/uploads\/2023\/07\/Akulehepuhur-CEDB42LIX2.jpg","type":"image\/jpeg"}],"twitter_card":"summary_large_image","twitter_misc":{"Est. reading time":"2 minutes"},"schema":{"@context":"https:\/\/schema.org","@graph":[{"@type":"WebPage","@id":"https:\/\/ranoja.ee\/toode\/akulehepuhur-cedb42lix2-ilma-aku-laadijata\/","url":"https:\/\/ranoja.ee\/toode\/akulehepuhur-cedb42lix2-ilma-aku-laadijata\/","name":"Akulehepuhur CEDB42LIX2 (ilma aku\/laadijata)","isPartOf":{"@id":"https:\/\/ranoja.ee\/#website"},"primaryImageOfPage":{"@id":"https:\/\/ranoja.ee\/toode\/akulehepuhur-cedb42lix2-ilma-aku-laadijata\/#primaryimage"},"image":{"@id":"https:\/\/ranoja.ee\/toode\/akulehepuhur-cedb42lix2-ilma-aku-laadijata\/#primaryimage"},"thumbnailUrl":"https:\/\/ranoja.ee\/wp-content\/uploads\/2023\/07\/Akulehepuhur-CEDB42LIX2.jpg","datePublished":"2023-07-11T12:00:46+00:00","dateModified":"2025-12-10T10:20:25+00:00","description":"Akulehepuhur CEDB42LIX2 (ilma aku\/laadijata) 2 x 20V Kiirus 0-20000 rpm akulehepuhur-cedb42lix2-ilma-aku-laadijata Kaal 2,5kg aiatehnika aiat\u00f6\u00f6riistad","breadcrumb":{"@id":"https:\/\/ranoja.ee\/toode\/akulehepuhur-cedb42lix2-ilma-aku-laadijata\/#breadcrumb"},"inLanguage":"en-US","potentialAction":[{"@type":"ReadAction","target":["https:\/\/ranoja.ee\/toode\/akulehepuhur-cedb42lix2-ilma-aku-laadijata\/"]}]},{"@type":"ImageObject","inLanguage":"en-US","@id":"https:\/\/ranoja.ee\/toode\/akulehepuhur-cedb42lix2-ilma-aku-laadijata\/#primaryimage","url":"https:\/\/ranoja.ee\/wp-content\/uploads\/2023\/07\/Akulehepuhur-CEDB42LIX2.jpg","contentUrl":"https:\/\/ranoja.ee\/wp-content\/uploads\/2023\/07\/Akulehepuhur-CEDB42LIX2.jpg","width":800,"height":407,"caption":"Akulehepuhur CEDB42LIX2 (ilma aku\/laadijata)"},{"@type":"BreadcrumbList","@id":"https:\/\/ranoja.ee\/toode\/akulehepuhur-cedb42lix2-ilma-aku-laadijata\/#breadcrumb","itemListElement":[{"@type":"ListItem","position":1,"name":"Home","item":"https:\/\/ranoja.ee\/"},{"@type":"ListItem","position":2,"name":"Shop","item":"https:\/\/ranoja.ee\/en\/shop\/"},{"@type":"ListItem","position":3,"name":"Akulehepuhur CEDB42LIX2 (ilma aku\/laadijata)"}]},{"@type":"WebSite","@id":"https:\/\/ranoja.ee\/#website","url":"https:\/\/ranoja.ee\/","name":"Ranoja","description":"Equipment Shop WooCommerce WordPress Theme for Machine &amp; Tools","publisher":{"@id":"https:\/\/ranoja.ee\/#organization"},"potentialAction":[{"@type":"SearchAction","target":{"@type":"EntryPoint","urlTemplate":"https:\/\/ranoja.ee\/?s={search_term_string}"},"query-input":{"@type":"PropertyValueSpecification","valueRequired":true,"valueName":"search_term_string"}}],"inLanguage":"en-US"},{"@type":"Organization","@id":"https:\/\/ranoja.ee\/#organization","name":"Ranoja O\u00dc","url":"https:\/\/ranoja.ee\/","logo":{"@type":"ImageObject","inLanguage":"en-US","@id":"https:\/\/ranoja.ee\/#\/schema\/logo\/image\/","url":"https:\/\/ranoja.ee\/wp-content\/uploads\/2023\/11\/ranoja-Logo.png","contentUrl":"https:\/\/ranoja.ee\/wp-content\/uploads\/2023\/11\/ranoja-Logo.png","width":207,"height":58,"caption":"Ranoja O\u00dc"},"image":{"@id":"https:\/\/ranoja.ee\/#\/schema\/logo\/image\/"},"sameAs":["https:\/\/www.facebook.com\/ranoja.ee","https:\/\/www.instagram.com\/ranoja__\/"]}]}},"_links":{"self":[{"href":"https:\/\/ranoja.ee\/en\/wp-json\/wp\/v2\/product\/3270","targetHints":{"allow":["GET"]}}],"collection":[{"href":"https:\/\/ranoja.ee\/en\/wp-json\/wp\/v2\/product"}],"about":[{"href":"https:\/\/ranoja.ee\/en\/wp-json\/wp\/v2\/types\/product"}],"wp:featuredmedia":[{"embeddable":true,"href":"https:\/\/ranoja.ee\/en\/wp-json\/wp\/v2\/media\/13914"}],"wp:attachment":[{"href":"https:\/\/ranoja.ee\/en\/wp-json\/wp\/v2\/media?parent=3270"}],"wp:term":[{"taxonomy":"product_cat","embeddable":true,"href":"https:\/\/ranoja.ee\/en\/wp-json\/wp\/v2\/product_cat?post=3270"},{"taxonomy":"product_tag","embeddable":true,"href":"https:\/\/ranoja.ee\/en\/wp-json\/wp\/v2\/product_tag?post=3270"}],"curies":[{"name":"wp","href":"https:\/\/api.w.org\/{rel}","templated":true}]}}