{"id":32580,"date":"2026-02-10T21:32:27","date_gmt":"2026-02-10T18:32:27","guid":{"rendered":"https:\/\/ranoja.ee\/toode\/tagasipoordumisspring-pubert-vario-originaalosa\/"},"modified":"2026-03-03T14:42:31","modified_gmt":"2026-03-03T11:42:31","slug":"tagastusvedru-pubert-vario-originaalosa","status":"publish","type":"product","link":"https:\/\/ranoja.ee\/en\/toode\/tagastusvedru-pubert-vario-originaalosa\/","title":{"rendered":"Tagastusvedru Pubert Vario originaalosa"},"content":{"rendered":"<p>Tagastusvedru Pubert Vario originaalosa<\/p>\n<p>Originaalne tagastusvedru, mis sobib Pubert Vario mudelile. Tegemist on olulise mehhaanilise detailiga, mille \u00fclesanne on tagada hoova v\u00f5i mehhanismi automaatne tagasiliikumine algasendisse p\u00e4rast kasutamist. Korrektselt toimiv tagastusvedru aitab s\u00e4ilitada masina sujuva ja turvalise t\u00f6\u00f6.<\/p>\n<p>Vedru on valmistatud vastupidavast ja elastsest materjalist, mis talub pidevat koormust, vibratsiooni ning t\u00f6\u00f6tingimustest tulenevaid pingeid. Kulunud v\u00f5i veninud vedru v\u00f5ib p\u00f5hjustada mehhanismi ebat\u00e4pse liikumise v\u00f5i t\u00f6\u00f6 h\u00e4ireid, mist\u00f5ttu on oluline see vajadusel \u00f5igeaegselt v\u00e4lja vahetada.<\/p>\n<p>Tagastusvedru Pubert Vario originaalosa<\/p>\n","protected":false},"excerpt":{"rendered":"<p>Tagastusvedru Pubert Vario originaalosa<br \/>\nTootekood: 0305020005<\/p>\n","protected":false},"featured_media":38236,"template":"","meta":{"inline_featured_image":false},"product_cat":[3052],"product_tag":[4026,4010,4025],"class_list":{"0":"post-32580","1":"product","2":"type-product","3":"status-publish","4":"has-post-thumbnail","6":"product_cat-cedrus-tooted","7":"product_tag-4026","8":"product_tag-pubert","9":"product_tag-tagastusvedru-pubert-vario-originaalosa","11":"first","12":"instock","13":"taxable","14":"shipping-taxable","15":"purchasable","16":"product-type-simple"},"yoast_head":"<!-- This site is optimized with the Yoast SEO plugin v27.4 - https:\/\/yoast.com\/product\/yoast-seo-wordpress\/ -->\n<title>Tagastusvedru Pubert Vario originaalosa<\/title>\n<meta name=\"description\" content=\"Tagastusvedru Pubert Vario originaalosa Mille \u00fclesanne on tagada hoova v\u00f5i mehhanismi automaatne tagasiliikumine algasendisse p\u00e4rast kasutamist.\" \/>\n<meta name=\"robots\" content=\"index, follow, max-snippet:-1, max-image-preview:large, max-video-preview:-1\" \/>\n<link rel=\"canonical\" href=\"https:\/\/ranoja.ee\/toode\/tagastusvedru-pubert-vario-originaalosa\/\" \/>\n<meta property=\"og:locale\" content=\"en_US\" \/>\n<meta property=\"og:type\" content=\"article\" \/>\n<meta property=\"og:title\" content=\"Tagastusvedru Pubert Vario originaalosa\" \/>\n<meta property=\"og:description\" content=\"Tagastusvedru Pubert Vario originaalosa Mille \u00fclesanne on tagada hoova v\u00f5i mehhanismi automaatne tagasiliikumine algasendisse p\u00e4rast kasutamist.\" \/>\n<meta property=\"og:url\" content=\"https:\/\/ranoja.ee\/toode\/tagastusvedru-pubert-vario-originaalosa\/\" \/>\n<meta property=\"og:site_name\" content=\"Ranoja\" \/>\n<meta property=\"article:publisher\" content=\"https:\/\/www.facebook.com\/ranoja.ee\" \/>\n<meta property=\"article:modified_time\" content=\"2026-03-03T11:42:31+00:00\" \/>\n<meta property=\"og:image\" content=\"https:\/\/ranoja.ee\/wp-content\/uploads\/2026\/02\/6038_0305020005-8.jpg\" \/>\n\t<meta property=\"og:image:width\" content=\"373\" \/>\n\t<meta property=\"og:image:height\" content=\"300\" \/>\n\t<meta property=\"og:image:type\" content=\"image\/jpeg\" \/>\n<meta name=\"twitter:card\" content=\"summary_large_image\" \/>\n<meta name=\"twitter:label1\" content=\"Est. reading time\" \/>\n\t<meta name=\"twitter:data1\" content=\"1 minute\" \/>\n<script type=\"application\/ld+json\" class=\"yoast-schema-graph\">{\"@context\":\"https:\\\/\\\/schema.org\",\"@graph\":[{\"@type\":\"WebPage\",\"@id\":\"https:\\\/\\\/ranoja.ee\\\/toode\\\/tagastusvedru-pubert-vario-originaalosa\\\/\",\"url\":\"https:\\\/\\\/ranoja.ee\\\/toode\\\/tagastusvedru-pubert-vario-originaalosa\\\/\",\"name\":\"Tagastusvedru Pubert Vario originaalosa\",\"isPartOf\":{\"@id\":\"https:\\\/\\\/ranoja.ee\\\/#website\"},\"primaryImageOfPage\":{\"@id\":\"https:\\\/\\\/ranoja.ee\\\/toode\\\/tagastusvedru-pubert-vario-originaalosa\\\/#primaryimage\"},\"image\":{\"@id\":\"https:\\\/\\\/ranoja.ee\\\/toode\\\/tagastusvedru-pubert-vario-originaalosa\\\/#primaryimage\"},\"thumbnailUrl\":\"https:\\\/\\\/ranoja.ee\\\/wp-content\\\/uploads\\\/2026\\\/02\\\/6038_0305020005-8.jpg\",\"datePublished\":\"2026-02-10T18:32:27+00:00\",\"dateModified\":\"2026-03-03T11:42:31+00:00\",\"description\":\"Tagastusvedru Pubert Vario originaalosa Mille \u00fclesanne on tagada hoova v\u00f5i mehhanismi automaatne tagasiliikumine algasendisse p\u00e4rast kasutamist.\",\"breadcrumb\":{\"@id\":\"https:\\\/\\\/ranoja.ee\\\/toode\\\/tagastusvedru-pubert-vario-originaalosa\\\/#breadcrumb\"},\"inLanguage\":\"en-US\",\"potentialAction\":[{\"@type\":\"ReadAction\",\"target\":[\"https:\\\/\\\/ranoja.ee\\\/toode\\\/tagastusvedru-pubert-vario-originaalosa\\\/\"]}]},{\"@type\":\"ImageObject\",\"inLanguage\":\"en-US\",\"@id\":\"https:\\\/\\\/ranoja.ee\\\/toode\\\/tagastusvedru-pubert-vario-originaalosa\\\/#primaryimage\",\"url\":\"https:\\\/\\\/ranoja.ee\\\/wp-content\\\/uploads\\\/2026\\\/02\\\/6038_0305020005-8.jpg\",\"contentUrl\":\"https:\\\/\\\/ranoja.ee\\\/wp-content\\\/uploads\\\/2026\\\/02\\\/6038_0305020005-8.jpg\",\"width\":373,\"height\":300},{\"@type\":\"BreadcrumbList\",\"@id\":\"https:\\\/\\\/ranoja.ee\\\/toode\\\/tagastusvedru-pubert-vario-originaalosa\\\/#breadcrumb\",\"itemListElement\":[{\"@type\":\"ListItem\",\"position\":1,\"name\":\"Home\",\"item\":\"https:\\\/\\\/ranoja.ee\\\/\"},{\"@type\":\"ListItem\",\"position\":2,\"name\":\"Shop\",\"item\":\"https:\\\/\\\/ranoja.ee\\\/en\\\/shop\\\/\"},{\"@type\":\"ListItem\",\"position\":3,\"name\":\"Tagastusvedru Pubert Vario originaalosa\"}]},{\"@type\":\"WebSite\",\"@id\":\"https:\\\/\\\/ranoja.ee\\\/#website\",\"url\":\"https:\\\/\\\/ranoja.ee\\\/\",\"name\":\"Ranoja\",\"description\":\"Equipment Shop WooCommerce WordPress Theme for Machine &amp; Tools\",\"publisher\":{\"@id\":\"https:\\\/\\\/ranoja.ee\\\/#organization\"},\"potentialAction\":[{\"@type\":\"SearchAction\",\"target\":{\"@type\":\"EntryPoint\",\"urlTemplate\":\"https:\\\/\\\/ranoja.ee\\\/?s={search_term_string}\"},\"query-input\":{\"@type\":\"PropertyValueSpecification\",\"valueRequired\":true,\"valueName\":\"search_term_string\"}}],\"inLanguage\":\"en-US\"},{\"@type\":\"Organization\",\"@id\":\"https:\\\/\\\/ranoja.ee\\\/#organization\",\"name\":\"Ranoja O\u00dc\",\"url\":\"https:\\\/\\\/ranoja.ee\\\/\",\"logo\":{\"@type\":\"ImageObject\",\"inLanguage\":\"en-US\",\"@id\":\"https:\\\/\\\/ranoja.ee\\\/#\\\/schema\\\/logo\\\/image\\\/\",\"url\":\"https:\\\/\\\/ranoja.ee\\\/wp-content\\\/uploads\\\/2023\\\/11\\\/ranoja-Logo.png\",\"contentUrl\":\"https:\\\/\\\/ranoja.ee\\\/wp-content\\\/uploads\\\/2023\\\/11\\\/ranoja-Logo.png\",\"width\":207,\"height\":58,\"caption\":\"Ranoja O\u00dc\"},\"image\":{\"@id\":\"https:\\\/\\\/ranoja.ee\\\/#\\\/schema\\\/logo\\\/image\\\/\"},\"sameAs\":[\"https:\\\/\\\/www.facebook.com\\\/ranoja.ee\",\"https:\\\/\\\/www.instagram.com\\\/ranoja__\\\/\"]}]}<\/script>\n<!-- \/ Yoast SEO plugin. -->","yoast_head_json":{"title":"Tagastusvedru Pubert Vario originaalosa","description":"Tagastusvedru Pubert Vario originaalosa Mille \u00fclesanne on tagada hoova v\u00f5i mehhanismi automaatne tagasiliikumine algasendisse p\u00e4rast kasutamist.","robots":{"index":"index","follow":"follow","max-snippet":"max-snippet:-1","max-image-preview":"max-image-preview:large","max-video-preview":"max-video-preview:-1"},"canonical":"https:\/\/ranoja.ee\/toode\/tagastusvedru-pubert-vario-originaalosa\/","og_locale":"en_US","og_type":"article","og_title":"Tagastusvedru Pubert Vario originaalosa","og_description":"Tagastusvedru Pubert Vario originaalosa Mille \u00fclesanne on tagada hoova v\u00f5i mehhanismi automaatne tagasiliikumine algasendisse p\u00e4rast kasutamist.","og_url":"https:\/\/ranoja.ee\/toode\/tagastusvedru-pubert-vario-originaalosa\/","og_site_name":"Ranoja","article_publisher":"https:\/\/www.facebook.com\/ranoja.ee","article_modified_time":"2026-03-03T11:42:31+00:00","og_image":[{"width":373,"height":300,"url":"https:\/\/ranoja.ee\/wp-content\/uploads\/2026\/02\/6038_0305020005-8.jpg","type":"image\/jpeg"}],"twitter_card":"summary_large_image","twitter_misc":{"Est. reading time":"1 minute"},"schema":{"@context":"https:\/\/schema.org","@graph":[{"@type":"WebPage","@id":"https:\/\/ranoja.ee\/toode\/tagastusvedru-pubert-vario-originaalosa\/","url":"https:\/\/ranoja.ee\/toode\/tagastusvedru-pubert-vario-originaalosa\/","name":"Tagastusvedru Pubert Vario originaalosa","isPartOf":{"@id":"https:\/\/ranoja.ee\/#website"},"primaryImageOfPage":{"@id":"https:\/\/ranoja.ee\/toode\/tagastusvedru-pubert-vario-originaalosa\/#primaryimage"},"image":{"@id":"https:\/\/ranoja.ee\/toode\/tagastusvedru-pubert-vario-originaalosa\/#primaryimage"},"thumbnailUrl":"https:\/\/ranoja.ee\/wp-content\/uploads\/2026\/02\/6038_0305020005-8.jpg","datePublished":"2026-02-10T18:32:27+00:00","dateModified":"2026-03-03T11:42:31+00:00","description":"Tagastusvedru Pubert Vario originaalosa Mille \u00fclesanne on tagada hoova v\u00f5i mehhanismi automaatne tagasiliikumine algasendisse p\u00e4rast kasutamist.","breadcrumb":{"@id":"https:\/\/ranoja.ee\/toode\/tagastusvedru-pubert-vario-originaalosa\/#breadcrumb"},"inLanguage":"en-US","potentialAction":[{"@type":"ReadAction","target":["https:\/\/ranoja.ee\/toode\/tagastusvedru-pubert-vario-originaalosa\/"]}]},{"@type":"ImageObject","inLanguage":"en-US","@id":"https:\/\/ranoja.ee\/toode\/tagastusvedru-pubert-vario-originaalosa\/#primaryimage","url":"https:\/\/ranoja.ee\/wp-content\/uploads\/2026\/02\/6038_0305020005-8.jpg","contentUrl":"https:\/\/ranoja.ee\/wp-content\/uploads\/2026\/02\/6038_0305020005-8.jpg","width":373,"height":300},{"@type":"BreadcrumbList","@id":"https:\/\/ranoja.ee\/toode\/tagastusvedru-pubert-vario-originaalosa\/#breadcrumb","itemListElement":[{"@type":"ListItem","position":1,"name":"Home","item":"https:\/\/ranoja.ee\/"},{"@type":"ListItem","position":2,"name":"Shop","item":"https:\/\/ranoja.ee\/en\/shop\/"},{"@type":"ListItem","position":3,"name":"Tagastusvedru Pubert Vario originaalosa"}]},{"@type":"WebSite","@id":"https:\/\/ranoja.ee\/#website","url":"https:\/\/ranoja.ee\/","name":"Ranoja","description":"Equipment Shop WooCommerce WordPress Theme for Machine &amp; Tools","publisher":{"@id":"https:\/\/ranoja.ee\/#organization"},"potentialAction":[{"@type":"SearchAction","target":{"@type":"EntryPoint","urlTemplate":"https:\/\/ranoja.ee\/?s={search_term_string}"},"query-input":{"@type":"PropertyValueSpecification","valueRequired":true,"valueName":"search_term_string"}}],"inLanguage":"en-US"},{"@type":"Organization","@id":"https:\/\/ranoja.ee\/#organization","name":"Ranoja O\u00dc","url":"https:\/\/ranoja.ee\/","logo":{"@type":"ImageObject","inLanguage":"en-US","@id":"https:\/\/ranoja.ee\/#\/schema\/logo\/image\/","url":"https:\/\/ranoja.ee\/wp-content\/uploads\/2023\/11\/ranoja-Logo.png","contentUrl":"https:\/\/ranoja.ee\/wp-content\/uploads\/2023\/11\/ranoja-Logo.png","width":207,"height":58,"caption":"Ranoja O\u00dc"},"image":{"@id":"https:\/\/ranoja.ee\/#\/schema\/logo\/image\/"},"sameAs":["https:\/\/www.facebook.com\/ranoja.ee","https:\/\/www.instagram.com\/ranoja__\/"]}]}},"_links":{"self":[{"href":"https:\/\/ranoja.ee\/en\/wp-json\/wp\/v2\/product\/32580","targetHints":{"allow":["GET"]}}],"collection":[{"href":"https:\/\/ranoja.ee\/en\/wp-json\/wp\/v2\/product"}],"about":[{"href":"https:\/\/ranoja.ee\/en\/wp-json\/wp\/v2\/types\/product"}],"wp:featuredmedia":[{"embeddable":true,"href":"https:\/\/ranoja.ee\/en\/wp-json\/wp\/v2\/media\/38236"}],"wp:attachment":[{"href":"https:\/\/ranoja.ee\/en\/wp-json\/wp\/v2\/media?parent=32580"}],"wp:term":[{"taxonomy":"product_cat","embeddable":true,"href":"https:\/\/ranoja.ee\/en\/wp-json\/wp\/v2\/product_cat?post=32580"},{"taxonomy":"product_tag","embeddable":true,"href":"https:\/\/ranoja.ee\/en\/wp-json\/wp\/v2\/product_tag?post=32580"}],"curies":[{"name":"wp","href":"https:\/\/api.w.org\/{rel}","templated":true}]}}