{"id":32544,"date":"2026-02-10T21:32:14","date_gmt":"2026-02-10T18:32:14","guid":{"rendered":"https:\/\/ranoja.ee\/toode\/primo-2\/"},"modified":"2026-03-03T14:00:39","modified_gmt":"2026-03-03T11:00:39","slug":"pubert-splint-10-x-36-mm","status":"publish","type":"product","link":"https:\/\/ranoja.ee\/en\/toode\/pubert-splint-10-x-36-mm\/","title":{"rendered":"Pubert splint 10 x 36 mm"},"content":{"rendered":"<p>Pubert splint 10 x 36 mm<\/p>\n<p>Originaalne terakinnitus tihvt m\u00f5\u00f5tudega 10 \u00d7 36 mm, mis sobib Pubert Vario, Primo, Pneumatic, Comfort ja Compact mudelitele. Tihvt on oluline kinnitusdetail, mis tagab niidutera kindla ja turvalise paigalduse t\u00f6\u00f6 ajal.<\/p>\n<p>Kvaliteetne ja vastupidav metallist detail on valmistatud vastavalt tootja originaalstandarditele, mis tagab t\u00e4pse sobivuse ja pika kasutusea. Korralikult kinnitatud tera on oluline nii t\u00f6\u00f6 efektiivsuse kui ka ohutuse seisukohalt. Kulunud v\u00f5i deformeerunud tihvt v\u00f5ib p\u00f5hjustada tera l\u00f5tku v\u00f5i ebastabiilset t\u00f6\u00f6d, mist\u00f5ttu on soovitatav see vajadusel \u00f5igeaegselt v\u00e4lja vahetada.<\/p>\n<p>Pubert splint 10 x 36 mm<\/p>\n","protected":false},"excerpt":{"rendered":"<p>Pubert splint 10 x 36 mm<br \/>\nSplintsobib Pubert Vario, Primo, Pneumatic, Comfort ja Compact mudelitele<\/p>\n","protected":false},"featured_media":38208,"template":"","meta":{"inline_featured_image":false},"product_cat":[3052],"product_tag":[4016,4017,4015,4013,4010,4018,4014],"class_list":{"0":"post-32544","1":"product","2":"type-product","3":"status-publish","4":"has-post-thumbnail","6":"product_cat-cedrus-tooted","7":"product_tag-comfort","8":"product_tag-compact","9":"product_tag-pneumatic","10":"product_tag-primo","11":"product_tag-pubert","12":"product_tag-pubert-splint-10-x-36-mm","13":"product_tag-pubert-vario","15":"first","16":"instock","17":"taxable","18":"shipping-taxable","19":"purchasable","20":"product-type-simple"},"yoast_head":"<!-- This site is optimized with the Yoast SEO plugin v27.4 - https:\/\/yoast.com\/product\/yoast-seo-wordpress\/ -->\n<title>Pubert splint 10 x 36 mm<\/title>\n<meta name=\"description\" content=\"Pubert splint 10 x 36 mm Tihvt on v\u00e4ga oluline kinnitusdetail, mis tagab niidutera kindla ja turvalise paigalduse t\u00f6\u00f6 ajal.\" \/>\n<meta name=\"robots\" content=\"index, follow, max-snippet:-1, max-image-preview:large, max-video-preview:-1\" \/>\n<link rel=\"canonical\" href=\"https:\/\/ranoja.ee\/toode\/pubert-splint-10-x-36-mm\/\" \/>\n<meta property=\"og:locale\" content=\"en_US\" \/>\n<meta property=\"og:type\" content=\"article\" \/>\n<meta property=\"og:title\" content=\"Pubert splint 10 x 36 mm\" \/>\n<meta property=\"og:description\" content=\"Pubert splint 10 x 36 mm Tihvt on v\u00e4ga oluline kinnitusdetail, mis tagab niidutera kindla ja turvalise paigalduse t\u00f6\u00f6 ajal.\" \/>\n<meta property=\"og:url\" content=\"https:\/\/ranoja.ee\/toode\/pubert-splint-10-x-36-mm\/\" \/>\n<meta property=\"og:site_name\" content=\"Ranoja\" \/>\n<meta property=\"article:publisher\" content=\"https:\/\/www.facebook.com\/ranoja.ee\" \/>\n<meta property=\"article:modified_time\" content=\"2026-03-03T11:00:39+00:00\" \/>\n<meta property=\"og:image\" content=\"https:\/\/ranoja.ee\/wp-content\/uploads\/2026\/02\/6029_0301010014-8.jpg\" \/>\n\t<meta property=\"og:image:width\" content=\"400\" \/>\n\t<meta property=\"og:image:height\" content=\"266\" \/>\n\t<meta property=\"og:image:type\" content=\"image\/jpeg\" \/>\n<meta name=\"twitter:card\" content=\"summary_large_image\" \/>\n<meta name=\"twitter:label1\" content=\"Est. reading time\" \/>\n\t<meta name=\"twitter:data1\" content=\"1 minute\" \/>\n<script type=\"application\/ld+json\" class=\"yoast-schema-graph\">{\"@context\":\"https:\\\/\\\/schema.org\",\"@graph\":[{\"@type\":\"WebPage\",\"@id\":\"https:\\\/\\\/ranoja.ee\\\/toode\\\/pubert-splint-10-x-36-mm\\\/\",\"url\":\"https:\\\/\\\/ranoja.ee\\\/toode\\\/pubert-splint-10-x-36-mm\\\/\",\"name\":\"Pubert splint 10 x 36 mm\",\"isPartOf\":{\"@id\":\"https:\\\/\\\/ranoja.ee\\\/#website\"},\"primaryImageOfPage\":{\"@id\":\"https:\\\/\\\/ranoja.ee\\\/toode\\\/pubert-splint-10-x-36-mm\\\/#primaryimage\"},\"image\":{\"@id\":\"https:\\\/\\\/ranoja.ee\\\/toode\\\/pubert-splint-10-x-36-mm\\\/#primaryimage\"},\"thumbnailUrl\":\"https:\\\/\\\/ranoja.ee\\\/wp-content\\\/uploads\\\/2026\\\/02\\\/6029_0301010014-8.jpg\",\"datePublished\":\"2026-02-10T18:32:14+00:00\",\"dateModified\":\"2026-03-03T11:00:39+00:00\",\"description\":\"Pubert splint 10 x 36 mm Tihvt on v\u00e4ga oluline kinnitusdetail, mis tagab niidutera kindla ja turvalise paigalduse t\u00f6\u00f6 ajal.\",\"breadcrumb\":{\"@id\":\"https:\\\/\\\/ranoja.ee\\\/toode\\\/pubert-splint-10-x-36-mm\\\/#breadcrumb\"},\"inLanguage\":\"en-US\",\"potentialAction\":[{\"@type\":\"ReadAction\",\"target\":[\"https:\\\/\\\/ranoja.ee\\\/toode\\\/pubert-splint-10-x-36-mm\\\/\"]}]},{\"@type\":\"ImageObject\",\"inLanguage\":\"en-US\",\"@id\":\"https:\\\/\\\/ranoja.ee\\\/toode\\\/pubert-splint-10-x-36-mm\\\/#primaryimage\",\"url\":\"https:\\\/\\\/ranoja.ee\\\/wp-content\\\/uploads\\\/2026\\\/02\\\/6029_0301010014-8.jpg\",\"contentUrl\":\"https:\\\/\\\/ranoja.ee\\\/wp-content\\\/uploads\\\/2026\\\/02\\\/6029_0301010014-8.jpg\",\"width\":400,\"height\":266},{\"@type\":\"BreadcrumbList\",\"@id\":\"https:\\\/\\\/ranoja.ee\\\/toode\\\/pubert-splint-10-x-36-mm\\\/#breadcrumb\",\"itemListElement\":[{\"@type\":\"ListItem\",\"position\":1,\"name\":\"Home\",\"item\":\"https:\\\/\\\/ranoja.ee\\\/\"},{\"@type\":\"ListItem\",\"position\":2,\"name\":\"Shop\",\"item\":\"https:\\\/\\\/ranoja.ee\\\/en\\\/shop\\\/\"},{\"@type\":\"ListItem\",\"position\":3,\"name\":\"Pubert splint 10 x 36 mm\"}]},{\"@type\":\"WebSite\",\"@id\":\"https:\\\/\\\/ranoja.ee\\\/#website\",\"url\":\"https:\\\/\\\/ranoja.ee\\\/\",\"name\":\"Ranoja\",\"description\":\"Equipment Shop WooCommerce WordPress Theme for Machine &amp; Tools\",\"publisher\":{\"@id\":\"https:\\\/\\\/ranoja.ee\\\/#organization\"},\"potentialAction\":[{\"@type\":\"SearchAction\",\"target\":{\"@type\":\"EntryPoint\",\"urlTemplate\":\"https:\\\/\\\/ranoja.ee\\\/?s={search_term_string}\"},\"query-input\":{\"@type\":\"PropertyValueSpecification\",\"valueRequired\":true,\"valueName\":\"search_term_string\"}}],\"inLanguage\":\"en-US\"},{\"@type\":\"Organization\",\"@id\":\"https:\\\/\\\/ranoja.ee\\\/#organization\",\"name\":\"Ranoja O\u00dc\",\"url\":\"https:\\\/\\\/ranoja.ee\\\/\",\"logo\":{\"@type\":\"ImageObject\",\"inLanguage\":\"en-US\",\"@id\":\"https:\\\/\\\/ranoja.ee\\\/#\\\/schema\\\/logo\\\/image\\\/\",\"url\":\"https:\\\/\\\/ranoja.ee\\\/wp-content\\\/uploads\\\/2023\\\/11\\\/ranoja-Logo.png\",\"contentUrl\":\"https:\\\/\\\/ranoja.ee\\\/wp-content\\\/uploads\\\/2023\\\/11\\\/ranoja-Logo.png\",\"width\":207,\"height\":58,\"caption\":\"Ranoja O\u00dc\"},\"image\":{\"@id\":\"https:\\\/\\\/ranoja.ee\\\/#\\\/schema\\\/logo\\\/image\\\/\"},\"sameAs\":[\"https:\\\/\\\/www.facebook.com\\\/ranoja.ee\",\"https:\\\/\\\/www.instagram.com\\\/ranoja__\\\/\"]}]}<\/script>\n<!-- \/ Yoast SEO plugin. -->","yoast_head_json":{"title":"Pubert splint 10 x 36 mm","description":"Pubert splint 10 x 36 mm Tihvt on v\u00e4ga oluline kinnitusdetail, mis tagab niidutera kindla ja turvalise paigalduse t\u00f6\u00f6 ajal.","robots":{"index":"index","follow":"follow","max-snippet":"max-snippet:-1","max-image-preview":"max-image-preview:large","max-video-preview":"max-video-preview:-1"},"canonical":"https:\/\/ranoja.ee\/toode\/pubert-splint-10-x-36-mm\/","og_locale":"en_US","og_type":"article","og_title":"Pubert splint 10 x 36 mm","og_description":"Pubert splint 10 x 36 mm Tihvt on v\u00e4ga oluline kinnitusdetail, mis tagab niidutera kindla ja turvalise paigalduse t\u00f6\u00f6 ajal.","og_url":"https:\/\/ranoja.ee\/toode\/pubert-splint-10-x-36-mm\/","og_site_name":"Ranoja","article_publisher":"https:\/\/www.facebook.com\/ranoja.ee","article_modified_time":"2026-03-03T11:00:39+00:00","og_image":[{"width":400,"height":266,"url":"https:\/\/ranoja.ee\/wp-content\/uploads\/2026\/02\/6029_0301010014-8.jpg","type":"image\/jpeg"}],"twitter_card":"summary_large_image","twitter_misc":{"Est. reading time":"1 minute"},"schema":{"@context":"https:\/\/schema.org","@graph":[{"@type":"WebPage","@id":"https:\/\/ranoja.ee\/toode\/pubert-splint-10-x-36-mm\/","url":"https:\/\/ranoja.ee\/toode\/pubert-splint-10-x-36-mm\/","name":"Pubert splint 10 x 36 mm","isPartOf":{"@id":"https:\/\/ranoja.ee\/#website"},"primaryImageOfPage":{"@id":"https:\/\/ranoja.ee\/toode\/pubert-splint-10-x-36-mm\/#primaryimage"},"image":{"@id":"https:\/\/ranoja.ee\/toode\/pubert-splint-10-x-36-mm\/#primaryimage"},"thumbnailUrl":"https:\/\/ranoja.ee\/wp-content\/uploads\/2026\/02\/6029_0301010014-8.jpg","datePublished":"2026-02-10T18:32:14+00:00","dateModified":"2026-03-03T11:00:39+00:00","description":"Pubert splint 10 x 36 mm Tihvt on v\u00e4ga oluline kinnitusdetail, mis tagab niidutera kindla ja turvalise paigalduse t\u00f6\u00f6 ajal.","breadcrumb":{"@id":"https:\/\/ranoja.ee\/toode\/pubert-splint-10-x-36-mm\/#breadcrumb"},"inLanguage":"en-US","potentialAction":[{"@type":"ReadAction","target":["https:\/\/ranoja.ee\/toode\/pubert-splint-10-x-36-mm\/"]}]},{"@type":"ImageObject","inLanguage":"en-US","@id":"https:\/\/ranoja.ee\/toode\/pubert-splint-10-x-36-mm\/#primaryimage","url":"https:\/\/ranoja.ee\/wp-content\/uploads\/2026\/02\/6029_0301010014-8.jpg","contentUrl":"https:\/\/ranoja.ee\/wp-content\/uploads\/2026\/02\/6029_0301010014-8.jpg","width":400,"height":266},{"@type":"BreadcrumbList","@id":"https:\/\/ranoja.ee\/toode\/pubert-splint-10-x-36-mm\/#breadcrumb","itemListElement":[{"@type":"ListItem","position":1,"name":"Home","item":"https:\/\/ranoja.ee\/"},{"@type":"ListItem","position":2,"name":"Shop","item":"https:\/\/ranoja.ee\/en\/shop\/"},{"@type":"ListItem","position":3,"name":"Pubert splint 10 x 36 mm"}]},{"@type":"WebSite","@id":"https:\/\/ranoja.ee\/#website","url":"https:\/\/ranoja.ee\/","name":"Ranoja","description":"Equipment Shop WooCommerce WordPress Theme for Machine &amp; Tools","publisher":{"@id":"https:\/\/ranoja.ee\/#organization"},"potentialAction":[{"@type":"SearchAction","target":{"@type":"EntryPoint","urlTemplate":"https:\/\/ranoja.ee\/?s={search_term_string}"},"query-input":{"@type":"PropertyValueSpecification","valueRequired":true,"valueName":"search_term_string"}}],"inLanguage":"en-US"},{"@type":"Organization","@id":"https:\/\/ranoja.ee\/#organization","name":"Ranoja O\u00dc","url":"https:\/\/ranoja.ee\/","logo":{"@type":"ImageObject","inLanguage":"en-US","@id":"https:\/\/ranoja.ee\/#\/schema\/logo\/image\/","url":"https:\/\/ranoja.ee\/wp-content\/uploads\/2023\/11\/ranoja-Logo.png","contentUrl":"https:\/\/ranoja.ee\/wp-content\/uploads\/2023\/11\/ranoja-Logo.png","width":207,"height":58,"caption":"Ranoja O\u00dc"},"image":{"@id":"https:\/\/ranoja.ee\/#\/schema\/logo\/image\/"},"sameAs":["https:\/\/www.facebook.com\/ranoja.ee","https:\/\/www.instagram.com\/ranoja__\/"]}]}},"_links":{"self":[{"href":"https:\/\/ranoja.ee\/en\/wp-json\/wp\/v2\/product\/32544","targetHints":{"allow":["GET"]}}],"collection":[{"href":"https:\/\/ranoja.ee\/en\/wp-json\/wp\/v2\/product"}],"about":[{"href":"https:\/\/ranoja.ee\/en\/wp-json\/wp\/v2\/types\/product"}],"wp:featuredmedia":[{"embeddable":true,"href":"https:\/\/ranoja.ee\/en\/wp-json\/wp\/v2\/media\/38208"}],"wp:attachment":[{"href":"https:\/\/ranoja.ee\/en\/wp-json\/wp\/v2\/media?parent=32544"}],"wp:term":[{"taxonomy":"product_cat","embeddable":true,"href":"https:\/\/ranoja.ee\/en\/wp-json\/wp\/v2\/product_cat?post=32544"},{"taxonomy":"product_tag","embeddable":true,"href":"https:\/\/ranoja.ee\/en\/wp-json\/wp\/v2\/product_tag?post=32544"}],"curies":[{"name":"wp","href":"https:\/\/api.w.org\/{rel}","templated":true}]}}