{"id":3243,"date":"2023-07-11T14:50:37","date_gmt":"2023-07-11T11:50:37","guid":{"rendered":"https:\/\/www.ranoja.ee\/?post_type=product&#038;p=3243"},"modified":"2025-12-10T13:20:25","modified_gmt":"2025-12-10T10:20:25","slug":"akutrimmer-cedst280li-ilma-aku-laadijata","status":"publish","type":"product","link":"https:\/\/ranoja.ee\/en\/toode\/akutrimmer-cedst280li-ilma-aku-laadijata\/","title":{"rendered":"Akutrimmer CEDST280LI (ilma aku\/laadijata)"},"content":{"rendered":"<p>Akutrimmer CEDST280LI (ilma aku\/laadijata)<br \/>\nAkutrimmerite kasutamine on muutunud \u00fcha populaarsemaks t\u00e4nu nende mugavusele, keskkonnas\u00f5bralikkusele ja kasutusmugavusele. Siin on m\u00f5ned olulised punktid, mida tasub teada akutrimmerite kasutamise kohta:<\/p>\n<p>Mugavus ja liikuvus: Akutrimmerid ei vaja juhtmeid ega bensiini, mis t\u00e4hendab, et saate neid kasutada ilma muretsemata juhtmete j\u00e4rele. See teeb akutrimmeritega t\u00f6\u00f6tamise mugavaks ja v\u00f5imaldab teil liikuda vabalt \u00fcmber aia v\u00f5i hoovi.<\/p>\n<p>Keskkonnas\u00f5bralikkus: Akutrimmerid kasutavad elektrienergiat, mis muudab nad bensiinimootoriga v\u00f5rreldes keskkonnas\u00f5bralikumaks. Need ei eralda heitgaase ega \u00f5husaastet ning on seega suurep\u00e4rane valik keskkonnateadlikele tarbijatele.<\/p>\n<p>M\u00fcra v\u00e4hendamine: Akutrimmerid on tavaliselt vaiksemad kui bensiinimootoriga trimmerid, mis muudab nad sobivaks kasutamiseks linnakeskkonnas v\u00f5i tihedalt asustatud piirkondades, kus m\u00fcra v\u00e4hendamine on oluline.<\/p>\n<p>Laadimisaja ja t\u00f6\u00f6aja tasakaal: Enne kasutamist peate akutrimmeri aku t\u00e4is laadima. On oluline hinnata aku kestvust ja vajadust laadimise j\u00e4rele, et tagada piisav t\u00f6\u00f6aeg ja mitte j\u00e4\u00e4da poole t\u00f6\u00f6 pealt aku t\u00fchjenemise t\u00f5ttu.<\/p>\n<p>Hooldus: Akutrimmerid vajavad hooldust nagu iga teinegi t\u00f6\u00f6riist. See h\u00f5lmab akude korrap\u00e4rast laadimist vastavalt juhistele ning terade puhastamist ja hooldust. Samuti tuleks akut hoida sobivates tingimustes, et s\u00e4ilitada selle eluiga ja j\u00f5udlust.<\/p>\n<p>Kokkuv\u00f5ttes v\u00f5ib \u00f6elda, et akutrimmerite kasutamine on lihtne, mugav ja keskkonnas\u00f5bralik valik aiahoolduses. Enne ostmist on siiski oluline arvestada oma vajaduste ja eelistustega ning valida mudel, mis vastab teie konkreetsetele n\u00f5uetele.<br \/>\nAkutrimmer CEDST280LI (ilma aku\/laadijata)<\/p>\n<p>CEDRUS on \u00fcks suurimaid aiandusmasinate, t\u00f6\u00f6riistade ning metsandus tarvikute edasim\u00fc\u00fcjaid Poolas.<br \/>\nMeie eesm\u00e4rk on pakkuda klientidele k\u00f5rgeima kvaliteediga tooteid konkurentsiv\u00f5imeliste hindadega.<br \/>\nAlates 2016. aastast oleme arendanud ka oma kaubam\u00e4rgi all olevat tootesarja Cedrus.<br \/>\nHetkel pakume enam kui 100 t\u00fc\u00fcpi CEDRUS kaubam\u00e4rgi aia- ja ehitusmasinaid, samuti k\u00f5iki hooldustarvikuid ja varuosi.<br \/>\n<img decoding=\"async\" src=\"https:\/\/www.ranoja.ee\/wp-content\/uploads\/2023\/07\/cedrus-logo-vaike-1-300x99.png\" alt=\"\" width=\"300\" height=\"99\" class=\"alignnone size-medium wp-image-5896\" srcset=\"https:\/\/ranoja.ee\/wp-content\/uploads\/2023\/07\/cedrus-logo-vaike-1-300x99.png 300w, https:\/\/ranoja.ee\/wp-content\/uploads\/2023\/07\/cedrus-logo-vaike-1.png 431w\" sizes=\"(max-width: 300px) 100vw, 300px\" \/><\/p>\n","protected":false},"excerpt":{"rendered":"<p>CEDST280LI<br \/>\nAkutrimmer (ilma aku\/laadijata)<br \/>\n20V<br \/>\nP\u00f6\u00f6rlemiskiirus: 0-9000 rpm<br \/>\nL\u00f5ikelaius: 280mm, j\u00f5hvi paksus 1,6mm<br \/>\nKaal 2kg<br \/>\nL\u00f5ikepea ja k\u00e4epide seadistatavad<br \/>\n<span style=\"color: #000000;\"><strong>Garantii 1 aasta (eraisikule 3 aastat)<\/strong><\/span><br \/>\n<strong><span style=\"color: #339966;\">ANTUD SEADMEGA SAAB TUTVUDA MEIE PAIDE ESINDUSES KOHAPEAL!<\/span><\/strong><\/p>\n<p><span style=\"color: #3366ff;\"><strong>Antud seade on saadaval ka komplektina:<\/strong><\/span><br \/>\n<strong><a href=\"https:\/\/www.ranoja.ee\/toode\/akutrimmer-cedst280li-komplekt\/\">Akutrimmer CEDST280LI (Komplekt)<\/a><\/strong><\/p>\n<p><span style=\"color: #000000;\"><strong>KASUTA SEDA T\u00d6\u00d6RIISTA OMA <span style=\"color: #339966;\">18V &#8211; MAKITA<\/span>, <span style=\"color: #339966;\">BOSCH<\/span> V\u00d5I <span style=\"color: #339966;\">DEWALT<\/span> AKUGA!<\/strong><\/span><\/p>\n<p><a href=\"https:\/\/www.ranoja.ee\/tootekategooria\/akutooriistad\/vaheadapterid\/\"><img decoding=\"async\" class=\"alignnone wp-image-8608\" src=\"https:\/\/www.ranoja.ee\/wp-content\/uploads\/2024\/04\/Vaheadapter-makita-tooriistadele-300x200.jpg\" alt=\"Vaheadapter cedrus akut\u00f6\u00f6riistadele CEDRAD C-M (Makita)\" width=\"200\" height=\"133\" srcset=\"https:\/\/ranoja.ee\/wp-content\/uploads\/2024\/04\/Vaheadapter-makita-tooriistadele-300x200.jpg 300w, https:\/\/ranoja.ee\/wp-content\/uploads\/2024\/04\/Vaheadapter-makita-tooriistadele-1024x683.jpg 1024w, https:\/\/ranoja.ee\/wp-content\/uploads\/2024\/04\/Vaheadapter-makita-tooriistadele-768x512.jpg 768w, https:\/\/ranoja.ee\/wp-content\/uploads\/2024\/04\/Vaheadapter-makita-tooriistadele-800x533.jpg 800w, https:\/\/ranoja.ee\/wp-content\/uploads\/2024\/04\/Vaheadapter-makita-tooriistadele.jpg 1200w\" sizes=\"(max-width: 200px) 100vw, 200px\" \/><\/a><br \/>\n<span style=\"color: #000000;\"><strong><a style=\"color: #000000;\" href=\"https:\/\/www.ranoja.ee\/tootekategooria\/akutooriistad\/vaheadapterid\/\">Leia endale <span style=\"color: #339966;\">sobiv vaheadapter siit\u2192<\/span><\/a><\/strong><\/span><\/p>\n<p><strong><a href=\"https:\/\/www.ranoja.ee\/tootekategooria\/akutooriistad\/akud-ja-laadijad\/\">T\u00f6\u00f6riistale sobivad <span style=\"color: #339966;\">Cedrus Power + akud ja laadijad leiad siit\u2192<\/span><\/a><\/strong><\/p>\n","protected":false},"featured_media":8043,"template":"","meta":{"inline_featured_image":false},"product_cat":[1094,1103,896],"product_tag":[257,137,225,261],"class_list":{"0":"post-3243","1":"product","2":"type-product","3":"status-publish","4":"has-post-thumbnail","6":"product_brand-cedrus","7":"product_cat-akutooriistad","8":"product_cat-akutrimmerid","9":"product_cat-trimmerid-vosaloikurid","10":"product_tag-akutrimmer","11":"product_tag-cedrus","12":"product_tag-cedrus-power","13":"product_tag-cedst280li","15":"first","16":"instock","17":"taxable","18":"shipping-taxable","19":"purchasable","20":"product-type-simple"},"yoast_head":"<!-- This site is optimized with the Yoast SEO plugin v27.4 - https:\/\/yoast.com\/product\/yoast-seo-wordpress\/ -->\n<title>Akutrimmer CEDST280LI (ilma aku\/laadijata)<\/title>\n<meta name=\"description\" content=\"Akutrimmer CEDST280LI (ilma aku\/laadijata) 20VP\u00f6\u00f6rlemiskiirus: 0-9000 rpm L\u00f5ikelaius: 280mm, j\u00f5hvi paksus 1,6mm. Cedrus akut\u00f6\u00f6risitadel on 3a garantiid.\" \/>\n<meta name=\"robots\" content=\"index, follow, max-snippet:-1, max-image-preview:large, max-video-preview:-1\" \/>\n<link rel=\"canonical\" href=\"https:\/\/ranoja.ee\/toode\/akutrimmer-cedst280li-ilma-aku-laadijata\/\" \/>\n<meta property=\"og:locale\" content=\"en_US\" \/>\n<meta property=\"og:type\" content=\"article\" \/>\n<meta property=\"og:title\" content=\"Akutrimmer CEDST280LI (ilma aku\/laadijata)\" \/>\n<meta property=\"og:description\" content=\"Akutrimmer CEDST280LI (ilma aku\/laadijata) 20VP\u00f6\u00f6rlemiskiirus: 0-9000 rpm L\u00f5ikelaius: 280mm, j\u00f5hvi paksus 1,6mm. Cedrus akut\u00f6\u00f6risitadel on 3a garantiid.\" \/>\n<meta property=\"og:url\" content=\"https:\/\/ranoja.ee\/toode\/akutrimmer-cedst280li-ilma-aku-laadijata\/\" \/>\n<meta property=\"og:site_name\" content=\"Ranoja\" \/>\n<meta property=\"article:publisher\" content=\"https:\/\/www.facebook.com\/ranoja.ee\" \/>\n<meta property=\"article:modified_time\" content=\"2025-12-10T10:20:25+00:00\" \/>\n<meta property=\"og:image\" content=\"https:\/\/ranoja.ee\/wp-content\/uploads\/2023\/07\/Akutrimmer-CEDST280LI-ilma-akulaadijata.png\" \/>\n\t<meta property=\"og:image:width\" content=\"1920\" \/>\n\t<meta property=\"og:image:height\" content=\"1080\" \/>\n\t<meta property=\"og:image:type\" content=\"image\/png\" \/>\n<meta name=\"twitter:card\" content=\"summary_large_image\" \/>\n<meta name=\"twitter:label1\" content=\"Est. reading time\" \/>\n\t<meta name=\"twitter:data1\" content=\"2 minutes\" \/>\n<script type=\"application\/ld+json\" class=\"yoast-schema-graph\">{\"@context\":\"https:\\\/\\\/schema.org\",\"@graph\":[{\"@type\":\"WebPage\",\"@id\":\"https:\\\/\\\/ranoja.ee\\\/toode\\\/akutrimmer-cedst280li-ilma-aku-laadijata\\\/\",\"url\":\"https:\\\/\\\/ranoja.ee\\\/toode\\\/akutrimmer-cedst280li-ilma-aku-laadijata\\\/\",\"name\":\"Akutrimmer CEDST280LI (ilma aku\\\/laadijata)\",\"isPartOf\":{\"@id\":\"https:\\\/\\\/ranoja.ee\\\/#website\"},\"primaryImageOfPage\":{\"@id\":\"https:\\\/\\\/ranoja.ee\\\/toode\\\/akutrimmer-cedst280li-ilma-aku-laadijata\\\/#primaryimage\"},\"image\":{\"@id\":\"https:\\\/\\\/ranoja.ee\\\/toode\\\/akutrimmer-cedst280li-ilma-aku-laadijata\\\/#primaryimage\"},\"thumbnailUrl\":\"https:\\\/\\\/ranoja.ee\\\/wp-content\\\/uploads\\\/2023\\\/07\\\/Akutrimmer-CEDST280LI-ilma-akulaadijata.png\",\"datePublished\":\"2023-07-11T11:50:37+00:00\",\"dateModified\":\"2025-12-10T10:20:25+00:00\",\"description\":\"Akutrimmer CEDST280LI (ilma aku\\\/laadijata) 20VP\u00f6\u00f6rlemiskiirus: 0-9000 rpm L\u00f5ikelaius: 280mm, j\u00f5hvi paksus 1,6mm. Cedrus akut\u00f6\u00f6risitadel on 3a garantiid.\",\"breadcrumb\":{\"@id\":\"https:\\\/\\\/ranoja.ee\\\/toode\\\/akutrimmer-cedst280li-ilma-aku-laadijata\\\/#breadcrumb\"},\"inLanguage\":\"en-US\",\"potentialAction\":[{\"@type\":\"ReadAction\",\"target\":[\"https:\\\/\\\/ranoja.ee\\\/toode\\\/akutrimmer-cedst280li-ilma-aku-laadijata\\\/\"]}]},{\"@type\":\"ImageObject\",\"inLanguage\":\"en-US\",\"@id\":\"https:\\\/\\\/ranoja.ee\\\/toode\\\/akutrimmer-cedst280li-ilma-aku-laadijata\\\/#primaryimage\",\"url\":\"https:\\\/\\\/ranoja.ee\\\/wp-content\\\/uploads\\\/2023\\\/07\\\/Akutrimmer-CEDST280LI-ilma-akulaadijata.png\",\"contentUrl\":\"https:\\\/\\\/ranoja.ee\\\/wp-content\\\/uploads\\\/2023\\\/07\\\/Akutrimmer-CEDST280LI-ilma-akulaadijata.png\",\"width\":1920,\"height\":1080,\"caption\":\"akutrimmerid\"},{\"@type\":\"BreadcrumbList\",\"@id\":\"https:\\\/\\\/ranoja.ee\\\/toode\\\/akutrimmer-cedst280li-ilma-aku-laadijata\\\/#breadcrumb\",\"itemListElement\":[{\"@type\":\"ListItem\",\"position\":1,\"name\":\"Home\",\"item\":\"https:\\\/\\\/ranoja.ee\\\/\"},{\"@type\":\"ListItem\",\"position\":2,\"name\":\"Shop\",\"item\":\"https:\\\/\\\/ranoja.ee\\\/en\\\/shop\\\/\"},{\"@type\":\"ListItem\",\"position\":3,\"name\":\"Akutrimmer CEDST280LI (ilma aku\\\/laadijata)\"}]},{\"@type\":\"WebSite\",\"@id\":\"https:\\\/\\\/ranoja.ee\\\/#website\",\"url\":\"https:\\\/\\\/ranoja.ee\\\/\",\"name\":\"Ranoja\",\"description\":\"Equipment Shop WooCommerce WordPress Theme for Machine &amp; Tools\",\"publisher\":{\"@id\":\"https:\\\/\\\/ranoja.ee\\\/#organization\"},\"potentialAction\":[{\"@type\":\"SearchAction\",\"target\":{\"@type\":\"EntryPoint\",\"urlTemplate\":\"https:\\\/\\\/ranoja.ee\\\/?s={search_term_string}\"},\"query-input\":{\"@type\":\"PropertyValueSpecification\",\"valueRequired\":true,\"valueName\":\"search_term_string\"}}],\"inLanguage\":\"en-US\"},{\"@type\":\"Organization\",\"@id\":\"https:\\\/\\\/ranoja.ee\\\/#organization\",\"name\":\"Ranoja O\u00dc\",\"url\":\"https:\\\/\\\/ranoja.ee\\\/\",\"logo\":{\"@type\":\"ImageObject\",\"inLanguage\":\"en-US\",\"@id\":\"https:\\\/\\\/ranoja.ee\\\/#\\\/schema\\\/logo\\\/image\\\/\",\"url\":\"https:\\\/\\\/ranoja.ee\\\/wp-content\\\/uploads\\\/2023\\\/11\\\/ranoja-Logo.png\",\"contentUrl\":\"https:\\\/\\\/ranoja.ee\\\/wp-content\\\/uploads\\\/2023\\\/11\\\/ranoja-Logo.png\",\"width\":207,\"height\":58,\"caption\":\"Ranoja O\u00dc\"},\"image\":{\"@id\":\"https:\\\/\\\/ranoja.ee\\\/#\\\/schema\\\/logo\\\/image\\\/\"},\"sameAs\":[\"https:\\\/\\\/www.facebook.com\\\/ranoja.ee\",\"https:\\\/\\\/www.instagram.com\\\/ranoja__\\\/\"]}]}<\/script>\n<!-- \/ Yoast SEO plugin. -->","yoast_head_json":{"title":"Akutrimmer CEDST280LI (ilma aku\/laadijata)","description":"Akutrimmer CEDST280LI (ilma aku\/laadijata) 20VP\u00f6\u00f6rlemiskiirus: 0-9000 rpm L\u00f5ikelaius: 280mm, j\u00f5hvi paksus 1,6mm. Cedrus akut\u00f6\u00f6risitadel on 3a garantiid.","robots":{"index":"index","follow":"follow","max-snippet":"max-snippet:-1","max-image-preview":"max-image-preview:large","max-video-preview":"max-video-preview:-1"},"canonical":"https:\/\/ranoja.ee\/toode\/akutrimmer-cedst280li-ilma-aku-laadijata\/","og_locale":"en_US","og_type":"article","og_title":"Akutrimmer CEDST280LI (ilma aku\/laadijata)","og_description":"Akutrimmer CEDST280LI (ilma aku\/laadijata) 20VP\u00f6\u00f6rlemiskiirus: 0-9000 rpm L\u00f5ikelaius: 280mm, j\u00f5hvi paksus 1,6mm. Cedrus akut\u00f6\u00f6risitadel on 3a garantiid.","og_url":"https:\/\/ranoja.ee\/toode\/akutrimmer-cedst280li-ilma-aku-laadijata\/","og_site_name":"Ranoja","article_publisher":"https:\/\/www.facebook.com\/ranoja.ee","article_modified_time":"2025-12-10T10:20:25+00:00","og_image":[{"width":1920,"height":1080,"url":"https:\/\/ranoja.ee\/wp-content\/uploads\/2023\/07\/Akutrimmer-CEDST280LI-ilma-akulaadijata.png","type":"image\/png"}],"twitter_card":"summary_large_image","twitter_misc":{"Est. reading time":"2 minutes"},"schema":{"@context":"https:\/\/schema.org","@graph":[{"@type":"WebPage","@id":"https:\/\/ranoja.ee\/toode\/akutrimmer-cedst280li-ilma-aku-laadijata\/","url":"https:\/\/ranoja.ee\/toode\/akutrimmer-cedst280li-ilma-aku-laadijata\/","name":"Akutrimmer CEDST280LI (ilma aku\/laadijata)","isPartOf":{"@id":"https:\/\/ranoja.ee\/#website"},"primaryImageOfPage":{"@id":"https:\/\/ranoja.ee\/toode\/akutrimmer-cedst280li-ilma-aku-laadijata\/#primaryimage"},"image":{"@id":"https:\/\/ranoja.ee\/toode\/akutrimmer-cedst280li-ilma-aku-laadijata\/#primaryimage"},"thumbnailUrl":"https:\/\/ranoja.ee\/wp-content\/uploads\/2023\/07\/Akutrimmer-CEDST280LI-ilma-akulaadijata.png","datePublished":"2023-07-11T11:50:37+00:00","dateModified":"2025-12-10T10:20:25+00:00","description":"Akutrimmer CEDST280LI (ilma aku\/laadijata) 20VP\u00f6\u00f6rlemiskiirus: 0-9000 rpm L\u00f5ikelaius: 280mm, j\u00f5hvi paksus 1,6mm. Cedrus akut\u00f6\u00f6risitadel on 3a garantiid.","breadcrumb":{"@id":"https:\/\/ranoja.ee\/toode\/akutrimmer-cedst280li-ilma-aku-laadijata\/#breadcrumb"},"inLanguage":"en-US","potentialAction":[{"@type":"ReadAction","target":["https:\/\/ranoja.ee\/toode\/akutrimmer-cedst280li-ilma-aku-laadijata\/"]}]},{"@type":"ImageObject","inLanguage":"en-US","@id":"https:\/\/ranoja.ee\/toode\/akutrimmer-cedst280li-ilma-aku-laadijata\/#primaryimage","url":"https:\/\/ranoja.ee\/wp-content\/uploads\/2023\/07\/Akutrimmer-CEDST280LI-ilma-akulaadijata.png","contentUrl":"https:\/\/ranoja.ee\/wp-content\/uploads\/2023\/07\/Akutrimmer-CEDST280LI-ilma-akulaadijata.png","width":1920,"height":1080,"caption":"akutrimmerid"},{"@type":"BreadcrumbList","@id":"https:\/\/ranoja.ee\/toode\/akutrimmer-cedst280li-ilma-aku-laadijata\/#breadcrumb","itemListElement":[{"@type":"ListItem","position":1,"name":"Home","item":"https:\/\/ranoja.ee\/"},{"@type":"ListItem","position":2,"name":"Shop","item":"https:\/\/ranoja.ee\/en\/shop\/"},{"@type":"ListItem","position":3,"name":"Akutrimmer CEDST280LI (ilma aku\/laadijata)"}]},{"@type":"WebSite","@id":"https:\/\/ranoja.ee\/#website","url":"https:\/\/ranoja.ee\/","name":"Ranoja","description":"Equipment Shop WooCommerce WordPress Theme for Machine &amp; Tools","publisher":{"@id":"https:\/\/ranoja.ee\/#organization"},"potentialAction":[{"@type":"SearchAction","target":{"@type":"EntryPoint","urlTemplate":"https:\/\/ranoja.ee\/?s={search_term_string}"},"query-input":{"@type":"PropertyValueSpecification","valueRequired":true,"valueName":"search_term_string"}}],"inLanguage":"en-US"},{"@type":"Organization","@id":"https:\/\/ranoja.ee\/#organization","name":"Ranoja O\u00dc","url":"https:\/\/ranoja.ee\/","logo":{"@type":"ImageObject","inLanguage":"en-US","@id":"https:\/\/ranoja.ee\/#\/schema\/logo\/image\/","url":"https:\/\/ranoja.ee\/wp-content\/uploads\/2023\/11\/ranoja-Logo.png","contentUrl":"https:\/\/ranoja.ee\/wp-content\/uploads\/2023\/11\/ranoja-Logo.png","width":207,"height":58,"caption":"Ranoja O\u00dc"},"image":{"@id":"https:\/\/ranoja.ee\/#\/schema\/logo\/image\/"},"sameAs":["https:\/\/www.facebook.com\/ranoja.ee","https:\/\/www.instagram.com\/ranoja__\/"]}]}},"_links":{"self":[{"href":"https:\/\/ranoja.ee\/en\/wp-json\/wp\/v2\/product\/3243","targetHints":{"allow":["GET"]}}],"collection":[{"href":"https:\/\/ranoja.ee\/en\/wp-json\/wp\/v2\/product"}],"about":[{"href":"https:\/\/ranoja.ee\/en\/wp-json\/wp\/v2\/types\/product"}],"wp:featuredmedia":[{"embeddable":true,"href":"https:\/\/ranoja.ee\/en\/wp-json\/wp\/v2\/media\/8043"}],"wp:attachment":[{"href":"https:\/\/ranoja.ee\/en\/wp-json\/wp\/v2\/media?parent=3243"}],"wp:term":[{"taxonomy":"product_cat","embeddable":true,"href":"https:\/\/ranoja.ee\/en\/wp-json\/wp\/v2\/product_cat?post=3243"},{"taxonomy":"product_tag","embeddable":true,"href":"https:\/\/ranoja.ee\/en\/wp-json\/wp\/v2\/product_tag?post=3243"}],"curies":[{"name":"wp","href":"https:\/\/api.w.org\/{rel}","templated":true}]}}