{"id":31944,"date":"2026-02-10T21:27:36","date_gmt":"2026-02-10T18:27:36","guid":{"rendered":"https:\/\/ranoja.ee\/toode\/tagakatte-vedru-pubert-oscar-38-originaalosa\/"},"modified":"2026-03-03T11:57:48","modified_gmt":"2026-03-03T08:57:48","slug":"muruniiduki-tagumise-katte-vedru-pubert-oscar-38-mudelile","status":"publish","type":"product","link":"https:\/\/ranoja.ee\/en\/toode\/muruniiduki-tagumise-katte-vedru-pubert-oscar-38-mudelile\/","title":{"rendered":"Muruniiduki tagumise katte vedru Pubert Oscar 38 mudelile"},"content":{"rendered":"<p>Muruniiduki tagumise katte vedru Pubert Oscar 38 mudelile<\/p>\n<p>Originaalne tagakatte vedru, mis sobib Pubert Oscar 38 muruniidukile. Vedru tagab tagumise katte korrektse sulgumise ja stabiilse t\u00f6\u00f6 niitmise ajal.<\/p>\n<p>Kvaliteetne ja vastupidav detail, mis on valmistatud vastavalt tootja originaalstandarditele, tagades t\u00e4pse sobivuse ja pika kasutusea. Kulunud v\u00f5i purunenud vedru v\u00f5ib p\u00f5hjustada katte l\u00f5tku v\u00f5i eba\u00f5ige sulgumise, mist\u00f5ttu on oluline see vajadusel v\u00e4lja vahetada. Usaldusv\u00e4\u00e4rne lahendus muruniiduki hoolduseks ja remondiks.<\/p>\n<p>Muruniiduki tagumise katte vedru Pubert Oscar 38 mudelile<\/p>\n","protected":false},"excerpt":{"rendered":"<p>Muruniiduki tagumise katte vedru Pubert Oscar 38 mudelile<\/p>\n<table class=\"cedrus-specs\">\n<tbody>\n<tr>\n<td>Katalooginumber<\/td>\n<td>0002020242<\/td>\n<\/tr>\n<tr>\n<td>EAN<\/td>\n<td>5906434001369<\/td>\n<\/tr>\n<tr>\n<td>Paki pikkus<\/td>\n<td>110<\/td>\n<\/tr>\n<tr>\n<td>Paki laius<\/td>\n<td>36<\/td>\n<\/tr>\n<tr>\n<td>Paki k\u00f5rgus<\/td>\n<td>16<\/td>\n<\/tr>\n<tr>\n<td>Kaal<\/td>\n<td>0.010 Kg<\/td>\n<\/tr>\n<\/tbody>\n<\/table>\n","protected":false},"featured_media":39414,"template":"","meta":{"inline_featured_image":false},"product_cat":[3052],"product_tag":[3987,3986],"class_list":{"0":"post-31944","1":"product","2":"type-product","3":"status-publish","4":"has-post-thumbnail","6":"product_cat-cedrus-tooted","7":"product_tag-3987","8":"product_tag-muruniiduki-tagumise-katte-vedru-pubert-oscar-38-mudelile","10":"first","11":"outofstock","12":"taxable","13":"shipping-taxable","14":"purchasable","15":"product-type-simple"},"yoast_head":"<!-- This site is optimized with the Yoast SEO plugin v27.4 - https:\/\/yoast.com\/product\/yoast-seo-wordpress\/ -->\n<title>Muruniiduki tagumise katte vedru Pubert Oscar 38 mudelile<\/title>\n<meta name=\"description\" content=\"Muruniiduki tagumise katte vedru Pubert Oscar 38 mudelile Katalooginumber 0002020242. Paki pikkus 110 mm. Paki laius 36 mm. Paki k\u00f5rgus 20 mm. Kaal 0.010 kg\" \/>\n<meta name=\"robots\" content=\"index, follow, max-snippet:-1, max-image-preview:large, max-video-preview:-1\" \/>\n<link rel=\"canonical\" href=\"https:\/\/ranoja.ee\/toode\/muruniiduki-tagumise-katte-vedru-pubert-oscar-38-mudelile\/\" \/>\n<meta property=\"og:locale\" content=\"en_US\" \/>\n<meta property=\"og:type\" content=\"article\" \/>\n<meta property=\"og:title\" content=\"Muruniiduki tagumise katte vedru Pubert Oscar 38 mudelile\" \/>\n<meta property=\"og:description\" content=\"Muruniiduki tagumise katte vedru Pubert Oscar 38 mudelile Katalooginumber 0002020242. Paki pikkus 110 mm. Paki laius 36 mm. Paki k\u00f5rgus 20 mm. Kaal 0.010 kg\" \/>\n<meta property=\"og:url\" content=\"https:\/\/ranoja.ee\/toode\/muruniiduki-tagumise-katte-vedru-pubert-oscar-38-mudelile\/\" \/>\n<meta property=\"og:site_name\" content=\"Ranoja\" \/>\n<meta property=\"article:publisher\" content=\"https:\/\/www.facebook.com\/ranoja.ee\" \/>\n<meta property=\"article:modified_time\" content=\"2026-03-03T08:57:48+00:00\" \/>\n<meta property=\"og:image\" content=\"https:\/\/ranoja.ee\/wp-content\/uploads\/2026\/02\/5981_0002020242-12.jpg\" \/>\n\t<meta property=\"og:image:width\" content=\"500\" \/>\n\t<meta property=\"og:image:height\" content=\"287\" \/>\n\t<meta property=\"og:image:type\" content=\"image\/jpeg\" \/>\n<meta name=\"twitter:card\" content=\"summary_large_image\" \/>\n<meta name=\"twitter:label1\" content=\"Est. reading time\" \/>\n\t<meta name=\"twitter:data1\" content=\"1 minute\" \/>\n<script type=\"application\/ld+json\" class=\"yoast-schema-graph\">{\"@context\":\"https:\\\/\\\/schema.org\",\"@graph\":[{\"@type\":\"WebPage\",\"@id\":\"https:\\\/\\\/ranoja.ee\\\/toode\\\/muruniiduki-tagumise-katte-vedru-pubert-oscar-38-mudelile\\\/\",\"url\":\"https:\\\/\\\/ranoja.ee\\\/toode\\\/muruniiduki-tagumise-katte-vedru-pubert-oscar-38-mudelile\\\/\",\"name\":\"Muruniiduki tagumise katte vedru Pubert Oscar 38 mudelile\",\"isPartOf\":{\"@id\":\"https:\\\/\\\/ranoja.ee\\\/#website\"},\"primaryImageOfPage\":{\"@id\":\"https:\\\/\\\/ranoja.ee\\\/toode\\\/muruniiduki-tagumise-katte-vedru-pubert-oscar-38-mudelile\\\/#primaryimage\"},\"image\":{\"@id\":\"https:\\\/\\\/ranoja.ee\\\/toode\\\/muruniiduki-tagumise-katte-vedru-pubert-oscar-38-mudelile\\\/#primaryimage\"},\"thumbnailUrl\":\"https:\\\/\\\/ranoja.ee\\\/wp-content\\\/uploads\\\/2026\\\/02\\\/5981_0002020242-12.jpg\",\"datePublished\":\"2026-02-10T18:27:36+00:00\",\"dateModified\":\"2026-03-03T08:57:48+00:00\",\"description\":\"Muruniiduki tagumise katte vedru Pubert Oscar 38 mudelile Katalooginumber 0002020242. Paki pikkus 110 mm. Paki laius 36 mm. Paki k\u00f5rgus 20 mm. Kaal 0.010 kg\",\"breadcrumb\":{\"@id\":\"https:\\\/\\\/ranoja.ee\\\/toode\\\/muruniiduki-tagumise-katte-vedru-pubert-oscar-38-mudelile\\\/#breadcrumb\"},\"inLanguage\":\"en-US\",\"potentialAction\":[{\"@type\":\"ReadAction\",\"target\":[\"https:\\\/\\\/ranoja.ee\\\/toode\\\/muruniiduki-tagumise-katte-vedru-pubert-oscar-38-mudelile\\\/\"]}]},{\"@type\":\"ImageObject\",\"inLanguage\":\"en-US\",\"@id\":\"https:\\\/\\\/ranoja.ee\\\/toode\\\/muruniiduki-tagumise-katte-vedru-pubert-oscar-38-mudelile\\\/#primaryimage\",\"url\":\"https:\\\/\\\/ranoja.ee\\\/wp-content\\\/uploads\\\/2026\\\/02\\\/5981_0002020242-12.jpg\",\"contentUrl\":\"https:\\\/\\\/ranoja.ee\\\/wp-content\\\/uploads\\\/2026\\\/02\\\/5981_0002020242-12.jpg\",\"width\":500,\"height\":287},{\"@type\":\"BreadcrumbList\",\"@id\":\"https:\\\/\\\/ranoja.ee\\\/toode\\\/muruniiduki-tagumise-katte-vedru-pubert-oscar-38-mudelile\\\/#breadcrumb\",\"itemListElement\":[{\"@type\":\"ListItem\",\"position\":1,\"name\":\"Home\",\"item\":\"https:\\\/\\\/ranoja.ee\\\/\"},{\"@type\":\"ListItem\",\"position\":2,\"name\":\"Shop\",\"item\":\"https:\\\/\\\/ranoja.ee\\\/en\\\/shop\\\/\"},{\"@type\":\"ListItem\",\"position\":3,\"name\":\"Muruniiduki tagumise katte vedru Pubert Oscar 38 mudelile\"}]},{\"@type\":\"WebSite\",\"@id\":\"https:\\\/\\\/ranoja.ee\\\/#website\",\"url\":\"https:\\\/\\\/ranoja.ee\\\/\",\"name\":\"Ranoja\",\"description\":\"Equipment Shop WooCommerce WordPress Theme for Machine &amp; Tools\",\"publisher\":{\"@id\":\"https:\\\/\\\/ranoja.ee\\\/#organization\"},\"potentialAction\":[{\"@type\":\"SearchAction\",\"target\":{\"@type\":\"EntryPoint\",\"urlTemplate\":\"https:\\\/\\\/ranoja.ee\\\/?s={search_term_string}\"},\"query-input\":{\"@type\":\"PropertyValueSpecification\",\"valueRequired\":true,\"valueName\":\"search_term_string\"}}],\"inLanguage\":\"en-US\"},{\"@type\":\"Organization\",\"@id\":\"https:\\\/\\\/ranoja.ee\\\/#organization\",\"name\":\"Ranoja O\u00dc\",\"url\":\"https:\\\/\\\/ranoja.ee\\\/\",\"logo\":{\"@type\":\"ImageObject\",\"inLanguage\":\"en-US\",\"@id\":\"https:\\\/\\\/ranoja.ee\\\/#\\\/schema\\\/logo\\\/image\\\/\",\"url\":\"https:\\\/\\\/ranoja.ee\\\/wp-content\\\/uploads\\\/2023\\\/11\\\/ranoja-Logo.png\",\"contentUrl\":\"https:\\\/\\\/ranoja.ee\\\/wp-content\\\/uploads\\\/2023\\\/11\\\/ranoja-Logo.png\",\"width\":207,\"height\":58,\"caption\":\"Ranoja O\u00dc\"},\"image\":{\"@id\":\"https:\\\/\\\/ranoja.ee\\\/#\\\/schema\\\/logo\\\/image\\\/\"},\"sameAs\":[\"https:\\\/\\\/www.facebook.com\\\/ranoja.ee\",\"https:\\\/\\\/www.instagram.com\\\/ranoja__\\\/\"]}]}<\/script>\n<!-- \/ Yoast SEO plugin. -->","yoast_head_json":{"title":"Muruniiduki tagumise katte vedru Pubert Oscar 38 mudelile","description":"Muruniiduki tagumise katte vedru Pubert Oscar 38 mudelile Katalooginumber 0002020242. Paki pikkus 110 mm. Paki laius 36 mm. Paki k\u00f5rgus 20 mm. Kaal 0.010 kg","robots":{"index":"index","follow":"follow","max-snippet":"max-snippet:-1","max-image-preview":"max-image-preview:large","max-video-preview":"max-video-preview:-1"},"canonical":"https:\/\/ranoja.ee\/toode\/muruniiduki-tagumise-katte-vedru-pubert-oscar-38-mudelile\/","og_locale":"en_US","og_type":"article","og_title":"Muruniiduki tagumise katte vedru Pubert Oscar 38 mudelile","og_description":"Muruniiduki tagumise katte vedru Pubert Oscar 38 mudelile Katalooginumber 0002020242. Paki pikkus 110 mm. Paki laius 36 mm. Paki k\u00f5rgus 20 mm. Kaal 0.010 kg","og_url":"https:\/\/ranoja.ee\/toode\/muruniiduki-tagumise-katte-vedru-pubert-oscar-38-mudelile\/","og_site_name":"Ranoja","article_publisher":"https:\/\/www.facebook.com\/ranoja.ee","article_modified_time":"2026-03-03T08:57:48+00:00","og_image":[{"width":500,"height":287,"url":"https:\/\/ranoja.ee\/wp-content\/uploads\/2026\/02\/5981_0002020242-12.jpg","type":"image\/jpeg"}],"twitter_card":"summary_large_image","twitter_misc":{"Est. reading time":"1 minute"},"schema":{"@context":"https:\/\/schema.org","@graph":[{"@type":"WebPage","@id":"https:\/\/ranoja.ee\/toode\/muruniiduki-tagumise-katte-vedru-pubert-oscar-38-mudelile\/","url":"https:\/\/ranoja.ee\/toode\/muruniiduki-tagumise-katte-vedru-pubert-oscar-38-mudelile\/","name":"Muruniiduki tagumise katte vedru Pubert Oscar 38 mudelile","isPartOf":{"@id":"https:\/\/ranoja.ee\/#website"},"primaryImageOfPage":{"@id":"https:\/\/ranoja.ee\/toode\/muruniiduki-tagumise-katte-vedru-pubert-oscar-38-mudelile\/#primaryimage"},"image":{"@id":"https:\/\/ranoja.ee\/toode\/muruniiduki-tagumise-katte-vedru-pubert-oscar-38-mudelile\/#primaryimage"},"thumbnailUrl":"https:\/\/ranoja.ee\/wp-content\/uploads\/2026\/02\/5981_0002020242-12.jpg","datePublished":"2026-02-10T18:27:36+00:00","dateModified":"2026-03-03T08:57:48+00:00","description":"Muruniiduki tagumise katte vedru Pubert Oscar 38 mudelile Katalooginumber 0002020242. Paki pikkus 110 mm. Paki laius 36 mm. Paki k\u00f5rgus 20 mm. Kaal 0.010 kg","breadcrumb":{"@id":"https:\/\/ranoja.ee\/toode\/muruniiduki-tagumise-katte-vedru-pubert-oscar-38-mudelile\/#breadcrumb"},"inLanguage":"en-US","potentialAction":[{"@type":"ReadAction","target":["https:\/\/ranoja.ee\/toode\/muruniiduki-tagumise-katte-vedru-pubert-oscar-38-mudelile\/"]}]},{"@type":"ImageObject","inLanguage":"en-US","@id":"https:\/\/ranoja.ee\/toode\/muruniiduki-tagumise-katte-vedru-pubert-oscar-38-mudelile\/#primaryimage","url":"https:\/\/ranoja.ee\/wp-content\/uploads\/2026\/02\/5981_0002020242-12.jpg","contentUrl":"https:\/\/ranoja.ee\/wp-content\/uploads\/2026\/02\/5981_0002020242-12.jpg","width":500,"height":287},{"@type":"BreadcrumbList","@id":"https:\/\/ranoja.ee\/toode\/muruniiduki-tagumise-katte-vedru-pubert-oscar-38-mudelile\/#breadcrumb","itemListElement":[{"@type":"ListItem","position":1,"name":"Home","item":"https:\/\/ranoja.ee\/"},{"@type":"ListItem","position":2,"name":"Shop","item":"https:\/\/ranoja.ee\/en\/shop\/"},{"@type":"ListItem","position":3,"name":"Muruniiduki tagumise katte vedru Pubert Oscar 38 mudelile"}]},{"@type":"WebSite","@id":"https:\/\/ranoja.ee\/#website","url":"https:\/\/ranoja.ee\/","name":"Ranoja","description":"Equipment Shop WooCommerce WordPress Theme for Machine &amp; Tools","publisher":{"@id":"https:\/\/ranoja.ee\/#organization"},"potentialAction":[{"@type":"SearchAction","target":{"@type":"EntryPoint","urlTemplate":"https:\/\/ranoja.ee\/?s={search_term_string}"},"query-input":{"@type":"PropertyValueSpecification","valueRequired":true,"valueName":"search_term_string"}}],"inLanguage":"en-US"},{"@type":"Organization","@id":"https:\/\/ranoja.ee\/#organization","name":"Ranoja O\u00dc","url":"https:\/\/ranoja.ee\/","logo":{"@type":"ImageObject","inLanguage":"en-US","@id":"https:\/\/ranoja.ee\/#\/schema\/logo\/image\/","url":"https:\/\/ranoja.ee\/wp-content\/uploads\/2023\/11\/ranoja-Logo.png","contentUrl":"https:\/\/ranoja.ee\/wp-content\/uploads\/2023\/11\/ranoja-Logo.png","width":207,"height":58,"caption":"Ranoja O\u00dc"},"image":{"@id":"https:\/\/ranoja.ee\/#\/schema\/logo\/image\/"},"sameAs":["https:\/\/www.facebook.com\/ranoja.ee","https:\/\/www.instagram.com\/ranoja__\/"]}]}},"_links":{"self":[{"href":"https:\/\/ranoja.ee\/en\/wp-json\/wp\/v2\/product\/31944","targetHints":{"allow":["GET"]}}],"collection":[{"href":"https:\/\/ranoja.ee\/en\/wp-json\/wp\/v2\/product"}],"about":[{"href":"https:\/\/ranoja.ee\/en\/wp-json\/wp\/v2\/types\/product"}],"wp:featuredmedia":[{"embeddable":true,"href":"https:\/\/ranoja.ee\/en\/wp-json\/wp\/v2\/media\/39414"}],"wp:attachment":[{"href":"https:\/\/ranoja.ee\/en\/wp-json\/wp\/v2\/media?parent=31944"}],"wp:term":[{"taxonomy":"product_cat","embeddable":true,"href":"https:\/\/ranoja.ee\/en\/wp-json\/wp\/v2\/product_cat?post=31944"},{"taxonomy":"product_tag","embeddable":true,"href":"https:\/\/ranoja.ee\/en\/wp-json\/wp\/v2\/product_tag?post=31944"}],"curies":[{"name":"wp","href":"https:\/\/api.w.org\/{rel}","templated":true}]}}