{"id":3188,"date":"2023-07-11T13:55:02","date_gmt":"2023-07-11T10:55:02","guid":{"rendered":"https:\/\/www.ranoja.ee\/?post_type=product&#038;p=3188"},"modified":"2025-12-10T13:20:26","modified_gmt":"2025-12-10T10:20:26","slug":"akumurukaarid-3-in-1-cedgs100li-ilma-aku-laadijata","status":"publish","type":"product","link":"https:\/\/ranoja.ee\/en\/toode\/akumurukaarid-3-in-1-cedgs100li-ilma-aku-laadijata\/","title":{"rendered":"Akumuruk\u00e4\u00e4rid 3 in 1 CEDGS100LI (ilma aku\/laadijata)"},"content":{"rendered":"<p>Akumuruk\u00e4\u00e4rid 3 in 1 CEDGS100LI (ilma aku\/laadijata)<br \/>\nAkutoitel muruk\u00e4\u00e4rid ja hekip\u00fcgaja on kasulikud t\u00f6\u00f6riistad aia hooldamisel ning pakuvad mugavust ja liikumisvabadust, kuna neid saab kasutada ilma juhtmeid j\u00e4rel vedamata. Siin on m\u00f5ned n\u00e4ited nende kasutamise kohta:<\/p>\n<p>Akutoitel muruk\u00e4\u00e4rid:<\/p>\n<p>Murukarva trimmimine: Muruk\u00e4\u00e4re kasutatakse murukarva trimmimiseks kohtades, kuhu muruniiduk ei p\u00e4\u00e4se, n\u00e4iteks lillepeenardes, tee\u00e4\u00e4rtel ja aia servades. Need aitavad saavutada puhtama ja korrap\u00e4rasema ilme aias.<\/p>\n<p>Kujundamine: Muruk\u00e4\u00e4re saab kasutada ka muru kujundamisel, n\u00e4iteks muru servade l\u00f5ikamisel sirgeks v\u00f5i dekoratiivsete kujundite loomisel.<\/p>\n<p>Raskemini ligip\u00e4\u00e4setavad kohad: Akutoitel muruk\u00e4\u00e4rid on ideaalsed raskesti ligip\u00e4\u00e4setavate kohtade jaoks, kuhu muruniiduk v\u00f5i trimmer ei pruugi sobida, nagu n\u00e4iteks treppide, kivide ja muude takistuste \u00fcmbrus.<\/p>\n<p>Akutoitel hekip\u00fcgaja:<\/p>\n<p>Heki l\u00f5ikamine: Hekip\u00fcgajaid kasutatakse peamiselt hekkide l\u00f5ikamiseks ja hooldamiseks. Need v\u00f5imaldavad teil l\u00f5igata hekki kiiresti ja t\u00f5husalt, saavutades soovitud kuju ja korrap\u00e4rase v\u00e4limuse.<\/p>\n<p>P\u00f5\u00f5saste ja okaspuude korrastamine: Lisaks hekkidele saab hekip\u00fcgajaid kasutada ka p\u00f5\u00f5saste, okaspuude ja muude taimede korrastamiseks ning nende kuju ja suuruse reguleerimiseks.<\/p>\n<p>Liikumisvabadus: Akutoitel hekip\u00fcgajad pakuvad kasutajatele liikumisvabadust ja paindlikkust, kuna neid saab kasutada ilma juhtmeid j\u00e4rel vedamata. See muudab t\u00f6\u00f6riista kasutamise mugavaks ja lihtsaks.<\/p>\n<p>Enne akutoitel muruk\u00e4\u00e4ride ja hekip\u00fcgaja kasutamist veenduge, et olete tutvunud t\u00f6\u00f6riista kasutusjuhendiga ja j\u00e4rgige ohutusn\u00f5udeid. Hoidke t\u00f6\u00f6riist teravana ja korras ning laadige aku vastavalt vajadusele. Samuti kandke alati sobivaid isikukaitsevahendeid, nagu kindad ja kaitseprillid, et kaitsta end v\u00f5imalike vigastuste eest.<br \/>\nAkumuruk\u00e4\u00e4rid 3 in 1 CEDGS100LI (ilma aku\/laadijata)<\/p>\n<p>CEDRUS on \u00fcks suurimaid aiandusmasinate, t\u00f6\u00f6riistade ning metsandus tarvikute edasim\u00fc\u00fcjaid Poolas.<br \/>\nMeie eesm\u00e4rk on pakkuda klientidele k\u00f5rgeima kvaliteediga tooteid konkurentsiv\u00f5imeliste hindadega.<br \/>\nAlates 2016. aastast oleme arendanud ka oma kaubam\u00e4rgi all olevat tootesarja Cedrus.<br \/>\nHetkel pakume enam kui 100 t\u00fc\u00fcpi CEDRUS kaubam\u00e4rgi aia- ja ehitusmasinaid, samuti k\u00f5iki hooldustarvikuid ja varuosi.<br \/>\n<img decoding=\"async\" src=\"https:\/\/www.ranoja.ee\/wp-content\/uploads\/2023\/07\/cedrus-logo-vaike-1-300x99.png\" alt=\"\" width=\"300\" height=\"99\" class=\"alignnone size-medium wp-image-5896\" srcset=\"https:\/\/ranoja.ee\/wp-content\/uploads\/2023\/07\/cedrus-logo-vaike-1-300x99.png 300w, https:\/\/ranoja.ee\/wp-content\/uploads\/2023\/07\/cedrus-logo-vaike-1.png 431w\" sizes=\"(max-width: 300px) 100vw, 300px\" \/><\/p>\n","protected":false},"excerpt":{"rendered":"<p>CEDGS100LI<br \/>\nAkumuruk\u00e4\u00e4rid 3 in 1 (ilma aku\/laadijata)<br \/>\n20V<br \/>\nL\u00f5iketera pikkus: 200mm<br \/>\n3 in 1 = hekik\u00e4\u00e4rid, murutrimmer ja kobestaja<br \/>\nKaal 1,05kg<br \/>\n<span style=\"color: #000000;\"><strong>Garantii 1 aasta (eraisikule 3 aastat)<\/strong><\/span><br \/>\n<strong><span style=\"color: #339966;\">ANTUD SEADMEGA SAAB TUTVUDA MEIE PAIDE ESINDUSES KOHAPEAL!<\/span><\/strong><\/p>\n<p><span style=\"color: #000000;\"><strong>KASUTA SEDA T\u00d6\u00d6RIISTA OMA <span style=\"color: #339966;\">18V &#8211; MAKITA<\/span>, <span style=\"color: #339966;\">BOSCH<\/span> V\u00d5I <span style=\"color: #339966;\">DEWALT<\/span> AKUGA!<\/strong><\/span><\/p>\n<p><a href=\"https:\/\/www.ranoja.ee\/tootekategooria\/akutooriistad\/vaheadapterid\/\"><img decoding=\"async\" class=\"alignnone wp-image-8608\" src=\"https:\/\/www.ranoja.ee\/wp-content\/uploads\/2024\/04\/Vaheadapter-makita-tooriistadele-300x200.jpg\" alt=\"Vaheadapter cedrus akut\u00f6\u00f6riistadele CEDRAD C-M (Makita)\" width=\"200\" height=\"133\" srcset=\"https:\/\/ranoja.ee\/wp-content\/uploads\/2024\/04\/Vaheadapter-makita-tooriistadele-300x200.jpg 300w, https:\/\/ranoja.ee\/wp-content\/uploads\/2024\/04\/Vaheadapter-makita-tooriistadele-1024x683.jpg 1024w, https:\/\/ranoja.ee\/wp-content\/uploads\/2024\/04\/Vaheadapter-makita-tooriistadele-768x512.jpg 768w, https:\/\/ranoja.ee\/wp-content\/uploads\/2024\/04\/Vaheadapter-makita-tooriistadele-800x533.jpg 800w, https:\/\/ranoja.ee\/wp-content\/uploads\/2024\/04\/Vaheadapter-makita-tooriistadele.jpg 1200w\" sizes=\"(max-width: 200px) 100vw, 200px\" \/><\/a><br \/>\n<span style=\"color: #000000;\"><strong><a style=\"color: #000000;\" href=\"https:\/\/www.ranoja.ee\/tootekategooria\/akutooriistad\/vaheadapterid\/\">Leia endale <span style=\"color: #339966;\">sobiv vaheadapter siit\u2192<\/span><\/a><\/strong><\/span><\/p>\n<p><strong><a href=\"https:\/\/www.ranoja.ee\/tootekategooria\/akutooriistad\/akud-ja-laadijad\/\">T\u00f6\u00f6riistale sobivad <span style=\"color: #339966;\">Cedrus Power + akud ja laadijad leiad siit\u2192<\/span><\/a><\/strong><\/p>\n","protected":false},"featured_media":3189,"template":"","meta":{"inline_featured_image":false},"product_cat":[1094,1106],"product_tag":[247,250,137,249,246,248],"class_list":{"0":"post-3188","1":"product","2":"type-product","3":"status-publish","4":"has-post-thumbnail","6":"product_brand-cedrus","7":"product_cat-akutooriistad","8":"product_cat-hekiloikurid","9":"product_tag-akumurukaarid","10":"product_tag-cedgs100li","11":"product_tag-cedrus","12":"product_tag-kobestaja","13":"product_tag-murukaarid","14":"product_tag-muruloikaja","16":"first","17":"instock","18":"taxable","19":"shipping-taxable","20":"purchasable","21":"product-type-simple"},"yoast_head":"<!-- This site is optimized with the Yoast SEO plugin v27.4 - https:\/\/yoast.com\/product\/yoast-seo-wordpress\/ -->\n<title>Akumuruk\u00e4\u00e4rid 3 in 1 CEDGS100LI (ilma aku\/laadijata)<\/title>\n<meta name=\"description\" content=\"Akumuruk\u00e4\u00e4rid 3 in 1 CEDGS100LI (ilma aku\/laadijata) L\u00f5iketera pikkus: 200mm. Kasulikud t\u00f6\u00f6riistad aia hooldamisel ning pakuvad mugavust ja liikumisvabadust\" \/>\n<meta name=\"robots\" content=\"index, follow, max-snippet:-1, max-image-preview:large, max-video-preview:-1\" \/>\n<link rel=\"canonical\" href=\"https:\/\/ranoja.ee\/toode\/akumurukaarid-3-in-1-cedgs100li-ilma-aku-laadijata\/\" \/>\n<meta property=\"og:locale\" content=\"en_US\" \/>\n<meta property=\"og:type\" content=\"article\" \/>\n<meta property=\"og:title\" content=\"Akumuruk\u00e4\u00e4rid 3 in 1 CEDGS100LI (ilma aku\/laadijata)\" \/>\n<meta property=\"og:description\" content=\"Akumuruk\u00e4\u00e4rid 3 in 1 CEDGS100LI (ilma aku\/laadijata) L\u00f5iketera pikkus: 200mm. Kasulikud t\u00f6\u00f6riistad aia hooldamisel ning pakuvad mugavust ja liikumisvabadust\" \/>\n<meta property=\"og:url\" content=\"https:\/\/ranoja.ee\/toode\/akumurukaarid-3-in-1-cedgs100li-ilma-aku-laadijata\/\" \/>\n<meta property=\"og:site_name\" content=\"Ranoja\" \/>\n<meta property=\"article:publisher\" content=\"https:\/\/www.facebook.com\/ranoja.ee\" \/>\n<meta property=\"article:modified_time\" content=\"2025-12-10T10:20:26+00:00\" \/>\n<meta property=\"og:image\" content=\"https:\/\/ranoja.ee\/wp-content\/uploads\/2023\/07\/Akumurukaarid-3-in-1-CEDGS100LI.png\" \/>\n\t<meta property=\"og:image:width\" content=\"800\" \/>\n\t<meta property=\"og:image:height\" content=\"532\" \/>\n\t<meta property=\"og:image:type\" content=\"image\/png\" \/>\n<meta name=\"twitter:card\" content=\"summary_large_image\" \/>\n<meta name=\"twitter:label1\" content=\"Est. reading time\" \/>\n\t<meta name=\"twitter:data1\" content=\"2 minutes\" \/>\n<script type=\"application\/ld+json\" class=\"yoast-schema-graph\">{\"@context\":\"https:\\\/\\\/schema.org\",\"@graph\":[{\"@type\":\"WebPage\",\"@id\":\"https:\\\/\\\/ranoja.ee\\\/toode\\\/akumurukaarid-3-in-1-cedgs100li-ilma-aku-laadijata\\\/\",\"url\":\"https:\\\/\\\/ranoja.ee\\\/toode\\\/akumurukaarid-3-in-1-cedgs100li-ilma-aku-laadijata\\\/\",\"name\":\"Akumuruk\u00e4\u00e4rid 3 in 1 CEDGS100LI (ilma aku\\\/laadijata)\",\"isPartOf\":{\"@id\":\"https:\\\/\\\/ranoja.ee\\\/#website\"},\"primaryImageOfPage\":{\"@id\":\"https:\\\/\\\/ranoja.ee\\\/toode\\\/akumurukaarid-3-in-1-cedgs100li-ilma-aku-laadijata\\\/#primaryimage\"},\"image\":{\"@id\":\"https:\\\/\\\/ranoja.ee\\\/toode\\\/akumurukaarid-3-in-1-cedgs100li-ilma-aku-laadijata\\\/#primaryimage\"},\"thumbnailUrl\":\"https:\\\/\\\/ranoja.ee\\\/wp-content\\\/uploads\\\/2023\\\/07\\\/Akumurukaarid-3-in-1-CEDGS100LI.png\",\"datePublished\":\"2023-07-11T10:55:02+00:00\",\"dateModified\":\"2025-12-10T10:20:26+00:00\",\"description\":\"Akumuruk\u00e4\u00e4rid 3 in 1 CEDGS100LI (ilma aku\\\/laadijata) L\u00f5iketera pikkus: 200mm. Kasulikud t\u00f6\u00f6riistad aia hooldamisel ning pakuvad mugavust ja liikumisvabadust\",\"breadcrumb\":{\"@id\":\"https:\\\/\\\/ranoja.ee\\\/toode\\\/akumurukaarid-3-in-1-cedgs100li-ilma-aku-laadijata\\\/#breadcrumb\"},\"inLanguage\":\"en-US\",\"potentialAction\":[{\"@type\":\"ReadAction\",\"target\":[\"https:\\\/\\\/ranoja.ee\\\/toode\\\/akumurukaarid-3-in-1-cedgs100li-ilma-aku-laadijata\\\/\"]}]},{\"@type\":\"ImageObject\",\"inLanguage\":\"en-US\",\"@id\":\"https:\\\/\\\/ranoja.ee\\\/toode\\\/akumurukaarid-3-in-1-cedgs100li-ilma-aku-laadijata\\\/#primaryimage\",\"url\":\"https:\\\/\\\/ranoja.ee\\\/wp-content\\\/uploads\\\/2023\\\/07\\\/Akumurukaarid-3-in-1-CEDGS100LI.png\",\"contentUrl\":\"https:\\\/\\\/ranoja.ee\\\/wp-content\\\/uploads\\\/2023\\\/07\\\/Akumurukaarid-3-in-1-CEDGS100LI.png\",\"width\":800,\"height\":532,\"caption\":\"Akumuruk\u00e4\u00e4rid 3 in 1 CEDGS100LI (ilma aku\\\/laadijata)\"},{\"@type\":\"BreadcrumbList\",\"@id\":\"https:\\\/\\\/ranoja.ee\\\/toode\\\/akumurukaarid-3-in-1-cedgs100li-ilma-aku-laadijata\\\/#breadcrumb\",\"itemListElement\":[{\"@type\":\"ListItem\",\"position\":1,\"name\":\"Home\",\"item\":\"https:\\\/\\\/ranoja.ee\\\/\"},{\"@type\":\"ListItem\",\"position\":2,\"name\":\"Shop\",\"item\":\"https:\\\/\\\/ranoja.ee\\\/en\\\/shop\\\/\"},{\"@type\":\"ListItem\",\"position\":3,\"name\":\"Akumuruk\u00e4\u00e4rid 3 in 1 CEDGS100LI (ilma aku\\\/laadijata)\"}]},{\"@type\":\"WebSite\",\"@id\":\"https:\\\/\\\/ranoja.ee\\\/#website\",\"url\":\"https:\\\/\\\/ranoja.ee\\\/\",\"name\":\"Ranoja\",\"description\":\"Equipment Shop WooCommerce WordPress Theme for Machine &amp; Tools\",\"publisher\":{\"@id\":\"https:\\\/\\\/ranoja.ee\\\/#organization\"},\"potentialAction\":[{\"@type\":\"SearchAction\",\"target\":{\"@type\":\"EntryPoint\",\"urlTemplate\":\"https:\\\/\\\/ranoja.ee\\\/?s={search_term_string}\"},\"query-input\":{\"@type\":\"PropertyValueSpecification\",\"valueRequired\":true,\"valueName\":\"search_term_string\"}}],\"inLanguage\":\"en-US\"},{\"@type\":\"Organization\",\"@id\":\"https:\\\/\\\/ranoja.ee\\\/#organization\",\"name\":\"Ranoja O\u00dc\",\"url\":\"https:\\\/\\\/ranoja.ee\\\/\",\"logo\":{\"@type\":\"ImageObject\",\"inLanguage\":\"en-US\",\"@id\":\"https:\\\/\\\/ranoja.ee\\\/#\\\/schema\\\/logo\\\/image\\\/\",\"url\":\"https:\\\/\\\/ranoja.ee\\\/wp-content\\\/uploads\\\/2023\\\/11\\\/ranoja-Logo.png\",\"contentUrl\":\"https:\\\/\\\/ranoja.ee\\\/wp-content\\\/uploads\\\/2023\\\/11\\\/ranoja-Logo.png\",\"width\":207,\"height\":58,\"caption\":\"Ranoja O\u00dc\"},\"image\":{\"@id\":\"https:\\\/\\\/ranoja.ee\\\/#\\\/schema\\\/logo\\\/image\\\/\"},\"sameAs\":[\"https:\\\/\\\/www.facebook.com\\\/ranoja.ee\",\"https:\\\/\\\/www.instagram.com\\\/ranoja__\\\/\"]}]}<\/script>\n<!-- \/ Yoast SEO plugin. -->","yoast_head_json":{"title":"Akumuruk\u00e4\u00e4rid 3 in 1 CEDGS100LI (ilma aku\/laadijata)","description":"Akumuruk\u00e4\u00e4rid 3 in 1 CEDGS100LI (ilma aku\/laadijata) L\u00f5iketera pikkus: 200mm. Kasulikud t\u00f6\u00f6riistad aia hooldamisel ning pakuvad mugavust ja liikumisvabadust","robots":{"index":"index","follow":"follow","max-snippet":"max-snippet:-1","max-image-preview":"max-image-preview:large","max-video-preview":"max-video-preview:-1"},"canonical":"https:\/\/ranoja.ee\/toode\/akumurukaarid-3-in-1-cedgs100li-ilma-aku-laadijata\/","og_locale":"en_US","og_type":"article","og_title":"Akumuruk\u00e4\u00e4rid 3 in 1 CEDGS100LI (ilma aku\/laadijata)","og_description":"Akumuruk\u00e4\u00e4rid 3 in 1 CEDGS100LI (ilma aku\/laadijata) L\u00f5iketera pikkus: 200mm. Kasulikud t\u00f6\u00f6riistad aia hooldamisel ning pakuvad mugavust ja liikumisvabadust","og_url":"https:\/\/ranoja.ee\/toode\/akumurukaarid-3-in-1-cedgs100li-ilma-aku-laadijata\/","og_site_name":"Ranoja","article_publisher":"https:\/\/www.facebook.com\/ranoja.ee","article_modified_time":"2025-12-10T10:20:26+00:00","og_image":[{"width":800,"height":532,"url":"https:\/\/ranoja.ee\/wp-content\/uploads\/2023\/07\/Akumurukaarid-3-in-1-CEDGS100LI.png","type":"image\/png"}],"twitter_card":"summary_large_image","twitter_misc":{"Est. reading time":"2 minutes"},"schema":{"@context":"https:\/\/schema.org","@graph":[{"@type":"WebPage","@id":"https:\/\/ranoja.ee\/toode\/akumurukaarid-3-in-1-cedgs100li-ilma-aku-laadijata\/","url":"https:\/\/ranoja.ee\/toode\/akumurukaarid-3-in-1-cedgs100li-ilma-aku-laadijata\/","name":"Akumuruk\u00e4\u00e4rid 3 in 1 CEDGS100LI (ilma aku\/laadijata)","isPartOf":{"@id":"https:\/\/ranoja.ee\/#website"},"primaryImageOfPage":{"@id":"https:\/\/ranoja.ee\/toode\/akumurukaarid-3-in-1-cedgs100li-ilma-aku-laadijata\/#primaryimage"},"image":{"@id":"https:\/\/ranoja.ee\/toode\/akumurukaarid-3-in-1-cedgs100li-ilma-aku-laadijata\/#primaryimage"},"thumbnailUrl":"https:\/\/ranoja.ee\/wp-content\/uploads\/2023\/07\/Akumurukaarid-3-in-1-CEDGS100LI.png","datePublished":"2023-07-11T10:55:02+00:00","dateModified":"2025-12-10T10:20:26+00:00","description":"Akumuruk\u00e4\u00e4rid 3 in 1 CEDGS100LI (ilma aku\/laadijata) L\u00f5iketera pikkus: 200mm. Kasulikud t\u00f6\u00f6riistad aia hooldamisel ning pakuvad mugavust ja liikumisvabadust","breadcrumb":{"@id":"https:\/\/ranoja.ee\/toode\/akumurukaarid-3-in-1-cedgs100li-ilma-aku-laadijata\/#breadcrumb"},"inLanguage":"en-US","potentialAction":[{"@type":"ReadAction","target":["https:\/\/ranoja.ee\/toode\/akumurukaarid-3-in-1-cedgs100li-ilma-aku-laadijata\/"]}]},{"@type":"ImageObject","inLanguage":"en-US","@id":"https:\/\/ranoja.ee\/toode\/akumurukaarid-3-in-1-cedgs100li-ilma-aku-laadijata\/#primaryimage","url":"https:\/\/ranoja.ee\/wp-content\/uploads\/2023\/07\/Akumurukaarid-3-in-1-CEDGS100LI.png","contentUrl":"https:\/\/ranoja.ee\/wp-content\/uploads\/2023\/07\/Akumurukaarid-3-in-1-CEDGS100LI.png","width":800,"height":532,"caption":"Akumuruk\u00e4\u00e4rid 3 in 1 CEDGS100LI (ilma aku\/laadijata)"},{"@type":"BreadcrumbList","@id":"https:\/\/ranoja.ee\/toode\/akumurukaarid-3-in-1-cedgs100li-ilma-aku-laadijata\/#breadcrumb","itemListElement":[{"@type":"ListItem","position":1,"name":"Home","item":"https:\/\/ranoja.ee\/"},{"@type":"ListItem","position":2,"name":"Shop","item":"https:\/\/ranoja.ee\/en\/shop\/"},{"@type":"ListItem","position":3,"name":"Akumuruk\u00e4\u00e4rid 3 in 1 CEDGS100LI (ilma aku\/laadijata)"}]},{"@type":"WebSite","@id":"https:\/\/ranoja.ee\/#website","url":"https:\/\/ranoja.ee\/","name":"Ranoja","description":"Equipment Shop WooCommerce WordPress Theme for Machine &amp; Tools","publisher":{"@id":"https:\/\/ranoja.ee\/#organization"},"potentialAction":[{"@type":"SearchAction","target":{"@type":"EntryPoint","urlTemplate":"https:\/\/ranoja.ee\/?s={search_term_string}"},"query-input":{"@type":"PropertyValueSpecification","valueRequired":true,"valueName":"search_term_string"}}],"inLanguage":"en-US"},{"@type":"Organization","@id":"https:\/\/ranoja.ee\/#organization","name":"Ranoja O\u00dc","url":"https:\/\/ranoja.ee\/","logo":{"@type":"ImageObject","inLanguage":"en-US","@id":"https:\/\/ranoja.ee\/#\/schema\/logo\/image\/","url":"https:\/\/ranoja.ee\/wp-content\/uploads\/2023\/11\/ranoja-Logo.png","contentUrl":"https:\/\/ranoja.ee\/wp-content\/uploads\/2023\/11\/ranoja-Logo.png","width":207,"height":58,"caption":"Ranoja O\u00dc"},"image":{"@id":"https:\/\/ranoja.ee\/#\/schema\/logo\/image\/"},"sameAs":["https:\/\/www.facebook.com\/ranoja.ee","https:\/\/www.instagram.com\/ranoja__\/"]}]}},"_links":{"self":[{"href":"https:\/\/ranoja.ee\/en\/wp-json\/wp\/v2\/product\/3188","targetHints":{"allow":["GET"]}}],"collection":[{"href":"https:\/\/ranoja.ee\/en\/wp-json\/wp\/v2\/product"}],"about":[{"href":"https:\/\/ranoja.ee\/en\/wp-json\/wp\/v2\/types\/product"}],"wp:featuredmedia":[{"embeddable":true,"href":"https:\/\/ranoja.ee\/en\/wp-json\/wp\/v2\/media\/3189"}],"wp:attachment":[{"href":"https:\/\/ranoja.ee\/en\/wp-json\/wp\/v2\/media?parent=3188"}],"wp:term":[{"taxonomy":"product_cat","embeddable":true,"href":"https:\/\/ranoja.ee\/en\/wp-json\/wp\/v2\/product_cat?post=3188"},{"taxonomy":"product_tag","embeddable":true,"href":"https:\/\/ranoja.ee\/en\/wp-json\/wp\/v2\/product_tag?post=3188"}],"curies":[{"name":"wp","href":"https:\/\/api.w.org\/{rel}","templated":true}]}}