{"id":3142,"date":"2023-07-11T13:30:31","date_gmt":"2023-07-11T10:30:31","guid":{"rendered":"https:\/\/www.ranoja.ee\/?post_type=product&#038;p=3142"},"modified":"2025-12-10T13:20:26","modified_gmt":"2025-12-10T10:20:26","slug":"akutiigersaag-cedrsli-ilma-aku-laadijata","status":"publish","type":"product","link":"https:\/\/ranoja.ee\/en\/toode\/akutiigersaag-cedrsli-ilma-aku-laadijata\/","title":{"rendered":"Akutiigersaag CEDRSLI (ilma aku\/laadijata)"},"content":{"rendered":"<p>Akutiigersaag CEDRSLI (ilma aku\/laadijata)<br \/>\nAkutoitel tiigersaag on mitmek\u00fclgne elektriline t\u00f6\u00f6riist, mis kasutab toiteallikana akut ning on varustatud l\u00f5ikeotsikuga, mis v\u00f5imaldab l\u00f5igata erinevaid materjale, sealhulgas puitu, metalli, plastikut ja kipsplaati. Tiigersaagi nimetus tuleneb selle v\u00f5imest l\u00f5igata erinevate nurkade alt ja erinevatelt pindadelt, muutes selle mitmek\u00fclgseks t\u00f6\u00f6riistaks ehitus-, remondi- ja renoveerimist\u00f6\u00f6del. Siin on m\u00f5ned n\u00e4ited akutoitel tiigersaagi kasutamise kohta:<\/p>\n<p>Puidu l\u00f5ikamine: Tiigersaagi saab kasutada erinevate puidust esemete, nagu p\u00f5randalauad, raamid ja puitpaneelid, l\u00f5ikamiseks. See on eriti kasulik kitsastes ja raskesti ligip\u00e4\u00e4setavates kohtades, kus muud t\u00f6\u00f6riistad ei pruugi sobida.<\/p>\n<p>Metalli l\u00f5ikamine: Akutoitel tiigersaagi abil saab l\u00f5igata erinevat t\u00fc\u00fcpi metalli, n\u00e4iteks torusid, profiile ja kinnitusvahendeid. See muudab selle kasulikuks t\u00f6\u00f6riistaks torulukkseppadele, metallit\u00f6\u00f6tlejatele ja remondit\u00f6\u00f6de tegijatele.<\/p>\n<p>Ehitus- ja remondit\u00f6\u00f6d: Tiigersaag on kasulik t\u00f6\u00f6riist ehitus- ja remondit\u00f6\u00f6del, n\u00e4iteks seinte ja lagede l\u00f5ikamiseks, torude ja kaablite paigaldamiseks ning konstruktsioonide lammutamiseks.<\/p>\n<p>P\u00f5randate paigaldamine: Tiigersaagi saab kasutada ka p\u00f5randate paigaldamise protsessis, n\u00e4iteks p\u00f5randaliistude l\u00f5ikamiseks v\u00f5i uksepiidadega kohandamiseks.<\/p>\n<p>Torude ja elektrikaablite paigaldamine: Akutoitel tiigersaag v\u00f5imaldab t\u00e4pset l\u00f5ikamist, mis muudab selle kasulikuks t\u00f6\u00f6riistaks torude ja elektrikaablite paigaldamisel ning remontimisel.<\/p>\n<p>Enne akutoitel tiigersaagi kasutamist veenduge, et olete tutvunud t\u00f6\u00f6riista kasutusjuhendiga ja j\u00e4rgige ohutusn\u00f5udeid. Hoidke t\u00f6\u00f6riist teravana ja korras ning veenduge, et aku oleks piisavalt laetud v\u00f5i varustatud varuakuga. Kandke alati sobivaid isikukaitsevahendeid, nagu kaitseprillid ja kindad, et kaitsta end v\u00f5imalike vigastuste eest. Lisaks valige \u00f5ige tera v\u00f5i l\u00f5ikeotsik vastavalt l\u00f5ikamiseks vajalikele materjalidele ning kasutage t\u00f6\u00f6riista hoolikalt ja t\u00e4pselt, et saavutada soovitud tulemusi.<br \/>\nAkutiigersaag CEDRSLI (ilma aku\/laadijata)<\/p>\n<p>CEDRUS on \u00fcks suurimaid aiandusmasinate, t\u00f6\u00f6riistade ning metsandus tarvikute edasim\u00fc\u00fcjaid Poolas.<br \/>\nMeie eesm\u00e4rk on pakkuda klientidele k\u00f5rgeima kvaliteediga tooteid konkurentsiv\u00f5imeliste hindadega.<br \/>\nAlates 2016. aastast oleme arendanud ka oma kaubam\u00e4rgi all olevat tootesarja Cedrus.<br \/>\nHetkel pakume enam kui 100 t\u00fc\u00fcpi CEDRUS kaubam\u00e4rgi aia- ja ehitusmasinaid, samuti k\u00f5iki hooldustarvikuid ja varuosi.<br \/>\n<img decoding=\"async\" src=\"https:\/\/www.ranoja.ee\/wp-content\/uploads\/2023\/07\/cedrus-logo-vaike-1-300x99.png\" alt=\"\" width=\"300\" height=\"99\" class=\"alignnone size-medium wp-image-5896\" srcset=\"https:\/\/ranoja.ee\/wp-content\/uploads\/2023\/07\/cedrus-logo-vaike-1-300x99.png 300w, https:\/\/ranoja.ee\/wp-content\/uploads\/2023\/07\/cedrus-logo-vaike-1.png 431w\" sizes=\"(max-width: 300px) 100vw, 300px\" \/><\/p>\n","protected":false},"excerpt":{"rendered":"<p>CEDRSLI<br \/>\nTiigersaag (ilma aku\/laadijata)<br \/>\n20V<br \/>\nLiigutuste arv: 0-3000 obr.\/min<br \/>\nSoovituslik l\u00f5ikeulatus 115 mm puit \/ 10 mm alumiinum<br \/>\nSae k\u00e4ik 22mm<br \/>\nKaal 1,71kg<br \/>\n<span style=\"color: #000000;\"><strong>Garantii 1 aasta (eraisikule 3 aastat)<\/strong><\/span><br \/>\n<strong><span style=\"color: #339966;\">ANTUD SEADMEGA SAAB TUTVUDA MEIE PAIDE ESINDUSES KOHAPEAL!<\/span><\/strong><\/p>\n<p><span style=\"color: #000000;\"><strong>KASUTA SEDA T\u00d6\u00d6RIISTA OMA <span style=\"color: #339966;\">18V &#8211; MAKITA<\/span>, <span style=\"color: #339966;\">BOSCH<\/span> V\u00d5I <span style=\"color: #339966;\">DEWALT<\/span> AKUGA!<\/strong><\/span><\/p>\n<p><a href=\"https:\/\/www.ranoja.ee\/tootekategooria\/akutooriistad\/vaheadapterid\/\"><img decoding=\"async\" class=\"alignnone wp-image-8608\" src=\"https:\/\/www.ranoja.ee\/wp-content\/uploads\/2024\/04\/Vaheadapter-makita-tooriistadele-300x200.jpg\" alt=\"Vaheadapter cedrus akut\u00f6\u00f6riistadele CEDRAD C-M (Makita)\" width=\"200\" height=\"133\" srcset=\"https:\/\/ranoja.ee\/wp-content\/uploads\/2024\/04\/Vaheadapter-makita-tooriistadele-300x200.jpg 300w, https:\/\/ranoja.ee\/wp-content\/uploads\/2024\/04\/Vaheadapter-makita-tooriistadele-1024x683.jpg 1024w, https:\/\/ranoja.ee\/wp-content\/uploads\/2024\/04\/Vaheadapter-makita-tooriistadele-768x512.jpg 768w, https:\/\/ranoja.ee\/wp-content\/uploads\/2024\/04\/Vaheadapter-makita-tooriistadele-800x533.jpg 800w, https:\/\/ranoja.ee\/wp-content\/uploads\/2024\/04\/Vaheadapter-makita-tooriistadele.jpg 1200w\" sizes=\"(max-width: 200px) 100vw, 200px\" \/><\/a><br \/>\n<span style=\"color: #000000;\"><strong><a style=\"color: #000000;\" href=\"https:\/\/www.ranoja.ee\/tootekategooria\/akutooriistad\/vaheadapterid\/\">Leia endale <span style=\"color: #339966;\">sobiv vaheadapter siit\u2192<\/span><\/a><\/strong><\/span><\/p>\n<p><strong><a href=\"https:\/\/www.ranoja.ee\/tootekategooria\/akutooriistad\/akud-ja-laadijad\/\">T\u00f6\u00f6riistale sobivad <span style=\"color: #339966;\">Cedrus Power + akud ja laadijad leiad siit\u2192<\/span><\/a><\/strong><\/p>\n","protected":false},"featured_media":3145,"template":"","meta":{"inline_featured_image":false},"product_cat":[1094,1113],"product_tag":[220,231,232,137,225,230],"class_list":{"0":"post-3142","1":"product","2":"type-product","3":"status-publish","4":"has-post-thumbnail","6":"product_brand-cedrus","7":"product_cat-akutooriistad","8":"product_cat-tiigersaed","9":"product_tag-akusaag","10":"product_tag-akutiigersaag","11":"product_tag-cedrsli","12":"product_tag-cedrus","13":"product_tag-cedrus-power","14":"product_tag-tiigersaag","16":"first","17":"instock","18":"taxable","19":"shipping-taxable","20":"purchasable","21":"product-type-simple"},"yoast_head":"<!-- This site is optimized with the Yoast SEO plugin v27.4 - https:\/\/yoast.com\/product\/yoast-seo-wordpress\/ -->\n<title>Akutiigersaag CEDRSLI (ilma aku\/laadijata)<\/title>\n<meta name=\"description\" content=\"Akutiigersaag CEDRSLI (ilma aku\/laadijata) 20VLiigutuste arv: 0-3000 obr.\/min Soovituslik l\u00f5ikeulatus 115 mm. Soovituslik l\u00f5ikeulatus 115 mm puit\" \/>\n<meta name=\"robots\" content=\"index, follow, max-snippet:-1, max-image-preview:large, max-video-preview:-1\" \/>\n<link rel=\"canonical\" href=\"https:\/\/ranoja.ee\/toode\/akutiigersaag-cedrsli-ilma-aku-laadijata\/\" \/>\n<meta property=\"og:locale\" content=\"en_US\" \/>\n<meta property=\"og:type\" content=\"article\" \/>\n<meta property=\"og:title\" content=\"Akutiigersaag CEDRSLI (ilma aku\/laadijata)\" \/>\n<meta property=\"og:description\" content=\"Akutiigersaag CEDRSLI (ilma aku\/laadijata) 20VLiigutuste arv: 0-3000 obr.\/min Soovituslik l\u00f5ikeulatus 115 mm. Soovituslik l\u00f5ikeulatus 115 mm puit\" \/>\n<meta property=\"og:url\" content=\"https:\/\/ranoja.ee\/toode\/akutiigersaag-cedrsli-ilma-aku-laadijata\/\" \/>\n<meta property=\"og:site_name\" content=\"Ranoja\" \/>\n<meta property=\"article:publisher\" content=\"https:\/\/www.facebook.com\/ranoja.ee\" \/>\n<meta property=\"article:modified_time\" content=\"2025-12-10T10:20:26+00:00\" \/>\n<meta property=\"og:image\" content=\"https:\/\/ranoja.ee\/wp-content\/uploads\/2023\/07\/Akutiigersaag-CEDRSLI-2.png\" \/>\n\t<meta property=\"og:image:width\" content=\"800\" \/>\n\t<meta property=\"og:image:height\" content=\"564\" \/>\n\t<meta property=\"og:image:type\" content=\"image\/png\" \/>\n<meta name=\"twitter:card\" content=\"summary_large_image\" \/>\n<meta name=\"twitter:label1\" content=\"Est. reading time\" \/>\n\t<meta name=\"twitter:data1\" content=\"2 minutes\" \/>\n<script type=\"application\/ld+json\" class=\"yoast-schema-graph\">{\"@context\":\"https:\\\/\\\/schema.org\",\"@graph\":[{\"@type\":\"WebPage\",\"@id\":\"https:\\\/\\\/ranoja.ee\\\/toode\\\/akutiigersaag-cedrsli-ilma-aku-laadijata\\\/\",\"url\":\"https:\\\/\\\/ranoja.ee\\\/toode\\\/akutiigersaag-cedrsli-ilma-aku-laadijata\\\/\",\"name\":\"Akutiigersaag CEDRSLI (ilma aku\\\/laadijata)\",\"isPartOf\":{\"@id\":\"https:\\\/\\\/ranoja.ee\\\/#website\"},\"primaryImageOfPage\":{\"@id\":\"https:\\\/\\\/ranoja.ee\\\/toode\\\/akutiigersaag-cedrsli-ilma-aku-laadijata\\\/#primaryimage\"},\"image\":{\"@id\":\"https:\\\/\\\/ranoja.ee\\\/toode\\\/akutiigersaag-cedrsli-ilma-aku-laadijata\\\/#primaryimage\"},\"thumbnailUrl\":\"https:\\\/\\\/ranoja.ee\\\/wp-content\\\/uploads\\\/2023\\\/07\\\/Akutiigersaag-CEDRSLI-2.png\",\"datePublished\":\"2023-07-11T10:30:31+00:00\",\"dateModified\":\"2025-12-10T10:20:26+00:00\",\"description\":\"Akutiigersaag CEDRSLI (ilma aku\\\/laadijata) 20VLiigutuste arv: 0-3000 obr.\\\/min Soovituslik l\u00f5ikeulatus 115 mm. Soovituslik l\u00f5ikeulatus 115 mm puit\",\"breadcrumb\":{\"@id\":\"https:\\\/\\\/ranoja.ee\\\/toode\\\/akutiigersaag-cedrsli-ilma-aku-laadijata\\\/#breadcrumb\"},\"inLanguage\":\"en-US\",\"potentialAction\":[{\"@type\":\"ReadAction\",\"target\":[\"https:\\\/\\\/ranoja.ee\\\/toode\\\/akutiigersaag-cedrsli-ilma-aku-laadijata\\\/\"]}]},{\"@type\":\"ImageObject\",\"inLanguage\":\"en-US\",\"@id\":\"https:\\\/\\\/ranoja.ee\\\/toode\\\/akutiigersaag-cedrsli-ilma-aku-laadijata\\\/#primaryimage\",\"url\":\"https:\\\/\\\/ranoja.ee\\\/wp-content\\\/uploads\\\/2023\\\/07\\\/Akutiigersaag-CEDRSLI-2.png\",\"contentUrl\":\"https:\\\/\\\/ranoja.ee\\\/wp-content\\\/uploads\\\/2023\\\/07\\\/Akutiigersaag-CEDRSLI-2.png\",\"width\":800,\"height\":564,\"caption\":\"tiigersaag akusaag akutoitel\"},{\"@type\":\"BreadcrumbList\",\"@id\":\"https:\\\/\\\/ranoja.ee\\\/toode\\\/akutiigersaag-cedrsli-ilma-aku-laadijata\\\/#breadcrumb\",\"itemListElement\":[{\"@type\":\"ListItem\",\"position\":1,\"name\":\"Home\",\"item\":\"https:\\\/\\\/ranoja.ee\\\/\"},{\"@type\":\"ListItem\",\"position\":2,\"name\":\"Shop\",\"item\":\"https:\\\/\\\/ranoja.ee\\\/en\\\/shop\\\/\"},{\"@type\":\"ListItem\",\"position\":3,\"name\":\"Akutiigersaag CEDRSLI (ilma aku\\\/laadijata)\"}]},{\"@type\":\"WebSite\",\"@id\":\"https:\\\/\\\/ranoja.ee\\\/#website\",\"url\":\"https:\\\/\\\/ranoja.ee\\\/\",\"name\":\"Ranoja\",\"description\":\"Equipment Shop WooCommerce WordPress Theme for Machine &amp; Tools\",\"publisher\":{\"@id\":\"https:\\\/\\\/ranoja.ee\\\/#organization\"},\"potentialAction\":[{\"@type\":\"SearchAction\",\"target\":{\"@type\":\"EntryPoint\",\"urlTemplate\":\"https:\\\/\\\/ranoja.ee\\\/?s={search_term_string}\"},\"query-input\":{\"@type\":\"PropertyValueSpecification\",\"valueRequired\":true,\"valueName\":\"search_term_string\"}}],\"inLanguage\":\"en-US\"},{\"@type\":\"Organization\",\"@id\":\"https:\\\/\\\/ranoja.ee\\\/#organization\",\"name\":\"Ranoja O\u00dc\",\"url\":\"https:\\\/\\\/ranoja.ee\\\/\",\"logo\":{\"@type\":\"ImageObject\",\"inLanguage\":\"en-US\",\"@id\":\"https:\\\/\\\/ranoja.ee\\\/#\\\/schema\\\/logo\\\/image\\\/\",\"url\":\"https:\\\/\\\/ranoja.ee\\\/wp-content\\\/uploads\\\/2023\\\/11\\\/ranoja-Logo.png\",\"contentUrl\":\"https:\\\/\\\/ranoja.ee\\\/wp-content\\\/uploads\\\/2023\\\/11\\\/ranoja-Logo.png\",\"width\":207,\"height\":58,\"caption\":\"Ranoja O\u00dc\"},\"image\":{\"@id\":\"https:\\\/\\\/ranoja.ee\\\/#\\\/schema\\\/logo\\\/image\\\/\"},\"sameAs\":[\"https:\\\/\\\/www.facebook.com\\\/ranoja.ee\",\"https:\\\/\\\/www.instagram.com\\\/ranoja__\\\/\"]}]}<\/script>\n<!-- \/ Yoast SEO plugin. -->","yoast_head_json":{"title":"Akutiigersaag CEDRSLI (ilma aku\/laadijata)","description":"Akutiigersaag CEDRSLI (ilma aku\/laadijata) 20VLiigutuste arv: 0-3000 obr.\/min Soovituslik l\u00f5ikeulatus 115 mm. Soovituslik l\u00f5ikeulatus 115 mm puit","robots":{"index":"index","follow":"follow","max-snippet":"max-snippet:-1","max-image-preview":"max-image-preview:large","max-video-preview":"max-video-preview:-1"},"canonical":"https:\/\/ranoja.ee\/toode\/akutiigersaag-cedrsli-ilma-aku-laadijata\/","og_locale":"en_US","og_type":"article","og_title":"Akutiigersaag CEDRSLI (ilma aku\/laadijata)","og_description":"Akutiigersaag CEDRSLI (ilma aku\/laadijata) 20VLiigutuste arv: 0-3000 obr.\/min Soovituslik l\u00f5ikeulatus 115 mm. Soovituslik l\u00f5ikeulatus 115 mm puit","og_url":"https:\/\/ranoja.ee\/toode\/akutiigersaag-cedrsli-ilma-aku-laadijata\/","og_site_name":"Ranoja","article_publisher":"https:\/\/www.facebook.com\/ranoja.ee","article_modified_time":"2025-12-10T10:20:26+00:00","og_image":[{"width":800,"height":564,"url":"https:\/\/ranoja.ee\/wp-content\/uploads\/2023\/07\/Akutiigersaag-CEDRSLI-2.png","type":"image\/png"}],"twitter_card":"summary_large_image","twitter_misc":{"Est. reading time":"2 minutes"},"schema":{"@context":"https:\/\/schema.org","@graph":[{"@type":"WebPage","@id":"https:\/\/ranoja.ee\/toode\/akutiigersaag-cedrsli-ilma-aku-laadijata\/","url":"https:\/\/ranoja.ee\/toode\/akutiigersaag-cedrsli-ilma-aku-laadijata\/","name":"Akutiigersaag CEDRSLI (ilma aku\/laadijata)","isPartOf":{"@id":"https:\/\/ranoja.ee\/#website"},"primaryImageOfPage":{"@id":"https:\/\/ranoja.ee\/toode\/akutiigersaag-cedrsli-ilma-aku-laadijata\/#primaryimage"},"image":{"@id":"https:\/\/ranoja.ee\/toode\/akutiigersaag-cedrsli-ilma-aku-laadijata\/#primaryimage"},"thumbnailUrl":"https:\/\/ranoja.ee\/wp-content\/uploads\/2023\/07\/Akutiigersaag-CEDRSLI-2.png","datePublished":"2023-07-11T10:30:31+00:00","dateModified":"2025-12-10T10:20:26+00:00","description":"Akutiigersaag CEDRSLI (ilma aku\/laadijata) 20VLiigutuste arv: 0-3000 obr.\/min Soovituslik l\u00f5ikeulatus 115 mm. Soovituslik l\u00f5ikeulatus 115 mm puit","breadcrumb":{"@id":"https:\/\/ranoja.ee\/toode\/akutiigersaag-cedrsli-ilma-aku-laadijata\/#breadcrumb"},"inLanguage":"en-US","potentialAction":[{"@type":"ReadAction","target":["https:\/\/ranoja.ee\/toode\/akutiigersaag-cedrsli-ilma-aku-laadijata\/"]}]},{"@type":"ImageObject","inLanguage":"en-US","@id":"https:\/\/ranoja.ee\/toode\/akutiigersaag-cedrsli-ilma-aku-laadijata\/#primaryimage","url":"https:\/\/ranoja.ee\/wp-content\/uploads\/2023\/07\/Akutiigersaag-CEDRSLI-2.png","contentUrl":"https:\/\/ranoja.ee\/wp-content\/uploads\/2023\/07\/Akutiigersaag-CEDRSLI-2.png","width":800,"height":564,"caption":"tiigersaag akusaag akutoitel"},{"@type":"BreadcrumbList","@id":"https:\/\/ranoja.ee\/toode\/akutiigersaag-cedrsli-ilma-aku-laadijata\/#breadcrumb","itemListElement":[{"@type":"ListItem","position":1,"name":"Home","item":"https:\/\/ranoja.ee\/"},{"@type":"ListItem","position":2,"name":"Shop","item":"https:\/\/ranoja.ee\/en\/shop\/"},{"@type":"ListItem","position":3,"name":"Akutiigersaag CEDRSLI (ilma aku\/laadijata)"}]},{"@type":"WebSite","@id":"https:\/\/ranoja.ee\/#website","url":"https:\/\/ranoja.ee\/","name":"Ranoja","description":"Equipment Shop WooCommerce WordPress Theme for Machine &amp; Tools","publisher":{"@id":"https:\/\/ranoja.ee\/#organization"},"potentialAction":[{"@type":"SearchAction","target":{"@type":"EntryPoint","urlTemplate":"https:\/\/ranoja.ee\/?s={search_term_string}"},"query-input":{"@type":"PropertyValueSpecification","valueRequired":true,"valueName":"search_term_string"}}],"inLanguage":"en-US"},{"@type":"Organization","@id":"https:\/\/ranoja.ee\/#organization","name":"Ranoja O\u00dc","url":"https:\/\/ranoja.ee\/","logo":{"@type":"ImageObject","inLanguage":"en-US","@id":"https:\/\/ranoja.ee\/#\/schema\/logo\/image\/","url":"https:\/\/ranoja.ee\/wp-content\/uploads\/2023\/11\/ranoja-Logo.png","contentUrl":"https:\/\/ranoja.ee\/wp-content\/uploads\/2023\/11\/ranoja-Logo.png","width":207,"height":58,"caption":"Ranoja O\u00dc"},"image":{"@id":"https:\/\/ranoja.ee\/#\/schema\/logo\/image\/"},"sameAs":["https:\/\/www.facebook.com\/ranoja.ee","https:\/\/www.instagram.com\/ranoja__\/"]}]}},"_links":{"self":[{"href":"https:\/\/ranoja.ee\/en\/wp-json\/wp\/v2\/product\/3142","targetHints":{"allow":["GET"]}}],"collection":[{"href":"https:\/\/ranoja.ee\/en\/wp-json\/wp\/v2\/product"}],"about":[{"href":"https:\/\/ranoja.ee\/en\/wp-json\/wp\/v2\/types\/product"}],"wp:featuredmedia":[{"embeddable":true,"href":"https:\/\/ranoja.ee\/en\/wp-json\/wp\/v2\/media\/3145"}],"wp:attachment":[{"href":"https:\/\/ranoja.ee\/en\/wp-json\/wp\/v2\/media?parent=3142"}],"wp:term":[{"taxonomy":"product_cat","embeddable":true,"href":"https:\/\/ranoja.ee\/en\/wp-json\/wp\/v2\/product_cat?post=3142"},{"taxonomy":"product_tag","embeddable":true,"href":"https:\/\/ranoja.ee\/en\/wp-json\/wp\/v2\/product_tag?post=3142"}],"curies":[{"name":"wp","href":"https:\/\/api.w.org\/{rel}","templated":true}]}}