{"id":31235,"date":"2026-02-10T15:45:00","date_gmt":"2026-02-10T12:45:00","guid":{"rendered":"https:\/\/ranoja.ee\/?post_type=product&#038;p=31235"},"modified":"2026-02-10T16:46:31","modified_gmt":"2026-02-10T13:46:31","slug":"lumag-diiselmootoriga-minikallur-vh500da","status":"publish","type":"product","link":"https:\/\/ranoja.ee\/en\/toode\/lumag-diiselmootoriga-minikallur-vh500da\/","title":{"rendered":"Lumag diiselmootoriga minikallur VH500DA"},"content":{"rendered":"<p>Lumag diiselmootoriga minikallur VH500DA<\/p>\n<p>VH500DA on diiselmootoriga minikallur, mis on ehitatud vastupidavaks, t\u00f6\u00f6kindlaks ja mitmek\u00fclgseks abivahendiks materjalide transportimiseks ning mahalaadimiseks. Nii ehitusplatsidel, haljastus- kui ka aiat\u00f6\u00f6del. <\/p>\n<p>Masin kasutab 1-silindrilist Loncin diiselmootorit, mille t\u00f6\u00f6maht on umbes 349 cm\u00b3 ja v\u00f5imsus ligikaudu 4.9 kW (umbes 6.7 hj). Diiselmootor tagab hea k\u00fctuses\u00e4\u00e4stu ja pika t\u00f6\u00f6ea, v\u00f5imaldades masinal t\u00f6\u00f6tada pikemaid perioode ilma sagedase tankimiseta. K\u00e4ivitamine toimub elektrilise starteri ja vajadusel k\u00e4sistarteriga.<\/p>\n<p>VH500DA on t\u00e4ielikult h\u00fcdrauliline minikallur. Nii liikumine kui ka kasti kallutamine t\u00f6\u00f6tavad l\u00e4bi h\u00fcdros\u00fcsteemi, mis teeb masina juhtimise sujuvaks ja vastupidavaks ka raskemate koormate puhul.<\/p>\n<p>Kasti mahub kuni 0.25 m\u00b3 materjali ja maksimaalne kandev\u00f5ime on kuni 500 kg. See teeb selle sobivaks liiva, mulla, kivid, ehitusprahi ja muude raskemate materjalide transportimiseks. Materjali t\u00fchjendamiseks kasutatakse h\u00fcdraulilist kallutusfunktsiooni, mis lihtsustab ja kiirendab t\u00f6\u00f6protsessi v\u00f5rreldes k\u00e4sitsi kallutamisega.<\/p>\n<p>Masina laiad kummist roomikud tagavad hea haardumise erinevatel pindadel; mudasel, pehmel v\u00f5i konarlikul maastikul. Kompaktne laius (~73\u201374 cm) v\u00f5imaldab sel liikuda kitsastest v\u00e4ravatest ning aladest l\u00e4bi.<\/p>\n<p>VH500DA t\u00f6\u00f6tab h\u00fcdrostaatilise ajamiga, mille kiirus on sujuvalt reguleeritav, maksimaalselt umbes 4.5 km\/h ettepoole ja 3.2 km\/h tagurpidi. Selle juhtimine on intuitiivne t\u00e4nu t\u00e4iselektrilisele ja h\u00fcdraulilisele roolile.<\/p>\n<p>Lumag diiselmootoriga minikallur VH500DA<\/p>\n","protected":false},"excerpt":{"rendered":"<p>Lumag diiselmootoriga minikallur VH500DA<br \/>\nMootor: 1-silindriline LONCIN diiselmootor<br \/>\nT\u00f6\u00f6maht: 349 cc<br \/>\nJ\u00f5udlus: 4.9 kW<br \/>\nMaksimaalsed p\u00f6\u00f6rded:  3600 p\/min<br \/>\nMootori k\u00e4ivitamine: Tagasil\u00f6\u00f6giga starter ja elektriline k\u00e4ivitamine akuga<br \/>\nJuhtimine: T\u00e4ish\u00fcdrauliline\/juhtventiil<br \/>\nKallutava kasti m\u00f5\u00f5tmed P x L x K: 855 \u00d7 680 \u00d7 550 mm<br \/>\nMinukalluri kast: H\u00fcdrauliliselt juhitav, ettepoole kallutatav<br \/>\nH\u00fcdraulilised pumbad: 2 x 10 l\/min 3000 p\/min juures<br \/>\nMaksimaalne t\u00f6\u00f6r\u00f5hk: 180 bar<br \/>\nH\u00fcdrauliline mootor<br \/>\nIga\u00fcks maksimaalse p\u00f6\u00f6rdemomendiga 720 Nm r\u00f5hul 180 baari.<br \/>\nT\u00f6\u00f6kiirus edasi ja tagasi: Maksimaalne 4.5 ja 3.2 km\/h<br \/>\nKliirens: 65 mm<br \/>\nMaksimaalne ronimisv\u00f5ime: 15\u00b0<br \/>\nRoomiku m\u00f5\u00f5dud: K\/255, L\/180 mm<br \/>\nM\u00f5\u00f5tmed P x L x K: 1495 x 735 x 1224 mm<br \/>\nMaksimaalne kandev\u00f5ime: 500 kg<br \/>\nTootja: Lumag<br \/>\nMudel: VH500DA<br \/>\nTootekood: VH 500 DA<br \/>\nKaal: 330 kg<br \/>\n<strong>Eeldatav tarneaeg 2-3 n\u00e4dalat<\/strong><\/p>\n","protected":false},"featured_media":31244,"template":"","meta":{"inline_featured_image":false},"product_cat":[1090,99],"product_tag":[3538,134,3535,3484,346,3536,3537],"class_list":{"0":"post-31235","1":"product","2":"type-product","3":"status-publish","4":"has-post-thumbnail","6":"product_brand-lumag","7":"product_cat-ehitustehnika","8":"product_cat-minikallurid","9":"product_tag-diiselmootoriga-minikallur","10":"product_tag-lumag","11":"product_tag-lumag-diiselmootoriga-minikallur-vh500da","12":"product_tag-mini-dumper","13":"product_tag-minikallur","14":"product_tag-vh-500-da","15":"product_tag-vh500da","17":"first","18":"onbackorder","19":"taxable","20":"shipping-taxable","21":"purchasable","22":"product-type-simple"},"yoast_head":"<!-- This site is optimized with the Yoast SEO plugin v27.4 - https:\/\/yoast.com\/product\/yoast-seo-wordpress\/ -->\n<title>Lumag diiselmootoriga minikallur VH500DA<\/title>\n<meta name=\"description\" content=\"Lumag diiselmootoriga minikallur VH500DA Minikalluri laiad kummist roomikud tagavad kindla ja hea haardumise erinevatel pinnastel.\" \/>\n<meta name=\"robots\" content=\"index, follow, max-snippet:-1, max-image-preview:large, max-video-preview:-1\" \/>\n<link rel=\"canonical\" href=\"https:\/\/ranoja.ee\/toode\/lumag-diiselmootoriga-minikallur-vh500da\/\" \/>\n<meta property=\"og:locale\" content=\"en_US\" \/>\n<meta property=\"og:type\" content=\"article\" \/>\n<meta property=\"og:title\" content=\"Lumag diiselmootoriga minikallur VH500DA\" \/>\n<meta property=\"og:description\" content=\"Lumag diiselmootoriga minikallur VH500DA Minikalluri laiad kummist roomikud tagavad kindla ja hea haardumise erinevatel pinnastel.\" \/>\n<meta property=\"og:url\" content=\"https:\/\/ranoja.ee\/toode\/lumag-diiselmootoriga-minikallur-vh500da\/\" \/>\n<meta property=\"og:site_name\" content=\"Ranoja\" \/>\n<meta property=\"article:publisher\" content=\"https:\/\/www.facebook.com\/ranoja.ee\" \/>\n<meta property=\"article:modified_time\" content=\"2026-02-10T13:46:31+00:00\" \/>\n<meta property=\"og:image\" content=\"https:\/\/ranoja.ee\/wp-content\/uploads\/2026\/02\/Lumag-diiselmootoriga-minikallur-VH500DA.png\" \/>\n\t<meta property=\"og:image:width\" content=\"1500\" \/>\n\t<meta property=\"og:image:height\" content=\"1500\" \/>\n\t<meta property=\"og:image:type\" content=\"image\/png\" \/>\n<meta name=\"twitter:card\" content=\"summary_large_image\" \/>\n<meta name=\"twitter:label1\" content=\"Est. reading time\" \/>\n\t<meta name=\"twitter:data1\" content=\"2 minutes\" \/>\n<script type=\"application\/ld+json\" class=\"yoast-schema-graph\">{\"@context\":\"https:\\\/\\\/schema.org\",\"@graph\":[{\"@type\":\"WebPage\",\"@id\":\"https:\\\/\\\/ranoja.ee\\\/toode\\\/lumag-diiselmootoriga-minikallur-vh500da\\\/\",\"url\":\"https:\\\/\\\/ranoja.ee\\\/toode\\\/lumag-diiselmootoriga-minikallur-vh500da\\\/\",\"name\":\"Lumag diiselmootoriga minikallur VH500DA\",\"isPartOf\":{\"@id\":\"https:\\\/\\\/ranoja.ee\\\/#website\"},\"primaryImageOfPage\":{\"@id\":\"https:\\\/\\\/ranoja.ee\\\/toode\\\/lumag-diiselmootoriga-minikallur-vh500da\\\/#primaryimage\"},\"image\":{\"@id\":\"https:\\\/\\\/ranoja.ee\\\/toode\\\/lumag-diiselmootoriga-minikallur-vh500da\\\/#primaryimage\"},\"thumbnailUrl\":\"https:\\\/\\\/ranoja.ee\\\/wp-content\\\/uploads\\\/2026\\\/02\\\/Lumag-diiselmootoriga-minikallur-VH500DA.png\",\"datePublished\":\"2026-02-10T12:45:00+00:00\",\"dateModified\":\"2026-02-10T13:46:31+00:00\",\"description\":\"Lumag diiselmootoriga minikallur VH500DA Minikalluri laiad kummist roomikud tagavad kindla ja hea haardumise erinevatel pinnastel.\",\"breadcrumb\":{\"@id\":\"https:\\\/\\\/ranoja.ee\\\/toode\\\/lumag-diiselmootoriga-minikallur-vh500da\\\/#breadcrumb\"},\"inLanguage\":\"en-US\",\"potentialAction\":[{\"@type\":\"ReadAction\",\"target\":[\"https:\\\/\\\/ranoja.ee\\\/toode\\\/lumag-diiselmootoriga-minikallur-vh500da\\\/\"]}]},{\"@type\":\"ImageObject\",\"inLanguage\":\"en-US\",\"@id\":\"https:\\\/\\\/ranoja.ee\\\/toode\\\/lumag-diiselmootoriga-minikallur-vh500da\\\/#primaryimage\",\"url\":\"https:\\\/\\\/ranoja.ee\\\/wp-content\\\/uploads\\\/2026\\\/02\\\/Lumag-diiselmootoriga-minikallur-VH500DA.png\",\"contentUrl\":\"https:\\\/\\\/ranoja.ee\\\/wp-content\\\/uploads\\\/2026\\\/02\\\/Lumag-diiselmootoriga-minikallur-VH500DA.png\",\"width\":1500,\"height\":1500,\"caption\":\"Lumag diiselmootoriga minikallur VH500DA\"},{\"@type\":\"BreadcrumbList\",\"@id\":\"https:\\\/\\\/ranoja.ee\\\/toode\\\/lumag-diiselmootoriga-minikallur-vh500da\\\/#breadcrumb\",\"itemListElement\":[{\"@type\":\"ListItem\",\"position\":1,\"name\":\"Home\",\"item\":\"https:\\\/\\\/ranoja.ee\\\/\"},{\"@type\":\"ListItem\",\"position\":2,\"name\":\"Shop\",\"item\":\"https:\\\/\\\/ranoja.ee\\\/en\\\/shop\\\/\"},{\"@type\":\"ListItem\",\"position\":3,\"name\":\"Lumag diiselmootoriga minikallur VH500DA\"}]},{\"@type\":\"WebSite\",\"@id\":\"https:\\\/\\\/ranoja.ee\\\/#website\",\"url\":\"https:\\\/\\\/ranoja.ee\\\/\",\"name\":\"Ranoja\",\"description\":\"Equipment Shop WooCommerce WordPress Theme for Machine &amp; Tools\",\"publisher\":{\"@id\":\"https:\\\/\\\/ranoja.ee\\\/#organization\"},\"potentialAction\":[{\"@type\":\"SearchAction\",\"target\":{\"@type\":\"EntryPoint\",\"urlTemplate\":\"https:\\\/\\\/ranoja.ee\\\/?s={search_term_string}\"},\"query-input\":{\"@type\":\"PropertyValueSpecification\",\"valueRequired\":true,\"valueName\":\"search_term_string\"}}],\"inLanguage\":\"en-US\"},{\"@type\":\"Organization\",\"@id\":\"https:\\\/\\\/ranoja.ee\\\/#organization\",\"name\":\"Ranoja O\u00dc\",\"url\":\"https:\\\/\\\/ranoja.ee\\\/\",\"logo\":{\"@type\":\"ImageObject\",\"inLanguage\":\"en-US\",\"@id\":\"https:\\\/\\\/ranoja.ee\\\/#\\\/schema\\\/logo\\\/image\\\/\",\"url\":\"https:\\\/\\\/ranoja.ee\\\/wp-content\\\/uploads\\\/2023\\\/11\\\/ranoja-Logo.png\",\"contentUrl\":\"https:\\\/\\\/ranoja.ee\\\/wp-content\\\/uploads\\\/2023\\\/11\\\/ranoja-Logo.png\",\"width\":207,\"height\":58,\"caption\":\"Ranoja O\u00dc\"},\"image\":{\"@id\":\"https:\\\/\\\/ranoja.ee\\\/#\\\/schema\\\/logo\\\/image\\\/\"},\"sameAs\":[\"https:\\\/\\\/www.facebook.com\\\/ranoja.ee\",\"https:\\\/\\\/www.instagram.com\\\/ranoja__\\\/\"]}]}<\/script>\n<!-- \/ Yoast SEO plugin. -->","yoast_head_json":{"title":"Lumag diiselmootoriga minikallur VH500DA","description":"Lumag diiselmootoriga minikallur VH500DA Minikalluri laiad kummist roomikud tagavad kindla ja hea haardumise erinevatel pinnastel.","robots":{"index":"index","follow":"follow","max-snippet":"max-snippet:-1","max-image-preview":"max-image-preview:large","max-video-preview":"max-video-preview:-1"},"canonical":"https:\/\/ranoja.ee\/toode\/lumag-diiselmootoriga-minikallur-vh500da\/","og_locale":"en_US","og_type":"article","og_title":"Lumag diiselmootoriga minikallur VH500DA","og_description":"Lumag diiselmootoriga minikallur VH500DA Minikalluri laiad kummist roomikud tagavad kindla ja hea haardumise erinevatel pinnastel.","og_url":"https:\/\/ranoja.ee\/toode\/lumag-diiselmootoriga-minikallur-vh500da\/","og_site_name":"Ranoja","article_publisher":"https:\/\/www.facebook.com\/ranoja.ee","article_modified_time":"2026-02-10T13:46:31+00:00","og_image":[{"width":1500,"height":1500,"url":"https:\/\/ranoja.ee\/wp-content\/uploads\/2026\/02\/Lumag-diiselmootoriga-minikallur-VH500DA.png","type":"image\/png"}],"twitter_card":"summary_large_image","twitter_misc":{"Est. reading time":"2 minutes"},"schema":{"@context":"https:\/\/schema.org","@graph":[{"@type":"WebPage","@id":"https:\/\/ranoja.ee\/toode\/lumag-diiselmootoriga-minikallur-vh500da\/","url":"https:\/\/ranoja.ee\/toode\/lumag-diiselmootoriga-minikallur-vh500da\/","name":"Lumag diiselmootoriga minikallur VH500DA","isPartOf":{"@id":"https:\/\/ranoja.ee\/#website"},"primaryImageOfPage":{"@id":"https:\/\/ranoja.ee\/toode\/lumag-diiselmootoriga-minikallur-vh500da\/#primaryimage"},"image":{"@id":"https:\/\/ranoja.ee\/toode\/lumag-diiselmootoriga-minikallur-vh500da\/#primaryimage"},"thumbnailUrl":"https:\/\/ranoja.ee\/wp-content\/uploads\/2026\/02\/Lumag-diiselmootoriga-minikallur-VH500DA.png","datePublished":"2026-02-10T12:45:00+00:00","dateModified":"2026-02-10T13:46:31+00:00","description":"Lumag diiselmootoriga minikallur VH500DA Minikalluri laiad kummist roomikud tagavad kindla ja hea haardumise erinevatel pinnastel.","breadcrumb":{"@id":"https:\/\/ranoja.ee\/toode\/lumag-diiselmootoriga-minikallur-vh500da\/#breadcrumb"},"inLanguage":"en-US","potentialAction":[{"@type":"ReadAction","target":["https:\/\/ranoja.ee\/toode\/lumag-diiselmootoriga-minikallur-vh500da\/"]}]},{"@type":"ImageObject","inLanguage":"en-US","@id":"https:\/\/ranoja.ee\/toode\/lumag-diiselmootoriga-minikallur-vh500da\/#primaryimage","url":"https:\/\/ranoja.ee\/wp-content\/uploads\/2026\/02\/Lumag-diiselmootoriga-minikallur-VH500DA.png","contentUrl":"https:\/\/ranoja.ee\/wp-content\/uploads\/2026\/02\/Lumag-diiselmootoriga-minikallur-VH500DA.png","width":1500,"height":1500,"caption":"Lumag diiselmootoriga minikallur VH500DA"},{"@type":"BreadcrumbList","@id":"https:\/\/ranoja.ee\/toode\/lumag-diiselmootoriga-minikallur-vh500da\/#breadcrumb","itemListElement":[{"@type":"ListItem","position":1,"name":"Home","item":"https:\/\/ranoja.ee\/"},{"@type":"ListItem","position":2,"name":"Shop","item":"https:\/\/ranoja.ee\/en\/shop\/"},{"@type":"ListItem","position":3,"name":"Lumag diiselmootoriga minikallur VH500DA"}]},{"@type":"WebSite","@id":"https:\/\/ranoja.ee\/#website","url":"https:\/\/ranoja.ee\/","name":"Ranoja","description":"Equipment Shop WooCommerce WordPress Theme for Machine &amp; Tools","publisher":{"@id":"https:\/\/ranoja.ee\/#organization"},"potentialAction":[{"@type":"SearchAction","target":{"@type":"EntryPoint","urlTemplate":"https:\/\/ranoja.ee\/?s={search_term_string}"},"query-input":{"@type":"PropertyValueSpecification","valueRequired":true,"valueName":"search_term_string"}}],"inLanguage":"en-US"},{"@type":"Organization","@id":"https:\/\/ranoja.ee\/#organization","name":"Ranoja O\u00dc","url":"https:\/\/ranoja.ee\/","logo":{"@type":"ImageObject","inLanguage":"en-US","@id":"https:\/\/ranoja.ee\/#\/schema\/logo\/image\/","url":"https:\/\/ranoja.ee\/wp-content\/uploads\/2023\/11\/ranoja-Logo.png","contentUrl":"https:\/\/ranoja.ee\/wp-content\/uploads\/2023\/11\/ranoja-Logo.png","width":207,"height":58,"caption":"Ranoja O\u00dc"},"image":{"@id":"https:\/\/ranoja.ee\/#\/schema\/logo\/image\/"},"sameAs":["https:\/\/www.facebook.com\/ranoja.ee","https:\/\/www.instagram.com\/ranoja__\/"]}]}},"_links":{"self":[{"href":"https:\/\/ranoja.ee\/en\/wp-json\/wp\/v2\/product\/31235","targetHints":{"allow":["GET"]}}],"collection":[{"href":"https:\/\/ranoja.ee\/en\/wp-json\/wp\/v2\/product"}],"about":[{"href":"https:\/\/ranoja.ee\/en\/wp-json\/wp\/v2\/types\/product"}],"wp:featuredmedia":[{"embeddable":true,"href":"https:\/\/ranoja.ee\/en\/wp-json\/wp\/v2\/media\/31244"}],"wp:attachment":[{"href":"https:\/\/ranoja.ee\/en\/wp-json\/wp\/v2\/media?parent=31235"}],"wp:term":[{"taxonomy":"product_cat","embeddable":true,"href":"https:\/\/ranoja.ee\/en\/wp-json\/wp\/v2\/product_cat?post=31235"},{"taxonomy":"product_tag","embeddable":true,"href":"https:\/\/ranoja.ee\/en\/wp-json\/wp\/v2\/product_tag?post=31235"}],"curies":[{"name":"wp","href":"https:\/\/api.w.org\/{rel}","templated":true}]}}