{"id":31220,"date":"2026-02-10T15:17:20","date_gmt":"2026-02-10T12:17:20","guid":{"rendered":"https:\/\/ranoja.ee\/?post_type=product&#038;p=31220"},"modified":"2026-02-10T15:30:46","modified_gmt":"2026-02-10T12:30:46","slug":"nuuk-e-line-duo-black-led-bar-2x10%e2%80%b3","status":"publish","type":"product","link":"https:\/\/ranoja.ee\/en\/toode\/nuuk-e-line-duo-black-led-bar-2x10%e2%80%b3\/","title":{"rendered":"NUUK E-LINE DUO BLACK LED BAR 2X10\u2033"},"content":{"rendered":"<p>NUUK E-LINE DUO BLACK LED BAR 2X10\u2033<\/p>\n<p>Paranda oma \u00f6ist s\u00f5itu 8350 tegeliku luumeni ja 440-meetrise vaateulatusega 1 luksi juures. Nuuk E-Line Duo Blackil on optimeeritud valgusvihk ja 5000 K v\u00e4rvitemperatuur, mis parandab oluliselt n\u00e4htavust nii ette- kui ka k\u00fcljele. See on E-heakskiiduga R149, viitenumbriga 2&#215;20 ja seda kasutatakse pingega 9-36 V. See topeltvalgusallikas on m\u00f5nes Euroopa riigis n\u00f5utav. Madal energiatarve, vaid 108 W, muudab selle sobivaks elektriautodele ja integreeritud numbrim\u00e4rgi hoidik tagab, et seda saab paigaldada ilma teie s\u00f5idukit tarbetult m\u00f5jutamata. Lihtsalt vahetage oma numbrim\u00e4rgi hoidik Nuuk E-Line Duo vastu. Sellel on uus must l\u00e4\u00e4ts, mis annab sujuva v\u00e4limuse, mis sulandub iga s\u00f5idukiga. Uuenduslik disain ja lihtne paigaldus tagavad, et iga juht saab m\u00e4rkimisv\u00e4\u00e4rse ohutuse ja n\u00e4htavuse paranemise&#8230;.<\/p>\n<p>NUUK E-LINE DUO BLACK LED BAR 2X10\u2033<\/p>\n","protected":false},"excerpt":{"rendered":"<p>NUUK E-LINE DUO BLACK LED BAR 2X10\u2033<\/p>\n<p>M\u00f5\u00f5tmed: 535.00 x 154.40 x 36.00mm<br \/>\nPinge: 9-36V<br \/>\nLumenid: 9000 lm<br \/>\nLumenid (m\u00f5\u00f5detud): 8100 lm<br \/>\nV\u00f5imsus: 110W W<br \/>\nReferentsarv: 40<br \/>\nV\u00e4rvitemperatuur: 5000 K<br \/>\nKaugus, 1 lux: 438 m<br \/>\nJuhtme pikkus: 2,50 m<br \/>\nIP klassifikatsioon: IP68\/69K<br \/>\nSertifikaadid: ECE R10, R149<br \/>\nKirjeldus: ref. 20+20<\/p>\n<p><strong>Eeldatav tarneaeg 1-7 t\u00f6\u00f6p\u00e4eva<\/strong><\/p>\n","protected":false},"featured_media":31221,"template":"","meta":{"inline_featured_image":false},"product_cat":[1116,1117,895],"product_tag":[1195,650,649,3530,1194],"class_list":{"0":"post-31220","1":"product","2":"type-product","3":"status-publish","4":"has-post-thumbnail","6":"product_brand-strands","7":"product_cat-lisaseadmed-ehitusseadmed-led-lisatuled-cb-raadiod-lallar","8":"product_cat-lisatuled","9":"product_cat-parimad-pakkumised-aiatehnikale-ja-ehitustehnikale","10":"product_tag-intregeeritud-kaugtuli","11":"product_tag-kaugtuli","12":"product_tag-lisatuli","13":"product_tag-nuuk","14":"product_tag-strands","16":"first","17":"instock","18":"sale","19":"taxable","20":"shipping-taxable","21":"purchasable","22":"product-type-simple"},"yoast_head":"<!-- This site is optimized with the Yoast SEO plugin v27.4 - https:\/\/yoast.com\/product\/yoast-seo-wordpress\/ -->\n<title>NUUK E-LINE DUO BLACK LED BAR 2X10\u2033<\/title>\n<meta name=\"description\" content=\"NUUK E-LINE DUO BLACK LED BAR 2X10\u2033 - Lumenid (m\u00f5\u00f5detud): 8100 lmV\u00f5imsus: 110W WReferentsarv: 40 - Strands listuli koos numbrialusega\" \/>\n<meta name=\"robots\" content=\"index, follow, max-snippet:-1, max-image-preview:large, max-video-preview:-1\" \/>\n<link rel=\"canonical\" href=\"https:\/\/ranoja.ee\/toode\/nuuk-e-line-duo-black-led-bar-2x10\u2033\/\" \/>\n<meta property=\"og:locale\" content=\"en_US\" \/>\n<meta property=\"og:type\" content=\"article\" \/>\n<meta property=\"og:title\" content=\"NUUK E-LINE DUO BLACK LED BAR 2X10\u2033\" \/>\n<meta property=\"og:description\" content=\"NUUK E-LINE DUO BLACK LED BAR 2X10\u2033 - Lumenid (m\u00f5\u00f5detud): 8100 lmV\u00f5imsus: 110W WReferentsarv: 40 - Strands listuli koos numbrialusega\" \/>\n<meta property=\"og:url\" content=\"https:\/\/ranoja.ee\/toode\/nuuk-e-line-duo-black-led-bar-2x10\u2033\/\" \/>\n<meta property=\"og:site_name\" content=\"Ranoja\" \/>\n<meta property=\"article:publisher\" content=\"https:\/\/www.facebook.com\/ranoja.ee\" \/>\n<meta property=\"article:modified_time\" content=\"2026-02-10T12:30:46+00:00\" \/>\n<meta property=\"og:image\" content=\"https:\/\/ranoja.ee\/wp-content\/uploads\/2026\/02\/NUUK-E-LINE-DUO-BLACK-LED-BAR-2X10\u2033.jpg\" \/>\n\t<meta property=\"og:image:width\" content=\"800\" \/>\n\t<meta property=\"og:image:height\" content=\"600\" \/>\n\t<meta property=\"og:image:type\" content=\"image\/jpeg\" \/>\n<meta name=\"twitter:card\" content=\"summary_large_image\" \/>\n<meta name=\"twitter:label1\" content=\"Est. reading time\" \/>\n\t<meta name=\"twitter:data1\" content=\"1 minute\" \/>\n<script type=\"application\/ld+json\" class=\"yoast-schema-graph\">{\"@context\":\"https:\\\/\\\/schema.org\",\"@graph\":[{\"@type\":\"WebPage\",\"@id\":\"https:\\\/\\\/ranoja.ee\\\/toode\\\/nuuk-e-line-duo-black-led-bar-2x10%e2%80%b3\\\/\",\"url\":\"https:\\\/\\\/ranoja.ee\\\/toode\\\/nuuk-e-line-duo-black-led-bar-2x10%e2%80%b3\\\/\",\"name\":\"NUUK E-LINE DUO BLACK LED BAR 2X10\u2033\",\"isPartOf\":{\"@id\":\"https:\\\/\\\/ranoja.ee\\\/#website\"},\"primaryImageOfPage\":{\"@id\":\"https:\\\/\\\/ranoja.ee\\\/toode\\\/nuuk-e-line-duo-black-led-bar-2x10%e2%80%b3\\\/#primaryimage\"},\"image\":{\"@id\":\"https:\\\/\\\/ranoja.ee\\\/toode\\\/nuuk-e-line-duo-black-led-bar-2x10%e2%80%b3\\\/#primaryimage\"},\"thumbnailUrl\":\"https:\\\/\\\/ranoja.ee\\\/wp-content\\\/uploads\\\/2026\\\/02\\\/NUUK-E-LINE-DUO-BLACK-LED-BAR-2X10\u2033.jpg\",\"datePublished\":\"2026-02-10T12:17:20+00:00\",\"dateModified\":\"2026-02-10T12:30:46+00:00\",\"description\":\"NUUK E-LINE DUO BLACK LED BAR 2X10\u2033 - Lumenid (m\u00f5\u00f5detud): 8100 lmV\u00f5imsus: 110W WReferentsarv: 40 - Strands listuli koos numbrialusega\",\"breadcrumb\":{\"@id\":\"https:\\\/\\\/ranoja.ee\\\/toode\\\/nuuk-e-line-duo-black-led-bar-2x10%e2%80%b3\\\/#breadcrumb\"},\"inLanguage\":\"en-US\",\"potentialAction\":[{\"@type\":\"ReadAction\",\"target\":[\"https:\\\/\\\/ranoja.ee\\\/toode\\\/nuuk-e-line-duo-black-led-bar-2x10%e2%80%b3\\\/\"]}]},{\"@type\":\"ImageObject\",\"inLanguage\":\"en-US\",\"@id\":\"https:\\\/\\\/ranoja.ee\\\/toode\\\/nuuk-e-line-duo-black-led-bar-2x10%e2%80%b3\\\/#primaryimage\",\"url\":\"https:\\\/\\\/ranoja.ee\\\/wp-content\\\/uploads\\\/2026\\\/02\\\/NUUK-E-LINE-DUO-BLACK-LED-BAR-2X10\u2033.jpg\",\"contentUrl\":\"https:\\\/\\\/ranoja.ee\\\/wp-content\\\/uploads\\\/2026\\\/02\\\/NUUK-E-LINE-DUO-BLACK-LED-BAR-2X10\u2033.jpg\",\"width\":800,\"height\":600,\"caption\":\"NUUK E-LINE DUO BLACK LED BAR 2X10\u2033\"},{\"@type\":\"BreadcrumbList\",\"@id\":\"https:\\\/\\\/ranoja.ee\\\/toode\\\/nuuk-e-line-duo-black-led-bar-2x10%e2%80%b3\\\/#breadcrumb\",\"itemListElement\":[{\"@type\":\"ListItem\",\"position\":1,\"name\":\"Home\",\"item\":\"https:\\\/\\\/ranoja.ee\\\/\"},{\"@type\":\"ListItem\",\"position\":2,\"name\":\"Shop\",\"item\":\"https:\\\/\\\/ranoja.ee\\\/en\\\/shop\\\/\"},{\"@type\":\"ListItem\",\"position\":3,\"name\":\"NUUK E-LINE DUO BLACK LED BAR 2X10\u2033\"}]},{\"@type\":\"WebSite\",\"@id\":\"https:\\\/\\\/ranoja.ee\\\/#website\",\"url\":\"https:\\\/\\\/ranoja.ee\\\/\",\"name\":\"Ranoja\",\"description\":\"Equipment Shop WooCommerce WordPress Theme for Machine &amp; Tools\",\"publisher\":{\"@id\":\"https:\\\/\\\/ranoja.ee\\\/#organization\"},\"potentialAction\":[{\"@type\":\"SearchAction\",\"target\":{\"@type\":\"EntryPoint\",\"urlTemplate\":\"https:\\\/\\\/ranoja.ee\\\/?s={search_term_string}\"},\"query-input\":{\"@type\":\"PropertyValueSpecification\",\"valueRequired\":true,\"valueName\":\"search_term_string\"}}],\"inLanguage\":\"en-US\"},{\"@type\":\"Organization\",\"@id\":\"https:\\\/\\\/ranoja.ee\\\/#organization\",\"name\":\"Ranoja O\u00dc\",\"url\":\"https:\\\/\\\/ranoja.ee\\\/\",\"logo\":{\"@type\":\"ImageObject\",\"inLanguage\":\"en-US\",\"@id\":\"https:\\\/\\\/ranoja.ee\\\/#\\\/schema\\\/logo\\\/image\\\/\",\"url\":\"https:\\\/\\\/ranoja.ee\\\/wp-content\\\/uploads\\\/2023\\\/11\\\/ranoja-Logo.png\",\"contentUrl\":\"https:\\\/\\\/ranoja.ee\\\/wp-content\\\/uploads\\\/2023\\\/11\\\/ranoja-Logo.png\",\"width\":207,\"height\":58,\"caption\":\"Ranoja O\u00dc\"},\"image\":{\"@id\":\"https:\\\/\\\/ranoja.ee\\\/#\\\/schema\\\/logo\\\/image\\\/\"},\"sameAs\":[\"https:\\\/\\\/www.facebook.com\\\/ranoja.ee\",\"https:\\\/\\\/www.instagram.com\\\/ranoja__\\\/\"]}]}<\/script>\n<!-- \/ Yoast SEO plugin. -->","yoast_head_json":{"title":"NUUK E-LINE DUO BLACK LED BAR 2X10\u2033","description":"NUUK E-LINE DUO BLACK LED BAR 2X10\u2033 - Lumenid (m\u00f5\u00f5detud): 8100 lmV\u00f5imsus: 110W WReferentsarv: 40 - Strands listuli koos numbrialusega","robots":{"index":"index","follow":"follow","max-snippet":"max-snippet:-1","max-image-preview":"max-image-preview:large","max-video-preview":"max-video-preview:-1"},"canonical":"https:\/\/ranoja.ee\/toode\/nuuk-e-line-duo-black-led-bar-2x10\u2033\/","og_locale":"en_US","og_type":"article","og_title":"NUUK E-LINE DUO BLACK LED BAR 2X10\u2033","og_description":"NUUK E-LINE DUO BLACK LED BAR 2X10\u2033 - Lumenid (m\u00f5\u00f5detud): 8100 lmV\u00f5imsus: 110W WReferentsarv: 40 - Strands listuli koos numbrialusega","og_url":"https:\/\/ranoja.ee\/toode\/nuuk-e-line-duo-black-led-bar-2x10\u2033\/","og_site_name":"Ranoja","article_publisher":"https:\/\/www.facebook.com\/ranoja.ee","article_modified_time":"2026-02-10T12:30:46+00:00","og_image":[{"width":800,"height":600,"url":"https:\/\/ranoja.ee\/wp-content\/uploads\/2026\/02\/NUUK-E-LINE-DUO-BLACK-LED-BAR-2X10\u2033.jpg","type":"image\/jpeg"}],"twitter_card":"summary_large_image","twitter_misc":{"Est. reading time":"1 minute"},"schema":{"@context":"https:\/\/schema.org","@graph":[{"@type":"WebPage","@id":"https:\/\/ranoja.ee\/toode\/nuuk-e-line-duo-black-led-bar-2x10%e2%80%b3\/","url":"https:\/\/ranoja.ee\/toode\/nuuk-e-line-duo-black-led-bar-2x10%e2%80%b3\/","name":"NUUK E-LINE DUO BLACK LED BAR 2X10\u2033","isPartOf":{"@id":"https:\/\/ranoja.ee\/#website"},"primaryImageOfPage":{"@id":"https:\/\/ranoja.ee\/toode\/nuuk-e-line-duo-black-led-bar-2x10%e2%80%b3\/#primaryimage"},"image":{"@id":"https:\/\/ranoja.ee\/toode\/nuuk-e-line-duo-black-led-bar-2x10%e2%80%b3\/#primaryimage"},"thumbnailUrl":"https:\/\/ranoja.ee\/wp-content\/uploads\/2026\/02\/NUUK-E-LINE-DUO-BLACK-LED-BAR-2X10\u2033.jpg","datePublished":"2026-02-10T12:17:20+00:00","dateModified":"2026-02-10T12:30:46+00:00","description":"NUUK E-LINE DUO BLACK LED BAR 2X10\u2033 - Lumenid (m\u00f5\u00f5detud): 8100 lmV\u00f5imsus: 110W WReferentsarv: 40 - Strands listuli koos numbrialusega","breadcrumb":{"@id":"https:\/\/ranoja.ee\/toode\/nuuk-e-line-duo-black-led-bar-2x10%e2%80%b3\/#breadcrumb"},"inLanguage":"en-US","potentialAction":[{"@type":"ReadAction","target":["https:\/\/ranoja.ee\/toode\/nuuk-e-line-duo-black-led-bar-2x10%e2%80%b3\/"]}]},{"@type":"ImageObject","inLanguage":"en-US","@id":"https:\/\/ranoja.ee\/toode\/nuuk-e-line-duo-black-led-bar-2x10%e2%80%b3\/#primaryimage","url":"https:\/\/ranoja.ee\/wp-content\/uploads\/2026\/02\/NUUK-E-LINE-DUO-BLACK-LED-BAR-2X10\u2033.jpg","contentUrl":"https:\/\/ranoja.ee\/wp-content\/uploads\/2026\/02\/NUUK-E-LINE-DUO-BLACK-LED-BAR-2X10\u2033.jpg","width":800,"height":600,"caption":"NUUK E-LINE DUO BLACK LED BAR 2X10\u2033"},{"@type":"BreadcrumbList","@id":"https:\/\/ranoja.ee\/toode\/nuuk-e-line-duo-black-led-bar-2x10%e2%80%b3\/#breadcrumb","itemListElement":[{"@type":"ListItem","position":1,"name":"Home","item":"https:\/\/ranoja.ee\/"},{"@type":"ListItem","position":2,"name":"Shop","item":"https:\/\/ranoja.ee\/en\/shop\/"},{"@type":"ListItem","position":3,"name":"NUUK E-LINE DUO BLACK LED BAR 2X10\u2033"}]},{"@type":"WebSite","@id":"https:\/\/ranoja.ee\/#website","url":"https:\/\/ranoja.ee\/","name":"Ranoja","description":"Equipment Shop WooCommerce WordPress Theme for Machine &amp; Tools","publisher":{"@id":"https:\/\/ranoja.ee\/#organization"},"potentialAction":[{"@type":"SearchAction","target":{"@type":"EntryPoint","urlTemplate":"https:\/\/ranoja.ee\/?s={search_term_string}"},"query-input":{"@type":"PropertyValueSpecification","valueRequired":true,"valueName":"search_term_string"}}],"inLanguage":"en-US"},{"@type":"Organization","@id":"https:\/\/ranoja.ee\/#organization","name":"Ranoja O\u00dc","url":"https:\/\/ranoja.ee\/","logo":{"@type":"ImageObject","inLanguage":"en-US","@id":"https:\/\/ranoja.ee\/#\/schema\/logo\/image\/","url":"https:\/\/ranoja.ee\/wp-content\/uploads\/2023\/11\/ranoja-Logo.png","contentUrl":"https:\/\/ranoja.ee\/wp-content\/uploads\/2023\/11\/ranoja-Logo.png","width":207,"height":58,"caption":"Ranoja O\u00dc"},"image":{"@id":"https:\/\/ranoja.ee\/#\/schema\/logo\/image\/"},"sameAs":["https:\/\/www.facebook.com\/ranoja.ee","https:\/\/www.instagram.com\/ranoja__\/"]}]}},"_links":{"self":[{"href":"https:\/\/ranoja.ee\/en\/wp-json\/wp\/v2\/product\/31220","targetHints":{"allow":["GET"]}}],"collection":[{"href":"https:\/\/ranoja.ee\/en\/wp-json\/wp\/v2\/product"}],"about":[{"href":"https:\/\/ranoja.ee\/en\/wp-json\/wp\/v2\/types\/product"}],"wp:featuredmedia":[{"embeddable":true,"href":"https:\/\/ranoja.ee\/en\/wp-json\/wp\/v2\/media\/31221"}],"wp:attachment":[{"href":"https:\/\/ranoja.ee\/en\/wp-json\/wp\/v2\/media?parent=31220"}],"wp:term":[{"taxonomy":"product_cat","embeddable":true,"href":"https:\/\/ranoja.ee\/en\/wp-json\/wp\/v2\/product_cat?post=31220"},{"taxonomy":"product_tag","embeddable":true,"href":"https:\/\/ranoja.ee\/en\/wp-json\/wp\/v2\/product_tag?post=31220"}],"curies":[{"name":"wp","href":"https:\/\/api.w.org\/{rel}","templated":true}]}}