{"id":31182,"date":"2026-02-10T14:54:00","date_gmt":"2026-02-10T11:54:00","guid":{"rendered":"https:\/\/ranoja.ee\/?post_type=product&#038;p=31182"},"modified":"2026-02-10T15:43:26","modified_gmt":"2026-02-10T12:43:26","slug":"lumag-bensiinimootoriga-minikallur-vh500a","status":"publish","type":"product","link":"https:\/\/ranoja.ee\/en\/toode\/lumag-bensiinimootoriga-minikallur-vh500a\/","title":{"rendered":"Lumag bensiinimootoriga minikallur VH500A"},"content":{"rendered":"<p>Lumag bensiinimootoriga minikallur VH500A<\/p>\n<p>VH500A bensiinimootoriga minikallur on v\u00f5imas ja usaldusv\u00e4\u00e4rne minikallur, mis on m\u00f5eldud raske materjali transportimiseks ja kiireks mahalaadimiseks erinevates t\u00f6\u00f6tingimustes. Olgu see siis ehitusplats, aed v\u00f5i p\u00f5llumajanduslik ala. See masin \u00fchendab endas tugeva j\u00f5udluse, hea stabiilsuse ja lihtsa k\u00e4sitsemise, muutes raskete koormate liigutamise oluliselt efektiivsemaks kui k\u00e4sitsi tehtav t\u00f6\u00f6.<\/p>\n<p>VH500A t\u00f6\u00f6tab 1-silindrilise 4-taktilise bensiinimootoriga Loncin, mille t\u00f6\u00f6maht on umbes 252 cm\u00b3 ja v\u00f5imsus ligikaudu 5.2 kW (7 hj). Mootor k\u00e4ivitub k\u00e4sitsi ning annab piisava j\u00f5u, et t\u00f5sta ja transportida kuni 500 kg raskusi l\u00e4bi erinevate maastike.<\/p>\n<p>H\u00fcdrostaatiline ajam tagab sujuva ja tugeva liikumise, masin liigub nii ette kui taha ilma keerulise k\u00e4igukastita. Roomikud annavad suurep\u00e4rase haardumise libedal, mudasel v\u00f5i ebatasasel pinnasel ja hoiavad masina stabiilsena ka k\u00fcnklikul maastikul.<\/p>\n<p>Masina kast on kallutatav h\u00fcdrauliliselt, tehes materjali t\u00fchjendamise kiireks ja v\u00e4hese pingutusega. Oluline eelis raskemate v\u00f5i tihkete koormate puhul. Kallutusmehhanism ja t\u00e4ielik h\u00fcdrauliline juhtimine muudavad masina kasutamise intuitiivseks ja t\u00f5husaks.<\/p>\n<p>VH500A m\u00f5\u00f5tmed on kompaktsed (laius ~73 cm), mis v\u00f5imaldab sel l\u00e4bida kitsaid v\u00e4ravaid ja radu, kuhu suuremad masinad ei mahu. Samuti on seadmel t\u00e4ielikult h\u00fcdrauliline roolis\u00fcsteem ja kontrollventiilid, mis pakuvad head man\u00f6\u00f6verdusv\u00f5imet.<\/p>\n<p>Lumag bensiinimootoriga minikallur VH500A<\/p>\n","protected":false},"excerpt":{"rendered":"<p>Lumag bensiinimootoriga minikallur VH500A<br \/>\nMootor: 1-silindriline 4-taktiline OHV LONCIN mootor<br \/>\nMootori t\u00f6\u00f6maht: 252 cm\u00b3<br \/>\nJ\u00f5udlus: 5.2 kW<br \/>\nMaksimaalne p\u00f6\u00f6rete kiirust: 3600 p\/min<br \/>\nK\u00e4ivitusseadistus: Tagasil\u00f6\u00f6giga starter<br \/>\nMinikalluri juhtimine: T\u00e4ish\u00fcdrauliline<br \/>\nKallutava kasti m\u00f5\u00f5tmed P x L x K: 855 \u00d7 680 \u00d7 550 mm<br \/>\nKallutusseade: H\u00fcdrauliliselt juhitav, ettepoole kallutatav<br \/>\nH\u00fcdraulilised pumbad: 2 x 10 l\/min 3000 p\/min juures<br \/>\nMaksimaalne t\u00f6\u00f6r\u00f5hk: 180 bar<br \/>\nH\u00fcdraulilised mootorid: Maksimaalse p\u00f6\u00f6rdemomendiga 720 Nm r\u00f5hul 180 baari<br \/>\nT\u00f6\u00f6kiirus h\u00fcdrostaatiline edasi ja tagasi: Maksimaalne 4.5 ja 3.2 km\/h<br \/>\nRoomiku m\u00f5\u00f5tmed: K\u00f5rgus 255 mm ja laius 180 mm<br \/>\nM\u00f5\u00f5tmed (P x L x K): 1495 x 735 x 1224 mm<br \/>\nMasina t\u00fchikaal: 310 kg<br \/>\nMaksimaalne kandev\u00f5ime: 500 kg<br \/>\nMaksimaalne ronimisv\u00f5ime: 15\u00b0<br \/>\nKliirens: 65 mm<br \/>\nTootja: Lumag<br \/>\nMudel: VH500A<br \/>\nTootekood: VH 500A<br \/>\nKaal: 310 kg<br \/>\n<strong>Eeldatav tarneaeg 2-3 n\u00e4dalat<\/strong><\/p>\n","protected":false},"featured_media":31192,"template":"","meta":{"inline_featured_image":false},"product_cat":[1090,99],"product_tag":[3534,134,3531,3484,346,3533,3532],"class_list":{"0":"post-31182","1":"product","2":"type-product","3":"status-publish","4":"has-post-thumbnail","6":"product_brand-lumag","7":"product_cat-ehitustehnika","8":"product_cat-minikallurid","9":"product_tag-bensiinimootoriga-minikallur","10":"product_tag-lumag","11":"product_tag-lumag-bensiinimootoriga-minikallur-vh500a","12":"product_tag-mini-dumper","13":"product_tag-minikallur","14":"product_tag-vh-500a","15":"product_tag-vh500a","17":"first","18":"onbackorder","19":"taxable","20":"shipping-taxable","21":"purchasable","22":"product-type-simple"},"yoast_head":"<!-- This site is optimized with the Yoast SEO plugin v27.4 - https:\/\/yoast.com\/product\/yoast-seo-wordpress\/ -->\n<title>Lumag bensiinimootoriga minikallur VH500A<\/title>\n<meta name=\"description\" content=\"Lumag bensiinimootoriga minikallur VH500A V\u00f5imas ja usaldusv\u00e4\u00e4rne minikallur, mis on m\u00f5eldud raskete materjalide transportimiseks.\" \/>\n<meta name=\"robots\" content=\"index, follow, max-snippet:-1, max-image-preview:large, max-video-preview:-1\" \/>\n<link rel=\"canonical\" href=\"https:\/\/ranoja.ee\/toode\/lumag-bensiinimootoriga-minikallur-vh500a\/\" \/>\n<meta property=\"og:locale\" content=\"en_US\" \/>\n<meta property=\"og:type\" content=\"article\" \/>\n<meta property=\"og:title\" content=\"Lumag bensiinimootoriga minikallur VH500A\" \/>\n<meta property=\"og:description\" content=\"Lumag bensiinimootoriga minikallur VH500A V\u00f5imas ja usaldusv\u00e4\u00e4rne minikallur, mis on m\u00f5eldud raskete materjalide transportimiseks.\" \/>\n<meta property=\"og:url\" content=\"https:\/\/ranoja.ee\/toode\/lumag-bensiinimootoriga-minikallur-vh500a\/\" \/>\n<meta property=\"og:site_name\" content=\"Ranoja\" \/>\n<meta property=\"article:publisher\" content=\"https:\/\/www.facebook.com\/ranoja.ee\" \/>\n<meta property=\"article:modified_time\" content=\"2026-02-10T12:43:26+00:00\" \/>\n<meta property=\"og:image\" content=\"https:\/\/ranoja.ee\/wp-content\/uploads\/2026\/02\/Lumag-bensiinimootoriga-minikallur-VH500A.png\" \/>\n\t<meta property=\"og:image:width\" content=\"1500\" \/>\n\t<meta property=\"og:image:height\" content=\"1500\" \/>\n\t<meta property=\"og:image:type\" content=\"image\/png\" \/>\n<meta name=\"twitter:card\" content=\"summary_large_image\" \/>\n<meta name=\"twitter:label1\" content=\"Est. reading time\" \/>\n\t<meta name=\"twitter:data1\" content=\"2 minutes\" \/>\n<script type=\"application\/ld+json\" class=\"yoast-schema-graph\">{\"@context\":\"https:\\\/\\\/schema.org\",\"@graph\":[{\"@type\":\"WebPage\",\"@id\":\"https:\\\/\\\/ranoja.ee\\\/toode\\\/lumag-bensiinimootoriga-minikallur-vh500a\\\/\",\"url\":\"https:\\\/\\\/ranoja.ee\\\/toode\\\/lumag-bensiinimootoriga-minikallur-vh500a\\\/\",\"name\":\"Lumag bensiinimootoriga minikallur VH500A\",\"isPartOf\":{\"@id\":\"https:\\\/\\\/ranoja.ee\\\/#website\"},\"primaryImageOfPage\":{\"@id\":\"https:\\\/\\\/ranoja.ee\\\/toode\\\/lumag-bensiinimootoriga-minikallur-vh500a\\\/#primaryimage\"},\"image\":{\"@id\":\"https:\\\/\\\/ranoja.ee\\\/toode\\\/lumag-bensiinimootoriga-minikallur-vh500a\\\/#primaryimage\"},\"thumbnailUrl\":\"https:\\\/\\\/ranoja.ee\\\/wp-content\\\/uploads\\\/2026\\\/02\\\/Lumag-bensiinimootoriga-minikallur-VH500A.png\",\"datePublished\":\"2026-02-10T11:54:00+00:00\",\"dateModified\":\"2026-02-10T12:43:26+00:00\",\"description\":\"Lumag bensiinimootoriga minikallur VH500A V\u00f5imas ja usaldusv\u00e4\u00e4rne minikallur, mis on m\u00f5eldud raskete materjalide transportimiseks.\",\"breadcrumb\":{\"@id\":\"https:\\\/\\\/ranoja.ee\\\/toode\\\/lumag-bensiinimootoriga-minikallur-vh500a\\\/#breadcrumb\"},\"inLanguage\":\"en-US\",\"potentialAction\":[{\"@type\":\"ReadAction\",\"target\":[\"https:\\\/\\\/ranoja.ee\\\/toode\\\/lumag-bensiinimootoriga-minikallur-vh500a\\\/\"]}]},{\"@type\":\"ImageObject\",\"inLanguage\":\"en-US\",\"@id\":\"https:\\\/\\\/ranoja.ee\\\/toode\\\/lumag-bensiinimootoriga-minikallur-vh500a\\\/#primaryimage\",\"url\":\"https:\\\/\\\/ranoja.ee\\\/wp-content\\\/uploads\\\/2026\\\/02\\\/Lumag-bensiinimootoriga-minikallur-VH500A.png\",\"contentUrl\":\"https:\\\/\\\/ranoja.ee\\\/wp-content\\\/uploads\\\/2026\\\/02\\\/Lumag-bensiinimootoriga-minikallur-VH500A.png\",\"width\":1500,\"height\":1500,\"caption\":\"Lumag bensiinimootoriga minikallur VH500A\"},{\"@type\":\"BreadcrumbList\",\"@id\":\"https:\\\/\\\/ranoja.ee\\\/toode\\\/lumag-bensiinimootoriga-minikallur-vh500a\\\/#breadcrumb\",\"itemListElement\":[{\"@type\":\"ListItem\",\"position\":1,\"name\":\"Home\",\"item\":\"https:\\\/\\\/ranoja.ee\\\/\"},{\"@type\":\"ListItem\",\"position\":2,\"name\":\"Shop\",\"item\":\"https:\\\/\\\/ranoja.ee\\\/en\\\/shop\\\/\"},{\"@type\":\"ListItem\",\"position\":3,\"name\":\"Lumag bensiinimootoriga minikallur VH500A\"}]},{\"@type\":\"WebSite\",\"@id\":\"https:\\\/\\\/ranoja.ee\\\/#website\",\"url\":\"https:\\\/\\\/ranoja.ee\\\/\",\"name\":\"Ranoja\",\"description\":\"Equipment Shop WooCommerce WordPress Theme for Machine &amp; Tools\",\"publisher\":{\"@id\":\"https:\\\/\\\/ranoja.ee\\\/#organization\"},\"potentialAction\":[{\"@type\":\"SearchAction\",\"target\":{\"@type\":\"EntryPoint\",\"urlTemplate\":\"https:\\\/\\\/ranoja.ee\\\/?s={search_term_string}\"},\"query-input\":{\"@type\":\"PropertyValueSpecification\",\"valueRequired\":true,\"valueName\":\"search_term_string\"}}],\"inLanguage\":\"en-US\"},{\"@type\":\"Organization\",\"@id\":\"https:\\\/\\\/ranoja.ee\\\/#organization\",\"name\":\"Ranoja O\u00dc\",\"url\":\"https:\\\/\\\/ranoja.ee\\\/\",\"logo\":{\"@type\":\"ImageObject\",\"inLanguage\":\"en-US\",\"@id\":\"https:\\\/\\\/ranoja.ee\\\/#\\\/schema\\\/logo\\\/image\\\/\",\"url\":\"https:\\\/\\\/ranoja.ee\\\/wp-content\\\/uploads\\\/2023\\\/11\\\/ranoja-Logo.png\",\"contentUrl\":\"https:\\\/\\\/ranoja.ee\\\/wp-content\\\/uploads\\\/2023\\\/11\\\/ranoja-Logo.png\",\"width\":207,\"height\":58,\"caption\":\"Ranoja O\u00dc\"},\"image\":{\"@id\":\"https:\\\/\\\/ranoja.ee\\\/#\\\/schema\\\/logo\\\/image\\\/\"},\"sameAs\":[\"https:\\\/\\\/www.facebook.com\\\/ranoja.ee\",\"https:\\\/\\\/www.instagram.com\\\/ranoja__\\\/\"]}]}<\/script>\n<!-- \/ Yoast SEO plugin. -->","yoast_head_json":{"title":"Lumag bensiinimootoriga minikallur VH500A","description":"Lumag bensiinimootoriga minikallur VH500A V\u00f5imas ja usaldusv\u00e4\u00e4rne minikallur, mis on m\u00f5eldud raskete materjalide transportimiseks.","robots":{"index":"index","follow":"follow","max-snippet":"max-snippet:-1","max-image-preview":"max-image-preview:large","max-video-preview":"max-video-preview:-1"},"canonical":"https:\/\/ranoja.ee\/toode\/lumag-bensiinimootoriga-minikallur-vh500a\/","og_locale":"en_US","og_type":"article","og_title":"Lumag bensiinimootoriga minikallur VH500A","og_description":"Lumag bensiinimootoriga minikallur VH500A V\u00f5imas ja usaldusv\u00e4\u00e4rne minikallur, mis on m\u00f5eldud raskete materjalide transportimiseks.","og_url":"https:\/\/ranoja.ee\/toode\/lumag-bensiinimootoriga-minikallur-vh500a\/","og_site_name":"Ranoja","article_publisher":"https:\/\/www.facebook.com\/ranoja.ee","article_modified_time":"2026-02-10T12:43:26+00:00","og_image":[{"width":1500,"height":1500,"url":"https:\/\/ranoja.ee\/wp-content\/uploads\/2026\/02\/Lumag-bensiinimootoriga-minikallur-VH500A.png","type":"image\/png"}],"twitter_card":"summary_large_image","twitter_misc":{"Est. reading time":"2 minutes"},"schema":{"@context":"https:\/\/schema.org","@graph":[{"@type":"WebPage","@id":"https:\/\/ranoja.ee\/toode\/lumag-bensiinimootoriga-minikallur-vh500a\/","url":"https:\/\/ranoja.ee\/toode\/lumag-bensiinimootoriga-minikallur-vh500a\/","name":"Lumag bensiinimootoriga minikallur VH500A","isPartOf":{"@id":"https:\/\/ranoja.ee\/#website"},"primaryImageOfPage":{"@id":"https:\/\/ranoja.ee\/toode\/lumag-bensiinimootoriga-minikallur-vh500a\/#primaryimage"},"image":{"@id":"https:\/\/ranoja.ee\/toode\/lumag-bensiinimootoriga-minikallur-vh500a\/#primaryimage"},"thumbnailUrl":"https:\/\/ranoja.ee\/wp-content\/uploads\/2026\/02\/Lumag-bensiinimootoriga-minikallur-VH500A.png","datePublished":"2026-02-10T11:54:00+00:00","dateModified":"2026-02-10T12:43:26+00:00","description":"Lumag bensiinimootoriga minikallur VH500A V\u00f5imas ja usaldusv\u00e4\u00e4rne minikallur, mis on m\u00f5eldud raskete materjalide transportimiseks.","breadcrumb":{"@id":"https:\/\/ranoja.ee\/toode\/lumag-bensiinimootoriga-minikallur-vh500a\/#breadcrumb"},"inLanguage":"en-US","potentialAction":[{"@type":"ReadAction","target":["https:\/\/ranoja.ee\/toode\/lumag-bensiinimootoriga-minikallur-vh500a\/"]}]},{"@type":"ImageObject","inLanguage":"en-US","@id":"https:\/\/ranoja.ee\/toode\/lumag-bensiinimootoriga-minikallur-vh500a\/#primaryimage","url":"https:\/\/ranoja.ee\/wp-content\/uploads\/2026\/02\/Lumag-bensiinimootoriga-minikallur-VH500A.png","contentUrl":"https:\/\/ranoja.ee\/wp-content\/uploads\/2026\/02\/Lumag-bensiinimootoriga-minikallur-VH500A.png","width":1500,"height":1500,"caption":"Lumag bensiinimootoriga minikallur VH500A"},{"@type":"BreadcrumbList","@id":"https:\/\/ranoja.ee\/toode\/lumag-bensiinimootoriga-minikallur-vh500a\/#breadcrumb","itemListElement":[{"@type":"ListItem","position":1,"name":"Home","item":"https:\/\/ranoja.ee\/"},{"@type":"ListItem","position":2,"name":"Shop","item":"https:\/\/ranoja.ee\/en\/shop\/"},{"@type":"ListItem","position":3,"name":"Lumag bensiinimootoriga minikallur VH500A"}]},{"@type":"WebSite","@id":"https:\/\/ranoja.ee\/#website","url":"https:\/\/ranoja.ee\/","name":"Ranoja","description":"Equipment Shop WooCommerce WordPress Theme for Machine &amp; Tools","publisher":{"@id":"https:\/\/ranoja.ee\/#organization"},"potentialAction":[{"@type":"SearchAction","target":{"@type":"EntryPoint","urlTemplate":"https:\/\/ranoja.ee\/?s={search_term_string}"},"query-input":{"@type":"PropertyValueSpecification","valueRequired":true,"valueName":"search_term_string"}}],"inLanguage":"en-US"},{"@type":"Organization","@id":"https:\/\/ranoja.ee\/#organization","name":"Ranoja O\u00dc","url":"https:\/\/ranoja.ee\/","logo":{"@type":"ImageObject","inLanguage":"en-US","@id":"https:\/\/ranoja.ee\/#\/schema\/logo\/image\/","url":"https:\/\/ranoja.ee\/wp-content\/uploads\/2023\/11\/ranoja-Logo.png","contentUrl":"https:\/\/ranoja.ee\/wp-content\/uploads\/2023\/11\/ranoja-Logo.png","width":207,"height":58,"caption":"Ranoja O\u00dc"},"image":{"@id":"https:\/\/ranoja.ee\/#\/schema\/logo\/image\/"},"sameAs":["https:\/\/www.facebook.com\/ranoja.ee","https:\/\/www.instagram.com\/ranoja__\/"]}]}},"_links":{"self":[{"href":"https:\/\/ranoja.ee\/en\/wp-json\/wp\/v2\/product\/31182","targetHints":{"allow":["GET"]}}],"collection":[{"href":"https:\/\/ranoja.ee\/en\/wp-json\/wp\/v2\/product"}],"about":[{"href":"https:\/\/ranoja.ee\/en\/wp-json\/wp\/v2\/types\/product"}],"wp:featuredmedia":[{"embeddable":true,"href":"https:\/\/ranoja.ee\/en\/wp-json\/wp\/v2\/media\/31192"}],"wp:attachment":[{"href":"https:\/\/ranoja.ee\/en\/wp-json\/wp\/v2\/media?parent=31182"}],"wp:term":[{"taxonomy":"product_cat","embeddable":true,"href":"https:\/\/ranoja.ee\/en\/wp-json\/wp\/v2\/product_cat?post=31182"},{"taxonomy":"product_tag","embeddable":true,"href":"https:\/\/ranoja.ee\/en\/wp-json\/wp\/v2\/product_tag?post=31182"}],"curies":[{"name":"wp","href":"https:\/\/api.w.org\/{rel}","templated":true}]}}