{"id":31173,"date":"2026-02-10T11:12:35","date_gmt":"2026-02-10T08:12:35","guid":{"rendered":"https:\/\/ranoja.ee\/?post_type=product&#038;p=31173"},"modified":"2026-02-10T12:24:36","modified_gmt":"2026-02-10T09:24:36","slug":"lumag-kaugjuhtimispuldiga-minikallur-md-500ef-n","status":"publish","type":"product","link":"https:\/\/ranoja.ee\/en\/toode\/lumag-kaugjuhtimispuldiga-minikallur-md-500ef-n\/","title":{"rendered":"Lumag kaugjuhtimispuldiga minikallur MD-500EF\/N"},"content":{"rendered":"<p>Lumag kaugjuhtimispuldiga minikallur MD-500EF\/N <\/p>\n<p>MD-500EF\/N elektriline minikallur kaugjuhtimispuldiga on kaasaegne ja mitmek\u00fclgne aku-toitega minidumper. See \u00fchendab m\u00fcratava- ja heitgaasivaba t\u00f6\u00f6, t\u00f5husa materjaliveo ning innovatiivse kaugjuhtimise mugavuse. See masin on m\u00f5eldud kasutamiseks nii ehitusplatsidel, aiat\u00f6\u00f6del kui ka siseruumides, kus tavalised bensiinimootoriga kallurid ei sobi v\u00f5i kus on vaja t\u00f6\u00f6tada kitsastes oludes ilma m\u00fcrata.<\/p>\n<p>MD-500EF\/N on 100% elektrimootoriga, kus kaks 750 W mootorit annavad kokku 1500 W v\u00f5imsust ning 48 V aku (4\u00d712 V, 52 Ah) tagab t\u00f6\u00f6v\u00f5imsuse kuni umbes 4 tundi \u00fche laadimisega. Aku t\u00e4ielik laadimine v\u00f5tab ligikaudu 8 tundi. Elektriline j\u00f5u\u00fclekanne koos roomikutega tagab hea haardumise ja stabiilsuse erinevatel pindadel, olles samal ajal vaikne ja keskkonnas\u00f5bralik.<\/p>\n<p>\u00dcks mudeli suurimaid eeliseid on kaugjuhtimispult, mille ulatus on kuni umbes 50 m avatud alal. See v\u00f5imaldab operaatoril juhtida dumperi liikumist ja elektrilist kallutust eemalt, ilma et peaks pidevalt masina k\u00f5rval olema, mis parandab ohutust ja efektiivsust eriti kitsastes v\u00f5i ohtlikes kohtades.<\/p>\n<p>MD-500EF\/N-l on maksimaalne kandev\u00f5ime kuni 400 kg, muutes selle sobivaks liiva, mulla, kive, ehitusprahi v\u00f5i muu raske koorma transportimiseks. Laadimisalad on piisava mahutavusega ning kallutusmehhanism t\u00f6\u00f6tab elektriliselt ja astmevabalt, mis lihtsustab materjali t\u00fchjendamist. Lisaks on masin tavaliselt varustatud LED-t\u00f6\u00f6valgustuse ja signaal\u00adhupuga, mis parandab n\u00e4htavust ja ohutust t\u00f6\u00f6 ajal.    <\/p>\n<p>Lumag kaugjuhtimispuldiga minikallur MD-500EF\/N <\/p>\n","protected":false},"excerpt":{"rendered":"<p>Lumag kaugjuhtimispuldiga minikallur MD-500EF\/N<br \/>\nMootor: 1500 W (2 x 750 W)<br \/>\nNimipinge: 48 V<br \/>\nAku: 52 Ah<br \/>\nPidurduss\u00fcsteem: Elektromagnetiline<br \/>\nKallutusfunktsioon: Elektriline, astmevaba, ja ka kaugjuhtimispuldiga juhitav<br \/>\nKaugjuhtimispuldi leviala avatud maastikul: Umbes 50 m<br \/>\nKasti m\u00f5\u00f5tmed P x L x K: 1260 x 700 x 300 mm<br \/>\nKliirens: 120 mm<br \/>\nKandev\u00f5ime: 400 kg<br \/>\nMaksimaalne t\u00f6\u00f6aeg p\u00e4rast laadimist: Umbes 4 h s\u00f5ltuvalt koormusest<br \/>\nLaadimisaeg t\u00e4ielikult t\u00fchjenenud akuga: Umbes 8 h<br \/>\nKiirused: 0 \u2013 5.0 km\/h \/ tagurpidi 0 \u2013 2.5 km\/h<br \/>\nTootja: Lumag<br \/>\nMudel: MD-500EF\/N<br \/>\nTootekood: MD 500EFN<br \/>\nKaal: 295 kg<br \/>\n<strong>Eeldatav tarneaeg 2-3 n\u00e4dalat<\/strong><\/p>\n","protected":false},"featured_media":31180,"template":"","meta":{"inline_featured_image":false},"product_cat":[1090,99],"product_tag":[134,3528,3527,3529,3484,346],"class_list":{"0":"post-31173","1":"product","2":"type-product","3":"status-publish","4":"has-post-thumbnail","6":"product_brand-lumag","7":"product_cat-ehitustehnika","8":"product_cat-minikallurid","9":"product_tag-lumag","10":"product_tag-lumag-kaugjuhtimispuldiga-minikallur-md-500ef-n","11":"product_tag-md-500efn","12":"product_tag-md-500ef-n","13":"product_tag-mini-dumper","14":"product_tag-minikallur","16":"first","17":"onbackorder","18":"taxable","19":"shipping-taxable","20":"purchasable","21":"product-type-simple"},"yoast_head":"<!-- This site is optimized with the Yoast SEO plugin v27.4 - https:\/\/yoast.com\/product\/yoast-seo-wordpress\/ -->\n<title>Lumag kaugjuhtimispuldiga minikallur MD-500EF\/N<\/title>\n<meta name=\"description\" content=\"Lumag kaugjuhtimispuldiga minikallur MD-500EF\/N \u00dcks mudeli suurimaid eeliseid on kaugjuhtimispult, mille ulatus on kuni 50 m avatud alal.\" \/>\n<meta name=\"robots\" content=\"index, follow, max-snippet:-1, max-image-preview:large, max-video-preview:-1\" \/>\n<link rel=\"canonical\" href=\"https:\/\/ranoja.ee\/toode\/lumag-kaugjuhtimispuldiga-minikallur-md-500ef-n\/\" \/>\n<meta property=\"og:locale\" content=\"en_US\" \/>\n<meta property=\"og:type\" content=\"article\" \/>\n<meta property=\"og:title\" content=\"Lumag kaugjuhtimispuldiga minikallur MD-500EF\/N\" \/>\n<meta property=\"og:description\" content=\"Lumag kaugjuhtimispuldiga minikallur MD-500EF\/N \u00dcks mudeli suurimaid eeliseid on kaugjuhtimispult, mille ulatus on kuni 50 m avatud alal.\" \/>\n<meta property=\"og:url\" content=\"https:\/\/ranoja.ee\/toode\/lumag-kaugjuhtimispuldiga-minikallur-md-500ef-n\/\" \/>\n<meta property=\"og:site_name\" content=\"Ranoja\" \/>\n<meta property=\"article:publisher\" content=\"https:\/\/www.facebook.com\/ranoja.ee\" \/>\n<meta property=\"article:modified_time\" content=\"2026-02-10T09:24:36+00:00\" \/>\n<meta property=\"og:image\" content=\"https:\/\/ranoja.ee\/wp-content\/uploads\/2026\/02\/Lumag-kaugjuhtimispuldiga-minikallur-MD-500EFN.png\" \/>\n\t<meta property=\"og:image:width\" content=\"1500\" \/>\n\t<meta property=\"og:image:height\" content=\"1500\" \/>\n\t<meta property=\"og:image:type\" content=\"image\/png\" \/>\n<meta name=\"twitter:card\" content=\"summary_large_image\" \/>\n<meta name=\"twitter:label1\" content=\"Est. reading time\" \/>\n\t<meta name=\"twitter:data1\" content=\"1 minute\" \/>\n<script type=\"application\/ld+json\" class=\"yoast-schema-graph\">{\"@context\":\"https:\\\/\\\/schema.org\",\"@graph\":[{\"@type\":\"WebPage\",\"@id\":\"https:\\\/\\\/ranoja.ee\\\/toode\\\/lumag-kaugjuhtimispuldiga-minikallur-md-500ef-n\\\/\",\"url\":\"https:\\\/\\\/ranoja.ee\\\/toode\\\/lumag-kaugjuhtimispuldiga-minikallur-md-500ef-n\\\/\",\"name\":\"Lumag kaugjuhtimispuldiga minikallur MD-500EF\\\/N\",\"isPartOf\":{\"@id\":\"https:\\\/\\\/ranoja.ee\\\/#website\"},\"primaryImageOfPage\":{\"@id\":\"https:\\\/\\\/ranoja.ee\\\/toode\\\/lumag-kaugjuhtimispuldiga-minikallur-md-500ef-n\\\/#primaryimage\"},\"image\":{\"@id\":\"https:\\\/\\\/ranoja.ee\\\/toode\\\/lumag-kaugjuhtimispuldiga-minikallur-md-500ef-n\\\/#primaryimage\"},\"thumbnailUrl\":\"https:\\\/\\\/ranoja.ee\\\/wp-content\\\/uploads\\\/2026\\\/02\\\/Lumag-kaugjuhtimispuldiga-minikallur-MD-500EFN.png\",\"datePublished\":\"2026-02-10T08:12:35+00:00\",\"dateModified\":\"2026-02-10T09:24:36+00:00\",\"description\":\"Lumag kaugjuhtimispuldiga minikallur MD-500EF\\\/N \u00dcks mudeli suurimaid eeliseid on kaugjuhtimispult, mille ulatus on kuni 50 m avatud alal.\",\"breadcrumb\":{\"@id\":\"https:\\\/\\\/ranoja.ee\\\/toode\\\/lumag-kaugjuhtimispuldiga-minikallur-md-500ef-n\\\/#breadcrumb\"},\"inLanguage\":\"en-US\",\"potentialAction\":[{\"@type\":\"ReadAction\",\"target\":[\"https:\\\/\\\/ranoja.ee\\\/toode\\\/lumag-kaugjuhtimispuldiga-minikallur-md-500ef-n\\\/\"]}]},{\"@type\":\"ImageObject\",\"inLanguage\":\"en-US\",\"@id\":\"https:\\\/\\\/ranoja.ee\\\/toode\\\/lumag-kaugjuhtimispuldiga-minikallur-md-500ef-n\\\/#primaryimage\",\"url\":\"https:\\\/\\\/ranoja.ee\\\/wp-content\\\/uploads\\\/2026\\\/02\\\/Lumag-kaugjuhtimispuldiga-minikallur-MD-500EFN.png\",\"contentUrl\":\"https:\\\/\\\/ranoja.ee\\\/wp-content\\\/uploads\\\/2026\\\/02\\\/Lumag-kaugjuhtimispuldiga-minikallur-MD-500EFN.png\",\"width\":1500,\"height\":1500,\"caption\":\"Lumag kaugjuhtimispuldiga minikallur MD-500EFN\"},{\"@type\":\"BreadcrumbList\",\"@id\":\"https:\\\/\\\/ranoja.ee\\\/toode\\\/lumag-kaugjuhtimispuldiga-minikallur-md-500ef-n\\\/#breadcrumb\",\"itemListElement\":[{\"@type\":\"ListItem\",\"position\":1,\"name\":\"Home\",\"item\":\"https:\\\/\\\/ranoja.ee\\\/\"},{\"@type\":\"ListItem\",\"position\":2,\"name\":\"Shop\",\"item\":\"https:\\\/\\\/ranoja.ee\\\/en\\\/shop\\\/\"},{\"@type\":\"ListItem\",\"position\":3,\"name\":\"Lumag kaugjuhtimispuldiga minikallur MD-500EF\\\/N\"}]},{\"@type\":\"WebSite\",\"@id\":\"https:\\\/\\\/ranoja.ee\\\/#website\",\"url\":\"https:\\\/\\\/ranoja.ee\\\/\",\"name\":\"Ranoja\",\"description\":\"Equipment Shop WooCommerce WordPress Theme for Machine &amp; Tools\",\"publisher\":{\"@id\":\"https:\\\/\\\/ranoja.ee\\\/#organization\"},\"potentialAction\":[{\"@type\":\"SearchAction\",\"target\":{\"@type\":\"EntryPoint\",\"urlTemplate\":\"https:\\\/\\\/ranoja.ee\\\/?s={search_term_string}\"},\"query-input\":{\"@type\":\"PropertyValueSpecification\",\"valueRequired\":true,\"valueName\":\"search_term_string\"}}],\"inLanguage\":\"en-US\"},{\"@type\":\"Organization\",\"@id\":\"https:\\\/\\\/ranoja.ee\\\/#organization\",\"name\":\"Ranoja O\u00dc\",\"url\":\"https:\\\/\\\/ranoja.ee\\\/\",\"logo\":{\"@type\":\"ImageObject\",\"inLanguage\":\"en-US\",\"@id\":\"https:\\\/\\\/ranoja.ee\\\/#\\\/schema\\\/logo\\\/image\\\/\",\"url\":\"https:\\\/\\\/ranoja.ee\\\/wp-content\\\/uploads\\\/2023\\\/11\\\/ranoja-Logo.png\",\"contentUrl\":\"https:\\\/\\\/ranoja.ee\\\/wp-content\\\/uploads\\\/2023\\\/11\\\/ranoja-Logo.png\",\"width\":207,\"height\":58,\"caption\":\"Ranoja O\u00dc\"},\"image\":{\"@id\":\"https:\\\/\\\/ranoja.ee\\\/#\\\/schema\\\/logo\\\/image\\\/\"},\"sameAs\":[\"https:\\\/\\\/www.facebook.com\\\/ranoja.ee\",\"https:\\\/\\\/www.instagram.com\\\/ranoja__\\\/\"]}]}<\/script>\n<!-- \/ Yoast SEO plugin. -->","yoast_head_json":{"title":"Lumag kaugjuhtimispuldiga minikallur MD-500EF\/N","description":"Lumag kaugjuhtimispuldiga minikallur MD-500EF\/N \u00dcks mudeli suurimaid eeliseid on kaugjuhtimispult, mille ulatus on kuni 50 m avatud alal.","robots":{"index":"index","follow":"follow","max-snippet":"max-snippet:-1","max-image-preview":"max-image-preview:large","max-video-preview":"max-video-preview:-1"},"canonical":"https:\/\/ranoja.ee\/toode\/lumag-kaugjuhtimispuldiga-minikallur-md-500ef-n\/","og_locale":"en_US","og_type":"article","og_title":"Lumag kaugjuhtimispuldiga minikallur MD-500EF\/N","og_description":"Lumag kaugjuhtimispuldiga minikallur MD-500EF\/N \u00dcks mudeli suurimaid eeliseid on kaugjuhtimispult, mille ulatus on kuni 50 m avatud alal.","og_url":"https:\/\/ranoja.ee\/toode\/lumag-kaugjuhtimispuldiga-minikallur-md-500ef-n\/","og_site_name":"Ranoja","article_publisher":"https:\/\/www.facebook.com\/ranoja.ee","article_modified_time":"2026-02-10T09:24:36+00:00","og_image":[{"width":1500,"height":1500,"url":"https:\/\/ranoja.ee\/wp-content\/uploads\/2026\/02\/Lumag-kaugjuhtimispuldiga-minikallur-MD-500EFN.png","type":"image\/png"}],"twitter_card":"summary_large_image","twitter_misc":{"Est. reading time":"1 minute"},"schema":{"@context":"https:\/\/schema.org","@graph":[{"@type":"WebPage","@id":"https:\/\/ranoja.ee\/toode\/lumag-kaugjuhtimispuldiga-minikallur-md-500ef-n\/","url":"https:\/\/ranoja.ee\/toode\/lumag-kaugjuhtimispuldiga-minikallur-md-500ef-n\/","name":"Lumag kaugjuhtimispuldiga minikallur MD-500EF\/N","isPartOf":{"@id":"https:\/\/ranoja.ee\/#website"},"primaryImageOfPage":{"@id":"https:\/\/ranoja.ee\/toode\/lumag-kaugjuhtimispuldiga-minikallur-md-500ef-n\/#primaryimage"},"image":{"@id":"https:\/\/ranoja.ee\/toode\/lumag-kaugjuhtimispuldiga-minikallur-md-500ef-n\/#primaryimage"},"thumbnailUrl":"https:\/\/ranoja.ee\/wp-content\/uploads\/2026\/02\/Lumag-kaugjuhtimispuldiga-minikallur-MD-500EFN.png","datePublished":"2026-02-10T08:12:35+00:00","dateModified":"2026-02-10T09:24:36+00:00","description":"Lumag kaugjuhtimispuldiga minikallur MD-500EF\/N \u00dcks mudeli suurimaid eeliseid on kaugjuhtimispult, mille ulatus on kuni 50 m avatud alal.","breadcrumb":{"@id":"https:\/\/ranoja.ee\/toode\/lumag-kaugjuhtimispuldiga-minikallur-md-500ef-n\/#breadcrumb"},"inLanguage":"en-US","potentialAction":[{"@type":"ReadAction","target":["https:\/\/ranoja.ee\/toode\/lumag-kaugjuhtimispuldiga-minikallur-md-500ef-n\/"]}]},{"@type":"ImageObject","inLanguage":"en-US","@id":"https:\/\/ranoja.ee\/toode\/lumag-kaugjuhtimispuldiga-minikallur-md-500ef-n\/#primaryimage","url":"https:\/\/ranoja.ee\/wp-content\/uploads\/2026\/02\/Lumag-kaugjuhtimispuldiga-minikallur-MD-500EFN.png","contentUrl":"https:\/\/ranoja.ee\/wp-content\/uploads\/2026\/02\/Lumag-kaugjuhtimispuldiga-minikallur-MD-500EFN.png","width":1500,"height":1500,"caption":"Lumag kaugjuhtimispuldiga minikallur MD-500EFN"},{"@type":"BreadcrumbList","@id":"https:\/\/ranoja.ee\/toode\/lumag-kaugjuhtimispuldiga-minikallur-md-500ef-n\/#breadcrumb","itemListElement":[{"@type":"ListItem","position":1,"name":"Home","item":"https:\/\/ranoja.ee\/"},{"@type":"ListItem","position":2,"name":"Shop","item":"https:\/\/ranoja.ee\/en\/shop\/"},{"@type":"ListItem","position":3,"name":"Lumag kaugjuhtimispuldiga minikallur MD-500EF\/N"}]},{"@type":"WebSite","@id":"https:\/\/ranoja.ee\/#website","url":"https:\/\/ranoja.ee\/","name":"Ranoja","description":"Equipment Shop WooCommerce WordPress Theme for Machine &amp; Tools","publisher":{"@id":"https:\/\/ranoja.ee\/#organization"},"potentialAction":[{"@type":"SearchAction","target":{"@type":"EntryPoint","urlTemplate":"https:\/\/ranoja.ee\/?s={search_term_string}"},"query-input":{"@type":"PropertyValueSpecification","valueRequired":true,"valueName":"search_term_string"}}],"inLanguage":"en-US"},{"@type":"Organization","@id":"https:\/\/ranoja.ee\/#organization","name":"Ranoja O\u00dc","url":"https:\/\/ranoja.ee\/","logo":{"@type":"ImageObject","inLanguage":"en-US","@id":"https:\/\/ranoja.ee\/#\/schema\/logo\/image\/","url":"https:\/\/ranoja.ee\/wp-content\/uploads\/2023\/11\/ranoja-Logo.png","contentUrl":"https:\/\/ranoja.ee\/wp-content\/uploads\/2023\/11\/ranoja-Logo.png","width":207,"height":58,"caption":"Ranoja O\u00dc"},"image":{"@id":"https:\/\/ranoja.ee\/#\/schema\/logo\/image\/"},"sameAs":["https:\/\/www.facebook.com\/ranoja.ee","https:\/\/www.instagram.com\/ranoja__\/"]}]}},"_links":{"self":[{"href":"https:\/\/ranoja.ee\/en\/wp-json\/wp\/v2\/product\/31173","targetHints":{"allow":["GET"]}}],"collection":[{"href":"https:\/\/ranoja.ee\/en\/wp-json\/wp\/v2\/product"}],"about":[{"href":"https:\/\/ranoja.ee\/en\/wp-json\/wp\/v2\/types\/product"}],"wp:featuredmedia":[{"embeddable":true,"href":"https:\/\/ranoja.ee\/en\/wp-json\/wp\/v2\/media\/31180"}],"wp:attachment":[{"href":"https:\/\/ranoja.ee\/en\/wp-json\/wp\/v2\/media?parent=31173"}],"wp:term":[{"taxonomy":"product_cat","embeddable":true,"href":"https:\/\/ranoja.ee\/en\/wp-json\/wp\/v2\/product_cat?post=31173"},{"taxonomy":"product_tag","embeddable":true,"href":"https:\/\/ranoja.ee\/en\/wp-json\/wp\/v2\/product_tag?post=31173"}],"curies":[{"name":"wp","href":"https:\/\/api.w.org\/{rel}","templated":true}]}}