{"id":30990,"date":"2026-02-10T10:20:59","date_gmt":"2026-02-10T07:20:59","guid":{"rendered":"https:\/\/ranoja.ee\/?post_type=product&#038;p=30990"},"modified":"2026-02-10T11:09:41","modified_gmt":"2026-02-10T08:09:41","slug":"lumag-elektrimootoriga-minikallur-md-500ekn","status":"publish","type":"product","link":"https:\/\/ranoja.ee\/en\/toode\/lumag-elektrimootoriga-minikallur-md-500ekn\/","title":{"rendered":"Lumag elektrimootoriga minikallur MD-500EKN"},"content":{"rendered":"<p>Lumag elektrimootoriga minikallur MD-500EKN<\/p>\n<p>Elektriline minikallur on kaasaegne, 100% elektrimootoriga t\u00f6\u00f6tav materjalide transportimise masin. See pakub v\u00f5imsat, vaikset ja keskkonnas\u00f5bralikku alternatiivi traditsioonilistele bensiinimootoriga kalluritele. See masin sobib ideaalselt kasutamiseks nii ehitusobjektidel, aiat\u00f6\u00f6del, sise- ja v\u00e4listingimustes. Eriti kohtades, kus m\u00fcratase ja heitgaasid on piiratud v\u00f5i kus on vaja l\u00fchikest ja lihtsat t\u00f6\u00f6vahendit suuremate k\u00e4rude asemel.<\/p>\n<p>MD-500EKN on varustatud 1000 W elektrimootoriga ja 48 V akus\u00fcsteemiga (32 Ah). See annab piisava t\u00f6\u00f6v\u00f5imsuse ning v\u00f5imaldab tavatingimustes t\u00f6\u00f6tada kuni umbes 4 tundi \u00fche laadimisega. Aku laadimine t\u00e4ielikult t\u00fchjaks lastuna v\u00f5tab ligikaudu 12 tundi.<\/p>\n<p>Kalluri maksimaalne kandev\u00f5ime on kuni 500 kg, v\u00f5imaldades liigutada raskemaid materjale. Kompaktne ja kitsas disain t\u00e4hendab, et seade mahub l\u00e4bi v\u00e4ravate, kitsastesse k\u00e4ikudesse v\u00f5i isegi hoonete sisealadesse, kus suuremad masinad ei p\u00e4\u00e4se ligi. <\/p>\n<p>Oluline funktsioon on elektriline kallutusmehhanism, mille abil saab kasti t\u00fchjendada sujuvalt ja peaaegu vaevata. V\u00e4hendades operaatori f\u00fc\u00fcsilist pingutust ja t\u00f6\u00f6aega. See funktsioon on eriti kasulik raskemate v\u00f5i tihkete materjalide puhul, kus k\u00e4sitsi kallutamine oleks t\u00fc\u00fctu.<\/p>\n<p>Masin liigub edasi kuni umbes 5 km\/h ja tagasi kuni umbes 3 km\/h, ning on varustatud elektromagnetilise piduriga, mis tagab ohutu peatamise ka koormatud olukordades. Pneumaatilised rehvid aitavad kaasa paremale haardumisele erinevatel pindadel.<\/p>\n<p>Lumag elektrimootoriga minikallur MD-500EKN<\/p>\n","protected":false},"excerpt":{"rendered":"<p>Lumag elektrimootoriga minikallur MD-500EKN<br \/>\nMootori \u00fchendus: 1000 W<br \/>\nToitepinge: 48 V<br \/>\nAku mahtuvus: 32 Ah (4 TK x 12 V = 48 V)<br \/>\nMaksimaalne t\u00f6\u00f6aeg: 4 h<br \/>\nLaadimisaeg t\u00e4ielikult laaditud akuga: Umbes 12 h<br \/>\nPidur: 100% elektrooniline<br \/>\nPidurduss\u00fcsteem: Elektromagnetiline pidur<br \/>\nKallutava kasti m\u00f5\u00f5tmed (P x L x K): 1050 x 720 x 400 mm<br \/>\nMaksimaalne kandev\u00f5ime: 500 kg<br \/>\nT\u00f6\u00f6kiirus edasi \/ tagasi: 5.0 \/ 3.0 km\/h<br \/>\nRehvide m\u00f5\u00f5dud: 16 x 6.50-8 \/ 13 x 5.00-6<br \/>\nTootja: Lumag<br \/>\nMudel: MD-500EKN<br \/>\nTootekood: MD500EKN<br \/>\nKaal: 230 kg<br \/>\n<strong>Eeldatav tarneaeg 2-3 n\u00e4dalat<\/strong><br \/>\n[embed]https:\/\/youtu.be\/L2k5Cq81vb8?si=boMHM1C64hxWjRUT[\/embed]<\/p>\n","protected":false},"featured_media":30999,"template":"","meta":{"inline_featured_image":false},"product_cat":[1090,99],"product_tag":[134,3524,3525,3526,3484,346],"class_list":{"0":"post-30990","1":"product","2":"type-product","3":"status-publish","4":"has-post-thumbnail","6":"product_brand-lumag","7":"product_cat-ehitustehnika","8":"product_cat-minikallurid","9":"product_tag-lumag","10":"product_tag-lumag-elektrimootoriga-minikallur-md-500ekn","11":"product_tag-md-500ekn","12":"product_tag-md500ekn","13":"product_tag-mini-dumper","14":"product_tag-minikallur","16":"first","17":"onbackorder","18":"taxable","19":"shipping-taxable","20":"purchasable","21":"product-type-simple"},"yoast_head":"<!-- This site is optimized with the Yoast SEO plugin v27.4 - https:\/\/yoast.com\/product\/yoast-seo-wordpress\/ -->\n<title>Lumag elektrimootoriga minikallur MD-500EKN<\/title>\n<meta name=\"description\" content=\"Lumag elektrimootoriga minikallur MD-500EKN Oluline funktsioon on elektriline kallutusmehhanism, mille abil saab kasti t\u00fchjendada peaaegu vaevata.\" \/>\n<meta name=\"robots\" content=\"index, follow, max-snippet:-1, max-image-preview:large, max-video-preview:-1\" \/>\n<link rel=\"canonical\" href=\"https:\/\/ranoja.ee\/toode\/lumag-elektrimootoriga-minikallur-md-500ekn\/\" \/>\n<meta property=\"og:locale\" content=\"en_US\" \/>\n<meta property=\"og:type\" content=\"article\" \/>\n<meta property=\"og:title\" content=\"Lumag elektrimootoriga minikallur MD-500EKN\" \/>\n<meta property=\"og:description\" content=\"Lumag elektrimootoriga minikallur MD-500EKN Oluline funktsioon on elektriline kallutusmehhanism, mille abil saab kasti t\u00fchjendada peaaegu vaevata.\" \/>\n<meta property=\"og:url\" content=\"https:\/\/ranoja.ee\/toode\/lumag-elektrimootoriga-minikallur-md-500ekn\/\" \/>\n<meta property=\"og:site_name\" content=\"Ranoja\" \/>\n<meta property=\"article:publisher\" content=\"https:\/\/www.facebook.com\/ranoja.ee\" \/>\n<meta property=\"article:modified_time\" content=\"2026-02-10T08:09:41+00:00\" \/>\n<meta property=\"og:image\" content=\"https:\/\/ranoja.ee\/wp-content\/uploads\/2026\/02\/Lumag-elektrimootoriga-minikallur-MD-500EKN.png\" \/>\n\t<meta property=\"og:image:width\" content=\"1500\" \/>\n\t<meta property=\"og:image:height\" content=\"1500\" \/>\n\t<meta property=\"og:image:type\" content=\"image\/png\" \/>\n<meta name=\"twitter:card\" content=\"summary_large_image\" \/>\n<meta name=\"twitter:label1\" content=\"Est. reading time\" \/>\n\t<meta name=\"twitter:data1\" content=\"2 minutes\" \/>\n<script type=\"application\/ld+json\" class=\"yoast-schema-graph\">{\"@context\":\"https:\\\/\\\/schema.org\",\"@graph\":[{\"@type\":\"WebPage\",\"@id\":\"https:\\\/\\\/ranoja.ee\\\/toode\\\/lumag-elektrimootoriga-minikallur-md-500ekn\\\/\",\"url\":\"https:\\\/\\\/ranoja.ee\\\/toode\\\/lumag-elektrimootoriga-minikallur-md-500ekn\\\/\",\"name\":\"Lumag elektrimootoriga minikallur MD-500EKN\",\"isPartOf\":{\"@id\":\"https:\\\/\\\/ranoja.ee\\\/#website\"},\"primaryImageOfPage\":{\"@id\":\"https:\\\/\\\/ranoja.ee\\\/toode\\\/lumag-elektrimootoriga-minikallur-md-500ekn\\\/#primaryimage\"},\"image\":{\"@id\":\"https:\\\/\\\/ranoja.ee\\\/toode\\\/lumag-elektrimootoriga-minikallur-md-500ekn\\\/#primaryimage\"},\"thumbnailUrl\":\"https:\\\/\\\/ranoja.ee\\\/wp-content\\\/uploads\\\/2026\\\/02\\\/Lumag-elektrimootoriga-minikallur-MD-500EKN.png\",\"datePublished\":\"2026-02-10T07:20:59+00:00\",\"dateModified\":\"2026-02-10T08:09:41+00:00\",\"description\":\"Lumag elektrimootoriga minikallur MD-500EKN Oluline funktsioon on elektriline kallutusmehhanism, mille abil saab kasti t\u00fchjendada peaaegu vaevata.\",\"breadcrumb\":{\"@id\":\"https:\\\/\\\/ranoja.ee\\\/toode\\\/lumag-elektrimootoriga-minikallur-md-500ekn\\\/#breadcrumb\"},\"inLanguage\":\"en-US\",\"potentialAction\":[{\"@type\":\"ReadAction\",\"target\":[\"https:\\\/\\\/ranoja.ee\\\/toode\\\/lumag-elektrimootoriga-minikallur-md-500ekn\\\/\"]}]},{\"@type\":\"ImageObject\",\"inLanguage\":\"en-US\",\"@id\":\"https:\\\/\\\/ranoja.ee\\\/toode\\\/lumag-elektrimootoriga-minikallur-md-500ekn\\\/#primaryimage\",\"url\":\"https:\\\/\\\/ranoja.ee\\\/wp-content\\\/uploads\\\/2026\\\/02\\\/Lumag-elektrimootoriga-minikallur-MD-500EKN.png\",\"contentUrl\":\"https:\\\/\\\/ranoja.ee\\\/wp-content\\\/uploads\\\/2026\\\/02\\\/Lumag-elektrimootoriga-minikallur-MD-500EKN.png\",\"width\":1500,\"height\":1500,\"caption\":\"Lumag elektrimootoriga minikallur MD-500EKN\"},{\"@type\":\"BreadcrumbList\",\"@id\":\"https:\\\/\\\/ranoja.ee\\\/toode\\\/lumag-elektrimootoriga-minikallur-md-500ekn\\\/#breadcrumb\",\"itemListElement\":[{\"@type\":\"ListItem\",\"position\":1,\"name\":\"Home\",\"item\":\"https:\\\/\\\/ranoja.ee\\\/\"},{\"@type\":\"ListItem\",\"position\":2,\"name\":\"Shop\",\"item\":\"https:\\\/\\\/ranoja.ee\\\/en\\\/shop\\\/\"},{\"@type\":\"ListItem\",\"position\":3,\"name\":\"Lumag elektrimootoriga minikallur MD-500EKN\"}]},{\"@type\":\"WebSite\",\"@id\":\"https:\\\/\\\/ranoja.ee\\\/#website\",\"url\":\"https:\\\/\\\/ranoja.ee\\\/\",\"name\":\"Ranoja\",\"description\":\"Equipment Shop WooCommerce WordPress Theme for Machine &amp; Tools\",\"publisher\":{\"@id\":\"https:\\\/\\\/ranoja.ee\\\/#organization\"},\"potentialAction\":[{\"@type\":\"SearchAction\",\"target\":{\"@type\":\"EntryPoint\",\"urlTemplate\":\"https:\\\/\\\/ranoja.ee\\\/?s={search_term_string}\"},\"query-input\":{\"@type\":\"PropertyValueSpecification\",\"valueRequired\":true,\"valueName\":\"search_term_string\"}}],\"inLanguage\":\"en-US\"},{\"@type\":\"Organization\",\"@id\":\"https:\\\/\\\/ranoja.ee\\\/#organization\",\"name\":\"Ranoja O\u00dc\",\"url\":\"https:\\\/\\\/ranoja.ee\\\/\",\"logo\":{\"@type\":\"ImageObject\",\"inLanguage\":\"en-US\",\"@id\":\"https:\\\/\\\/ranoja.ee\\\/#\\\/schema\\\/logo\\\/image\\\/\",\"url\":\"https:\\\/\\\/ranoja.ee\\\/wp-content\\\/uploads\\\/2023\\\/11\\\/ranoja-Logo.png\",\"contentUrl\":\"https:\\\/\\\/ranoja.ee\\\/wp-content\\\/uploads\\\/2023\\\/11\\\/ranoja-Logo.png\",\"width\":207,\"height\":58,\"caption\":\"Ranoja O\u00dc\"},\"image\":{\"@id\":\"https:\\\/\\\/ranoja.ee\\\/#\\\/schema\\\/logo\\\/image\\\/\"},\"sameAs\":[\"https:\\\/\\\/www.facebook.com\\\/ranoja.ee\",\"https:\\\/\\\/www.instagram.com\\\/ranoja__\\\/\"]}]}<\/script>\n<!-- \/ Yoast SEO plugin. -->","yoast_head_json":{"title":"Lumag elektrimootoriga minikallur MD-500EKN","description":"Lumag elektrimootoriga minikallur MD-500EKN Oluline funktsioon on elektriline kallutusmehhanism, mille abil saab kasti t\u00fchjendada peaaegu vaevata.","robots":{"index":"index","follow":"follow","max-snippet":"max-snippet:-1","max-image-preview":"max-image-preview:large","max-video-preview":"max-video-preview:-1"},"canonical":"https:\/\/ranoja.ee\/toode\/lumag-elektrimootoriga-minikallur-md-500ekn\/","og_locale":"en_US","og_type":"article","og_title":"Lumag elektrimootoriga minikallur MD-500EKN","og_description":"Lumag elektrimootoriga minikallur MD-500EKN Oluline funktsioon on elektriline kallutusmehhanism, mille abil saab kasti t\u00fchjendada peaaegu vaevata.","og_url":"https:\/\/ranoja.ee\/toode\/lumag-elektrimootoriga-minikallur-md-500ekn\/","og_site_name":"Ranoja","article_publisher":"https:\/\/www.facebook.com\/ranoja.ee","article_modified_time":"2026-02-10T08:09:41+00:00","og_image":[{"width":1500,"height":1500,"url":"https:\/\/ranoja.ee\/wp-content\/uploads\/2026\/02\/Lumag-elektrimootoriga-minikallur-MD-500EKN.png","type":"image\/png"}],"twitter_card":"summary_large_image","twitter_misc":{"Est. reading time":"2 minutes"},"schema":{"@context":"https:\/\/schema.org","@graph":[{"@type":"WebPage","@id":"https:\/\/ranoja.ee\/toode\/lumag-elektrimootoriga-minikallur-md-500ekn\/","url":"https:\/\/ranoja.ee\/toode\/lumag-elektrimootoriga-minikallur-md-500ekn\/","name":"Lumag elektrimootoriga minikallur MD-500EKN","isPartOf":{"@id":"https:\/\/ranoja.ee\/#website"},"primaryImageOfPage":{"@id":"https:\/\/ranoja.ee\/toode\/lumag-elektrimootoriga-minikallur-md-500ekn\/#primaryimage"},"image":{"@id":"https:\/\/ranoja.ee\/toode\/lumag-elektrimootoriga-minikallur-md-500ekn\/#primaryimage"},"thumbnailUrl":"https:\/\/ranoja.ee\/wp-content\/uploads\/2026\/02\/Lumag-elektrimootoriga-minikallur-MD-500EKN.png","datePublished":"2026-02-10T07:20:59+00:00","dateModified":"2026-02-10T08:09:41+00:00","description":"Lumag elektrimootoriga minikallur MD-500EKN Oluline funktsioon on elektriline kallutusmehhanism, mille abil saab kasti t\u00fchjendada peaaegu vaevata.","breadcrumb":{"@id":"https:\/\/ranoja.ee\/toode\/lumag-elektrimootoriga-minikallur-md-500ekn\/#breadcrumb"},"inLanguage":"en-US","potentialAction":[{"@type":"ReadAction","target":["https:\/\/ranoja.ee\/toode\/lumag-elektrimootoriga-minikallur-md-500ekn\/"]}]},{"@type":"ImageObject","inLanguage":"en-US","@id":"https:\/\/ranoja.ee\/toode\/lumag-elektrimootoriga-minikallur-md-500ekn\/#primaryimage","url":"https:\/\/ranoja.ee\/wp-content\/uploads\/2026\/02\/Lumag-elektrimootoriga-minikallur-MD-500EKN.png","contentUrl":"https:\/\/ranoja.ee\/wp-content\/uploads\/2026\/02\/Lumag-elektrimootoriga-minikallur-MD-500EKN.png","width":1500,"height":1500,"caption":"Lumag elektrimootoriga minikallur MD-500EKN"},{"@type":"BreadcrumbList","@id":"https:\/\/ranoja.ee\/toode\/lumag-elektrimootoriga-minikallur-md-500ekn\/#breadcrumb","itemListElement":[{"@type":"ListItem","position":1,"name":"Home","item":"https:\/\/ranoja.ee\/"},{"@type":"ListItem","position":2,"name":"Shop","item":"https:\/\/ranoja.ee\/en\/shop\/"},{"@type":"ListItem","position":3,"name":"Lumag elektrimootoriga minikallur MD-500EKN"}]},{"@type":"WebSite","@id":"https:\/\/ranoja.ee\/#website","url":"https:\/\/ranoja.ee\/","name":"Ranoja","description":"Equipment Shop WooCommerce WordPress Theme for Machine &amp; Tools","publisher":{"@id":"https:\/\/ranoja.ee\/#organization"},"potentialAction":[{"@type":"SearchAction","target":{"@type":"EntryPoint","urlTemplate":"https:\/\/ranoja.ee\/?s={search_term_string}"},"query-input":{"@type":"PropertyValueSpecification","valueRequired":true,"valueName":"search_term_string"}}],"inLanguage":"en-US"},{"@type":"Organization","@id":"https:\/\/ranoja.ee\/#organization","name":"Ranoja O\u00dc","url":"https:\/\/ranoja.ee\/","logo":{"@type":"ImageObject","inLanguage":"en-US","@id":"https:\/\/ranoja.ee\/#\/schema\/logo\/image\/","url":"https:\/\/ranoja.ee\/wp-content\/uploads\/2023\/11\/ranoja-Logo.png","contentUrl":"https:\/\/ranoja.ee\/wp-content\/uploads\/2023\/11\/ranoja-Logo.png","width":207,"height":58,"caption":"Ranoja O\u00dc"},"image":{"@id":"https:\/\/ranoja.ee\/#\/schema\/logo\/image\/"},"sameAs":["https:\/\/www.facebook.com\/ranoja.ee","https:\/\/www.instagram.com\/ranoja__\/"]}]}},"_links":{"self":[{"href":"https:\/\/ranoja.ee\/en\/wp-json\/wp\/v2\/product\/30990","targetHints":{"allow":["GET"]}}],"collection":[{"href":"https:\/\/ranoja.ee\/en\/wp-json\/wp\/v2\/product"}],"about":[{"href":"https:\/\/ranoja.ee\/en\/wp-json\/wp\/v2\/types\/product"}],"wp:featuredmedia":[{"embeddable":true,"href":"https:\/\/ranoja.ee\/en\/wp-json\/wp\/v2\/media\/30999"}],"wp:attachment":[{"href":"https:\/\/ranoja.ee\/en\/wp-json\/wp\/v2\/media?parent=30990"}],"wp:term":[{"taxonomy":"product_cat","embeddable":true,"href":"https:\/\/ranoja.ee\/en\/wp-json\/wp\/v2\/product_cat?post=30990"},{"taxonomy":"product_tag","embeddable":true,"href":"https:\/\/ranoja.ee\/en\/wp-json\/wp\/v2\/product_tag?post=30990"}],"curies":[{"name":"wp","href":"https:\/\/api.w.org\/{rel}","templated":true}]}}