{"id":30961,"date":"2026-02-09T17:36:11","date_gmt":"2026-02-09T14:36:11","guid":{"rendered":"https:\/\/ranoja.ee\/?post_type=product&#038;p=30961"},"modified":"2026-02-09T18:05:21","modified_gmt":"2026-02-09T15:05:21","slug":"lumag-elektrimootoriga-minikallur-md-450e","status":"publish","type":"product","link":"https:\/\/ranoja.ee\/en\/toode\/lumag-elektrimootoriga-minikallur-md-450e\/","title":{"rendered":"Lumag elektrimootoriga minikallur MD-450E"},"content":{"rendered":"<p>Lumag elektrimootoriga minikallur MD-450E<\/p>\n<p>Kaasaegne ja mitmek\u00fclgne elektriline minidumper, mis on disainitud materjalide transportimiseks nii ehitusel, aias kui muudel t\u00f6\u00f6platsidel. Eriti olukordades, kus traditsioonilised bensiinimootoriga v\u00f5i rattaga dumperid ei t\u00f6\u00f6ta t\u00f5husalt v\u00f5i mahuvad kitsastest kohtadest l\u00e4bi. See elektriline mudel \u00fchendab endas v\u00f5imsuse, keskkonnas\u00f5bralikkuse ja paindlikkuse. Mis teeb sellest praktilise masina nii professionaalsetele kasutajatele kui ka koduomanikele.<\/p>\n<p>Masin t\u00f6\u00f6tab t\u00e4ielikult elektrimootori abil, kasutades 60 V akupakki (5\u00d712 V, 20 Ah) ning 800 W v\u00f5imsusega mootori, mis tagab vaikse ja heitmetevaba t\u00f6\u00f6. Oluline eelis n\u00e4iteks sise- v\u00f5i elamurajoonides t\u00f6\u00f6tamisel. Tavalise laadimisega saate umbes 3 tundi t\u00f6\u00f6aega, enne kui aku vajab umbes 7 tundi laadimist.<\/p>\n<p>Rattad on asendatud rasket pinnast h\u00e4sti taluvate roomikutega, mis annavad suurep\u00e4rase haardumise ebatasasel, pehmel v\u00f5i libedal pinnasel. See tagab stabiilsuse ja v\u00f5ime t\u00f5usta kuni umbes 20\u00b0 kallega maastikul. Kompaktne disain v\u00f5imaldab sellega man\u00f6\u00f6verdada kitsastest v\u00e4ravatest l\u00e4bi, mis on suuremate masinate jaoks keeruline.<\/p>\n<p>Selle kandev\u00f5ime on kuni 450 kg, mis teeb selle sobivaks suurte kivide, liiva, mullaga t\u00e4idetud kottide, ehituspr\u00fcgi ja muude raskete materjalide transportimiseks. Kast on kallutatav, manuaalne kallutusmehhanism, mis lihtsustab materjali t\u00fchjendamist \u00f5iges kohas.<br \/>\nLisaks praktilise p\u00f5hivarustusele on tihti kaasas ka LED-t\u00f6\u00f6valgustus, mis v\u00f5imaldab t\u00f6\u00f6tada pimedamal ajal v\u00f5i v\u00e4hese valgusega tingimustes.<\/p>\n<p>Lumag elektrimootoriga minikallur MD-450E<\/p>\n","protected":false},"excerpt":{"rendered":"<p>Lumag elektrimootoriga minikallur MD-450E<br \/>\nMootori v\u00f5imsus: 800 W<br \/>\nT\u00f6\u00f6pinge: 60V<br \/>\nVeos\u00fcsteem: 100% elektriline, 5 x 12 V akut, 20 Ah<br \/>\nPiduris\u00fcsteem: Trummelpidur<br \/>\nMaksimaalne kandev\u00f5ime: 450 kg<br \/>\nMaksimaalne t\u00f5usuv\u00f5ime: 20\u00b0<br \/>\nT\u00f6\u00f6aeg: Kuni 3 tundi laadimists\u00fckli kohta<br \/>\nLaadimisaeg t\u00e4ielikult t\u00fchjenenud akuga: Umbes 7 tundi<br \/>\nEdasi ja tagasi liikumiseks kaks erinevat kiirust<br \/>\nKliirens maksimaalne: 130 mm<br \/>\nT\u00fchjenduskasti m\u00f5\u00f5tmed P x L x K: 1080 x 600 x 290 mm<br \/>\nMasina m\u00f5\u00f5tmed P x L x K: 1740 x 700 x 910 mm<br \/>\nTootja: Lumag<br \/>\nMudel: MD-450E<br \/>\nTootekood: MD 450E<br \/>\nKaal: 215 kg<br \/>\n<strong>Eeldatav tarneaeg 2-3 n\u00e4dalat<\/strong><br \/>\n[embed]https:\/\/youtu.be\/6KGGDDe2mjA?si=ornRWTH3Nh84IlJe[\/embed]<\/p>\n","protected":false},"featured_media":30972,"template":"","meta":{"inline_featured_image":false},"product_cat":[1090,99],"product_tag":[134,3519,3520,3484,346],"class_list":{"0":"post-30961","1":"product","2":"type-product","3":"status-publish","4":"has-post-thumbnail","6":"product_brand-lumag","7":"product_cat-ehitustehnika","8":"product_cat-minikallurid","9":"product_tag-lumag","10":"product_tag-lumag-elektrimootoriga-minikallur-md-450e","11":"product_tag-md-450e","12":"product_tag-mini-dumper","13":"product_tag-minikallur","15":"first","16":"onbackorder","17":"taxable","18":"shipping-taxable","19":"purchasable","20":"product-type-simple"},"yoast_head":"<!-- This site is optimized with the Yoast SEO plugin v27.4 - https:\/\/yoast.com\/product\/yoast-seo-wordpress\/ -->\n<title>Lumag elektrimootoriga minikallur MD-450E<\/title>\n<meta name=\"description\" content=\"Lumag elektrimootoriga minikallur MD-450E Kandev\u00f5ime kuni 450 kg mis teeb selle sobivaks kivide, ehituspr\u00fcgi ja muude raskete materjalide transportimiseks.\" \/>\n<meta name=\"robots\" content=\"index, follow, max-snippet:-1, max-image-preview:large, max-video-preview:-1\" \/>\n<link rel=\"canonical\" href=\"https:\/\/ranoja.ee\/toode\/lumag-elektrimootoriga-minikallur-md-450e\/\" \/>\n<meta property=\"og:locale\" content=\"en_US\" \/>\n<meta property=\"og:type\" content=\"article\" \/>\n<meta property=\"og:title\" content=\"Lumag elektrimootoriga minikallur MD-450E\" \/>\n<meta property=\"og:description\" content=\"Lumag elektrimootoriga minikallur MD-450E Kandev\u00f5ime kuni 450 kg mis teeb selle sobivaks kivide, ehituspr\u00fcgi ja muude raskete materjalide transportimiseks.\" \/>\n<meta property=\"og:url\" content=\"https:\/\/ranoja.ee\/toode\/lumag-elektrimootoriga-minikallur-md-450e\/\" \/>\n<meta property=\"og:site_name\" content=\"Ranoja\" \/>\n<meta property=\"article:publisher\" content=\"https:\/\/www.facebook.com\/ranoja.ee\" \/>\n<meta property=\"article:modified_time\" content=\"2026-02-09T15:05:21+00:00\" \/>\n<meta property=\"og:image\" content=\"https:\/\/ranoja.ee\/wp-content\/uploads\/2026\/02\/Lumag-elektrimootoriga-minikallur-MD-450E.png\" \/>\n\t<meta property=\"og:image:width\" content=\"1500\" \/>\n\t<meta property=\"og:image:height\" content=\"1500\" \/>\n\t<meta property=\"og:image:type\" content=\"image\/png\" \/>\n<meta name=\"twitter:card\" content=\"summary_large_image\" \/>\n<meta name=\"twitter:label1\" content=\"Est. reading time\" \/>\n\t<meta name=\"twitter:data1\" content=\"2 minutes\" \/>\n<script type=\"application\/ld+json\" class=\"yoast-schema-graph\">{\"@context\":\"https:\\\/\\\/schema.org\",\"@graph\":[{\"@type\":\"WebPage\",\"@id\":\"https:\\\/\\\/ranoja.ee\\\/toode\\\/lumag-elektrimootoriga-minikallur-md-450e\\\/\",\"url\":\"https:\\\/\\\/ranoja.ee\\\/toode\\\/lumag-elektrimootoriga-minikallur-md-450e\\\/\",\"name\":\"Lumag elektrimootoriga minikallur MD-450E\",\"isPartOf\":{\"@id\":\"https:\\\/\\\/ranoja.ee\\\/#website\"},\"primaryImageOfPage\":{\"@id\":\"https:\\\/\\\/ranoja.ee\\\/toode\\\/lumag-elektrimootoriga-minikallur-md-450e\\\/#primaryimage\"},\"image\":{\"@id\":\"https:\\\/\\\/ranoja.ee\\\/toode\\\/lumag-elektrimootoriga-minikallur-md-450e\\\/#primaryimage\"},\"thumbnailUrl\":\"https:\\\/\\\/ranoja.ee\\\/wp-content\\\/uploads\\\/2026\\\/02\\\/Lumag-elektrimootoriga-minikallur-MD-450E.png\",\"datePublished\":\"2026-02-09T14:36:11+00:00\",\"dateModified\":\"2026-02-09T15:05:21+00:00\",\"description\":\"Lumag elektrimootoriga minikallur MD-450E Kandev\u00f5ime kuni 450 kg mis teeb selle sobivaks kivide, ehituspr\u00fcgi ja muude raskete materjalide transportimiseks.\",\"breadcrumb\":{\"@id\":\"https:\\\/\\\/ranoja.ee\\\/toode\\\/lumag-elektrimootoriga-minikallur-md-450e\\\/#breadcrumb\"},\"inLanguage\":\"en-US\",\"potentialAction\":[{\"@type\":\"ReadAction\",\"target\":[\"https:\\\/\\\/ranoja.ee\\\/toode\\\/lumag-elektrimootoriga-minikallur-md-450e\\\/\"]}]},{\"@type\":\"ImageObject\",\"inLanguage\":\"en-US\",\"@id\":\"https:\\\/\\\/ranoja.ee\\\/toode\\\/lumag-elektrimootoriga-minikallur-md-450e\\\/#primaryimage\",\"url\":\"https:\\\/\\\/ranoja.ee\\\/wp-content\\\/uploads\\\/2026\\\/02\\\/Lumag-elektrimootoriga-minikallur-MD-450E.png\",\"contentUrl\":\"https:\\\/\\\/ranoja.ee\\\/wp-content\\\/uploads\\\/2026\\\/02\\\/Lumag-elektrimootoriga-minikallur-MD-450E.png\",\"width\":1500,\"height\":1500,\"caption\":\"Lumag elektrimootoriga minikallur MD-450E\"},{\"@type\":\"BreadcrumbList\",\"@id\":\"https:\\\/\\\/ranoja.ee\\\/toode\\\/lumag-elektrimootoriga-minikallur-md-450e\\\/#breadcrumb\",\"itemListElement\":[{\"@type\":\"ListItem\",\"position\":1,\"name\":\"Home\",\"item\":\"https:\\\/\\\/ranoja.ee\\\/\"},{\"@type\":\"ListItem\",\"position\":2,\"name\":\"Shop\",\"item\":\"https:\\\/\\\/ranoja.ee\\\/en\\\/shop\\\/\"},{\"@type\":\"ListItem\",\"position\":3,\"name\":\"Lumag elektrimootoriga minikallur MD-450E\"}]},{\"@type\":\"WebSite\",\"@id\":\"https:\\\/\\\/ranoja.ee\\\/#website\",\"url\":\"https:\\\/\\\/ranoja.ee\\\/\",\"name\":\"Ranoja\",\"description\":\"Equipment Shop WooCommerce WordPress Theme for Machine &amp; Tools\",\"publisher\":{\"@id\":\"https:\\\/\\\/ranoja.ee\\\/#organization\"},\"potentialAction\":[{\"@type\":\"SearchAction\",\"target\":{\"@type\":\"EntryPoint\",\"urlTemplate\":\"https:\\\/\\\/ranoja.ee\\\/?s={search_term_string}\"},\"query-input\":{\"@type\":\"PropertyValueSpecification\",\"valueRequired\":true,\"valueName\":\"search_term_string\"}}],\"inLanguage\":\"en-US\"},{\"@type\":\"Organization\",\"@id\":\"https:\\\/\\\/ranoja.ee\\\/#organization\",\"name\":\"Ranoja O\u00dc\",\"url\":\"https:\\\/\\\/ranoja.ee\\\/\",\"logo\":{\"@type\":\"ImageObject\",\"inLanguage\":\"en-US\",\"@id\":\"https:\\\/\\\/ranoja.ee\\\/#\\\/schema\\\/logo\\\/image\\\/\",\"url\":\"https:\\\/\\\/ranoja.ee\\\/wp-content\\\/uploads\\\/2023\\\/11\\\/ranoja-Logo.png\",\"contentUrl\":\"https:\\\/\\\/ranoja.ee\\\/wp-content\\\/uploads\\\/2023\\\/11\\\/ranoja-Logo.png\",\"width\":207,\"height\":58,\"caption\":\"Ranoja O\u00dc\"},\"image\":{\"@id\":\"https:\\\/\\\/ranoja.ee\\\/#\\\/schema\\\/logo\\\/image\\\/\"},\"sameAs\":[\"https:\\\/\\\/www.facebook.com\\\/ranoja.ee\",\"https:\\\/\\\/www.instagram.com\\\/ranoja__\\\/\"]}]}<\/script>\n<!-- \/ Yoast SEO plugin. -->","yoast_head_json":{"title":"Lumag elektrimootoriga minikallur MD-450E","description":"Lumag elektrimootoriga minikallur MD-450E Kandev\u00f5ime kuni 450 kg mis teeb selle sobivaks kivide, ehituspr\u00fcgi ja muude raskete materjalide transportimiseks.","robots":{"index":"index","follow":"follow","max-snippet":"max-snippet:-1","max-image-preview":"max-image-preview:large","max-video-preview":"max-video-preview:-1"},"canonical":"https:\/\/ranoja.ee\/toode\/lumag-elektrimootoriga-minikallur-md-450e\/","og_locale":"en_US","og_type":"article","og_title":"Lumag elektrimootoriga minikallur MD-450E","og_description":"Lumag elektrimootoriga minikallur MD-450E Kandev\u00f5ime kuni 450 kg mis teeb selle sobivaks kivide, ehituspr\u00fcgi ja muude raskete materjalide transportimiseks.","og_url":"https:\/\/ranoja.ee\/toode\/lumag-elektrimootoriga-minikallur-md-450e\/","og_site_name":"Ranoja","article_publisher":"https:\/\/www.facebook.com\/ranoja.ee","article_modified_time":"2026-02-09T15:05:21+00:00","og_image":[{"width":1500,"height":1500,"url":"https:\/\/ranoja.ee\/wp-content\/uploads\/2026\/02\/Lumag-elektrimootoriga-minikallur-MD-450E.png","type":"image\/png"}],"twitter_card":"summary_large_image","twitter_misc":{"Est. reading time":"2 minutes"},"schema":{"@context":"https:\/\/schema.org","@graph":[{"@type":"WebPage","@id":"https:\/\/ranoja.ee\/toode\/lumag-elektrimootoriga-minikallur-md-450e\/","url":"https:\/\/ranoja.ee\/toode\/lumag-elektrimootoriga-minikallur-md-450e\/","name":"Lumag elektrimootoriga minikallur MD-450E","isPartOf":{"@id":"https:\/\/ranoja.ee\/#website"},"primaryImageOfPage":{"@id":"https:\/\/ranoja.ee\/toode\/lumag-elektrimootoriga-minikallur-md-450e\/#primaryimage"},"image":{"@id":"https:\/\/ranoja.ee\/toode\/lumag-elektrimootoriga-minikallur-md-450e\/#primaryimage"},"thumbnailUrl":"https:\/\/ranoja.ee\/wp-content\/uploads\/2026\/02\/Lumag-elektrimootoriga-minikallur-MD-450E.png","datePublished":"2026-02-09T14:36:11+00:00","dateModified":"2026-02-09T15:05:21+00:00","description":"Lumag elektrimootoriga minikallur MD-450E Kandev\u00f5ime kuni 450 kg mis teeb selle sobivaks kivide, ehituspr\u00fcgi ja muude raskete materjalide transportimiseks.","breadcrumb":{"@id":"https:\/\/ranoja.ee\/toode\/lumag-elektrimootoriga-minikallur-md-450e\/#breadcrumb"},"inLanguage":"en-US","potentialAction":[{"@type":"ReadAction","target":["https:\/\/ranoja.ee\/toode\/lumag-elektrimootoriga-minikallur-md-450e\/"]}]},{"@type":"ImageObject","inLanguage":"en-US","@id":"https:\/\/ranoja.ee\/toode\/lumag-elektrimootoriga-minikallur-md-450e\/#primaryimage","url":"https:\/\/ranoja.ee\/wp-content\/uploads\/2026\/02\/Lumag-elektrimootoriga-minikallur-MD-450E.png","contentUrl":"https:\/\/ranoja.ee\/wp-content\/uploads\/2026\/02\/Lumag-elektrimootoriga-minikallur-MD-450E.png","width":1500,"height":1500,"caption":"Lumag elektrimootoriga minikallur MD-450E"},{"@type":"BreadcrumbList","@id":"https:\/\/ranoja.ee\/toode\/lumag-elektrimootoriga-minikallur-md-450e\/#breadcrumb","itemListElement":[{"@type":"ListItem","position":1,"name":"Home","item":"https:\/\/ranoja.ee\/"},{"@type":"ListItem","position":2,"name":"Shop","item":"https:\/\/ranoja.ee\/en\/shop\/"},{"@type":"ListItem","position":3,"name":"Lumag elektrimootoriga minikallur MD-450E"}]},{"@type":"WebSite","@id":"https:\/\/ranoja.ee\/#website","url":"https:\/\/ranoja.ee\/","name":"Ranoja","description":"Equipment Shop WooCommerce WordPress Theme for Machine &amp; Tools","publisher":{"@id":"https:\/\/ranoja.ee\/#organization"},"potentialAction":[{"@type":"SearchAction","target":{"@type":"EntryPoint","urlTemplate":"https:\/\/ranoja.ee\/?s={search_term_string}"},"query-input":{"@type":"PropertyValueSpecification","valueRequired":true,"valueName":"search_term_string"}}],"inLanguage":"en-US"},{"@type":"Organization","@id":"https:\/\/ranoja.ee\/#organization","name":"Ranoja O\u00dc","url":"https:\/\/ranoja.ee\/","logo":{"@type":"ImageObject","inLanguage":"en-US","@id":"https:\/\/ranoja.ee\/#\/schema\/logo\/image\/","url":"https:\/\/ranoja.ee\/wp-content\/uploads\/2023\/11\/ranoja-Logo.png","contentUrl":"https:\/\/ranoja.ee\/wp-content\/uploads\/2023\/11\/ranoja-Logo.png","width":207,"height":58,"caption":"Ranoja O\u00dc"},"image":{"@id":"https:\/\/ranoja.ee\/#\/schema\/logo\/image\/"},"sameAs":["https:\/\/www.facebook.com\/ranoja.ee","https:\/\/www.instagram.com\/ranoja__\/"]}]}},"_links":{"self":[{"href":"https:\/\/ranoja.ee\/en\/wp-json\/wp\/v2\/product\/30961","targetHints":{"allow":["GET"]}}],"collection":[{"href":"https:\/\/ranoja.ee\/en\/wp-json\/wp\/v2\/product"}],"about":[{"href":"https:\/\/ranoja.ee\/en\/wp-json\/wp\/v2\/types\/product"}],"wp:featuredmedia":[{"embeddable":true,"href":"https:\/\/ranoja.ee\/en\/wp-json\/wp\/v2\/media\/30972"}],"wp:attachment":[{"href":"https:\/\/ranoja.ee\/en\/wp-json\/wp\/v2\/media?parent=30961"}],"wp:term":[{"taxonomy":"product_cat","embeddable":true,"href":"https:\/\/ranoja.ee\/en\/wp-json\/wp\/v2\/product_cat?post=30961"},{"taxonomy":"product_tag","embeddable":true,"href":"https:\/\/ranoja.ee\/en\/wp-json\/wp\/v2\/product_tag?post=30961"}],"curies":[{"name":"wp","href":"https:\/\/api.w.org\/{rel}","templated":true}]}}