{"id":30950,"date":"2026-02-09T17:07:27","date_gmt":"2026-02-09T14:07:27","guid":{"rendered":"https:\/\/ranoja.ee\/?post_type=product&#038;p=30950"},"modified":"2026-02-09T17:34:18","modified_gmt":"2026-02-09T14:34:18","slug":"lumag-bensiinimootoriga-ratastega-minikallur-md-300r","status":"publish","type":"product","link":"https:\/\/ranoja.ee\/en\/toode\/lumag-bensiinimootoriga-ratastega-minikallur-md-300r\/","title":{"rendered":"Lumag bensiinimootoriga ratastega minikallur MD-300R"},"content":{"rendered":"<p>Lumag bensiinimootoriga ratastega minikallur MD-300R<\/p>\n<p>Kompaktne 4-rattaveoga bensiiniga minikallur, mis on m\u00f5eldud erinevate materjalide transportimiseks. Nii ehitusel kui aias ja muudes t\u00f6\u00f6olukordades, kus traditsiooniline kallur v\u00f5i k\u00e4ru ei pruugi olla praktiline. See on ideaalne abivahend raskete koormate liigutamiseks ebatasastel v\u00f5i kitsastel aladel, kus k\u00e4sitsi t\u00f5stmine ja vedamine oleks aegan\u00f5udev ja v\u00e4sitav.<\/p>\n<p>Masin on varustatud \u00fche silindriga 4-taktilise OHV-bensiinmootoriga, tavaliselt 196 cm\u00b3 ja umbes 4.1\u20134.8 kW (v\u00f5i ~6,5 hj) v\u00f5imsusega. See annab piisava j\u00f5u raskemate koormate vedamiseks. Mootor k\u00e4ivitatakse tavaliselt sissel\u00fckatava n\u00f6\u00f6rstarteriga ning j\u00f5ud edastatakse l\u00e4bi mehhaanilise k\u00e4igukasti. Millel on kolm k\u00e4iku ettepoole ja \u00fcks tagurpidi, v\u00f5imaldades liikumist erinevatel pindadel ja kiirustel.<\/p>\n<p>Laadimisv\u00f5imekus on kuni umbes 300 kg, mis teeb selle sobivaks liiva, mulla, kivide, ehitusprahi, puidu ja muude materjalide veoks. Kasti t\u00fchjendamine toimub mehhaanilise kallutuss\u00fcsteemi abil. Lihtsalt kallutades kasti ettepoole, et materjal saaks v\u00e4lja kukkuda.<\/p>\n<p>Masina kitsas laius (~74\u201380 cm) v\u00f5imaldab sellel l\u00e4bi s\u00f5ita ka kitsastest v\u00e4ravatest v\u00f5i piiratud ruumidest, mis teeb selle eriti praktiliseks aias, hoovis v\u00f5i siseruumides kasutamiseks. Lisaks on varustatud ka automaatse ohutuspiduriga ja mugava juhitavusega, et tagada turvalisus ja kasutusmugavus ka vastutusrikkamate t\u00f6\u00f6de puhul.<\/p>\n<p>Lumag bensiinimootoriga ratastega minikallur MD-300R<\/p>\n","protected":false},"excerpt":{"rendered":"<p>Lumag bensiinimootoriga ratastega minikallur MD-300R<br \/>\nMootor: 4-taktiline OHV-mootor<br \/>\nMootori v\u00f5imsus: 4.1 kW<br \/>\nT\u00f6\u00f6maht: 196 cm\u00b3<br \/>\nMootori\u00f5li paagi maht: 0.6 l<br \/>\nBensiinipaagi maht: 3.6 l<br \/>\nK\u00e4ivituss\u00fcsteem: K\u00e4ivitus k\u00e4sik\u00e4iguga<br \/>\nVeos\u00fcsteem: Nelikvedu<br \/>\nJ\u00f5u\u00fclekanne, k\u00e4igukast: 3 edasik\u00e4iku ja 1 tagasik\u00e4ik<br \/>\nS\u00f5idukiirus edasi\/tagasi maksimaalne: 3.6 \/ 1.2 km\/h<br \/>\nUniversaalrehvid: 4.00-8<br \/>\nMaksimaalne t\u00f5usuv\u00f5ime: 20\u00b0<br \/>\nMaksimaalne kandev\u00f5ime: 300 kg\/125 l<br \/>\nKliirens: 100 mm<br \/>\nMaksimaalne m\u00fcratase LWA: 98 dB (A)<br \/>\nKasti m\u00f5\u00f5tmed P x L x K: 940 x 635 x 330 mm<br \/>\nM\u00f5\u00f5tmed P x L x K: 1327 x 740 x 1038 mm<br \/>\nTootja: Lumag<br \/>\nMudel: MD-300R<br \/>\nTootekood: MD 300R<br \/>\nKaal: 168 kg<br \/>\n<strong>Eeldatav tarneaeg 2-3 n\u00e4dalat<\/strong><br \/>\n[embed]https:\/\/youtu.be\/reY79b22tqY?si=cVoeWEcuhlGhe2WN[\/embed]<\/p>\n","protected":false},"featured_media":30959,"template":"","meta":{"inline_featured_image":false},"product_cat":[1090,99],"product_tag":[134,3516,3517,3484,346,3518],"class_list":{"0":"post-30950","1":"product","2":"type-product","3":"status-publish","4":"has-post-thumbnail","6":"product_brand-lumag","7":"product_cat-ehitustehnika","8":"product_cat-minikallurid","9":"product_tag-lumag","10":"product_tag-lumag-bensiinimootoriga-ratastega-minikallur-md-300r","11":"product_tag-md-300r","12":"product_tag-mini-dumper","13":"product_tag-minikallur","14":"product_tag-ratastega-minikallur","16":"first","17":"onbackorder","18":"taxable","19":"shipping-taxable","20":"purchasable","21":"product-type-simple"},"yoast_head":"<!-- This site is optimized with the Yoast SEO plugin v27.4 - https:\/\/yoast.com\/product\/yoast-seo-wordpress\/ -->\n<title>Lumag bensiinimootoriga ratastega minikallur MD-300R<\/title>\n<meta name=\"description\" content=\"Lumag bensiinimootoriga ratastega minikallur MD-300R Kompaktne 4-rattaveoga bensiiniga minikallur, mis on m\u00f5eldud erinevate materjalide transportimiseks.\" \/>\n<meta name=\"robots\" content=\"index, follow, max-snippet:-1, max-image-preview:large, max-video-preview:-1\" \/>\n<link rel=\"canonical\" href=\"https:\/\/ranoja.ee\/toode\/lumag-bensiinimootoriga-ratastega-minikallur-md-300r\/\" \/>\n<meta property=\"og:locale\" content=\"en_US\" \/>\n<meta property=\"og:type\" content=\"article\" \/>\n<meta property=\"og:title\" content=\"Lumag bensiinimootoriga ratastega minikallur MD-300R\" \/>\n<meta property=\"og:description\" content=\"Lumag bensiinimootoriga ratastega minikallur MD-300R Kompaktne 4-rattaveoga bensiiniga minikallur, mis on m\u00f5eldud erinevate materjalide transportimiseks.\" \/>\n<meta property=\"og:url\" content=\"https:\/\/ranoja.ee\/toode\/lumag-bensiinimootoriga-ratastega-minikallur-md-300r\/\" \/>\n<meta property=\"og:site_name\" content=\"Ranoja\" \/>\n<meta property=\"article:publisher\" content=\"https:\/\/www.facebook.com\/ranoja.ee\" \/>\n<meta property=\"article:modified_time\" content=\"2026-02-09T14:34:18+00:00\" \/>\n<meta property=\"og:image\" content=\"https:\/\/ranoja.ee\/wp-content\/uploads\/2026\/02\/Lumag-bensiinimootoriga-ratastega-minikallur-MD-300R.png\" \/>\n\t<meta property=\"og:image:width\" content=\"1500\" \/>\n\t<meta property=\"og:image:height\" content=\"1500\" \/>\n\t<meta property=\"og:image:type\" content=\"image\/png\" \/>\n<meta name=\"twitter:card\" content=\"summary_large_image\" \/>\n<meta name=\"twitter:label1\" content=\"Est. reading time\" \/>\n\t<meta name=\"twitter:data1\" content=\"2 minutes\" \/>\n<script type=\"application\/ld+json\" class=\"yoast-schema-graph\">{\"@context\":\"https:\\\/\\\/schema.org\",\"@graph\":[{\"@type\":\"WebPage\",\"@id\":\"https:\\\/\\\/ranoja.ee\\\/toode\\\/lumag-bensiinimootoriga-ratastega-minikallur-md-300r\\\/\",\"url\":\"https:\\\/\\\/ranoja.ee\\\/toode\\\/lumag-bensiinimootoriga-ratastega-minikallur-md-300r\\\/\",\"name\":\"Lumag bensiinimootoriga ratastega minikallur MD-300R\",\"isPartOf\":{\"@id\":\"https:\\\/\\\/ranoja.ee\\\/#website\"},\"primaryImageOfPage\":{\"@id\":\"https:\\\/\\\/ranoja.ee\\\/toode\\\/lumag-bensiinimootoriga-ratastega-minikallur-md-300r\\\/#primaryimage\"},\"image\":{\"@id\":\"https:\\\/\\\/ranoja.ee\\\/toode\\\/lumag-bensiinimootoriga-ratastega-minikallur-md-300r\\\/#primaryimage\"},\"thumbnailUrl\":\"https:\\\/\\\/ranoja.ee\\\/wp-content\\\/uploads\\\/2026\\\/02\\\/Lumag-bensiinimootoriga-ratastega-minikallur-MD-300R.png\",\"datePublished\":\"2026-02-09T14:07:27+00:00\",\"dateModified\":\"2026-02-09T14:34:18+00:00\",\"description\":\"Lumag bensiinimootoriga ratastega minikallur MD-300R Kompaktne 4-rattaveoga bensiiniga minikallur, mis on m\u00f5eldud erinevate materjalide transportimiseks.\",\"breadcrumb\":{\"@id\":\"https:\\\/\\\/ranoja.ee\\\/toode\\\/lumag-bensiinimootoriga-ratastega-minikallur-md-300r\\\/#breadcrumb\"},\"inLanguage\":\"en-US\",\"potentialAction\":[{\"@type\":\"ReadAction\",\"target\":[\"https:\\\/\\\/ranoja.ee\\\/toode\\\/lumag-bensiinimootoriga-ratastega-minikallur-md-300r\\\/\"]}]},{\"@type\":\"ImageObject\",\"inLanguage\":\"en-US\",\"@id\":\"https:\\\/\\\/ranoja.ee\\\/toode\\\/lumag-bensiinimootoriga-ratastega-minikallur-md-300r\\\/#primaryimage\",\"url\":\"https:\\\/\\\/ranoja.ee\\\/wp-content\\\/uploads\\\/2026\\\/02\\\/Lumag-bensiinimootoriga-ratastega-minikallur-MD-300R.png\",\"contentUrl\":\"https:\\\/\\\/ranoja.ee\\\/wp-content\\\/uploads\\\/2026\\\/02\\\/Lumag-bensiinimootoriga-ratastega-minikallur-MD-300R.png\",\"width\":1500,\"height\":1500,\"caption\":\"Lumag bensiinimootoriga ratastega minikallur MD-300R\"},{\"@type\":\"BreadcrumbList\",\"@id\":\"https:\\\/\\\/ranoja.ee\\\/toode\\\/lumag-bensiinimootoriga-ratastega-minikallur-md-300r\\\/#breadcrumb\",\"itemListElement\":[{\"@type\":\"ListItem\",\"position\":1,\"name\":\"Home\",\"item\":\"https:\\\/\\\/ranoja.ee\\\/\"},{\"@type\":\"ListItem\",\"position\":2,\"name\":\"Shop\",\"item\":\"https:\\\/\\\/ranoja.ee\\\/en\\\/shop\\\/\"},{\"@type\":\"ListItem\",\"position\":3,\"name\":\"Lumag bensiinimootoriga ratastega minikallur MD-300R\"}]},{\"@type\":\"WebSite\",\"@id\":\"https:\\\/\\\/ranoja.ee\\\/#website\",\"url\":\"https:\\\/\\\/ranoja.ee\\\/\",\"name\":\"Ranoja\",\"description\":\"Equipment Shop WooCommerce WordPress Theme for Machine &amp; Tools\",\"publisher\":{\"@id\":\"https:\\\/\\\/ranoja.ee\\\/#organization\"},\"potentialAction\":[{\"@type\":\"SearchAction\",\"target\":{\"@type\":\"EntryPoint\",\"urlTemplate\":\"https:\\\/\\\/ranoja.ee\\\/?s={search_term_string}\"},\"query-input\":{\"@type\":\"PropertyValueSpecification\",\"valueRequired\":true,\"valueName\":\"search_term_string\"}}],\"inLanguage\":\"en-US\"},{\"@type\":\"Organization\",\"@id\":\"https:\\\/\\\/ranoja.ee\\\/#organization\",\"name\":\"Ranoja O\u00dc\",\"url\":\"https:\\\/\\\/ranoja.ee\\\/\",\"logo\":{\"@type\":\"ImageObject\",\"inLanguage\":\"en-US\",\"@id\":\"https:\\\/\\\/ranoja.ee\\\/#\\\/schema\\\/logo\\\/image\\\/\",\"url\":\"https:\\\/\\\/ranoja.ee\\\/wp-content\\\/uploads\\\/2023\\\/11\\\/ranoja-Logo.png\",\"contentUrl\":\"https:\\\/\\\/ranoja.ee\\\/wp-content\\\/uploads\\\/2023\\\/11\\\/ranoja-Logo.png\",\"width\":207,\"height\":58,\"caption\":\"Ranoja O\u00dc\"},\"image\":{\"@id\":\"https:\\\/\\\/ranoja.ee\\\/#\\\/schema\\\/logo\\\/image\\\/\"},\"sameAs\":[\"https:\\\/\\\/www.facebook.com\\\/ranoja.ee\",\"https:\\\/\\\/www.instagram.com\\\/ranoja__\\\/\"]}]}<\/script>\n<!-- \/ Yoast SEO plugin. -->","yoast_head_json":{"title":"Lumag bensiinimootoriga ratastega minikallur MD-300R","description":"Lumag bensiinimootoriga ratastega minikallur MD-300R Kompaktne 4-rattaveoga bensiiniga minikallur, mis on m\u00f5eldud erinevate materjalide transportimiseks.","robots":{"index":"index","follow":"follow","max-snippet":"max-snippet:-1","max-image-preview":"max-image-preview:large","max-video-preview":"max-video-preview:-1"},"canonical":"https:\/\/ranoja.ee\/toode\/lumag-bensiinimootoriga-ratastega-minikallur-md-300r\/","og_locale":"en_US","og_type":"article","og_title":"Lumag bensiinimootoriga ratastega minikallur MD-300R","og_description":"Lumag bensiinimootoriga ratastega minikallur MD-300R Kompaktne 4-rattaveoga bensiiniga minikallur, mis on m\u00f5eldud erinevate materjalide transportimiseks.","og_url":"https:\/\/ranoja.ee\/toode\/lumag-bensiinimootoriga-ratastega-minikallur-md-300r\/","og_site_name":"Ranoja","article_publisher":"https:\/\/www.facebook.com\/ranoja.ee","article_modified_time":"2026-02-09T14:34:18+00:00","og_image":[{"width":1500,"height":1500,"url":"https:\/\/ranoja.ee\/wp-content\/uploads\/2026\/02\/Lumag-bensiinimootoriga-ratastega-minikallur-MD-300R.png","type":"image\/png"}],"twitter_card":"summary_large_image","twitter_misc":{"Est. reading time":"2 minutes"},"schema":{"@context":"https:\/\/schema.org","@graph":[{"@type":"WebPage","@id":"https:\/\/ranoja.ee\/toode\/lumag-bensiinimootoriga-ratastega-minikallur-md-300r\/","url":"https:\/\/ranoja.ee\/toode\/lumag-bensiinimootoriga-ratastega-minikallur-md-300r\/","name":"Lumag bensiinimootoriga ratastega minikallur MD-300R","isPartOf":{"@id":"https:\/\/ranoja.ee\/#website"},"primaryImageOfPage":{"@id":"https:\/\/ranoja.ee\/toode\/lumag-bensiinimootoriga-ratastega-minikallur-md-300r\/#primaryimage"},"image":{"@id":"https:\/\/ranoja.ee\/toode\/lumag-bensiinimootoriga-ratastega-minikallur-md-300r\/#primaryimage"},"thumbnailUrl":"https:\/\/ranoja.ee\/wp-content\/uploads\/2026\/02\/Lumag-bensiinimootoriga-ratastega-minikallur-MD-300R.png","datePublished":"2026-02-09T14:07:27+00:00","dateModified":"2026-02-09T14:34:18+00:00","description":"Lumag bensiinimootoriga ratastega minikallur MD-300R Kompaktne 4-rattaveoga bensiiniga minikallur, mis on m\u00f5eldud erinevate materjalide transportimiseks.","breadcrumb":{"@id":"https:\/\/ranoja.ee\/toode\/lumag-bensiinimootoriga-ratastega-minikallur-md-300r\/#breadcrumb"},"inLanguage":"en-US","potentialAction":[{"@type":"ReadAction","target":["https:\/\/ranoja.ee\/toode\/lumag-bensiinimootoriga-ratastega-minikallur-md-300r\/"]}]},{"@type":"ImageObject","inLanguage":"en-US","@id":"https:\/\/ranoja.ee\/toode\/lumag-bensiinimootoriga-ratastega-minikallur-md-300r\/#primaryimage","url":"https:\/\/ranoja.ee\/wp-content\/uploads\/2026\/02\/Lumag-bensiinimootoriga-ratastega-minikallur-MD-300R.png","contentUrl":"https:\/\/ranoja.ee\/wp-content\/uploads\/2026\/02\/Lumag-bensiinimootoriga-ratastega-minikallur-MD-300R.png","width":1500,"height":1500,"caption":"Lumag bensiinimootoriga ratastega minikallur MD-300R"},{"@type":"BreadcrumbList","@id":"https:\/\/ranoja.ee\/toode\/lumag-bensiinimootoriga-ratastega-minikallur-md-300r\/#breadcrumb","itemListElement":[{"@type":"ListItem","position":1,"name":"Home","item":"https:\/\/ranoja.ee\/"},{"@type":"ListItem","position":2,"name":"Shop","item":"https:\/\/ranoja.ee\/en\/shop\/"},{"@type":"ListItem","position":3,"name":"Lumag bensiinimootoriga ratastega minikallur MD-300R"}]},{"@type":"WebSite","@id":"https:\/\/ranoja.ee\/#website","url":"https:\/\/ranoja.ee\/","name":"Ranoja","description":"Equipment Shop WooCommerce WordPress Theme for Machine &amp; Tools","publisher":{"@id":"https:\/\/ranoja.ee\/#organization"},"potentialAction":[{"@type":"SearchAction","target":{"@type":"EntryPoint","urlTemplate":"https:\/\/ranoja.ee\/?s={search_term_string}"},"query-input":{"@type":"PropertyValueSpecification","valueRequired":true,"valueName":"search_term_string"}}],"inLanguage":"en-US"},{"@type":"Organization","@id":"https:\/\/ranoja.ee\/#organization","name":"Ranoja O\u00dc","url":"https:\/\/ranoja.ee\/","logo":{"@type":"ImageObject","inLanguage":"en-US","@id":"https:\/\/ranoja.ee\/#\/schema\/logo\/image\/","url":"https:\/\/ranoja.ee\/wp-content\/uploads\/2023\/11\/ranoja-Logo.png","contentUrl":"https:\/\/ranoja.ee\/wp-content\/uploads\/2023\/11\/ranoja-Logo.png","width":207,"height":58,"caption":"Ranoja O\u00dc"},"image":{"@id":"https:\/\/ranoja.ee\/#\/schema\/logo\/image\/"},"sameAs":["https:\/\/www.facebook.com\/ranoja.ee","https:\/\/www.instagram.com\/ranoja__\/"]}]}},"_links":{"self":[{"href":"https:\/\/ranoja.ee\/en\/wp-json\/wp\/v2\/product\/30950","targetHints":{"allow":["GET"]}}],"collection":[{"href":"https:\/\/ranoja.ee\/en\/wp-json\/wp\/v2\/product"}],"about":[{"href":"https:\/\/ranoja.ee\/en\/wp-json\/wp\/v2\/types\/product"}],"wp:featuredmedia":[{"embeddable":true,"href":"https:\/\/ranoja.ee\/en\/wp-json\/wp\/v2\/media\/30959"}],"wp:attachment":[{"href":"https:\/\/ranoja.ee\/en\/wp-json\/wp\/v2\/media?parent=30950"}],"wp:term":[{"taxonomy":"product_cat","embeddable":true,"href":"https:\/\/ranoja.ee\/en\/wp-json\/wp\/v2\/product_cat?post=30950"},{"taxonomy":"product_tag","embeddable":true,"href":"https:\/\/ranoja.ee\/en\/wp-json\/wp\/v2\/product_tag?post=30950"}],"curies":[{"name":"wp","href":"https:\/\/api.w.org\/{rel}","templated":true}]}}