{"id":30936,"date":"2026-02-09T16:13:12","date_gmt":"2026-02-09T13:13:12","guid":{"rendered":"https:\/\/ranoja.ee\/?post_type=product&#038;p=30936"},"modified":"2026-02-09T17:04:18","modified_gmt":"2026-02-09T14:04:18","slug":"lumag-minikallur-md-300","status":"publish","type":"product","link":"https:\/\/ranoja.ee\/en\/toode\/lumag-minikallur-md-300\/","title":{"rendered":"Lumag minikallur MD-300"},"content":{"rendered":"<p>Lumag minikallur MD-300<\/p>\n<p>Kompaktne ja praktiline minikallur \/ mini-dumper, mida kasutatakse peamiselt materjalide transportimiseks ehitusel, aiat\u00f6\u00f6del v\u00f5i keerulisel maastikul. Kus traditsiooniline kallur v\u00f5i k\u00e4ru oleks liiga kohmakas v\u00f5i ei mahu l\u00e4bi kitsastest kohtadest. Selle masina peamiseks plussiks on lihtsus, mitmek\u00fclgsus ja v\u00f5imekus teha rasket f\u00fc\u00fcsilist t\u00f6\u00f6d oluliselt v\u00e4hem pingutust n\u00f5udval moel.<\/p>\n<p>Seade on varustatud \u00fche silindriga 4-taktilise OHV bensiinimootoriga, mille t\u00f6\u00f6maht on umbes 196 cm\u00b3 ja v\u00f5imsus umbes 4.1 kW (umbes 5.6\u20136.5 hj). Mootori k\u00e4ivitamine toimub k\u00e4sitsi n\u00f6\u00f6ri t\u00f5mmates ja j\u00f5ud edastatakse l\u00e4bi mehhaanilise k\u00e4igukasti, millel on kolm k\u00e4iku ettepoole ja \u00fcks tagurpidi. See v\u00f5imaldab MD-300-l liikuda aeglaselt ja kontrollitult. Maksimaalse kiirusega kuni ca 3.6 km\/h ettepoole ja 1.2 km\/h tagasi.<\/p>\n<p>Masina konstruktsioon on tugev ja kompaktne, kaaludes umbes 147\u2013173 kg, olenevalt t\u00e4psemast mudelist ja varustusest. Kitsas laius (u 70\u201380 cm) tagab, et see mahub l\u00e4bi aiateede, v\u00e4ravate ja isegi enamikest uksestest. Kallutatav laadimisplatvorm mahutab kuni 300 kg materjali ning seda on lihtne t\u00fchjendada l\u00e4bi kallutamis s\u00fcsteemi. Tavaliselt mehaanilise s\u00fcsteemi v\u00f5i gaasvedruga abistatud mehhanismi abil.<\/p>\n<p>Masinal on ka automaatne turvapidur ja universaalsed rehvid, mis aitavad seda ohutult juhtida. Disain on tehtud nii, et masin on lihtne man\u00f6\u00f6verdada kitsastes ruumides ning seda saab kasutada nii sise- kui v\u00e4listingimustes.<\/p>\n<p>Lumag minikallur MD-300<\/p>\n","protected":false},"excerpt":{"rendered":"<p>Lumag minikallur MD-300<br \/>\nMootor: 1-silindriline, 4-taktiline OHV mootor<br \/>\nMootori t\u00f6\u00f6maht: 196 cm\u00b3<br \/>\nMootori v\u00f5imsus: 4.1 kW<br \/>\nMootori p\u00f6\u00f6rlemiskiirus: 3600 p\/min<br \/>\nK\u00e4ivituss\u00fcsteem: K\u00e4ivitus n\u00f6\u00f6r starterist<br \/>\nVeos\u00fcsteem: K\u00e4igukast<br \/>\nPiduris\u00fcsteer: Automaatne turvapidur<br \/>\nRoolis\u00fcsteem: Roolipidur<br \/>\nMadalama k\u00fclje k\u00f5rgus: 230 mm<br \/>\nKallutusseade: Mehaaniline kallutamine k\u00e4sitsi<br \/>\nT\u00f6\u00f6kiirus maksimaalne edasi\/tagasi: 3.6\/1.2 km\/h<br \/>\nMaksimaalne kandev\u00f5ime: 300 kg<br \/>\nM\u00f5\u00f5tmed (P x L x K): 1595 x 700 x 940 mm<br \/>\nTootja: Lumag<br \/>\nMudel: MD-300<br \/>\nTootekood: MD 300<br \/>\nKaal: 173 kg<br \/>\n<strong>Eeldatav tarneaeg 2-3 n\u00e4dalat<\/strong><br \/>\n[embed]https:\/\/youtu.be\/QiRIjTxk8Vk?si=akAd363lWNGFJ9sm[\/embed]<\/p>\n","protected":false},"featured_media":30947,"template":"","meta":{"inline_featured_image":false},"product_cat":[1090,99],"product_tag":[134,3514,3515,3484,346],"class_list":{"0":"post-30936","1":"product","2":"type-product","3":"status-publish","4":"has-post-thumbnail","6":"product_brand-lumag","7":"product_cat-ehitustehnika","8":"product_cat-minikallurid","9":"product_tag-lumag","10":"product_tag-lumag-minikallur-md-300","11":"product_tag-md-300","12":"product_tag-mini-dumper","13":"product_tag-minikallur","15":"first","16":"onbackorder","17":"taxable","18":"shipping-taxable","19":"purchasable","20":"product-type-simple"},"yoast_head":"<!-- This site is optimized with the Yoast SEO plugin v27.4 - https:\/\/yoast.com\/product\/yoast-seo-wordpress\/ -->\n<title>Lumag minikallur MD-300<\/title>\n<meta name=\"description\" content=\"Lumag minikallur MD-300 Kompaktne ja praktiline minikallur \/ mini-dumper, mida kasutatakse peamiselt materjalide transportimiseks ehitusel ja aiat\u00f6\u00f6del\" \/>\n<meta name=\"robots\" content=\"index, follow, max-snippet:-1, max-image-preview:large, max-video-preview:-1\" \/>\n<link rel=\"canonical\" href=\"https:\/\/ranoja.ee\/toode\/lumag-minikallur-md-300\/\" \/>\n<meta property=\"og:locale\" content=\"en_US\" \/>\n<meta property=\"og:type\" content=\"article\" \/>\n<meta property=\"og:title\" content=\"Lumag minikallur MD-300\" \/>\n<meta property=\"og:description\" content=\"Lumag minikallur MD-300 Kompaktne ja praktiline minikallur \/ mini-dumper, mida kasutatakse peamiselt materjalide transportimiseks ehitusel ja aiat\u00f6\u00f6del\" \/>\n<meta property=\"og:url\" content=\"https:\/\/ranoja.ee\/toode\/lumag-minikallur-md-300\/\" \/>\n<meta property=\"og:site_name\" content=\"Ranoja\" \/>\n<meta property=\"article:publisher\" content=\"https:\/\/www.facebook.com\/ranoja.ee\" \/>\n<meta property=\"article:modified_time\" content=\"2026-02-09T14:04:18+00:00\" \/>\n<meta property=\"og:image\" content=\"https:\/\/ranoja.ee\/wp-content\/uploads\/2026\/02\/Lumag-minikallur-MD-300.png\" \/>\n\t<meta property=\"og:image:width\" content=\"1500\" \/>\n\t<meta property=\"og:image:height\" content=\"1500\" \/>\n\t<meta property=\"og:image:type\" content=\"image\/png\" \/>\n<meta name=\"twitter:card\" content=\"summary_large_image\" \/>\n<meta name=\"twitter:label1\" content=\"Est. reading time\" \/>\n\t<meta name=\"twitter:data1\" content=\"2 minutes\" \/>\n<script type=\"application\/ld+json\" class=\"yoast-schema-graph\">{\"@context\":\"https:\\\/\\\/schema.org\",\"@graph\":[{\"@type\":\"WebPage\",\"@id\":\"https:\\\/\\\/ranoja.ee\\\/toode\\\/lumag-minikallur-md-300\\\/\",\"url\":\"https:\\\/\\\/ranoja.ee\\\/toode\\\/lumag-minikallur-md-300\\\/\",\"name\":\"Lumag minikallur MD-300\",\"isPartOf\":{\"@id\":\"https:\\\/\\\/ranoja.ee\\\/#website\"},\"primaryImageOfPage\":{\"@id\":\"https:\\\/\\\/ranoja.ee\\\/toode\\\/lumag-minikallur-md-300\\\/#primaryimage\"},\"image\":{\"@id\":\"https:\\\/\\\/ranoja.ee\\\/toode\\\/lumag-minikallur-md-300\\\/#primaryimage\"},\"thumbnailUrl\":\"https:\\\/\\\/ranoja.ee\\\/wp-content\\\/uploads\\\/2026\\\/02\\\/Lumag-minikallur-MD-300.png\",\"datePublished\":\"2026-02-09T13:13:12+00:00\",\"dateModified\":\"2026-02-09T14:04:18+00:00\",\"description\":\"Lumag minikallur MD-300 Kompaktne ja praktiline minikallur \\\/ mini-dumper, mida kasutatakse peamiselt materjalide transportimiseks ehitusel ja aiat\u00f6\u00f6del\",\"breadcrumb\":{\"@id\":\"https:\\\/\\\/ranoja.ee\\\/toode\\\/lumag-minikallur-md-300\\\/#breadcrumb\"},\"inLanguage\":\"en-US\",\"potentialAction\":[{\"@type\":\"ReadAction\",\"target\":[\"https:\\\/\\\/ranoja.ee\\\/toode\\\/lumag-minikallur-md-300\\\/\"]}]},{\"@type\":\"ImageObject\",\"inLanguage\":\"en-US\",\"@id\":\"https:\\\/\\\/ranoja.ee\\\/toode\\\/lumag-minikallur-md-300\\\/#primaryimage\",\"url\":\"https:\\\/\\\/ranoja.ee\\\/wp-content\\\/uploads\\\/2026\\\/02\\\/Lumag-minikallur-MD-300.png\",\"contentUrl\":\"https:\\\/\\\/ranoja.ee\\\/wp-content\\\/uploads\\\/2026\\\/02\\\/Lumag-minikallur-MD-300.png\",\"width\":1500,\"height\":1500,\"caption\":\"Lumag minikallur MD-300\"},{\"@type\":\"BreadcrumbList\",\"@id\":\"https:\\\/\\\/ranoja.ee\\\/toode\\\/lumag-minikallur-md-300\\\/#breadcrumb\",\"itemListElement\":[{\"@type\":\"ListItem\",\"position\":1,\"name\":\"Home\",\"item\":\"https:\\\/\\\/ranoja.ee\\\/\"},{\"@type\":\"ListItem\",\"position\":2,\"name\":\"Shop\",\"item\":\"https:\\\/\\\/ranoja.ee\\\/en\\\/shop\\\/\"},{\"@type\":\"ListItem\",\"position\":3,\"name\":\"Lumag minikallur MD-300\"}]},{\"@type\":\"WebSite\",\"@id\":\"https:\\\/\\\/ranoja.ee\\\/#website\",\"url\":\"https:\\\/\\\/ranoja.ee\\\/\",\"name\":\"Ranoja\",\"description\":\"Equipment Shop WooCommerce WordPress Theme for Machine &amp; Tools\",\"publisher\":{\"@id\":\"https:\\\/\\\/ranoja.ee\\\/#organization\"},\"potentialAction\":[{\"@type\":\"SearchAction\",\"target\":{\"@type\":\"EntryPoint\",\"urlTemplate\":\"https:\\\/\\\/ranoja.ee\\\/?s={search_term_string}\"},\"query-input\":{\"@type\":\"PropertyValueSpecification\",\"valueRequired\":true,\"valueName\":\"search_term_string\"}}],\"inLanguage\":\"en-US\"},{\"@type\":\"Organization\",\"@id\":\"https:\\\/\\\/ranoja.ee\\\/#organization\",\"name\":\"Ranoja O\u00dc\",\"url\":\"https:\\\/\\\/ranoja.ee\\\/\",\"logo\":{\"@type\":\"ImageObject\",\"inLanguage\":\"en-US\",\"@id\":\"https:\\\/\\\/ranoja.ee\\\/#\\\/schema\\\/logo\\\/image\\\/\",\"url\":\"https:\\\/\\\/ranoja.ee\\\/wp-content\\\/uploads\\\/2023\\\/11\\\/ranoja-Logo.png\",\"contentUrl\":\"https:\\\/\\\/ranoja.ee\\\/wp-content\\\/uploads\\\/2023\\\/11\\\/ranoja-Logo.png\",\"width\":207,\"height\":58,\"caption\":\"Ranoja O\u00dc\"},\"image\":{\"@id\":\"https:\\\/\\\/ranoja.ee\\\/#\\\/schema\\\/logo\\\/image\\\/\"},\"sameAs\":[\"https:\\\/\\\/www.facebook.com\\\/ranoja.ee\",\"https:\\\/\\\/www.instagram.com\\\/ranoja__\\\/\"]}]}<\/script>\n<!-- \/ Yoast SEO plugin. -->","yoast_head_json":{"title":"Lumag minikallur MD-300","description":"Lumag minikallur MD-300 Kompaktne ja praktiline minikallur \/ mini-dumper, mida kasutatakse peamiselt materjalide transportimiseks ehitusel ja aiat\u00f6\u00f6del","robots":{"index":"index","follow":"follow","max-snippet":"max-snippet:-1","max-image-preview":"max-image-preview:large","max-video-preview":"max-video-preview:-1"},"canonical":"https:\/\/ranoja.ee\/toode\/lumag-minikallur-md-300\/","og_locale":"en_US","og_type":"article","og_title":"Lumag minikallur MD-300","og_description":"Lumag minikallur MD-300 Kompaktne ja praktiline minikallur \/ mini-dumper, mida kasutatakse peamiselt materjalide transportimiseks ehitusel ja aiat\u00f6\u00f6del","og_url":"https:\/\/ranoja.ee\/toode\/lumag-minikallur-md-300\/","og_site_name":"Ranoja","article_publisher":"https:\/\/www.facebook.com\/ranoja.ee","article_modified_time":"2026-02-09T14:04:18+00:00","og_image":[{"width":1500,"height":1500,"url":"https:\/\/ranoja.ee\/wp-content\/uploads\/2026\/02\/Lumag-minikallur-MD-300.png","type":"image\/png"}],"twitter_card":"summary_large_image","twitter_misc":{"Est. reading time":"2 minutes"},"schema":{"@context":"https:\/\/schema.org","@graph":[{"@type":"WebPage","@id":"https:\/\/ranoja.ee\/toode\/lumag-minikallur-md-300\/","url":"https:\/\/ranoja.ee\/toode\/lumag-minikallur-md-300\/","name":"Lumag minikallur MD-300","isPartOf":{"@id":"https:\/\/ranoja.ee\/#website"},"primaryImageOfPage":{"@id":"https:\/\/ranoja.ee\/toode\/lumag-minikallur-md-300\/#primaryimage"},"image":{"@id":"https:\/\/ranoja.ee\/toode\/lumag-minikallur-md-300\/#primaryimage"},"thumbnailUrl":"https:\/\/ranoja.ee\/wp-content\/uploads\/2026\/02\/Lumag-minikallur-MD-300.png","datePublished":"2026-02-09T13:13:12+00:00","dateModified":"2026-02-09T14:04:18+00:00","description":"Lumag minikallur MD-300 Kompaktne ja praktiline minikallur \/ mini-dumper, mida kasutatakse peamiselt materjalide transportimiseks ehitusel ja aiat\u00f6\u00f6del","breadcrumb":{"@id":"https:\/\/ranoja.ee\/toode\/lumag-minikallur-md-300\/#breadcrumb"},"inLanguage":"en-US","potentialAction":[{"@type":"ReadAction","target":["https:\/\/ranoja.ee\/toode\/lumag-minikallur-md-300\/"]}]},{"@type":"ImageObject","inLanguage":"en-US","@id":"https:\/\/ranoja.ee\/toode\/lumag-minikallur-md-300\/#primaryimage","url":"https:\/\/ranoja.ee\/wp-content\/uploads\/2026\/02\/Lumag-minikallur-MD-300.png","contentUrl":"https:\/\/ranoja.ee\/wp-content\/uploads\/2026\/02\/Lumag-minikallur-MD-300.png","width":1500,"height":1500,"caption":"Lumag minikallur MD-300"},{"@type":"BreadcrumbList","@id":"https:\/\/ranoja.ee\/toode\/lumag-minikallur-md-300\/#breadcrumb","itemListElement":[{"@type":"ListItem","position":1,"name":"Home","item":"https:\/\/ranoja.ee\/"},{"@type":"ListItem","position":2,"name":"Shop","item":"https:\/\/ranoja.ee\/en\/shop\/"},{"@type":"ListItem","position":3,"name":"Lumag minikallur MD-300"}]},{"@type":"WebSite","@id":"https:\/\/ranoja.ee\/#website","url":"https:\/\/ranoja.ee\/","name":"Ranoja","description":"Equipment Shop WooCommerce WordPress Theme for Machine &amp; Tools","publisher":{"@id":"https:\/\/ranoja.ee\/#organization"},"potentialAction":[{"@type":"SearchAction","target":{"@type":"EntryPoint","urlTemplate":"https:\/\/ranoja.ee\/?s={search_term_string}"},"query-input":{"@type":"PropertyValueSpecification","valueRequired":true,"valueName":"search_term_string"}}],"inLanguage":"en-US"},{"@type":"Organization","@id":"https:\/\/ranoja.ee\/#organization","name":"Ranoja O\u00dc","url":"https:\/\/ranoja.ee\/","logo":{"@type":"ImageObject","inLanguage":"en-US","@id":"https:\/\/ranoja.ee\/#\/schema\/logo\/image\/","url":"https:\/\/ranoja.ee\/wp-content\/uploads\/2023\/11\/ranoja-Logo.png","contentUrl":"https:\/\/ranoja.ee\/wp-content\/uploads\/2023\/11\/ranoja-Logo.png","width":207,"height":58,"caption":"Ranoja O\u00dc"},"image":{"@id":"https:\/\/ranoja.ee\/#\/schema\/logo\/image\/"},"sameAs":["https:\/\/www.facebook.com\/ranoja.ee","https:\/\/www.instagram.com\/ranoja__\/"]}]}},"_links":{"self":[{"href":"https:\/\/ranoja.ee\/en\/wp-json\/wp\/v2\/product\/30936","targetHints":{"allow":["GET"]}}],"collection":[{"href":"https:\/\/ranoja.ee\/en\/wp-json\/wp\/v2\/product"}],"about":[{"href":"https:\/\/ranoja.ee\/en\/wp-json\/wp\/v2\/types\/product"}],"wp:featuredmedia":[{"embeddable":true,"href":"https:\/\/ranoja.ee\/en\/wp-json\/wp\/v2\/media\/30947"}],"wp:attachment":[{"href":"https:\/\/ranoja.ee\/en\/wp-json\/wp\/v2\/media?parent=30936"}],"wp:term":[{"taxonomy":"product_cat","embeddable":true,"href":"https:\/\/ranoja.ee\/en\/wp-json\/wp\/v2\/product_cat?post=30936"},{"taxonomy":"product_tag","embeddable":true,"href":"https:\/\/ranoja.ee\/en\/wp-json\/wp\/v2\/product_tag?post=30936"}],"curies":[{"name":"wp","href":"https:\/\/api.w.org\/{rel}","templated":true}]}}