{"id":30927,"date":"2026-02-09T15:35:46","date_gmt":"2026-02-09T12:35:46","guid":{"rendered":"https:\/\/ranoja.ee\/?post_type=product&#038;p=30927"},"modified":"2026-02-09T15:35:47","modified_gmt":"2026-02-09T12:35:47","slug":"lumag-bensiinimootoriga-betoonitihendaja-ja-veepump-lrf-40","status":"publish","type":"product","link":"https:\/\/ranoja.ee\/en\/toode\/lumag-bensiinimootoriga-betoonitihendaja-ja-veepump-lrf-40\/","title":{"rendered":"Lumag bensiinimootoriga betoonitihendaja ja veepump LRF-40"},"content":{"rendered":"<p>Lumag bensiinimootoriga betoonitihendaja ja veepump LRF-40<\/p>\n<p>Lumag betoonitihendaja ja veepump on mitmek\u00fclgne bensiinimootoriga ajam, mis on loodud nii betooni tihendamiseks kui ka vee pumpamiseks. Praktiline ja v\u00f5imas seade ehitus- ja haljastust\u00f6\u00f6deks. Seade baseerub tugeval \u00fchesilindrilisel 4-taktilisel OHV-mootoril, mille t\u00f6\u00f6maht on ligikaudu 196 cm\u00b3 ja v\u00f5imsus umbes 4.0 kW. Mootor t\u00f6\u00f6tab bensiini pealt ning on loodud usaldusv\u00e4\u00e4rseks ja pikaajaliseks t\u00f6\u00f6ks ka rasketes tingimustes.<\/p>\n<p>Peamine kasutusala on betoonitihendamine ehk betoonist t\u00fchimike eemaldamine nii monoliitsetest konstruktsioonidest, vundamentidest kui ka suurematest betoneeritavatest pindadest. Selleks liidetakse LRF40 ajamile spetsiaalne sisemine vibratsioonipea, mis tekitab betooni sisse vibratsiooni. See vibratsioon v\u00f5imaldab v\u00e4rskes betoonis olevat \u00f5hku ja liigset vett eemaldada, mille tulemusena tugevneb betoon \u00fchtlaselt ja on l\u00f5plikus olekus kergem ning vastupidavam.<\/p>\n<p>Lisaks betoonivibratsioonile saab sama ajami kasutada veepumba toiteallikana. Selleks kinnitatakse LRF40 mootori k\u00fclge Lumag SP-50 veepump, mis suudab pumbata nii selget kui ka mustjashvenset vett. N\u00e4iteks basseinitest, vabalt seisvatest veekogudest, paakidest v\u00f5i isegi pinnasetelt \u00fcleujutuste ajal. Pumba v\u00f5imsus on kuni 12 000 l\/h ning see suudab t\u00f5sta vett kuni umbes 15 m k\u00f5rgusele, mis teeb selle sobivaks nii aianduse, ehituse kui ka h\u00e4daolukordadega seotud drenaa\u017eit\u00f6\u00f6de jaoks.<\/p>\n<p>LRF40 on valmistatud vastupidava konstruktsiooniga ja varustatud kiirelt lahtik\u00e4iva \u00fchenduss\u00fcsteemiga, mis v\u00f5imaldab seadet kiiresti kohandada erinevate t\u00f6\u00f6\u00fclesannete jaoks. See universaalne lahendus on ideaalne neile, kes vajavad \u00fcht seadet mitme funktsiooni t\u00e4itmiseks. <\/p>\n<p>Lumag bensiinimootoriga betoonitihendaja ja veepump LRF-40<\/p>\n","protected":false},"excerpt":{"rendered":"<p>Lumag bensiinimootoriga betoonitihendaja ja veepump LRF-40<br \/>\nMootor: 1-silindriline 4-taktiline OHV mootor<br \/>\nMootori v\u00f5imsus: 4.0 kW<br \/>\nBensiinipaagi maht: 3.6 l<br \/>\nBetoonitihendaja nuia pikkus: 6 m<br \/>\nBetoonitihendaja nuia l\u00e4bim\u00f5\u00f5t: 45 mm<br \/>\nPumpamisel vee edastusk\u00f5rgus: 15 m<br \/>\nVooliku l\u00e4bim\u00f5\u00f5t: 75 mm<br \/>\nVooliku pikkus: 6 m<br \/>\nVoolukiirus pumpamisel: 12 000 l\/h<br \/>\nTootja: Lumag<br \/>\nMudel: LRF-40<br \/>\nTootekood: LFR 40<br \/>\nMasina kaal: 26  kg<br \/>\n<strong>Eeldatav tarneaeg 2-3 n\u00e4dalat<\/strong><\/p>\n","protected":false},"featured_media":30932,"template":"","meta":{"inline_featured_image":false},"product_cat":[100,1041,1090],"product_tag":[3512,3510,3513,3511],"class_list":{"0":"post-30927","1":"product","2":"type-product","3":"status-publish","4":"has-post-thumbnail","6":"product_brand-lumag","7":"product_cat-betoonikopterid-ja-tihendajad","8":"product_cat-drenaazi-ja-sukelpumbad","9":"product_cat-ehitustehnika","10":"product_tag-lfr-40","11":"product_tag-lrf-40","12":"product_tag-lumag-bensiinimootoriga-betoonitihendaja-ja-veepump-lrf-40","13":"product_tag-sp-50","15":"first","16":"onbackorder","17":"taxable","18":"shipping-taxable","19":"purchasable","20":"product-type-simple"},"yoast_head":"<!-- This site is optimized with the Yoast SEO plugin v27.4 - https:\/\/yoast.com\/product\/yoast-seo-wordpress\/ -->\n<title>Lumag bensiinimootoriga betoonitihendaja ja veepump LRF-40<\/title>\n<meta name=\"description\" content=\"Lumag bensiinimootoriga betoonitihendaja ja veepump LRF-40 Valmistatud vastupidava konstruktsiooniga ja varustatud kiirelt lahtik\u00e4iva \u00fchenduss\u00fcsteemiga\" \/>\n<meta name=\"robots\" content=\"index, follow, max-snippet:-1, max-image-preview:large, max-video-preview:-1\" \/>\n<link rel=\"canonical\" href=\"https:\/\/ranoja.ee\/toode\/lumag-bensiinimootoriga-betoonitihendaja-ja-veepump-lrf-40\/\" \/>\n<meta property=\"og:locale\" content=\"en_US\" \/>\n<meta property=\"og:type\" content=\"article\" \/>\n<meta property=\"og:title\" content=\"Lumag bensiinimootoriga betoonitihendaja ja veepump LRF-40\" \/>\n<meta property=\"og:description\" content=\"Lumag bensiinimootoriga betoonitihendaja ja veepump LRF-40 Valmistatud vastupidava konstruktsiooniga ja varustatud kiirelt lahtik\u00e4iva \u00fchenduss\u00fcsteemiga\" \/>\n<meta property=\"og:url\" content=\"https:\/\/ranoja.ee\/toode\/lumag-bensiinimootoriga-betoonitihendaja-ja-veepump-lrf-40\/\" \/>\n<meta property=\"og:site_name\" content=\"Ranoja\" \/>\n<meta property=\"article:publisher\" content=\"https:\/\/www.facebook.com\/ranoja.ee\" \/>\n<meta property=\"article:modified_time\" content=\"2026-02-09T12:35:47+00:00\" \/>\n<meta property=\"og:image\" content=\"https:\/\/ranoja.ee\/wp-content\/uploads\/2026\/02\/Lumag-bensiinimootoriga-betoonitihendaja-ja-veepump-LRF-40-1.png\" \/>\n\t<meta property=\"og:image:width\" content=\"1500\" \/>\n\t<meta property=\"og:image:height\" content=\"1500\" \/>\n\t<meta property=\"og:image:type\" content=\"image\/png\" \/>\n<meta name=\"twitter:card\" content=\"summary_large_image\" \/>\n<meta name=\"twitter:label1\" content=\"Est. reading time\" \/>\n\t<meta name=\"twitter:data1\" content=\"1 minute\" \/>\n<script type=\"application\/ld+json\" class=\"yoast-schema-graph\">{\"@context\":\"https:\\\/\\\/schema.org\",\"@graph\":[{\"@type\":\"WebPage\",\"@id\":\"https:\\\/\\\/ranoja.ee\\\/toode\\\/lumag-bensiinimootoriga-betoonitihendaja-ja-veepump-lrf-40\\\/\",\"url\":\"https:\\\/\\\/ranoja.ee\\\/toode\\\/lumag-bensiinimootoriga-betoonitihendaja-ja-veepump-lrf-40\\\/\",\"name\":\"Lumag bensiinimootoriga betoonitihendaja ja veepump LRF-40\",\"isPartOf\":{\"@id\":\"https:\\\/\\\/ranoja.ee\\\/#website\"},\"primaryImageOfPage\":{\"@id\":\"https:\\\/\\\/ranoja.ee\\\/toode\\\/lumag-bensiinimootoriga-betoonitihendaja-ja-veepump-lrf-40\\\/#primaryimage\"},\"image\":{\"@id\":\"https:\\\/\\\/ranoja.ee\\\/toode\\\/lumag-bensiinimootoriga-betoonitihendaja-ja-veepump-lrf-40\\\/#primaryimage\"},\"thumbnailUrl\":\"https:\\\/\\\/ranoja.ee\\\/wp-content\\\/uploads\\\/2026\\\/02\\\/Lumag-bensiinimootoriga-betoonitihendaja-ja-veepump-LRF-40-1.png\",\"datePublished\":\"2026-02-09T12:35:46+00:00\",\"dateModified\":\"2026-02-09T12:35:47+00:00\",\"description\":\"Lumag bensiinimootoriga betoonitihendaja ja veepump LRF-40 Valmistatud vastupidava konstruktsiooniga ja varustatud kiirelt lahtik\u00e4iva \u00fchenduss\u00fcsteemiga\",\"breadcrumb\":{\"@id\":\"https:\\\/\\\/ranoja.ee\\\/toode\\\/lumag-bensiinimootoriga-betoonitihendaja-ja-veepump-lrf-40\\\/#breadcrumb\"},\"inLanguage\":\"en-US\",\"potentialAction\":[{\"@type\":\"ReadAction\",\"target\":[\"https:\\\/\\\/ranoja.ee\\\/toode\\\/lumag-bensiinimootoriga-betoonitihendaja-ja-veepump-lrf-40\\\/\"]}]},{\"@type\":\"ImageObject\",\"inLanguage\":\"en-US\",\"@id\":\"https:\\\/\\\/ranoja.ee\\\/toode\\\/lumag-bensiinimootoriga-betoonitihendaja-ja-veepump-lrf-40\\\/#primaryimage\",\"url\":\"https:\\\/\\\/ranoja.ee\\\/wp-content\\\/uploads\\\/2026\\\/02\\\/Lumag-bensiinimootoriga-betoonitihendaja-ja-veepump-LRF-40-1.png\",\"contentUrl\":\"https:\\\/\\\/ranoja.ee\\\/wp-content\\\/uploads\\\/2026\\\/02\\\/Lumag-bensiinimootoriga-betoonitihendaja-ja-veepump-LRF-40-1.png\",\"width\":1500,\"height\":1500,\"caption\":\"Lumag bensiinimootoriga betoonitihendaja ja veepump LRF 40\"},{\"@type\":\"BreadcrumbList\",\"@id\":\"https:\\\/\\\/ranoja.ee\\\/toode\\\/lumag-bensiinimootoriga-betoonitihendaja-ja-veepump-lrf-40\\\/#breadcrumb\",\"itemListElement\":[{\"@type\":\"ListItem\",\"position\":1,\"name\":\"Home\",\"item\":\"https:\\\/\\\/ranoja.ee\\\/\"},{\"@type\":\"ListItem\",\"position\":2,\"name\":\"Shop\",\"item\":\"https:\\\/\\\/ranoja.ee\\\/en\\\/shop\\\/\"},{\"@type\":\"ListItem\",\"position\":3,\"name\":\"Lumag bensiinimootoriga betoonitihendaja ja veepump LRF-40\"}]},{\"@type\":\"WebSite\",\"@id\":\"https:\\\/\\\/ranoja.ee\\\/#website\",\"url\":\"https:\\\/\\\/ranoja.ee\\\/\",\"name\":\"Ranoja\",\"description\":\"Equipment Shop WooCommerce WordPress Theme for Machine &amp; Tools\",\"publisher\":{\"@id\":\"https:\\\/\\\/ranoja.ee\\\/#organization\"},\"potentialAction\":[{\"@type\":\"SearchAction\",\"target\":{\"@type\":\"EntryPoint\",\"urlTemplate\":\"https:\\\/\\\/ranoja.ee\\\/?s={search_term_string}\"},\"query-input\":{\"@type\":\"PropertyValueSpecification\",\"valueRequired\":true,\"valueName\":\"search_term_string\"}}],\"inLanguage\":\"en-US\"},{\"@type\":\"Organization\",\"@id\":\"https:\\\/\\\/ranoja.ee\\\/#organization\",\"name\":\"Ranoja O\u00dc\",\"url\":\"https:\\\/\\\/ranoja.ee\\\/\",\"logo\":{\"@type\":\"ImageObject\",\"inLanguage\":\"en-US\",\"@id\":\"https:\\\/\\\/ranoja.ee\\\/#\\\/schema\\\/logo\\\/image\\\/\",\"url\":\"https:\\\/\\\/ranoja.ee\\\/wp-content\\\/uploads\\\/2023\\\/11\\\/ranoja-Logo.png\",\"contentUrl\":\"https:\\\/\\\/ranoja.ee\\\/wp-content\\\/uploads\\\/2023\\\/11\\\/ranoja-Logo.png\",\"width\":207,\"height\":58,\"caption\":\"Ranoja O\u00dc\"},\"image\":{\"@id\":\"https:\\\/\\\/ranoja.ee\\\/#\\\/schema\\\/logo\\\/image\\\/\"},\"sameAs\":[\"https:\\\/\\\/www.facebook.com\\\/ranoja.ee\",\"https:\\\/\\\/www.instagram.com\\\/ranoja__\\\/\"]}]}<\/script>\n<!-- \/ Yoast SEO plugin. -->","yoast_head_json":{"title":"Lumag bensiinimootoriga betoonitihendaja ja veepump LRF-40","description":"Lumag bensiinimootoriga betoonitihendaja ja veepump LRF-40 Valmistatud vastupidava konstruktsiooniga ja varustatud kiirelt lahtik\u00e4iva \u00fchenduss\u00fcsteemiga","robots":{"index":"index","follow":"follow","max-snippet":"max-snippet:-1","max-image-preview":"max-image-preview:large","max-video-preview":"max-video-preview:-1"},"canonical":"https:\/\/ranoja.ee\/toode\/lumag-bensiinimootoriga-betoonitihendaja-ja-veepump-lrf-40\/","og_locale":"en_US","og_type":"article","og_title":"Lumag bensiinimootoriga betoonitihendaja ja veepump LRF-40","og_description":"Lumag bensiinimootoriga betoonitihendaja ja veepump LRF-40 Valmistatud vastupidava konstruktsiooniga ja varustatud kiirelt lahtik\u00e4iva \u00fchenduss\u00fcsteemiga","og_url":"https:\/\/ranoja.ee\/toode\/lumag-bensiinimootoriga-betoonitihendaja-ja-veepump-lrf-40\/","og_site_name":"Ranoja","article_publisher":"https:\/\/www.facebook.com\/ranoja.ee","article_modified_time":"2026-02-09T12:35:47+00:00","og_image":[{"width":1500,"height":1500,"url":"https:\/\/ranoja.ee\/wp-content\/uploads\/2026\/02\/Lumag-bensiinimootoriga-betoonitihendaja-ja-veepump-LRF-40-1.png","type":"image\/png"}],"twitter_card":"summary_large_image","twitter_misc":{"Est. reading time":"1 minute"},"schema":{"@context":"https:\/\/schema.org","@graph":[{"@type":"WebPage","@id":"https:\/\/ranoja.ee\/toode\/lumag-bensiinimootoriga-betoonitihendaja-ja-veepump-lrf-40\/","url":"https:\/\/ranoja.ee\/toode\/lumag-bensiinimootoriga-betoonitihendaja-ja-veepump-lrf-40\/","name":"Lumag bensiinimootoriga betoonitihendaja ja veepump LRF-40","isPartOf":{"@id":"https:\/\/ranoja.ee\/#website"},"primaryImageOfPage":{"@id":"https:\/\/ranoja.ee\/toode\/lumag-bensiinimootoriga-betoonitihendaja-ja-veepump-lrf-40\/#primaryimage"},"image":{"@id":"https:\/\/ranoja.ee\/toode\/lumag-bensiinimootoriga-betoonitihendaja-ja-veepump-lrf-40\/#primaryimage"},"thumbnailUrl":"https:\/\/ranoja.ee\/wp-content\/uploads\/2026\/02\/Lumag-bensiinimootoriga-betoonitihendaja-ja-veepump-LRF-40-1.png","datePublished":"2026-02-09T12:35:46+00:00","dateModified":"2026-02-09T12:35:47+00:00","description":"Lumag bensiinimootoriga betoonitihendaja ja veepump LRF-40 Valmistatud vastupidava konstruktsiooniga ja varustatud kiirelt lahtik\u00e4iva \u00fchenduss\u00fcsteemiga","breadcrumb":{"@id":"https:\/\/ranoja.ee\/toode\/lumag-bensiinimootoriga-betoonitihendaja-ja-veepump-lrf-40\/#breadcrumb"},"inLanguage":"en-US","potentialAction":[{"@type":"ReadAction","target":["https:\/\/ranoja.ee\/toode\/lumag-bensiinimootoriga-betoonitihendaja-ja-veepump-lrf-40\/"]}]},{"@type":"ImageObject","inLanguage":"en-US","@id":"https:\/\/ranoja.ee\/toode\/lumag-bensiinimootoriga-betoonitihendaja-ja-veepump-lrf-40\/#primaryimage","url":"https:\/\/ranoja.ee\/wp-content\/uploads\/2026\/02\/Lumag-bensiinimootoriga-betoonitihendaja-ja-veepump-LRF-40-1.png","contentUrl":"https:\/\/ranoja.ee\/wp-content\/uploads\/2026\/02\/Lumag-bensiinimootoriga-betoonitihendaja-ja-veepump-LRF-40-1.png","width":1500,"height":1500,"caption":"Lumag bensiinimootoriga betoonitihendaja ja veepump LRF 40"},{"@type":"BreadcrumbList","@id":"https:\/\/ranoja.ee\/toode\/lumag-bensiinimootoriga-betoonitihendaja-ja-veepump-lrf-40\/#breadcrumb","itemListElement":[{"@type":"ListItem","position":1,"name":"Home","item":"https:\/\/ranoja.ee\/"},{"@type":"ListItem","position":2,"name":"Shop","item":"https:\/\/ranoja.ee\/en\/shop\/"},{"@type":"ListItem","position":3,"name":"Lumag bensiinimootoriga betoonitihendaja ja veepump LRF-40"}]},{"@type":"WebSite","@id":"https:\/\/ranoja.ee\/#website","url":"https:\/\/ranoja.ee\/","name":"Ranoja","description":"Equipment Shop WooCommerce WordPress Theme for Machine &amp; Tools","publisher":{"@id":"https:\/\/ranoja.ee\/#organization"},"potentialAction":[{"@type":"SearchAction","target":{"@type":"EntryPoint","urlTemplate":"https:\/\/ranoja.ee\/?s={search_term_string}"},"query-input":{"@type":"PropertyValueSpecification","valueRequired":true,"valueName":"search_term_string"}}],"inLanguage":"en-US"},{"@type":"Organization","@id":"https:\/\/ranoja.ee\/#organization","name":"Ranoja O\u00dc","url":"https:\/\/ranoja.ee\/","logo":{"@type":"ImageObject","inLanguage":"en-US","@id":"https:\/\/ranoja.ee\/#\/schema\/logo\/image\/","url":"https:\/\/ranoja.ee\/wp-content\/uploads\/2023\/11\/ranoja-Logo.png","contentUrl":"https:\/\/ranoja.ee\/wp-content\/uploads\/2023\/11\/ranoja-Logo.png","width":207,"height":58,"caption":"Ranoja O\u00dc"},"image":{"@id":"https:\/\/ranoja.ee\/#\/schema\/logo\/image\/"},"sameAs":["https:\/\/www.facebook.com\/ranoja.ee","https:\/\/www.instagram.com\/ranoja__\/"]}]}},"_links":{"self":[{"href":"https:\/\/ranoja.ee\/en\/wp-json\/wp\/v2\/product\/30927","targetHints":{"allow":["GET"]}}],"collection":[{"href":"https:\/\/ranoja.ee\/en\/wp-json\/wp\/v2\/product"}],"about":[{"href":"https:\/\/ranoja.ee\/en\/wp-json\/wp\/v2\/types\/product"}],"wp:featuredmedia":[{"embeddable":true,"href":"https:\/\/ranoja.ee\/en\/wp-json\/wp\/v2\/media\/30932"}],"wp:attachment":[{"href":"https:\/\/ranoja.ee\/en\/wp-json\/wp\/v2\/media?parent=30927"}],"wp:term":[{"taxonomy":"product_cat","embeddable":true,"href":"https:\/\/ranoja.ee\/en\/wp-json\/wp\/v2\/product_cat?post=30927"},{"taxonomy":"product_tag","embeddable":true,"href":"https:\/\/ranoja.ee\/en\/wp-json\/wp\/v2\/product_tag?post=30927"}],"curies":[{"name":"wp","href":"https:\/\/api.w.org\/{rel}","templated":true}]}}