{"id":30783,"date":"2026-02-06T17:53:27","date_gmt":"2026-02-06T14:53:27","guid":{"rendered":"https:\/\/ranoja.ee\/?post_type=product&#038;p=30783"},"modified":"2026-02-09T11:02:21","modified_gmt":"2026-02-09T08:02:21","slug":"lumag-bensiinimootoriga-muruohutaja-v-50pro","status":"publish","type":"product","link":"https:\/\/ranoja.ee\/en\/toode\/lumag-bensiinimootoriga-muruohutaja-v-50pro\/","title":{"rendered":"Lumag bensiinimootoriga muru\u00f5hutaja V-50PRO"},"content":{"rendered":"<p>Lumag bensiinimootoriga muru\u00f5hutaja V-50PRO <\/p>\n<p>T\u00f5hus ja t\u00f6\u00f6kindel muru\u00f5hutaja, mis on m\u00f5eldud muru kvaliteedi parandamiseks ja murupinna hooldamiseks nii koduaias kui suurematel haljasaladel. See masin aitab murult eemaldada umbrohtu, sambla, surnud rohuloomistiku ja muu tiheda materjali, mis v\u00f5ib takistada \u00f5hu, vee ja v\u00e4etiste j\u00f5udmist murutaimede juurte juurde. See omakorda soodustab murutervise halvenemist.<\/p>\n<p>V-50PRO t\u00f6\u00f6tab 4-taktse OHV-bensiinimootoriga (umbes 212 cm\u00b3), mis annab piisava j\u00f5u tiheda muru ja taimestiku l\u00e4biharimiseks. Selle t\u00f6\u00f6riista t\u00f6\u00f6laiks on 500 mm. See v\u00f5imaldab katta m\u00e4rkimisv\u00e4\u00e4rse pinna \u00fche l\u00e4bimisega ning kiirendab hooldust\u00f6id. Masinal on umbes 30 terast harutera, mis p\u00f6\u00f6rlevad ja l\u00f5ikavad muru pinnalt v\u00e4lja surnud taimestiku ja sambl. Tagades puhtama ja \u00f5hutatud muru.<\/p>\n<p>\u00dcks V-50PRO t\u00e4htsamaid omadusi on s\u00fcgavuse reguleerimine, mida saab teha sujuvalt esmalt rooli k\u00fcljes oleva rattaga ja hoovaga. See v\u00f5imaldab kohandada harimist vastavalt muru seisukorrale ja pinnase tihedusele. Masin suudab harida murda kuni umbes 19 mm s\u00fcgavuseni, mis aitab efektiivselt eemaldada tahket taimestikku ja tihedaid kobaraid.<\/p>\n<p>Vahustatud k\u00e4epide ja kokkupandav juhthaarats tagavad mugavama k\u00e4sitsemise ja lihtsama transportimise v\u00f5i hoiustamise, kui masinat ei kasutata.<\/p>\n<p>Kasutusala h\u00f5lmab eelk\u00f5ige:<br \/>\n\u2022 Muru \u00f5hutamine ja sambla eemaldamine, mis muudab rohu tihedamaks ja tervemaks<br \/>\n\u2022 Surnud taimestiku ja rohuloomistiku puhastamine, valmistamaks pinda ette k\u00fclvikorraks v\u00f5i v\u00e4etamiseks<br \/>\n\u2022 Haljastus- ja hooldust\u00f6\u00f6d, kus murupinnalt tuleb eemaldada juurdunud umbrohi ja tihedad kihtid<br \/>\n\u2022 Muru taastamine olukordades, kus see on muutunud tihkeks v\u00f5i umbrohurohkeks<\/p>\n<p>Lumag bensiinimootoriga muru\u00f5hutaja V-50PRO <\/p>\n","protected":false},"excerpt":{"rendered":"<p>Lumag bensiinimootoriga muru\u00f5hutaja V-50PRO<br \/>\nMootor: 4-taktiline OHV bensiinimootor<br \/>\nMootori t\u00f6\u00f6maht: 212 cm\u00b3<br \/>\nMootori k\u00e4ivituss\u00fcsteem: Tagasil\u00f6\u00f6gik\u00e4iviti<br \/>\nMaksimaalne mootori v\u00f5imsus: 4.4 kW 3600 p\/min juures<br \/>\nK\u00fctus: Pliiivaba bensiin<br \/>\nK\u00fctuse paagi maht: 3 liitrit<br \/>\n\u00d5lipaagi maht: 0.6 liitrit<br \/>\nMuruniidukiterad: 30 tk<br \/>\nT\u00f6\u00f6laius: 500 mm<br \/>\nK\u00f5rguse reguleerimine: K\u00e4sitsi reguleeritav kangi abil, astmevaba<br \/>\nMaksimaalne s\u00fcgavus: 19 mm<br \/>\nM\u00f5\u00f5tmed (PxLxK): 1100 x 740 x 930 mm<br \/>\nMudel: V-50PRO<br \/>\nTootekood: V50PRO<br \/>\nKaal: 70 kg<br \/>\n<strong>Eeldatav tarneaeg 2-3 n\u00e4dalat<\/strong><\/p>\n","protected":false},"featured_media":30874,"template":"","meta":{"inline_featured_image":false},"product_cat":[1079,1083],"product_tag":[3500,134,3497,157,3498,3499],"class_list":{"0":"post-30783","1":"product","2":"type-product","3":"status-publish","4":"has-post-thumbnail","6":"product_brand-lumag","7":"product_cat-aiatehnika-ja-niidutehnika","8":"product_cat-muruohutajad","9":"product_tag-bensiinimootoriga-muruohutaja","10":"product_tag-lumag","11":"product_tag-lumag-bensiinimootoriga-muruohutaja-v-50pro","12":"product_tag-muruohutaja","13":"product_tag-v-50pro","14":"product_tag-v50pro","16":"first","17":"onbackorder","18":"taxable","19":"shipping-taxable","20":"purchasable","21":"product-type-simple"},"yoast_head":"<!-- This site is optimized with the Yoast SEO plugin v27.4 - https:\/\/yoast.com\/product\/yoast-seo-wordpress\/ -->\n<title>Lumag bensiinimootoriga muru\u00f5hutaja V-50PRO<\/title>\n<meta name=\"description\" content=\"Lumag bensiinimootoriga muru\u00f5hutaja V-50PRO Muru\u00f5hutajaga muru \u00f5hutamine ja sambla eemaldamine muudab rohu tihedamaks ja tervemaks.\" \/>\n<meta name=\"robots\" content=\"index, follow, max-snippet:-1, max-image-preview:large, max-video-preview:-1\" \/>\n<link rel=\"canonical\" href=\"https:\/\/ranoja.ee\/toode\/lumag-bensiinimootoriga-muruohutaja-v-50pro\/\" \/>\n<meta property=\"og:locale\" content=\"en_US\" \/>\n<meta property=\"og:type\" content=\"article\" \/>\n<meta property=\"og:title\" content=\"Lumag bensiinimootoriga muru\u00f5hutaja V-50PRO\" \/>\n<meta property=\"og:description\" content=\"Lumag bensiinimootoriga muru\u00f5hutaja V-50PRO Muru\u00f5hutajaga muru \u00f5hutamine ja sambla eemaldamine muudab rohu tihedamaks ja tervemaks.\" \/>\n<meta property=\"og:url\" content=\"https:\/\/ranoja.ee\/toode\/lumag-bensiinimootoriga-muruohutaja-v-50pro\/\" \/>\n<meta property=\"og:site_name\" content=\"Ranoja\" \/>\n<meta property=\"article:publisher\" content=\"https:\/\/www.facebook.com\/ranoja.ee\" \/>\n<meta property=\"article:modified_time\" content=\"2026-02-09T08:02:21+00:00\" \/>\n<meta property=\"og:image\" content=\"https:\/\/ranoja.ee\/wp-content\/uploads\/2026\/02\/Lumag-bensiinimootoriga-muruohutaja-V-50PRO.png\" \/>\n\t<meta property=\"og:image:width\" content=\"1500\" \/>\n\t<meta property=\"og:image:height\" content=\"1500\" \/>\n\t<meta property=\"og:image:type\" content=\"image\/png\" \/>\n<meta name=\"twitter:card\" content=\"summary_large_image\" \/>\n<meta name=\"twitter:label1\" content=\"Est. reading time\" \/>\n\t<meta name=\"twitter:data1\" content=\"1 minute\" \/>\n<script type=\"application\/ld+json\" class=\"yoast-schema-graph\">{\"@context\":\"https:\\\/\\\/schema.org\",\"@graph\":[{\"@type\":\"WebPage\",\"@id\":\"https:\\\/\\\/ranoja.ee\\\/toode\\\/lumag-bensiinimootoriga-muruohutaja-v-50pro\\\/\",\"url\":\"https:\\\/\\\/ranoja.ee\\\/toode\\\/lumag-bensiinimootoriga-muruohutaja-v-50pro\\\/\",\"name\":\"Lumag bensiinimootoriga muru\u00f5hutaja V-50PRO\",\"isPartOf\":{\"@id\":\"https:\\\/\\\/ranoja.ee\\\/#website\"},\"primaryImageOfPage\":{\"@id\":\"https:\\\/\\\/ranoja.ee\\\/toode\\\/lumag-bensiinimootoriga-muruohutaja-v-50pro\\\/#primaryimage\"},\"image\":{\"@id\":\"https:\\\/\\\/ranoja.ee\\\/toode\\\/lumag-bensiinimootoriga-muruohutaja-v-50pro\\\/#primaryimage\"},\"thumbnailUrl\":\"https:\\\/\\\/ranoja.ee\\\/wp-content\\\/uploads\\\/2026\\\/02\\\/Lumag-bensiinimootoriga-muruohutaja-V-50PRO.png\",\"datePublished\":\"2026-02-06T14:53:27+00:00\",\"dateModified\":\"2026-02-09T08:02:21+00:00\",\"description\":\"Lumag bensiinimootoriga muru\u00f5hutaja V-50PRO Muru\u00f5hutajaga muru \u00f5hutamine ja sambla eemaldamine muudab rohu tihedamaks ja tervemaks.\",\"breadcrumb\":{\"@id\":\"https:\\\/\\\/ranoja.ee\\\/toode\\\/lumag-bensiinimootoriga-muruohutaja-v-50pro\\\/#breadcrumb\"},\"inLanguage\":\"en-US\",\"potentialAction\":[{\"@type\":\"ReadAction\",\"target\":[\"https:\\\/\\\/ranoja.ee\\\/toode\\\/lumag-bensiinimootoriga-muruohutaja-v-50pro\\\/\"]}]},{\"@type\":\"ImageObject\",\"inLanguage\":\"en-US\",\"@id\":\"https:\\\/\\\/ranoja.ee\\\/toode\\\/lumag-bensiinimootoriga-muruohutaja-v-50pro\\\/#primaryimage\",\"url\":\"https:\\\/\\\/ranoja.ee\\\/wp-content\\\/uploads\\\/2026\\\/02\\\/Lumag-bensiinimootoriga-muruohutaja-V-50PRO.png\",\"contentUrl\":\"https:\\\/\\\/ranoja.ee\\\/wp-content\\\/uploads\\\/2026\\\/02\\\/Lumag-bensiinimootoriga-muruohutaja-V-50PRO.png\",\"width\":1500,\"height\":1500,\"caption\":\"Lumag bensiinimootoriga muru\u00f5hutaja V-50PRO\"},{\"@type\":\"BreadcrumbList\",\"@id\":\"https:\\\/\\\/ranoja.ee\\\/toode\\\/lumag-bensiinimootoriga-muruohutaja-v-50pro\\\/#breadcrumb\",\"itemListElement\":[{\"@type\":\"ListItem\",\"position\":1,\"name\":\"Home\",\"item\":\"https:\\\/\\\/ranoja.ee\\\/\"},{\"@type\":\"ListItem\",\"position\":2,\"name\":\"Shop\",\"item\":\"https:\\\/\\\/ranoja.ee\\\/en\\\/shop\\\/\"},{\"@type\":\"ListItem\",\"position\":3,\"name\":\"Lumag bensiinimootoriga muru\u00f5hutaja V-50PRO\"}]},{\"@type\":\"WebSite\",\"@id\":\"https:\\\/\\\/ranoja.ee\\\/#website\",\"url\":\"https:\\\/\\\/ranoja.ee\\\/\",\"name\":\"Ranoja\",\"description\":\"Equipment Shop WooCommerce WordPress Theme for Machine &amp; Tools\",\"publisher\":{\"@id\":\"https:\\\/\\\/ranoja.ee\\\/#organization\"},\"potentialAction\":[{\"@type\":\"SearchAction\",\"target\":{\"@type\":\"EntryPoint\",\"urlTemplate\":\"https:\\\/\\\/ranoja.ee\\\/?s={search_term_string}\"},\"query-input\":{\"@type\":\"PropertyValueSpecification\",\"valueRequired\":true,\"valueName\":\"search_term_string\"}}],\"inLanguage\":\"en-US\"},{\"@type\":\"Organization\",\"@id\":\"https:\\\/\\\/ranoja.ee\\\/#organization\",\"name\":\"Ranoja O\u00dc\",\"url\":\"https:\\\/\\\/ranoja.ee\\\/\",\"logo\":{\"@type\":\"ImageObject\",\"inLanguage\":\"en-US\",\"@id\":\"https:\\\/\\\/ranoja.ee\\\/#\\\/schema\\\/logo\\\/image\\\/\",\"url\":\"https:\\\/\\\/ranoja.ee\\\/wp-content\\\/uploads\\\/2023\\\/11\\\/ranoja-Logo.png\",\"contentUrl\":\"https:\\\/\\\/ranoja.ee\\\/wp-content\\\/uploads\\\/2023\\\/11\\\/ranoja-Logo.png\",\"width\":207,\"height\":58,\"caption\":\"Ranoja O\u00dc\"},\"image\":{\"@id\":\"https:\\\/\\\/ranoja.ee\\\/#\\\/schema\\\/logo\\\/image\\\/\"},\"sameAs\":[\"https:\\\/\\\/www.facebook.com\\\/ranoja.ee\",\"https:\\\/\\\/www.instagram.com\\\/ranoja__\\\/\"]}]}<\/script>\n<!-- \/ Yoast SEO plugin. -->","yoast_head_json":{"title":"Lumag bensiinimootoriga muru\u00f5hutaja V-50PRO","description":"Lumag bensiinimootoriga muru\u00f5hutaja V-50PRO Muru\u00f5hutajaga muru \u00f5hutamine ja sambla eemaldamine muudab rohu tihedamaks ja tervemaks.","robots":{"index":"index","follow":"follow","max-snippet":"max-snippet:-1","max-image-preview":"max-image-preview:large","max-video-preview":"max-video-preview:-1"},"canonical":"https:\/\/ranoja.ee\/toode\/lumag-bensiinimootoriga-muruohutaja-v-50pro\/","og_locale":"en_US","og_type":"article","og_title":"Lumag bensiinimootoriga muru\u00f5hutaja V-50PRO","og_description":"Lumag bensiinimootoriga muru\u00f5hutaja V-50PRO Muru\u00f5hutajaga muru \u00f5hutamine ja sambla eemaldamine muudab rohu tihedamaks ja tervemaks.","og_url":"https:\/\/ranoja.ee\/toode\/lumag-bensiinimootoriga-muruohutaja-v-50pro\/","og_site_name":"Ranoja","article_publisher":"https:\/\/www.facebook.com\/ranoja.ee","article_modified_time":"2026-02-09T08:02:21+00:00","og_image":[{"width":1500,"height":1500,"url":"https:\/\/ranoja.ee\/wp-content\/uploads\/2026\/02\/Lumag-bensiinimootoriga-muruohutaja-V-50PRO.png","type":"image\/png"}],"twitter_card":"summary_large_image","twitter_misc":{"Est. reading time":"1 minute"},"schema":{"@context":"https:\/\/schema.org","@graph":[{"@type":"WebPage","@id":"https:\/\/ranoja.ee\/toode\/lumag-bensiinimootoriga-muruohutaja-v-50pro\/","url":"https:\/\/ranoja.ee\/toode\/lumag-bensiinimootoriga-muruohutaja-v-50pro\/","name":"Lumag bensiinimootoriga muru\u00f5hutaja V-50PRO","isPartOf":{"@id":"https:\/\/ranoja.ee\/#website"},"primaryImageOfPage":{"@id":"https:\/\/ranoja.ee\/toode\/lumag-bensiinimootoriga-muruohutaja-v-50pro\/#primaryimage"},"image":{"@id":"https:\/\/ranoja.ee\/toode\/lumag-bensiinimootoriga-muruohutaja-v-50pro\/#primaryimage"},"thumbnailUrl":"https:\/\/ranoja.ee\/wp-content\/uploads\/2026\/02\/Lumag-bensiinimootoriga-muruohutaja-V-50PRO.png","datePublished":"2026-02-06T14:53:27+00:00","dateModified":"2026-02-09T08:02:21+00:00","description":"Lumag bensiinimootoriga muru\u00f5hutaja V-50PRO Muru\u00f5hutajaga muru \u00f5hutamine ja sambla eemaldamine muudab rohu tihedamaks ja tervemaks.","breadcrumb":{"@id":"https:\/\/ranoja.ee\/toode\/lumag-bensiinimootoriga-muruohutaja-v-50pro\/#breadcrumb"},"inLanguage":"en-US","potentialAction":[{"@type":"ReadAction","target":["https:\/\/ranoja.ee\/toode\/lumag-bensiinimootoriga-muruohutaja-v-50pro\/"]}]},{"@type":"ImageObject","inLanguage":"en-US","@id":"https:\/\/ranoja.ee\/toode\/lumag-bensiinimootoriga-muruohutaja-v-50pro\/#primaryimage","url":"https:\/\/ranoja.ee\/wp-content\/uploads\/2026\/02\/Lumag-bensiinimootoriga-muruohutaja-V-50PRO.png","contentUrl":"https:\/\/ranoja.ee\/wp-content\/uploads\/2026\/02\/Lumag-bensiinimootoriga-muruohutaja-V-50PRO.png","width":1500,"height":1500,"caption":"Lumag bensiinimootoriga muru\u00f5hutaja V-50PRO"},{"@type":"BreadcrumbList","@id":"https:\/\/ranoja.ee\/toode\/lumag-bensiinimootoriga-muruohutaja-v-50pro\/#breadcrumb","itemListElement":[{"@type":"ListItem","position":1,"name":"Home","item":"https:\/\/ranoja.ee\/"},{"@type":"ListItem","position":2,"name":"Shop","item":"https:\/\/ranoja.ee\/en\/shop\/"},{"@type":"ListItem","position":3,"name":"Lumag bensiinimootoriga muru\u00f5hutaja V-50PRO"}]},{"@type":"WebSite","@id":"https:\/\/ranoja.ee\/#website","url":"https:\/\/ranoja.ee\/","name":"Ranoja","description":"Equipment Shop WooCommerce WordPress Theme for Machine &amp; Tools","publisher":{"@id":"https:\/\/ranoja.ee\/#organization"},"potentialAction":[{"@type":"SearchAction","target":{"@type":"EntryPoint","urlTemplate":"https:\/\/ranoja.ee\/?s={search_term_string}"},"query-input":{"@type":"PropertyValueSpecification","valueRequired":true,"valueName":"search_term_string"}}],"inLanguage":"en-US"},{"@type":"Organization","@id":"https:\/\/ranoja.ee\/#organization","name":"Ranoja O\u00dc","url":"https:\/\/ranoja.ee\/","logo":{"@type":"ImageObject","inLanguage":"en-US","@id":"https:\/\/ranoja.ee\/#\/schema\/logo\/image\/","url":"https:\/\/ranoja.ee\/wp-content\/uploads\/2023\/11\/ranoja-Logo.png","contentUrl":"https:\/\/ranoja.ee\/wp-content\/uploads\/2023\/11\/ranoja-Logo.png","width":207,"height":58,"caption":"Ranoja O\u00dc"},"image":{"@id":"https:\/\/ranoja.ee\/#\/schema\/logo\/image\/"},"sameAs":["https:\/\/www.facebook.com\/ranoja.ee","https:\/\/www.instagram.com\/ranoja__\/"]}]}},"_links":{"self":[{"href":"https:\/\/ranoja.ee\/en\/wp-json\/wp\/v2\/product\/30783","targetHints":{"allow":["GET"]}}],"collection":[{"href":"https:\/\/ranoja.ee\/en\/wp-json\/wp\/v2\/product"}],"about":[{"href":"https:\/\/ranoja.ee\/en\/wp-json\/wp\/v2\/types\/product"}],"wp:featuredmedia":[{"embeddable":true,"href":"https:\/\/ranoja.ee\/en\/wp-json\/wp\/v2\/media\/30874"}],"wp:attachment":[{"href":"https:\/\/ranoja.ee\/en\/wp-json\/wp\/v2\/media?parent=30783"}],"wp:term":[{"taxonomy":"product_cat","embeddable":true,"href":"https:\/\/ranoja.ee\/en\/wp-json\/wp\/v2\/product_cat?post=30783"},{"taxonomy":"product_tag","embeddable":true,"href":"https:\/\/ranoja.ee\/en\/wp-json\/wp\/v2\/product_tag?post=30783"}],"curies":[{"name":"wp","href":"https:\/\/api.w.org\/{rel}","templated":true}]}}