{"id":30772,"date":"2026-02-06T17:47:31","date_gmt":"2026-02-06T14:47:31","guid":{"rendered":"https:\/\/ranoja.ee\/?post_type=product&#038;p=30772"},"modified":"2026-02-06T17:47:32","modified_gmt":"2026-02-06T14:47:32","slug":"lumag-bensiinimootoriga-murukamara-loikur-rs-3000","status":"publish","type":"product","link":"https:\/\/ranoja.ee\/en\/toode\/lumag-bensiinimootoriga-murukamara-loikur-rs-3000\/","title":{"rendered":"Lumag bensiinimootoriga murukamara l\u00f5ikur RS-3000"},"content":{"rendered":"<p>Lumag bensiinimootoriga murukamara l\u00f5ikur RS-3000<\/p>\n<p>RS-3000 on v\u00f5imas murul\u00f5ikur, mis on loodud vana muru eemaldamiseks. P\u00e4rast niitmist saab muru lihtsalt kokku rullida ja eemaldada.<br \/>\nN\u00f5elte l\u00f5ikes\u00fcgavust saab hoova abil reguleerida kuueastmeliselt, v\u00f5imaldades kuni 35 mm l\u00f5ikes\u00fcgavust muru all. K\u00e4epideme disain h\u00f5lbustab masina juhtimist ja tera hoova kasutamist.<\/p>\n<p>Lisaturvalisuse tagamiseks liiguvad terad ainult l\u00f5ikesuunas. Masin on varustatud laiade \u00f5hkrehvidega, mis tagavad suurep\u00e4rase haarduvuse isegi m\u00e4rja muruga. V\u00f5imas 4.4 kW bensiinimootor tagab sujuva ja madala vibratsiooniga t\u00f6\u00f6. Ajamis\u00fcsteemil on kaks edasik\u00e4iku ja vabak\u00e4ik.<\/p>\n<p>Eriomadused:<br \/>\n Mugav t\u00f6\u00f6 t\u00e4nu h\u00e4sti disainitud juhtk\u00e4epidemele.<br \/>\n&#8211; 6-astmeline l\u00f5ikes\u00fcgavuse reguleerimine kuni 35 mm l\u00f5ikes\u00fcgavuseni<br \/>\n&#8211; 300 mm l\u00f5ikelaius<br \/>\n&#8211; V\u00f5imas bensiinimootor<br \/>\n&#8211; Kompaktne ja atraktiivne disain<br \/>\n&#8211; 2 edasik\u00e4iku efektiivsemaks t\u00f6\u00f6ajaks<\/p>\n<p>Lumag bensiinimootoriga murukamara l\u00f5ikur RS-3000<\/p>\n","protected":false},"excerpt":{"rendered":"<p>Lumag bensiinimootoriga murukamara l\u00f5ikur RS-3000<br \/>\nMootor: 4-taktiline OHV bensiinimootor<br \/>\nMootori t\u00f6\u00f6maht: 212 cm\u00b3<br \/>\nMootori k\u00e4ivituss\u00fcsteem: Tagasil\u00f6\u00f6giga starter<br \/>\nMaksimaalne mootori v\u00f5imsus: 4.4 kW 3600 p\/min juures<br \/>\nK\u00fctus: Pliiivaba bensiin<br \/>\nPaagi maht: 3.0 liitrit<br \/>\n\u00d5lipaagi maht: 0.6 liitrit<br \/>\nL\u00f5iketera: 1 TK<br \/>\nL\u00f5ikelaius: 300 mm<br \/>\nL\u00f5ikes\u00fcgavuse reguleerimine: K\u00e4sitsi kangi abil, 6-astmeline<br \/>\nMaksimaalne l\u00f5ikes\u00fcgavus: 35 mm<br \/>\nM\u00f5\u00f5tmed (P\/L\/K): 867 x 440 x 990 mm<br \/>\nMudel RS-3000<br \/>\nTootekood: RS3000<br \/>\nKaal: 100 kg<br \/>\n<strong>Eeldatav tarneaeg 2-3 n\u00e4dalat<\/strong><\/p>\n","protected":false},"featured_media":30781,"template":"","meta":{"inline_featured_image":false},"product_cat":[1079,1083],"product_tag":[134,3494,3496,157,3495],"class_list":{"0":"post-30772","1":"product","2":"type-product","3":"status-publish","4":"has-post-thumbnail","6":"product_brand-lumag","7":"product_cat-aiatehnika-ja-niidutehnika","8":"product_cat-muruohutajad","9":"product_tag-lumag","10":"product_tag-lumag-bensiinimootoriga-murukamara-loikur-rs-3000","11":"product_tag-murukamara-loikur","12":"product_tag-muruohutaja","13":"product_tag-rs3000","15":"first","16":"onbackorder","17":"taxable","18":"shipping-taxable","19":"purchasable","20":"product-type-simple"},"yoast_head":"<!-- This site is optimized with the Yoast SEO plugin v27.4 - https:\/\/yoast.com\/product\/yoast-seo-wordpress\/ -->\n<title>Lumag bensiinimootoriga murukamara l\u00f5ikur RS-3000<\/title>\n<meta name=\"description\" content=\"Lumag bensiinimootoriga murukamara l\u00f5ikur RS-3000 Masin on varustatud laiade \u00f5hkrehvidega, mis tagavad suurep\u00e4rase haarduvuse isegi m\u00e4rja muruga.\" \/>\n<meta name=\"robots\" content=\"index, follow, max-snippet:-1, max-image-preview:large, max-video-preview:-1\" \/>\n<link rel=\"canonical\" href=\"https:\/\/ranoja.ee\/toode\/lumag-bensiinimootoriga-murukamara-loikur-rs-3000\/\" \/>\n<meta property=\"og:locale\" content=\"en_US\" \/>\n<meta property=\"og:type\" content=\"article\" \/>\n<meta property=\"og:title\" content=\"Lumag bensiinimootoriga murukamara l\u00f5ikur RS-3000\" \/>\n<meta property=\"og:description\" content=\"Lumag bensiinimootoriga murukamara l\u00f5ikur RS-3000 Masin on varustatud laiade \u00f5hkrehvidega, mis tagavad suurep\u00e4rase haarduvuse isegi m\u00e4rja muruga.\" \/>\n<meta property=\"og:url\" content=\"https:\/\/ranoja.ee\/toode\/lumag-bensiinimootoriga-murukamara-loikur-rs-3000\/\" \/>\n<meta property=\"og:site_name\" content=\"Ranoja\" \/>\n<meta property=\"article:publisher\" content=\"https:\/\/www.facebook.com\/ranoja.ee\" \/>\n<meta property=\"article:modified_time\" content=\"2026-02-06T14:47:32+00:00\" \/>\n<meta property=\"og:image\" content=\"https:\/\/ranoja.ee\/wp-content\/uploads\/2026\/02\/Lumag-bensiinimootoriga-murukamara-loikur-RS-3000.png\" \/>\n\t<meta property=\"og:image:width\" content=\"1500\" \/>\n\t<meta property=\"og:image:height\" content=\"1500\" \/>\n\t<meta property=\"og:image:type\" content=\"image\/png\" \/>\n<meta name=\"twitter:card\" content=\"summary_large_image\" \/>\n<meta name=\"twitter:label1\" content=\"Est. reading time\" \/>\n\t<meta name=\"twitter:data1\" content=\"1 minute\" \/>\n<script type=\"application\/ld+json\" class=\"yoast-schema-graph\">{\"@context\":\"https:\\\/\\\/schema.org\",\"@graph\":[{\"@type\":\"WebPage\",\"@id\":\"https:\\\/\\\/ranoja.ee\\\/toode\\\/lumag-bensiinimootoriga-murukamara-loikur-rs-3000\\\/\",\"url\":\"https:\\\/\\\/ranoja.ee\\\/toode\\\/lumag-bensiinimootoriga-murukamara-loikur-rs-3000\\\/\",\"name\":\"Lumag bensiinimootoriga murukamara l\u00f5ikur RS-3000\",\"isPartOf\":{\"@id\":\"https:\\\/\\\/ranoja.ee\\\/#website\"},\"primaryImageOfPage\":{\"@id\":\"https:\\\/\\\/ranoja.ee\\\/toode\\\/lumag-bensiinimootoriga-murukamara-loikur-rs-3000\\\/#primaryimage\"},\"image\":{\"@id\":\"https:\\\/\\\/ranoja.ee\\\/toode\\\/lumag-bensiinimootoriga-murukamara-loikur-rs-3000\\\/#primaryimage\"},\"thumbnailUrl\":\"https:\\\/\\\/ranoja.ee\\\/wp-content\\\/uploads\\\/2026\\\/02\\\/Lumag-bensiinimootoriga-murukamara-loikur-RS-3000.png\",\"datePublished\":\"2026-02-06T14:47:31+00:00\",\"dateModified\":\"2026-02-06T14:47:32+00:00\",\"description\":\"Lumag bensiinimootoriga murukamara l\u00f5ikur RS-3000 Masin on varustatud laiade \u00f5hkrehvidega, mis tagavad suurep\u00e4rase haarduvuse isegi m\u00e4rja muruga.\",\"breadcrumb\":{\"@id\":\"https:\\\/\\\/ranoja.ee\\\/toode\\\/lumag-bensiinimootoriga-murukamara-loikur-rs-3000\\\/#breadcrumb\"},\"inLanguage\":\"en-US\",\"potentialAction\":[{\"@type\":\"ReadAction\",\"target\":[\"https:\\\/\\\/ranoja.ee\\\/toode\\\/lumag-bensiinimootoriga-murukamara-loikur-rs-3000\\\/\"]}]},{\"@type\":\"ImageObject\",\"inLanguage\":\"en-US\",\"@id\":\"https:\\\/\\\/ranoja.ee\\\/toode\\\/lumag-bensiinimootoriga-murukamara-loikur-rs-3000\\\/#primaryimage\",\"url\":\"https:\\\/\\\/ranoja.ee\\\/wp-content\\\/uploads\\\/2026\\\/02\\\/Lumag-bensiinimootoriga-murukamara-loikur-RS-3000.png\",\"contentUrl\":\"https:\\\/\\\/ranoja.ee\\\/wp-content\\\/uploads\\\/2026\\\/02\\\/Lumag-bensiinimootoriga-murukamara-loikur-RS-3000.png\",\"width\":1500,\"height\":1500,\"caption\":\"Lumag bensiinimootoriga murukamara l\u00f5ikur RS-3000\"},{\"@type\":\"BreadcrumbList\",\"@id\":\"https:\\\/\\\/ranoja.ee\\\/toode\\\/lumag-bensiinimootoriga-murukamara-loikur-rs-3000\\\/#breadcrumb\",\"itemListElement\":[{\"@type\":\"ListItem\",\"position\":1,\"name\":\"Home\",\"item\":\"https:\\\/\\\/ranoja.ee\\\/\"},{\"@type\":\"ListItem\",\"position\":2,\"name\":\"Shop\",\"item\":\"https:\\\/\\\/ranoja.ee\\\/en\\\/shop\\\/\"},{\"@type\":\"ListItem\",\"position\":3,\"name\":\"Lumag bensiinimootoriga murukamara l\u00f5ikur RS-3000\"}]},{\"@type\":\"WebSite\",\"@id\":\"https:\\\/\\\/ranoja.ee\\\/#website\",\"url\":\"https:\\\/\\\/ranoja.ee\\\/\",\"name\":\"Ranoja\",\"description\":\"Equipment Shop WooCommerce WordPress Theme for Machine &amp; Tools\",\"publisher\":{\"@id\":\"https:\\\/\\\/ranoja.ee\\\/#organization\"},\"potentialAction\":[{\"@type\":\"SearchAction\",\"target\":{\"@type\":\"EntryPoint\",\"urlTemplate\":\"https:\\\/\\\/ranoja.ee\\\/?s={search_term_string}\"},\"query-input\":{\"@type\":\"PropertyValueSpecification\",\"valueRequired\":true,\"valueName\":\"search_term_string\"}}],\"inLanguage\":\"en-US\"},{\"@type\":\"Organization\",\"@id\":\"https:\\\/\\\/ranoja.ee\\\/#organization\",\"name\":\"Ranoja O\u00dc\",\"url\":\"https:\\\/\\\/ranoja.ee\\\/\",\"logo\":{\"@type\":\"ImageObject\",\"inLanguage\":\"en-US\",\"@id\":\"https:\\\/\\\/ranoja.ee\\\/#\\\/schema\\\/logo\\\/image\\\/\",\"url\":\"https:\\\/\\\/ranoja.ee\\\/wp-content\\\/uploads\\\/2023\\\/11\\\/ranoja-Logo.png\",\"contentUrl\":\"https:\\\/\\\/ranoja.ee\\\/wp-content\\\/uploads\\\/2023\\\/11\\\/ranoja-Logo.png\",\"width\":207,\"height\":58,\"caption\":\"Ranoja O\u00dc\"},\"image\":{\"@id\":\"https:\\\/\\\/ranoja.ee\\\/#\\\/schema\\\/logo\\\/image\\\/\"},\"sameAs\":[\"https:\\\/\\\/www.facebook.com\\\/ranoja.ee\",\"https:\\\/\\\/www.instagram.com\\\/ranoja__\\\/\"]}]}<\/script>\n<!-- \/ Yoast SEO plugin. -->","yoast_head_json":{"title":"Lumag bensiinimootoriga murukamara l\u00f5ikur RS-3000","description":"Lumag bensiinimootoriga murukamara l\u00f5ikur RS-3000 Masin on varustatud laiade \u00f5hkrehvidega, mis tagavad suurep\u00e4rase haarduvuse isegi m\u00e4rja muruga.","robots":{"index":"index","follow":"follow","max-snippet":"max-snippet:-1","max-image-preview":"max-image-preview:large","max-video-preview":"max-video-preview:-1"},"canonical":"https:\/\/ranoja.ee\/toode\/lumag-bensiinimootoriga-murukamara-loikur-rs-3000\/","og_locale":"en_US","og_type":"article","og_title":"Lumag bensiinimootoriga murukamara l\u00f5ikur RS-3000","og_description":"Lumag bensiinimootoriga murukamara l\u00f5ikur RS-3000 Masin on varustatud laiade \u00f5hkrehvidega, mis tagavad suurep\u00e4rase haarduvuse isegi m\u00e4rja muruga.","og_url":"https:\/\/ranoja.ee\/toode\/lumag-bensiinimootoriga-murukamara-loikur-rs-3000\/","og_site_name":"Ranoja","article_publisher":"https:\/\/www.facebook.com\/ranoja.ee","article_modified_time":"2026-02-06T14:47:32+00:00","og_image":[{"width":1500,"height":1500,"url":"https:\/\/ranoja.ee\/wp-content\/uploads\/2026\/02\/Lumag-bensiinimootoriga-murukamara-loikur-RS-3000.png","type":"image\/png"}],"twitter_card":"summary_large_image","twitter_misc":{"Est. reading time":"1 minute"},"schema":{"@context":"https:\/\/schema.org","@graph":[{"@type":"WebPage","@id":"https:\/\/ranoja.ee\/toode\/lumag-bensiinimootoriga-murukamara-loikur-rs-3000\/","url":"https:\/\/ranoja.ee\/toode\/lumag-bensiinimootoriga-murukamara-loikur-rs-3000\/","name":"Lumag bensiinimootoriga murukamara l\u00f5ikur RS-3000","isPartOf":{"@id":"https:\/\/ranoja.ee\/#website"},"primaryImageOfPage":{"@id":"https:\/\/ranoja.ee\/toode\/lumag-bensiinimootoriga-murukamara-loikur-rs-3000\/#primaryimage"},"image":{"@id":"https:\/\/ranoja.ee\/toode\/lumag-bensiinimootoriga-murukamara-loikur-rs-3000\/#primaryimage"},"thumbnailUrl":"https:\/\/ranoja.ee\/wp-content\/uploads\/2026\/02\/Lumag-bensiinimootoriga-murukamara-loikur-RS-3000.png","datePublished":"2026-02-06T14:47:31+00:00","dateModified":"2026-02-06T14:47:32+00:00","description":"Lumag bensiinimootoriga murukamara l\u00f5ikur RS-3000 Masin on varustatud laiade \u00f5hkrehvidega, mis tagavad suurep\u00e4rase haarduvuse isegi m\u00e4rja muruga.","breadcrumb":{"@id":"https:\/\/ranoja.ee\/toode\/lumag-bensiinimootoriga-murukamara-loikur-rs-3000\/#breadcrumb"},"inLanguage":"en-US","potentialAction":[{"@type":"ReadAction","target":["https:\/\/ranoja.ee\/toode\/lumag-bensiinimootoriga-murukamara-loikur-rs-3000\/"]}]},{"@type":"ImageObject","inLanguage":"en-US","@id":"https:\/\/ranoja.ee\/toode\/lumag-bensiinimootoriga-murukamara-loikur-rs-3000\/#primaryimage","url":"https:\/\/ranoja.ee\/wp-content\/uploads\/2026\/02\/Lumag-bensiinimootoriga-murukamara-loikur-RS-3000.png","contentUrl":"https:\/\/ranoja.ee\/wp-content\/uploads\/2026\/02\/Lumag-bensiinimootoriga-murukamara-loikur-RS-3000.png","width":1500,"height":1500,"caption":"Lumag bensiinimootoriga murukamara l\u00f5ikur RS-3000"},{"@type":"BreadcrumbList","@id":"https:\/\/ranoja.ee\/toode\/lumag-bensiinimootoriga-murukamara-loikur-rs-3000\/#breadcrumb","itemListElement":[{"@type":"ListItem","position":1,"name":"Home","item":"https:\/\/ranoja.ee\/"},{"@type":"ListItem","position":2,"name":"Shop","item":"https:\/\/ranoja.ee\/en\/shop\/"},{"@type":"ListItem","position":3,"name":"Lumag bensiinimootoriga murukamara l\u00f5ikur RS-3000"}]},{"@type":"WebSite","@id":"https:\/\/ranoja.ee\/#website","url":"https:\/\/ranoja.ee\/","name":"Ranoja","description":"Equipment Shop WooCommerce WordPress Theme for Machine &amp; Tools","publisher":{"@id":"https:\/\/ranoja.ee\/#organization"},"potentialAction":[{"@type":"SearchAction","target":{"@type":"EntryPoint","urlTemplate":"https:\/\/ranoja.ee\/?s={search_term_string}"},"query-input":{"@type":"PropertyValueSpecification","valueRequired":true,"valueName":"search_term_string"}}],"inLanguage":"en-US"},{"@type":"Organization","@id":"https:\/\/ranoja.ee\/#organization","name":"Ranoja O\u00dc","url":"https:\/\/ranoja.ee\/","logo":{"@type":"ImageObject","inLanguage":"en-US","@id":"https:\/\/ranoja.ee\/#\/schema\/logo\/image\/","url":"https:\/\/ranoja.ee\/wp-content\/uploads\/2023\/11\/ranoja-Logo.png","contentUrl":"https:\/\/ranoja.ee\/wp-content\/uploads\/2023\/11\/ranoja-Logo.png","width":207,"height":58,"caption":"Ranoja O\u00dc"},"image":{"@id":"https:\/\/ranoja.ee\/#\/schema\/logo\/image\/"},"sameAs":["https:\/\/www.facebook.com\/ranoja.ee","https:\/\/www.instagram.com\/ranoja__\/"]}]}},"_links":{"self":[{"href":"https:\/\/ranoja.ee\/en\/wp-json\/wp\/v2\/product\/30772","targetHints":{"allow":["GET"]}}],"collection":[{"href":"https:\/\/ranoja.ee\/en\/wp-json\/wp\/v2\/product"}],"about":[{"href":"https:\/\/ranoja.ee\/en\/wp-json\/wp\/v2\/types\/product"}],"wp:featuredmedia":[{"embeddable":true,"href":"https:\/\/ranoja.ee\/en\/wp-json\/wp\/v2\/media\/30781"}],"wp:attachment":[{"href":"https:\/\/ranoja.ee\/en\/wp-json\/wp\/v2\/media?parent=30772"}],"wp:term":[{"taxonomy":"product_cat","embeddable":true,"href":"https:\/\/ranoja.ee\/en\/wp-json\/wp\/v2\/product_cat?post=30772"},{"taxonomy":"product_tag","embeddable":true,"href":"https:\/\/ranoja.ee\/en\/wp-json\/wp\/v2\/product_tag?post=30772"}],"curies":[{"name":"wp","href":"https:\/\/api.w.org\/{rel}","templated":true}]}}