{"id":30759,"date":"2026-02-06T15:43:40","date_gmt":"2026-02-06T12:43:40","guid":{"rendered":"https:\/\/ranoja.ee\/?post_type=product&#038;p=30759"},"modified":"2026-02-06T16:34:56","modified_gmt":"2026-02-06T13:34:56","slug":"lumag-bensiinimootoriga-multsimisniiduk-hgm-550","status":"publish","type":"product","link":"https:\/\/ranoja.ee\/en\/toode\/lumag-bensiinimootoriga-multsimisniiduk-hgm-550\/","title":{"rendered":"Lumag bensiinimootoriga mult\u0161imisniiduk HGM-550"},"content":{"rendered":"<p>Lumag bensiinimootoriga mult\u0161imisniiduk HGM-550<\/p>\n<p>V\u00f5imas ja mitmek\u00fclgne k\u00e4sik\u00e4ivitatusega mult\u0161imisniiduk, mis on loodud tiheda, k\u00f5rge ja eba\u00fchtlase rohu l\u00f5ikamiseks ja samal ajal mul\u0161imiseks. Niidetud taimestiku peeneks purustamiseks ja pinnale tagasi puistamiseks. See tagab aia, tee\u00e4\u00e4rte, haljasalade ja raskesti ligip\u00e4\u00e4setavate murualade hoolduse kiirelt ja t\u00f5husalt, ilma et l\u00f5ikepragud koguneksid mullapinnale ning samal ajal toetab muru tervislikku kasvu.<\/p>\n<p>Seadme ajamiks on 4-taktiline OHV-bensiinimootor Loncin, mille t\u00f6\u00f6maht on ligi 196 cm\u00b3 ja v\u00f5imsus umbes 3.5 kW. Tagades piisava j\u00f5u tiheda rohu niitmiseks ka keerukates tingimustes. Mootor k\u00e4ivitatakse k\u00e4sitsi t\u00f5mmatava starteriga, mis t\u00e4hendab, et seade ei vaja elektriv\u00f5rku ega akut. Andes kasutajale paindlikkuse t\u00f6\u00f6tada k\u00f5ikal.<\/p>\n<p>Mult\u0161imisniiduki t\u00f6\u00f6laius on umbes 550 mm, v\u00f5imaldades katta suuremaid alasid \u00fche l\u00e4bimisega ja v\u00e4hendades niitmiseks kuluva aja pikkust. Niiduki spetsiaalne mul\u0161imis\u00adl\u00f5ikemehhanism purustab rohutekitised peenikesteks osakesteks ning j\u00e4tab need murule. Kus need lagunevad ja toimivad loomuliku orgaanilise v\u00e4etisena. See aitab s\u00e4ilitada muru niiskust ja viljakust ilma vajaduseta rohkema v\u00e4etise j\u00e4rele.<\/p>\n<p>Seadme kompaktne ja h\u00e4sti man\u00f6\u00f6verdatav disain koos pneumaatiliste ratastega teeb selle kasutamise mugavaks ka eba\u00fchtlastel pindadel v\u00f5i kitsastes oludes. Lisaks saab niidukit reguleerida erinevate l\u00f5ikek\u00f5rguste vahemikus, et kohandada seda vastavalt rohut\u00fc\u00fcbi ja pinnase tingimustele.<\/p>\n<p>Lumag bensiinimootoriga mult\u0161imisniiduk HGM-550<\/p>\n","protected":false},"excerpt":{"rendered":"<p>Lumag bensiinimootoriga mult\u0161imisniiduk HGM-550<br \/>\nMootor: LONCIN 4-taktiline OHV bensiinimootor<br \/>\nMootori t\u00f6\u00f6maht: 196 cm\u00b3<br \/>\nMootori v\u00f5imsus: 3.5 kW 3600 p\/min juures<br \/>\nMaksimaalne lubatud mootori kalle: 20\u00b0<br \/>\nP\u00f6\u00f6rdemoment: 10.5 Nm<br \/>\nK\u00fctusepaagi maht: 1 l<br \/>\nK\u00e4ivituss\u00fcsteem: Tagasil\u00f6\u00f6gik\u00e4iviti<br \/>\nL\u00f5ikelaius: 550 mm<br \/>\nL\u00f5ikek\u00f5rgus, tase I\/tase II: 30 mm\/100 mm<br \/>\nL\u00f5ikek\u00f5rgus, esijuhtratas: 30 mm kuni 90 mm<br \/>\nNuga: 1 TK<br \/>\nAjami kaudu: Kiilrihm<br \/>\nRehvid: \u00d5hkrehvid p\u00f5llumajandusliku mustriga 3.50-6<br \/>\nM\u00fcratase LWA: 103 dB(A)<br \/>\nTootja: Lumag<br \/>\nMudel: HGM-550<br \/>\nTootekood: HGM 550<br \/>\nKaal: 70 kg<br \/>\n<strong>Eeldatav tarneaeg 2-3 n\u00e4dalat<\/strong><br \/>\n[embed]https:\/\/youtu.be\/orq7thRSIyE?si=HRo-0_R5GC6yuM-v[\/embed]<\/p>\n","protected":false},"featured_media":30770,"template":"","meta":{"inline_featured_image":false},"product_cat":[1079,1086],"product_tag":[3493,1820,134,3492,571,567],"class_list":{"0":"post-30759","1":"product","2":"type-product","3":"status-publish","4":"has-post-thumbnail","6":"product_brand-lumag","7":"product_cat-aiatehnika-ja-niidutehnika","8":"product_cat-hooldusniidukid","9":"product_tag-hgm-550","10":"product_tag-hooldusniiduk","11":"product_tag-lumag","12":"product_tag-lumag-bensiinimootoriga-multsimisniiduk-hgm-550","13":"product_tag-multsimisniiduk","14":"product_tag-niiduk","16":"first","17":"onbackorder","18":"taxable","19":"shipping-taxable","20":"purchasable","21":"product-type-simple"},"yoast_head":"<!-- This site is optimized with the Yoast SEO plugin v27.4 - https:\/\/yoast.com\/product\/yoast-seo-wordpress\/ -->\n<title>Lumag bensiinimootoriga mult\u0161imisniiduk HGM-550<\/title>\n<meta name=\"description\" content=\"Lumag bensiinimootoriga mult\u0161imisniiduk HGM-550 Mootoriks on 4-taktiline Loncin OHV-bensiinimootor mille t\u00f6\u00f6maht on ligi 196 cm\u00b3 ja v\u00f5imsus umbes 3.5 kW.\" \/>\n<meta name=\"robots\" content=\"index, follow, max-snippet:-1, max-image-preview:large, max-video-preview:-1\" \/>\n<link rel=\"canonical\" href=\"https:\/\/ranoja.ee\/toode\/lumag-bensiinimootoriga-multsimisniiduk-hgm-550\/\" \/>\n<meta property=\"og:locale\" content=\"en_US\" \/>\n<meta property=\"og:type\" content=\"article\" \/>\n<meta property=\"og:title\" content=\"Lumag bensiinimootoriga mult\u0161imisniiduk HGM-550\" \/>\n<meta property=\"og:description\" content=\"Lumag bensiinimootoriga mult\u0161imisniiduk HGM-550 Mootoriks on 4-taktiline Loncin OHV-bensiinimootor mille t\u00f6\u00f6maht on ligi 196 cm\u00b3 ja v\u00f5imsus umbes 3.5 kW.\" \/>\n<meta property=\"og:url\" content=\"https:\/\/ranoja.ee\/toode\/lumag-bensiinimootoriga-multsimisniiduk-hgm-550\/\" \/>\n<meta property=\"og:site_name\" content=\"Ranoja\" \/>\n<meta property=\"article:publisher\" content=\"https:\/\/www.facebook.com\/ranoja.ee\" \/>\n<meta property=\"article:modified_time\" content=\"2026-02-06T13:34:56+00:00\" \/>\n<meta property=\"og:image\" content=\"https:\/\/ranoja.ee\/wp-content\/uploads\/2026\/02\/Lumag-bensiinimootoriga-multsimisniiduk-HGM-550.png\" \/>\n\t<meta property=\"og:image:width\" content=\"1500\" \/>\n\t<meta property=\"og:image:height\" content=\"1500\" \/>\n\t<meta property=\"og:image:type\" content=\"image\/png\" \/>\n<meta name=\"twitter:card\" content=\"summary_large_image\" \/>\n<meta name=\"twitter:label1\" content=\"Est. reading time\" \/>\n\t<meta name=\"twitter:data1\" content=\"2 minutes\" \/>\n<script type=\"application\/ld+json\" class=\"yoast-schema-graph\">{\"@context\":\"https:\\\/\\\/schema.org\",\"@graph\":[{\"@type\":\"WebPage\",\"@id\":\"https:\\\/\\\/ranoja.ee\\\/toode\\\/lumag-bensiinimootoriga-multsimisniiduk-hgm-550\\\/\",\"url\":\"https:\\\/\\\/ranoja.ee\\\/toode\\\/lumag-bensiinimootoriga-multsimisniiduk-hgm-550\\\/\",\"name\":\"Lumag bensiinimootoriga mult\u0161imisniiduk HGM-550\",\"isPartOf\":{\"@id\":\"https:\\\/\\\/ranoja.ee\\\/#website\"},\"primaryImageOfPage\":{\"@id\":\"https:\\\/\\\/ranoja.ee\\\/toode\\\/lumag-bensiinimootoriga-multsimisniiduk-hgm-550\\\/#primaryimage\"},\"image\":{\"@id\":\"https:\\\/\\\/ranoja.ee\\\/toode\\\/lumag-bensiinimootoriga-multsimisniiduk-hgm-550\\\/#primaryimage\"},\"thumbnailUrl\":\"https:\\\/\\\/ranoja.ee\\\/wp-content\\\/uploads\\\/2026\\\/02\\\/Lumag-bensiinimootoriga-multsimisniiduk-HGM-550.png\",\"datePublished\":\"2026-02-06T12:43:40+00:00\",\"dateModified\":\"2026-02-06T13:34:56+00:00\",\"description\":\"Lumag bensiinimootoriga mult\u0161imisniiduk HGM-550 Mootoriks on 4-taktiline Loncin OHV-bensiinimootor mille t\u00f6\u00f6maht on ligi 196 cm\u00b3 ja v\u00f5imsus umbes 3.5 kW.\",\"breadcrumb\":{\"@id\":\"https:\\\/\\\/ranoja.ee\\\/toode\\\/lumag-bensiinimootoriga-multsimisniiduk-hgm-550\\\/#breadcrumb\"},\"inLanguage\":\"en-US\",\"potentialAction\":[{\"@type\":\"ReadAction\",\"target\":[\"https:\\\/\\\/ranoja.ee\\\/toode\\\/lumag-bensiinimootoriga-multsimisniiduk-hgm-550\\\/\"]}]},{\"@type\":\"ImageObject\",\"inLanguage\":\"en-US\",\"@id\":\"https:\\\/\\\/ranoja.ee\\\/toode\\\/lumag-bensiinimootoriga-multsimisniiduk-hgm-550\\\/#primaryimage\",\"url\":\"https:\\\/\\\/ranoja.ee\\\/wp-content\\\/uploads\\\/2026\\\/02\\\/Lumag-bensiinimootoriga-multsimisniiduk-HGM-550.png\",\"contentUrl\":\"https:\\\/\\\/ranoja.ee\\\/wp-content\\\/uploads\\\/2026\\\/02\\\/Lumag-bensiinimootoriga-multsimisniiduk-HGM-550.png\",\"width\":1500,\"height\":1500,\"caption\":\"Lumag bensiinimootoriga mult\u0161imisniiduk HGM-550\"},{\"@type\":\"BreadcrumbList\",\"@id\":\"https:\\\/\\\/ranoja.ee\\\/toode\\\/lumag-bensiinimootoriga-multsimisniiduk-hgm-550\\\/#breadcrumb\",\"itemListElement\":[{\"@type\":\"ListItem\",\"position\":1,\"name\":\"Home\",\"item\":\"https:\\\/\\\/ranoja.ee\\\/\"},{\"@type\":\"ListItem\",\"position\":2,\"name\":\"Shop\",\"item\":\"https:\\\/\\\/ranoja.ee\\\/en\\\/shop\\\/\"},{\"@type\":\"ListItem\",\"position\":3,\"name\":\"Lumag bensiinimootoriga mult\u0161imisniiduk HGM-550\"}]},{\"@type\":\"WebSite\",\"@id\":\"https:\\\/\\\/ranoja.ee\\\/#website\",\"url\":\"https:\\\/\\\/ranoja.ee\\\/\",\"name\":\"Ranoja\",\"description\":\"Equipment Shop WooCommerce WordPress Theme for Machine &amp; Tools\",\"publisher\":{\"@id\":\"https:\\\/\\\/ranoja.ee\\\/#organization\"},\"potentialAction\":[{\"@type\":\"SearchAction\",\"target\":{\"@type\":\"EntryPoint\",\"urlTemplate\":\"https:\\\/\\\/ranoja.ee\\\/?s={search_term_string}\"},\"query-input\":{\"@type\":\"PropertyValueSpecification\",\"valueRequired\":true,\"valueName\":\"search_term_string\"}}],\"inLanguage\":\"en-US\"},{\"@type\":\"Organization\",\"@id\":\"https:\\\/\\\/ranoja.ee\\\/#organization\",\"name\":\"Ranoja O\u00dc\",\"url\":\"https:\\\/\\\/ranoja.ee\\\/\",\"logo\":{\"@type\":\"ImageObject\",\"inLanguage\":\"en-US\",\"@id\":\"https:\\\/\\\/ranoja.ee\\\/#\\\/schema\\\/logo\\\/image\\\/\",\"url\":\"https:\\\/\\\/ranoja.ee\\\/wp-content\\\/uploads\\\/2023\\\/11\\\/ranoja-Logo.png\",\"contentUrl\":\"https:\\\/\\\/ranoja.ee\\\/wp-content\\\/uploads\\\/2023\\\/11\\\/ranoja-Logo.png\",\"width\":207,\"height\":58,\"caption\":\"Ranoja O\u00dc\"},\"image\":{\"@id\":\"https:\\\/\\\/ranoja.ee\\\/#\\\/schema\\\/logo\\\/image\\\/\"},\"sameAs\":[\"https:\\\/\\\/www.facebook.com\\\/ranoja.ee\",\"https:\\\/\\\/www.instagram.com\\\/ranoja__\\\/\"]}]}<\/script>\n<!-- \/ Yoast SEO plugin. -->","yoast_head_json":{"title":"Lumag bensiinimootoriga mult\u0161imisniiduk HGM-550","description":"Lumag bensiinimootoriga mult\u0161imisniiduk HGM-550 Mootoriks on 4-taktiline Loncin OHV-bensiinimootor mille t\u00f6\u00f6maht on ligi 196 cm\u00b3 ja v\u00f5imsus umbes 3.5 kW.","robots":{"index":"index","follow":"follow","max-snippet":"max-snippet:-1","max-image-preview":"max-image-preview:large","max-video-preview":"max-video-preview:-1"},"canonical":"https:\/\/ranoja.ee\/toode\/lumag-bensiinimootoriga-multsimisniiduk-hgm-550\/","og_locale":"en_US","og_type":"article","og_title":"Lumag bensiinimootoriga mult\u0161imisniiduk HGM-550","og_description":"Lumag bensiinimootoriga mult\u0161imisniiduk HGM-550 Mootoriks on 4-taktiline Loncin OHV-bensiinimootor mille t\u00f6\u00f6maht on ligi 196 cm\u00b3 ja v\u00f5imsus umbes 3.5 kW.","og_url":"https:\/\/ranoja.ee\/toode\/lumag-bensiinimootoriga-multsimisniiduk-hgm-550\/","og_site_name":"Ranoja","article_publisher":"https:\/\/www.facebook.com\/ranoja.ee","article_modified_time":"2026-02-06T13:34:56+00:00","og_image":[{"width":1500,"height":1500,"url":"https:\/\/ranoja.ee\/wp-content\/uploads\/2026\/02\/Lumag-bensiinimootoriga-multsimisniiduk-HGM-550.png","type":"image\/png"}],"twitter_card":"summary_large_image","twitter_misc":{"Est. reading time":"2 minutes"},"schema":{"@context":"https:\/\/schema.org","@graph":[{"@type":"WebPage","@id":"https:\/\/ranoja.ee\/toode\/lumag-bensiinimootoriga-multsimisniiduk-hgm-550\/","url":"https:\/\/ranoja.ee\/toode\/lumag-bensiinimootoriga-multsimisniiduk-hgm-550\/","name":"Lumag bensiinimootoriga mult\u0161imisniiduk HGM-550","isPartOf":{"@id":"https:\/\/ranoja.ee\/#website"},"primaryImageOfPage":{"@id":"https:\/\/ranoja.ee\/toode\/lumag-bensiinimootoriga-multsimisniiduk-hgm-550\/#primaryimage"},"image":{"@id":"https:\/\/ranoja.ee\/toode\/lumag-bensiinimootoriga-multsimisniiduk-hgm-550\/#primaryimage"},"thumbnailUrl":"https:\/\/ranoja.ee\/wp-content\/uploads\/2026\/02\/Lumag-bensiinimootoriga-multsimisniiduk-HGM-550.png","datePublished":"2026-02-06T12:43:40+00:00","dateModified":"2026-02-06T13:34:56+00:00","description":"Lumag bensiinimootoriga mult\u0161imisniiduk HGM-550 Mootoriks on 4-taktiline Loncin OHV-bensiinimootor mille t\u00f6\u00f6maht on ligi 196 cm\u00b3 ja v\u00f5imsus umbes 3.5 kW.","breadcrumb":{"@id":"https:\/\/ranoja.ee\/toode\/lumag-bensiinimootoriga-multsimisniiduk-hgm-550\/#breadcrumb"},"inLanguage":"en-US","potentialAction":[{"@type":"ReadAction","target":["https:\/\/ranoja.ee\/toode\/lumag-bensiinimootoriga-multsimisniiduk-hgm-550\/"]}]},{"@type":"ImageObject","inLanguage":"en-US","@id":"https:\/\/ranoja.ee\/toode\/lumag-bensiinimootoriga-multsimisniiduk-hgm-550\/#primaryimage","url":"https:\/\/ranoja.ee\/wp-content\/uploads\/2026\/02\/Lumag-bensiinimootoriga-multsimisniiduk-HGM-550.png","contentUrl":"https:\/\/ranoja.ee\/wp-content\/uploads\/2026\/02\/Lumag-bensiinimootoriga-multsimisniiduk-HGM-550.png","width":1500,"height":1500,"caption":"Lumag bensiinimootoriga mult\u0161imisniiduk HGM-550"},{"@type":"BreadcrumbList","@id":"https:\/\/ranoja.ee\/toode\/lumag-bensiinimootoriga-multsimisniiduk-hgm-550\/#breadcrumb","itemListElement":[{"@type":"ListItem","position":1,"name":"Home","item":"https:\/\/ranoja.ee\/"},{"@type":"ListItem","position":2,"name":"Shop","item":"https:\/\/ranoja.ee\/en\/shop\/"},{"@type":"ListItem","position":3,"name":"Lumag bensiinimootoriga mult\u0161imisniiduk HGM-550"}]},{"@type":"WebSite","@id":"https:\/\/ranoja.ee\/#website","url":"https:\/\/ranoja.ee\/","name":"Ranoja","description":"Equipment Shop WooCommerce WordPress Theme for Machine &amp; Tools","publisher":{"@id":"https:\/\/ranoja.ee\/#organization"},"potentialAction":[{"@type":"SearchAction","target":{"@type":"EntryPoint","urlTemplate":"https:\/\/ranoja.ee\/?s={search_term_string}"},"query-input":{"@type":"PropertyValueSpecification","valueRequired":true,"valueName":"search_term_string"}}],"inLanguage":"en-US"},{"@type":"Organization","@id":"https:\/\/ranoja.ee\/#organization","name":"Ranoja O\u00dc","url":"https:\/\/ranoja.ee\/","logo":{"@type":"ImageObject","inLanguage":"en-US","@id":"https:\/\/ranoja.ee\/#\/schema\/logo\/image\/","url":"https:\/\/ranoja.ee\/wp-content\/uploads\/2023\/11\/ranoja-Logo.png","contentUrl":"https:\/\/ranoja.ee\/wp-content\/uploads\/2023\/11\/ranoja-Logo.png","width":207,"height":58,"caption":"Ranoja O\u00dc"},"image":{"@id":"https:\/\/ranoja.ee\/#\/schema\/logo\/image\/"},"sameAs":["https:\/\/www.facebook.com\/ranoja.ee","https:\/\/www.instagram.com\/ranoja__\/"]}]}},"_links":{"self":[{"href":"https:\/\/ranoja.ee\/en\/wp-json\/wp\/v2\/product\/30759","targetHints":{"allow":["GET"]}}],"collection":[{"href":"https:\/\/ranoja.ee\/en\/wp-json\/wp\/v2\/product"}],"about":[{"href":"https:\/\/ranoja.ee\/en\/wp-json\/wp\/v2\/types\/product"}],"wp:featuredmedia":[{"embeddable":true,"href":"https:\/\/ranoja.ee\/en\/wp-json\/wp\/v2\/media\/30770"}],"wp:attachment":[{"href":"https:\/\/ranoja.ee\/en\/wp-json\/wp\/v2\/media?parent=30759"}],"wp:term":[{"taxonomy":"product_cat","embeddable":true,"href":"https:\/\/ranoja.ee\/en\/wp-json\/wp\/v2\/product_cat?post=30759"},{"taxonomy":"product_tag","embeddable":true,"href":"https:\/\/ranoja.ee\/en\/wp-json\/wp\/v2\/product_tag?post=30759"}],"curies":[{"name":"wp","href":"https:\/\/api.w.org\/{rel}","templated":true}]}}