{"id":30752,"date":"2026-02-06T15:39:05","date_gmt":"2026-02-06T12:39:05","guid":{"rendered":"https:\/\/ranoja.ee\/?post_type=product&#038;p=30752"},"modified":"2026-02-06T16:30:01","modified_gmt":"2026-02-06T13:30:01","slug":"lumag-bensiinimootoriga-korge-rohu-niiduk-hgs-700","status":"publish","type":"product","link":"https:\/\/ranoja.ee\/en\/toode\/lumag-bensiinimootoriga-korge-rohu-niiduk-hgs-700\/","title":{"rendered":"Lumag bensiinimootoriga k\u00f5rge rohu niiduk HGS-700"},"content":{"rendered":"<p>Lumag bensiinimootoriga k\u00f5rge rohu niiduk HGS-700<\/p>\n<p>Lumag bensiinimootoriga k\u00f5rge rohu niiduk on mootoriga rohu- ja haljasniiduk, mis on loodud tihedate, k\u00f5rgete murualade ja v\u00f5sastunud pinnaste hooldamiseks, kus tavaline muruniiduk ei suuda efektiivselt t\u00f6\u00f6tada. Niiduk on varustatud v\u00f5imsa \u00fche silindriga bensiinimootoriga, mis tagab piisava j\u00f5u rohu, umbrohu ja samuti kergemate v\u00f5sade l\u00f5ikamiseks. Muutes masina sobivaks nii suuremate aedade, p\u00f5ldude, tee\u00e4\u00e4rte kui haljastusalade korrastamiseks. Bensiinimootori kasutamine annab paindlikkuse ja mobiilsuse. Kuna t\u00f6\u00f6 ei s\u00f5ltu elektri\u00fchendusest, ning sobib h\u00e4sti ka suurte, elektrita alade hooldamiseks.<\/p>\n<p>Selliste HGS-seeria niidukite konstruktsioonis on tavaliselt tugev terasraam ja raskuskindlad l\u00f5ikes\u00fcsteemid, mis v\u00f5imaldavad t\u00f6\u00f6delda rohtu ja v\u00f5sa t\u00f5husalt ning v\u00e4iksema hooldusvajadusega. Niiduki l\u00f5ikelaius ja reguleeritav l\u00f5ikek\u00f5rgus v\u00f5imaldavad kohandada seadme t\u00f6\u00f6 vastavalt muru tihedusele ja pinnatingimustele. Suured rattad v\u00f5i tugev juhtrauad parandavad man\u00f6\u00f6verdusv\u00f5imet eba\u00fchtlastel v\u00f5i k\u00fcnklikel aladel.<\/p>\n<p>Niiduki kasutusala h\u00f5lmab eelk\u00f5ige k\u00f5rge, paksu ja tiheda rohu, umbrohu ning v\u00e4iksema v\u00f5sa hooldamist aedades. Hooletusse j\u00e4\u00e4nud murualadel, heinamaadel, tee\u00e4\u00e4rsetel aladel ja haljasalade servades. See sobib h\u00e4sti nii kodu\u00ad kui ka professionaalsele haljastus- ja maastikuhoiu t\u00f6\u00f6ks, kus on vaja j\u00f5udlust ja t\u00f5husust rohu mitmek\u00fclgseks l\u00f5ikamiseks.<\/p>\n<p>Lumag bensiinimootoriga k\u00f5rge rohu niiduk HGS-700<\/p>\n","protected":false},"excerpt":{"rendered":"<p>Lumag bensiinimootoriga k\u00f5rge rohu niiduk HGS-700<br \/>\nMootor: OHV bensiinimootor LONCIN LC1P75F<br \/>\nMootori t\u00f6\u00f6maht: 224 cm\u00b3<br \/>\nMaksimaalne lubatud mootori kalle: 20\u00b0<br \/>\nP\u00f6\u00f6rdemoment: 14.0 Nm<br \/>\nMootori v\u00f5imsus: 4.5 kW 3600 p\/min juures<br \/>\nK\u00fctusepaagi maht: 1.4 l<br \/>\nK\u00e4ivituss\u00fcsteem: K\u00e4sitsi k\u00e4ivitamine<br \/>\nMaksimaalne l\u00f5ikelaius: 700 mm<br \/>\nL\u00f5ikek\u00f5rgus: 35 mm<br \/>\nTerade arv: 6 TK<br \/>\nAjam: Kiilrihm<br \/>\nRehvid: \u00d5hkrehvid p\u00f5llumajandusliku mustriga 3.50-6<br \/>\nM\u00fcratase LWA: 103 dB(A)<br \/>\nTootja: Lumag<br \/>\nMudel: HGS-700<br \/>\nTootekood: HGS700<br \/>\nKaal: 78 kg<br \/>\n<strong>Eeldatav tarneaeg 2-3 n\u00e4dalat<\/strong><\/p>\n","protected":false},"featured_media":30757,"template":"","meta":{"inline_featured_image":false},"product_cat":[1079,1086],"product_tag":[3489,3491,1820,569,3490,567],"class_list":{"0":"post-30752","1":"product","2":"type-product","3":"status-publish","4":"has-post-thumbnail","6":"product_brand-lumag","7":"product_cat-aiatehnika-ja-niidutehnika","8":"product_cat-hooldusniidukid","9":"product_tag-hgs-700","10":"product_tag-hgs700","11":"product_tag-hooldusniiduk","12":"product_tag-korge-rohu-niiduk","13":"product_tag-lumag-bensiinimootoriga-korge-rohu-niiduk-hgs-700","14":"product_tag-niiduk","16":"first","17":"onbackorder","18":"taxable","19":"shipping-taxable","20":"purchasable","21":"product-type-simple"},"yoast_head":"<!-- This site is optimized with the Yoast SEO plugin v27.4 - https:\/\/yoast.com\/product\/yoast-seo-wordpress\/ -->\n<title>Lumag bensiinimootoriga k\u00f5rge rohu niiduk HGS-700<\/title>\n<meta name=\"description\" content=\"Lumag bensiinimootoriga k\u00f5rge rohu niiduk HGS-700 Niiduki l\u00f5ikelaius ja reguleeritav l\u00f5ikek\u00f5rgus v\u00f5imaldavad kohandada seadme t\u00f6\u00f6 vastavalt muru tihedusele .\" \/>\n<meta name=\"robots\" content=\"index, follow, max-snippet:-1, max-image-preview:large, max-video-preview:-1\" \/>\n<link rel=\"canonical\" href=\"https:\/\/ranoja.ee\/toode\/lumag-bensiinimootoriga-korge-rohu-niiduk-hgs-700\/\" \/>\n<meta property=\"og:locale\" content=\"en_US\" \/>\n<meta property=\"og:type\" content=\"article\" \/>\n<meta property=\"og:title\" content=\"Lumag bensiinimootoriga k\u00f5rge rohu niiduk HGS-700\" \/>\n<meta property=\"og:description\" content=\"Lumag bensiinimootoriga k\u00f5rge rohu niiduk HGS-700 Niiduki l\u00f5ikelaius ja reguleeritav l\u00f5ikek\u00f5rgus v\u00f5imaldavad kohandada seadme t\u00f6\u00f6 vastavalt muru tihedusele .\" \/>\n<meta property=\"og:url\" content=\"https:\/\/ranoja.ee\/toode\/lumag-bensiinimootoriga-korge-rohu-niiduk-hgs-700\/\" \/>\n<meta property=\"og:site_name\" content=\"Ranoja\" \/>\n<meta property=\"article:publisher\" content=\"https:\/\/www.facebook.com\/ranoja.ee\" \/>\n<meta property=\"article:modified_time\" content=\"2026-02-06T13:30:01+00:00\" \/>\n<meta property=\"og:image\" content=\"https:\/\/ranoja.ee\/wp-content\/uploads\/2026\/02\/Lumag-bensiinimootoriga-korge-rohu-niiduk-HGS-700.png\" \/>\n\t<meta property=\"og:image:width\" content=\"1500\" \/>\n\t<meta property=\"og:image:height\" content=\"1500\" \/>\n\t<meta property=\"og:image:type\" content=\"image\/png\" \/>\n<meta name=\"twitter:card\" content=\"summary_large_image\" \/>\n<meta name=\"twitter:label1\" content=\"Est. reading time\" \/>\n\t<meta name=\"twitter:data1\" content=\"2 minutes\" \/>\n<script type=\"application\/ld+json\" class=\"yoast-schema-graph\">{\"@context\":\"https:\\\/\\\/schema.org\",\"@graph\":[{\"@type\":\"WebPage\",\"@id\":\"https:\\\/\\\/ranoja.ee\\\/toode\\\/lumag-bensiinimootoriga-korge-rohu-niiduk-hgs-700\\\/\",\"url\":\"https:\\\/\\\/ranoja.ee\\\/toode\\\/lumag-bensiinimootoriga-korge-rohu-niiduk-hgs-700\\\/\",\"name\":\"Lumag bensiinimootoriga k\u00f5rge rohu niiduk HGS-700\",\"isPartOf\":{\"@id\":\"https:\\\/\\\/ranoja.ee\\\/#website\"},\"primaryImageOfPage\":{\"@id\":\"https:\\\/\\\/ranoja.ee\\\/toode\\\/lumag-bensiinimootoriga-korge-rohu-niiduk-hgs-700\\\/#primaryimage\"},\"image\":{\"@id\":\"https:\\\/\\\/ranoja.ee\\\/toode\\\/lumag-bensiinimootoriga-korge-rohu-niiduk-hgs-700\\\/#primaryimage\"},\"thumbnailUrl\":\"https:\\\/\\\/ranoja.ee\\\/wp-content\\\/uploads\\\/2026\\\/02\\\/Lumag-bensiinimootoriga-korge-rohu-niiduk-HGS-700.png\",\"datePublished\":\"2026-02-06T12:39:05+00:00\",\"dateModified\":\"2026-02-06T13:30:01+00:00\",\"description\":\"Lumag bensiinimootoriga k\u00f5rge rohu niiduk HGS-700 Niiduki l\u00f5ikelaius ja reguleeritav l\u00f5ikek\u00f5rgus v\u00f5imaldavad kohandada seadme t\u00f6\u00f6 vastavalt muru tihedusele .\",\"breadcrumb\":{\"@id\":\"https:\\\/\\\/ranoja.ee\\\/toode\\\/lumag-bensiinimootoriga-korge-rohu-niiduk-hgs-700\\\/#breadcrumb\"},\"inLanguage\":\"en-US\",\"potentialAction\":[{\"@type\":\"ReadAction\",\"target\":[\"https:\\\/\\\/ranoja.ee\\\/toode\\\/lumag-bensiinimootoriga-korge-rohu-niiduk-hgs-700\\\/\"]}]},{\"@type\":\"ImageObject\",\"inLanguage\":\"en-US\",\"@id\":\"https:\\\/\\\/ranoja.ee\\\/toode\\\/lumag-bensiinimootoriga-korge-rohu-niiduk-hgs-700\\\/#primaryimage\",\"url\":\"https:\\\/\\\/ranoja.ee\\\/wp-content\\\/uploads\\\/2026\\\/02\\\/Lumag-bensiinimootoriga-korge-rohu-niiduk-HGS-700.png\",\"contentUrl\":\"https:\\\/\\\/ranoja.ee\\\/wp-content\\\/uploads\\\/2026\\\/02\\\/Lumag-bensiinimootoriga-korge-rohu-niiduk-HGS-700.png\",\"width\":1500,\"height\":1500,\"caption\":\"Lumag bensiinimootoriga k\u00f5rge rohu niiduk HGS-700\"},{\"@type\":\"BreadcrumbList\",\"@id\":\"https:\\\/\\\/ranoja.ee\\\/toode\\\/lumag-bensiinimootoriga-korge-rohu-niiduk-hgs-700\\\/#breadcrumb\",\"itemListElement\":[{\"@type\":\"ListItem\",\"position\":1,\"name\":\"Home\",\"item\":\"https:\\\/\\\/ranoja.ee\\\/\"},{\"@type\":\"ListItem\",\"position\":2,\"name\":\"Shop\",\"item\":\"https:\\\/\\\/ranoja.ee\\\/en\\\/shop\\\/\"},{\"@type\":\"ListItem\",\"position\":3,\"name\":\"Lumag bensiinimootoriga k\u00f5rge rohu niiduk HGS-700\"}]},{\"@type\":\"WebSite\",\"@id\":\"https:\\\/\\\/ranoja.ee\\\/#website\",\"url\":\"https:\\\/\\\/ranoja.ee\\\/\",\"name\":\"Ranoja\",\"description\":\"Equipment Shop WooCommerce WordPress Theme for Machine &amp; Tools\",\"publisher\":{\"@id\":\"https:\\\/\\\/ranoja.ee\\\/#organization\"},\"potentialAction\":[{\"@type\":\"SearchAction\",\"target\":{\"@type\":\"EntryPoint\",\"urlTemplate\":\"https:\\\/\\\/ranoja.ee\\\/?s={search_term_string}\"},\"query-input\":{\"@type\":\"PropertyValueSpecification\",\"valueRequired\":true,\"valueName\":\"search_term_string\"}}],\"inLanguage\":\"en-US\"},{\"@type\":\"Organization\",\"@id\":\"https:\\\/\\\/ranoja.ee\\\/#organization\",\"name\":\"Ranoja O\u00dc\",\"url\":\"https:\\\/\\\/ranoja.ee\\\/\",\"logo\":{\"@type\":\"ImageObject\",\"inLanguage\":\"en-US\",\"@id\":\"https:\\\/\\\/ranoja.ee\\\/#\\\/schema\\\/logo\\\/image\\\/\",\"url\":\"https:\\\/\\\/ranoja.ee\\\/wp-content\\\/uploads\\\/2023\\\/11\\\/ranoja-Logo.png\",\"contentUrl\":\"https:\\\/\\\/ranoja.ee\\\/wp-content\\\/uploads\\\/2023\\\/11\\\/ranoja-Logo.png\",\"width\":207,\"height\":58,\"caption\":\"Ranoja O\u00dc\"},\"image\":{\"@id\":\"https:\\\/\\\/ranoja.ee\\\/#\\\/schema\\\/logo\\\/image\\\/\"},\"sameAs\":[\"https:\\\/\\\/www.facebook.com\\\/ranoja.ee\",\"https:\\\/\\\/www.instagram.com\\\/ranoja__\\\/\"]}]}<\/script>\n<!-- \/ Yoast SEO plugin. -->","yoast_head_json":{"title":"Lumag bensiinimootoriga k\u00f5rge rohu niiduk HGS-700","description":"Lumag bensiinimootoriga k\u00f5rge rohu niiduk HGS-700 Niiduki l\u00f5ikelaius ja reguleeritav l\u00f5ikek\u00f5rgus v\u00f5imaldavad kohandada seadme t\u00f6\u00f6 vastavalt muru tihedusele .","robots":{"index":"index","follow":"follow","max-snippet":"max-snippet:-1","max-image-preview":"max-image-preview:large","max-video-preview":"max-video-preview:-1"},"canonical":"https:\/\/ranoja.ee\/toode\/lumag-bensiinimootoriga-korge-rohu-niiduk-hgs-700\/","og_locale":"en_US","og_type":"article","og_title":"Lumag bensiinimootoriga k\u00f5rge rohu niiduk HGS-700","og_description":"Lumag bensiinimootoriga k\u00f5rge rohu niiduk HGS-700 Niiduki l\u00f5ikelaius ja reguleeritav l\u00f5ikek\u00f5rgus v\u00f5imaldavad kohandada seadme t\u00f6\u00f6 vastavalt muru tihedusele .","og_url":"https:\/\/ranoja.ee\/toode\/lumag-bensiinimootoriga-korge-rohu-niiduk-hgs-700\/","og_site_name":"Ranoja","article_publisher":"https:\/\/www.facebook.com\/ranoja.ee","article_modified_time":"2026-02-06T13:30:01+00:00","og_image":[{"width":1500,"height":1500,"url":"https:\/\/ranoja.ee\/wp-content\/uploads\/2026\/02\/Lumag-bensiinimootoriga-korge-rohu-niiduk-HGS-700.png","type":"image\/png"}],"twitter_card":"summary_large_image","twitter_misc":{"Est. reading time":"2 minutes"},"schema":{"@context":"https:\/\/schema.org","@graph":[{"@type":"WebPage","@id":"https:\/\/ranoja.ee\/toode\/lumag-bensiinimootoriga-korge-rohu-niiduk-hgs-700\/","url":"https:\/\/ranoja.ee\/toode\/lumag-bensiinimootoriga-korge-rohu-niiduk-hgs-700\/","name":"Lumag bensiinimootoriga k\u00f5rge rohu niiduk HGS-700","isPartOf":{"@id":"https:\/\/ranoja.ee\/#website"},"primaryImageOfPage":{"@id":"https:\/\/ranoja.ee\/toode\/lumag-bensiinimootoriga-korge-rohu-niiduk-hgs-700\/#primaryimage"},"image":{"@id":"https:\/\/ranoja.ee\/toode\/lumag-bensiinimootoriga-korge-rohu-niiduk-hgs-700\/#primaryimage"},"thumbnailUrl":"https:\/\/ranoja.ee\/wp-content\/uploads\/2026\/02\/Lumag-bensiinimootoriga-korge-rohu-niiduk-HGS-700.png","datePublished":"2026-02-06T12:39:05+00:00","dateModified":"2026-02-06T13:30:01+00:00","description":"Lumag bensiinimootoriga k\u00f5rge rohu niiduk HGS-700 Niiduki l\u00f5ikelaius ja reguleeritav l\u00f5ikek\u00f5rgus v\u00f5imaldavad kohandada seadme t\u00f6\u00f6 vastavalt muru tihedusele .","breadcrumb":{"@id":"https:\/\/ranoja.ee\/toode\/lumag-bensiinimootoriga-korge-rohu-niiduk-hgs-700\/#breadcrumb"},"inLanguage":"en-US","potentialAction":[{"@type":"ReadAction","target":["https:\/\/ranoja.ee\/toode\/lumag-bensiinimootoriga-korge-rohu-niiduk-hgs-700\/"]}]},{"@type":"ImageObject","inLanguage":"en-US","@id":"https:\/\/ranoja.ee\/toode\/lumag-bensiinimootoriga-korge-rohu-niiduk-hgs-700\/#primaryimage","url":"https:\/\/ranoja.ee\/wp-content\/uploads\/2026\/02\/Lumag-bensiinimootoriga-korge-rohu-niiduk-HGS-700.png","contentUrl":"https:\/\/ranoja.ee\/wp-content\/uploads\/2026\/02\/Lumag-bensiinimootoriga-korge-rohu-niiduk-HGS-700.png","width":1500,"height":1500,"caption":"Lumag bensiinimootoriga k\u00f5rge rohu niiduk HGS-700"},{"@type":"BreadcrumbList","@id":"https:\/\/ranoja.ee\/toode\/lumag-bensiinimootoriga-korge-rohu-niiduk-hgs-700\/#breadcrumb","itemListElement":[{"@type":"ListItem","position":1,"name":"Home","item":"https:\/\/ranoja.ee\/"},{"@type":"ListItem","position":2,"name":"Shop","item":"https:\/\/ranoja.ee\/en\/shop\/"},{"@type":"ListItem","position":3,"name":"Lumag bensiinimootoriga k\u00f5rge rohu niiduk HGS-700"}]},{"@type":"WebSite","@id":"https:\/\/ranoja.ee\/#website","url":"https:\/\/ranoja.ee\/","name":"Ranoja","description":"Equipment Shop WooCommerce WordPress Theme for Machine &amp; Tools","publisher":{"@id":"https:\/\/ranoja.ee\/#organization"},"potentialAction":[{"@type":"SearchAction","target":{"@type":"EntryPoint","urlTemplate":"https:\/\/ranoja.ee\/?s={search_term_string}"},"query-input":{"@type":"PropertyValueSpecification","valueRequired":true,"valueName":"search_term_string"}}],"inLanguage":"en-US"},{"@type":"Organization","@id":"https:\/\/ranoja.ee\/#organization","name":"Ranoja O\u00dc","url":"https:\/\/ranoja.ee\/","logo":{"@type":"ImageObject","inLanguage":"en-US","@id":"https:\/\/ranoja.ee\/#\/schema\/logo\/image\/","url":"https:\/\/ranoja.ee\/wp-content\/uploads\/2023\/11\/ranoja-Logo.png","contentUrl":"https:\/\/ranoja.ee\/wp-content\/uploads\/2023\/11\/ranoja-Logo.png","width":207,"height":58,"caption":"Ranoja O\u00dc"},"image":{"@id":"https:\/\/ranoja.ee\/#\/schema\/logo\/image\/"},"sameAs":["https:\/\/www.facebook.com\/ranoja.ee","https:\/\/www.instagram.com\/ranoja__\/"]}]}},"_links":{"self":[{"href":"https:\/\/ranoja.ee\/en\/wp-json\/wp\/v2\/product\/30752","targetHints":{"allow":["GET"]}}],"collection":[{"href":"https:\/\/ranoja.ee\/en\/wp-json\/wp\/v2\/product"}],"about":[{"href":"https:\/\/ranoja.ee\/en\/wp-json\/wp\/v2\/types\/product"}],"wp:featuredmedia":[{"embeddable":true,"href":"https:\/\/ranoja.ee\/en\/wp-json\/wp\/v2\/media\/30757"}],"wp:attachment":[{"href":"https:\/\/ranoja.ee\/en\/wp-json\/wp\/v2\/media?parent=30752"}],"wp:term":[{"taxonomy":"product_cat","embeddable":true,"href":"https:\/\/ranoja.ee\/en\/wp-json\/wp\/v2\/product_cat?post=30752"},{"taxonomy":"product_tag","embeddable":true,"href":"https:\/\/ranoja.ee\/en\/wp-json\/wp\/v2\/product_tag?post=30752"}],"curies":[{"name":"wp","href":"https:\/\/api.w.org\/{rel}","templated":true}]}}