{"id":3074,"date":"2023-07-10T22:47:03","date_gmt":"2023-07-10T19:47:03","guid":{"rendered":"https:\/\/www.ranoja.ee\/?post_type=product&#038;p=3074"},"modified":"2025-12-10T13:20:27","modified_gmt":"2025-12-10T10:20:27","slug":"akutrell-looktrell-cedrh2-2li-ilma-aku-laadijata","status":"publish","type":"product","link":"https:\/\/ranoja.ee\/en\/toode\/akutrell-looktrell-cedrh2-2li-ilma-aku-laadijata\/","title":{"rendered":"Akutrell\/l\u00f6\u00f6ktrell CEDRH2.2LI (ilma aku\/laadijata)"},"content":{"rendered":"<p>Akutrell\/l\u00f6\u00f6ktrell CEDRH2.2LI (ilma aku\/laadijata)<br \/>\nL\u00f6\u00f6ktrell on elektriline t\u00f6\u00f6riist, mis v\u00f5imaldab puurida ja kruvida mitmesugustesse materjalidesse, kasutades l\u00f6\u00f6ki ja p\u00f6\u00f6rdemomenti. Akutoitel l\u00f6\u00f6ktrellid pakuvad kasutajatele suuremat paindlikkust ja liikuvust, kuna need ei s\u00f5ltu vooluv\u00f5rgust ning neid saab kasutada ka v\u00e4ljaspool tavap\u00e4rast t\u00f6\u00f6keskkonda, n\u00e4iteks ehitusplatsidel v\u00f5i koduaedades.<\/p>\n<p>Kasutamine ehitusel:<\/p>\n<p>Puuraugud betooni ja tellistesse: Akutoitel l\u00f6\u00f6ktrellid on sageli varustatud spetsiaalsete puuridega, mis v\u00f5imaldavad puurida aukusid betooni, telliste ja kividega pindadesse. Need on hinnatud ehitusplatsidel, kus on vaja kiiresti ja efektiivselt teha auke seintesse.<\/p>\n<p>Kruvide kinnitamine: Ehitusel on tihti vaja kinnitada erinevaid kinnitusvahendeid, nagu kruvid ja t\u00fc\u00fcblid. Akutoitel l\u00f6\u00f6ktrellid v\u00f5imaldavad kiiret ja h\u00f5lpsat kruvimist erinevatesse materjalidesse, sealhulgas puitu, metalli ja kipsplaati.<\/p>\n<p>Remondi- ja viimistlust\u00f6\u00f6d: Akutoitel l\u00f6\u00f6ktrellid on kasulikud ka remondi- ja viimistlust\u00f6\u00f6del, kus on vaja teha t\u00e4pseid auke v\u00f5i kinnitada kinnitusvahendeid, n\u00e4iteks riiuleid, peegleid v\u00f5i valgusteid.<\/p>\n<p>Kasutamine koduses majapidamises:<\/p>\n<p>Igap\u00e4evased remondi- ja kinnitust\u00f6\u00f6d: Koduses majapidamises on alati vaja teha erinevaid remondi- ja kinnitust\u00f6id, n\u00e4iteks m\u00f6\u00f6bli kokkupanekut, riiulite paigaldamist v\u00f5i piltide riputamist. Akutoitel l\u00f6\u00f6ktrellid muudavad sellised \u00fclesanded lihtsaks ja kiireks.<br \/>\nAkutrell\/l\u00f6\u00f6ktrell CEDRH2.2LI (ilma aku\/laadijata)<\/p>\n<p>CEDRUS on \u00fcks suurimaid aiandusmasinate, t\u00f6\u00f6riistade ning metsandus tarvikute edasim\u00fc\u00fcjaid Poolas.<br \/>\nMeie eesm\u00e4rk on pakkuda klientidele k\u00f5rgeima kvaliteediga tooteid konkurentsiv\u00f5imeliste hindadega.<br \/>\nAlates 2016. aastast oleme arendanud ka oma kaubam\u00e4rgi all olevat tootesarja Cedrus.<br \/>\nHetkel pakume enam kui 100 t\u00fc\u00fcpi CEDRUS kaubam\u00e4rgi aia- ja ehitusmasinaid, samuti k\u00f5iki hooldustarvikuid ja varuosi.<br \/>\n<img decoding=\"async\" class=\"alignnone size-medium wp-image-5896\" src=\"https:\/\/www.ranoja.ee\/wp-content\/uploads\/2023\/07\/cedrus-logo-vaike-1-300x99.png\" alt=\"\" width=\"300\" height=\"99\" srcset=\"https:\/\/ranoja.ee\/wp-content\/uploads\/2023\/07\/cedrus-logo-vaike-1-300x99.png 300w, https:\/\/ranoja.ee\/wp-content\/uploads\/2023\/07\/cedrus-logo-vaike-1.png 431w\" sizes=\"(max-width: 300px) 100vw, 300px\" \/><\/p>\n","protected":false},"excerpt":{"rendered":"<p>CEDRH2.2LI<br \/>\nTrell\/l\u00f6\u00f6ktrell (ilma aku\/laadijata)<br \/>\nHarjadeta mootor 20V<br \/>\nSDS padruni ots<br \/>\nP\u00f6\u00f6retearv:0-1420 rpm<br \/>\nL\u00f6\u00f6gisagedus 0-4500 l\u00f6\u00f6ki\/min<br \/>\nL\u00f6\u00f6gij\u00f5ud 2,2kJ<br \/>\nPuurimiss\u00fcgavus piiraja<br \/>\nMax puuri j\u00e4medus: 28<br \/>\nKaal 2,28kg<br \/>\n<strong>Seadme eeldatav tarneaeg 1-7 t\u00f6\u00f6p\u00e4eva<\/strong><\/p>\n<p><span style=\"color: #000000;\"><strong>KASUTA SEDA T\u00d6\u00d6RIISTA OMA <span style=\"color: #339966;\">18V &#8211; MAKITA<\/span>, <span style=\"color: #339966;\">BOSCH<\/span> V\u00d5I <span style=\"color: #339966;\">DEWALT<\/span> AKUGA!<\/strong><\/span><\/p>\n<p><a href=\"https:\/\/www.ranoja.ee\/tootekategooria\/akutooriistad\/vaheadapterid\/\"><img decoding=\"async\" class=\"alignnone wp-image-8608\" src=\"https:\/\/www.ranoja.ee\/wp-content\/uploads\/2024\/04\/Vaheadapter-makita-tooriistadele-300x200.jpg\" alt=\"Vaheadapter cedrus akut\u00f6\u00f6riistadele CEDRAD C-M (Makita)\" width=\"200\" height=\"133\" srcset=\"https:\/\/ranoja.ee\/wp-content\/uploads\/2024\/04\/Vaheadapter-makita-tooriistadele-300x200.jpg 300w, https:\/\/ranoja.ee\/wp-content\/uploads\/2024\/04\/Vaheadapter-makita-tooriistadele-1024x683.jpg 1024w, https:\/\/ranoja.ee\/wp-content\/uploads\/2024\/04\/Vaheadapter-makita-tooriistadele-768x512.jpg 768w, https:\/\/ranoja.ee\/wp-content\/uploads\/2024\/04\/Vaheadapter-makita-tooriistadele-800x533.jpg 800w, https:\/\/ranoja.ee\/wp-content\/uploads\/2024\/04\/Vaheadapter-makita-tooriistadele.jpg 1200w\" sizes=\"(max-width: 200px) 100vw, 200px\" \/><\/a><br \/>\n<span style=\"color: #000000;\"><strong><a style=\"color: #000000;\" href=\"https:\/\/www.ranoja.ee\/tootekategooria\/akutooriistad\/vaheadapterid\/\">Leia endale <span style=\"color: #339966;\">sobiv vaheadapter siit\u2192<\/span><\/a><\/strong><\/span><\/p>\n<p><strong><a href=\"https:\/\/www.ranoja.ee\/tootekategooria\/akutooriistad\/akud-ja-laadijad\/\">T\u00f6\u00f6riistale sobivad <span style=\"color: #339966;\">Cedrus Power + akud ja laadijad leiad siit\u2192<\/span><\/a><\/strong><\/p>\n","protected":false},"featured_media":14616,"template":"","meta":{"inline_featured_image":false},"product_cat":[1094,1095],"product_tag":[195,205,210,137,209,211],"class_list":{"0":"post-3074","1":"product","2":"type-product","3":"status-publish","4":"has-post-thumbnail","6":"product_brand-cedrus","7":"product_cat-akutooriistad","8":"product_cat-akutrellid-ja-looktrellid","9":"product_tag-akutooriist","10":"product_tag-akutrell","11":"product_tag-cedrh2-2li","12":"product_tag-cedrus","13":"product_tag-looktrell","14":"product_tag-trell","16":"first","17":"instock","18":"taxable","19":"shipping-taxable","20":"purchasable","21":"product-type-simple"},"yoast_head":"<!-- This site is optimized with the Yoast SEO plugin v27.4 - https:\/\/yoast.com\/product\/yoast-seo-wordpress\/ -->\n<title>Akutrell\/l\u00f6\u00f6ktrell CEDRH2.2LI (ilma aku\/laadijata)<\/title>\n<meta name=\"description\" content=\"Akutrell\/l\u00f6\u00f6ktrell CEDRH2.2LI (ilma aku\/laadijata) Harjadeta mootor, SDS ots P\u00f6\u00f6retearv: 0-1420rpm, L\u00f6\u00f6gisagedus 0-4500 l\u00f6\u00f6ki\/min, L\u00f6\u00f6gij\u00f5ud 2,2kJ.\" \/>\n<meta name=\"robots\" content=\"index, follow, max-snippet:-1, max-image-preview:large, max-video-preview:-1\" \/>\n<link rel=\"canonical\" href=\"https:\/\/ranoja.ee\/toode\/akutrell-looktrell-cedrh2-2li-ilma-aku-laadijata\/\" \/>\n<meta property=\"og:locale\" content=\"en_US\" \/>\n<meta property=\"og:type\" content=\"article\" \/>\n<meta property=\"og:title\" content=\"Akutrell\/l\u00f6\u00f6ktrell CEDRH2.2LI (ilma aku\/laadijata)\" \/>\n<meta property=\"og:description\" content=\"Akutrell\/l\u00f6\u00f6ktrell CEDRH2.2LI (ilma aku\/laadijata) Harjadeta mootor, SDS ots P\u00f6\u00f6retearv: 0-1420rpm, L\u00f6\u00f6gisagedus 0-4500 l\u00f6\u00f6ki\/min, L\u00f6\u00f6gij\u00f5ud 2,2kJ.\" \/>\n<meta property=\"og:url\" content=\"https:\/\/ranoja.ee\/toode\/akutrell-looktrell-cedrh2-2li-ilma-aku-laadijata\/\" \/>\n<meta property=\"og:site_name\" content=\"Ranoja\" \/>\n<meta property=\"article:publisher\" content=\"https:\/\/www.facebook.com\/ranoja.ee\" \/>\n<meta property=\"article:modified_time\" content=\"2025-12-10T10:20:27+00:00\" \/>\n<meta property=\"og:image\" content=\"https:\/\/ranoja.ee\/wp-content\/uploads\/2023\/07\/Akutrell-looktrell-CEDRH2.2LI-ilma-aku-laadijata.jpg\" \/>\n\t<meta property=\"og:image:width\" content=\"800\" \/>\n\t<meta property=\"og:image:height\" content=\"719\" \/>\n\t<meta property=\"og:image:type\" content=\"image\/jpeg\" \/>\n<meta name=\"twitter:card\" content=\"summary_large_image\" \/>\n<meta name=\"twitter:label1\" content=\"Est. reading time\" \/>\n\t<meta name=\"twitter:data1\" content=\"2 minutes\" \/>\n<script type=\"application\/ld+json\" class=\"yoast-schema-graph\">{\"@context\":\"https:\\\/\\\/schema.org\",\"@graph\":[{\"@type\":\"WebPage\",\"@id\":\"https:\\\/\\\/ranoja.ee\\\/toode\\\/akutrell-looktrell-cedrh2-2li-ilma-aku-laadijata\\\/\",\"url\":\"https:\\\/\\\/ranoja.ee\\\/toode\\\/akutrell-looktrell-cedrh2-2li-ilma-aku-laadijata\\\/\",\"name\":\"Akutrell\\\/l\u00f6\u00f6ktrell CEDRH2.2LI (ilma aku\\\/laadijata)\",\"isPartOf\":{\"@id\":\"https:\\\/\\\/ranoja.ee\\\/#website\"},\"primaryImageOfPage\":{\"@id\":\"https:\\\/\\\/ranoja.ee\\\/toode\\\/akutrell-looktrell-cedrh2-2li-ilma-aku-laadijata\\\/#primaryimage\"},\"image\":{\"@id\":\"https:\\\/\\\/ranoja.ee\\\/toode\\\/akutrell-looktrell-cedrh2-2li-ilma-aku-laadijata\\\/#primaryimage\"},\"thumbnailUrl\":\"https:\\\/\\\/ranoja.ee\\\/wp-content\\\/uploads\\\/2023\\\/07\\\/Akutrell-looktrell-CEDRH2.2LI-ilma-aku-laadijata.jpg\",\"datePublished\":\"2023-07-10T19:47:03+00:00\",\"dateModified\":\"2025-12-10T10:20:27+00:00\",\"description\":\"Akutrell\\\/l\u00f6\u00f6ktrell CEDRH2.2LI (ilma aku\\\/laadijata) Harjadeta mootor, SDS ots P\u00f6\u00f6retearv: 0-1420rpm, L\u00f6\u00f6gisagedus 0-4500 l\u00f6\u00f6ki\\\/min, L\u00f6\u00f6gij\u00f5ud 2,2kJ.\",\"breadcrumb\":{\"@id\":\"https:\\\/\\\/ranoja.ee\\\/toode\\\/akutrell-looktrell-cedrh2-2li-ilma-aku-laadijata\\\/#breadcrumb\"},\"inLanguage\":\"en-US\",\"potentialAction\":[{\"@type\":\"ReadAction\",\"target\":[\"https:\\\/\\\/ranoja.ee\\\/toode\\\/akutrell-looktrell-cedrh2-2li-ilma-aku-laadijata\\\/\"]}]},{\"@type\":\"ImageObject\",\"inLanguage\":\"en-US\",\"@id\":\"https:\\\/\\\/ranoja.ee\\\/toode\\\/akutrell-looktrell-cedrh2-2li-ilma-aku-laadijata\\\/#primaryimage\",\"url\":\"https:\\\/\\\/ranoja.ee\\\/wp-content\\\/uploads\\\/2023\\\/07\\\/Akutrell-looktrell-CEDRH2.2LI-ilma-aku-laadijata.jpg\",\"contentUrl\":\"https:\\\/\\\/ranoja.ee\\\/wp-content\\\/uploads\\\/2023\\\/07\\\/Akutrell-looktrell-CEDRH2.2LI-ilma-aku-laadijata.jpg\",\"width\":800,\"height\":719,\"caption\":\"Akutrell\\\/l\u00f6\u00f6ktrell CEDRH2.2LI (ilma aku\\\/laadijata)\"},{\"@type\":\"BreadcrumbList\",\"@id\":\"https:\\\/\\\/ranoja.ee\\\/toode\\\/akutrell-looktrell-cedrh2-2li-ilma-aku-laadijata\\\/#breadcrumb\",\"itemListElement\":[{\"@type\":\"ListItem\",\"position\":1,\"name\":\"Home\",\"item\":\"https:\\\/\\\/ranoja.ee\\\/\"},{\"@type\":\"ListItem\",\"position\":2,\"name\":\"Shop\",\"item\":\"https:\\\/\\\/ranoja.ee\\\/en\\\/shop\\\/\"},{\"@type\":\"ListItem\",\"position\":3,\"name\":\"Akutrell\\\/l\u00f6\u00f6ktrell CEDRH2.2LI (ilma aku\\\/laadijata)\"}]},{\"@type\":\"WebSite\",\"@id\":\"https:\\\/\\\/ranoja.ee\\\/#website\",\"url\":\"https:\\\/\\\/ranoja.ee\\\/\",\"name\":\"Ranoja\",\"description\":\"Equipment Shop WooCommerce WordPress Theme for Machine &amp; Tools\",\"publisher\":{\"@id\":\"https:\\\/\\\/ranoja.ee\\\/#organization\"},\"potentialAction\":[{\"@type\":\"SearchAction\",\"target\":{\"@type\":\"EntryPoint\",\"urlTemplate\":\"https:\\\/\\\/ranoja.ee\\\/?s={search_term_string}\"},\"query-input\":{\"@type\":\"PropertyValueSpecification\",\"valueRequired\":true,\"valueName\":\"search_term_string\"}}],\"inLanguage\":\"en-US\"},{\"@type\":\"Organization\",\"@id\":\"https:\\\/\\\/ranoja.ee\\\/#organization\",\"name\":\"Ranoja O\u00dc\",\"url\":\"https:\\\/\\\/ranoja.ee\\\/\",\"logo\":{\"@type\":\"ImageObject\",\"inLanguage\":\"en-US\",\"@id\":\"https:\\\/\\\/ranoja.ee\\\/#\\\/schema\\\/logo\\\/image\\\/\",\"url\":\"https:\\\/\\\/ranoja.ee\\\/wp-content\\\/uploads\\\/2023\\\/11\\\/ranoja-Logo.png\",\"contentUrl\":\"https:\\\/\\\/ranoja.ee\\\/wp-content\\\/uploads\\\/2023\\\/11\\\/ranoja-Logo.png\",\"width\":207,\"height\":58,\"caption\":\"Ranoja O\u00dc\"},\"image\":{\"@id\":\"https:\\\/\\\/ranoja.ee\\\/#\\\/schema\\\/logo\\\/image\\\/\"},\"sameAs\":[\"https:\\\/\\\/www.facebook.com\\\/ranoja.ee\",\"https:\\\/\\\/www.instagram.com\\\/ranoja__\\\/\"]}]}<\/script>\n<!-- \/ Yoast SEO plugin. -->","yoast_head_json":{"title":"Akutrell\/l\u00f6\u00f6ktrell CEDRH2.2LI (ilma aku\/laadijata)","description":"Akutrell\/l\u00f6\u00f6ktrell CEDRH2.2LI (ilma aku\/laadijata) Harjadeta mootor, SDS ots P\u00f6\u00f6retearv: 0-1420rpm, L\u00f6\u00f6gisagedus 0-4500 l\u00f6\u00f6ki\/min, L\u00f6\u00f6gij\u00f5ud 2,2kJ.","robots":{"index":"index","follow":"follow","max-snippet":"max-snippet:-1","max-image-preview":"max-image-preview:large","max-video-preview":"max-video-preview:-1"},"canonical":"https:\/\/ranoja.ee\/toode\/akutrell-looktrell-cedrh2-2li-ilma-aku-laadijata\/","og_locale":"en_US","og_type":"article","og_title":"Akutrell\/l\u00f6\u00f6ktrell CEDRH2.2LI (ilma aku\/laadijata)","og_description":"Akutrell\/l\u00f6\u00f6ktrell CEDRH2.2LI (ilma aku\/laadijata) Harjadeta mootor, SDS ots P\u00f6\u00f6retearv: 0-1420rpm, L\u00f6\u00f6gisagedus 0-4500 l\u00f6\u00f6ki\/min, L\u00f6\u00f6gij\u00f5ud 2,2kJ.","og_url":"https:\/\/ranoja.ee\/toode\/akutrell-looktrell-cedrh2-2li-ilma-aku-laadijata\/","og_site_name":"Ranoja","article_publisher":"https:\/\/www.facebook.com\/ranoja.ee","article_modified_time":"2025-12-10T10:20:27+00:00","og_image":[{"width":800,"height":719,"url":"https:\/\/ranoja.ee\/wp-content\/uploads\/2023\/07\/Akutrell-looktrell-CEDRH2.2LI-ilma-aku-laadijata.jpg","type":"image\/jpeg"}],"twitter_card":"summary_large_image","twitter_misc":{"Est. reading time":"2 minutes"},"schema":{"@context":"https:\/\/schema.org","@graph":[{"@type":"WebPage","@id":"https:\/\/ranoja.ee\/toode\/akutrell-looktrell-cedrh2-2li-ilma-aku-laadijata\/","url":"https:\/\/ranoja.ee\/toode\/akutrell-looktrell-cedrh2-2li-ilma-aku-laadijata\/","name":"Akutrell\/l\u00f6\u00f6ktrell CEDRH2.2LI (ilma aku\/laadijata)","isPartOf":{"@id":"https:\/\/ranoja.ee\/#website"},"primaryImageOfPage":{"@id":"https:\/\/ranoja.ee\/toode\/akutrell-looktrell-cedrh2-2li-ilma-aku-laadijata\/#primaryimage"},"image":{"@id":"https:\/\/ranoja.ee\/toode\/akutrell-looktrell-cedrh2-2li-ilma-aku-laadijata\/#primaryimage"},"thumbnailUrl":"https:\/\/ranoja.ee\/wp-content\/uploads\/2023\/07\/Akutrell-looktrell-CEDRH2.2LI-ilma-aku-laadijata.jpg","datePublished":"2023-07-10T19:47:03+00:00","dateModified":"2025-12-10T10:20:27+00:00","description":"Akutrell\/l\u00f6\u00f6ktrell CEDRH2.2LI (ilma aku\/laadijata) Harjadeta mootor, SDS ots P\u00f6\u00f6retearv: 0-1420rpm, L\u00f6\u00f6gisagedus 0-4500 l\u00f6\u00f6ki\/min, L\u00f6\u00f6gij\u00f5ud 2,2kJ.","breadcrumb":{"@id":"https:\/\/ranoja.ee\/toode\/akutrell-looktrell-cedrh2-2li-ilma-aku-laadijata\/#breadcrumb"},"inLanguage":"en-US","potentialAction":[{"@type":"ReadAction","target":["https:\/\/ranoja.ee\/toode\/akutrell-looktrell-cedrh2-2li-ilma-aku-laadijata\/"]}]},{"@type":"ImageObject","inLanguage":"en-US","@id":"https:\/\/ranoja.ee\/toode\/akutrell-looktrell-cedrh2-2li-ilma-aku-laadijata\/#primaryimage","url":"https:\/\/ranoja.ee\/wp-content\/uploads\/2023\/07\/Akutrell-looktrell-CEDRH2.2LI-ilma-aku-laadijata.jpg","contentUrl":"https:\/\/ranoja.ee\/wp-content\/uploads\/2023\/07\/Akutrell-looktrell-CEDRH2.2LI-ilma-aku-laadijata.jpg","width":800,"height":719,"caption":"Akutrell\/l\u00f6\u00f6ktrell CEDRH2.2LI (ilma aku\/laadijata)"},{"@type":"BreadcrumbList","@id":"https:\/\/ranoja.ee\/toode\/akutrell-looktrell-cedrh2-2li-ilma-aku-laadijata\/#breadcrumb","itemListElement":[{"@type":"ListItem","position":1,"name":"Home","item":"https:\/\/ranoja.ee\/"},{"@type":"ListItem","position":2,"name":"Shop","item":"https:\/\/ranoja.ee\/en\/shop\/"},{"@type":"ListItem","position":3,"name":"Akutrell\/l\u00f6\u00f6ktrell CEDRH2.2LI (ilma aku\/laadijata)"}]},{"@type":"WebSite","@id":"https:\/\/ranoja.ee\/#website","url":"https:\/\/ranoja.ee\/","name":"Ranoja","description":"Equipment Shop WooCommerce WordPress Theme for Machine &amp; Tools","publisher":{"@id":"https:\/\/ranoja.ee\/#organization"},"potentialAction":[{"@type":"SearchAction","target":{"@type":"EntryPoint","urlTemplate":"https:\/\/ranoja.ee\/?s={search_term_string}"},"query-input":{"@type":"PropertyValueSpecification","valueRequired":true,"valueName":"search_term_string"}}],"inLanguage":"en-US"},{"@type":"Organization","@id":"https:\/\/ranoja.ee\/#organization","name":"Ranoja O\u00dc","url":"https:\/\/ranoja.ee\/","logo":{"@type":"ImageObject","inLanguage":"en-US","@id":"https:\/\/ranoja.ee\/#\/schema\/logo\/image\/","url":"https:\/\/ranoja.ee\/wp-content\/uploads\/2023\/11\/ranoja-Logo.png","contentUrl":"https:\/\/ranoja.ee\/wp-content\/uploads\/2023\/11\/ranoja-Logo.png","width":207,"height":58,"caption":"Ranoja O\u00dc"},"image":{"@id":"https:\/\/ranoja.ee\/#\/schema\/logo\/image\/"},"sameAs":["https:\/\/www.facebook.com\/ranoja.ee","https:\/\/www.instagram.com\/ranoja__\/"]}]}},"_links":{"self":[{"href":"https:\/\/ranoja.ee\/en\/wp-json\/wp\/v2\/product\/3074","targetHints":{"allow":["GET"]}}],"collection":[{"href":"https:\/\/ranoja.ee\/en\/wp-json\/wp\/v2\/product"}],"about":[{"href":"https:\/\/ranoja.ee\/en\/wp-json\/wp\/v2\/types\/product"}],"wp:featuredmedia":[{"embeddable":true,"href":"https:\/\/ranoja.ee\/en\/wp-json\/wp\/v2\/media\/14616"}],"wp:attachment":[{"href":"https:\/\/ranoja.ee\/en\/wp-json\/wp\/v2\/media?parent=3074"}],"wp:term":[{"taxonomy":"product_cat","embeddable":true,"href":"https:\/\/ranoja.ee\/en\/wp-json\/wp\/v2\/product_cat?post=3074"},{"taxonomy":"product_tag","embeddable":true,"href":"https:\/\/ranoja.ee\/en\/wp-json\/wp\/v2\/product_tag?post=3074"}],"curies":[{"name":"wp","href":"https:\/\/api.w.org\/{rel}","templated":true}]}}