{"id":30730,"date":"2026-02-06T12:20:23","date_gmt":"2026-02-06T09:20:23","guid":{"rendered":"https:\/\/ranoja.ee\/?post_type=product&#038;p=30730"},"modified":"2026-02-06T13:54:35","modified_gmt":"2026-02-06T10:54:35","slug":"lumag-bensiinimootoriga-kannufrees-bsf-15","status":"publish","type":"product","link":"https:\/\/ranoja.ee\/en\/toode\/lumag-bensiinimootoriga-kannufrees-bsf-15\/","title":{"rendered":"Lumag bensiinimootoriga k\u00e4nnufrees BSF-15"},"content":{"rendered":"<p>Lumag bensiinimootoriga k\u00e4nnufrees BSF-15<\/p>\n<p>T\u00f5hus ja v\u00f5imas bensiinitoitel k\u00e4nnufrees, mis v\u00f5imaldab eemaldada puuk\u00e4nnu ja juurestikku kiirelt ja efektiivselt eemaldada. Ilma vajaduseta kaevata v\u00f5i kasutada suuri ekskavaatoreid. See masin on eriti kasulik aiat\u00f6\u00f6del, haljastuses ja metsanduses, kus sageli tuleb vabaneda vanadest k\u00e4ndudest ja juurte v\u00f5rgustikest, et teha ruumi uutele istutustele v\u00f5i ehitust\u00f6\u00f6dele.<\/p>\n<p>BSF-15 on varustatud v\u00f5imsa \u00fche silindriga 4-taktilise bensiinimootoriga, mille t\u00f6\u00f6maht on umbes 420 cm\u00b3 ja v\u00f5imsus umbes 9 kW (~12 hj). See moto\u00adr tagab masina rootorplaadi k\u00f5rge p\u00f6\u00f6rlemiskiiruse ning piisava j\u00f5u raskemate puuk\u00e4ndude t\u00f6\u00f6tlemiseks. Mootorit k\u00e4ivitatakse k\u00e4sitsi, mis teeb seadme s\u00f5ltumatuks elektriv\u00f5rgust ja sobivaks t\u00f6\u00f6ks ka eemal asuvatel t\u00f6\u00f6del.<\/p>\n<p>K\u00e4nnufreesi p\u00f5hi\u00adelemendiks on tugev terasest jahvatamisplaat diameetriga umbes 300 mm, mille k\u00fclge on paigaldatud 9 karbiidtippudega l\u00f5ikehammast. Need hammastatud l\u00f5ikeosad suudavad jahvatada puuk\u00e4ndu kuni umbes 235 mm maa tasemest allapoole ja kuni 600 mm maa tasemest \u00fclespoole. Muutes \u00fche masina abil nii pinna \u00fclemise osa kui alumise juurestiku t\u00f6\u00f6tluse v\u00f5imalikult efekti\u00adseks.<\/p>\n<p>Masina kompaktne laius (umbes 80 cm) v\u00f5imaldab sellel mahtuda kitsastest v\u00e4ravavahedest v\u00f5i piiratud t\u00f6\u00f6aladest l\u00e4bi. Mist\u00f5ttu on see hea valik aedades v\u00f5i hoovides, kus ruum on piiratud. Suured pneumaatilised rattad ning ergonoomiline juhthaarats ja reguleeritav k\u00e4epide tagavad masina lihtsa man\u00f6\u00f6verdamise ja kasutamise ka eba\u00fchtlastel v\u00f5i raskemini ligip\u00e4\u00e4setavatel pindadel.<\/p>\n<p>K\u00e4nnufreesi kasutamine v\u00e4ldib laialdast kaevamist ja v\u00f5imaldab eemaldada k\u00e4ndu v\u00e4iksema f\u00fc\u00fcsilise pingutusega, j\u00e4ttes t\u00f6\u00f6ala kiiresti tasaseks ja kasutusk\u00f5lblikuks. <\/p>\n<p>Lumag bensiinimootoriga k\u00e4nnufrees BSF-15<\/p>\n","protected":false},"excerpt":{"rendered":"<p>Lumag bensiinimootoriga k\u00e4nnufrees BSF-15<br \/>\nMootor DJ190F: 1-silindriline 4-taktiline bensiinimootor<br \/>\nMootori j\u00f5udlus: 9.0 kW<br \/>\nMootori kubatuur: 420 cm\u00b3<br \/>\nK\u00fctusepaagi maht: 6.5 l<br \/>\nKarteri maht: 1.1 l<br \/>\nK\u00e4ivituss\u00fcsteem:K\u00e4sik\u00e4ivitus<br \/>\nFreesketta l\u00e4bim\u00f5\u00f5t: 300 mm<br \/>\nFreesimine maa all: 235 mm<br \/>\nFreesimine maapinna kohal: 600 mm<br \/>\nHammaste arv: 9 TK<br \/>\nPakendi m\u00f5\u00f5tmed (P\/L\/K): 1060 x 800 x 580 mm<br \/>\nTootja: Lumag<br \/>\nMudel: BSF-15<br \/>\nTootekood: BSF-15<br \/>\nKaal: 115 kg<br \/>\n<strong>Eeldatav tarneaeg 2-3 n\u00e4dalat<\/strong><br \/>\n[embed]https:\/\/youtu.be\/6COzsHNzKbw?si=_xKgy80_rof22Qsw[\/embed]<\/p>\n","protected":false},"featured_media":30739,"template":"","meta":{"inline_featured_image":false},"product_cat":[1079,1085],"product_tag":[3487,3486,162,134,3485],"class_list":{"0":"post-30730","1":"product","2":"type-product","3":"status-publish","4":"has-post-thumbnail","6":"product_brand-lumag","7":"product_cat-aiatehnika-ja-niidutehnika","8":"product_cat-kannufreesid","9":"product_tag-bensiinimootoriga-kannufrees","10":"product_tag-bsf-15","11":"product_tag-kannufrees","12":"product_tag-lumag","13":"product_tag-lumag-bensiinimootoriga-kannufrees-bsf-15","15":"first","16":"onbackorder","17":"taxable","18":"shipping-taxable","19":"purchasable","20":"product-type-simple"},"yoast_head":"<!-- This site is optimized with the Yoast SEO plugin v27.4 - https:\/\/yoast.com\/product\/yoast-seo-wordpress\/ -->\n<title>Lumag bensiinimootoriga k\u00e4nnufrees BSF-15<\/title>\n<meta name=\"description\" content=\"Lumag bensiinimootoriga k\u00e4nnufrees BSF-15 L\u00f5ikeosad suudavad jahvatada puuk\u00e4ndu kuni 235 mm maa tasemest allapoole ja kuni 600 mm maa tasemest \u00fclespoole.\" \/>\n<meta name=\"robots\" content=\"index, follow, max-snippet:-1, max-image-preview:large, max-video-preview:-1\" \/>\n<link rel=\"canonical\" href=\"https:\/\/ranoja.ee\/toode\/lumag-bensiinimootoriga-kannufrees-bsf-15\/\" \/>\n<meta property=\"og:locale\" content=\"en_US\" \/>\n<meta property=\"og:type\" content=\"article\" \/>\n<meta property=\"og:title\" content=\"Lumag bensiinimootoriga k\u00e4nnufrees BSF-15\" \/>\n<meta property=\"og:description\" content=\"Lumag bensiinimootoriga k\u00e4nnufrees BSF-15 L\u00f5ikeosad suudavad jahvatada puuk\u00e4ndu kuni 235 mm maa tasemest allapoole ja kuni 600 mm maa tasemest \u00fclespoole.\" \/>\n<meta property=\"og:url\" content=\"https:\/\/ranoja.ee\/toode\/lumag-bensiinimootoriga-kannufrees-bsf-15\/\" \/>\n<meta property=\"og:site_name\" content=\"Ranoja\" \/>\n<meta property=\"article:publisher\" content=\"https:\/\/www.facebook.com\/ranoja.ee\" \/>\n<meta property=\"article:modified_time\" content=\"2026-02-06T10:54:35+00:00\" \/>\n<meta property=\"og:image\" content=\"https:\/\/ranoja.ee\/wp-content\/uploads\/2026\/02\/Lumag-bensiinimootoriga-kannufrees-BSF-15-2.png\" \/>\n\t<meta property=\"og:image:width\" content=\"1500\" \/>\n\t<meta property=\"og:image:height\" content=\"1500\" \/>\n\t<meta property=\"og:image:type\" content=\"image\/png\" \/>\n<meta name=\"twitter:card\" content=\"summary_large_image\" \/>\n<meta name=\"twitter:label1\" content=\"Est. reading time\" \/>\n\t<meta name=\"twitter:data1\" content=\"2 minutes\" \/>\n<script type=\"application\/ld+json\" class=\"yoast-schema-graph\">{\"@context\":\"https:\\\/\\\/schema.org\",\"@graph\":[{\"@type\":\"WebPage\",\"@id\":\"https:\\\/\\\/ranoja.ee\\\/toode\\\/lumag-bensiinimootoriga-kannufrees-bsf-15\\\/\",\"url\":\"https:\\\/\\\/ranoja.ee\\\/toode\\\/lumag-bensiinimootoriga-kannufrees-bsf-15\\\/\",\"name\":\"Lumag bensiinimootoriga k\u00e4nnufrees BSF-15\",\"isPartOf\":{\"@id\":\"https:\\\/\\\/ranoja.ee\\\/#website\"},\"primaryImageOfPage\":{\"@id\":\"https:\\\/\\\/ranoja.ee\\\/toode\\\/lumag-bensiinimootoriga-kannufrees-bsf-15\\\/#primaryimage\"},\"image\":{\"@id\":\"https:\\\/\\\/ranoja.ee\\\/toode\\\/lumag-bensiinimootoriga-kannufrees-bsf-15\\\/#primaryimage\"},\"thumbnailUrl\":\"https:\\\/\\\/ranoja.ee\\\/wp-content\\\/uploads\\\/2026\\\/02\\\/Lumag-bensiinimootoriga-kannufrees-BSF-15-2.png\",\"datePublished\":\"2026-02-06T09:20:23+00:00\",\"dateModified\":\"2026-02-06T10:54:35+00:00\",\"description\":\"Lumag bensiinimootoriga k\u00e4nnufrees BSF-15 L\u00f5ikeosad suudavad jahvatada puuk\u00e4ndu kuni 235 mm maa tasemest allapoole ja kuni 600 mm maa tasemest \u00fclespoole.\",\"breadcrumb\":{\"@id\":\"https:\\\/\\\/ranoja.ee\\\/toode\\\/lumag-bensiinimootoriga-kannufrees-bsf-15\\\/#breadcrumb\"},\"inLanguage\":\"en-US\",\"potentialAction\":[{\"@type\":\"ReadAction\",\"target\":[\"https:\\\/\\\/ranoja.ee\\\/toode\\\/lumag-bensiinimootoriga-kannufrees-bsf-15\\\/\"]}]},{\"@type\":\"ImageObject\",\"inLanguage\":\"en-US\",\"@id\":\"https:\\\/\\\/ranoja.ee\\\/toode\\\/lumag-bensiinimootoriga-kannufrees-bsf-15\\\/#primaryimage\",\"url\":\"https:\\\/\\\/ranoja.ee\\\/wp-content\\\/uploads\\\/2026\\\/02\\\/Lumag-bensiinimootoriga-kannufrees-BSF-15-2.png\",\"contentUrl\":\"https:\\\/\\\/ranoja.ee\\\/wp-content\\\/uploads\\\/2026\\\/02\\\/Lumag-bensiinimootoriga-kannufrees-BSF-15-2.png\",\"width\":1500,\"height\":1500,\"caption\":\"Lumag bensiinimootoriga k\u00e4nnufrees BSF-15\"},{\"@type\":\"BreadcrumbList\",\"@id\":\"https:\\\/\\\/ranoja.ee\\\/toode\\\/lumag-bensiinimootoriga-kannufrees-bsf-15\\\/#breadcrumb\",\"itemListElement\":[{\"@type\":\"ListItem\",\"position\":1,\"name\":\"Home\",\"item\":\"https:\\\/\\\/ranoja.ee\\\/\"},{\"@type\":\"ListItem\",\"position\":2,\"name\":\"Shop\",\"item\":\"https:\\\/\\\/ranoja.ee\\\/en\\\/shop\\\/\"},{\"@type\":\"ListItem\",\"position\":3,\"name\":\"Lumag bensiinimootoriga k\u00e4nnufrees BSF-15\"}]},{\"@type\":\"WebSite\",\"@id\":\"https:\\\/\\\/ranoja.ee\\\/#website\",\"url\":\"https:\\\/\\\/ranoja.ee\\\/\",\"name\":\"Ranoja\",\"description\":\"Equipment Shop WooCommerce WordPress Theme for Machine &amp; Tools\",\"publisher\":{\"@id\":\"https:\\\/\\\/ranoja.ee\\\/#organization\"},\"potentialAction\":[{\"@type\":\"SearchAction\",\"target\":{\"@type\":\"EntryPoint\",\"urlTemplate\":\"https:\\\/\\\/ranoja.ee\\\/?s={search_term_string}\"},\"query-input\":{\"@type\":\"PropertyValueSpecification\",\"valueRequired\":true,\"valueName\":\"search_term_string\"}}],\"inLanguage\":\"en-US\"},{\"@type\":\"Organization\",\"@id\":\"https:\\\/\\\/ranoja.ee\\\/#organization\",\"name\":\"Ranoja O\u00dc\",\"url\":\"https:\\\/\\\/ranoja.ee\\\/\",\"logo\":{\"@type\":\"ImageObject\",\"inLanguage\":\"en-US\",\"@id\":\"https:\\\/\\\/ranoja.ee\\\/#\\\/schema\\\/logo\\\/image\\\/\",\"url\":\"https:\\\/\\\/ranoja.ee\\\/wp-content\\\/uploads\\\/2023\\\/11\\\/ranoja-Logo.png\",\"contentUrl\":\"https:\\\/\\\/ranoja.ee\\\/wp-content\\\/uploads\\\/2023\\\/11\\\/ranoja-Logo.png\",\"width\":207,\"height\":58,\"caption\":\"Ranoja O\u00dc\"},\"image\":{\"@id\":\"https:\\\/\\\/ranoja.ee\\\/#\\\/schema\\\/logo\\\/image\\\/\"},\"sameAs\":[\"https:\\\/\\\/www.facebook.com\\\/ranoja.ee\",\"https:\\\/\\\/www.instagram.com\\\/ranoja__\\\/\"]}]}<\/script>\n<!-- \/ Yoast SEO plugin. -->","yoast_head_json":{"title":"Lumag bensiinimootoriga k\u00e4nnufrees BSF-15","description":"Lumag bensiinimootoriga k\u00e4nnufrees BSF-15 L\u00f5ikeosad suudavad jahvatada puuk\u00e4ndu kuni 235 mm maa tasemest allapoole ja kuni 600 mm maa tasemest \u00fclespoole.","robots":{"index":"index","follow":"follow","max-snippet":"max-snippet:-1","max-image-preview":"max-image-preview:large","max-video-preview":"max-video-preview:-1"},"canonical":"https:\/\/ranoja.ee\/toode\/lumag-bensiinimootoriga-kannufrees-bsf-15\/","og_locale":"en_US","og_type":"article","og_title":"Lumag bensiinimootoriga k\u00e4nnufrees BSF-15","og_description":"Lumag bensiinimootoriga k\u00e4nnufrees BSF-15 L\u00f5ikeosad suudavad jahvatada puuk\u00e4ndu kuni 235 mm maa tasemest allapoole ja kuni 600 mm maa tasemest \u00fclespoole.","og_url":"https:\/\/ranoja.ee\/toode\/lumag-bensiinimootoriga-kannufrees-bsf-15\/","og_site_name":"Ranoja","article_publisher":"https:\/\/www.facebook.com\/ranoja.ee","article_modified_time":"2026-02-06T10:54:35+00:00","og_image":[{"width":1500,"height":1500,"url":"https:\/\/ranoja.ee\/wp-content\/uploads\/2026\/02\/Lumag-bensiinimootoriga-kannufrees-BSF-15-2.png","type":"image\/png"}],"twitter_card":"summary_large_image","twitter_misc":{"Est. reading time":"2 minutes"},"schema":{"@context":"https:\/\/schema.org","@graph":[{"@type":"WebPage","@id":"https:\/\/ranoja.ee\/toode\/lumag-bensiinimootoriga-kannufrees-bsf-15\/","url":"https:\/\/ranoja.ee\/toode\/lumag-bensiinimootoriga-kannufrees-bsf-15\/","name":"Lumag bensiinimootoriga k\u00e4nnufrees BSF-15","isPartOf":{"@id":"https:\/\/ranoja.ee\/#website"},"primaryImageOfPage":{"@id":"https:\/\/ranoja.ee\/toode\/lumag-bensiinimootoriga-kannufrees-bsf-15\/#primaryimage"},"image":{"@id":"https:\/\/ranoja.ee\/toode\/lumag-bensiinimootoriga-kannufrees-bsf-15\/#primaryimage"},"thumbnailUrl":"https:\/\/ranoja.ee\/wp-content\/uploads\/2026\/02\/Lumag-bensiinimootoriga-kannufrees-BSF-15-2.png","datePublished":"2026-02-06T09:20:23+00:00","dateModified":"2026-02-06T10:54:35+00:00","description":"Lumag bensiinimootoriga k\u00e4nnufrees BSF-15 L\u00f5ikeosad suudavad jahvatada puuk\u00e4ndu kuni 235 mm maa tasemest allapoole ja kuni 600 mm maa tasemest \u00fclespoole.","breadcrumb":{"@id":"https:\/\/ranoja.ee\/toode\/lumag-bensiinimootoriga-kannufrees-bsf-15\/#breadcrumb"},"inLanguage":"en-US","potentialAction":[{"@type":"ReadAction","target":["https:\/\/ranoja.ee\/toode\/lumag-bensiinimootoriga-kannufrees-bsf-15\/"]}]},{"@type":"ImageObject","inLanguage":"en-US","@id":"https:\/\/ranoja.ee\/toode\/lumag-bensiinimootoriga-kannufrees-bsf-15\/#primaryimage","url":"https:\/\/ranoja.ee\/wp-content\/uploads\/2026\/02\/Lumag-bensiinimootoriga-kannufrees-BSF-15-2.png","contentUrl":"https:\/\/ranoja.ee\/wp-content\/uploads\/2026\/02\/Lumag-bensiinimootoriga-kannufrees-BSF-15-2.png","width":1500,"height":1500,"caption":"Lumag bensiinimootoriga k\u00e4nnufrees BSF-15"},{"@type":"BreadcrumbList","@id":"https:\/\/ranoja.ee\/toode\/lumag-bensiinimootoriga-kannufrees-bsf-15\/#breadcrumb","itemListElement":[{"@type":"ListItem","position":1,"name":"Home","item":"https:\/\/ranoja.ee\/"},{"@type":"ListItem","position":2,"name":"Shop","item":"https:\/\/ranoja.ee\/en\/shop\/"},{"@type":"ListItem","position":3,"name":"Lumag bensiinimootoriga k\u00e4nnufrees BSF-15"}]},{"@type":"WebSite","@id":"https:\/\/ranoja.ee\/#website","url":"https:\/\/ranoja.ee\/","name":"Ranoja","description":"Equipment Shop WooCommerce WordPress Theme for Machine &amp; Tools","publisher":{"@id":"https:\/\/ranoja.ee\/#organization"},"potentialAction":[{"@type":"SearchAction","target":{"@type":"EntryPoint","urlTemplate":"https:\/\/ranoja.ee\/?s={search_term_string}"},"query-input":{"@type":"PropertyValueSpecification","valueRequired":true,"valueName":"search_term_string"}}],"inLanguage":"en-US"},{"@type":"Organization","@id":"https:\/\/ranoja.ee\/#organization","name":"Ranoja O\u00dc","url":"https:\/\/ranoja.ee\/","logo":{"@type":"ImageObject","inLanguage":"en-US","@id":"https:\/\/ranoja.ee\/#\/schema\/logo\/image\/","url":"https:\/\/ranoja.ee\/wp-content\/uploads\/2023\/11\/ranoja-Logo.png","contentUrl":"https:\/\/ranoja.ee\/wp-content\/uploads\/2023\/11\/ranoja-Logo.png","width":207,"height":58,"caption":"Ranoja O\u00dc"},"image":{"@id":"https:\/\/ranoja.ee\/#\/schema\/logo\/image\/"},"sameAs":["https:\/\/www.facebook.com\/ranoja.ee","https:\/\/www.instagram.com\/ranoja__\/"]}]}},"_links":{"self":[{"href":"https:\/\/ranoja.ee\/en\/wp-json\/wp\/v2\/product\/30730","targetHints":{"allow":["GET"]}}],"collection":[{"href":"https:\/\/ranoja.ee\/en\/wp-json\/wp\/v2\/product"}],"about":[{"href":"https:\/\/ranoja.ee\/en\/wp-json\/wp\/v2\/types\/product"}],"wp:featuredmedia":[{"embeddable":true,"href":"https:\/\/ranoja.ee\/en\/wp-json\/wp\/v2\/media\/30739"}],"wp:attachment":[{"href":"https:\/\/ranoja.ee\/en\/wp-json\/wp\/v2\/media?parent=30730"}],"wp:term":[{"taxonomy":"product_cat","embeddable":true,"href":"https:\/\/ranoja.ee\/en\/wp-json\/wp\/v2\/product_cat?post=30730"},{"taxonomy":"product_tag","embeddable":true,"href":"https:\/\/ranoja.ee\/en\/wp-json\/wp\/v2\/product_tag?post=30730"}],"curies":[{"name":"wp","href":"https:\/\/api.w.org\/{rel}","templated":true}]}}