{"id":30718,"date":"2026-02-06T10:32:36","date_gmt":"2026-02-06T07:32:36","guid":{"rendered":"https:\/\/ranoja.ee\/?post_type=product&#038;p=30718"},"modified":"2026-02-06T11:16:26","modified_gmt":"2026-02-06T08:16:26","slug":"lumag-hudraulilise-kallutamisega-minikallur-gamul-vh5pro","status":"publish","type":"product","link":"https:\/\/ranoja.ee\/en\/toode\/lumag-hudraulilise-kallutamisega-minikallur-gamul-vh5pro\/","title":{"rendered":"Lumag h\u00fcdraulilise kallutamisega minikallur GAMUL-VH5PRO"},"content":{"rendered":"<p>Lumag h\u00fcdraulilise kallutamisega minikallur GAMUL-VH5PRO<\/p>\n<p>T\u00e4is-h\u00fcdrauliline mini-dumper, mis on loodud raskete materjalide t\u00f5husaks transportimiseks ja kasti kiireks t\u00fchjendamiseks erinevates ehitus-, haljastus- ja p\u00f5llumajandust\u00f6\u00f6des. See masin \u00fchendab v\u00f5imsa bensiinimootori, h\u00fcdrostaatilise ajami ja intuitiivse h\u00fcdraulilise juhtimise. Muutes t\u00f6\u00f6platsil liigutamise ja koormamist oluliselt lihtsamaks v\u00f5rreldes k\u00e4sitsi t\u00f5stmistega ja kergetega haagistega.<\/p>\n<p>Seadme j\u00f5uallikaks on 1-silindriline 4-taktiline Loncin bensiinimootor, mille t\u00f6\u00f6maht on umbes 252 cm\u00b3 ja v\u00f5imsus umbes 5.2 kW. See tagab piisava j\u00f5u nii transpordiks kui ka h\u00fcdraulilise s\u00fcsteemi t\u00f6\u00f6ks. Mootorit k\u00e4ivitatakse k\u00e4sitsi ja see varustab t\u00e4ish\u00fcdraulilist ajami ning kallutusfunktsiooni energiaga, v\u00f5imaldades masinal liikuda stabiilselt \u00fcle ebatasase ja libeda pinnase.<\/p>\n<p>GAMUL-VH5PRO suudab transportida kuni 500 kg koormust ja selle h\u00fcdrauliline kallutusmehhanism t\u00fchjendab koormakasti vaevata, kasutades lihtsat juhts\u00fcsteemi. See on suur eelis nii liiva, kruusa, mulda kui ehitusprahi k\u00e4sitsemisel. Roomikud tagavad suure haardumise ja stabiilsuse, mist\u00f5ttu saab seadet kasutades h\u00e4sti hakkama ka m\u00e4gistel, mudastel v\u00f5i libedatel pindadel. Kompaktne disain t\u00e4hendab, et mini-dumper sobib ka kitsastesse kohtadesse ja raskesti ligip\u00e4\u00e4setavatesse t\u00f6\u00f6aladesse.<\/p>\n<p>Masina k\u00fctte- ja materjali mahutavuse v\u00f5imalused teevad sellest ideaalse abivahendi ehitust\u00f6\u00f6del, haljastuses, drenaa\u017ei ja torut\u00f6\u00f6de ettevalmistamisel, kus suurte koormuste liigutamine on igap\u00e4evane \u00fclesanne. <\/p>\n<p>Lumag h\u00fcdraulilise kallutamisega minikallur GAMUL-VH5PRO<\/p>\n","protected":false},"excerpt":{"rendered":"<p>Lumag h\u00fcdraulilise kallutamisega minikallur GAMUL-VH5PRO<br \/>\nMootor: 1-silindriline 4-taktiline OHV LONCIN mootor<br \/>\nJ\u00f5udlus: 5.2 kW<br \/>\nMootori t\u00f6\u00f6maht: 252 cm\u00b3<br \/>\nH\u00fcdrauliline pump: 21 l\/min 3000 p\/min juures<br \/>\nMaksimaalne kiirus: 3600 p\/min<br \/>\nMaksimaalne t\u00f6\u00f6r\u00f5hk: 180 bar<br \/>\nK\u00e4ivitamine: Reversiivne starter<br \/>\nJuhtimine: T\u00e4ish\u00fcdrauliline \/ juhtventiil<br \/>\nMaksimaalne: Ronimisv\u00f5ime 30\u00b0<br \/>\nKallutamisseade: H\u00fcdrauliliselt juhitav, ettepoole kallutatav<br \/>\nKallutava kasti m\u00f5\u00f5tmed (PxLxK): 1020 x 680 x 500 mm<br \/>\nM\u00f5\u00f5dud, roomikuj\u00e4ljed: 180 x 60 x 38 mm<br \/>\nT\u00f6\u00f6kiirus,sujuvalt muudetav + kiirliikumine edasi\/tagasimaks: Maksimaalsed kiirused edasi 5.4 ja tagasi 2.7 km\/h<br \/>\nM\u00f5\u00f5tmed (P x L x K): 1900 x 850 x 1100 mm<br \/>\nKasulik koormus maksimaalne: 500 kg<br \/>\nTootja: Lumag<br \/>\nMudel: GAMUL-VH5PRO<br \/>\nTootekood: GAMULVH5PRO<br \/>\nMaksimaalne kandev\u00f5ime: 500 kg<br \/>\nKaal: 417 kg<br \/>\n<strong>Eeldatav tarneaeg 2-3 n\u00e4dalat<\/strong><br \/>\n[embed]https:\/\/youtu.be\/u-t6H1blDqQ?si=3SYEqVUd1oEwffXr[\/embed]<\/p>\n","protected":false},"featured_media":30727,"template":"","meta":{"inline_featured_image":false},"product_cat":[1090,99],"product_tag":[3469,3482,3483,134,3481,3484,346],"class_list":{"0":"post-30718","1":"product","2":"type-product","3":"status-publish","4":"has-post-thumbnail","6":"product_brand-lumag","7":"product_cat-ehitustehnika","8":"product_cat-minikallurid","9":"product_tag-gamul","10":"product_tag-gamul-vh5pro","11":"product_tag-gamulvh5pro","12":"product_tag-lumag","13":"product_tag-lumag-hudraulilise-kallutamisega-minikallur-gamul-vh5pro","14":"product_tag-mini-dumper","15":"product_tag-minikallur","17":"first","18":"onbackorder","19":"taxable","20":"shipping-taxable","21":"purchasable","22":"product-type-simple"},"yoast_head":"<!-- This site is optimized with the Yoast SEO plugin v27.4 - https:\/\/yoast.com\/product\/yoast-seo-wordpress\/ -->\n<title>Lumag h\u00fcdraulilise kallutamisega minikallur GAMUL-VH5PRO<\/title>\n<meta name=\"description\" content=\"Lumag h\u00fcdraulilise kallutamisega minikallur GAMUL-VH5PRO T\u00e4is-h\u00fcdrauliline mini-dumper, mis on loodud raskete materjalide t\u00f5husaks transportimiseks\" \/>\n<meta name=\"robots\" content=\"index, follow, max-snippet:-1, max-image-preview:large, max-video-preview:-1\" \/>\n<link rel=\"canonical\" href=\"https:\/\/ranoja.ee\/toode\/lumag-hudraulilise-kallutamisega-minikallur-gamul-vh5pro\/\" \/>\n<meta property=\"og:locale\" content=\"en_US\" \/>\n<meta property=\"og:type\" content=\"article\" \/>\n<meta property=\"og:title\" content=\"Lumag h\u00fcdraulilise kallutamisega minikallur GAMUL-VH5PRO\" \/>\n<meta property=\"og:description\" content=\"Lumag h\u00fcdraulilise kallutamisega minikallur GAMUL-VH5PRO T\u00e4is-h\u00fcdrauliline mini-dumper, mis on loodud raskete materjalide t\u00f5husaks transportimiseks\" \/>\n<meta property=\"og:url\" content=\"https:\/\/ranoja.ee\/toode\/lumag-hudraulilise-kallutamisega-minikallur-gamul-vh5pro\/\" \/>\n<meta property=\"og:site_name\" content=\"Ranoja\" \/>\n<meta property=\"article:publisher\" content=\"https:\/\/www.facebook.com\/ranoja.ee\" \/>\n<meta property=\"article:modified_time\" content=\"2026-02-06T08:16:26+00:00\" \/>\n<meta property=\"og:image\" content=\"https:\/\/ranoja.ee\/wp-content\/uploads\/2026\/02\/Lumag-hudraulilise-kallutamisega-minikallur-GAMUL-VH5PRO.png\" \/>\n\t<meta property=\"og:image:width\" content=\"1500\" \/>\n\t<meta property=\"og:image:height\" content=\"1500\" \/>\n\t<meta property=\"og:image:type\" content=\"image\/png\" \/>\n<meta name=\"twitter:card\" content=\"summary_large_image\" \/>\n<meta name=\"twitter:label1\" content=\"Est. reading time\" \/>\n\t<meta name=\"twitter:data1\" content=\"2 minutes\" \/>\n<script type=\"application\/ld+json\" class=\"yoast-schema-graph\">{\"@context\":\"https:\\\/\\\/schema.org\",\"@graph\":[{\"@type\":\"WebPage\",\"@id\":\"https:\\\/\\\/ranoja.ee\\\/toode\\\/lumag-hudraulilise-kallutamisega-minikallur-gamul-vh5pro\\\/\",\"url\":\"https:\\\/\\\/ranoja.ee\\\/toode\\\/lumag-hudraulilise-kallutamisega-minikallur-gamul-vh5pro\\\/\",\"name\":\"Lumag h\u00fcdraulilise kallutamisega minikallur GAMUL-VH5PRO\",\"isPartOf\":{\"@id\":\"https:\\\/\\\/ranoja.ee\\\/#website\"},\"primaryImageOfPage\":{\"@id\":\"https:\\\/\\\/ranoja.ee\\\/toode\\\/lumag-hudraulilise-kallutamisega-minikallur-gamul-vh5pro\\\/#primaryimage\"},\"image\":{\"@id\":\"https:\\\/\\\/ranoja.ee\\\/toode\\\/lumag-hudraulilise-kallutamisega-minikallur-gamul-vh5pro\\\/#primaryimage\"},\"thumbnailUrl\":\"https:\\\/\\\/ranoja.ee\\\/wp-content\\\/uploads\\\/2026\\\/02\\\/Lumag-hudraulilise-kallutamisega-minikallur-GAMUL-VH5PRO.png\",\"datePublished\":\"2026-02-06T07:32:36+00:00\",\"dateModified\":\"2026-02-06T08:16:26+00:00\",\"description\":\"Lumag h\u00fcdraulilise kallutamisega minikallur GAMUL-VH5PRO T\u00e4is-h\u00fcdrauliline mini-dumper, mis on loodud raskete materjalide t\u00f5husaks transportimiseks\",\"breadcrumb\":{\"@id\":\"https:\\\/\\\/ranoja.ee\\\/toode\\\/lumag-hudraulilise-kallutamisega-minikallur-gamul-vh5pro\\\/#breadcrumb\"},\"inLanguage\":\"en-US\",\"potentialAction\":[{\"@type\":\"ReadAction\",\"target\":[\"https:\\\/\\\/ranoja.ee\\\/toode\\\/lumag-hudraulilise-kallutamisega-minikallur-gamul-vh5pro\\\/\"]}]},{\"@type\":\"ImageObject\",\"inLanguage\":\"en-US\",\"@id\":\"https:\\\/\\\/ranoja.ee\\\/toode\\\/lumag-hudraulilise-kallutamisega-minikallur-gamul-vh5pro\\\/#primaryimage\",\"url\":\"https:\\\/\\\/ranoja.ee\\\/wp-content\\\/uploads\\\/2026\\\/02\\\/Lumag-hudraulilise-kallutamisega-minikallur-GAMUL-VH5PRO.png\",\"contentUrl\":\"https:\\\/\\\/ranoja.ee\\\/wp-content\\\/uploads\\\/2026\\\/02\\\/Lumag-hudraulilise-kallutamisega-minikallur-GAMUL-VH5PRO.png\",\"width\":1500,\"height\":1500,\"caption\":\"Lumag h\u00fcdraulilise kallutamisega minikallur GAMUL-VH5PRO\"},{\"@type\":\"BreadcrumbList\",\"@id\":\"https:\\\/\\\/ranoja.ee\\\/toode\\\/lumag-hudraulilise-kallutamisega-minikallur-gamul-vh5pro\\\/#breadcrumb\",\"itemListElement\":[{\"@type\":\"ListItem\",\"position\":1,\"name\":\"Home\",\"item\":\"https:\\\/\\\/ranoja.ee\\\/\"},{\"@type\":\"ListItem\",\"position\":2,\"name\":\"Shop\",\"item\":\"https:\\\/\\\/ranoja.ee\\\/en\\\/shop\\\/\"},{\"@type\":\"ListItem\",\"position\":3,\"name\":\"Lumag h\u00fcdraulilise kallutamisega minikallur GAMUL-VH5PRO\"}]},{\"@type\":\"WebSite\",\"@id\":\"https:\\\/\\\/ranoja.ee\\\/#website\",\"url\":\"https:\\\/\\\/ranoja.ee\\\/\",\"name\":\"Ranoja\",\"description\":\"Equipment Shop WooCommerce WordPress Theme for Machine &amp; Tools\",\"publisher\":{\"@id\":\"https:\\\/\\\/ranoja.ee\\\/#organization\"},\"potentialAction\":[{\"@type\":\"SearchAction\",\"target\":{\"@type\":\"EntryPoint\",\"urlTemplate\":\"https:\\\/\\\/ranoja.ee\\\/?s={search_term_string}\"},\"query-input\":{\"@type\":\"PropertyValueSpecification\",\"valueRequired\":true,\"valueName\":\"search_term_string\"}}],\"inLanguage\":\"en-US\"},{\"@type\":\"Organization\",\"@id\":\"https:\\\/\\\/ranoja.ee\\\/#organization\",\"name\":\"Ranoja O\u00dc\",\"url\":\"https:\\\/\\\/ranoja.ee\\\/\",\"logo\":{\"@type\":\"ImageObject\",\"inLanguage\":\"en-US\",\"@id\":\"https:\\\/\\\/ranoja.ee\\\/#\\\/schema\\\/logo\\\/image\\\/\",\"url\":\"https:\\\/\\\/ranoja.ee\\\/wp-content\\\/uploads\\\/2023\\\/11\\\/ranoja-Logo.png\",\"contentUrl\":\"https:\\\/\\\/ranoja.ee\\\/wp-content\\\/uploads\\\/2023\\\/11\\\/ranoja-Logo.png\",\"width\":207,\"height\":58,\"caption\":\"Ranoja O\u00dc\"},\"image\":{\"@id\":\"https:\\\/\\\/ranoja.ee\\\/#\\\/schema\\\/logo\\\/image\\\/\"},\"sameAs\":[\"https:\\\/\\\/www.facebook.com\\\/ranoja.ee\",\"https:\\\/\\\/www.instagram.com\\\/ranoja__\\\/\"]}]}<\/script>\n<!-- \/ Yoast SEO plugin. -->","yoast_head_json":{"title":"Lumag h\u00fcdraulilise kallutamisega minikallur GAMUL-VH5PRO","description":"Lumag h\u00fcdraulilise kallutamisega minikallur GAMUL-VH5PRO T\u00e4is-h\u00fcdrauliline mini-dumper, mis on loodud raskete materjalide t\u00f5husaks transportimiseks","robots":{"index":"index","follow":"follow","max-snippet":"max-snippet:-1","max-image-preview":"max-image-preview:large","max-video-preview":"max-video-preview:-1"},"canonical":"https:\/\/ranoja.ee\/toode\/lumag-hudraulilise-kallutamisega-minikallur-gamul-vh5pro\/","og_locale":"en_US","og_type":"article","og_title":"Lumag h\u00fcdraulilise kallutamisega minikallur GAMUL-VH5PRO","og_description":"Lumag h\u00fcdraulilise kallutamisega minikallur GAMUL-VH5PRO T\u00e4is-h\u00fcdrauliline mini-dumper, mis on loodud raskete materjalide t\u00f5husaks transportimiseks","og_url":"https:\/\/ranoja.ee\/toode\/lumag-hudraulilise-kallutamisega-minikallur-gamul-vh5pro\/","og_site_name":"Ranoja","article_publisher":"https:\/\/www.facebook.com\/ranoja.ee","article_modified_time":"2026-02-06T08:16:26+00:00","og_image":[{"width":1500,"height":1500,"url":"https:\/\/ranoja.ee\/wp-content\/uploads\/2026\/02\/Lumag-hudraulilise-kallutamisega-minikallur-GAMUL-VH5PRO.png","type":"image\/png"}],"twitter_card":"summary_large_image","twitter_misc":{"Est. reading time":"2 minutes"},"schema":{"@context":"https:\/\/schema.org","@graph":[{"@type":"WebPage","@id":"https:\/\/ranoja.ee\/toode\/lumag-hudraulilise-kallutamisega-minikallur-gamul-vh5pro\/","url":"https:\/\/ranoja.ee\/toode\/lumag-hudraulilise-kallutamisega-minikallur-gamul-vh5pro\/","name":"Lumag h\u00fcdraulilise kallutamisega minikallur GAMUL-VH5PRO","isPartOf":{"@id":"https:\/\/ranoja.ee\/#website"},"primaryImageOfPage":{"@id":"https:\/\/ranoja.ee\/toode\/lumag-hudraulilise-kallutamisega-minikallur-gamul-vh5pro\/#primaryimage"},"image":{"@id":"https:\/\/ranoja.ee\/toode\/lumag-hudraulilise-kallutamisega-minikallur-gamul-vh5pro\/#primaryimage"},"thumbnailUrl":"https:\/\/ranoja.ee\/wp-content\/uploads\/2026\/02\/Lumag-hudraulilise-kallutamisega-minikallur-GAMUL-VH5PRO.png","datePublished":"2026-02-06T07:32:36+00:00","dateModified":"2026-02-06T08:16:26+00:00","description":"Lumag h\u00fcdraulilise kallutamisega minikallur GAMUL-VH5PRO T\u00e4is-h\u00fcdrauliline mini-dumper, mis on loodud raskete materjalide t\u00f5husaks transportimiseks","breadcrumb":{"@id":"https:\/\/ranoja.ee\/toode\/lumag-hudraulilise-kallutamisega-minikallur-gamul-vh5pro\/#breadcrumb"},"inLanguage":"en-US","potentialAction":[{"@type":"ReadAction","target":["https:\/\/ranoja.ee\/toode\/lumag-hudraulilise-kallutamisega-minikallur-gamul-vh5pro\/"]}]},{"@type":"ImageObject","inLanguage":"en-US","@id":"https:\/\/ranoja.ee\/toode\/lumag-hudraulilise-kallutamisega-minikallur-gamul-vh5pro\/#primaryimage","url":"https:\/\/ranoja.ee\/wp-content\/uploads\/2026\/02\/Lumag-hudraulilise-kallutamisega-minikallur-GAMUL-VH5PRO.png","contentUrl":"https:\/\/ranoja.ee\/wp-content\/uploads\/2026\/02\/Lumag-hudraulilise-kallutamisega-minikallur-GAMUL-VH5PRO.png","width":1500,"height":1500,"caption":"Lumag h\u00fcdraulilise kallutamisega minikallur GAMUL-VH5PRO"},{"@type":"BreadcrumbList","@id":"https:\/\/ranoja.ee\/toode\/lumag-hudraulilise-kallutamisega-minikallur-gamul-vh5pro\/#breadcrumb","itemListElement":[{"@type":"ListItem","position":1,"name":"Home","item":"https:\/\/ranoja.ee\/"},{"@type":"ListItem","position":2,"name":"Shop","item":"https:\/\/ranoja.ee\/en\/shop\/"},{"@type":"ListItem","position":3,"name":"Lumag h\u00fcdraulilise kallutamisega minikallur GAMUL-VH5PRO"}]},{"@type":"WebSite","@id":"https:\/\/ranoja.ee\/#website","url":"https:\/\/ranoja.ee\/","name":"Ranoja","description":"Equipment Shop WooCommerce WordPress Theme for Machine &amp; Tools","publisher":{"@id":"https:\/\/ranoja.ee\/#organization"},"potentialAction":[{"@type":"SearchAction","target":{"@type":"EntryPoint","urlTemplate":"https:\/\/ranoja.ee\/?s={search_term_string}"},"query-input":{"@type":"PropertyValueSpecification","valueRequired":true,"valueName":"search_term_string"}}],"inLanguage":"en-US"},{"@type":"Organization","@id":"https:\/\/ranoja.ee\/#organization","name":"Ranoja O\u00dc","url":"https:\/\/ranoja.ee\/","logo":{"@type":"ImageObject","inLanguage":"en-US","@id":"https:\/\/ranoja.ee\/#\/schema\/logo\/image\/","url":"https:\/\/ranoja.ee\/wp-content\/uploads\/2023\/11\/ranoja-Logo.png","contentUrl":"https:\/\/ranoja.ee\/wp-content\/uploads\/2023\/11\/ranoja-Logo.png","width":207,"height":58,"caption":"Ranoja O\u00dc"},"image":{"@id":"https:\/\/ranoja.ee\/#\/schema\/logo\/image\/"},"sameAs":["https:\/\/www.facebook.com\/ranoja.ee","https:\/\/www.instagram.com\/ranoja__\/"]}]}},"_links":{"self":[{"href":"https:\/\/ranoja.ee\/en\/wp-json\/wp\/v2\/product\/30718","targetHints":{"allow":["GET"]}}],"collection":[{"href":"https:\/\/ranoja.ee\/en\/wp-json\/wp\/v2\/product"}],"about":[{"href":"https:\/\/ranoja.ee\/en\/wp-json\/wp\/v2\/types\/product"}],"wp:featuredmedia":[{"embeddable":true,"href":"https:\/\/ranoja.ee\/en\/wp-json\/wp\/v2\/media\/30727"}],"wp:attachment":[{"href":"https:\/\/ranoja.ee\/en\/wp-json\/wp\/v2\/media?parent=30718"}],"wp:term":[{"taxonomy":"product_cat","embeddable":true,"href":"https:\/\/ranoja.ee\/en\/wp-json\/wp\/v2\/product_cat?post=30718"},{"taxonomy":"product_tag","embeddable":true,"href":"https:\/\/ranoja.ee\/en\/wp-json\/wp\/v2\/product_tag?post=30718"}],"curies":[{"name":"wp","href":"https:\/\/api.w.org\/{rel}","templated":true}]}}