{"id":30700,"date":"2026-02-05T17:44:57","date_gmt":"2026-02-05T14:44:57","guid":{"rendered":"https:\/\/ranoja.ee\/?post_type=product&#038;p=30700"},"modified":"2026-02-05T18:08:29","modified_gmt":"2026-02-05T15:08:29","slug":"lumag-kreissaag-gamul-w5-230v","status":"publish","type":"product","link":"https:\/\/ranoja.ee\/en\/toode\/lumag-kreissaag-gamul-w5-230v\/","title":{"rendered":"Lumag kreissaag GAMUL-W5 230V"},"content":{"rendered":"<p>Lumag kreissaag GAMUL-W5 230V <\/p>\n<p>T\u00f5hus ja kompaktne elektritoitel kreissaag, mis on m\u00f5eldud puidu l\u00f5ikamiseks. Eriti k\u00fcttepuude, palkide, t\u00fcvede ja okste t\u00e4pseks ja kiireks saagimiseks. See seade \u00fchendab stabiilse konstruktsiooni ja lihtsa kasutamise, muutes selle sobivaks nii kodukasutajatele, v\u00e4ikeste talude omanikele kui ka poolprofessionaalsetele t\u00f6\u00f6dele.<\/p>\n<p>GAMUL-W4 t\u00f6\u00f6tab 230 V ~50 Hz elektriv\u00f5rgu kaudu ja selle mootor v\u00f5tab umbes 3 kW v\u00f5imsust, mis annab piisava j\u00f5u isegi tihedama puidu l\u00f5ikamiseks. <\/p>\n<p>Saag on ehitatud robustse ja vastupidava terasraami peale, mis tagab stabiilsuse ja t\u00f6\u00f6ohutuse ka pikema t\u00f6\u00f6aja jooksul. T\u00f6\u00f6 on mugavam ja ohutum t\u00e4nu kaitsekattele \u00fcle l\u00f5ikeketta ning h\u00fclsi- v\u00f5i ripp-mehhanismile, mis hoiab saantielemendi t\u00f6\u00f6kohal kindlalt paigal. Lisaks on sisseehitatud puhastus- ja tagasit\u00f5ukur (spring return). See lihtsustab materjali v\u00e4lja\u00f5hutamist p\u00e4rast l\u00f5ikamist ja v\u00f5imaldab kiiret saagimist j\u00e4rjestikusteks l\u00f5ikamiseks.<\/p>\n<p>Masinaga saab l\u00f5igata kuni ~170 mm l\u00e4bim\u00f5\u00f5duga puid, ja t\u00e4nu reguleeritavale pikendustugile v\u00f5i l\u00f5ikekauguse stopile v\u00f5ib \u00fchtlasi tagada sama pikkusega l\u00f5ikeid. See on oluline puude ettevalmistamisel k\u00fctteks v\u00f5i muuks otstarbeks.<\/p>\n<p>Lumag kreissaag GAMUL-W5 230V <\/p>\n","protected":false},"excerpt":{"rendered":"<p>Lumag kreissaag GAMUL-W5 230V<br \/>\nT\u00f6\u00f6pinge: 230 V ~ 50 Hz<br \/>\nElektrimootori v\u00f5imsus: 3 kW<br \/>\nMootori kiirus: 2800 p\/min<br \/>\nKaitseklass: IP54<br \/>\nK\u00f5vametallist saeketas: \u00d8 505 mm<br \/>\nAva l\u00e4bim\u00f5\u00f5t: 30 mm<br \/>\nSaeketta hammaste arv: 40 TK<br \/>\nL\u00f5ikelaius: 3.6 mm<br \/>\nPuude maksimaalne l\u00e4bim\u00f5\u00f5t: 170 mm<br \/>\nPuidu pikkus: 250 mm, maksimaalne 1000 mm<br \/>\nHeliv\u00f5imsustase LWA: 115 dB(A) k=4 dB(A)<br \/>\nM\u00f5\u00f5tmed (P x L x K): 1030 x 740 x 994 mm<br \/>\nTootja: Lumag<br \/>\nMudel: GAMUL-W5<br \/>\nTootekood: GAMUL W5<br \/>\nKaal: 73 kg<br \/>\n<strong>Eeldatav tarneaeg 2-3 n\u00e4dalat<\/strong><\/p>\n","protected":false},"featured_media":30703,"template":"","meta":{"inline_featured_image":false},"product_cat":[1088,1087],"product_tag":[1734,3469,3477,181,134,3478],"class_list":{"0":"post-30700","1":"product","2":"type-product","3":"status-publish","4":"has-post-thumbnail","6":"product_brand-lumag","7":"product_cat-kreissaed","8":"product_cat-metsatehnika","9":"product_tag-230v","10":"product_tag-gamul","11":"product_tag-gamul-w5","12":"product_tag-kreissaag","13":"product_tag-lumag","14":"product_tag-lumag-kreissaag-gamul-w5-230v","16":"first","17":"onbackorder","18":"taxable","19":"shipping-taxable","20":"purchasable","21":"product-type-simple"},"yoast_head":"<!-- This site is optimized with the Yoast SEO plugin v27.4 - https:\/\/yoast.com\/product\/yoast-seo-wordpress\/ -->\n<title>Lumag kreissaag GAMUL-W5 230V<\/title>\n<meta name=\"description\" content=\"Lumag kreissaag GAMUL-W5 230V On t\u00f5hus, vastupidav ja kompaktne elektritoitel kreissaag, mis on m\u00f5eldud puidu l\u00f5ikamiseks.\" \/>\n<meta name=\"robots\" content=\"index, follow, max-snippet:-1, max-image-preview:large, max-video-preview:-1\" \/>\n<link rel=\"canonical\" href=\"https:\/\/ranoja.ee\/toode\/lumag-kreissaag-gamul-w5-230v\/\" \/>\n<meta property=\"og:locale\" content=\"en_US\" \/>\n<meta property=\"og:type\" content=\"article\" \/>\n<meta property=\"og:title\" content=\"Lumag kreissaag GAMUL-W5 230V\" \/>\n<meta property=\"og:description\" content=\"Lumag kreissaag GAMUL-W5 230V On t\u00f5hus, vastupidav ja kompaktne elektritoitel kreissaag, mis on m\u00f5eldud puidu l\u00f5ikamiseks.\" \/>\n<meta property=\"og:url\" content=\"https:\/\/ranoja.ee\/toode\/lumag-kreissaag-gamul-w5-230v\/\" \/>\n<meta property=\"og:site_name\" content=\"Ranoja\" \/>\n<meta property=\"article:publisher\" content=\"https:\/\/www.facebook.com\/ranoja.ee\" \/>\n<meta property=\"article:modified_time\" content=\"2026-02-05T15:08:29+00:00\" \/>\n<meta property=\"og:image\" content=\"https:\/\/ranoja.ee\/wp-content\/uploads\/2026\/02\/Lumag-kreissaag-GAMUL-W5-230V.png\" \/>\n\t<meta property=\"og:image:width\" content=\"1500\" \/>\n\t<meta property=\"og:image:height\" content=\"1500\" \/>\n\t<meta property=\"og:image:type\" content=\"image\/png\" \/>\n<meta name=\"twitter:card\" content=\"summary_large_image\" \/>\n<meta name=\"twitter:label1\" content=\"Est. reading time\" \/>\n\t<meta name=\"twitter:data1\" content=\"2 minutes\" \/>\n<script type=\"application\/ld+json\" class=\"yoast-schema-graph\">{\"@context\":\"https:\\\/\\\/schema.org\",\"@graph\":[{\"@type\":\"WebPage\",\"@id\":\"https:\\\/\\\/ranoja.ee\\\/toode\\\/lumag-kreissaag-gamul-w5-230v\\\/\",\"url\":\"https:\\\/\\\/ranoja.ee\\\/toode\\\/lumag-kreissaag-gamul-w5-230v\\\/\",\"name\":\"Lumag kreissaag GAMUL-W5 230V\",\"isPartOf\":{\"@id\":\"https:\\\/\\\/ranoja.ee\\\/#website\"},\"primaryImageOfPage\":{\"@id\":\"https:\\\/\\\/ranoja.ee\\\/toode\\\/lumag-kreissaag-gamul-w5-230v\\\/#primaryimage\"},\"image\":{\"@id\":\"https:\\\/\\\/ranoja.ee\\\/toode\\\/lumag-kreissaag-gamul-w5-230v\\\/#primaryimage\"},\"thumbnailUrl\":\"https:\\\/\\\/ranoja.ee\\\/wp-content\\\/uploads\\\/2026\\\/02\\\/Lumag-kreissaag-GAMUL-W5-230V.png\",\"datePublished\":\"2026-02-05T14:44:57+00:00\",\"dateModified\":\"2026-02-05T15:08:29+00:00\",\"description\":\"Lumag kreissaag GAMUL-W5 230V On t\u00f5hus, vastupidav ja kompaktne elektritoitel kreissaag, mis on m\u00f5eldud puidu l\u00f5ikamiseks.\",\"breadcrumb\":{\"@id\":\"https:\\\/\\\/ranoja.ee\\\/toode\\\/lumag-kreissaag-gamul-w5-230v\\\/#breadcrumb\"},\"inLanguage\":\"en-US\",\"potentialAction\":[{\"@type\":\"ReadAction\",\"target\":[\"https:\\\/\\\/ranoja.ee\\\/toode\\\/lumag-kreissaag-gamul-w5-230v\\\/\"]}]},{\"@type\":\"ImageObject\",\"inLanguage\":\"en-US\",\"@id\":\"https:\\\/\\\/ranoja.ee\\\/toode\\\/lumag-kreissaag-gamul-w5-230v\\\/#primaryimage\",\"url\":\"https:\\\/\\\/ranoja.ee\\\/wp-content\\\/uploads\\\/2026\\\/02\\\/Lumag-kreissaag-GAMUL-W5-230V.png\",\"contentUrl\":\"https:\\\/\\\/ranoja.ee\\\/wp-content\\\/uploads\\\/2026\\\/02\\\/Lumag-kreissaag-GAMUL-W5-230V.png\",\"width\":1500,\"height\":1500,\"caption\":\"Lumag kreissaag GAMUL-W5 230V\"},{\"@type\":\"BreadcrumbList\",\"@id\":\"https:\\\/\\\/ranoja.ee\\\/toode\\\/lumag-kreissaag-gamul-w5-230v\\\/#breadcrumb\",\"itemListElement\":[{\"@type\":\"ListItem\",\"position\":1,\"name\":\"Home\",\"item\":\"https:\\\/\\\/ranoja.ee\\\/\"},{\"@type\":\"ListItem\",\"position\":2,\"name\":\"Shop\",\"item\":\"https:\\\/\\\/ranoja.ee\\\/en\\\/shop\\\/\"},{\"@type\":\"ListItem\",\"position\":3,\"name\":\"Lumag kreissaag GAMUL-W5 230V\"}]},{\"@type\":\"WebSite\",\"@id\":\"https:\\\/\\\/ranoja.ee\\\/#website\",\"url\":\"https:\\\/\\\/ranoja.ee\\\/\",\"name\":\"Ranoja\",\"description\":\"Equipment Shop WooCommerce WordPress Theme for Machine &amp; Tools\",\"publisher\":{\"@id\":\"https:\\\/\\\/ranoja.ee\\\/#organization\"},\"potentialAction\":[{\"@type\":\"SearchAction\",\"target\":{\"@type\":\"EntryPoint\",\"urlTemplate\":\"https:\\\/\\\/ranoja.ee\\\/?s={search_term_string}\"},\"query-input\":{\"@type\":\"PropertyValueSpecification\",\"valueRequired\":true,\"valueName\":\"search_term_string\"}}],\"inLanguage\":\"en-US\"},{\"@type\":\"Organization\",\"@id\":\"https:\\\/\\\/ranoja.ee\\\/#organization\",\"name\":\"Ranoja O\u00dc\",\"url\":\"https:\\\/\\\/ranoja.ee\\\/\",\"logo\":{\"@type\":\"ImageObject\",\"inLanguage\":\"en-US\",\"@id\":\"https:\\\/\\\/ranoja.ee\\\/#\\\/schema\\\/logo\\\/image\\\/\",\"url\":\"https:\\\/\\\/ranoja.ee\\\/wp-content\\\/uploads\\\/2023\\\/11\\\/ranoja-Logo.png\",\"contentUrl\":\"https:\\\/\\\/ranoja.ee\\\/wp-content\\\/uploads\\\/2023\\\/11\\\/ranoja-Logo.png\",\"width\":207,\"height\":58,\"caption\":\"Ranoja O\u00dc\"},\"image\":{\"@id\":\"https:\\\/\\\/ranoja.ee\\\/#\\\/schema\\\/logo\\\/image\\\/\"},\"sameAs\":[\"https:\\\/\\\/www.facebook.com\\\/ranoja.ee\",\"https:\\\/\\\/www.instagram.com\\\/ranoja__\\\/\"]}]}<\/script>\n<!-- \/ Yoast SEO plugin. -->","yoast_head_json":{"title":"Lumag kreissaag GAMUL-W5 230V","description":"Lumag kreissaag GAMUL-W5 230V On t\u00f5hus, vastupidav ja kompaktne elektritoitel kreissaag, mis on m\u00f5eldud puidu l\u00f5ikamiseks.","robots":{"index":"index","follow":"follow","max-snippet":"max-snippet:-1","max-image-preview":"max-image-preview:large","max-video-preview":"max-video-preview:-1"},"canonical":"https:\/\/ranoja.ee\/toode\/lumag-kreissaag-gamul-w5-230v\/","og_locale":"en_US","og_type":"article","og_title":"Lumag kreissaag GAMUL-W5 230V","og_description":"Lumag kreissaag GAMUL-W5 230V On t\u00f5hus, vastupidav ja kompaktne elektritoitel kreissaag, mis on m\u00f5eldud puidu l\u00f5ikamiseks.","og_url":"https:\/\/ranoja.ee\/toode\/lumag-kreissaag-gamul-w5-230v\/","og_site_name":"Ranoja","article_publisher":"https:\/\/www.facebook.com\/ranoja.ee","article_modified_time":"2026-02-05T15:08:29+00:00","og_image":[{"width":1500,"height":1500,"url":"https:\/\/ranoja.ee\/wp-content\/uploads\/2026\/02\/Lumag-kreissaag-GAMUL-W5-230V.png","type":"image\/png"}],"twitter_card":"summary_large_image","twitter_misc":{"Est. reading time":"2 minutes"},"schema":{"@context":"https:\/\/schema.org","@graph":[{"@type":"WebPage","@id":"https:\/\/ranoja.ee\/toode\/lumag-kreissaag-gamul-w5-230v\/","url":"https:\/\/ranoja.ee\/toode\/lumag-kreissaag-gamul-w5-230v\/","name":"Lumag kreissaag GAMUL-W5 230V","isPartOf":{"@id":"https:\/\/ranoja.ee\/#website"},"primaryImageOfPage":{"@id":"https:\/\/ranoja.ee\/toode\/lumag-kreissaag-gamul-w5-230v\/#primaryimage"},"image":{"@id":"https:\/\/ranoja.ee\/toode\/lumag-kreissaag-gamul-w5-230v\/#primaryimage"},"thumbnailUrl":"https:\/\/ranoja.ee\/wp-content\/uploads\/2026\/02\/Lumag-kreissaag-GAMUL-W5-230V.png","datePublished":"2026-02-05T14:44:57+00:00","dateModified":"2026-02-05T15:08:29+00:00","description":"Lumag kreissaag GAMUL-W5 230V On t\u00f5hus, vastupidav ja kompaktne elektritoitel kreissaag, mis on m\u00f5eldud puidu l\u00f5ikamiseks.","breadcrumb":{"@id":"https:\/\/ranoja.ee\/toode\/lumag-kreissaag-gamul-w5-230v\/#breadcrumb"},"inLanguage":"en-US","potentialAction":[{"@type":"ReadAction","target":["https:\/\/ranoja.ee\/toode\/lumag-kreissaag-gamul-w5-230v\/"]}]},{"@type":"ImageObject","inLanguage":"en-US","@id":"https:\/\/ranoja.ee\/toode\/lumag-kreissaag-gamul-w5-230v\/#primaryimage","url":"https:\/\/ranoja.ee\/wp-content\/uploads\/2026\/02\/Lumag-kreissaag-GAMUL-W5-230V.png","contentUrl":"https:\/\/ranoja.ee\/wp-content\/uploads\/2026\/02\/Lumag-kreissaag-GAMUL-W5-230V.png","width":1500,"height":1500,"caption":"Lumag kreissaag GAMUL-W5 230V"},{"@type":"BreadcrumbList","@id":"https:\/\/ranoja.ee\/toode\/lumag-kreissaag-gamul-w5-230v\/#breadcrumb","itemListElement":[{"@type":"ListItem","position":1,"name":"Home","item":"https:\/\/ranoja.ee\/"},{"@type":"ListItem","position":2,"name":"Shop","item":"https:\/\/ranoja.ee\/en\/shop\/"},{"@type":"ListItem","position":3,"name":"Lumag kreissaag GAMUL-W5 230V"}]},{"@type":"WebSite","@id":"https:\/\/ranoja.ee\/#website","url":"https:\/\/ranoja.ee\/","name":"Ranoja","description":"Equipment Shop WooCommerce WordPress Theme for Machine &amp; Tools","publisher":{"@id":"https:\/\/ranoja.ee\/#organization"},"potentialAction":[{"@type":"SearchAction","target":{"@type":"EntryPoint","urlTemplate":"https:\/\/ranoja.ee\/?s={search_term_string}"},"query-input":{"@type":"PropertyValueSpecification","valueRequired":true,"valueName":"search_term_string"}}],"inLanguage":"en-US"},{"@type":"Organization","@id":"https:\/\/ranoja.ee\/#organization","name":"Ranoja O\u00dc","url":"https:\/\/ranoja.ee\/","logo":{"@type":"ImageObject","inLanguage":"en-US","@id":"https:\/\/ranoja.ee\/#\/schema\/logo\/image\/","url":"https:\/\/ranoja.ee\/wp-content\/uploads\/2023\/11\/ranoja-Logo.png","contentUrl":"https:\/\/ranoja.ee\/wp-content\/uploads\/2023\/11\/ranoja-Logo.png","width":207,"height":58,"caption":"Ranoja O\u00dc"},"image":{"@id":"https:\/\/ranoja.ee\/#\/schema\/logo\/image\/"},"sameAs":["https:\/\/www.facebook.com\/ranoja.ee","https:\/\/www.instagram.com\/ranoja__\/"]}]}},"_links":{"self":[{"href":"https:\/\/ranoja.ee\/en\/wp-json\/wp\/v2\/product\/30700","targetHints":{"allow":["GET"]}}],"collection":[{"href":"https:\/\/ranoja.ee\/en\/wp-json\/wp\/v2\/product"}],"about":[{"href":"https:\/\/ranoja.ee\/en\/wp-json\/wp\/v2\/types\/product"}],"wp:featuredmedia":[{"embeddable":true,"href":"https:\/\/ranoja.ee\/en\/wp-json\/wp\/v2\/media\/30703"}],"wp:attachment":[{"href":"https:\/\/ranoja.ee\/en\/wp-json\/wp\/v2\/media?parent=30700"}],"wp:term":[{"taxonomy":"product_cat","embeddable":true,"href":"https:\/\/ranoja.ee\/en\/wp-json\/wp\/v2\/product_cat?post=30700"},{"taxonomy":"product_tag","embeddable":true,"href":"https:\/\/ranoja.ee\/en\/wp-json\/wp\/v2\/product_tag?post=30700"}],"curies":[{"name":"wp","href":"https:\/\/api.w.org\/{rel}","templated":true}]}}