{"id":30691,"date":"2026-02-05T17:10:25","date_gmt":"2026-02-05T14:10:25","guid":{"rendered":"https:\/\/ranoja.ee\/?post_type=product&#038;p=30691"},"modified":"2026-02-05T17:44:02","modified_gmt":"2026-02-05T14:44:02","slug":"lumag-elektrimootoriga-kreissaag-ws-700t-230v","status":"publish","type":"product","link":"https:\/\/ranoja.ee\/en\/toode\/lumag-elektrimootoriga-kreissaag-ws-700t-230v\/","title":{"rendered":"Lumag elektrimootoriga kreissaag WS 700T 230V"},"content":{"rendered":"<p>Lumag elektrimootoriga kreissaag WS 700T 230V <\/p>\n<p>Kreissaag WS 700T on v\u00f5imas ja vastupidav saag, mis on m\u00f5eldud suuremahulisteks ja t\u00e4pseteks l\u00f5iket\u00f6\u00f6deks. Seade on varustatud 5 kW elektrimootoriga, mille toiteallikaks on 230 V elektriv\u00f5rk. T\u00e4nu sellele suudab saag pakkuda \u00fchtlast ja v\u00f5imekat j\u00f5udlust ka intensiivse kasutamise korral. Mootori p\u00f6\u00f6rlemiskiirus on 1400 p\u00f6\u00f6ret minutis, mis tagab optimaalse l\u00f5ikeprotsessi ja v\u00e4hendab materjali tarbetut kulumist.<\/p>\n<p>Saag on varustatud suure, 700 mm l\u00e4bim\u00f5\u00f5duga saekettaga, millel on 64 hammast. T\u00e4nu sellele suudab seade l\u00f5igata puitu kiirelt ja t\u00e4pselt, j\u00e4ttes puhta ja \u00fchtlase l\u00f5ikepinna. Maksimaalne l\u00f5ikes\u00fcgavus on 250 mm, mis t\u00e4hendab, et seadet saab kasutada ka j\u00e4medamate palkide, talade ja muude suuremate puidut\u00fckkide t\u00f6\u00f6tlemiseks.<\/p>\n<p>WS 700T on disainitud nii, et see vastaks t\u00f6\u00f6stuslikele ja professionaalsetele n\u00f5udmistele. Selle konstruktsioon on tugev ja stabiilne, mis tagab ohutu ja t\u00e4pse t\u00f6\u00f6. Seadme m\u00f5\u00f5tmed on 1173 x 740 x 1091 mm ning kaal umbes 114 kg. See teeb selle piisavalt massiivseks, et t\u00f6\u00f6tada vibratsioonita ja kindlalt paigal p\u00fcsida. IP54 kaitseklass t\u00e4hendab, et seade on kaitstud tolmu ja veepritsmete eest, v\u00f5imaldades seda kasutada ka n\u00f5udlikumates t\u00f6\u00f6tingimustes. Seade on varustatud turvaliste kaitsemehhanismidega, mis aitavad v\u00e4ltida t\u00f6\u00f6\u00f5nnetusi.<\/p>\n<p>Lumag elektrimootoriga kreissaag WS 700T 230V <\/p>\n","protected":false},"excerpt":{"rendered":"<p>Lumag elektrimootoriga kreissaag WS 700T 230V<br \/>\nT\u00f6\u00f6pinge: 230V 50Hz<br \/>\nMootori v\u00f5imsus: 3.2 kW<br \/>\nMootori kiirus: 1400 p\/min<br \/>\nKaitseklass: IP54<br \/>\nElektromagnetiline pidur<br \/>\nK\u00f5vametallist saeketas: \u00d8 700 mm<br \/>\nSaeketta ava: 30 mm<br \/>\nSaeketta hammaste arv: 64 tk<br \/>\nMaksimaalne l\u00f5ikev\u00f5ime: 4 mm<br \/>\n\u00dcmarpalgi maksimaalne l\u00e4bim\u00f5\u00f5t: 250 mm<br \/>\nPuidu pikkus: 300 mm, maksimaalne 1000 mm<br \/>\nHeliv\u00f5imsustase LWA: 115 dB(A) k=4 dB(A)<br \/>\nM\u00f5\u00f5tmed (P x L x K): 1174 x 770 x 1092 mm<br \/>\nTootja: Lumag<br \/>\nMudel: WS 700T<br \/>\nTootekood: WS 700T230<br \/>\nKaal: 114 kg<br \/>\n<strong>Eeldatav tarneaeg 2-3 n\u00e4dalat<\/strong><br \/>\n[embed]https:\/\/youtu.be\/PVlMEyj5HPY?si=9dBdPphBvjAb9CCj[\/embed]<\/p>\n","protected":false},"featured_media":30698,"template":"","meta":{"inline_featured_image":false},"product_cat":[1088,1087],"product_tag":[3473,181,134,3474,3475],"class_list":{"0":"post-30691","1":"product","2":"type-product","3":"status-publish","4":"has-post-thumbnail","6":"product_brand-lumag","7":"product_cat-kreissaed","8":"product_cat-metsatehnika","9":"product_tag-elektrimootoriga-kreissaag","10":"product_tag-kreissaag","11":"product_tag-lumag","12":"product_tag-lumag-elektrimootoriga-kreissaag-ws-700t-230v","13":"product_tag-ws700t-230","15":"first","16":"onbackorder","17":"taxable","18":"shipping-taxable","19":"purchasable","20":"product-type-simple"},"yoast_head":"<!-- This site is optimized with the Yoast SEO plugin v27.4 - https:\/\/yoast.com\/product\/yoast-seo-wordpress\/ -->\n<title>Lumag elektrimootoriga kreissaag WS 700T 230V<\/title>\n<meta name=\"description\" content=\"Lumag elektrimootoriga kreissaag WS 700T 230V Selle kreissae konstruktsioon on tugev, vastupidav ja stabiilne, mis tagab ohutu ning t\u00e4pse t\u00f6\u00f6.\" \/>\n<meta name=\"robots\" content=\"index, follow, max-snippet:-1, max-image-preview:large, max-video-preview:-1\" \/>\n<link rel=\"canonical\" href=\"https:\/\/ranoja.ee\/toode\/lumag-elektrimootoriga-kreissaag-ws-700t-230v\/\" \/>\n<meta property=\"og:locale\" content=\"en_US\" \/>\n<meta property=\"og:type\" content=\"article\" \/>\n<meta property=\"og:title\" content=\"Lumag elektrimootoriga kreissaag WS 700T 230V\" \/>\n<meta property=\"og:description\" content=\"Lumag elektrimootoriga kreissaag WS 700T 230V Selle kreissae konstruktsioon on tugev, vastupidav ja stabiilne, mis tagab ohutu ning t\u00e4pse t\u00f6\u00f6.\" \/>\n<meta property=\"og:url\" content=\"https:\/\/ranoja.ee\/toode\/lumag-elektrimootoriga-kreissaag-ws-700t-230v\/\" \/>\n<meta property=\"og:site_name\" content=\"Ranoja\" \/>\n<meta property=\"article:publisher\" content=\"https:\/\/www.facebook.com\/ranoja.ee\" \/>\n<meta property=\"article:modified_time\" content=\"2026-02-05T14:44:02+00:00\" \/>\n<meta property=\"og:image\" content=\"https:\/\/ranoja.ee\/wp-content\/uploads\/2026\/02\/Lumag-elektrimootoriga-kreissaag-WS-700T-230V.jpg\" \/>\n\t<meta property=\"og:image:width\" content=\"1500\" \/>\n\t<meta property=\"og:image:height\" content=\"1500\" \/>\n\t<meta property=\"og:image:type\" content=\"image\/jpeg\" \/>\n<meta name=\"twitter:card\" content=\"summary_large_image\" \/>\n<meta name=\"twitter:label1\" content=\"Est. reading time\" \/>\n\t<meta name=\"twitter:data1\" content=\"2 minutes\" \/>\n<script type=\"application\/ld+json\" class=\"yoast-schema-graph\">{\"@context\":\"https:\\\/\\\/schema.org\",\"@graph\":[{\"@type\":\"WebPage\",\"@id\":\"https:\\\/\\\/ranoja.ee\\\/toode\\\/lumag-elektrimootoriga-kreissaag-ws-700t-230v\\\/\",\"url\":\"https:\\\/\\\/ranoja.ee\\\/toode\\\/lumag-elektrimootoriga-kreissaag-ws-700t-230v\\\/\",\"name\":\"Lumag elektrimootoriga kreissaag WS 700T 230V\",\"isPartOf\":{\"@id\":\"https:\\\/\\\/ranoja.ee\\\/#website\"},\"primaryImageOfPage\":{\"@id\":\"https:\\\/\\\/ranoja.ee\\\/toode\\\/lumag-elektrimootoriga-kreissaag-ws-700t-230v\\\/#primaryimage\"},\"image\":{\"@id\":\"https:\\\/\\\/ranoja.ee\\\/toode\\\/lumag-elektrimootoriga-kreissaag-ws-700t-230v\\\/#primaryimage\"},\"thumbnailUrl\":\"https:\\\/\\\/ranoja.ee\\\/wp-content\\\/uploads\\\/2026\\\/02\\\/Lumag-elektrimootoriga-kreissaag-WS-700T-230V.jpg\",\"datePublished\":\"2026-02-05T14:10:25+00:00\",\"dateModified\":\"2026-02-05T14:44:02+00:00\",\"description\":\"Lumag elektrimootoriga kreissaag WS 700T 230V Selle kreissae konstruktsioon on tugev, vastupidav ja stabiilne, mis tagab ohutu ning t\u00e4pse t\u00f6\u00f6.\",\"breadcrumb\":{\"@id\":\"https:\\\/\\\/ranoja.ee\\\/toode\\\/lumag-elektrimootoriga-kreissaag-ws-700t-230v\\\/#breadcrumb\"},\"inLanguage\":\"en-US\",\"potentialAction\":[{\"@type\":\"ReadAction\",\"target\":[\"https:\\\/\\\/ranoja.ee\\\/toode\\\/lumag-elektrimootoriga-kreissaag-ws-700t-230v\\\/\"]}]},{\"@type\":\"ImageObject\",\"inLanguage\":\"en-US\",\"@id\":\"https:\\\/\\\/ranoja.ee\\\/toode\\\/lumag-elektrimootoriga-kreissaag-ws-700t-230v\\\/#primaryimage\",\"url\":\"https:\\\/\\\/ranoja.ee\\\/wp-content\\\/uploads\\\/2026\\\/02\\\/Lumag-elektrimootoriga-kreissaag-WS-700T-230V.jpg\",\"contentUrl\":\"https:\\\/\\\/ranoja.ee\\\/wp-content\\\/uploads\\\/2026\\\/02\\\/Lumag-elektrimootoriga-kreissaag-WS-700T-230V.jpg\",\"width\":1500,\"height\":1500,\"caption\":\"Lumag elektrimootoriga kreissaag WS 700T 230V\"},{\"@type\":\"BreadcrumbList\",\"@id\":\"https:\\\/\\\/ranoja.ee\\\/toode\\\/lumag-elektrimootoriga-kreissaag-ws-700t-230v\\\/#breadcrumb\",\"itemListElement\":[{\"@type\":\"ListItem\",\"position\":1,\"name\":\"Home\",\"item\":\"https:\\\/\\\/ranoja.ee\\\/\"},{\"@type\":\"ListItem\",\"position\":2,\"name\":\"Shop\",\"item\":\"https:\\\/\\\/ranoja.ee\\\/en\\\/shop\\\/\"},{\"@type\":\"ListItem\",\"position\":3,\"name\":\"Lumag elektrimootoriga kreissaag WS 700T 230V\"}]},{\"@type\":\"WebSite\",\"@id\":\"https:\\\/\\\/ranoja.ee\\\/#website\",\"url\":\"https:\\\/\\\/ranoja.ee\\\/\",\"name\":\"Ranoja\",\"description\":\"Equipment Shop WooCommerce WordPress Theme for Machine &amp; Tools\",\"publisher\":{\"@id\":\"https:\\\/\\\/ranoja.ee\\\/#organization\"},\"potentialAction\":[{\"@type\":\"SearchAction\",\"target\":{\"@type\":\"EntryPoint\",\"urlTemplate\":\"https:\\\/\\\/ranoja.ee\\\/?s={search_term_string}\"},\"query-input\":{\"@type\":\"PropertyValueSpecification\",\"valueRequired\":true,\"valueName\":\"search_term_string\"}}],\"inLanguage\":\"en-US\"},{\"@type\":\"Organization\",\"@id\":\"https:\\\/\\\/ranoja.ee\\\/#organization\",\"name\":\"Ranoja O\u00dc\",\"url\":\"https:\\\/\\\/ranoja.ee\\\/\",\"logo\":{\"@type\":\"ImageObject\",\"inLanguage\":\"en-US\",\"@id\":\"https:\\\/\\\/ranoja.ee\\\/#\\\/schema\\\/logo\\\/image\\\/\",\"url\":\"https:\\\/\\\/ranoja.ee\\\/wp-content\\\/uploads\\\/2023\\\/11\\\/ranoja-Logo.png\",\"contentUrl\":\"https:\\\/\\\/ranoja.ee\\\/wp-content\\\/uploads\\\/2023\\\/11\\\/ranoja-Logo.png\",\"width\":207,\"height\":58,\"caption\":\"Ranoja O\u00dc\"},\"image\":{\"@id\":\"https:\\\/\\\/ranoja.ee\\\/#\\\/schema\\\/logo\\\/image\\\/\"},\"sameAs\":[\"https:\\\/\\\/www.facebook.com\\\/ranoja.ee\",\"https:\\\/\\\/www.instagram.com\\\/ranoja__\\\/\"]}]}<\/script>\n<!-- \/ Yoast SEO plugin. -->","yoast_head_json":{"title":"Lumag elektrimootoriga kreissaag WS 700T 230V","description":"Lumag elektrimootoriga kreissaag WS 700T 230V Selle kreissae konstruktsioon on tugev, vastupidav ja stabiilne, mis tagab ohutu ning t\u00e4pse t\u00f6\u00f6.","robots":{"index":"index","follow":"follow","max-snippet":"max-snippet:-1","max-image-preview":"max-image-preview:large","max-video-preview":"max-video-preview:-1"},"canonical":"https:\/\/ranoja.ee\/toode\/lumag-elektrimootoriga-kreissaag-ws-700t-230v\/","og_locale":"en_US","og_type":"article","og_title":"Lumag elektrimootoriga kreissaag WS 700T 230V","og_description":"Lumag elektrimootoriga kreissaag WS 700T 230V Selle kreissae konstruktsioon on tugev, vastupidav ja stabiilne, mis tagab ohutu ning t\u00e4pse t\u00f6\u00f6.","og_url":"https:\/\/ranoja.ee\/toode\/lumag-elektrimootoriga-kreissaag-ws-700t-230v\/","og_site_name":"Ranoja","article_publisher":"https:\/\/www.facebook.com\/ranoja.ee","article_modified_time":"2026-02-05T14:44:02+00:00","og_image":[{"width":1500,"height":1500,"url":"https:\/\/ranoja.ee\/wp-content\/uploads\/2026\/02\/Lumag-elektrimootoriga-kreissaag-WS-700T-230V.jpg","type":"image\/jpeg"}],"twitter_card":"summary_large_image","twitter_misc":{"Est. reading time":"2 minutes"},"schema":{"@context":"https:\/\/schema.org","@graph":[{"@type":"WebPage","@id":"https:\/\/ranoja.ee\/toode\/lumag-elektrimootoriga-kreissaag-ws-700t-230v\/","url":"https:\/\/ranoja.ee\/toode\/lumag-elektrimootoriga-kreissaag-ws-700t-230v\/","name":"Lumag elektrimootoriga kreissaag WS 700T 230V","isPartOf":{"@id":"https:\/\/ranoja.ee\/#website"},"primaryImageOfPage":{"@id":"https:\/\/ranoja.ee\/toode\/lumag-elektrimootoriga-kreissaag-ws-700t-230v\/#primaryimage"},"image":{"@id":"https:\/\/ranoja.ee\/toode\/lumag-elektrimootoriga-kreissaag-ws-700t-230v\/#primaryimage"},"thumbnailUrl":"https:\/\/ranoja.ee\/wp-content\/uploads\/2026\/02\/Lumag-elektrimootoriga-kreissaag-WS-700T-230V.jpg","datePublished":"2026-02-05T14:10:25+00:00","dateModified":"2026-02-05T14:44:02+00:00","description":"Lumag elektrimootoriga kreissaag WS 700T 230V Selle kreissae konstruktsioon on tugev, vastupidav ja stabiilne, mis tagab ohutu ning t\u00e4pse t\u00f6\u00f6.","breadcrumb":{"@id":"https:\/\/ranoja.ee\/toode\/lumag-elektrimootoriga-kreissaag-ws-700t-230v\/#breadcrumb"},"inLanguage":"en-US","potentialAction":[{"@type":"ReadAction","target":["https:\/\/ranoja.ee\/toode\/lumag-elektrimootoriga-kreissaag-ws-700t-230v\/"]}]},{"@type":"ImageObject","inLanguage":"en-US","@id":"https:\/\/ranoja.ee\/toode\/lumag-elektrimootoriga-kreissaag-ws-700t-230v\/#primaryimage","url":"https:\/\/ranoja.ee\/wp-content\/uploads\/2026\/02\/Lumag-elektrimootoriga-kreissaag-WS-700T-230V.jpg","contentUrl":"https:\/\/ranoja.ee\/wp-content\/uploads\/2026\/02\/Lumag-elektrimootoriga-kreissaag-WS-700T-230V.jpg","width":1500,"height":1500,"caption":"Lumag elektrimootoriga kreissaag WS 700T 230V"},{"@type":"BreadcrumbList","@id":"https:\/\/ranoja.ee\/toode\/lumag-elektrimootoriga-kreissaag-ws-700t-230v\/#breadcrumb","itemListElement":[{"@type":"ListItem","position":1,"name":"Home","item":"https:\/\/ranoja.ee\/"},{"@type":"ListItem","position":2,"name":"Shop","item":"https:\/\/ranoja.ee\/en\/shop\/"},{"@type":"ListItem","position":3,"name":"Lumag elektrimootoriga kreissaag WS 700T 230V"}]},{"@type":"WebSite","@id":"https:\/\/ranoja.ee\/#website","url":"https:\/\/ranoja.ee\/","name":"Ranoja","description":"Equipment Shop WooCommerce WordPress Theme for Machine &amp; Tools","publisher":{"@id":"https:\/\/ranoja.ee\/#organization"},"potentialAction":[{"@type":"SearchAction","target":{"@type":"EntryPoint","urlTemplate":"https:\/\/ranoja.ee\/?s={search_term_string}"},"query-input":{"@type":"PropertyValueSpecification","valueRequired":true,"valueName":"search_term_string"}}],"inLanguage":"en-US"},{"@type":"Organization","@id":"https:\/\/ranoja.ee\/#organization","name":"Ranoja O\u00dc","url":"https:\/\/ranoja.ee\/","logo":{"@type":"ImageObject","inLanguage":"en-US","@id":"https:\/\/ranoja.ee\/#\/schema\/logo\/image\/","url":"https:\/\/ranoja.ee\/wp-content\/uploads\/2023\/11\/ranoja-Logo.png","contentUrl":"https:\/\/ranoja.ee\/wp-content\/uploads\/2023\/11\/ranoja-Logo.png","width":207,"height":58,"caption":"Ranoja O\u00dc"},"image":{"@id":"https:\/\/ranoja.ee\/#\/schema\/logo\/image\/"},"sameAs":["https:\/\/www.facebook.com\/ranoja.ee","https:\/\/www.instagram.com\/ranoja__\/"]}]}},"_links":{"self":[{"href":"https:\/\/ranoja.ee\/en\/wp-json\/wp\/v2\/product\/30691","targetHints":{"allow":["GET"]}}],"collection":[{"href":"https:\/\/ranoja.ee\/en\/wp-json\/wp\/v2\/product"}],"about":[{"href":"https:\/\/ranoja.ee\/en\/wp-json\/wp\/v2\/types\/product"}],"wp:featuredmedia":[{"embeddable":true,"href":"https:\/\/ranoja.ee\/en\/wp-json\/wp\/v2\/media\/30698"}],"wp:attachment":[{"href":"https:\/\/ranoja.ee\/en\/wp-json\/wp\/v2\/media?parent=30691"}],"wp:term":[{"taxonomy":"product_cat","embeddable":true,"href":"https:\/\/ranoja.ee\/en\/wp-json\/wp\/v2\/product_cat?post=30691"},{"taxonomy":"product_tag","embeddable":true,"href":"https:\/\/ranoja.ee\/en\/wp-json\/wp\/v2\/product_tag?post=30691"}],"curies":[{"name":"wp","href":"https:\/\/api.w.org\/{rel}","templated":true}]}}