{"id":3047,"date":"2023-07-10T22:21:29","date_gmt":"2023-07-10T19:21:29","guid":{"rendered":"https:\/\/www.ranoja.ee\/?post_type=product&#038;p=3047"},"modified":"2025-12-10T13:20:27","modified_gmt":"2025-12-10T10:20:27","slug":"akulookmutrikeeraja-cediwb250li-ilma-aku-laadijata","status":"publish","type":"product","link":"https:\/\/ranoja.ee\/en\/toode\/akulookmutrikeeraja-cediwb250li-ilma-aku-laadijata\/","title":{"rendered":"Akul\u00f6\u00f6kmutrikeeraja CEDIWB250LI (ilma aku\/laadijata)"},"content":{"rendered":"<p>Akul\u00f6\u00f6kmutrikeeraja CEDIWB250LI (ilma aku\/laadijata)<br \/>\nAkul\u00f6\u00f6kmutrikeeraja on elektriline t\u00f6\u00f6riist, mis kasutab akut energiavarustusena ja on m\u00f5eldud mutrite ja poltide kinnitamiseks v\u00f5i lahti keeramiseks. See erineb tavalisest akukruvikeerajast l\u00f6\u00f6gimehhanismi poolest, mis v\u00f5imaldab sellel tekitada suuremat p\u00f6\u00f6rdemomenti, et kinnitada v\u00f5i lahti keerata tugevalt kinni olevaid mutreid ja polte.<\/p>\n<p>Akul\u00f6\u00f6kmutrikeerajad on olulised t\u00f6\u00f6riistad mitmesugustel t\u00f6\u00f6stuslikes ja ehituslikes rakendustes ning neid kasutatakse sageli j\u00e4rgmistes valdkondades:<\/p>\n<p>Ehitus- ja remondit\u00f6\u00f6d: Akul\u00f6\u00f6kmutrikeerajad on kasulikud ehitus- ja remondit\u00f6\u00f6del, kus on vaja kinnitada v\u00f5i lahti keerata suuri kinnitusvahendeid, nagu kinnitusmutrid, kruvid v\u00f5i poltid. N\u00e4iteks v\u00f5ib neid kasutada konstruktsioonide, fassaadide v\u00f5i sildade ehitamisel ja remontimisel.<\/p>\n<p>Autoremondit\u00f6\u00f6d: Autot\u00f6\u00f6stuses ja remondit\u00f6\u00f6kodades on akul\u00f6\u00f6kmutrikeerajad h\u00e4davajalikud t\u00f6\u00f6riistad. V\u00f5imaldavad kiiret ja t\u00f5husat poltide ja mutrite kinnitamist ja lahtikeeramist autode erinevates osades.<\/p>\n<p>Tehase- ja tootmist\u00f6\u00f6d: Tootmises kasutatakse akul\u00f6\u00f6kmutrikeerajaid masinate ja seadmete kokkupanemisel ning hooldamisel, kus on vaja kinnitada v\u00f5i lahti keerata suuri ja tugevalt kinni olevaid kinnitusvahendeid.<\/p>\n<p>Energeetikasektor: Energia- ja elektrit\u00f6\u00f6stuses v\u00f5ib olla vajalik kasutada akul\u00f6\u00f6kmutrikeerajaid suurte konstruktsioonide ja seadmete paigaldamisel ning hooldamisel, tagades kinnitusvahendite kindla ja turvalise kinnitamise.<\/p>\n<p>Akul\u00f6\u00f6kmutrikeerajad on v\u00f5imsad ja t\u00f5husad t\u00f6\u00f6riistad, mis muudavad mutrite ja poltide kinnitamise ning lahtikeeramise kiireks ja lihtsaks. Need pakuvad suuremat p\u00f6\u00f6rdemomenti ja l\u00f6\u00f6gi j\u00f5udu v\u00f5rreldes tavaliste akukruvikeerajatega ning seet\u00f5ttu on need ideaalsed t\u00f6\u00f6riistad t\u00f6\u00f6stuslikes ja ehituslikes keskkondades.<br \/>\nAkul\u00f6\u00f6kmutrikeeraja CEDIWB250LI (ilma aku\/laadijata)<\/p>\n<p>CEDRUS on \u00fcks suurimaid aiandusmasinate, t\u00f6\u00f6riistade ning metsandus tarvikute edasim\u00fc\u00fcjaid Poolas.<br \/>\nMeie eesm\u00e4rk on pakkuda klientidele k\u00f5rgeima kvaliteediga tooteid konkurentsiv\u00f5imeliste hindadega.<br \/>\nAlates 2016. aastast oleme arendanud ka oma kaubam\u00e4rgi all olevat tootesarja Cedrus.<br \/>\nHetkel pakume enam kui 100 t\u00fc\u00fcpi CEDRUS kaubam\u00e4rgi aia- ja ehitusmasinaid, samuti k\u00f5iki hooldustarvikuid ja varuosi.<br \/>\n<img decoding=\"async\" src=\"https:\/\/www.ranoja.ee\/wp-content\/uploads\/2023\/07\/cedrus-logo-vaike-1-300x99.png\" alt=\"\" width=\"300\" height=\"99\" class=\"alignnone size-medium wp-image-5896\" srcset=\"https:\/\/ranoja.ee\/wp-content\/uploads\/2023\/07\/cedrus-logo-vaike-1-300x99.png 300w, https:\/\/ranoja.ee\/wp-content\/uploads\/2023\/07\/cedrus-logo-vaike-1.png 431w\" sizes=\"(max-width: 300px) 100vw, 300px\" \/><\/p>\n","protected":false},"excerpt":{"rendered":"<p>CEDIWB250LI<br \/>\nL\u00f6\u00f6kmutrikeeraja (ilma aku\/laadijata)<br \/>\nHarjadeta mootor<br \/>\n20V<br \/>\nKuni 2800 p\u00f6\u00f6ret minutis \/ kuni 3600 l\u00f6\u00f6ki minutis<br \/>\nJ\u00f5udlus: 250Nm<br \/>\nT\u00f6\u00f6riistakinnitus: 1\/2 \u201d<br \/>\nKaal 1,21kg<br \/>\n<span style=\"color: #000000;\"><strong>Garantii 1 aasta (eraisikule 3 aastat)<\/strong><\/span><br \/>\n<strong><span style=\"color: #339966;\">ANTUD SEADMEGA SAAB TUTVUDA MEIE PAIDE ESINDUSES KOHAPEAL!<\/span><\/strong><\/p>\n<p><span style=\"color: #000000;\"><strong>KASUTA SEDA T\u00d6\u00d6RIISTA OMA MAKITA, BOSCH V\u00d5I DEWALT AKUGA!<\/strong><\/span><br \/>\n<a href=\"https:\/\/www.ranoja.ee\/tootekategooria\/akutooriistad\/vaheadapterid\/\">Leia endale sobiv vaheadapter siit\u2192<\/a><\/p>\n<p><a href=\"https:\/\/www.ranoja.ee\/tootekategooria\/akutooriistad\/akud-ja-laadijad\/\">T\u00f6\u00f6riistale sobivad Cedrus Power + akud ja laadijad leiad siit\u2192<\/a><\/p>\n","protected":false},"featured_media":3048,"template":"","meta":{"inline_featured_image":false},"product_cat":[1094,1096],"product_tag":[195,206,139],"class_list":{"0":"post-3047","1":"product","2":"type-product","3":"status-publish","4":"has-post-thumbnail","6":"product_brand-cedrus","7":"product_cat-akutooriistad","8":"product_cat-mutrikeerajad","9":"product_tag-akutooriist","10":"product_tag-cediwb250li","11":"product_tag-lookmutrikeeraja","13":"first","14":"instock","15":"taxable","16":"shipping-taxable","17":"purchasable","18":"product-type-simple"},"yoast_head":"<!-- This site is optimized with the Yoast SEO plugin v27.4 - https:\/\/yoast.com\/product\/yoast-seo-wordpress\/ -->\n<title>Akul\u00f6\u00f6kmutrikeeraja CEDIWB250LI (ilma aku\/laadijata)<\/title>\n<meta name=\"description\" content=\"Akul\u00f6\u00f6kmutrikeeraja CEDIWB250LI (ilma aku\/laadijata) Harjadeta mootor20VKuni 2800 p\u00f6\u00f6ret minutis \/ kuni 3600 l\u00f6\u00f6ki minutis cediwb250li-akulookmutrikeeraja\" \/>\n<meta name=\"robots\" content=\"index, follow, max-snippet:-1, max-image-preview:large, max-video-preview:-1\" \/>\n<link rel=\"canonical\" href=\"https:\/\/ranoja.ee\/toode\/akulookmutrikeeraja-cediwb250li-ilma-aku-laadijata\/\" \/>\n<meta property=\"og:locale\" content=\"en_US\" \/>\n<meta property=\"og:type\" content=\"article\" \/>\n<meta property=\"og:title\" content=\"Akul\u00f6\u00f6kmutrikeeraja CEDIWB250LI (ilma aku\/laadijata)\" \/>\n<meta property=\"og:description\" content=\"Akul\u00f6\u00f6kmutrikeeraja CEDIWB250LI (ilma aku\/laadijata) Harjadeta mootor20VKuni 2800 p\u00f6\u00f6ret minutis \/ kuni 3600 l\u00f6\u00f6ki minutis cediwb250li-akulookmutrikeeraja\" \/>\n<meta property=\"og:url\" content=\"https:\/\/ranoja.ee\/toode\/akulookmutrikeeraja-cediwb250li-ilma-aku-laadijata\/\" \/>\n<meta property=\"og:site_name\" content=\"Ranoja\" \/>\n<meta property=\"article:publisher\" content=\"https:\/\/www.facebook.com\/ranoja.ee\" \/>\n<meta property=\"article:modified_time\" content=\"2025-12-10T10:20:27+00:00\" \/>\n<meta property=\"og:image\" content=\"https:\/\/ranoja.ee\/wp-content\/uploads\/2023\/07\/CEDIWB250LI-lookmutrikeeraja-3.png\" \/>\n\t<meta property=\"og:image:width\" content=\"681\" \/>\n\t<meta property=\"og:image:height\" content=\"800\" \/>\n\t<meta property=\"og:image:type\" content=\"image\/png\" \/>\n<meta name=\"twitter:card\" content=\"summary_large_image\" \/>\n<meta name=\"twitter:label1\" content=\"Est. reading time\" \/>\n\t<meta name=\"twitter:data1\" content=\"1 minute\" \/>\n<script type=\"application\/ld+json\" class=\"yoast-schema-graph\">{\"@context\":\"https:\\\/\\\/schema.org\",\"@graph\":[{\"@type\":\"WebPage\",\"@id\":\"https:\\\/\\\/ranoja.ee\\\/toode\\\/akulookmutrikeeraja-cediwb250li-ilma-aku-laadijata\\\/\",\"url\":\"https:\\\/\\\/ranoja.ee\\\/toode\\\/akulookmutrikeeraja-cediwb250li-ilma-aku-laadijata\\\/\",\"name\":\"Akul\u00f6\u00f6kmutrikeeraja CEDIWB250LI (ilma aku\\\/laadijata)\",\"isPartOf\":{\"@id\":\"https:\\\/\\\/ranoja.ee\\\/#website\"},\"primaryImageOfPage\":{\"@id\":\"https:\\\/\\\/ranoja.ee\\\/toode\\\/akulookmutrikeeraja-cediwb250li-ilma-aku-laadijata\\\/#primaryimage\"},\"image\":{\"@id\":\"https:\\\/\\\/ranoja.ee\\\/toode\\\/akulookmutrikeeraja-cediwb250li-ilma-aku-laadijata\\\/#primaryimage\"},\"thumbnailUrl\":\"https:\\\/\\\/ranoja.ee\\\/wp-content\\\/uploads\\\/2023\\\/07\\\/CEDIWB250LI-lookmutrikeeraja-3.png\",\"datePublished\":\"2023-07-10T19:21:29+00:00\",\"dateModified\":\"2025-12-10T10:20:27+00:00\",\"description\":\"Akul\u00f6\u00f6kmutrikeeraja CEDIWB250LI (ilma aku\\\/laadijata) Harjadeta mootor20VKuni 2800 p\u00f6\u00f6ret minutis \\\/ kuni 3600 l\u00f6\u00f6ki minutis cediwb250li-akulookmutrikeeraja\",\"breadcrumb\":{\"@id\":\"https:\\\/\\\/ranoja.ee\\\/toode\\\/akulookmutrikeeraja-cediwb250li-ilma-aku-laadijata\\\/#breadcrumb\"},\"inLanguage\":\"en-US\",\"potentialAction\":[{\"@type\":\"ReadAction\",\"target\":[\"https:\\\/\\\/ranoja.ee\\\/toode\\\/akulookmutrikeeraja-cediwb250li-ilma-aku-laadijata\\\/\"]}]},{\"@type\":\"ImageObject\",\"inLanguage\":\"en-US\",\"@id\":\"https:\\\/\\\/ranoja.ee\\\/toode\\\/akulookmutrikeeraja-cediwb250li-ilma-aku-laadijata\\\/#primaryimage\",\"url\":\"https:\\\/\\\/ranoja.ee\\\/wp-content\\\/uploads\\\/2023\\\/07\\\/CEDIWB250LI-lookmutrikeeraja-3.png\",\"contentUrl\":\"https:\\\/\\\/ranoja.ee\\\/wp-content\\\/uploads\\\/2023\\\/07\\\/CEDIWB250LI-lookmutrikeeraja-3.png\",\"width\":681,\"height\":800,\"caption\":\"Akul\u00f6\u00f6kmutrikeeraja CEDIWB250LI (ilma aku\\\/laadijata)\"},{\"@type\":\"BreadcrumbList\",\"@id\":\"https:\\\/\\\/ranoja.ee\\\/toode\\\/akulookmutrikeeraja-cediwb250li-ilma-aku-laadijata\\\/#breadcrumb\",\"itemListElement\":[{\"@type\":\"ListItem\",\"position\":1,\"name\":\"Home\",\"item\":\"https:\\\/\\\/ranoja.ee\\\/\"},{\"@type\":\"ListItem\",\"position\":2,\"name\":\"Shop\",\"item\":\"https:\\\/\\\/ranoja.ee\\\/en\\\/shop\\\/\"},{\"@type\":\"ListItem\",\"position\":3,\"name\":\"Akul\u00f6\u00f6kmutrikeeraja CEDIWB250LI (ilma aku\\\/laadijata)\"}]},{\"@type\":\"WebSite\",\"@id\":\"https:\\\/\\\/ranoja.ee\\\/#website\",\"url\":\"https:\\\/\\\/ranoja.ee\\\/\",\"name\":\"Ranoja\",\"description\":\"Equipment Shop WooCommerce WordPress Theme for Machine &amp; Tools\",\"publisher\":{\"@id\":\"https:\\\/\\\/ranoja.ee\\\/#organization\"},\"potentialAction\":[{\"@type\":\"SearchAction\",\"target\":{\"@type\":\"EntryPoint\",\"urlTemplate\":\"https:\\\/\\\/ranoja.ee\\\/?s={search_term_string}\"},\"query-input\":{\"@type\":\"PropertyValueSpecification\",\"valueRequired\":true,\"valueName\":\"search_term_string\"}}],\"inLanguage\":\"en-US\"},{\"@type\":\"Organization\",\"@id\":\"https:\\\/\\\/ranoja.ee\\\/#organization\",\"name\":\"Ranoja O\u00dc\",\"url\":\"https:\\\/\\\/ranoja.ee\\\/\",\"logo\":{\"@type\":\"ImageObject\",\"inLanguage\":\"en-US\",\"@id\":\"https:\\\/\\\/ranoja.ee\\\/#\\\/schema\\\/logo\\\/image\\\/\",\"url\":\"https:\\\/\\\/ranoja.ee\\\/wp-content\\\/uploads\\\/2023\\\/11\\\/ranoja-Logo.png\",\"contentUrl\":\"https:\\\/\\\/ranoja.ee\\\/wp-content\\\/uploads\\\/2023\\\/11\\\/ranoja-Logo.png\",\"width\":207,\"height\":58,\"caption\":\"Ranoja O\u00dc\"},\"image\":{\"@id\":\"https:\\\/\\\/ranoja.ee\\\/#\\\/schema\\\/logo\\\/image\\\/\"},\"sameAs\":[\"https:\\\/\\\/www.facebook.com\\\/ranoja.ee\",\"https:\\\/\\\/www.instagram.com\\\/ranoja__\\\/\"]}]}<\/script>\n<!-- \/ Yoast SEO plugin. -->","yoast_head_json":{"title":"Akul\u00f6\u00f6kmutrikeeraja CEDIWB250LI (ilma aku\/laadijata)","description":"Akul\u00f6\u00f6kmutrikeeraja CEDIWB250LI (ilma aku\/laadijata) Harjadeta mootor20VKuni 2800 p\u00f6\u00f6ret minutis \/ kuni 3600 l\u00f6\u00f6ki minutis cediwb250li-akulookmutrikeeraja","robots":{"index":"index","follow":"follow","max-snippet":"max-snippet:-1","max-image-preview":"max-image-preview:large","max-video-preview":"max-video-preview:-1"},"canonical":"https:\/\/ranoja.ee\/toode\/akulookmutrikeeraja-cediwb250li-ilma-aku-laadijata\/","og_locale":"en_US","og_type":"article","og_title":"Akul\u00f6\u00f6kmutrikeeraja CEDIWB250LI (ilma aku\/laadijata)","og_description":"Akul\u00f6\u00f6kmutrikeeraja CEDIWB250LI (ilma aku\/laadijata) Harjadeta mootor20VKuni 2800 p\u00f6\u00f6ret minutis \/ kuni 3600 l\u00f6\u00f6ki minutis cediwb250li-akulookmutrikeeraja","og_url":"https:\/\/ranoja.ee\/toode\/akulookmutrikeeraja-cediwb250li-ilma-aku-laadijata\/","og_site_name":"Ranoja","article_publisher":"https:\/\/www.facebook.com\/ranoja.ee","article_modified_time":"2025-12-10T10:20:27+00:00","og_image":[{"width":681,"height":800,"url":"https:\/\/ranoja.ee\/wp-content\/uploads\/2023\/07\/CEDIWB250LI-lookmutrikeeraja-3.png","type":"image\/png"}],"twitter_card":"summary_large_image","twitter_misc":{"Est. reading time":"1 minute"},"schema":{"@context":"https:\/\/schema.org","@graph":[{"@type":"WebPage","@id":"https:\/\/ranoja.ee\/toode\/akulookmutrikeeraja-cediwb250li-ilma-aku-laadijata\/","url":"https:\/\/ranoja.ee\/toode\/akulookmutrikeeraja-cediwb250li-ilma-aku-laadijata\/","name":"Akul\u00f6\u00f6kmutrikeeraja CEDIWB250LI (ilma aku\/laadijata)","isPartOf":{"@id":"https:\/\/ranoja.ee\/#website"},"primaryImageOfPage":{"@id":"https:\/\/ranoja.ee\/toode\/akulookmutrikeeraja-cediwb250li-ilma-aku-laadijata\/#primaryimage"},"image":{"@id":"https:\/\/ranoja.ee\/toode\/akulookmutrikeeraja-cediwb250li-ilma-aku-laadijata\/#primaryimage"},"thumbnailUrl":"https:\/\/ranoja.ee\/wp-content\/uploads\/2023\/07\/CEDIWB250LI-lookmutrikeeraja-3.png","datePublished":"2023-07-10T19:21:29+00:00","dateModified":"2025-12-10T10:20:27+00:00","description":"Akul\u00f6\u00f6kmutrikeeraja CEDIWB250LI (ilma aku\/laadijata) Harjadeta mootor20VKuni 2800 p\u00f6\u00f6ret minutis \/ kuni 3600 l\u00f6\u00f6ki minutis cediwb250li-akulookmutrikeeraja","breadcrumb":{"@id":"https:\/\/ranoja.ee\/toode\/akulookmutrikeeraja-cediwb250li-ilma-aku-laadijata\/#breadcrumb"},"inLanguage":"en-US","potentialAction":[{"@type":"ReadAction","target":["https:\/\/ranoja.ee\/toode\/akulookmutrikeeraja-cediwb250li-ilma-aku-laadijata\/"]}]},{"@type":"ImageObject","inLanguage":"en-US","@id":"https:\/\/ranoja.ee\/toode\/akulookmutrikeeraja-cediwb250li-ilma-aku-laadijata\/#primaryimage","url":"https:\/\/ranoja.ee\/wp-content\/uploads\/2023\/07\/CEDIWB250LI-lookmutrikeeraja-3.png","contentUrl":"https:\/\/ranoja.ee\/wp-content\/uploads\/2023\/07\/CEDIWB250LI-lookmutrikeeraja-3.png","width":681,"height":800,"caption":"Akul\u00f6\u00f6kmutrikeeraja CEDIWB250LI (ilma aku\/laadijata)"},{"@type":"BreadcrumbList","@id":"https:\/\/ranoja.ee\/toode\/akulookmutrikeeraja-cediwb250li-ilma-aku-laadijata\/#breadcrumb","itemListElement":[{"@type":"ListItem","position":1,"name":"Home","item":"https:\/\/ranoja.ee\/"},{"@type":"ListItem","position":2,"name":"Shop","item":"https:\/\/ranoja.ee\/en\/shop\/"},{"@type":"ListItem","position":3,"name":"Akul\u00f6\u00f6kmutrikeeraja CEDIWB250LI (ilma aku\/laadijata)"}]},{"@type":"WebSite","@id":"https:\/\/ranoja.ee\/#website","url":"https:\/\/ranoja.ee\/","name":"Ranoja","description":"Equipment Shop WooCommerce WordPress Theme for Machine &amp; Tools","publisher":{"@id":"https:\/\/ranoja.ee\/#organization"},"potentialAction":[{"@type":"SearchAction","target":{"@type":"EntryPoint","urlTemplate":"https:\/\/ranoja.ee\/?s={search_term_string}"},"query-input":{"@type":"PropertyValueSpecification","valueRequired":true,"valueName":"search_term_string"}}],"inLanguage":"en-US"},{"@type":"Organization","@id":"https:\/\/ranoja.ee\/#organization","name":"Ranoja O\u00dc","url":"https:\/\/ranoja.ee\/","logo":{"@type":"ImageObject","inLanguage":"en-US","@id":"https:\/\/ranoja.ee\/#\/schema\/logo\/image\/","url":"https:\/\/ranoja.ee\/wp-content\/uploads\/2023\/11\/ranoja-Logo.png","contentUrl":"https:\/\/ranoja.ee\/wp-content\/uploads\/2023\/11\/ranoja-Logo.png","width":207,"height":58,"caption":"Ranoja O\u00dc"},"image":{"@id":"https:\/\/ranoja.ee\/#\/schema\/logo\/image\/"},"sameAs":["https:\/\/www.facebook.com\/ranoja.ee","https:\/\/www.instagram.com\/ranoja__\/"]}]}},"_links":{"self":[{"href":"https:\/\/ranoja.ee\/en\/wp-json\/wp\/v2\/product\/3047","targetHints":{"allow":["GET"]}}],"collection":[{"href":"https:\/\/ranoja.ee\/en\/wp-json\/wp\/v2\/product"}],"about":[{"href":"https:\/\/ranoja.ee\/en\/wp-json\/wp\/v2\/types\/product"}],"wp:featuredmedia":[{"embeddable":true,"href":"https:\/\/ranoja.ee\/en\/wp-json\/wp\/v2\/media\/3048"}],"wp:attachment":[{"href":"https:\/\/ranoja.ee\/en\/wp-json\/wp\/v2\/media?parent=3047"}],"wp:term":[{"taxonomy":"product_cat","embeddable":true,"href":"https:\/\/ranoja.ee\/en\/wp-json\/wp\/v2\/product_cat?post=3047"},{"taxonomy":"product_tag","embeddable":true,"href":"https:\/\/ranoja.ee\/en\/wp-json\/wp\/v2\/product_tag?post=3047"}],"curies":[{"name":"wp","href":"https:\/\/api.w.org\/{rel}","templated":true}]}}