{"id":29898,"date":"2026-02-05T14:27:20","date_gmt":"2026-02-05T11:27:20","guid":{"rendered":"https:\/\/ranoja.ee\/toode\/17\/"},"modified":"2026-03-03T12:10:09","modified_gmt":"2026-03-03T09:10:09","slug":"vedrukinnitus-robin-ex13-17-21-originaalosa","status":"publish","type":"product","link":"https:\/\/ranoja.ee\/en\/toode\/vedrukinnitus-robin-ex13-17-21-originaalosa\/","title":{"rendered":"Vedrukinnitus Robin EX13 17 21 ORIGINAALOSA"},"content":{"rendered":"<p>Vedrukinnitus Robin EX13 17 21 ORIGINAALOSA<\/p>\n<p>Originaalne vedru kinnitus (spring retainer), mis sobib Robin EX13, EX17 ja EX21 bensiinimootoritele. Detail tagab vedru kindla ja korrektse paigalduse mootori mehhanismis ning aitab s\u00e4ilitada stabiilse t\u00f6\u00f6 ja \u00f5ige pingutuse.<\/p>\n<p>Valmistatud vastavalt tootja originaalstandarditele, mis tagab t\u00e4pse sobivuse ja t\u00f6\u00f6kindluse. Kulunud v\u00f5i deformeerunud vedru kinnitus v\u00f5ib p\u00f5hjustada mehhanismi eba\u00f5iget t\u00f6\u00f6d v\u00f5i liigset vibratsiooni, mist\u00f5ttu on oluline kahjustatud detail \u00f5igeaegselt asendada.<\/p>\n<p>Vedrukinnitus Robin EX13 17 21 ORIGINAALOSA<\/p>\n","protected":false},"excerpt":{"rendered":"<p>Vedrukinnitus Robin EX13 17 21 ORIGINAALOSA<\/p>\n<table class=\"cedrus-specs\">\n<tbody>\n<tr>\n<td>Katalooginumber<\/td>\n<td>0001100050<\/td>\n<\/tr>\n<tr>\n<td>EAN<\/td>\n<td>5906434000478<\/td>\n<\/tr>\n<tr>\n<td>Paki pikkus<\/td>\n<td>39<\/td>\n<\/tr>\n<tr>\n<td>Paki laius<\/td>\n<td>26<\/td>\n<\/tr>\n<tr>\n<td>Paki k\u00f5rgus<\/td>\n<td>12<\/td>\n<\/tr>\n<tr>\n<td>Kaal<\/td>\n<td>0.010 Kg<\/td>\n<\/tr>\n<\/tbody>\n<\/table>\n","protected":false},"featured_media":39047,"template":"","meta":{"inline_featured_image":false},"product_cat":[3052],"product_tag":[3993,3992],"class_list":{"0":"post-29898","1":"product","2":"type-product","3":"status-publish","4":"has-post-thumbnail","6":"product_cat-cedrus-tooted","7":"product_tag-3993","8":"product_tag-vedrukinnitus-robin-ex13-17-21-originaalosa","10":"first","11":"outofstock","12":"taxable","13":"shipping-taxable","14":"purchasable","15":"product-type-simple"},"yoast_head":"<!-- This site is optimized with the Yoast SEO plugin v27.4 - https:\/\/yoast.com\/product\/yoast-seo-wordpress\/ -->\n<title>Vedrukinnitus Robin EX13 17 21 ORIGINAALOSA<\/title>\n<meta name=\"description\" content=\"Vedrukinnitus Robin EX13 17 21 ORIGINAALOSA Katalooginumber 0001100050. Paki pikkus 39 mm. Paki laius 26 mm. Paki k\u00f5rgus 12 mm. Kaal 0.010 kg.\" \/>\n<meta name=\"robots\" content=\"index, follow, max-snippet:-1, max-image-preview:large, max-video-preview:-1\" \/>\n<link rel=\"canonical\" href=\"https:\/\/ranoja.ee\/toode\/vedrukinnitus-robin-ex13-17-21-originaalosa\/\" \/>\n<meta property=\"og:locale\" content=\"en_US\" \/>\n<meta property=\"og:type\" content=\"article\" \/>\n<meta property=\"og:title\" content=\"Vedrukinnitus Robin EX13 17 21 ORIGINAALOSA\" \/>\n<meta property=\"og:description\" content=\"Vedrukinnitus Robin EX13 17 21 ORIGINAALOSA Katalooginumber 0001100050. Paki pikkus 39 mm. Paki laius 26 mm. Paki k\u00f5rgus 12 mm. Kaal 0.010 kg.\" \/>\n<meta property=\"og:url\" content=\"https:\/\/ranoja.ee\/toode\/vedrukinnitus-robin-ex13-17-21-originaalosa\/\" \/>\n<meta property=\"og:site_name\" content=\"Ranoja\" \/>\n<meta property=\"article:publisher\" content=\"https:\/\/www.facebook.com\/ranoja.ee\" \/>\n<meta property=\"article:modified_time\" content=\"2026-03-03T09:10:09+00:00\" \/>\n<meta property=\"og:image\" content=\"https:\/\/ranoja.ee\/wp-content\/uploads\/2026\/02\/5896_0001100050-26.jpg\" \/>\n\t<meta property=\"og:image:width\" content=\"500\" \/>\n\t<meta property=\"og:image:height\" content=\"287\" \/>\n\t<meta property=\"og:image:type\" content=\"image\/jpeg\" \/>\n<meta name=\"twitter:card\" content=\"summary_large_image\" \/>\n<meta name=\"twitter:label1\" content=\"Est. reading time\" \/>\n\t<meta name=\"twitter:data1\" content=\"1 minute\" \/>\n<script type=\"application\/ld+json\" class=\"yoast-schema-graph\">{\"@context\":\"https:\\\/\\\/schema.org\",\"@graph\":[{\"@type\":\"WebPage\",\"@id\":\"https:\\\/\\\/ranoja.ee\\\/toode\\\/vedrukinnitus-robin-ex13-17-21-originaalosa\\\/\",\"url\":\"https:\\\/\\\/ranoja.ee\\\/toode\\\/vedrukinnitus-robin-ex13-17-21-originaalosa\\\/\",\"name\":\"Vedrukinnitus Robin EX13 17 21 ORIGINAALOSA\",\"isPartOf\":{\"@id\":\"https:\\\/\\\/ranoja.ee\\\/#website\"},\"primaryImageOfPage\":{\"@id\":\"https:\\\/\\\/ranoja.ee\\\/toode\\\/vedrukinnitus-robin-ex13-17-21-originaalosa\\\/#primaryimage\"},\"image\":{\"@id\":\"https:\\\/\\\/ranoja.ee\\\/toode\\\/vedrukinnitus-robin-ex13-17-21-originaalosa\\\/#primaryimage\"},\"thumbnailUrl\":\"https:\\\/\\\/ranoja.ee\\\/wp-content\\\/uploads\\\/2026\\\/02\\\/5896_0001100050-26.jpg\",\"datePublished\":\"2026-02-05T11:27:20+00:00\",\"dateModified\":\"2026-03-03T09:10:09+00:00\",\"description\":\"Vedrukinnitus Robin EX13 17 21 ORIGINAALOSA Katalooginumber 0001100050. Paki pikkus 39 mm. Paki laius 26 mm. Paki k\u00f5rgus 12 mm. Kaal 0.010 kg.\",\"breadcrumb\":{\"@id\":\"https:\\\/\\\/ranoja.ee\\\/toode\\\/vedrukinnitus-robin-ex13-17-21-originaalosa\\\/#breadcrumb\"},\"inLanguage\":\"en-US\",\"potentialAction\":[{\"@type\":\"ReadAction\",\"target\":[\"https:\\\/\\\/ranoja.ee\\\/toode\\\/vedrukinnitus-robin-ex13-17-21-originaalosa\\\/\"]}]},{\"@type\":\"ImageObject\",\"inLanguage\":\"en-US\",\"@id\":\"https:\\\/\\\/ranoja.ee\\\/toode\\\/vedrukinnitus-robin-ex13-17-21-originaalosa\\\/#primaryimage\",\"url\":\"https:\\\/\\\/ranoja.ee\\\/wp-content\\\/uploads\\\/2026\\\/02\\\/5896_0001100050-26.jpg\",\"contentUrl\":\"https:\\\/\\\/ranoja.ee\\\/wp-content\\\/uploads\\\/2026\\\/02\\\/5896_0001100050-26.jpg\",\"width\":500,\"height\":287},{\"@type\":\"BreadcrumbList\",\"@id\":\"https:\\\/\\\/ranoja.ee\\\/toode\\\/vedrukinnitus-robin-ex13-17-21-originaalosa\\\/#breadcrumb\",\"itemListElement\":[{\"@type\":\"ListItem\",\"position\":1,\"name\":\"Home\",\"item\":\"https:\\\/\\\/ranoja.ee\\\/\"},{\"@type\":\"ListItem\",\"position\":2,\"name\":\"Shop\",\"item\":\"https:\\\/\\\/ranoja.ee\\\/en\\\/shop\\\/\"},{\"@type\":\"ListItem\",\"position\":3,\"name\":\"Vedrukinnitus Robin EX13 17 21 ORIGINAALOSA\"}]},{\"@type\":\"WebSite\",\"@id\":\"https:\\\/\\\/ranoja.ee\\\/#website\",\"url\":\"https:\\\/\\\/ranoja.ee\\\/\",\"name\":\"Ranoja\",\"description\":\"Equipment Shop WooCommerce WordPress Theme for Machine &amp; Tools\",\"publisher\":{\"@id\":\"https:\\\/\\\/ranoja.ee\\\/#organization\"},\"potentialAction\":[{\"@type\":\"SearchAction\",\"target\":{\"@type\":\"EntryPoint\",\"urlTemplate\":\"https:\\\/\\\/ranoja.ee\\\/?s={search_term_string}\"},\"query-input\":{\"@type\":\"PropertyValueSpecification\",\"valueRequired\":true,\"valueName\":\"search_term_string\"}}],\"inLanguage\":\"en-US\"},{\"@type\":\"Organization\",\"@id\":\"https:\\\/\\\/ranoja.ee\\\/#organization\",\"name\":\"Ranoja O\u00dc\",\"url\":\"https:\\\/\\\/ranoja.ee\\\/\",\"logo\":{\"@type\":\"ImageObject\",\"inLanguage\":\"en-US\",\"@id\":\"https:\\\/\\\/ranoja.ee\\\/#\\\/schema\\\/logo\\\/image\\\/\",\"url\":\"https:\\\/\\\/ranoja.ee\\\/wp-content\\\/uploads\\\/2023\\\/11\\\/ranoja-Logo.png\",\"contentUrl\":\"https:\\\/\\\/ranoja.ee\\\/wp-content\\\/uploads\\\/2023\\\/11\\\/ranoja-Logo.png\",\"width\":207,\"height\":58,\"caption\":\"Ranoja O\u00dc\"},\"image\":{\"@id\":\"https:\\\/\\\/ranoja.ee\\\/#\\\/schema\\\/logo\\\/image\\\/\"},\"sameAs\":[\"https:\\\/\\\/www.facebook.com\\\/ranoja.ee\",\"https:\\\/\\\/www.instagram.com\\\/ranoja__\\\/\"]}]}<\/script>\n<!-- \/ Yoast SEO plugin. -->","yoast_head_json":{"title":"Vedrukinnitus Robin EX13 17 21 ORIGINAALOSA","description":"Vedrukinnitus Robin EX13 17 21 ORIGINAALOSA Katalooginumber 0001100050. Paki pikkus 39 mm. Paki laius 26 mm. Paki k\u00f5rgus 12 mm. Kaal 0.010 kg.","robots":{"index":"index","follow":"follow","max-snippet":"max-snippet:-1","max-image-preview":"max-image-preview:large","max-video-preview":"max-video-preview:-1"},"canonical":"https:\/\/ranoja.ee\/toode\/vedrukinnitus-robin-ex13-17-21-originaalosa\/","og_locale":"en_US","og_type":"article","og_title":"Vedrukinnitus Robin EX13 17 21 ORIGINAALOSA","og_description":"Vedrukinnitus Robin EX13 17 21 ORIGINAALOSA Katalooginumber 0001100050. Paki pikkus 39 mm. Paki laius 26 mm. Paki k\u00f5rgus 12 mm. Kaal 0.010 kg.","og_url":"https:\/\/ranoja.ee\/toode\/vedrukinnitus-robin-ex13-17-21-originaalosa\/","og_site_name":"Ranoja","article_publisher":"https:\/\/www.facebook.com\/ranoja.ee","article_modified_time":"2026-03-03T09:10:09+00:00","og_image":[{"width":500,"height":287,"url":"https:\/\/ranoja.ee\/wp-content\/uploads\/2026\/02\/5896_0001100050-26.jpg","type":"image\/jpeg"}],"twitter_card":"summary_large_image","twitter_misc":{"Est. reading time":"1 minute"},"schema":{"@context":"https:\/\/schema.org","@graph":[{"@type":"WebPage","@id":"https:\/\/ranoja.ee\/toode\/vedrukinnitus-robin-ex13-17-21-originaalosa\/","url":"https:\/\/ranoja.ee\/toode\/vedrukinnitus-robin-ex13-17-21-originaalosa\/","name":"Vedrukinnitus Robin EX13 17 21 ORIGINAALOSA","isPartOf":{"@id":"https:\/\/ranoja.ee\/#website"},"primaryImageOfPage":{"@id":"https:\/\/ranoja.ee\/toode\/vedrukinnitus-robin-ex13-17-21-originaalosa\/#primaryimage"},"image":{"@id":"https:\/\/ranoja.ee\/toode\/vedrukinnitus-robin-ex13-17-21-originaalosa\/#primaryimage"},"thumbnailUrl":"https:\/\/ranoja.ee\/wp-content\/uploads\/2026\/02\/5896_0001100050-26.jpg","datePublished":"2026-02-05T11:27:20+00:00","dateModified":"2026-03-03T09:10:09+00:00","description":"Vedrukinnitus Robin EX13 17 21 ORIGINAALOSA Katalooginumber 0001100050. Paki pikkus 39 mm. Paki laius 26 mm. Paki k\u00f5rgus 12 mm. Kaal 0.010 kg.","breadcrumb":{"@id":"https:\/\/ranoja.ee\/toode\/vedrukinnitus-robin-ex13-17-21-originaalosa\/#breadcrumb"},"inLanguage":"en-US","potentialAction":[{"@type":"ReadAction","target":["https:\/\/ranoja.ee\/toode\/vedrukinnitus-robin-ex13-17-21-originaalosa\/"]}]},{"@type":"ImageObject","inLanguage":"en-US","@id":"https:\/\/ranoja.ee\/toode\/vedrukinnitus-robin-ex13-17-21-originaalosa\/#primaryimage","url":"https:\/\/ranoja.ee\/wp-content\/uploads\/2026\/02\/5896_0001100050-26.jpg","contentUrl":"https:\/\/ranoja.ee\/wp-content\/uploads\/2026\/02\/5896_0001100050-26.jpg","width":500,"height":287},{"@type":"BreadcrumbList","@id":"https:\/\/ranoja.ee\/toode\/vedrukinnitus-robin-ex13-17-21-originaalosa\/#breadcrumb","itemListElement":[{"@type":"ListItem","position":1,"name":"Home","item":"https:\/\/ranoja.ee\/"},{"@type":"ListItem","position":2,"name":"Shop","item":"https:\/\/ranoja.ee\/en\/shop\/"},{"@type":"ListItem","position":3,"name":"Vedrukinnitus Robin EX13 17 21 ORIGINAALOSA"}]},{"@type":"WebSite","@id":"https:\/\/ranoja.ee\/#website","url":"https:\/\/ranoja.ee\/","name":"Ranoja","description":"Equipment Shop WooCommerce WordPress Theme for Machine &amp; Tools","publisher":{"@id":"https:\/\/ranoja.ee\/#organization"},"potentialAction":[{"@type":"SearchAction","target":{"@type":"EntryPoint","urlTemplate":"https:\/\/ranoja.ee\/?s={search_term_string}"},"query-input":{"@type":"PropertyValueSpecification","valueRequired":true,"valueName":"search_term_string"}}],"inLanguage":"en-US"},{"@type":"Organization","@id":"https:\/\/ranoja.ee\/#organization","name":"Ranoja O\u00dc","url":"https:\/\/ranoja.ee\/","logo":{"@type":"ImageObject","inLanguage":"en-US","@id":"https:\/\/ranoja.ee\/#\/schema\/logo\/image\/","url":"https:\/\/ranoja.ee\/wp-content\/uploads\/2023\/11\/ranoja-Logo.png","contentUrl":"https:\/\/ranoja.ee\/wp-content\/uploads\/2023\/11\/ranoja-Logo.png","width":207,"height":58,"caption":"Ranoja O\u00dc"},"image":{"@id":"https:\/\/ranoja.ee\/#\/schema\/logo\/image\/"},"sameAs":["https:\/\/www.facebook.com\/ranoja.ee","https:\/\/www.instagram.com\/ranoja__\/"]}]}},"_links":{"self":[{"href":"https:\/\/ranoja.ee\/en\/wp-json\/wp\/v2\/product\/29898","targetHints":{"allow":["GET"]}}],"collection":[{"href":"https:\/\/ranoja.ee\/en\/wp-json\/wp\/v2\/product"}],"about":[{"href":"https:\/\/ranoja.ee\/en\/wp-json\/wp\/v2\/types\/product"}],"wp:featuredmedia":[{"embeddable":true,"href":"https:\/\/ranoja.ee\/en\/wp-json\/wp\/v2\/media\/39047"}],"wp:attachment":[{"href":"https:\/\/ranoja.ee\/en\/wp-json\/wp\/v2\/media?parent=29898"}],"wp:term":[{"taxonomy":"product_cat","embeddable":true,"href":"https:\/\/ranoja.ee\/en\/wp-json\/wp\/v2\/product_cat?post=29898"},{"taxonomy":"product_tag","embeddable":true,"href":"https:\/\/ranoja.ee\/en\/wp-json\/wp\/v2\/product_tag?post=29898"}],"curies":[{"name":"wp","href":"https:\/\/api.w.org\/{rel}","templated":true}]}}