{"id":29866,"date":"2026-02-05T14:27:05","date_gmt":"2026-02-05T11:27:05","guid":{"rendered":"https:\/\/ranoja.ee\/toode\/ex17\/"},"modified":"2026-03-03T13:41:11","modified_gmt":"2026-03-03T10:41:11","slug":"olitaseme-mootevarras-robin-originaal-varuosa","status":"publish","type":"product","link":"https:\/\/ranoja.ee\/en\/toode\/olitaseme-mootevarras-robin-originaal-varuosa\/","title":{"rendered":"\u00d5litaseme m\u00f5\u00f5tevarras Robin originaal varuosa"},"content":{"rendered":"<p>\u00d5litaseme m\u00f5\u00f5tevarras Robin originaal varuosa<\/p>\n<p>Originaalne \u00f5lim\u00f5\u00f5tevarras, mis sobib Robin EX13, EX17, EX21, EP16 ja EP17 bensiinimootoritele. Detail v\u00f5imaldab kontrollida mootori \u00f5litaset ning tagab korrektse tihenduse \u00f5lit\u00e4iteavasse.<\/p>\n<p>\u00d5litaseme m\u00f5\u00f5tevarras Robin originaal varuosa<\/p>\n","protected":false},"excerpt":{"rendered":"<p>\u00d5litaseme m\u00f5\u00f5tevarras Robin originaal varuosa<br \/>\n\u00d5lim\u00f5\u00f5tevarras, mis sobib Robin EX13, EX17, EX21, EP16 ja EP17 bensiinimootoritele<\/p>\n<table class=\"cedrus-specs\">\n<tbody>\n<tr>\n<td>Katalooginumber<\/td>\n<td>0001100005<\/td>\n<\/tr>\n<tr>\n<td>EAN<\/td>\n<td>5906434000386<\/td>\n<\/tr>\n<tr>\n<td>Paki pikkus<\/td>\n<td>99<\/td>\n<\/tr>\n<tr>\n<td>Paki laius<\/td>\n<td>41<\/td>\n<\/tr>\n<tr>\n<td>Paki k\u00f5rgus<\/td>\n<td>34<\/td>\n<\/tr>\n<tr>\n<td>Kaal<\/td>\n<td>0.010 Kg<\/td>\n<\/tr>\n<\/tbody>\n<\/table>\n","protected":false},"featured_media":0,"template":"","meta":{"inline_featured_image":false},"product_cat":[3052],"product_tag":[4007],"class_list":{"0":"post-29866","1":"product","2":"type-product","3":"status-publish","5":"product_cat-cedrus-tooted","6":"product_tag-olitaseme-mootevarras-robin-originaal-varuosa","8":"first","9":"instock","10":"taxable","11":"shipping-taxable","12":"purchasable","13":"product-type-simple"},"yoast_head":"<!-- This site is optimized with the Yoast SEO plugin v27.4 - https:\/\/yoast.com\/product\/yoast-seo-wordpress\/ -->\n<title>\u00d5litaseme m\u00f5\u00f5tevarras Robin originaal varuosa<\/title>\n<meta name=\"description\" content=\"\u00d5litaseme m\u00f5\u00f5tevarras Robin originaal varuosa Katalooginumber 0001100005. Paki pikkus 99 mm. Paki laius 41 mm. Paki k\u00f5rgus 34 mm. Kaal 0.010 kg.\" \/>\n<meta name=\"robots\" content=\"index, follow, max-snippet:-1, max-image-preview:large, max-video-preview:-1\" \/>\n<link rel=\"canonical\" href=\"https:\/\/ranoja.ee\/toode\/olitaseme-mootevarras-robin-originaal-varuosa\/\" \/>\n<meta property=\"og:locale\" content=\"en_US\" \/>\n<meta property=\"og:type\" content=\"article\" \/>\n<meta property=\"og:title\" content=\"\u00d5litaseme m\u00f5\u00f5tevarras Robin originaal varuosa\" \/>\n<meta property=\"og:description\" content=\"\u00d5litaseme m\u00f5\u00f5tevarras Robin originaal varuosa Katalooginumber 0001100005. Paki pikkus 99 mm. Paki laius 41 mm. Paki k\u00f5rgus 34 mm. Kaal 0.010 kg.\" \/>\n<meta property=\"og:url\" content=\"https:\/\/ranoja.ee\/toode\/olitaseme-mootevarras-robin-originaal-varuosa\/\" \/>\n<meta property=\"og:site_name\" content=\"Ranoja\" \/>\n<meta property=\"article:publisher\" content=\"https:\/\/www.facebook.com\/ranoja.ee\" \/>\n<meta property=\"article:modified_time\" content=\"2026-03-03T10:41:11+00:00\" \/>\n<meta name=\"twitter:card\" content=\"summary_large_image\" \/>\n<meta name=\"twitter:label1\" content=\"Est. reading time\" \/>\n\t<meta name=\"twitter:data1\" content=\"1 minute\" \/>\n<script type=\"application\/ld+json\" class=\"yoast-schema-graph\">{\"@context\":\"https:\\\/\\\/schema.org\",\"@graph\":[{\"@type\":\"WebPage\",\"@id\":\"https:\\\/\\\/ranoja.ee\\\/toode\\\/olitaseme-mootevarras-robin-originaal-varuosa\\\/\",\"url\":\"https:\\\/\\\/ranoja.ee\\\/toode\\\/olitaseme-mootevarras-robin-originaal-varuosa\\\/\",\"name\":\"\u00d5litaseme m\u00f5\u00f5tevarras Robin originaal varuosa\",\"isPartOf\":{\"@id\":\"https:\\\/\\\/ranoja.ee\\\/#website\"},\"datePublished\":\"2026-02-05T11:27:05+00:00\",\"dateModified\":\"2026-03-03T10:41:11+00:00\",\"description\":\"\u00d5litaseme m\u00f5\u00f5tevarras Robin originaal varuosa Katalooginumber 0001100005. Paki pikkus 99 mm. Paki laius 41 mm. Paki k\u00f5rgus 34 mm. Kaal 0.010 kg.\",\"breadcrumb\":{\"@id\":\"https:\\\/\\\/ranoja.ee\\\/toode\\\/olitaseme-mootevarras-robin-originaal-varuosa\\\/#breadcrumb\"},\"inLanguage\":\"en-US\",\"potentialAction\":[{\"@type\":\"ReadAction\",\"target\":[\"https:\\\/\\\/ranoja.ee\\\/toode\\\/olitaseme-mootevarras-robin-originaal-varuosa\\\/\"]}]},{\"@type\":\"BreadcrumbList\",\"@id\":\"https:\\\/\\\/ranoja.ee\\\/toode\\\/olitaseme-mootevarras-robin-originaal-varuosa\\\/#breadcrumb\",\"itemListElement\":[{\"@type\":\"ListItem\",\"position\":1,\"name\":\"Home\",\"item\":\"https:\\\/\\\/ranoja.ee\\\/\"},{\"@type\":\"ListItem\",\"position\":2,\"name\":\"Shop\",\"item\":\"https:\\\/\\\/ranoja.ee\\\/en\\\/shop\\\/\"},{\"@type\":\"ListItem\",\"position\":3,\"name\":\"\u00d5litaseme m\u00f5\u00f5tevarras Robin originaal varuosa\"}]},{\"@type\":\"WebSite\",\"@id\":\"https:\\\/\\\/ranoja.ee\\\/#website\",\"url\":\"https:\\\/\\\/ranoja.ee\\\/\",\"name\":\"Ranoja\",\"description\":\"Equipment Shop WooCommerce WordPress Theme for Machine &amp; Tools\",\"publisher\":{\"@id\":\"https:\\\/\\\/ranoja.ee\\\/#organization\"},\"potentialAction\":[{\"@type\":\"SearchAction\",\"target\":{\"@type\":\"EntryPoint\",\"urlTemplate\":\"https:\\\/\\\/ranoja.ee\\\/?s={search_term_string}\"},\"query-input\":{\"@type\":\"PropertyValueSpecification\",\"valueRequired\":true,\"valueName\":\"search_term_string\"}}],\"inLanguage\":\"en-US\"},{\"@type\":\"Organization\",\"@id\":\"https:\\\/\\\/ranoja.ee\\\/#organization\",\"name\":\"Ranoja O\u00dc\",\"url\":\"https:\\\/\\\/ranoja.ee\\\/\",\"logo\":{\"@type\":\"ImageObject\",\"inLanguage\":\"en-US\",\"@id\":\"https:\\\/\\\/ranoja.ee\\\/#\\\/schema\\\/logo\\\/image\\\/\",\"url\":\"https:\\\/\\\/ranoja.ee\\\/wp-content\\\/uploads\\\/2023\\\/11\\\/ranoja-Logo.png\",\"contentUrl\":\"https:\\\/\\\/ranoja.ee\\\/wp-content\\\/uploads\\\/2023\\\/11\\\/ranoja-Logo.png\",\"width\":207,\"height\":58,\"caption\":\"Ranoja O\u00dc\"},\"image\":{\"@id\":\"https:\\\/\\\/ranoja.ee\\\/#\\\/schema\\\/logo\\\/image\\\/\"},\"sameAs\":[\"https:\\\/\\\/www.facebook.com\\\/ranoja.ee\",\"https:\\\/\\\/www.instagram.com\\\/ranoja__\\\/\"]}]}<\/script>\n<!-- \/ Yoast SEO plugin. -->","yoast_head_json":{"title":"\u00d5litaseme m\u00f5\u00f5tevarras Robin originaal varuosa","description":"\u00d5litaseme m\u00f5\u00f5tevarras Robin originaal varuosa Katalooginumber 0001100005. Paki pikkus 99 mm. Paki laius 41 mm. Paki k\u00f5rgus 34 mm. Kaal 0.010 kg.","robots":{"index":"index","follow":"follow","max-snippet":"max-snippet:-1","max-image-preview":"max-image-preview:large","max-video-preview":"max-video-preview:-1"},"canonical":"https:\/\/ranoja.ee\/toode\/olitaseme-mootevarras-robin-originaal-varuosa\/","og_locale":"en_US","og_type":"article","og_title":"\u00d5litaseme m\u00f5\u00f5tevarras Robin originaal varuosa","og_description":"\u00d5litaseme m\u00f5\u00f5tevarras Robin originaal varuosa Katalooginumber 0001100005. Paki pikkus 99 mm. Paki laius 41 mm. Paki k\u00f5rgus 34 mm. Kaal 0.010 kg.","og_url":"https:\/\/ranoja.ee\/toode\/olitaseme-mootevarras-robin-originaal-varuosa\/","og_site_name":"Ranoja","article_publisher":"https:\/\/www.facebook.com\/ranoja.ee","article_modified_time":"2026-03-03T10:41:11+00:00","twitter_card":"summary_large_image","twitter_misc":{"Est. reading time":"1 minute"},"schema":{"@context":"https:\/\/schema.org","@graph":[{"@type":"WebPage","@id":"https:\/\/ranoja.ee\/toode\/olitaseme-mootevarras-robin-originaal-varuosa\/","url":"https:\/\/ranoja.ee\/toode\/olitaseme-mootevarras-robin-originaal-varuosa\/","name":"\u00d5litaseme m\u00f5\u00f5tevarras Robin originaal varuosa","isPartOf":{"@id":"https:\/\/ranoja.ee\/#website"},"datePublished":"2026-02-05T11:27:05+00:00","dateModified":"2026-03-03T10:41:11+00:00","description":"\u00d5litaseme m\u00f5\u00f5tevarras Robin originaal varuosa Katalooginumber 0001100005. Paki pikkus 99 mm. Paki laius 41 mm. Paki k\u00f5rgus 34 mm. Kaal 0.010 kg.","breadcrumb":{"@id":"https:\/\/ranoja.ee\/toode\/olitaseme-mootevarras-robin-originaal-varuosa\/#breadcrumb"},"inLanguage":"en-US","potentialAction":[{"@type":"ReadAction","target":["https:\/\/ranoja.ee\/toode\/olitaseme-mootevarras-robin-originaal-varuosa\/"]}]},{"@type":"BreadcrumbList","@id":"https:\/\/ranoja.ee\/toode\/olitaseme-mootevarras-robin-originaal-varuosa\/#breadcrumb","itemListElement":[{"@type":"ListItem","position":1,"name":"Home","item":"https:\/\/ranoja.ee\/"},{"@type":"ListItem","position":2,"name":"Shop","item":"https:\/\/ranoja.ee\/en\/shop\/"},{"@type":"ListItem","position":3,"name":"\u00d5litaseme m\u00f5\u00f5tevarras Robin originaal varuosa"}]},{"@type":"WebSite","@id":"https:\/\/ranoja.ee\/#website","url":"https:\/\/ranoja.ee\/","name":"Ranoja","description":"Equipment Shop WooCommerce WordPress Theme for Machine &amp; Tools","publisher":{"@id":"https:\/\/ranoja.ee\/#organization"},"potentialAction":[{"@type":"SearchAction","target":{"@type":"EntryPoint","urlTemplate":"https:\/\/ranoja.ee\/?s={search_term_string}"},"query-input":{"@type":"PropertyValueSpecification","valueRequired":true,"valueName":"search_term_string"}}],"inLanguage":"en-US"},{"@type":"Organization","@id":"https:\/\/ranoja.ee\/#organization","name":"Ranoja O\u00dc","url":"https:\/\/ranoja.ee\/","logo":{"@type":"ImageObject","inLanguage":"en-US","@id":"https:\/\/ranoja.ee\/#\/schema\/logo\/image\/","url":"https:\/\/ranoja.ee\/wp-content\/uploads\/2023\/11\/ranoja-Logo.png","contentUrl":"https:\/\/ranoja.ee\/wp-content\/uploads\/2023\/11\/ranoja-Logo.png","width":207,"height":58,"caption":"Ranoja O\u00dc"},"image":{"@id":"https:\/\/ranoja.ee\/#\/schema\/logo\/image\/"},"sameAs":["https:\/\/www.facebook.com\/ranoja.ee","https:\/\/www.instagram.com\/ranoja__\/"]}]}},"_links":{"self":[{"href":"https:\/\/ranoja.ee\/en\/wp-json\/wp\/v2\/product\/29866","targetHints":{"allow":["GET"]}}],"collection":[{"href":"https:\/\/ranoja.ee\/en\/wp-json\/wp\/v2\/product"}],"about":[{"href":"https:\/\/ranoja.ee\/en\/wp-json\/wp\/v2\/types\/product"}],"wp:attachment":[{"href":"https:\/\/ranoja.ee\/en\/wp-json\/wp\/v2\/media?parent=29866"}],"wp:term":[{"taxonomy":"product_cat","embeddable":true,"href":"https:\/\/ranoja.ee\/en\/wp-json\/wp\/v2\/product_cat?post=29866"},{"taxonomy":"product_tag","embeddable":true,"href":"https:\/\/ranoja.ee\/en\/wp-json\/wp\/v2\/product_tag?post=29866"}],"curies":[{"name":"wp","href":"https:\/\/api.w.org\/{rel}","templated":true}]}}