{"id":29745,"date":"2026-02-05T13:52:07","date_gmt":"2026-02-05T10:52:07","guid":{"rendered":"https:\/\/ranoja.ee\/?post_type=product&#038;p=29745"},"modified":"2026-02-05T16:02:56","modified_gmt":"2026-02-05T13:02:56","slug":"lumag-pinnasetihendaja-rp-i12-10-5kn","status":"publish","type":"product","link":"https:\/\/ranoja.ee\/en\/toode\/lumag-pinnasetihendaja-rp-i12-10-5kn\/","title":{"rendered":"Lumag pinnasetihendaja RP-i12 (10.5kN)"},"content":{"rendered":"<p>Lumag pinnasetihendaja RP-i12 (10.5kN)<\/p>\n<p>Pinnasetihendaja, mis on m\u00f5eldud erinevate pinnaste tihedaks ja \u00fchtlaseks tihendamiseks v\u00e4iksematel ning keskmise suurusega ehitus- ja haljastust\u00f6\u00f6del. See seade on eriti kasulik p\u00f5hjade ettevalmistamiseks enne betooni valamist, teekatteid, k\u00f5nniteid ja sisses\u00f5iduteid ning paveeringu paigaldust\u00f6\u00f6del, kus on vaja stabiilset ja tugevat aluspinda. Rpi 12 \u00fchendab robustse konstruktsiooni ja praktilise bensiinimootori, tagades t\u00f6\u00f6paindlikkuse kohtades, kus elektri\u00fchendus puudub.<\/p>\n<p>Seadme j\u00f5uallikaks on 1-silindriline 4-taktiline bensiinimootor, mille v\u00f5imsus on umbes 4.1 kW ja t\u00f6\u00f6maht 196 cm\u00b3. Mootori abil toodetud vibratsioon j\u00f5uab baasilauale, mille t\u00f6\u00f6laius on 500 \u00d7 370 mm. V\u00f5imaldades efektiivset ja kiiret pinnase kokkusurumist kuni umbes 20 cm s\u00fcgavuseni. RPi 12 t\u00f6\u00f6tab sagedusel 70 Hz ja tekitab tsentrifugaalj\u00f5udu umbes 10.5 kN. See t\u00e4hendab head tihendusv\u00f5imet nii liiva, kruusa, mulda kui ka m\u00f5ningate pehmete asfaltpindade korral.<\/p>\n<p>Seadmel on integreeritud vees\u00fcsteem, mis v\u00e4hendab tolmu teket ja aitab v\u00e4ltida asfaldi v\u00f5i teiste materjalide plaadile kinni j\u00e4\u00e4mist. See anum ja s\u00fcsteem on reguleeritav ning v\u00f5ib olla eemaldatav vastavalt t\u00f6\u00f6 vajadusele. Rpi 12 on varustatud kokkupandava k\u00e4epidemega, mis teeb transpordi ja hoiustamise lihtsamaks, ning kaitseraamiga, mis v\u00e4hendab mootoriosade kahjustamise riski.Sellel pinnasetihendajal on ka trantspordi rattad ja kummimatt kaitsmaks \u00f5rnemaid pindasid.<\/p>\n<p>Lumag pinnasetihendaja RP-i12 (10.5kN)<\/p>\n","protected":false},"excerpt":{"rendered":"<p>Lumag pinnasetihendaja RP-i12 (10.5kN)<br \/>\nMootor: 1-silindriline, 4-taktiline bensiinimootor<br \/>\nMootori kubatuur: 196 cc<br \/>\nMootori j\u00f5udlus: 4.1 kW 3000 p\/min juures<br \/>\nMootori maksimaalne lubatud kalle: 20\u00b0<br \/>\nTihendusl\u00f6\u00f6gid: 5600 l\u00f6\u00f6ki minutis<br \/>\nTihenduss\u00fcgavus: 20 cm<br \/>\nBensiinipaagi maht: 3.6 l<br \/>\n\u00d5lipaagi maht: 0.6 l<br \/>\nAlusplaadi pikkus: 500 mm<br \/>\nAlusplaadi laius: 370 mm<br \/>\nSagedus: 70 Hz<br \/>\nVeepaak<br \/>\nTampimisj\u00f5ud: 10.5 kN<br \/>\nPinna j\u00f5udlus: 450 m\u00b2\/h<br \/>\nMaksimaalne s\u00f6\u00f6tmine: 20 m\/min<br \/>\nHeliv\u00f5imsustase LWA: 108 dB (A)<br \/>\nTootja: Lumag<br \/>\nMudel: Rpi 12<br \/>\nTootekood: RP-i12<br \/>\nKaal: 73.7 kg<br \/>\n<strong>Eeldatav tarneaeg 2-3 n\u00e4dalat<\/strong><\/p>\n","protected":false},"featured_media":29748,"template":"","meta":{"inline_featured_image":false},"product_cat":[1090,96],"product_tag":[134,1256,3467,161,3464],"class_list":{"0":"post-29745","1":"product","2":"type-product","3":"status-publish","4":"has-post-thumbnail","6":"product_brand-lumag","7":"product_cat-ehitustehnika","8":"product_cat-pinnasetihendajad","9":"product_tag-lumag","10":"product_tag-lumag-pinnasetihendaja","11":"product_tag-lumag-pinnasetihendaja-rp-i12-10-5kn","12":"product_tag-pinnasetihendaja","13":"product_tag-rpi-12","15":"first","16":"onbackorder","17":"taxable","18":"shipping-taxable","19":"purchasable","20":"product-type-simple"},"yoast_head":"<!-- This site is optimized with the Yoast SEO plugin v27.4 - https:\/\/yoast.com\/product\/yoast-seo-wordpress\/ -->\n<title>Lumag pinnasetihendaja RP-i12 (10.5kN)<\/title>\n<meta name=\"description\" content=\"Lumag pinnasetihendaja RP-i12 (10.5kN) Integreeritud vees\u00fcsteem v\u00e4hendab tolmu teket ja aitab v\u00e4ltida asfaldi v\u00f5i teiste materjalide plaadile kinni j\u00e4\u00e4mist\" \/>\n<meta name=\"robots\" content=\"index, follow, max-snippet:-1, max-image-preview:large, max-video-preview:-1\" \/>\n<link rel=\"canonical\" href=\"https:\/\/ranoja.ee\/toode\/lumag-pinnasetihendaja-rp-i12-10-5kn\/\" \/>\n<meta property=\"og:locale\" content=\"en_US\" \/>\n<meta property=\"og:type\" content=\"article\" \/>\n<meta property=\"og:title\" content=\"Lumag pinnasetihendaja RP-i12 (10.5kN)\" \/>\n<meta property=\"og:description\" content=\"Lumag pinnasetihendaja RP-i12 (10.5kN) Integreeritud vees\u00fcsteem v\u00e4hendab tolmu teket ja aitab v\u00e4ltida asfaldi v\u00f5i teiste materjalide plaadile kinni j\u00e4\u00e4mist\" \/>\n<meta property=\"og:url\" content=\"https:\/\/ranoja.ee\/toode\/lumag-pinnasetihendaja-rp-i12-10-5kn\/\" \/>\n<meta property=\"og:site_name\" content=\"Ranoja\" \/>\n<meta property=\"article:publisher\" content=\"https:\/\/www.facebook.com\/ranoja.ee\" \/>\n<meta property=\"article:modified_time\" content=\"2026-02-05T13:02:56+00:00\" \/>\n<meta property=\"og:image\" content=\"https:\/\/ranoja.ee\/wp-content\/uploads\/2026\/02\/Lumag-pinnasetihendaja-Rpi-12-10.5kN-2.png\" \/>\n\t<meta property=\"og:image:width\" content=\"1500\" \/>\n\t<meta property=\"og:image:height\" content=\"1500\" \/>\n\t<meta property=\"og:image:type\" content=\"image\/png\" \/>\n<meta name=\"twitter:card\" content=\"summary_large_image\" \/>\n<meta name=\"twitter:label1\" content=\"Est. reading time\" \/>\n\t<meta name=\"twitter:data1\" content=\"2 minutes\" \/>\n<script type=\"application\/ld+json\" class=\"yoast-schema-graph\">{\"@context\":\"https:\\\/\\\/schema.org\",\"@graph\":[{\"@type\":\"WebPage\",\"@id\":\"https:\\\/\\\/ranoja.ee\\\/toode\\\/lumag-pinnasetihendaja-rp-i12-10-5kn\\\/\",\"url\":\"https:\\\/\\\/ranoja.ee\\\/toode\\\/lumag-pinnasetihendaja-rp-i12-10-5kn\\\/\",\"name\":\"Lumag pinnasetihendaja RP-i12 (10.5kN)\",\"isPartOf\":{\"@id\":\"https:\\\/\\\/ranoja.ee\\\/#website\"},\"primaryImageOfPage\":{\"@id\":\"https:\\\/\\\/ranoja.ee\\\/toode\\\/lumag-pinnasetihendaja-rp-i12-10-5kn\\\/#primaryimage\"},\"image\":{\"@id\":\"https:\\\/\\\/ranoja.ee\\\/toode\\\/lumag-pinnasetihendaja-rp-i12-10-5kn\\\/#primaryimage\"},\"thumbnailUrl\":\"https:\\\/\\\/ranoja.ee\\\/wp-content\\\/uploads\\\/2026\\\/02\\\/Lumag-pinnasetihendaja-Rpi-12-10.5kN-2.png\",\"datePublished\":\"2026-02-05T10:52:07+00:00\",\"dateModified\":\"2026-02-05T13:02:56+00:00\",\"description\":\"Lumag pinnasetihendaja RP-i12 (10.5kN) Integreeritud vees\u00fcsteem v\u00e4hendab tolmu teket ja aitab v\u00e4ltida asfaldi v\u00f5i teiste materjalide plaadile kinni j\u00e4\u00e4mist\",\"breadcrumb\":{\"@id\":\"https:\\\/\\\/ranoja.ee\\\/toode\\\/lumag-pinnasetihendaja-rp-i12-10-5kn\\\/#breadcrumb\"},\"inLanguage\":\"en-US\",\"potentialAction\":[{\"@type\":\"ReadAction\",\"target\":[\"https:\\\/\\\/ranoja.ee\\\/toode\\\/lumag-pinnasetihendaja-rp-i12-10-5kn\\\/\"]}]},{\"@type\":\"ImageObject\",\"inLanguage\":\"en-US\",\"@id\":\"https:\\\/\\\/ranoja.ee\\\/toode\\\/lumag-pinnasetihendaja-rp-i12-10-5kn\\\/#primaryimage\",\"url\":\"https:\\\/\\\/ranoja.ee\\\/wp-content\\\/uploads\\\/2026\\\/02\\\/Lumag-pinnasetihendaja-Rpi-12-10.5kN-2.png\",\"contentUrl\":\"https:\\\/\\\/ranoja.ee\\\/wp-content\\\/uploads\\\/2026\\\/02\\\/Lumag-pinnasetihendaja-Rpi-12-10.5kN-2.png\",\"width\":1500,\"height\":1500,\"caption\":\"Lumag pinnasetihendaja Rpi 12 (10.5kN)\"},{\"@type\":\"BreadcrumbList\",\"@id\":\"https:\\\/\\\/ranoja.ee\\\/toode\\\/lumag-pinnasetihendaja-rp-i12-10-5kn\\\/#breadcrumb\",\"itemListElement\":[{\"@type\":\"ListItem\",\"position\":1,\"name\":\"Home\",\"item\":\"https:\\\/\\\/ranoja.ee\\\/\"},{\"@type\":\"ListItem\",\"position\":2,\"name\":\"Shop\",\"item\":\"https:\\\/\\\/ranoja.ee\\\/en\\\/shop\\\/\"},{\"@type\":\"ListItem\",\"position\":3,\"name\":\"Lumag pinnasetihendaja RP-i12 (10.5kN)\"}]},{\"@type\":\"WebSite\",\"@id\":\"https:\\\/\\\/ranoja.ee\\\/#website\",\"url\":\"https:\\\/\\\/ranoja.ee\\\/\",\"name\":\"Ranoja\",\"description\":\"Equipment Shop WooCommerce WordPress Theme for Machine &amp; Tools\",\"publisher\":{\"@id\":\"https:\\\/\\\/ranoja.ee\\\/#organization\"},\"potentialAction\":[{\"@type\":\"SearchAction\",\"target\":{\"@type\":\"EntryPoint\",\"urlTemplate\":\"https:\\\/\\\/ranoja.ee\\\/?s={search_term_string}\"},\"query-input\":{\"@type\":\"PropertyValueSpecification\",\"valueRequired\":true,\"valueName\":\"search_term_string\"}}],\"inLanguage\":\"en-US\"},{\"@type\":\"Organization\",\"@id\":\"https:\\\/\\\/ranoja.ee\\\/#organization\",\"name\":\"Ranoja O\u00dc\",\"url\":\"https:\\\/\\\/ranoja.ee\\\/\",\"logo\":{\"@type\":\"ImageObject\",\"inLanguage\":\"en-US\",\"@id\":\"https:\\\/\\\/ranoja.ee\\\/#\\\/schema\\\/logo\\\/image\\\/\",\"url\":\"https:\\\/\\\/ranoja.ee\\\/wp-content\\\/uploads\\\/2023\\\/11\\\/ranoja-Logo.png\",\"contentUrl\":\"https:\\\/\\\/ranoja.ee\\\/wp-content\\\/uploads\\\/2023\\\/11\\\/ranoja-Logo.png\",\"width\":207,\"height\":58,\"caption\":\"Ranoja O\u00dc\"},\"image\":{\"@id\":\"https:\\\/\\\/ranoja.ee\\\/#\\\/schema\\\/logo\\\/image\\\/\"},\"sameAs\":[\"https:\\\/\\\/www.facebook.com\\\/ranoja.ee\",\"https:\\\/\\\/www.instagram.com\\\/ranoja__\\\/\"]}]}<\/script>\n<!-- \/ Yoast SEO plugin. -->","yoast_head_json":{"title":"Lumag pinnasetihendaja RP-i12 (10.5kN)","description":"Lumag pinnasetihendaja RP-i12 (10.5kN) Integreeritud vees\u00fcsteem v\u00e4hendab tolmu teket ja aitab v\u00e4ltida asfaldi v\u00f5i teiste materjalide plaadile kinni j\u00e4\u00e4mist","robots":{"index":"index","follow":"follow","max-snippet":"max-snippet:-1","max-image-preview":"max-image-preview:large","max-video-preview":"max-video-preview:-1"},"canonical":"https:\/\/ranoja.ee\/toode\/lumag-pinnasetihendaja-rp-i12-10-5kn\/","og_locale":"en_US","og_type":"article","og_title":"Lumag pinnasetihendaja RP-i12 (10.5kN)","og_description":"Lumag pinnasetihendaja RP-i12 (10.5kN) Integreeritud vees\u00fcsteem v\u00e4hendab tolmu teket ja aitab v\u00e4ltida asfaldi v\u00f5i teiste materjalide plaadile kinni j\u00e4\u00e4mist","og_url":"https:\/\/ranoja.ee\/toode\/lumag-pinnasetihendaja-rp-i12-10-5kn\/","og_site_name":"Ranoja","article_publisher":"https:\/\/www.facebook.com\/ranoja.ee","article_modified_time":"2026-02-05T13:02:56+00:00","og_image":[{"width":1500,"height":1500,"url":"https:\/\/ranoja.ee\/wp-content\/uploads\/2026\/02\/Lumag-pinnasetihendaja-Rpi-12-10.5kN-2.png","type":"image\/png"}],"twitter_card":"summary_large_image","twitter_misc":{"Est. reading time":"2 minutes"},"schema":{"@context":"https:\/\/schema.org","@graph":[{"@type":"WebPage","@id":"https:\/\/ranoja.ee\/toode\/lumag-pinnasetihendaja-rp-i12-10-5kn\/","url":"https:\/\/ranoja.ee\/toode\/lumag-pinnasetihendaja-rp-i12-10-5kn\/","name":"Lumag pinnasetihendaja RP-i12 (10.5kN)","isPartOf":{"@id":"https:\/\/ranoja.ee\/#website"},"primaryImageOfPage":{"@id":"https:\/\/ranoja.ee\/toode\/lumag-pinnasetihendaja-rp-i12-10-5kn\/#primaryimage"},"image":{"@id":"https:\/\/ranoja.ee\/toode\/lumag-pinnasetihendaja-rp-i12-10-5kn\/#primaryimage"},"thumbnailUrl":"https:\/\/ranoja.ee\/wp-content\/uploads\/2026\/02\/Lumag-pinnasetihendaja-Rpi-12-10.5kN-2.png","datePublished":"2026-02-05T10:52:07+00:00","dateModified":"2026-02-05T13:02:56+00:00","description":"Lumag pinnasetihendaja RP-i12 (10.5kN) Integreeritud vees\u00fcsteem v\u00e4hendab tolmu teket ja aitab v\u00e4ltida asfaldi v\u00f5i teiste materjalide plaadile kinni j\u00e4\u00e4mist","breadcrumb":{"@id":"https:\/\/ranoja.ee\/toode\/lumag-pinnasetihendaja-rp-i12-10-5kn\/#breadcrumb"},"inLanguage":"en-US","potentialAction":[{"@type":"ReadAction","target":["https:\/\/ranoja.ee\/toode\/lumag-pinnasetihendaja-rp-i12-10-5kn\/"]}]},{"@type":"ImageObject","inLanguage":"en-US","@id":"https:\/\/ranoja.ee\/toode\/lumag-pinnasetihendaja-rp-i12-10-5kn\/#primaryimage","url":"https:\/\/ranoja.ee\/wp-content\/uploads\/2026\/02\/Lumag-pinnasetihendaja-Rpi-12-10.5kN-2.png","contentUrl":"https:\/\/ranoja.ee\/wp-content\/uploads\/2026\/02\/Lumag-pinnasetihendaja-Rpi-12-10.5kN-2.png","width":1500,"height":1500,"caption":"Lumag pinnasetihendaja Rpi 12 (10.5kN)"},{"@type":"BreadcrumbList","@id":"https:\/\/ranoja.ee\/toode\/lumag-pinnasetihendaja-rp-i12-10-5kn\/#breadcrumb","itemListElement":[{"@type":"ListItem","position":1,"name":"Home","item":"https:\/\/ranoja.ee\/"},{"@type":"ListItem","position":2,"name":"Shop","item":"https:\/\/ranoja.ee\/en\/shop\/"},{"@type":"ListItem","position":3,"name":"Lumag pinnasetihendaja RP-i12 (10.5kN)"}]},{"@type":"WebSite","@id":"https:\/\/ranoja.ee\/#website","url":"https:\/\/ranoja.ee\/","name":"Ranoja","description":"Equipment Shop WooCommerce WordPress Theme for Machine &amp; Tools","publisher":{"@id":"https:\/\/ranoja.ee\/#organization"},"potentialAction":[{"@type":"SearchAction","target":{"@type":"EntryPoint","urlTemplate":"https:\/\/ranoja.ee\/?s={search_term_string}"},"query-input":{"@type":"PropertyValueSpecification","valueRequired":true,"valueName":"search_term_string"}}],"inLanguage":"en-US"},{"@type":"Organization","@id":"https:\/\/ranoja.ee\/#organization","name":"Ranoja O\u00dc","url":"https:\/\/ranoja.ee\/","logo":{"@type":"ImageObject","inLanguage":"en-US","@id":"https:\/\/ranoja.ee\/#\/schema\/logo\/image\/","url":"https:\/\/ranoja.ee\/wp-content\/uploads\/2023\/11\/ranoja-Logo.png","contentUrl":"https:\/\/ranoja.ee\/wp-content\/uploads\/2023\/11\/ranoja-Logo.png","width":207,"height":58,"caption":"Ranoja O\u00dc"},"image":{"@id":"https:\/\/ranoja.ee\/#\/schema\/logo\/image\/"},"sameAs":["https:\/\/www.facebook.com\/ranoja.ee","https:\/\/www.instagram.com\/ranoja__\/"]}]}},"_links":{"self":[{"href":"https:\/\/ranoja.ee\/en\/wp-json\/wp\/v2\/product\/29745","targetHints":{"allow":["GET"]}}],"collection":[{"href":"https:\/\/ranoja.ee\/en\/wp-json\/wp\/v2\/product"}],"about":[{"href":"https:\/\/ranoja.ee\/en\/wp-json\/wp\/v2\/types\/product"}],"wp:featuredmedia":[{"embeddable":true,"href":"https:\/\/ranoja.ee\/en\/wp-json\/wp\/v2\/media\/29748"}],"wp:attachment":[{"href":"https:\/\/ranoja.ee\/en\/wp-json\/wp\/v2\/media?parent=29745"}],"wp:term":[{"taxonomy":"product_cat","embeddable":true,"href":"https:\/\/ranoja.ee\/en\/wp-json\/wp\/v2\/product_cat?post=29745"},{"taxonomy":"product_tag","embeddable":true,"href":"https:\/\/ranoja.ee\/en\/wp-json\/wp\/v2\/product_tag?post=29745"}],"curies":[{"name":"wp","href":"https:\/\/api.w.org\/{rel}","templated":true}]}}