{"id":29717,"date":"2026-02-05T12:12:40","date_gmt":"2026-02-05T09:12:40","guid":{"rendered":"https:\/\/ranoja.ee\/?post_type=product&#038;p=29717"},"modified":"2026-02-05T13:44:24","modified_gmt":"2026-02-05T10:44:24","slug":"lumag-pinnasetihendaja-rp-1100-pro-15kn","status":"publish","type":"product","link":"https:\/\/ranoja.ee\/en\/toode\/lumag-pinnasetihendaja-rp-1100-pro-15kn\/","title":{"rendered":"Lumag pinnasetihendaja RP-1100 PRO (15kN)"},"content":{"rendered":"<p>Lumag pinnasetihendaja RP-1100 PRO (15kN)<\/p>\n<p>RP1100 PRO on t\u00f5hus bensiinimootoriga pinnasetihendaja, mida kasutatakse erinevate pinnaste ja materjalide tihendamisel. Kasutusala h\u00f5lmab eelk\u00f5ige pinnase, kruusa, liiva ja muude materjalide tihendamist enne asfaltimist v\u00f5i betoneerimist. K\u00f5nniteede, terrasside ja parkimisalade ettevalmistust ning v\u00e4iksemahulisi haljastust\u00f6id v\u00f5i tee\u00e4\u00e4rseid remondit\u00f6id. See seade sobib eriti h\u00e4sti p\u00f5randate ettevalmistuseks, k\u00f5nniteede, sisses\u00f5iduteede, \u00f5uealade ja terrasside aluspinna tihendamiseks ning ka paveeringu l\u00f5ppt\u00f6\u00f6deks. Kus on vaja stabiilset ja tihedat pinnast enne edasist paigaldust. <\/p>\n<p>Seadme j\u00f5uallikaks on 1-silindriline 4-taktiline bensiinimootor Loncin G200F, mille v\u00f5imsus on umbes 4.8 kW ja k\u00fctusepaagi maht 3.6 liitrit. See annab piisava j\u00f5u ja t\u00f6\u00f6aja suuremahulisteks tihendamist\u00f6\u00f6deks. RP1100 PRO omab 440 mm t\u00f6\u00f6laiust ja 570 mm pikkust alusplaati, mis v\u00f5imaldab efektiivselt katta pindasid. Tihendusj\u00f5ud ehk tsentrifugaalj\u00f5ud on 15 kN, tuginedes umbes 70 Hz sagedusel ja 4 200 vibratsioonisolendile minutis. See aitab saavutada kuni umbes 30 cm s\u00fcgavust kompaktimist ja efektiivset pinnase stabiliseerimist ehk tihendamist.<\/p>\n<p>Masin on t\u00f6\u00f6kindel ja vastupidav, varustatud kaitseraamiga, mis kaitseb mootorit ja ajamiosasid. Kokkupandava juhthaaratsi ja amortiseeritud k\u00e4epidemetega, mis v\u00e4hendavad operaatori v\u00e4simust ning lihtsustavad seadme transporti ja hoiustamist. Komplektis on sageli ka kummipadi ja transpordirattad, et kaitsta tundlikumaid pinnasid ja teha liigutamine mugavamaks.<\/p>\n<p>Lumag pinnasetihendaja RP-1100 PRO (15kN)<\/p>\n","protected":false},"excerpt":{"rendered":"<p>Lumag pinnasetihendaja RP-1100 PRO (15kN)<br \/>\nMootor: 1-silindriline 4-taktiline bensiinimootor<br \/>\nBensiinipaagi maht: 3.6 l<br \/>\nMootori v\u00f5imsus: 4.8 kW<br \/>\nAlusplaadi pikkus: 570 mm<br \/>\nAlusplaadi laius: 440 mm<br \/>\nSagedus: 70 Hz<br \/>\nTampimisj\u00f5ud: 15 kN<br \/>\nPinna j\u00f5udlus: 416 m\u00b2\/h<br \/>\nMaksimaalne s\u00f6\u00f6tmine: 15\u201320 m\/min<br \/>\nTihendusl\u00f6\u00f6gid: 4200 l\u00f6\u00f6ki minutis<br \/>\nTihenduss\u00fcgavus: 30 cm<br \/>\nMootori maksimaalne lubatud kalle: 20\u00b0<br \/>\nHeliv\u00f5imsustase LWA: 108 dB (A)<br \/>\nTootja: Lumag<br \/>\nMudel: RP-1100 PRO<br \/>\nTootekood: RP 1100 PRO<br \/>\nKaal: 95 kg<br \/>\n<strong>Eeldatav tarneaeg 2-3 n\u00e4dalat<\/strong><br \/>\n[embed]https:\/\/youtu.be\/TG1_2QM_C0o?si=Wdp7WcFj6MYi0gPz[\/embed]  <\/p>\n","protected":false},"featured_media":29728,"template":"","meta":{"inline_featured_image":false},"product_cat":[1090,96],"product_tag":[134,1256,3462,161,3459,3458],"class_list":{"0":"post-29717","1":"product","2":"type-product","3":"status-publish","4":"has-post-thumbnail","6":"product_brand-lumag","7":"product_cat-ehitustehnika","8":"product_cat-pinnasetihendajad","9":"product_tag-lumag","10":"product_tag-lumag-pinnasetihendaja","11":"product_tag-lumag-pinnasetihendaja-rp-1100-pro-15kn","12":"product_tag-pinnasetihendaja","13":"product_tag-rp-1100-pro","14":"product_tag-rp1100-pro","16":"first","17":"onbackorder","18":"taxable","19":"shipping-taxable","20":"purchasable","21":"product-type-simple"},"yoast_head":"<!-- This site is optimized with the Yoast SEO plugin v27.4 - https:\/\/yoast.com\/product\/yoast-seo-wordpress\/ -->\n<title>Lumag pinnasetihendaja RP-1100 PRO (15kN)<\/title>\n<meta name=\"description\" content=\"Lumag pinnasetihendaja RP-1100 PRO (15kN) Seadme j\u00f5uallikaks on 1-silindriline 4-taktiline bensiinimootor Loncin G200F, mille v\u00f5imsus on umbes 4.8 kW.\" \/>\n<meta name=\"robots\" content=\"index, follow, max-snippet:-1, max-image-preview:large, max-video-preview:-1\" \/>\n<link rel=\"canonical\" href=\"https:\/\/ranoja.ee\/toode\/lumag-pinnasetihendaja-rp-1100-pro-15kn\/\" \/>\n<meta property=\"og:locale\" content=\"en_US\" \/>\n<meta property=\"og:type\" content=\"article\" \/>\n<meta property=\"og:title\" content=\"Lumag pinnasetihendaja RP-1100 PRO (15kN)\" \/>\n<meta property=\"og:description\" content=\"Lumag pinnasetihendaja RP-1100 PRO (15kN) Seadme j\u00f5uallikaks on 1-silindriline 4-taktiline bensiinimootor Loncin G200F, mille v\u00f5imsus on umbes 4.8 kW.\" \/>\n<meta property=\"og:url\" content=\"https:\/\/ranoja.ee\/toode\/lumag-pinnasetihendaja-rp-1100-pro-15kn\/\" \/>\n<meta property=\"og:site_name\" content=\"Ranoja\" \/>\n<meta property=\"article:publisher\" content=\"https:\/\/www.facebook.com\/ranoja.ee\" \/>\n<meta property=\"article:modified_time\" content=\"2026-02-05T10:44:24+00:00\" \/>\n<meta property=\"og:image\" content=\"https:\/\/ranoja.ee\/wp-content\/uploads\/2026\/02\/Lumag-pinnasetihendaja-RP1100-PRO.png\" \/>\n\t<meta property=\"og:image:width\" content=\"1500\" \/>\n\t<meta property=\"og:image:height\" content=\"1500\" \/>\n\t<meta property=\"og:image:type\" content=\"image\/png\" \/>\n<meta name=\"twitter:card\" content=\"summary_large_image\" \/>\n<meta name=\"twitter:label1\" content=\"Est. reading time\" \/>\n\t<meta name=\"twitter:data1\" content=\"2 minutes\" \/>\n<script type=\"application\/ld+json\" class=\"yoast-schema-graph\">{\"@context\":\"https:\\\/\\\/schema.org\",\"@graph\":[{\"@type\":\"WebPage\",\"@id\":\"https:\\\/\\\/ranoja.ee\\\/toode\\\/lumag-pinnasetihendaja-rp-1100-pro-15kn\\\/\",\"url\":\"https:\\\/\\\/ranoja.ee\\\/toode\\\/lumag-pinnasetihendaja-rp-1100-pro-15kn\\\/\",\"name\":\"Lumag pinnasetihendaja RP-1100 PRO (15kN)\",\"isPartOf\":{\"@id\":\"https:\\\/\\\/ranoja.ee\\\/#website\"},\"primaryImageOfPage\":{\"@id\":\"https:\\\/\\\/ranoja.ee\\\/toode\\\/lumag-pinnasetihendaja-rp-1100-pro-15kn\\\/#primaryimage\"},\"image\":{\"@id\":\"https:\\\/\\\/ranoja.ee\\\/toode\\\/lumag-pinnasetihendaja-rp-1100-pro-15kn\\\/#primaryimage\"},\"thumbnailUrl\":\"https:\\\/\\\/ranoja.ee\\\/wp-content\\\/uploads\\\/2026\\\/02\\\/Lumag-pinnasetihendaja-RP1100-PRO.png\",\"datePublished\":\"2026-02-05T09:12:40+00:00\",\"dateModified\":\"2026-02-05T10:44:24+00:00\",\"description\":\"Lumag pinnasetihendaja RP-1100 PRO (15kN) Seadme j\u00f5uallikaks on 1-silindriline 4-taktiline bensiinimootor Loncin G200F, mille v\u00f5imsus on umbes 4.8 kW.\",\"breadcrumb\":{\"@id\":\"https:\\\/\\\/ranoja.ee\\\/toode\\\/lumag-pinnasetihendaja-rp-1100-pro-15kn\\\/#breadcrumb\"},\"inLanguage\":\"en-US\",\"potentialAction\":[{\"@type\":\"ReadAction\",\"target\":[\"https:\\\/\\\/ranoja.ee\\\/toode\\\/lumag-pinnasetihendaja-rp-1100-pro-15kn\\\/\"]}]},{\"@type\":\"ImageObject\",\"inLanguage\":\"en-US\",\"@id\":\"https:\\\/\\\/ranoja.ee\\\/toode\\\/lumag-pinnasetihendaja-rp-1100-pro-15kn\\\/#primaryimage\",\"url\":\"https:\\\/\\\/ranoja.ee\\\/wp-content\\\/uploads\\\/2026\\\/02\\\/Lumag-pinnasetihendaja-RP1100-PRO.png\",\"contentUrl\":\"https:\\\/\\\/ranoja.ee\\\/wp-content\\\/uploads\\\/2026\\\/02\\\/Lumag-pinnasetihendaja-RP1100-PRO.png\",\"width\":1500,\"height\":1500,\"caption\":\"Lumag pinnasetihendaja RP1100 PRO\"},{\"@type\":\"BreadcrumbList\",\"@id\":\"https:\\\/\\\/ranoja.ee\\\/toode\\\/lumag-pinnasetihendaja-rp-1100-pro-15kn\\\/#breadcrumb\",\"itemListElement\":[{\"@type\":\"ListItem\",\"position\":1,\"name\":\"Home\",\"item\":\"https:\\\/\\\/ranoja.ee\\\/\"},{\"@type\":\"ListItem\",\"position\":2,\"name\":\"Shop\",\"item\":\"https:\\\/\\\/ranoja.ee\\\/en\\\/shop\\\/\"},{\"@type\":\"ListItem\",\"position\":3,\"name\":\"Lumag pinnasetihendaja RP-1100 PRO (15kN)\"}]},{\"@type\":\"WebSite\",\"@id\":\"https:\\\/\\\/ranoja.ee\\\/#website\",\"url\":\"https:\\\/\\\/ranoja.ee\\\/\",\"name\":\"Ranoja\",\"description\":\"Equipment Shop WooCommerce WordPress Theme for Machine &amp; Tools\",\"publisher\":{\"@id\":\"https:\\\/\\\/ranoja.ee\\\/#organization\"},\"potentialAction\":[{\"@type\":\"SearchAction\",\"target\":{\"@type\":\"EntryPoint\",\"urlTemplate\":\"https:\\\/\\\/ranoja.ee\\\/?s={search_term_string}\"},\"query-input\":{\"@type\":\"PropertyValueSpecification\",\"valueRequired\":true,\"valueName\":\"search_term_string\"}}],\"inLanguage\":\"en-US\"},{\"@type\":\"Organization\",\"@id\":\"https:\\\/\\\/ranoja.ee\\\/#organization\",\"name\":\"Ranoja O\u00dc\",\"url\":\"https:\\\/\\\/ranoja.ee\\\/\",\"logo\":{\"@type\":\"ImageObject\",\"inLanguage\":\"en-US\",\"@id\":\"https:\\\/\\\/ranoja.ee\\\/#\\\/schema\\\/logo\\\/image\\\/\",\"url\":\"https:\\\/\\\/ranoja.ee\\\/wp-content\\\/uploads\\\/2023\\\/11\\\/ranoja-Logo.png\",\"contentUrl\":\"https:\\\/\\\/ranoja.ee\\\/wp-content\\\/uploads\\\/2023\\\/11\\\/ranoja-Logo.png\",\"width\":207,\"height\":58,\"caption\":\"Ranoja O\u00dc\"},\"image\":{\"@id\":\"https:\\\/\\\/ranoja.ee\\\/#\\\/schema\\\/logo\\\/image\\\/\"},\"sameAs\":[\"https:\\\/\\\/www.facebook.com\\\/ranoja.ee\",\"https:\\\/\\\/www.instagram.com\\\/ranoja__\\\/\"]}]}<\/script>\n<!-- \/ Yoast SEO plugin. -->","yoast_head_json":{"title":"Lumag pinnasetihendaja RP-1100 PRO (15kN)","description":"Lumag pinnasetihendaja RP-1100 PRO (15kN) Seadme j\u00f5uallikaks on 1-silindriline 4-taktiline bensiinimootor Loncin G200F, mille v\u00f5imsus on umbes 4.8 kW.","robots":{"index":"index","follow":"follow","max-snippet":"max-snippet:-1","max-image-preview":"max-image-preview:large","max-video-preview":"max-video-preview:-1"},"canonical":"https:\/\/ranoja.ee\/toode\/lumag-pinnasetihendaja-rp-1100-pro-15kn\/","og_locale":"en_US","og_type":"article","og_title":"Lumag pinnasetihendaja RP-1100 PRO (15kN)","og_description":"Lumag pinnasetihendaja RP-1100 PRO (15kN) Seadme j\u00f5uallikaks on 1-silindriline 4-taktiline bensiinimootor Loncin G200F, mille v\u00f5imsus on umbes 4.8 kW.","og_url":"https:\/\/ranoja.ee\/toode\/lumag-pinnasetihendaja-rp-1100-pro-15kn\/","og_site_name":"Ranoja","article_publisher":"https:\/\/www.facebook.com\/ranoja.ee","article_modified_time":"2026-02-05T10:44:24+00:00","og_image":[{"width":1500,"height":1500,"url":"https:\/\/ranoja.ee\/wp-content\/uploads\/2026\/02\/Lumag-pinnasetihendaja-RP1100-PRO.png","type":"image\/png"}],"twitter_card":"summary_large_image","twitter_misc":{"Est. reading time":"2 minutes"},"schema":{"@context":"https:\/\/schema.org","@graph":[{"@type":"WebPage","@id":"https:\/\/ranoja.ee\/toode\/lumag-pinnasetihendaja-rp-1100-pro-15kn\/","url":"https:\/\/ranoja.ee\/toode\/lumag-pinnasetihendaja-rp-1100-pro-15kn\/","name":"Lumag pinnasetihendaja RP-1100 PRO (15kN)","isPartOf":{"@id":"https:\/\/ranoja.ee\/#website"},"primaryImageOfPage":{"@id":"https:\/\/ranoja.ee\/toode\/lumag-pinnasetihendaja-rp-1100-pro-15kn\/#primaryimage"},"image":{"@id":"https:\/\/ranoja.ee\/toode\/lumag-pinnasetihendaja-rp-1100-pro-15kn\/#primaryimage"},"thumbnailUrl":"https:\/\/ranoja.ee\/wp-content\/uploads\/2026\/02\/Lumag-pinnasetihendaja-RP1100-PRO.png","datePublished":"2026-02-05T09:12:40+00:00","dateModified":"2026-02-05T10:44:24+00:00","description":"Lumag pinnasetihendaja RP-1100 PRO (15kN) Seadme j\u00f5uallikaks on 1-silindriline 4-taktiline bensiinimootor Loncin G200F, mille v\u00f5imsus on umbes 4.8 kW.","breadcrumb":{"@id":"https:\/\/ranoja.ee\/toode\/lumag-pinnasetihendaja-rp-1100-pro-15kn\/#breadcrumb"},"inLanguage":"en-US","potentialAction":[{"@type":"ReadAction","target":["https:\/\/ranoja.ee\/toode\/lumag-pinnasetihendaja-rp-1100-pro-15kn\/"]}]},{"@type":"ImageObject","inLanguage":"en-US","@id":"https:\/\/ranoja.ee\/toode\/lumag-pinnasetihendaja-rp-1100-pro-15kn\/#primaryimage","url":"https:\/\/ranoja.ee\/wp-content\/uploads\/2026\/02\/Lumag-pinnasetihendaja-RP1100-PRO.png","contentUrl":"https:\/\/ranoja.ee\/wp-content\/uploads\/2026\/02\/Lumag-pinnasetihendaja-RP1100-PRO.png","width":1500,"height":1500,"caption":"Lumag pinnasetihendaja RP1100 PRO"},{"@type":"BreadcrumbList","@id":"https:\/\/ranoja.ee\/toode\/lumag-pinnasetihendaja-rp-1100-pro-15kn\/#breadcrumb","itemListElement":[{"@type":"ListItem","position":1,"name":"Home","item":"https:\/\/ranoja.ee\/"},{"@type":"ListItem","position":2,"name":"Shop","item":"https:\/\/ranoja.ee\/en\/shop\/"},{"@type":"ListItem","position":3,"name":"Lumag pinnasetihendaja RP-1100 PRO (15kN)"}]},{"@type":"WebSite","@id":"https:\/\/ranoja.ee\/#website","url":"https:\/\/ranoja.ee\/","name":"Ranoja","description":"Equipment Shop WooCommerce WordPress Theme for Machine &amp; Tools","publisher":{"@id":"https:\/\/ranoja.ee\/#organization"},"potentialAction":[{"@type":"SearchAction","target":{"@type":"EntryPoint","urlTemplate":"https:\/\/ranoja.ee\/?s={search_term_string}"},"query-input":{"@type":"PropertyValueSpecification","valueRequired":true,"valueName":"search_term_string"}}],"inLanguage":"en-US"},{"@type":"Organization","@id":"https:\/\/ranoja.ee\/#organization","name":"Ranoja O\u00dc","url":"https:\/\/ranoja.ee\/","logo":{"@type":"ImageObject","inLanguage":"en-US","@id":"https:\/\/ranoja.ee\/#\/schema\/logo\/image\/","url":"https:\/\/ranoja.ee\/wp-content\/uploads\/2023\/11\/ranoja-Logo.png","contentUrl":"https:\/\/ranoja.ee\/wp-content\/uploads\/2023\/11\/ranoja-Logo.png","width":207,"height":58,"caption":"Ranoja O\u00dc"},"image":{"@id":"https:\/\/ranoja.ee\/#\/schema\/logo\/image\/"},"sameAs":["https:\/\/www.facebook.com\/ranoja.ee","https:\/\/www.instagram.com\/ranoja__\/"]}]}},"_links":{"self":[{"href":"https:\/\/ranoja.ee\/en\/wp-json\/wp\/v2\/product\/29717","targetHints":{"allow":["GET"]}}],"collection":[{"href":"https:\/\/ranoja.ee\/en\/wp-json\/wp\/v2\/product"}],"about":[{"href":"https:\/\/ranoja.ee\/en\/wp-json\/wp\/v2\/types\/product"}],"wp:featuredmedia":[{"embeddable":true,"href":"https:\/\/ranoja.ee\/en\/wp-json\/wp\/v2\/media\/29728"}],"wp:attachment":[{"href":"https:\/\/ranoja.ee\/en\/wp-json\/wp\/v2\/media?parent=29717"}],"wp:term":[{"taxonomy":"product_cat","embeddable":true,"href":"https:\/\/ranoja.ee\/en\/wp-json\/wp\/v2\/product_cat?post=29717"},{"taxonomy":"product_tag","embeddable":true,"href":"https:\/\/ranoja.ee\/en\/wp-json\/wp\/v2\/product_tag?post=29717"}],"curies":[{"name":"wp","href":"https:\/\/api.w.org\/{rel}","templated":true}]}}