{"id":29708,"date":"2026-02-05T10:44:15","date_gmt":"2026-02-05T07:44:15","guid":{"rendered":"https:\/\/ranoja.ee\/?post_type=product&#038;p=29708"},"modified":"2026-02-05T11:12:31","modified_gmt":"2026-02-05T08:12:31","slug":"lumag-pinnasetihendaja-rammer-lvs-30gx","status":"publish","type":"product","link":"https:\/\/ranoja.ee\/en\/toode\/lumag-pinnasetihendaja-rammer-lvs-30gx\/","title":{"rendered":"Lumag pinnasetihendaja\/rammer LVS-30GX"},"content":{"rendered":"<p>Lumag pinnasetihendaja\/rammer LVS-30GX<\/p>\n<p>Pinnasetihendaja LVS-30GX on tugev ja t\u00f6\u00f6kindel abivahend, mis aitab t\u00f6\u00f6de k\u00e4igus saavutada kvaliteetse ja vastupidava aluse ning kiirendab edasisi ehitusetappe. See seade sobib h\u00e4sti trasside, kraavide ja fundamentide ettevalmistamiseks, samuti asfaldi, kruusa v\u00f5i muude lahtiste materjalide tihendamiseks, kus on vaja saavutada tugev ja stabiilne alus enne edasisi ehitust\u00f6id v\u00f5i pinnakatte paigaldust. Kasutusala h\u00f5lmab eelk\u00f5ige maa-aluste kraavide ja trasside ettevalmistamist torude v\u00f5i kaablite paigaldamiseks. <\/p>\n<p>Seadme ajamiks on v\u00f5imas 1-silindriline 4-taktiline bensiinimootor LC165F-3H, mille v\u00f5imsus on umbes 3.2 kW ja t\u00f6\u00f6maht 149 cm\u00b3. Bensiinimootori kasutamine annab kompaktsele masinale piisava j\u00f5u suruda pinnast t\u00f5husalt kokku ja liikumisvabaduse ilma elektriv\u00f5rku vajaduseta, mis on eriti kasulik v\u00e4lit\u00f6\u00f6del v\u00f5i kohtades, kus vooluta kaablid on ebasobivad.<\/p>\n<p>VS 80S disain on kompaktne ja h\u00e4sti tasakaalustatud, mis v\u00f5imaldab t\u00f6\u00f6tada ka kitsastes v\u00f5i raskesti ligip\u00e4\u00e4setavates kohtades. N\u00e4iteks kraavite servas, seinte l\u00e4hedal v\u00f5i sisses\u00f5iduteede \u00e4\u00e4res. Masin on varustatud vastupidava teraskattega ning transportrattad ja lisak\u00e4epide muudavad selle liigutamise ja hoiustamise lihtsamaks.<\/p>\n<p>T\u00f6\u00f6p\u00f5him\u00f5te p\u00f5hineb rammer-mootori tekitatud vertikaalsetel vibratsioonidel, mis suruvad pinnase plaadi aluse all kokku. V\u00e4hendades t\u00fchimikke ja tagades stabiilse, tiheda aluspinna. Rammuri t\u00f6\u00f6j\u00f5ud on umbes 10 kN, mis t\u00e4hendab, et see suudab efektiivselt tihendada erinevaid materjale.<\/p>\n<p>Lumag pinnasetihendaja\/rammer LVS-30GX<\/p>\n","protected":false},"excerpt":{"rendered":"<p>Lumag pinnasetihendaja\/rammer LVS-30GX<br \/>\nMootor: Honda GX35 1-silindriline 4-taktiline bensiinimootor<br \/>\nMootori v\u00f5imsus: 1.0 kW 7000 p\/min juures<br \/>\nMootori t\u00f6\u00f6maht: 35.8 cm\u00b3<br \/>\nBensiinipaagi maht: 0.63 l<br \/>\nMootori\u00f5li maht: 0.1 l<br \/>\nK\u00e4ivituss\u00fcsteem: Tagasil\u00f6\u00f6gik\u00e4ivitus<br \/>\nTampimisj\u00f5ud: 9.1 kN<br \/>\nSagedus: 10\u201312 Hz<br \/>\nTampimistalla laius: 135 mm<br \/>\nMaksimaalne tampimiskiirus: 790 p\/min<br \/>\nMaksimaalne h\u00fcppek\u00f5rguse k\u00e4ik: 50 mm<br \/>\nHeliv\u00f5imsustase LWA: 108 dB(A)<br \/>\nTootja: Lumag<br \/>\nMudel: LVS-30GX<br \/>\nTootekood: LVS 30GX<br \/>\nKaal: 36 kg<br \/>\n<strong>Eeldatav tarneaeg 2-3 n\u00e4dalat<\/strong><br \/>\n[embed]https:\/\/youtu.be\/_VwzHqO0KJQ?si=UOyYkGho_t4I3EzP[\/embed]<\/p>\n","protected":false},"featured_media":29715,"template":"","meta":{"inline_featured_image":false},"product_cat":[1090,96],"product_tag":[134,1256,3455,3456,3454,339],"class_list":{"0":"post-29708","1":"product","2":"type-product","3":"status-publish","4":"has-post-thumbnail","6":"product_brand-lumag","7":"product_cat-ehitustehnika","8":"product_cat-pinnasetihendajad","9":"product_tag-lumag","10":"product_tag-lumag-pinnasetihendaja","11":"product_tag-lumag-pinnasetihendaja-rammer-lvs-30gx","12":"product_tag-lvs-30gx","13":"product_tag-rammer","14":"product_tag-tamper","16":"first","17":"onbackorder","18":"taxable","19":"shipping-taxable","20":"purchasable","21":"product-type-simple"},"yoast_head":"<!-- This site is optimized with the Yoast SEO plugin v27.4 - https:\/\/yoast.com\/product\/yoast-seo-wordpress\/ -->\n<title>Lumag pinnasetihendaja\/rammer LVS-30GX<\/title>\n<meta name=\"description\" content=\"Lumag pinnasetihendaja\/rammer LVS-30GX Kasutusala h\u00f5lmab eelk\u00f5ige maa-aluste kraavide ja trasside ettevalmistamist torude v\u00f5i kaablite paigaldamiseks.\" \/>\n<meta name=\"robots\" content=\"index, follow, max-snippet:-1, max-image-preview:large, max-video-preview:-1\" \/>\n<link rel=\"canonical\" href=\"https:\/\/ranoja.ee\/toode\/lumag-pinnasetihendaja-rammer-lvs-30gx\/\" \/>\n<meta property=\"og:locale\" content=\"en_US\" \/>\n<meta property=\"og:type\" content=\"article\" \/>\n<meta property=\"og:title\" content=\"Lumag pinnasetihendaja\/rammer LVS-30GX\" \/>\n<meta property=\"og:description\" content=\"Lumag pinnasetihendaja\/rammer LVS-30GX Kasutusala h\u00f5lmab eelk\u00f5ige maa-aluste kraavide ja trasside ettevalmistamist torude v\u00f5i kaablite paigaldamiseks.\" \/>\n<meta property=\"og:url\" content=\"https:\/\/ranoja.ee\/toode\/lumag-pinnasetihendaja-rammer-lvs-30gx\/\" \/>\n<meta property=\"og:site_name\" content=\"Ranoja\" \/>\n<meta property=\"article:publisher\" content=\"https:\/\/www.facebook.com\/ranoja.ee\" \/>\n<meta property=\"article:modified_time\" content=\"2026-02-05T08:12:31+00:00\" \/>\n<meta property=\"og:image\" content=\"https:\/\/ranoja.ee\/wp-content\/uploads\/2026\/02\/Lumag-pinnasetihendaja-rammer-LVS-30GX.png\" \/>\n\t<meta property=\"og:image:width\" content=\"1500\" \/>\n\t<meta property=\"og:image:height\" content=\"1500\" \/>\n\t<meta property=\"og:image:type\" content=\"image\/png\" \/>\n<meta name=\"twitter:card\" content=\"summary_large_image\" \/>\n<meta name=\"twitter:label1\" content=\"Est. reading time\" \/>\n\t<meta name=\"twitter:data1\" content=\"2 minutes\" \/>\n<script type=\"application\/ld+json\" class=\"yoast-schema-graph\">{\"@context\":\"https:\\\/\\\/schema.org\",\"@graph\":[{\"@type\":\"WebPage\",\"@id\":\"https:\\\/\\\/ranoja.ee\\\/toode\\\/lumag-pinnasetihendaja-rammer-lvs-30gx\\\/\",\"url\":\"https:\\\/\\\/ranoja.ee\\\/toode\\\/lumag-pinnasetihendaja-rammer-lvs-30gx\\\/\",\"name\":\"Lumag pinnasetihendaja\\\/rammer LVS-30GX\",\"isPartOf\":{\"@id\":\"https:\\\/\\\/ranoja.ee\\\/#website\"},\"primaryImageOfPage\":{\"@id\":\"https:\\\/\\\/ranoja.ee\\\/toode\\\/lumag-pinnasetihendaja-rammer-lvs-30gx\\\/#primaryimage\"},\"image\":{\"@id\":\"https:\\\/\\\/ranoja.ee\\\/toode\\\/lumag-pinnasetihendaja-rammer-lvs-30gx\\\/#primaryimage\"},\"thumbnailUrl\":\"https:\\\/\\\/ranoja.ee\\\/wp-content\\\/uploads\\\/2026\\\/02\\\/Lumag-pinnasetihendaja-rammer-LVS-30GX.png\",\"datePublished\":\"2026-02-05T07:44:15+00:00\",\"dateModified\":\"2026-02-05T08:12:31+00:00\",\"description\":\"Lumag pinnasetihendaja\\\/rammer LVS-30GX Kasutusala h\u00f5lmab eelk\u00f5ige maa-aluste kraavide ja trasside ettevalmistamist torude v\u00f5i kaablite paigaldamiseks.\",\"breadcrumb\":{\"@id\":\"https:\\\/\\\/ranoja.ee\\\/toode\\\/lumag-pinnasetihendaja-rammer-lvs-30gx\\\/#breadcrumb\"},\"inLanguage\":\"en-US\",\"potentialAction\":[{\"@type\":\"ReadAction\",\"target\":[\"https:\\\/\\\/ranoja.ee\\\/toode\\\/lumag-pinnasetihendaja-rammer-lvs-30gx\\\/\"]}]},{\"@type\":\"ImageObject\",\"inLanguage\":\"en-US\",\"@id\":\"https:\\\/\\\/ranoja.ee\\\/toode\\\/lumag-pinnasetihendaja-rammer-lvs-30gx\\\/#primaryimage\",\"url\":\"https:\\\/\\\/ranoja.ee\\\/wp-content\\\/uploads\\\/2026\\\/02\\\/Lumag-pinnasetihendaja-rammer-LVS-30GX.png\",\"contentUrl\":\"https:\\\/\\\/ranoja.ee\\\/wp-content\\\/uploads\\\/2026\\\/02\\\/Lumag-pinnasetihendaja-rammer-LVS-30GX.png\",\"width\":1500,\"height\":1500,\"caption\":\"Lumag pinnasetihendaja rammer LVS-30GX\"},{\"@type\":\"BreadcrumbList\",\"@id\":\"https:\\\/\\\/ranoja.ee\\\/toode\\\/lumag-pinnasetihendaja-rammer-lvs-30gx\\\/#breadcrumb\",\"itemListElement\":[{\"@type\":\"ListItem\",\"position\":1,\"name\":\"Home\",\"item\":\"https:\\\/\\\/ranoja.ee\\\/\"},{\"@type\":\"ListItem\",\"position\":2,\"name\":\"Shop\",\"item\":\"https:\\\/\\\/ranoja.ee\\\/en\\\/shop\\\/\"},{\"@type\":\"ListItem\",\"position\":3,\"name\":\"Lumag pinnasetihendaja\\\/rammer LVS-30GX\"}]},{\"@type\":\"WebSite\",\"@id\":\"https:\\\/\\\/ranoja.ee\\\/#website\",\"url\":\"https:\\\/\\\/ranoja.ee\\\/\",\"name\":\"Ranoja\",\"description\":\"Equipment Shop WooCommerce WordPress Theme for Machine &amp; Tools\",\"publisher\":{\"@id\":\"https:\\\/\\\/ranoja.ee\\\/#organization\"},\"potentialAction\":[{\"@type\":\"SearchAction\",\"target\":{\"@type\":\"EntryPoint\",\"urlTemplate\":\"https:\\\/\\\/ranoja.ee\\\/?s={search_term_string}\"},\"query-input\":{\"@type\":\"PropertyValueSpecification\",\"valueRequired\":true,\"valueName\":\"search_term_string\"}}],\"inLanguage\":\"en-US\"},{\"@type\":\"Organization\",\"@id\":\"https:\\\/\\\/ranoja.ee\\\/#organization\",\"name\":\"Ranoja O\u00dc\",\"url\":\"https:\\\/\\\/ranoja.ee\\\/\",\"logo\":{\"@type\":\"ImageObject\",\"inLanguage\":\"en-US\",\"@id\":\"https:\\\/\\\/ranoja.ee\\\/#\\\/schema\\\/logo\\\/image\\\/\",\"url\":\"https:\\\/\\\/ranoja.ee\\\/wp-content\\\/uploads\\\/2023\\\/11\\\/ranoja-Logo.png\",\"contentUrl\":\"https:\\\/\\\/ranoja.ee\\\/wp-content\\\/uploads\\\/2023\\\/11\\\/ranoja-Logo.png\",\"width\":207,\"height\":58,\"caption\":\"Ranoja O\u00dc\"},\"image\":{\"@id\":\"https:\\\/\\\/ranoja.ee\\\/#\\\/schema\\\/logo\\\/image\\\/\"},\"sameAs\":[\"https:\\\/\\\/www.facebook.com\\\/ranoja.ee\",\"https:\\\/\\\/www.instagram.com\\\/ranoja__\\\/\"]}]}<\/script>\n<!-- \/ Yoast SEO plugin. -->","yoast_head_json":{"title":"Lumag pinnasetihendaja\/rammer LVS-30GX","description":"Lumag pinnasetihendaja\/rammer LVS-30GX Kasutusala h\u00f5lmab eelk\u00f5ige maa-aluste kraavide ja trasside ettevalmistamist torude v\u00f5i kaablite paigaldamiseks.","robots":{"index":"index","follow":"follow","max-snippet":"max-snippet:-1","max-image-preview":"max-image-preview:large","max-video-preview":"max-video-preview:-1"},"canonical":"https:\/\/ranoja.ee\/toode\/lumag-pinnasetihendaja-rammer-lvs-30gx\/","og_locale":"en_US","og_type":"article","og_title":"Lumag pinnasetihendaja\/rammer LVS-30GX","og_description":"Lumag pinnasetihendaja\/rammer LVS-30GX Kasutusala h\u00f5lmab eelk\u00f5ige maa-aluste kraavide ja trasside ettevalmistamist torude v\u00f5i kaablite paigaldamiseks.","og_url":"https:\/\/ranoja.ee\/toode\/lumag-pinnasetihendaja-rammer-lvs-30gx\/","og_site_name":"Ranoja","article_publisher":"https:\/\/www.facebook.com\/ranoja.ee","article_modified_time":"2026-02-05T08:12:31+00:00","og_image":[{"width":1500,"height":1500,"url":"https:\/\/ranoja.ee\/wp-content\/uploads\/2026\/02\/Lumag-pinnasetihendaja-rammer-LVS-30GX.png","type":"image\/png"}],"twitter_card":"summary_large_image","twitter_misc":{"Est. reading time":"2 minutes"},"schema":{"@context":"https:\/\/schema.org","@graph":[{"@type":"WebPage","@id":"https:\/\/ranoja.ee\/toode\/lumag-pinnasetihendaja-rammer-lvs-30gx\/","url":"https:\/\/ranoja.ee\/toode\/lumag-pinnasetihendaja-rammer-lvs-30gx\/","name":"Lumag pinnasetihendaja\/rammer LVS-30GX","isPartOf":{"@id":"https:\/\/ranoja.ee\/#website"},"primaryImageOfPage":{"@id":"https:\/\/ranoja.ee\/toode\/lumag-pinnasetihendaja-rammer-lvs-30gx\/#primaryimage"},"image":{"@id":"https:\/\/ranoja.ee\/toode\/lumag-pinnasetihendaja-rammer-lvs-30gx\/#primaryimage"},"thumbnailUrl":"https:\/\/ranoja.ee\/wp-content\/uploads\/2026\/02\/Lumag-pinnasetihendaja-rammer-LVS-30GX.png","datePublished":"2026-02-05T07:44:15+00:00","dateModified":"2026-02-05T08:12:31+00:00","description":"Lumag pinnasetihendaja\/rammer LVS-30GX Kasutusala h\u00f5lmab eelk\u00f5ige maa-aluste kraavide ja trasside ettevalmistamist torude v\u00f5i kaablite paigaldamiseks.","breadcrumb":{"@id":"https:\/\/ranoja.ee\/toode\/lumag-pinnasetihendaja-rammer-lvs-30gx\/#breadcrumb"},"inLanguage":"en-US","potentialAction":[{"@type":"ReadAction","target":["https:\/\/ranoja.ee\/toode\/lumag-pinnasetihendaja-rammer-lvs-30gx\/"]}]},{"@type":"ImageObject","inLanguage":"en-US","@id":"https:\/\/ranoja.ee\/toode\/lumag-pinnasetihendaja-rammer-lvs-30gx\/#primaryimage","url":"https:\/\/ranoja.ee\/wp-content\/uploads\/2026\/02\/Lumag-pinnasetihendaja-rammer-LVS-30GX.png","contentUrl":"https:\/\/ranoja.ee\/wp-content\/uploads\/2026\/02\/Lumag-pinnasetihendaja-rammer-LVS-30GX.png","width":1500,"height":1500,"caption":"Lumag pinnasetihendaja rammer LVS-30GX"},{"@type":"BreadcrumbList","@id":"https:\/\/ranoja.ee\/toode\/lumag-pinnasetihendaja-rammer-lvs-30gx\/#breadcrumb","itemListElement":[{"@type":"ListItem","position":1,"name":"Home","item":"https:\/\/ranoja.ee\/"},{"@type":"ListItem","position":2,"name":"Shop","item":"https:\/\/ranoja.ee\/en\/shop\/"},{"@type":"ListItem","position":3,"name":"Lumag pinnasetihendaja\/rammer LVS-30GX"}]},{"@type":"WebSite","@id":"https:\/\/ranoja.ee\/#website","url":"https:\/\/ranoja.ee\/","name":"Ranoja","description":"Equipment Shop WooCommerce WordPress Theme for Machine &amp; Tools","publisher":{"@id":"https:\/\/ranoja.ee\/#organization"},"potentialAction":[{"@type":"SearchAction","target":{"@type":"EntryPoint","urlTemplate":"https:\/\/ranoja.ee\/?s={search_term_string}"},"query-input":{"@type":"PropertyValueSpecification","valueRequired":true,"valueName":"search_term_string"}}],"inLanguage":"en-US"},{"@type":"Organization","@id":"https:\/\/ranoja.ee\/#organization","name":"Ranoja O\u00dc","url":"https:\/\/ranoja.ee\/","logo":{"@type":"ImageObject","inLanguage":"en-US","@id":"https:\/\/ranoja.ee\/#\/schema\/logo\/image\/","url":"https:\/\/ranoja.ee\/wp-content\/uploads\/2023\/11\/ranoja-Logo.png","contentUrl":"https:\/\/ranoja.ee\/wp-content\/uploads\/2023\/11\/ranoja-Logo.png","width":207,"height":58,"caption":"Ranoja O\u00dc"},"image":{"@id":"https:\/\/ranoja.ee\/#\/schema\/logo\/image\/"},"sameAs":["https:\/\/www.facebook.com\/ranoja.ee","https:\/\/www.instagram.com\/ranoja__\/"]}]}},"_links":{"self":[{"href":"https:\/\/ranoja.ee\/en\/wp-json\/wp\/v2\/product\/29708","targetHints":{"allow":["GET"]}}],"collection":[{"href":"https:\/\/ranoja.ee\/en\/wp-json\/wp\/v2\/product"}],"about":[{"href":"https:\/\/ranoja.ee\/en\/wp-json\/wp\/v2\/types\/product"}],"wp:featuredmedia":[{"embeddable":true,"href":"https:\/\/ranoja.ee\/en\/wp-json\/wp\/v2\/media\/29715"}],"wp:attachment":[{"href":"https:\/\/ranoja.ee\/en\/wp-json\/wp\/v2\/media?parent=29708"}],"wp:term":[{"taxonomy":"product_cat","embeddable":true,"href":"https:\/\/ranoja.ee\/en\/wp-json\/wp\/v2\/product_cat?post=29708"},{"taxonomy":"product_tag","embeddable":true,"href":"https:\/\/ranoja.ee\/en\/wp-json\/wp\/v2\/product_tag?post=29708"}],"curies":[{"name":"wp","href":"https:\/\/api.w.org\/{rel}","templated":true}]}}