{"id":2964,"date":"2023-07-05T07:22:07","date_gmt":"2023-07-05T04:22:07","guid":{"rendered":"https:\/\/www.ranoja.ee\/?post_type=product&#038;p=2964"},"modified":"2025-12-10T13:21:34","modified_gmt":"2025-12-10T10:21:34","slug":"akukruvikeeraja-cedid180li-ilma-aku-laadijata","status":"publish","type":"product","link":"https:\/\/ranoja.ee\/en\/toode\/akukruvikeeraja-cedid180li-ilma-aku-laadijata\/","title":{"rendered":"Akukruvikeeraja CEDID180LI (ilma aku\/laadijata)"},"content":{"rendered":"<p>Akukruvikeeraja CEDID180LI (ilma aku\/laadijata)<br \/>\nAkukruvikeerajad on elektrilised t\u00f6\u00f6riistad, mis kasutavad akut energiavarustusena ja on spetsiaalselt m\u00f5eldud kruvide kinnitamiseks ja eemaldamiseks. Neid kasutatakse laialdaselt ehituses ja t\u00f6\u00f6stuses mitmel otstarbel. Siin on m\u00f5ned n\u00e4ited nende kasutusvaldkondadest:<\/p>\n<p>Ehituses:<\/p>\n<p>Kipsplaatide paigaldamine: Kipsplaatide kinnitamine on oluline osa ehitust\u00f6\u00f6dest. Akukruvikeerajad v\u00f5imaldavad kiiret ja t\u00f5husat kipsplaatide kruvimist, mis on vajalik nende turvalise paigaldamise jaoks.<\/p>\n<p>Karkasside ehitamine: Ehitusplatsil tuleb sageli kinnitada puit- v\u00f5i metallkarkasse erinevatele ehituskonstruktsioonidele. Akukruvikeerajad teevad selle \u00fclesande lihtsaks ja kiireks, v\u00f5imaldades karkasside kruvimist ilma liigse vaevata.<\/p>\n<p>Fassaadide ja katuselahenduste paigaldamine: Akukruvikeerajad on hinnatud ka fassaadide ja katuselahenduste paigaldamisel, v\u00f5imaldades kiiret ja t\u00e4pset kruvimist erinevatesse pindadesse.<\/p>\n<p>T\u00f6\u00f6stuses:<\/p>\n<p>Tootmine ja montaa\u017e: T\u00f6\u00f6stuses kasutatakse akukruvikeerajaid sageli tootmises ja montaa\u017eit\u00f6\u00f6del, kus on vaja kiiret ja t\u00e4pset kruvimist erinevatesse materjalidesse, nagu metall, plastik v\u00f5i puit.<\/p>\n<p>Autot\u00f6\u00f6stus: Autotootjad ja remondit\u00f6\u00f6kojad kasutavad akukruvikeerajaid autode kokkupanekuks ja remondiks, v\u00f5imaldades kiiret ja t\u00f5husat kruvimist autode erinevatesse osadesse.<\/p>\n<p>Elektroonikat\u00f6\u00f6stus: Elektroonikat\u00f6\u00f6stuses kasutatakse akukruvikeerajaid v\u00e4ikeste kruvide ja kinnituste kruvimiseks elektroonikaseadmetesse, tagades kiire ja t\u00e4pse t\u00f6\u00f6.<\/p>\n<p>Akukruvikeerajad on v\u00e4ga kasulikud t\u00f6\u00f6riistad, mis muudavad kruvimist\u00f6\u00f6d kiiremaks, lihtsamaks ja v\u00e4hem v\u00e4sitavaks. Neid saab kasutada mitmesugustel ehitus- ja t\u00f6\u00f6stusprojektidel, parandust\u00f6\u00f6del ning kodustes remondi- ja kinnitust\u00f6\u00f6des. Lisaks v\u00f5imaldavad nad suuremat liikuvust ja vabadust, kuna need ei s\u00f5ltu elektriv\u00f5rgust ning saavad t\u00f6\u00f6tada ka v\u00e4ljaspool tavap\u00e4rast t\u00f6\u00f6keskkonda.<br \/>\nAkukruvikeeraja CEDID180LI (ilma aku\/laadijata)<\/p>\n<p>CEDRUS on \u00fcks suurimaid aiandusmasinate, t\u00f6\u00f6riistade ning metsandus tarvikute edasim\u00fc\u00fcjaid Poolas.<br \/>\nMeie eesm\u00e4rk on pakkuda klientidele k\u00f5rgeima kvaliteediga tooteid konkurentsiv\u00f5imeliste hindadega.<br \/>\nAlates 2016. aastast oleme arendanud ka oma kaubam\u00e4rgi all olevat tootesarja Cedrus.<br \/>\nHetkel pakume enam kui 100 t\u00fc\u00fcpi CEDRUS kaubam\u00e4rgi aia- ja ehitusmasinaid, samuti k\u00f5iki hooldustarvikuid ja varuosi.<br \/>\n<img decoding=\"async\" src=\"https:\/\/www.ranoja.ee\/wp-content\/uploads\/2023\/07\/cedrus-logo-vaike-1-300x99.png\" alt=\"\" width=\"300\" height=\"99\" class=\"alignnone size-medium wp-image-5896\" srcset=\"https:\/\/ranoja.ee\/wp-content\/uploads\/2023\/07\/cedrus-logo-vaike-1-300x99.png 300w, https:\/\/ranoja.ee\/wp-content\/uploads\/2023\/07\/cedrus-logo-vaike-1.png 431w\" sizes=\"(max-width: 300px) 100vw, 300px\" \/><\/p>\n","protected":false},"excerpt":{"rendered":"<p>CEDID180LI Akul\u00f6\u00f6kkruvikeeraja\u00a0 \u00bc\u201d HEX (ilma aku\/laadijata)<br \/>\n20V<br \/>\nKiirus 2800rpm \/ 3600 l\u00f6\u00f6ki minutis<br \/>\nJ\u00f5udlus:180Nm<br \/>\nLed valgustus<br \/>\nKaal 1,21kg<br \/>\n<span style=\"color: #000000;\"><strong>Garantii 1 aasta (eraisikule 3 aastat)<\/strong><\/span><br \/>\n<strong><span style=\"color: #339966;\">ANTUD SEADMEGA SAAB TUTVUDA MEIE PAIDE ESINDUSES KOHAPEAL!<\/span><\/strong><\/p>\n<p><span style=\"color: #000000;\"><strong>KASUTA SEDA T\u00d6\u00d6RIISTA OMA <span style=\"color: #339966;\">18V &#8211; MAKITA<\/span>, <span style=\"color: #339966;\">BOSCH<\/span> V\u00d5I <span style=\"color: #339966;\">DEWALT<\/span> AKUGA!<\/strong><\/span><\/p>\n<p><a href=\"https:\/\/www.ranoja.ee\/tootekategooria\/akutooriistad\/vaheadapterid\/\"><img decoding=\"async\" class=\"alignnone wp-image-8608\" src=\"https:\/\/www.ranoja.ee\/wp-content\/uploads\/2024\/04\/Vaheadapter-makita-tooriistadele-300x200.jpg\" alt=\"Vaheadapter cedrus akut\u00f6\u00f6riistadele CEDRAD C-M (Makita)\" width=\"200\" height=\"133\" srcset=\"https:\/\/ranoja.ee\/wp-content\/uploads\/2024\/04\/Vaheadapter-makita-tooriistadele-300x200.jpg 300w, https:\/\/ranoja.ee\/wp-content\/uploads\/2024\/04\/Vaheadapter-makita-tooriistadele-1024x683.jpg 1024w, https:\/\/ranoja.ee\/wp-content\/uploads\/2024\/04\/Vaheadapter-makita-tooriistadele-768x512.jpg 768w, https:\/\/ranoja.ee\/wp-content\/uploads\/2024\/04\/Vaheadapter-makita-tooriistadele-800x533.jpg 800w, https:\/\/ranoja.ee\/wp-content\/uploads\/2024\/04\/Vaheadapter-makita-tooriistadele.jpg 1200w\" sizes=\"(max-width: 200px) 100vw, 200px\" \/><\/a><br \/>\n<span style=\"color: #000000;\"><strong><a style=\"color: #000000;\" href=\"https:\/\/www.ranoja.ee\/tootekategooria\/akutooriistad\/vaheadapterid\/\">Leia endale <span style=\"color: #339966;\">sobiv vaheadapter siit\u2192<\/span><\/a><\/strong><\/span><\/p>\n<p><strong><a href=\"https:\/\/www.ranoja.ee\/tootekategooria\/akutooriistad\/akud-ja-laadijad\/\">T\u00f6\u00f6riistale sobivad <span style=\"color: #339966;\">Cedrus Power + akud ja laadijad leiad siit\u2192<\/span><\/a><\/strong><\/p>\n","protected":false},"featured_media":2965,"template":"","meta":{"inline_featured_image":false},"product_cat":[1137,1094],"product_tag":[186,188,137,187,139],"class_list":{"0":"post-2964","1":"product","2":"type-product","3":"status-publish","4":"has-post-thumbnail","6":"product_brand-cedrus","7":"product_cat-akukruvikeerajad","8":"product_cat-akutooriistad","9":"product_tag-akulookkruvikeeraja","10":"product_tag-cedid180li","11":"product_tag-cedrus","12":"product_tag-kruvikeeraja","13":"product_tag-lookmutrikeeraja","15":"first","16":"instock","17":"taxable","18":"shipping-taxable","19":"purchasable","20":"product-type-simple"},"yoast_head":"<!-- This site is optimized with the Yoast SEO plugin v27.4 - https:\/\/yoast.com\/product\/yoast-seo-wordpress\/ -->\n<title>Akukruvikeeraja CEDID180LI (ilma aku\/laadijata)<\/title>\n<meta name=\"description\" content=\"CEDID180LI Akul\u00f6\u00f6kkruvikeeraja\u00a0 \u00bc\u201d HEX (ilma aku\/laadijata)20VKiirus 2800rpm \/ 3600 l\u00f6\u00f6ki minutis Akukruvikeeraja CEDID180LI (ilma aku\/laadijata)\" \/>\n<meta name=\"robots\" content=\"index, follow, max-snippet:-1, max-image-preview:large, max-video-preview:-1\" \/>\n<link rel=\"canonical\" href=\"https:\/\/ranoja.ee\/toode\/akukruvikeeraja-cedid180li-ilma-aku-laadijata\/\" \/>\n<meta property=\"og:locale\" content=\"en_US\" \/>\n<meta property=\"og:type\" content=\"article\" \/>\n<meta property=\"og:title\" content=\"Akukruvikeeraja CEDID180LI (ilma aku\/laadijata)\" \/>\n<meta property=\"og:description\" content=\"CEDID180LI Akul\u00f6\u00f6kkruvikeeraja\u00a0 \u00bc\u201d HEX (ilma aku\/laadijata)20VKiirus 2800rpm \/ 3600 l\u00f6\u00f6ki minutis Akukruvikeeraja CEDID180LI (ilma aku\/laadijata)\" \/>\n<meta property=\"og:url\" content=\"https:\/\/ranoja.ee\/toode\/akukruvikeeraja-cedid180li-ilma-aku-laadijata\/\" \/>\n<meta property=\"og:site_name\" content=\"Ranoja\" \/>\n<meta property=\"article:publisher\" content=\"https:\/\/www.facebook.com\/ranoja.ee\" \/>\n<meta property=\"article:modified_time\" content=\"2025-12-10T10:21:34+00:00\" \/>\n<meta property=\"og:image\" content=\"https:\/\/ranoja.ee\/wp-content\/uploads\/2023\/07\/Akulookkruvikeeraja-cedid180li.jpg\" \/>\n\t<meta property=\"og:image:width\" content=\"1262\" \/>\n\t<meta property=\"og:image:height\" content=\"1600\" \/>\n\t<meta property=\"og:image:type\" content=\"image\/jpeg\" \/>\n<meta name=\"twitter:card\" content=\"summary_large_image\" \/>\n<meta name=\"twitter:label1\" content=\"Est. reading time\" \/>\n\t<meta name=\"twitter:data1\" content=\"2 minutes\" \/>\n<script type=\"application\/ld+json\" class=\"yoast-schema-graph\">{\"@context\":\"https:\\\/\\\/schema.org\",\"@graph\":[{\"@type\":\"WebPage\",\"@id\":\"https:\\\/\\\/ranoja.ee\\\/toode\\\/akukruvikeeraja-cedid180li-ilma-aku-laadijata\\\/\",\"url\":\"https:\\\/\\\/ranoja.ee\\\/toode\\\/akukruvikeeraja-cedid180li-ilma-aku-laadijata\\\/\",\"name\":\"Akukruvikeeraja CEDID180LI (ilma aku\\\/laadijata)\",\"isPartOf\":{\"@id\":\"https:\\\/\\\/ranoja.ee\\\/#website\"},\"primaryImageOfPage\":{\"@id\":\"https:\\\/\\\/ranoja.ee\\\/toode\\\/akukruvikeeraja-cedid180li-ilma-aku-laadijata\\\/#primaryimage\"},\"image\":{\"@id\":\"https:\\\/\\\/ranoja.ee\\\/toode\\\/akukruvikeeraja-cedid180li-ilma-aku-laadijata\\\/#primaryimage\"},\"thumbnailUrl\":\"https:\\\/\\\/ranoja.ee\\\/wp-content\\\/uploads\\\/2023\\\/07\\\/Akulookkruvikeeraja-cedid180li.jpg\",\"datePublished\":\"2023-07-05T04:22:07+00:00\",\"dateModified\":\"2025-12-10T10:21:34+00:00\",\"description\":\"CEDID180LI Akul\u00f6\u00f6kkruvikeeraja\u00a0 \u00bc\u201d HEX (ilma aku\\\/laadijata)20VKiirus 2800rpm \\\/ 3600 l\u00f6\u00f6ki minutis Akukruvikeeraja CEDID180LI (ilma aku\\\/laadijata)\",\"breadcrumb\":{\"@id\":\"https:\\\/\\\/ranoja.ee\\\/toode\\\/akukruvikeeraja-cedid180li-ilma-aku-laadijata\\\/#breadcrumb\"},\"inLanguage\":\"en-US\",\"potentialAction\":[{\"@type\":\"ReadAction\",\"target\":[\"https:\\\/\\\/ranoja.ee\\\/toode\\\/akukruvikeeraja-cedid180li-ilma-aku-laadijata\\\/\"]}]},{\"@type\":\"ImageObject\",\"inLanguage\":\"en-US\",\"@id\":\"https:\\\/\\\/ranoja.ee\\\/toode\\\/akukruvikeeraja-cedid180li-ilma-aku-laadijata\\\/#primaryimage\",\"url\":\"https:\\\/\\\/ranoja.ee\\\/wp-content\\\/uploads\\\/2023\\\/07\\\/Akulookkruvikeeraja-cedid180li.jpg\",\"contentUrl\":\"https:\\\/\\\/ranoja.ee\\\/wp-content\\\/uploads\\\/2023\\\/07\\\/Akulookkruvikeeraja-cedid180li.jpg\",\"width\":1262,\"height\":1600,\"caption\":\"Akukruvikeeraja CEDID180LI (ilma aku\\\/laadijata) k\u00e4rr\"},{\"@type\":\"BreadcrumbList\",\"@id\":\"https:\\\/\\\/ranoja.ee\\\/toode\\\/akukruvikeeraja-cedid180li-ilma-aku-laadijata\\\/#breadcrumb\",\"itemListElement\":[{\"@type\":\"ListItem\",\"position\":1,\"name\":\"Home\",\"item\":\"https:\\\/\\\/ranoja.ee\\\/\"},{\"@type\":\"ListItem\",\"position\":2,\"name\":\"Shop\",\"item\":\"https:\\\/\\\/ranoja.ee\\\/en\\\/shop\\\/\"},{\"@type\":\"ListItem\",\"position\":3,\"name\":\"Akukruvikeeraja CEDID180LI (ilma aku\\\/laadijata)\"}]},{\"@type\":\"WebSite\",\"@id\":\"https:\\\/\\\/ranoja.ee\\\/#website\",\"url\":\"https:\\\/\\\/ranoja.ee\\\/\",\"name\":\"Ranoja\",\"description\":\"Equipment Shop WooCommerce WordPress Theme for Machine &amp; Tools\",\"publisher\":{\"@id\":\"https:\\\/\\\/ranoja.ee\\\/#organization\"},\"potentialAction\":[{\"@type\":\"SearchAction\",\"target\":{\"@type\":\"EntryPoint\",\"urlTemplate\":\"https:\\\/\\\/ranoja.ee\\\/?s={search_term_string}\"},\"query-input\":{\"@type\":\"PropertyValueSpecification\",\"valueRequired\":true,\"valueName\":\"search_term_string\"}}],\"inLanguage\":\"en-US\"},{\"@type\":\"Organization\",\"@id\":\"https:\\\/\\\/ranoja.ee\\\/#organization\",\"name\":\"Ranoja O\u00dc\",\"url\":\"https:\\\/\\\/ranoja.ee\\\/\",\"logo\":{\"@type\":\"ImageObject\",\"inLanguage\":\"en-US\",\"@id\":\"https:\\\/\\\/ranoja.ee\\\/#\\\/schema\\\/logo\\\/image\\\/\",\"url\":\"https:\\\/\\\/ranoja.ee\\\/wp-content\\\/uploads\\\/2023\\\/11\\\/ranoja-Logo.png\",\"contentUrl\":\"https:\\\/\\\/ranoja.ee\\\/wp-content\\\/uploads\\\/2023\\\/11\\\/ranoja-Logo.png\",\"width\":207,\"height\":58,\"caption\":\"Ranoja O\u00dc\"},\"image\":{\"@id\":\"https:\\\/\\\/ranoja.ee\\\/#\\\/schema\\\/logo\\\/image\\\/\"},\"sameAs\":[\"https:\\\/\\\/www.facebook.com\\\/ranoja.ee\",\"https:\\\/\\\/www.instagram.com\\\/ranoja__\\\/\"]}]}<\/script>\n<!-- \/ Yoast SEO plugin. -->","yoast_head_json":{"title":"Akukruvikeeraja CEDID180LI (ilma aku\/laadijata)","description":"CEDID180LI Akul\u00f6\u00f6kkruvikeeraja\u00a0 \u00bc\u201d HEX (ilma aku\/laadijata)20VKiirus 2800rpm \/ 3600 l\u00f6\u00f6ki minutis Akukruvikeeraja CEDID180LI (ilma aku\/laadijata)","robots":{"index":"index","follow":"follow","max-snippet":"max-snippet:-1","max-image-preview":"max-image-preview:large","max-video-preview":"max-video-preview:-1"},"canonical":"https:\/\/ranoja.ee\/toode\/akukruvikeeraja-cedid180li-ilma-aku-laadijata\/","og_locale":"en_US","og_type":"article","og_title":"Akukruvikeeraja CEDID180LI (ilma aku\/laadijata)","og_description":"CEDID180LI Akul\u00f6\u00f6kkruvikeeraja\u00a0 \u00bc\u201d HEX (ilma aku\/laadijata)20VKiirus 2800rpm \/ 3600 l\u00f6\u00f6ki minutis Akukruvikeeraja CEDID180LI (ilma aku\/laadijata)","og_url":"https:\/\/ranoja.ee\/toode\/akukruvikeeraja-cedid180li-ilma-aku-laadijata\/","og_site_name":"Ranoja","article_publisher":"https:\/\/www.facebook.com\/ranoja.ee","article_modified_time":"2025-12-10T10:21:34+00:00","og_image":[{"width":1262,"height":1600,"url":"https:\/\/ranoja.ee\/wp-content\/uploads\/2023\/07\/Akulookkruvikeeraja-cedid180li.jpg","type":"image\/jpeg"}],"twitter_card":"summary_large_image","twitter_misc":{"Est. reading time":"2 minutes"},"schema":{"@context":"https:\/\/schema.org","@graph":[{"@type":"WebPage","@id":"https:\/\/ranoja.ee\/toode\/akukruvikeeraja-cedid180li-ilma-aku-laadijata\/","url":"https:\/\/ranoja.ee\/toode\/akukruvikeeraja-cedid180li-ilma-aku-laadijata\/","name":"Akukruvikeeraja CEDID180LI (ilma aku\/laadijata)","isPartOf":{"@id":"https:\/\/ranoja.ee\/#website"},"primaryImageOfPage":{"@id":"https:\/\/ranoja.ee\/toode\/akukruvikeeraja-cedid180li-ilma-aku-laadijata\/#primaryimage"},"image":{"@id":"https:\/\/ranoja.ee\/toode\/akukruvikeeraja-cedid180li-ilma-aku-laadijata\/#primaryimage"},"thumbnailUrl":"https:\/\/ranoja.ee\/wp-content\/uploads\/2023\/07\/Akulookkruvikeeraja-cedid180li.jpg","datePublished":"2023-07-05T04:22:07+00:00","dateModified":"2025-12-10T10:21:34+00:00","description":"CEDID180LI Akul\u00f6\u00f6kkruvikeeraja\u00a0 \u00bc\u201d HEX (ilma aku\/laadijata)20VKiirus 2800rpm \/ 3600 l\u00f6\u00f6ki minutis Akukruvikeeraja CEDID180LI (ilma aku\/laadijata)","breadcrumb":{"@id":"https:\/\/ranoja.ee\/toode\/akukruvikeeraja-cedid180li-ilma-aku-laadijata\/#breadcrumb"},"inLanguage":"en-US","potentialAction":[{"@type":"ReadAction","target":["https:\/\/ranoja.ee\/toode\/akukruvikeeraja-cedid180li-ilma-aku-laadijata\/"]}]},{"@type":"ImageObject","inLanguage":"en-US","@id":"https:\/\/ranoja.ee\/toode\/akukruvikeeraja-cedid180li-ilma-aku-laadijata\/#primaryimage","url":"https:\/\/ranoja.ee\/wp-content\/uploads\/2023\/07\/Akulookkruvikeeraja-cedid180li.jpg","contentUrl":"https:\/\/ranoja.ee\/wp-content\/uploads\/2023\/07\/Akulookkruvikeeraja-cedid180li.jpg","width":1262,"height":1600,"caption":"Akukruvikeeraja CEDID180LI (ilma aku\/laadijata) k\u00e4rr"},{"@type":"BreadcrumbList","@id":"https:\/\/ranoja.ee\/toode\/akukruvikeeraja-cedid180li-ilma-aku-laadijata\/#breadcrumb","itemListElement":[{"@type":"ListItem","position":1,"name":"Home","item":"https:\/\/ranoja.ee\/"},{"@type":"ListItem","position":2,"name":"Shop","item":"https:\/\/ranoja.ee\/en\/shop\/"},{"@type":"ListItem","position":3,"name":"Akukruvikeeraja CEDID180LI (ilma aku\/laadijata)"}]},{"@type":"WebSite","@id":"https:\/\/ranoja.ee\/#website","url":"https:\/\/ranoja.ee\/","name":"Ranoja","description":"Equipment Shop WooCommerce WordPress Theme for Machine &amp; Tools","publisher":{"@id":"https:\/\/ranoja.ee\/#organization"},"potentialAction":[{"@type":"SearchAction","target":{"@type":"EntryPoint","urlTemplate":"https:\/\/ranoja.ee\/?s={search_term_string}"},"query-input":{"@type":"PropertyValueSpecification","valueRequired":true,"valueName":"search_term_string"}}],"inLanguage":"en-US"},{"@type":"Organization","@id":"https:\/\/ranoja.ee\/#organization","name":"Ranoja O\u00dc","url":"https:\/\/ranoja.ee\/","logo":{"@type":"ImageObject","inLanguage":"en-US","@id":"https:\/\/ranoja.ee\/#\/schema\/logo\/image\/","url":"https:\/\/ranoja.ee\/wp-content\/uploads\/2023\/11\/ranoja-Logo.png","contentUrl":"https:\/\/ranoja.ee\/wp-content\/uploads\/2023\/11\/ranoja-Logo.png","width":207,"height":58,"caption":"Ranoja O\u00dc"},"image":{"@id":"https:\/\/ranoja.ee\/#\/schema\/logo\/image\/"},"sameAs":["https:\/\/www.facebook.com\/ranoja.ee","https:\/\/www.instagram.com\/ranoja__\/"]}]}},"_links":{"self":[{"href":"https:\/\/ranoja.ee\/en\/wp-json\/wp\/v2\/product\/2964","targetHints":{"allow":["GET"]}}],"collection":[{"href":"https:\/\/ranoja.ee\/en\/wp-json\/wp\/v2\/product"}],"about":[{"href":"https:\/\/ranoja.ee\/en\/wp-json\/wp\/v2\/types\/product"}],"wp:featuredmedia":[{"embeddable":true,"href":"https:\/\/ranoja.ee\/en\/wp-json\/wp\/v2\/media\/2965"}],"wp:attachment":[{"href":"https:\/\/ranoja.ee\/en\/wp-json\/wp\/v2\/media?parent=2964"}],"wp:term":[{"taxonomy":"product_cat","embeddable":true,"href":"https:\/\/ranoja.ee\/en\/wp-json\/wp\/v2\/product_cat?post=2964"},{"taxonomy":"product_tag","embeddable":true,"href":"https:\/\/ranoja.ee\/en\/wp-json\/wp\/v2\/product_tag?post=2964"}],"curies":[{"name":"wp","href":"https:\/\/api.w.org\/{rel}","templated":true}]}}