{"id":29573,"date":"2026-02-04T15:19:19","date_gmt":"2026-02-04T12:19:19","guid":{"rendered":"https:\/\/ranoja.ee\/?post_type=product&#038;p=29573"},"modified":"2026-02-04T16:16:00","modified_gmt":"2026-02-04T13:16:00","slug":"lumag-bensiinimootoriga-pinnasepuur-eb-520g","status":"publish","type":"product","link":"https:\/\/ranoja.ee\/en\/toode\/lumag-bensiinimootoriga-pinnasepuur-eb-520g\/","title":{"rendered":"Lumag bensiinimootoriga pinnasepuur EB-520G"},"content":{"rendered":"<p>Lumag bensiinimootoriga pinnasepuur EB-520G<\/p>\n<p>K\u00e4sitsi juhitav pinnasepuur, mis on m\u00f5eldud maapinna aukude kiireks ja t\u00f5husaks puurimiseks, kasutades bensiinimootorit ja vahetatavaid puure. See seade on eriti t\u00f5hus aedades ja piirdeaedade postide paigaldamisel, istutusavade tegemisel. Muudes muldsetes t\u00f6\u00f6des, kus on vaja \u00fchtlaseid ja t\u00e4pseid auke maasse teha.<\/p>\n<p>Seadme ajamiks on \u00fche silindriga 2-taktiline bensiinimootor, mille t\u00f6\u00f6maht on umbes 52 cm\u00b3 ja maksimaalne v\u00f5imsus ca 1.75 kW. Mootori t\u00f6\u00f6 alghakkab k\u00e4sitsi t\u00f5mmatava starteri abil ning selles on tsentrifugaalkl\u00f5tsu sidur, mis annab sujuva j\u00f5u\u00fclekande puurikorrap\u00e4rasusele ja t\u00f6\u00f6 ohutusele.<\/p>\n<p>Pinnasepuuri komplektis on 100 mm, 150 mm ja 200 mm diameetriga puurid. Need v\u00f5imaldavad valida sobiva puur\u00adsuuruse vastavalt t\u00f6\u00f6 vajadusele ja pinnase k\u00f5vadusele. Puurvardad ise on umbes 80 cm pikkused, andes piisava s\u00fcgavuse aia- v\u00f5i istutusaukude tegemiseks.<\/p>\n<p>Masina konstruktsioon on lihtne, kuid funktsionaalne. K\u00e4ep\u00e4rane torukujuline k\u00e4epide ja gaasi- ning peatusl\u00fcliti on paigutatud nii, et operaator saaks t\u00f6\u00f6 k\u00e4igus mugavalt kontrollida t\u00f6\u00f6riista kiirust ja suunda. Puur on kergesti juhitav ning m\u00f5eldud \u00fche inimese kasutamiseks, mis teeb sellest praktilise valiku nii aiapidajale kui ehitus\u00ad v\u00f5i haljastust\u00f6\u00f6de tegijale.<\/p>\n<p>Lumag bensiinimootoriga pinnasepuur EB-520G<\/p>\n","protected":false},"excerpt":{"rendered":"<p>Lumag bensiinimootoriga pinnasepuur EB-520G<br \/>\nMootor: 1-silindriline, 2-taktiline bensiinimootor<br \/>\nMootori v\u00f5imsus: 1.75 kW<br \/>\nT\u00f6\u00f6maht: 52 cm\u00b3<br \/>\nT\u00fchik\u00e4igup\u00f6\u00f6rded: 3000 \u00b1 200 p\/min<br \/>\nPuuri nimikiirus: 0\u2013300 p\/min<br \/>\nK\u00e4ivituss\u00fcsteem: K\u00e4ivitus tagasil\u00f6\u00f6giga<br \/>\nS\u00fc\u00fctes\u00fcsteem: Elektrooniliselt<br \/>\nBensiinipaagi maht: 1.2 L<br \/>\nSegamissuhe (2-taktiline \u00f5li\/k\u00fctus): 1:40<br \/>\nHelir\u00f5hutase LpA: 88.4 dB(A)<br \/>\nHeliv\u00f5imsustase LWA: 113 dB(A)<br \/>\nPuuri l\u00e4bim\u00f5\u00f5tud: 100, 150, 200, 250, 300 mm<br \/>\nPuuri pikkus: 80 cm<br \/>\nKaal ilma puurita ja t\u00fchja k\u00fctuse paagiga: 8.8 kg<br \/>\n<strong>Komplektis kaasas puurid diameetriga: 100, 150 ja 200 mm<\/strong><br \/>\n\u200bTootja: Lumag<br \/>\nMudel: EB-520G<br \/>\nTootekood: EB 520G SET<br \/>\nKaal: 20 kg<br \/>\n<strong>Eeldatav tarneaeg 2-3 n\u00e4dalat<\/strong><br \/>\n[embed]https:\/\/youtu.be\/eLfstTShyJQ?si=RXnpxl9Hqp_ABIlB[\/embed]<\/p>\n","protected":false},"featured_media":29580,"template":"","meta":{"inline_featured_image":false},"product_cat":[1090,1447],"product_tag":[3445,3443,134,3444,1445],"class_list":{"0":"post-29573","1":"product","2":"type-product","3":"status-publish","4":"has-post-thumbnail","6":"product_brand-lumag","7":"product_cat-ehitustehnika","8":"product_cat-pinnasepuurid","9":"product_tag-eb-520g-set","10":"product_tag-eb520g","11":"product_tag-lumag","12":"product_tag-lumag-bensiinimootoriga-pinnasepuur-eb-520g","13":"product_tag-pinnasepuur","15":"first","16":"onbackorder","17":"taxable","18":"shipping-taxable","19":"purchasable","20":"product-type-simple"},"yoast_head":"<!-- This site is optimized with the Yoast SEO plugin v27.4 - https:\/\/yoast.com\/product\/yoast-seo-wordpress\/ -->\n<title>Lumag bensiinimootoriga pinnasepuur EB-520G<\/title>\n<meta name=\"description\" content=\"Lumag bensiinimootoriga pinnasepuur EB-520G Pinnasepuuriga on lisaks komplektis 100 mm, 150 mm ja 200 mm diameetriga puurid.\" \/>\n<meta name=\"robots\" content=\"index, follow, max-snippet:-1, max-image-preview:large, max-video-preview:-1\" \/>\n<link rel=\"canonical\" href=\"https:\/\/ranoja.ee\/toode\/lumag-bensiinimootoriga-pinnasepuur-eb-520g\/\" \/>\n<meta property=\"og:locale\" content=\"en_US\" \/>\n<meta property=\"og:type\" content=\"article\" \/>\n<meta property=\"og:title\" content=\"Lumag bensiinimootoriga pinnasepuur EB-520G\" \/>\n<meta property=\"og:description\" content=\"Lumag bensiinimootoriga pinnasepuur EB-520G Pinnasepuuriga on lisaks komplektis 100 mm, 150 mm ja 200 mm diameetriga puurid.\" \/>\n<meta property=\"og:url\" content=\"https:\/\/ranoja.ee\/toode\/lumag-bensiinimootoriga-pinnasepuur-eb-520g\/\" \/>\n<meta property=\"og:site_name\" content=\"Ranoja\" \/>\n<meta property=\"article:publisher\" content=\"https:\/\/www.facebook.com\/ranoja.ee\" \/>\n<meta property=\"article:modified_time\" content=\"2026-02-04T13:16:00+00:00\" \/>\n<meta property=\"og:image\" content=\"https:\/\/ranoja.ee\/wp-content\/uploads\/2026\/02\/Lumag-bensiinimootoriga-pinnasepuur-EB-520G.png\" \/>\n\t<meta property=\"og:image:width\" content=\"1500\" \/>\n\t<meta property=\"og:image:height\" content=\"1500\" \/>\n\t<meta property=\"og:image:type\" content=\"image\/png\" \/>\n<meta name=\"twitter:card\" content=\"summary_large_image\" \/>\n<meta name=\"twitter:label1\" content=\"Est. reading time\" \/>\n\t<meta name=\"twitter:data1\" content=\"2 minutes\" \/>\n<script type=\"application\/ld+json\" class=\"yoast-schema-graph\">{\"@context\":\"https:\\\/\\\/schema.org\",\"@graph\":[{\"@type\":\"WebPage\",\"@id\":\"https:\\\/\\\/ranoja.ee\\\/toode\\\/lumag-bensiinimootoriga-pinnasepuur-eb-520g\\\/\",\"url\":\"https:\\\/\\\/ranoja.ee\\\/toode\\\/lumag-bensiinimootoriga-pinnasepuur-eb-520g\\\/\",\"name\":\"Lumag bensiinimootoriga pinnasepuur EB-520G\",\"isPartOf\":{\"@id\":\"https:\\\/\\\/ranoja.ee\\\/#website\"},\"primaryImageOfPage\":{\"@id\":\"https:\\\/\\\/ranoja.ee\\\/toode\\\/lumag-bensiinimootoriga-pinnasepuur-eb-520g\\\/#primaryimage\"},\"image\":{\"@id\":\"https:\\\/\\\/ranoja.ee\\\/toode\\\/lumag-bensiinimootoriga-pinnasepuur-eb-520g\\\/#primaryimage\"},\"thumbnailUrl\":\"https:\\\/\\\/ranoja.ee\\\/wp-content\\\/uploads\\\/2026\\\/02\\\/Lumag-bensiinimootoriga-pinnasepuur-EB-520G.png\",\"datePublished\":\"2026-02-04T12:19:19+00:00\",\"dateModified\":\"2026-02-04T13:16:00+00:00\",\"description\":\"Lumag bensiinimootoriga pinnasepuur EB-520G Pinnasepuuriga on lisaks komplektis 100 mm, 150 mm ja 200 mm diameetriga puurid.\",\"breadcrumb\":{\"@id\":\"https:\\\/\\\/ranoja.ee\\\/toode\\\/lumag-bensiinimootoriga-pinnasepuur-eb-520g\\\/#breadcrumb\"},\"inLanguage\":\"en-US\",\"potentialAction\":[{\"@type\":\"ReadAction\",\"target\":[\"https:\\\/\\\/ranoja.ee\\\/toode\\\/lumag-bensiinimootoriga-pinnasepuur-eb-520g\\\/\"]}]},{\"@type\":\"ImageObject\",\"inLanguage\":\"en-US\",\"@id\":\"https:\\\/\\\/ranoja.ee\\\/toode\\\/lumag-bensiinimootoriga-pinnasepuur-eb-520g\\\/#primaryimage\",\"url\":\"https:\\\/\\\/ranoja.ee\\\/wp-content\\\/uploads\\\/2026\\\/02\\\/Lumag-bensiinimootoriga-pinnasepuur-EB-520G.png\",\"contentUrl\":\"https:\\\/\\\/ranoja.ee\\\/wp-content\\\/uploads\\\/2026\\\/02\\\/Lumag-bensiinimootoriga-pinnasepuur-EB-520G.png\",\"width\":1500,\"height\":1500,\"caption\":\"Lumag bensiinimootoriga pinnasepuur EB-520G\"},{\"@type\":\"BreadcrumbList\",\"@id\":\"https:\\\/\\\/ranoja.ee\\\/toode\\\/lumag-bensiinimootoriga-pinnasepuur-eb-520g\\\/#breadcrumb\",\"itemListElement\":[{\"@type\":\"ListItem\",\"position\":1,\"name\":\"Home\",\"item\":\"https:\\\/\\\/ranoja.ee\\\/\"},{\"@type\":\"ListItem\",\"position\":2,\"name\":\"Shop\",\"item\":\"https:\\\/\\\/ranoja.ee\\\/en\\\/shop\\\/\"},{\"@type\":\"ListItem\",\"position\":3,\"name\":\"Lumag bensiinimootoriga pinnasepuur EB-520G\"}]},{\"@type\":\"WebSite\",\"@id\":\"https:\\\/\\\/ranoja.ee\\\/#website\",\"url\":\"https:\\\/\\\/ranoja.ee\\\/\",\"name\":\"Ranoja\",\"description\":\"Equipment Shop WooCommerce WordPress Theme for Machine &amp; Tools\",\"publisher\":{\"@id\":\"https:\\\/\\\/ranoja.ee\\\/#organization\"},\"potentialAction\":[{\"@type\":\"SearchAction\",\"target\":{\"@type\":\"EntryPoint\",\"urlTemplate\":\"https:\\\/\\\/ranoja.ee\\\/?s={search_term_string}\"},\"query-input\":{\"@type\":\"PropertyValueSpecification\",\"valueRequired\":true,\"valueName\":\"search_term_string\"}}],\"inLanguage\":\"en-US\"},{\"@type\":\"Organization\",\"@id\":\"https:\\\/\\\/ranoja.ee\\\/#organization\",\"name\":\"Ranoja O\u00dc\",\"url\":\"https:\\\/\\\/ranoja.ee\\\/\",\"logo\":{\"@type\":\"ImageObject\",\"inLanguage\":\"en-US\",\"@id\":\"https:\\\/\\\/ranoja.ee\\\/#\\\/schema\\\/logo\\\/image\\\/\",\"url\":\"https:\\\/\\\/ranoja.ee\\\/wp-content\\\/uploads\\\/2023\\\/11\\\/ranoja-Logo.png\",\"contentUrl\":\"https:\\\/\\\/ranoja.ee\\\/wp-content\\\/uploads\\\/2023\\\/11\\\/ranoja-Logo.png\",\"width\":207,\"height\":58,\"caption\":\"Ranoja O\u00dc\"},\"image\":{\"@id\":\"https:\\\/\\\/ranoja.ee\\\/#\\\/schema\\\/logo\\\/image\\\/\"},\"sameAs\":[\"https:\\\/\\\/www.facebook.com\\\/ranoja.ee\",\"https:\\\/\\\/www.instagram.com\\\/ranoja__\\\/\"]}]}<\/script>\n<!-- \/ Yoast SEO plugin. -->","yoast_head_json":{"title":"Lumag bensiinimootoriga pinnasepuur EB-520G","description":"Lumag bensiinimootoriga pinnasepuur EB-520G Pinnasepuuriga on lisaks komplektis 100 mm, 150 mm ja 200 mm diameetriga puurid.","robots":{"index":"index","follow":"follow","max-snippet":"max-snippet:-1","max-image-preview":"max-image-preview:large","max-video-preview":"max-video-preview:-1"},"canonical":"https:\/\/ranoja.ee\/toode\/lumag-bensiinimootoriga-pinnasepuur-eb-520g\/","og_locale":"en_US","og_type":"article","og_title":"Lumag bensiinimootoriga pinnasepuur EB-520G","og_description":"Lumag bensiinimootoriga pinnasepuur EB-520G Pinnasepuuriga on lisaks komplektis 100 mm, 150 mm ja 200 mm diameetriga puurid.","og_url":"https:\/\/ranoja.ee\/toode\/lumag-bensiinimootoriga-pinnasepuur-eb-520g\/","og_site_name":"Ranoja","article_publisher":"https:\/\/www.facebook.com\/ranoja.ee","article_modified_time":"2026-02-04T13:16:00+00:00","og_image":[{"width":1500,"height":1500,"url":"https:\/\/ranoja.ee\/wp-content\/uploads\/2026\/02\/Lumag-bensiinimootoriga-pinnasepuur-EB-520G.png","type":"image\/png"}],"twitter_card":"summary_large_image","twitter_misc":{"Est. reading time":"2 minutes"},"schema":{"@context":"https:\/\/schema.org","@graph":[{"@type":"WebPage","@id":"https:\/\/ranoja.ee\/toode\/lumag-bensiinimootoriga-pinnasepuur-eb-520g\/","url":"https:\/\/ranoja.ee\/toode\/lumag-bensiinimootoriga-pinnasepuur-eb-520g\/","name":"Lumag bensiinimootoriga pinnasepuur EB-520G","isPartOf":{"@id":"https:\/\/ranoja.ee\/#website"},"primaryImageOfPage":{"@id":"https:\/\/ranoja.ee\/toode\/lumag-bensiinimootoriga-pinnasepuur-eb-520g\/#primaryimage"},"image":{"@id":"https:\/\/ranoja.ee\/toode\/lumag-bensiinimootoriga-pinnasepuur-eb-520g\/#primaryimage"},"thumbnailUrl":"https:\/\/ranoja.ee\/wp-content\/uploads\/2026\/02\/Lumag-bensiinimootoriga-pinnasepuur-EB-520G.png","datePublished":"2026-02-04T12:19:19+00:00","dateModified":"2026-02-04T13:16:00+00:00","description":"Lumag bensiinimootoriga pinnasepuur EB-520G Pinnasepuuriga on lisaks komplektis 100 mm, 150 mm ja 200 mm diameetriga puurid.","breadcrumb":{"@id":"https:\/\/ranoja.ee\/toode\/lumag-bensiinimootoriga-pinnasepuur-eb-520g\/#breadcrumb"},"inLanguage":"en-US","potentialAction":[{"@type":"ReadAction","target":["https:\/\/ranoja.ee\/toode\/lumag-bensiinimootoriga-pinnasepuur-eb-520g\/"]}]},{"@type":"ImageObject","inLanguage":"en-US","@id":"https:\/\/ranoja.ee\/toode\/lumag-bensiinimootoriga-pinnasepuur-eb-520g\/#primaryimage","url":"https:\/\/ranoja.ee\/wp-content\/uploads\/2026\/02\/Lumag-bensiinimootoriga-pinnasepuur-EB-520G.png","contentUrl":"https:\/\/ranoja.ee\/wp-content\/uploads\/2026\/02\/Lumag-bensiinimootoriga-pinnasepuur-EB-520G.png","width":1500,"height":1500,"caption":"Lumag bensiinimootoriga pinnasepuur EB-520G"},{"@type":"BreadcrumbList","@id":"https:\/\/ranoja.ee\/toode\/lumag-bensiinimootoriga-pinnasepuur-eb-520g\/#breadcrumb","itemListElement":[{"@type":"ListItem","position":1,"name":"Home","item":"https:\/\/ranoja.ee\/"},{"@type":"ListItem","position":2,"name":"Shop","item":"https:\/\/ranoja.ee\/en\/shop\/"},{"@type":"ListItem","position":3,"name":"Lumag bensiinimootoriga pinnasepuur EB-520G"}]},{"@type":"WebSite","@id":"https:\/\/ranoja.ee\/#website","url":"https:\/\/ranoja.ee\/","name":"Ranoja","description":"Equipment Shop WooCommerce WordPress Theme for Machine &amp; Tools","publisher":{"@id":"https:\/\/ranoja.ee\/#organization"},"potentialAction":[{"@type":"SearchAction","target":{"@type":"EntryPoint","urlTemplate":"https:\/\/ranoja.ee\/?s={search_term_string}"},"query-input":{"@type":"PropertyValueSpecification","valueRequired":true,"valueName":"search_term_string"}}],"inLanguage":"en-US"},{"@type":"Organization","@id":"https:\/\/ranoja.ee\/#organization","name":"Ranoja O\u00dc","url":"https:\/\/ranoja.ee\/","logo":{"@type":"ImageObject","inLanguage":"en-US","@id":"https:\/\/ranoja.ee\/#\/schema\/logo\/image\/","url":"https:\/\/ranoja.ee\/wp-content\/uploads\/2023\/11\/ranoja-Logo.png","contentUrl":"https:\/\/ranoja.ee\/wp-content\/uploads\/2023\/11\/ranoja-Logo.png","width":207,"height":58,"caption":"Ranoja O\u00dc"},"image":{"@id":"https:\/\/ranoja.ee\/#\/schema\/logo\/image\/"},"sameAs":["https:\/\/www.facebook.com\/ranoja.ee","https:\/\/www.instagram.com\/ranoja__\/"]}]}},"_links":{"self":[{"href":"https:\/\/ranoja.ee\/en\/wp-json\/wp\/v2\/product\/29573","targetHints":{"allow":["GET"]}}],"collection":[{"href":"https:\/\/ranoja.ee\/en\/wp-json\/wp\/v2\/product"}],"about":[{"href":"https:\/\/ranoja.ee\/en\/wp-json\/wp\/v2\/types\/product"}],"wp:featuredmedia":[{"embeddable":true,"href":"https:\/\/ranoja.ee\/en\/wp-json\/wp\/v2\/media\/29580"}],"wp:attachment":[{"href":"https:\/\/ranoja.ee\/en\/wp-json\/wp\/v2\/media?parent=29573"}],"wp:term":[{"taxonomy":"product_cat","embeddable":true,"href":"https:\/\/ranoja.ee\/en\/wp-json\/wp\/v2\/product_cat?post=29573"},{"taxonomy":"product_tag","embeddable":true,"href":"https:\/\/ranoja.ee\/en\/wp-json\/wp\/v2\/product_tag?post=29573"}],"curies":[{"name":"wp","href":"https:\/\/api.w.org\/{rel}","templated":true}]}}