{"id":29562,"date":"2026-02-04T14:57:56","date_gmt":"2026-02-04T11:57:56","guid":{"rendered":"https:\/\/ranoja.ee\/?post_type=product&#038;p=29562"},"modified":"2026-02-04T15:17:30","modified_gmt":"2026-02-04T12:17:30","slug":"lumag-bensiinimootoriga-betoonisilur-bt900","status":"publish","type":"product","link":"https:\/\/ranoja.ee\/en\/toode\/lumag-bensiinimootoriga-betoonisilur-bt900\/","title":{"rendered":"Lumag bensiinimootoriga betoonisilur BT900"},"content":{"rendered":"<p>Lumag bensiinimootoriga betoonisilur BT900<\/p>\n<p>Professionaalse taseme betoonpindade viimistlusmasin, mis on loodud tagama sileda ja \u00fchtlase betoonpinna suuremahulistel t\u00f6\u00f6del. See bensiinimootoriga silur \u00fchendab vastupidava konstruktsiooni, usaldusv\u00e4\u00e4rse mootoriga j\u00f5udluse ja kasutajas\u00f5braliku juhtimise. Muutes selle ideaalseks valikuks nii ehitusettev\u00f5tjatele kui ka t\u00f5sisematele renoveerijaile.<\/p>\n<p>Masina s\u00fcdameks on 1-silindriline 4-taktne Loncin G200F-bensiinimootor, mille v\u00f5imsus on umbes 4.8 kW (4.1 kW t\u00f6\u00f6j\u00f5ud) ja t\u00f6\u00f6maht 196 cm\u00b3. See tagab piisava t\u00f5ukej\u00f5u betooni tasandamiseks ja pindade silumiseks ilma vajaduseta elektriv\u00f5rgu j\u00e4rele, mis annab paindlikkuse t\u00f6\u00f6tamiseks nii sise- kui v\u00e4listingimustes.<\/p>\n<p>BT900 silur on varustatud 900 mm diameetriga rootoriga, mille alla on kinnitatud neli silumislaba, mis p\u00f6\u00f6rlevad kiirusega umbes 60\u2013140 rpm. Silumislabade nurka saab lihtsalt reguleerida vastavalt t\u00f6\u00f6etapile \u2014 madalama nurga all esialgseks tasandamiseks ja suurema nurga all l\u00f5plikuks silumiseks. Saavutamaks professionaalset ja \u00fchtlast betooni viimistlust.<\/p>\n<p>Tugev teraskarkass ja tasakaalustatud ehitus muudavad BT900 t\u00f6\u00f6kindlaks ja vastupidavaks masinaiks rasketes ehitusoludes. Ergonomilised k\u00e4epidemed ja intuitiivsed juhtnupud v\u00e4hendavad operaatori v\u00e4simust ning teevad masina k\u00e4sitsemise mugavaks ka pikematel t\u00f6\u00f6p\u00e4evadel.<\/p>\n<p>Kasutusala h\u00f5lmab v\u00e4ga erinevaid betoonpindade viimistlust\u00f6id \u2014 n\u00e4iteks t\u00f6\u00f6stuslike ja \u00e4ripindade betoonp\u00f5randate, sisses\u00f5iduteede, terrasside, platsi- ja vundamendiplaatide silumist ning valmistoodete viimistlemist. BT900 sobib h\u00e4sti nii suuremate kui ka v\u00e4iksemate alade kiireks ja efektiivseks tasandamiseks, pakkudes professionaalseid tulemusi ilma elektri\u00fchenduseta.<\/p>\n<p>Lumag bensiinimootoriga betoonisilur BT900<\/p>\n","protected":false},"excerpt":{"rendered":"<p>Lumag bensiinimootoriga betoonisilur BT900<br \/>\nMootor: 1-silindriline, 4-taktiline LONCIN G200F bensiinimootor<br \/>\nMootori v\u00f5imsus P1\/P2: 4.8\/4.1 kW 3000 p\/min juures<br \/>\nT\u00f6\u00f6maht: 196 cm\u00b3<br \/>\nBensiinipaagi maht: 3.6 l<br \/>\nMootori\u00f5li karteri maht: 0.6 l<br \/>\nK\u00e4ivituss\u00fcsteem: Tagasil\u00f6\u00f6gik\u00e4ivitus<br \/>\nRootori l\u00e4bim\u00f5\u00f5t: 910 mm<br \/>\nTerade arv: 4 TK<br \/>\nTera m\u00f5\u00f5tmed (P\/L): 350\/150 mm<br \/>\nTera nurk: 0-15\u00b0<br \/>\nP\u00f6\u00f6rlemiskiirus: 60\u2013140 p\/min<br \/>\nHeliv\u00f5imsustase LWA: 108 dB (A)<br \/>\nTootja: Lumag<br \/>\nMudel: BT900<br \/>\nTootekood: BT 900<br \/>\nKaal: 55 kg<br \/>\n<strong>Eeldatav tarneaeg 1-2 n\u00e4dalat<\/strong><\/p>\n","protected":false},"featured_media":29571,"template":"","meta":{"inline_featured_image":false},"product_cat":[100,1090],"product_tag":[3437,397,3442,3441,134,3440],"class_list":{"0":"post-29562","1":"product","2":"type-product","3":"status-publish","4":"has-post-thumbnail","6":"product_brand-lumag","7":"product_cat-betoonikopterid-ja-tihendajad","8":"product_cat-ehitustehnika","9":"product_tag-bensiinimootoriga-betoonisilur","10":"product_tag-betoonisilur","11":"product_tag-bt-900","12":"product_tag-bt900","13":"product_tag-lumag","14":"product_tag-lumag-bensiinimootoriga-betoonisilur-bt900","16":"first","17":"onbackorder","18":"taxable","19":"shipping-taxable","20":"purchasable","21":"product-type-simple"},"yoast_head":"<!-- This site is optimized with the Yoast SEO plugin v27.4 - https:\/\/yoast.com\/product\/yoast-seo-wordpress\/ -->\n<title>Lumag bensiinimootoriga betoonisilur BT900<\/title>\n<meta name=\"description\" content=\"Lumag bensiinimootoriga betoonisilur BT900 Betoonisilur t\u00f6\u00f6tab 1-silindrilise, 4-taktise Loncin G200F bensiinimootoriga, mille t\u00f6\u00f6maht on umbes 196 cm\" \/>\n<meta name=\"robots\" content=\"index, follow, max-snippet:-1, max-image-preview:large, max-video-preview:-1\" \/>\n<link rel=\"canonical\" href=\"https:\/\/ranoja.ee\/toode\/lumag-bensiinimootoriga-betoonisilur-bt900\/\" \/>\n<meta property=\"og:locale\" content=\"en_US\" \/>\n<meta property=\"og:type\" content=\"article\" \/>\n<meta property=\"og:title\" content=\"Lumag bensiinimootoriga betoonisilur BT900\" \/>\n<meta property=\"og:description\" content=\"Lumag bensiinimootoriga betoonisilur BT900 Betoonisilur t\u00f6\u00f6tab 1-silindrilise, 4-taktise Loncin G200F bensiinimootoriga, mille t\u00f6\u00f6maht on umbes 196 cm\" \/>\n<meta property=\"og:url\" content=\"https:\/\/ranoja.ee\/toode\/lumag-bensiinimootoriga-betoonisilur-bt900\/\" \/>\n<meta property=\"og:site_name\" content=\"Ranoja\" \/>\n<meta property=\"article:publisher\" content=\"https:\/\/www.facebook.com\/ranoja.ee\" \/>\n<meta property=\"article:modified_time\" content=\"2026-02-04T12:17:30+00:00\" \/>\n<meta property=\"og:image\" content=\"https:\/\/ranoja.ee\/wp-content\/uploads\/2026\/02\/Lumag-bensiinimootoriga-betoonisilur-BT900.png\" \/>\n\t<meta property=\"og:image:width\" content=\"1500\" \/>\n\t<meta property=\"og:image:height\" content=\"1500\" \/>\n\t<meta property=\"og:image:type\" content=\"image\/png\" \/>\n<meta name=\"twitter:card\" content=\"summary_large_image\" \/>\n<meta name=\"twitter:label1\" content=\"Est. reading time\" \/>\n\t<meta name=\"twitter:data1\" content=\"2 minutes\" \/>\n<script type=\"application\/ld+json\" class=\"yoast-schema-graph\">{\"@context\":\"https:\\\/\\\/schema.org\",\"@graph\":[{\"@type\":\"WebPage\",\"@id\":\"https:\\\/\\\/ranoja.ee\\\/toode\\\/lumag-bensiinimootoriga-betoonisilur-bt900\\\/\",\"url\":\"https:\\\/\\\/ranoja.ee\\\/toode\\\/lumag-bensiinimootoriga-betoonisilur-bt900\\\/\",\"name\":\"Lumag bensiinimootoriga betoonisilur BT900\",\"isPartOf\":{\"@id\":\"https:\\\/\\\/ranoja.ee\\\/#website\"},\"primaryImageOfPage\":{\"@id\":\"https:\\\/\\\/ranoja.ee\\\/toode\\\/lumag-bensiinimootoriga-betoonisilur-bt900\\\/#primaryimage\"},\"image\":{\"@id\":\"https:\\\/\\\/ranoja.ee\\\/toode\\\/lumag-bensiinimootoriga-betoonisilur-bt900\\\/#primaryimage\"},\"thumbnailUrl\":\"https:\\\/\\\/ranoja.ee\\\/wp-content\\\/uploads\\\/2026\\\/02\\\/Lumag-bensiinimootoriga-betoonisilur-BT900.png\",\"datePublished\":\"2026-02-04T11:57:56+00:00\",\"dateModified\":\"2026-02-04T12:17:30+00:00\",\"description\":\"Lumag bensiinimootoriga betoonisilur BT900 Betoonisilur t\u00f6\u00f6tab 1-silindrilise, 4-taktise Loncin G200F bensiinimootoriga, mille t\u00f6\u00f6maht on umbes 196 cm\",\"breadcrumb\":{\"@id\":\"https:\\\/\\\/ranoja.ee\\\/toode\\\/lumag-bensiinimootoriga-betoonisilur-bt900\\\/#breadcrumb\"},\"inLanguage\":\"en-US\",\"potentialAction\":[{\"@type\":\"ReadAction\",\"target\":[\"https:\\\/\\\/ranoja.ee\\\/toode\\\/lumag-bensiinimootoriga-betoonisilur-bt900\\\/\"]}]},{\"@type\":\"ImageObject\",\"inLanguage\":\"en-US\",\"@id\":\"https:\\\/\\\/ranoja.ee\\\/toode\\\/lumag-bensiinimootoriga-betoonisilur-bt900\\\/#primaryimage\",\"url\":\"https:\\\/\\\/ranoja.ee\\\/wp-content\\\/uploads\\\/2026\\\/02\\\/Lumag-bensiinimootoriga-betoonisilur-BT900.png\",\"contentUrl\":\"https:\\\/\\\/ranoja.ee\\\/wp-content\\\/uploads\\\/2026\\\/02\\\/Lumag-bensiinimootoriga-betoonisilur-BT900.png\",\"width\":1500,\"height\":1500,\"caption\":\"Lumag bensiinimootoriga betoonisilur BT900\"},{\"@type\":\"BreadcrumbList\",\"@id\":\"https:\\\/\\\/ranoja.ee\\\/toode\\\/lumag-bensiinimootoriga-betoonisilur-bt900\\\/#breadcrumb\",\"itemListElement\":[{\"@type\":\"ListItem\",\"position\":1,\"name\":\"Home\",\"item\":\"https:\\\/\\\/ranoja.ee\\\/\"},{\"@type\":\"ListItem\",\"position\":2,\"name\":\"Shop\",\"item\":\"https:\\\/\\\/ranoja.ee\\\/en\\\/shop\\\/\"},{\"@type\":\"ListItem\",\"position\":3,\"name\":\"Lumag bensiinimootoriga betoonisilur BT900\"}]},{\"@type\":\"WebSite\",\"@id\":\"https:\\\/\\\/ranoja.ee\\\/#website\",\"url\":\"https:\\\/\\\/ranoja.ee\\\/\",\"name\":\"Ranoja\",\"description\":\"Equipment Shop WooCommerce WordPress Theme for Machine &amp; Tools\",\"publisher\":{\"@id\":\"https:\\\/\\\/ranoja.ee\\\/#organization\"},\"potentialAction\":[{\"@type\":\"SearchAction\",\"target\":{\"@type\":\"EntryPoint\",\"urlTemplate\":\"https:\\\/\\\/ranoja.ee\\\/?s={search_term_string}\"},\"query-input\":{\"@type\":\"PropertyValueSpecification\",\"valueRequired\":true,\"valueName\":\"search_term_string\"}}],\"inLanguage\":\"en-US\"},{\"@type\":\"Organization\",\"@id\":\"https:\\\/\\\/ranoja.ee\\\/#organization\",\"name\":\"Ranoja O\u00dc\",\"url\":\"https:\\\/\\\/ranoja.ee\\\/\",\"logo\":{\"@type\":\"ImageObject\",\"inLanguage\":\"en-US\",\"@id\":\"https:\\\/\\\/ranoja.ee\\\/#\\\/schema\\\/logo\\\/image\\\/\",\"url\":\"https:\\\/\\\/ranoja.ee\\\/wp-content\\\/uploads\\\/2023\\\/11\\\/ranoja-Logo.png\",\"contentUrl\":\"https:\\\/\\\/ranoja.ee\\\/wp-content\\\/uploads\\\/2023\\\/11\\\/ranoja-Logo.png\",\"width\":207,\"height\":58,\"caption\":\"Ranoja O\u00dc\"},\"image\":{\"@id\":\"https:\\\/\\\/ranoja.ee\\\/#\\\/schema\\\/logo\\\/image\\\/\"},\"sameAs\":[\"https:\\\/\\\/www.facebook.com\\\/ranoja.ee\",\"https:\\\/\\\/www.instagram.com\\\/ranoja__\\\/\"]}]}<\/script>\n<!-- \/ Yoast SEO plugin. -->","yoast_head_json":{"title":"Lumag bensiinimootoriga betoonisilur BT900","description":"Lumag bensiinimootoriga betoonisilur BT900 Betoonisilur t\u00f6\u00f6tab 1-silindrilise, 4-taktise Loncin G200F bensiinimootoriga, mille t\u00f6\u00f6maht on umbes 196 cm","robots":{"index":"index","follow":"follow","max-snippet":"max-snippet:-1","max-image-preview":"max-image-preview:large","max-video-preview":"max-video-preview:-1"},"canonical":"https:\/\/ranoja.ee\/toode\/lumag-bensiinimootoriga-betoonisilur-bt900\/","og_locale":"en_US","og_type":"article","og_title":"Lumag bensiinimootoriga betoonisilur BT900","og_description":"Lumag bensiinimootoriga betoonisilur BT900 Betoonisilur t\u00f6\u00f6tab 1-silindrilise, 4-taktise Loncin G200F bensiinimootoriga, mille t\u00f6\u00f6maht on umbes 196 cm","og_url":"https:\/\/ranoja.ee\/toode\/lumag-bensiinimootoriga-betoonisilur-bt900\/","og_site_name":"Ranoja","article_publisher":"https:\/\/www.facebook.com\/ranoja.ee","article_modified_time":"2026-02-04T12:17:30+00:00","og_image":[{"width":1500,"height":1500,"url":"https:\/\/ranoja.ee\/wp-content\/uploads\/2026\/02\/Lumag-bensiinimootoriga-betoonisilur-BT900.png","type":"image\/png"}],"twitter_card":"summary_large_image","twitter_misc":{"Est. reading time":"2 minutes"},"schema":{"@context":"https:\/\/schema.org","@graph":[{"@type":"WebPage","@id":"https:\/\/ranoja.ee\/toode\/lumag-bensiinimootoriga-betoonisilur-bt900\/","url":"https:\/\/ranoja.ee\/toode\/lumag-bensiinimootoriga-betoonisilur-bt900\/","name":"Lumag bensiinimootoriga betoonisilur BT900","isPartOf":{"@id":"https:\/\/ranoja.ee\/#website"},"primaryImageOfPage":{"@id":"https:\/\/ranoja.ee\/toode\/lumag-bensiinimootoriga-betoonisilur-bt900\/#primaryimage"},"image":{"@id":"https:\/\/ranoja.ee\/toode\/lumag-bensiinimootoriga-betoonisilur-bt900\/#primaryimage"},"thumbnailUrl":"https:\/\/ranoja.ee\/wp-content\/uploads\/2026\/02\/Lumag-bensiinimootoriga-betoonisilur-BT900.png","datePublished":"2026-02-04T11:57:56+00:00","dateModified":"2026-02-04T12:17:30+00:00","description":"Lumag bensiinimootoriga betoonisilur BT900 Betoonisilur t\u00f6\u00f6tab 1-silindrilise, 4-taktise Loncin G200F bensiinimootoriga, mille t\u00f6\u00f6maht on umbes 196 cm","breadcrumb":{"@id":"https:\/\/ranoja.ee\/toode\/lumag-bensiinimootoriga-betoonisilur-bt900\/#breadcrumb"},"inLanguage":"en-US","potentialAction":[{"@type":"ReadAction","target":["https:\/\/ranoja.ee\/toode\/lumag-bensiinimootoriga-betoonisilur-bt900\/"]}]},{"@type":"ImageObject","inLanguage":"en-US","@id":"https:\/\/ranoja.ee\/toode\/lumag-bensiinimootoriga-betoonisilur-bt900\/#primaryimage","url":"https:\/\/ranoja.ee\/wp-content\/uploads\/2026\/02\/Lumag-bensiinimootoriga-betoonisilur-BT900.png","contentUrl":"https:\/\/ranoja.ee\/wp-content\/uploads\/2026\/02\/Lumag-bensiinimootoriga-betoonisilur-BT900.png","width":1500,"height":1500,"caption":"Lumag bensiinimootoriga betoonisilur BT900"},{"@type":"BreadcrumbList","@id":"https:\/\/ranoja.ee\/toode\/lumag-bensiinimootoriga-betoonisilur-bt900\/#breadcrumb","itemListElement":[{"@type":"ListItem","position":1,"name":"Home","item":"https:\/\/ranoja.ee\/"},{"@type":"ListItem","position":2,"name":"Shop","item":"https:\/\/ranoja.ee\/en\/shop\/"},{"@type":"ListItem","position":3,"name":"Lumag bensiinimootoriga betoonisilur BT900"}]},{"@type":"WebSite","@id":"https:\/\/ranoja.ee\/#website","url":"https:\/\/ranoja.ee\/","name":"Ranoja","description":"Equipment Shop WooCommerce WordPress Theme for Machine &amp; Tools","publisher":{"@id":"https:\/\/ranoja.ee\/#organization"},"potentialAction":[{"@type":"SearchAction","target":{"@type":"EntryPoint","urlTemplate":"https:\/\/ranoja.ee\/?s={search_term_string}"},"query-input":{"@type":"PropertyValueSpecification","valueRequired":true,"valueName":"search_term_string"}}],"inLanguage":"en-US"},{"@type":"Organization","@id":"https:\/\/ranoja.ee\/#organization","name":"Ranoja O\u00dc","url":"https:\/\/ranoja.ee\/","logo":{"@type":"ImageObject","inLanguage":"en-US","@id":"https:\/\/ranoja.ee\/#\/schema\/logo\/image\/","url":"https:\/\/ranoja.ee\/wp-content\/uploads\/2023\/11\/ranoja-Logo.png","contentUrl":"https:\/\/ranoja.ee\/wp-content\/uploads\/2023\/11\/ranoja-Logo.png","width":207,"height":58,"caption":"Ranoja O\u00dc"},"image":{"@id":"https:\/\/ranoja.ee\/#\/schema\/logo\/image\/"},"sameAs":["https:\/\/www.facebook.com\/ranoja.ee","https:\/\/www.instagram.com\/ranoja__\/"]}]}},"_links":{"self":[{"href":"https:\/\/ranoja.ee\/en\/wp-json\/wp\/v2\/product\/29562","targetHints":{"allow":["GET"]}}],"collection":[{"href":"https:\/\/ranoja.ee\/en\/wp-json\/wp\/v2\/product"}],"about":[{"href":"https:\/\/ranoja.ee\/en\/wp-json\/wp\/v2\/types\/product"}],"wp:featuredmedia":[{"embeddable":true,"href":"https:\/\/ranoja.ee\/en\/wp-json\/wp\/v2\/media\/29571"}],"wp:attachment":[{"href":"https:\/\/ranoja.ee\/en\/wp-json\/wp\/v2\/media?parent=29562"}],"wp:term":[{"taxonomy":"product_cat","embeddable":true,"href":"https:\/\/ranoja.ee\/en\/wp-json\/wp\/v2\/product_cat?post=29562"},{"taxonomy":"product_tag","embeddable":true,"href":"https:\/\/ranoja.ee\/en\/wp-json\/wp\/v2\/product_tag?post=29562"}],"curies":[{"name":"wp","href":"https:\/\/api.w.org\/{rel}","templated":true}]}}