{"id":29550,"date":"2026-02-04T14:35:41","date_gmt":"2026-02-04T11:35:41","guid":{"rendered":"https:\/\/ranoja.ee\/?post_type=product&#038;p=29550"},"modified":"2026-02-04T14:57:36","modified_gmt":"2026-02-04T11:57:36","slug":"lumag-bensiinimootoriga-betoonisilur-bt800","status":"publish","type":"product","link":"https:\/\/ranoja.ee\/en\/toode\/lumag-bensiinimootoriga-betoonisilur-bt800\/","title":{"rendered":"Lumag bensiinimootoriga betoonisilur BT800"},"content":{"rendered":"<p>Lumag bensiinimootoriga betoonisilur BT800<\/p>\n<p>Professionaalne bensiinimootoriga betoonpindade silumise masin, mida kasutatakse peamiselt betoonp\u00f5randate viimistlemiseks pinnapealseks tasandamiseks ja siledaks muutmiseks p\u00e4rast valamist. See on loodud nii profikasutajatele kui ka t\u00f5sisematele ise\u00adehitajatele, kes vajavad t\u00f6\u00f6riista suuremate pindade kvaliteetseks viimistlemiseks. Sobib kasutamiseks kohtades, kus elektriga varustatus on piiratud. BT800 t\u00f6\u00f6tab 1-silindrilise, 4-taktise Loncin G200F bensiinimootoriga, mille t\u00f6\u00f6maht on umbes 196 cm\u00b3 ja v\u00f5imsus ca 4.1 kW, mis tagab piisava j\u00f5u silurite labade p\u00f6\u00f6ramiseks ja efektiivseks t\u00f6\u00f6ks igasuguse betoonpinnaga.<\/p>\n<p>Selle masina silumise element on rotor, mille diameeter on ligi 760 mm, millega on kinnitatud neli silumislaba. Labade nurk ja p\u00f6\u00f6rlemiskiirus (umbes 60\u2013100 rpm) on reguleeritavad, et kohandada t\u00f6\u00f6t tulemust vastavalt betooni omadustele ja soovitud siledusastmele. Silur on varustatud kaitser\u00f5ngaga, mis v\u00f5imaldab t\u00f6\u00f6tada vaevata kuni seina\u00e4\u00e4rteni, v\u00e4ltides servade mahaviimistlemisel k\u00e4sitsi t\u00f6\u00f6d ja s\u00e4\u00e4stes seel\u00e4bi aega.<\/p>\n<p>Lumag BT800 sobib h\u00e4sti mitmesugusteks betoonpindade viimistlust\u00f6\u00f6deks, sealhulgas t\u00f6\u00f6stuslike p\u00f5randate, garaa\u017eide, tehasealade ja koduste betoonplaatide siledaks muutmiseks. T\u00e4nu bensiinimootorile ei s\u00f5ltu seade elektrikaablist, mis annab paindlikkuse t\u00f6\u00f6 tegemiseks ka v\u00e4ljaspool rajatisi v\u00f5i suurtes avatud hoonetes. Masina j\u00f5udlus ja ohutus sobivad nii kogenud operaatoritele kui ka neile, kes soovivad saavutada professionaalseid tulemusi betooni viimistlemisel.<\/p>\n<p>Lumag bensiinimootoriga betoonisilur BT800<\/p>\n","protected":false},"excerpt":{"rendered":"<p>\u200bLumag bensiinimootoriga betoonisilur BT800<br \/>\nMootor \/ Ajam: 1-silindriline, 4-taktiline LONCIN G200F bensiinimootor<br \/>\nMootori v\u00f5imsus P1\/P2: 4.8\/4.1 kW 3000 p\/min juures<br \/>\nT\u00f6\u00f6maht: 196 cm\u00b3<br \/>\nBensiinipaagi maht: 3.6 l<br \/>\nMootori\u00f5li karteri maht: 0.6 l<br \/>\nK\u00e4ivituss\u00fcsteem: Tagasil\u00f6\u00f6gik\u00e4ivitus<br \/>\nRootori l\u00e4bim\u00f5\u00f5t: 760 mm<br \/>\nTerade arv: 4 TK<br \/>\nTera m\u00f5\u00f5tmed (P\/L): 260\/150 mm<br \/>\nTera nurk: 0-15\u00b0<br \/>\nTera p\u00f6\u00f6rlemiskiirus: 60\u2013100 p\/min<br \/>\nHeliv\u00f5imsustase LWA: 108 dB (A)<br \/>\nTootja: Lumag<br \/>\nMudel: BT800<br \/>\nTootekood: BT 800<br \/>\nKaal: 55 kg<br \/>\n<strong>Eeldatav tarneaeg 1-2 n\u00e4dalat<\/strong><\/p>\n","protected":false},"featured_media":29553,"template":"","meta":{"inline_featured_image":false},"product_cat":[100,1090],"product_tag":[3437,397,3439,3436,134,3435],"class_list":{"0":"post-29550","1":"product","2":"type-product","3":"status-publish","4":"has-post-thumbnail","6":"product_brand-lumag","7":"product_cat-betoonikopterid-ja-tihendajad","8":"product_cat-ehitustehnika","9":"product_tag-bensiinimootoriga-betoonisilur","10":"product_tag-betoonisilur","11":"product_tag-bt-800","12":"product_tag-bt800","13":"product_tag-lumag","14":"product_tag-lumag-bensiinimootoriga-betoonisilur-bt800","16":"first","17":"onbackorder","18":"taxable","19":"shipping-taxable","20":"purchasable","21":"product-type-simple"},"yoast_head":"<!-- This site is optimized with the Yoast SEO plugin v27.4 - https:\/\/yoast.com\/product\/yoast-seo-wordpress\/ -->\n<title>Lumag bensiinimootoriga betoonisilur BT800<\/title>\n<meta name=\"description\" content=\"Lumag bensiinimootoriga betoonisilur BT800 Betoonisilur t\u00f6\u00f6tab 1-silindrilise, 4-taktise Loncin G200F bensiinimootoriga, mille t\u00f6\u00f6maht on umbes 196 cm\u00b3\" \/>\n<meta name=\"robots\" content=\"index, follow, max-snippet:-1, max-image-preview:large, max-video-preview:-1\" \/>\n<link rel=\"canonical\" href=\"https:\/\/ranoja.ee\/toode\/lumag-bensiinimootoriga-betoonisilur-bt800\/\" \/>\n<meta property=\"og:locale\" content=\"en_US\" \/>\n<meta property=\"og:type\" content=\"article\" \/>\n<meta property=\"og:title\" content=\"Lumag bensiinimootoriga betoonisilur BT800\" \/>\n<meta property=\"og:description\" content=\"Lumag bensiinimootoriga betoonisilur BT800 Betoonisilur t\u00f6\u00f6tab 1-silindrilise, 4-taktise Loncin G200F bensiinimootoriga, mille t\u00f6\u00f6maht on umbes 196 cm\u00b3\" \/>\n<meta property=\"og:url\" content=\"https:\/\/ranoja.ee\/toode\/lumag-bensiinimootoriga-betoonisilur-bt800\/\" \/>\n<meta property=\"og:site_name\" content=\"Ranoja\" \/>\n<meta property=\"article:publisher\" content=\"https:\/\/www.facebook.com\/ranoja.ee\" \/>\n<meta property=\"article:modified_time\" content=\"2026-02-04T11:57:36+00:00\" \/>\n<meta property=\"og:image\" content=\"https:\/\/ranoja.ee\/wp-content\/uploads\/2026\/02\/Lumag-bensiinimootoriga-betoonisilur-BT800.png\" \/>\n\t<meta property=\"og:image:width\" content=\"1500\" \/>\n\t<meta property=\"og:image:height\" content=\"1500\" \/>\n\t<meta property=\"og:image:type\" content=\"image\/png\" \/>\n<meta name=\"twitter:card\" content=\"summary_large_image\" \/>\n<meta name=\"twitter:label1\" content=\"Est. reading time\" \/>\n\t<meta name=\"twitter:data1\" content=\"2 minutes\" \/>\n<script type=\"application\/ld+json\" class=\"yoast-schema-graph\">{\"@context\":\"https:\\\/\\\/schema.org\",\"@graph\":[{\"@type\":\"WebPage\",\"@id\":\"https:\\\/\\\/ranoja.ee\\\/toode\\\/lumag-bensiinimootoriga-betoonisilur-bt800\\\/\",\"url\":\"https:\\\/\\\/ranoja.ee\\\/toode\\\/lumag-bensiinimootoriga-betoonisilur-bt800\\\/\",\"name\":\"Lumag bensiinimootoriga betoonisilur BT800\",\"isPartOf\":{\"@id\":\"https:\\\/\\\/ranoja.ee\\\/#website\"},\"primaryImageOfPage\":{\"@id\":\"https:\\\/\\\/ranoja.ee\\\/toode\\\/lumag-bensiinimootoriga-betoonisilur-bt800\\\/#primaryimage\"},\"image\":{\"@id\":\"https:\\\/\\\/ranoja.ee\\\/toode\\\/lumag-bensiinimootoriga-betoonisilur-bt800\\\/#primaryimage\"},\"thumbnailUrl\":\"https:\\\/\\\/ranoja.ee\\\/wp-content\\\/uploads\\\/2026\\\/02\\\/Lumag-bensiinimootoriga-betoonisilur-BT800.png\",\"datePublished\":\"2026-02-04T11:35:41+00:00\",\"dateModified\":\"2026-02-04T11:57:36+00:00\",\"description\":\"Lumag bensiinimootoriga betoonisilur BT800 Betoonisilur t\u00f6\u00f6tab 1-silindrilise, 4-taktise Loncin G200F bensiinimootoriga, mille t\u00f6\u00f6maht on umbes 196 cm\u00b3\",\"breadcrumb\":{\"@id\":\"https:\\\/\\\/ranoja.ee\\\/toode\\\/lumag-bensiinimootoriga-betoonisilur-bt800\\\/#breadcrumb\"},\"inLanguage\":\"en-US\",\"potentialAction\":[{\"@type\":\"ReadAction\",\"target\":[\"https:\\\/\\\/ranoja.ee\\\/toode\\\/lumag-bensiinimootoriga-betoonisilur-bt800\\\/\"]}]},{\"@type\":\"ImageObject\",\"inLanguage\":\"en-US\",\"@id\":\"https:\\\/\\\/ranoja.ee\\\/toode\\\/lumag-bensiinimootoriga-betoonisilur-bt800\\\/#primaryimage\",\"url\":\"https:\\\/\\\/ranoja.ee\\\/wp-content\\\/uploads\\\/2026\\\/02\\\/Lumag-bensiinimootoriga-betoonisilur-BT800.png\",\"contentUrl\":\"https:\\\/\\\/ranoja.ee\\\/wp-content\\\/uploads\\\/2026\\\/02\\\/Lumag-bensiinimootoriga-betoonisilur-BT800.png\",\"width\":1500,\"height\":1500,\"caption\":\"Lumag bensiinimootoriga betoonisilur BT800\"},{\"@type\":\"BreadcrumbList\",\"@id\":\"https:\\\/\\\/ranoja.ee\\\/toode\\\/lumag-bensiinimootoriga-betoonisilur-bt800\\\/#breadcrumb\",\"itemListElement\":[{\"@type\":\"ListItem\",\"position\":1,\"name\":\"Home\",\"item\":\"https:\\\/\\\/ranoja.ee\\\/\"},{\"@type\":\"ListItem\",\"position\":2,\"name\":\"Shop\",\"item\":\"https:\\\/\\\/ranoja.ee\\\/en\\\/shop\\\/\"},{\"@type\":\"ListItem\",\"position\":3,\"name\":\"Lumag bensiinimootoriga betoonisilur BT800\"}]},{\"@type\":\"WebSite\",\"@id\":\"https:\\\/\\\/ranoja.ee\\\/#website\",\"url\":\"https:\\\/\\\/ranoja.ee\\\/\",\"name\":\"Ranoja\",\"description\":\"Equipment Shop WooCommerce WordPress Theme for Machine &amp; Tools\",\"publisher\":{\"@id\":\"https:\\\/\\\/ranoja.ee\\\/#organization\"},\"potentialAction\":[{\"@type\":\"SearchAction\",\"target\":{\"@type\":\"EntryPoint\",\"urlTemplate\":\"https:\\\/\\\/ranoja.ee\\\/?s={search_term_string}\"},\"query-input\":{\"@type\":\"PropertyValueSpecification\",\"valueRequired\":true,\"valueName\":\"search_term_string\"}}],\"inLanguage\":\"en-US\"},{\"@type\":\"Organization\",\"@id\":\"https:\\\/\\\/ranoja.ee\\\/#organization\",\"name\":\"Ranoja O\u00dc\",\"url\":\"https:\\\/\\\/ranoja.ee\\\/\",\"logo\":{\"@type\":\"ImageObject\",\"inLanguage\":\"en-US\",\"@id\":\"https:\\\/\\\/ranoja.ee\\\/#\\\/schema\\\/logo\\\/image\\\/\",\"url\":\"https:\\\/\\\/ranoja.ee\\\/wp-content\\\/uploads\\\/2023\\\/11\\\/ranoja-Logo.png\",\"contentUrl\":\"https:\\\/\\\/ranoja.ee\\\/wp-content\\\/uploads\\\/2023\\\/11\\\/ranoja-Logo.png\",\"width\":207,\"height\":58,\"caption\":\"Ranoja O\u00dc\"},\"image\":{\"@id\":\"https:\\\/\\\/ranoja.ee\\\/#\\\/schema\\\/logo\\\/image\\\/\"},\"sameAs\":[\"https:\\\/\\\/www.facebook.com\\\/ranoja.ee\",\"https:\\\/\\\/www.instagram.com\\\/ranoja__\\\/\"]}]}<\/script>\n<!-- \/ Yoast SEO plugin. -->","yoast_head_json":{"title":"Lumag bensiinimootoriga betoonisilur BT800","description":"Lumag bensiinimootoriga betoonisilur BT800 Betoonisilur t\u00f6\u00f6tab 1-silindrilise, 4-taktise Loncin G200F bensiinimootoriga, mille t\u00f6\u00f6maht on umbes 196 cm\u00b3","robots":{"index":"index","follow":"follow","max-snippet":"max-snippet:-1","max-image-preview":"max-image-preview:large","max-video-preview":"max-video-preview:-1"},"canonical":"https:\/\/ranoja.ee\/toode\/lumag-bensiinimootoriga-betoonisilur-bt800\/","og_locale":"en_US","og_type":"article","og_title":"Lumag bensiinimootoriga betoonisilur BT800","og_description":"Lumag bensiinimootoriga betoonisilur BT800 Betoonisilur t\u00f6\u00f6tab 1-silindrilise, 4-taktise Loncin G200F bensiinimootoriga, mille t\u00f6\u00f6maht on umbes 196 cm\u00b3","og_url":"https:\/\/ranoja.ee\/toode\/lumag-bensiinimootoriga-betoonisilur-bt800\/","og_site_name":"Ranoja","article_publisher":"https:\/\/www.facebook.com\/ranoja.ee","article_modified_time":"2026-02-04T11:57:36+00:00","og_image":[{"width":1500,"height":1500,"url":"https:\/\/ranoja.ee\/wp-content\/uploads\/2026\/02\/Lumag-bensiinimootoriga-betoonisilur-BT800.png","type":"image\/png"}],"twitter_card":"summary_large_image","twitter_misc":{"Est. reading time":"2 minutes"},"schema":{"@context":"https:\/\/schema.org","@graph":[{"@type":"WebPage","@id":"https:\/\/ranoja.ee\/toode\/lumag-bensiinimootoriga-betoonisilur-bt800\/","url":"https:\/\/ranoja.ee\/toode\/lumag-bensiinimootoriga-betoonisilur-bt800\/","name":"Lumag bensiinimootoriga betoonisilur BT800","isPartOf":{"@id":"https:\/\/ranoja.ee\/#website"},"primaryImageOfPage":{"@id":"https:\/\/ranoja.ee\/toode\/lumag-bensiinimootoriga-betoonisilur-bt800\/#primaryimage"},"image":{"@id":"https:\/\/ranoja.ee\/toode\/lumag-bensiinimootoriga-betoonisilur-bt800\/#primaryimage"},"thumbnailUrl":"https:\/\/ranoja.ee\/wp-content\/uploads\/2026\/02\/Lumag-bensiinimootoriga-betoonisilur-BT800.png","datePublished":"2026-02-04T11:35:41+00:00","dateModified":"2026-02-04T11:57:36+00:00","description":"Lumag bensiinimootoriga betoonisilur BT800 Betoonisilur t\u00f6\u00f6tab 1-silindrilise, 4-taktise Loncin G200F bensiinimootoriga, mille t\u00f6\u00f6maht on umbes 196 cm\u00b3","breadcrumb":{"@id":"https:\/\/ranoja.ee\/toode\/lumag-bensiinimootoriga-betoonisilur-bt800\/#breadcrumb"},"inLanguage":"en-US","potentialAction":[{"@type":"ReadAction","target":["https:\/\/ranoja.ee\/toode\/lumag-bensiinimootoriga-betoonisilur-bt800\/"]}]},{"@type":"ImageObject","inLanguage":"en-US","@id":"https:\/\/ranoja.ee\/toode\/lumag-bensiinimootoriga-betoonisilur-bt800\/#primaryimage","url":"https:\/\/ranoja.ee\/wp-content\/uploads\/2026\/02\/Lumag-bensiinimootoriga-betoonisilur-BT800.png","contentUrl":"https:\/\/ranoja.ee\/wp-content\/uploads\/2026\/02\/Lumag-bensiinimootoriga-betoonisilur-BT800.png","width":1500,"height":1500,"caption":"Lumag bensiinimootoriga betoonisilur BT800"},{"@type":"BreadcrumbList","@id":"https:\/\/ranoja.ee\/toode\/lumag-bensiinimootoriga-betoonisilur-bt800\/#breadcrumb","itemListElement":[{"@type":"ListItem","position":1,"name":"Home","item":"https:\/\/ranoja.ee\/"},{"@type":"ListItem","position":2,"name":"Shop","item":"https:\/\/ranoja.ee\/en\/shop\/"},{"@type":"ListItem","position":3,"name":"Lumag bensiinimootoriga betoonisilur BT800"}]},{"@type":"WebSite","@id":"https:\/\/ranoja.ee\/#website","url":"https:\/\/ranoja.ee\/","name":"Ranoja","description":"Equipment Shop WooCommerce WordPress Theme for Machine &amp; Tools","publisher":{"@id":"https:\/\/ranoja.ee\/#organization"},"potentialAction":[{"@type":"SearchAction","target":{"@type":"EntryPoint","urlTemplate":"https:\/\/ranoja.ee\/?s={search_term_string}"},"query-input":{"@type":"PropertyValueSpecification","valueRequired":true,"valueName":"search_term_string"}}],"inLanguage":"en-US"},{"@type":"Organization","@id":"https:\/\/ranoja.ee\/#organization","name":"Ranoja O\u00dc","url":"https:\/\/ranoja.ee\/","logo":{"@type":"ImageObject","inLanguage":"en-US","@id":"https:\/\/ranoja.ee\/#\/schema\/logo\/image\/","url":"https:\/\/ranoja.ee\/wp-content\/uploads\/2023\/11\/ranoja-Logo.png","contentUrl":"https:\/\/ranoja.ee\/wp-content\/uploads\/2023\/11\/ranoja-Logo.png","width":207,"height":58,"caption":"Ranoja O\u00dc"},"image":{"@id":"https:\/\/ranoja.ee\/#\/schema\/logo\/image\/"},"sameAs":["https:\/\/www.facebook.com\/ranoja.ee","https:\/\/www.instagram.com\/ranoja__\/"]}]}},"_links":{"self":[{"href":"https:\/\/ranoja.ee\/en\/wp-json\/wp\/v2\/product\/29550","targetHints":{"allow":["GET"]}}],"collection":[{"href":"https:\/\/ranoja.ee\/en\/wp-json\/wp\/v2\/product"}],"about":[{"href":"https:\/\/ranoja.ee\/en\/wp-json\/wp\/v2\/types\/product"}],"wp:featuredmedia":[{"embeddable":true,"href":"https:\/\/ranoja.ee\/en\/wp-json\/wp\/v2\/media\/29553"}],"wp:attachment":[{"href":"https:\/\/ranoja.ee\/en\/wp-json\/wp\/v2\/media?parent=29550"}],"wp:term":[{"taxonomy":"product_cat","embeddable":true,"href":"https:\/\/ranoja.ee\/en\/wp-json\/wp\/v2\/product_cat?post=29550"},{"taxonomy":"product_tag","embeddable":true,"href":"https:\/\/ranoja.ee\/en\/wp-json\/wp\/v2\/product_tag?post=29550"}],"curies":[{"name":"wp","href":"https:\/\/api.w.org\/{rel}","templated":true}]}}