{"id":29537,"date":"2026-02-04T13:59:56","date_gmt":"2026-02-04T10:59:56","guid":{"rendered":"https:\/\/ranoja.ee\/?post_type=product&#038;p=29537"},"modified":"2026-02-04T13:59:57","modified_gmt":"2026-02-04T10:59:57","slug":"lumag-bensiinimootoriga-betooniloikur-ts-350g-pro","status":"publish","type":"product","link":"https:\/\/ranoja.ee\/en\/toode\/lumag-bensiinimootoriga-betooniloikur-ts-350g-pro\/","title":{"rendered":"Lumag bensiinimootoriga betoonil\u00f5ikur TS 350G-PRO"},"content":{"rendered":"<p>Lumag bensiinimootoriga betoonil\u00f5ikur TS 350G-PRO<\/p>\n<p>Lumag betoonil\u00f5ikur on k\u00e4sitsi juhitav, bensiinimootoriga betooni- ja ehitusmaterjalide l\u00f5ikamise t\u00f6\u00f6riist. On m\u00f5eldud kasutamiseks seal, kus elektriv\u00f5rku pole v\u00f5i kus on vaja paindlikkust ja mobiilsust. See mudel t\u00f6\u00f6tab 2-taktilise bensiinimootoriga umbes 64 cm\u00b3 t\u00f6\u00f6mahuga. See annab v\u00f5imu l\u00f5ikeketta juhtimiseks ja tagab efektiivse l\u00f5ikev\u00f5imsuse isegi raskemates tingimustes. <\/p>\n<p>Betoonil\u00f5ikur on varustatud 350 mm diameetriga l\u00f5ikekettaga ning maksimaalse l\u00f5ikes\u00fcgavusega umbes 125 mm. See teeb sellest sobiva t\u00f6\u00f6riista erinevate betoon-, tellis-, asfaldi- ja kivit\u00f6\u00f6de tegemiseks. Masinat saab kasutada nii kuivaks kui m\u00e4rgaks l\u00f5ikamiseks, kui lisatakse veevarustus, mis v\u00e4hendab tolmu ja pikendab ketta eluiga. <\/p>\n<p>Seade on disainitud t\u00f6\u00f6stuslikule ja poolprofessionaalsele kasutajale, kes vajab t\u00f6\u00f6riista n\u00e4iteks teede, plaatide, servakivide, m\u00fc\u00fcritise ja betoonpindade l\u00f5ikamiseks v\u00f5i l\u00fchendamiseks. Sobib h\u00e4sti ka torude, pinkide ja muude ehitusdetailide ettevalmistamiseks v\u00f5i kohandamiseks. <\/p>\n<p>Ergonoomiline k\u00e4epide, tasakaalustatud konstruktsioon ja piisav mootori v\u00f5imsus teevad l\u00f5ikuri suhteliselt kergeks k\u00e4sitseda ka pikemaajalisel kasutamisel, v\u00f5rreldes suurte, staatiliste l\u00f5ikemasinate v\u00f5i ainult elektritoitel t\u00f6\u00f6riistadega. Kuna t\u00f6\u00f6tab bensiinimootoriga, ei s\u00f5ltu seade elektrijuhtmetest, mist\u00f5ttu sobib ideaalselt v\u00e4lit\u00f6\u00f6deks, ehitusplatsidele, t\u00e4nava- v\u00f5i teet\u00f6\u00f6dele ja kohtadesse, kus elektri\u00fchendust pole saadaval. <\/p>\n<p>Lumag bensiinimootoriga betoonil\u00f5ikur TS 350G-PRO<\/p>\n","protected":false},"excerpt":{"rendered":"<p>Lumag bensiinimootoriga betoonil\u00f5ikur TS 350G-PRO<br \/>\nBensiiniootor: 1-silindriline, 2-taktiline \u00f5hkjahutusega<br \/>\nT\u00f6\u00f6maht: 74 cm\u00b3<br \/>\nV\u00f5imsus: 3.5 kW 8000 p\/min juures<br \/>\nMaksimaalne kiirus koormuseta: 9500 p\/min<br \/>\nT\u00fchik\u00e4igukiirus: 3000 \u00b1 300 p\/min<br \/>\nK\u00fctuse segu: 1:40<br \/>\nK\u00fctusepaagi maht: 1.1 liitrit<br \/>\nK\u00e4ivituss\u00fcsteem: Tagasil\u00f6\u00f6gik\u00e4iviti<br \/>\nMaksimaalne l\u00f5ikes\u00fcgavus: 125 mm<br \/>\nTeemantl\u00f5ikeketta l\u00e4bim\u00f5\u00f5t: 350 x 25.4 mm<br \/>\nMaksimaalne spindli kiirus: 4600 p\/min<br \/>\nM\u00fcratase LWA: 116 dB(A)<br \/>\n\u200bTootja: Lumag<br \/>\nMudel: TS 350G-PRO<br \/>\nTootekood: TS350GPRO<br \/>\nKaal: 14 kg<br \/>\n<strong>Eeldatav tarneaeg 1-2 n\u00e4dalat<\/strong><\/p>\n","protected":false},"featured_media":29542,"template":"","meta":{"inline_featured_image":false},"product_cat":[1131,1090],"product_tag":[1070,3433,134,3432,3431,3434],"class_list":{"0":"post-29537","1":"product","2":"type-product","3":"status-publish","4":"has-post-thumbnail","6":"product_brand-lumag","7":"product_cat-betooniloikurid","8":"product_cat-ehitustehnika","9":"product_tag-bensiinimootoriga-betooniloikur","10":"product_tag-betooniloikur","11":"product_tag-lumag","12":"product_tag-lumag-bensiinimootoriga-betooniloikur-ts-350g-pro","13":"product_tag-ts-350g-pro","14":"product_tag-ts350gpro","16":"first","17":"onbackorder","18":"taxable","19":"shipping-taxable","20":"purchasable","21":"product-type-simple"},"yoast_head":"<!-- This site is optimized with the Yoast SEO plugin v27.4 - https:\/\/yoast.com\/product\/yoast-seo-wordpress\/ -->\n<title>Lumag bensiinimootoriga betoonil\u00f5ikur TS 350G-PRO<\/title>\n<meta name=\"description\" content=\"Lumag bensiinimootoriga betoonil\u00f5ikur TS 350G-PRO On varustatud 350 mm diameetriga l\u00f5ikekettaga ning maksimaalse l\u00f5ikes\u00fcgavusega umbes 125 mm.\" \/>\n<meta name=\"robots\" content=\"index, follow, max-snippet:-1, max-image-preview:large, max-video-preview:-1\" \/>\n<link rel=\"canonical\" href=\"https:\/\/ranoja.ee\/toode\/lumag-bensiinimootoriga-betooniloikur-ts-350g-pro\/\" \/>\n<meta property=\"og:locale\" content=\"en_US\" \/>\n<meta property=\"og:type\" content=\"article\" \/>\n<meta property=\"og:title\" content=\"Lumag bensiinimootoriga betoonil\u00f5ikur TS 350G-PRO\" \/>\n<meta property=\"og:description\" content=\"Lumag bensiinimootoriga betoonil\u00f5ikur TS 350G-PRO On varustatud 350 mm diameetriga l\u00f5ikekettaga ning maksimaalse l\u00f5ikes\u00fcgavusega umbes 125 mm.\" \/>\n<meta property=\"og:url\" content=\"https:\/\/ranoja.ee\/toode\/lumag-bensiinimootoriga-betooniloikur-ts-350g-pro\/\" \/>\n<meta property=\"og:site_name\" content=\"Ranoja\" \/>\n<meta property=\"article:publisher\" content=\"https:\/\/www.facebook.com\/ranoja.ee\" \/>\n<meta property=\"article:modified_time\" content=\"2026-02-04T10:59:57+00:00\" \/>\n<meta property=\"og:image\" content=\"https:\/\/ranoja.ee\/wp-content\/uploads\/2026\/02\/Lumag-bensiinimootoriga-betooniloikur-TS-350G-PRO-3.png\" \/>\n\t<meta property=\"og:image:width\" content=\"1500\" \/>\n\t<meta property=\"og:image:height\" content=\"1500\" \/>\n\t<meta property=\"og:image:type\" content=\"image\/png\" \/>\n<meta name=\"twitter:card\" content=\"summary_large_image\" \/>\n<meta name=\"twitter:label1\" content=\"Est. reading time\" \/>\n\t<meta name=\"twitter:data1\" content=\"1 minute\" \/>\n<script type=\"application\/ld+json\" class=\"yoast-schema-graph\">{\"@context\":\"https:\\\/\\\/schema.org\",\"@graph\":[{\"@type\":\"WebPage\",\"@id\":\"https:\\\/\\\/ranoja.ee\\\/toode\\\/lumag-bensiinimootoriga-betooniloikur-ts-350g-pro\\\/\",\"url\":\"https:\\\/\\\/ranoja.ee\\\/toode\\\/lumag-bensiinimootoriga-betooniloikur-ts-350g-pro\\\/\",\"name\":\"Lumag bensiinimootoriga betoonil\u00f5ikur TS 350G-PRO\",\"isPartOf\":{\"@id\":\"https:\\\/\\\/ranoja.ee\\\/#website\"},\"primaryImageOfPage\":{\"@id\":\"https:\\\/\\\/ranoja.ee\\\/toode\\\/lumag-bensiinimootoriga-betooniloikur-ts-350g-pro\\\/#primaryimage\"},\"image\":{\"@id\":\"https:\\\/\\\/ranoja.ee\\\/toode\\\/lumag-bensiinimootoriga-betooniloikur-ts-350g-pro\\\/#primaryimage\"},\"thumbnailUrl\":\"https:\\\/\\\/ranoja.ee\\\/wp-content\\\/uploads\\\/2026\\\/02\\\/Lumag-bensiinimootoriga-betooniloikur-TS-350G-PRO-3.png\",\"datePublished\":\"2026-02-04T10:59:56+00:00\",\"dateModified\":\"2026-02-04T10:59:57+00:00\",\"description\":\"Lumag bensiinimootoriga betoonil\u00f5ikur TS 350G-PRO On varustatud 350 mm diameetriga l\u00f5ikekettaga ning maksimaalse l\u00f5ikes\u00fcgavusega umbes 125 mm.\",\"breadcrumb\":{\"@id\":\"https:\\\/\\\/ranoja.ee\\\/toode\\\/lumag-bensiinimootoriga-betooniloikur-ts-350g-pro\\\/#breadcrumb\"},\"inLanguage\":\"en-US\",\"potentialAction\":[{\"@type\":\"ReadAction\",\"target\":[\"https:\\\/\\\/ranoja.ee\\\/toode\\\/lumag-bensiinimootoriga-betooniloikur-ts-350g-pro\\\/\"]}]},{\"@type\":\"ImageObject\",\"inLanguage\":\"en-US\",\"@id\":\"https:\\\/\\\/ranoja.ee\\\/toode\\\/lumag-bensiinimootoriga-betooniloikur-ts-350g-pro\\\/#primaryimage\",\"url\":\"https:\\\/\\\/ranoja.ee\\\/wp-content\\\/uploads\\\/2026\\\/02\\\/Lumag-bensiinimootoriga-betooniloikur-TS-350G-PRO-3.png\",\"contentUrl\":\"https:\\\/\\\/ranoja.ee\\\/wp-content\\\/uploads\\\/2026\\\/02\\\/Lumag-bensiinimootoriga-betooniloikur-TS-350G-PRO-3.png\",\"width\":1500,\"height\":1500,\"caption\":\"Lumag bensiinimootoriga betoonil\u00f5ikur TS 350G-PRO\"},{\"@type\":\"BreadcrumbList\",\"@id\":\"https:\\\/\\\/ranoja.ee\\\/toode\\\/lumag-bensiinimootoriga-betooniloikur-ts-350g-pro\\\/#breadcrumb\",\"itemListElement\":[{\"@type\":\"ListItem\",\"position\":1,\"name\":\"Home\",\"item\":\"https:\\\/\\\/ranoja.ee\\\/\"},{\"@type\":\"ListItem\",\"position\":2,\"name\":\"Shop\",\"item\":\"https:\\\/\\\/ranoja.ee\\\/en\\\/shop\\\/\"},{\"@type\":\"ListItem\",\"position\":3,\"name\":\"Lumag bensiinimootoriga betoonil\u00f5ikur TS 350G-PRO\"}]},{\"@type\":\"WebSite\",\"@id\":\"https:\\\/\\\/ranoja.ee\\\/#website\",\"url\":\"https:\\\/\\\/ranoja.ee\\\/\",\"name\":\"Ranoja\",\"description\":\"Equipment Shop WooCommerce WordPress Theme for Machine &amp; Tools\",\"publisher\":{\"@id\":\"https:\\\/\\\/ranoja.ee\\\/#organization\"},\"potentialAction\":[{\"@type\":\"SearchAction\",\"target\":{\"@type\":\"EntryPoint\",\"urlTemplate\":\"https:\\\/\\\/ranoja.ee\\\/?s={search_term_string}\"},\"query-input\":{\"@type\":\"PropertyValueSpecification\",\"valueRequired\":true,\"valueName\":\"search_term_string\"}}],\"inLanguage\":\"en-US\"},{\"@type\":\"Organization\",\"@id\":\"https:\\\/\\\/ranoja.ee\\\/#organization\",\"name\":\"Ranoja O\u00dc\",\"url\":\"https:\\\/\\\/ranoja.ee\\\/\",\"logo\":{\"@type\":\"ImageObject\",\"inLanguage\":\"en-US\",\"@id\":\"https:\\\/\\\/ranoja.ee\\\/#\\\/schema\\\/logo\\\/image\\\/\",\"url\":\"https:\\\/\\\/ranoja.ee\\\/wp-content\\\/uploads\\\/2023\\\/11\\\/ranoja-Logo.png\",\"contentUrl\":\"https:\\\/\\\/ranoja.ee\\\/wp-content\\\/uploads\\\/2023\\\/11\\\/ranoja-Logo.png\",\"width\":207,\"height\":58,\"caption\":\"Ranoja O\u00dc\"},\"image\":{\"@id\":\"https:\\\/\\\/ranoja.ee\\\/#\\\/schema\\\/logo\\\/image\\\/\"},\"sameAs\":[\"https:\\\/\\\/www.facebook.com\\\/ranoja.ee\",\"https:\\\/\\\/www.instagram.com\\\/ranoja__\\\/\"]}]}<\/script>\n<!-- \/ Yoast SEO plugin. -->","yoast_head_json":{"title":"Lumag bensiinimootoriga betoonil\u00f5ikur TS 350G-PRO","description":"Lumag bensiinimootoriga betoonil\u00f5ikur TS 350G-PRO On varustatud 350 mm diameetriga l\u00f5ikekettaga ning maksimaalse l\u00f5ikes\u00fcgavusega umbes 125 mm.","robots":{"index":"index","follow":"follow","max-snippet":"max-snippet:-1","max-image-preview":"max-image-preview:large","max-video-preview":"max-video-preview:-1"},"canonical":"https:\/\/ranoja.ee\/toode\/lumag-bensiinimootoriga-betooniloikur-ts-350g-pro\/","og_locale":"en_US","og_type":"article","og_title":"Lumag bensiinimootoriga betoonil\u00f5ikur TS 350G-PRO","og_description":"Lumag bensiinimootoriga betoonil\u00f5ikur TS 350G-PRO On varustatud 350 mm diameetriga l\u00f5ikekettaga ning maksimaalse l\u00f5ikes\u00fcgavusega umbes 125 mm.","og_url":"https:\/\/ranoja.ee\/toode\/lumag-bensiinimootoriga-betooniloikur-ts-350g-pro\/","og_site_name":"Ranoja","article_publisher":"https:\/\/www.facebook.com\/ranoja.ee","article_modified_time":"2026-02-04T10:59:57+00:00","og_image":[{"width":1500,"height":1500,"url":"https:\/\/ranoja.ee\/wp-content\/uploads\/2026\/02\/Lumag-bensiinimootoriga-betooniloikur-TS-350G-PRO-3.png","type":"image\/png"}],"twitter_card":"summary_large_image","twitter_misc":{"Est. reading time":"1 minute"},"schema":{"@context":"https:\/\/schema.org","@graph":[{"@type":"WebPage","@id":"https:\/\/ranoja.ee\/toode\/lumag-bensiinimootoriga-betooniloikur-ts-350g-pro\/","url":"https:\/\/ranoja.ee\/toode\/lumag-bensiinimootoriga-betooniloikur-ts-350g-pro\/","name":"Lumag bensiinimootoriga betoonil\u00f5ikur TS 350G-PRO","isPartOf":{"@id":"https:\/\/ranoja.ee\/#website"},"primaryImageOfPage":{"@id":"https:\/\/ranoja.ee\/toode\/lumag-bensiinimootoriga-betooniloikur-ts-350g-pro\/#primaryimage"},"image":{"@id":"https:\/\/ranoja.ee\/toode\/lumag-bensiinimootoriga-betooniloikur-ts-350g-pro\/#primaryimage"},"thumbnailUrl":"https:\/\/ranoja.ee\/wp-content\/uploads\/2026\/02\/Lumag-bensiinimootoriga-betooniloikur-TS-350G-PRO-3.png","datePublished":"2026-02-04T10:59:56+00:00","dateModified":"2026-02-04T10:59:57+00:00","description":"Lumag bensiinimootoriga betoonil\u00f5ikur TS 350G-PRO On varustatud 350 mm diameetriga l\u00f5ikekettaga ning maksimaalse l\u00f5ikes\u00fcgavusega umbes 125 mm.","breadcrumb":{"@id":"https:\/\/ranoja.ee\/toode\/lumag-bensiinimootoriga-betooniloikur-ts-350g-pro\/#breadcrumb"},"inLanguage":"en-US","potentialAction":[{"@type":"ReadAction","target":["https:\/\/ranoja.ee\/toode\/lumag-bensiinimootoriga-betooniloikur-ts-350g-pro\/"]}]},{"@type":"ImageObject","inLanguage":"en-US","@id":"https:\/\/ranoja.ee\/toode\/lumag-bensiinimootoriga-betooniloikur-ts-350g-pro\/#primaryimage","url":"https:\/\/ranoja.ee\/wp-content\/uploads\/2026\/02\/Lumag-bensiinimootoriga-betooniloikur-TS-350G-PRO-3.png","contentUrl":"https:\/\/ranoja.ee\/wp-content\/uploads\/2026\/02\/Lumag-bensiinimootoriga-betooniloikur-TS-350G-PRO-3.png","width":1500,"height":1500,"caption":"Lumag bensiinimootoriga betoonil\u00f5ikur TS 350G-PRO"},{"@type":"BreadcrumbList","@id":"https:\/\/ranoja.ee\/toode\/lumag-bensiinimootoriga-betooniloikur-ts-350g-pro\/#breadcrumb","itemListElement":[{"@type":"ListItem","position":1,"name":"Home","item":"https:\/\/ranoja.ee\/"},{"@type":"ListItem","position":2,"name":"Shop","item":"https:\/\/ranoja.ee\/en\/shop\/"},{"@type":"ListItem","position":3,"name":"Lumag bensiinimootoriga betoonil\u00f5ikur TS 350G-PRO"}]},{"@type":"WebSite","@id":"https:\/\/ranoja.ee\/#website","url":"https:\/\/ranoja.ee\/","name":"Ranoja","description":"Equipment Shop WooCommerce WordPress Theme for Machine &amp; Tools","publisher":{"@id":"https:\/\/ranoja.ee\/#organization"},"potentialAction":[{"@type":"SearchAction","target":{"@type":"EntryPoint","urlTemplate":"https:\/\/ranoja.ee\/?s={search_term_string}"},"query-input":{"@type":"PropertyValueSpecification","valueRequired":true,"valueName":"search_term_string"}}],"inLanguage":"en-US"},{"@type":"Organization","@id":"https:\/\/ranoja.ee\/#organization","name":"Ranoja O\u00dc","url":"https:\/\/ranoja.ee\/","logo":{"@type":"ImageObject","inLanguage":"en-US","@id":"https:\/\/ranoja.ee\/#\/schema\/logo\/image\/","url":"https:\/\/ranoja.ee\/wp-content\/uploads\/2023\/11\/ranoja-Logo.png","contentUrl":"https:\/\/ranoja.ee\/wp-content\/uploads\/2023\/11\/ranoja-Logo.png","width":207,"height":58,"caption":"Ranoja O\u00dc"},"image":{"@id":"https:\/\/ranoja.ee\/#\/schema\/logo\/image\/"},"sameAs":["https:\/\/www.facebook.com\/ranoja.ee","https:\/\/www.instagram.com\/ranoja__\/"]}]}},"_links":{"self":[{"href":"https:\/\/ranoja.ee\/en\/wp-json\/wp\/v2\/product\/29537","targetHints":{"allow":["GET"]}}],"collection":[{"href":"https:\/\/ranoja.ee\/en\/wp-json\/wp\/v2\/product"}],"about":[{"href":"https:\/\/ranoja.ee\/en\/wp-json\/wp\/v2\/types\/product"}],"wp:featuredmedia":[{"embeddable":true,"href":"https:\/\/ranoja.ee\/en\/wp-json\/wp\/v2\/media\/29542"}],"wp:attachment":[{"href":"https:\/\/ranoja.ee\/en\/wp-json\/wp\/v2\/media?parent=29537"}],"wp:term":[{"taxonomy":"product_cat","embeddable":true,"href":"https:\/\/ranoja.ee\/en\/wp-json\/wp\/v2\/product_cat?post=29537"},{"taxonomy":"product_tag","embeddable":true,"href":"https:\/\/ranoja.ee\/en\/wp-json\/wp\/v2\/product_tag?post=29537"}],"curies":[{"name":"wp","href":"https:\/\/api.w.org\/{rel}","templated":true}]}}