{"id":29498,"date":"2026-02-04T11:52:25","date_gmt":"2026-02-04T08:52:25","guid":{"rendered":"https:\/\/ranoja.ee\/?post_type=product&#038;p=29498"},"modified":"2026-03-05T10:56:46","modified_gmt":"2026-03-05T07:56:46","slug":"robotniiduk-x9-12000-m2-sunseeker-kaablivaba","status":"publish","type":"product","link":"https:\/\/ranoja.ee\/en\/toode\/robotniiduk-x9-12000-m2-sunseeker-kaablivaba\/","title":{"rendered":"Robotniiduk X9 12000 m2 Sunseeker (kaablivaba)"},"content":{"rendered":"<p>Robotniiduk X9 12000 m2 Sunseeker (kaablivaba)<\/p>\n<p>Sunseeker Elite X9 robotniidukid kasutavad 16 anduriga taju\u00ads\u00fcsteemi, mis koos kaheksa kaamera ja 42\u2011kraadise ronimisv\u00f5imega v\u00f5imaldab iseseisvat t\u00f6\u00f6tamist keerukal maastikul. AONavi positsioneerimine on \u00fchendatud RTK ja VSLAM 2.0 tehnoloogiaga, pakkudes sentimeetrit\u00e4psusega navigeerimist ilma piirdekaablita.<\/p>\n<p>360\u00b0 OmniSight s\u00fcsteem tuvastab reaalajas takistusi, maastikku ja loomi, t\u00f6\u00f6tades ohutult ka pimedas. ATC Pro veos\u00fcsteem, nelikvedu ja s\u00f5ltumatu vedrustus tagavad stabiilsuse libedatel ja j\u00e4rskudel pindadel.<\/p>\n<p>EdgeZero v\u00f5imaldab niita t\u00e4pselt vastu seinu ja servasid. K\u00fclgne ToF kaamera ning automaatne takistuste v\u00e4ltimine lisavad t\u00e4psust. PioneerVolt kiirlaadimine l\u00fchendab laadimisaja 50 minutilt 20 minutile, 42V\/8Ah aku sobib suurematele aladele.<br \/>\nLisaks v\u00f5imaldab Fleet Management platvorm mitmel X9 niidukil t\u00f6\u00f6tada koordineeritud t\u00f6\u00f6r\u00fchmana, optimeerides marsruute ja hooldust.<\/p>\n<p>ERIOMADUSED<br \/>\nPiirdekaablita<br \/>\nAutomaatne kaardistamine<br \/>\nServade trimmimine: spetsiaalne lisavarustus<br \/>\nTakistuste tuvastamine Omni AI-ToF&#038;Vision + infrapuna<br \/>\nLCD ekraan<br \/>\nUjuv p\u00f5rkeraud<br \/>\n\u00dclekattega serval\u00f5ikus<br \/>\nIntelligentne teekonna planeerimine<br \/>\nUjuv niiduseade<br \/>\nElektriline niiduk\u00f5rguse seadistus<br \/>\nPiiramatu arv t\u00f6\u00f6tsoone<br \/>\nKellaajaline seadistus<br \/>\nVihmasensor<br \/>\nM\u00e4rgutuled<br \/>\n\u00d6\u00f6reziim<br \/>\n\u00dchenduvus Wifi\/Bluetooth\/4G<br \/>\nFOTA (FirmwareOverTheAir) tarkvarauuendused<br \/>\nAlexa \/ Google Home nutiassistendi tugi<\/p>\n<p>Robotniiduk X9 12000 m2 Sunseeker (kaablivaba)<\/p>\n","protected":false},"excerpt":{"rendered":"<p>Robotniiduk X9 12000 m2 Sunseeker (kaablivaba)<br \/>\nMaksimaalne niidetav ala: 12000 m\u00b2 \/ 48h<br \/>\nNavigeerimistehnoloogia: AONavi2.0 (nRTK+VSLAM) + 360\u00b0 OmniSight\u2122<br \/>\nKaamerad: Eesmine binokulaarne + iToF + infrapuna + k\u00fclgmised ToFView + dToF*2<br \/>\nTugijaamata paigaldus: nRTK 4G moodul + vargusevastane JAH, 5 aastat tasuta teenust<br \/>\nTekstuurikaart<br \/>\nNiiduk\u00f5rgus min.\/max: 20 &#8211; 100 mm<br \/>\nNiidulaius: 43 cm<br \/>\nAku: 8 Ah 42V<br \/>\nKiirlaadija 7A<br \/>\nMaksimaalne n\u00f5lva kalle: 42\u00b0 \/ 90 %<br \/>\nVedavad rattad: AWD (nelikvedu)<br \/>\nNiidukiirus maksimaalne: 0,6 m\/sek<br \/>\nM\u00fcratase: 60 dB (A)<br \/>\nTrimmeri m\u00f5\u00f5tmed t\u00f6\u00f6asendis\/kokku voldituna: 83 x 81 x 30.5 cm \/ 83 x 63,5 x 30.5 cm<br \/>\nKaal: 28 kg<\/p>\n<p><strong>Tootja garantii 2+1 aastat registreerides seadme 30 p\u00e4eva jooksul ostukuup\u00e4evast veebik\u00fcljel sunseekerelite.com<\/strong><\/p>\n<p><strong>Eeldatav tarneaeg MAI 2026<\/strong><br \/>\n[embed]https:\/\/www.youtube.com\/watch?v=r5i7G3k9ocE[\/embed]<br \/>\n[embed]https:\/\/www.youtube.com\/shorts\/LTlH_GPiBd8[\/embed]<\/p>\n","protected":false},"featured_media":29499,"template":"","meta":{"inline_featured_image":false},"product_cat":[1079,1080],"product_tag":[4187,1150,567,1144,4186,1798,1799,3427],"class_list":{"0":"post-29498","1":"product","2":"type-product","3":"status-publish","4":"has-post-thumbnail","6":"product_brand-sunseeker","7":"product_cat-aiatehnika-ja-niidutehnika","8":"product_cat-robotniidukid","9":"product_tag-kaablivaba-robot","10":"product_tag-mururobot","11":"product_tag-niiduk","12":"product_tag-robotniiduk","13":"product_tag-robotniiduk-x9-12000-m2-sunseeker-kaablivaba","14":"product_tag-sun-seeker","15":"product_tag-sunseeker","16":"product_tag-x9","18":"first","19":"onbackorder","20":"taxable","21":"shipping-taxable","22":"purchasable","23":"product-type-simple"},"yoast_head":"<!-- This site is optimized with the Yoast SEO plugin v27.4 - https:\/\/yoast.com\/product\/yoast-seo-wordpress\/ -->\n<title>Robotniiduk X9 12000 m2 Sunseeker (kaablivaba)<\/title>\n<meta name=\"description\" content=\"Robotniiduk X9 12000 m2 Sunseeker (kaablivaba) - Tehnoloogia AONavi2.0 (nRTK+VSLAM)+Vision AI. K\u00f5rge kvaliteediga kaablivaba robotniiduk teie aeda!\" \/>\n<meta name=\"robots\" content=\"index, follow, max-snippet:-1, max-image-preview:large, max-video-preview:-1\" \/>\n<link rel=\"canonical\" href=\"https:\/\/ranoja.ee\/toode\/robotniiduk-x9-12000-m2-sunseeker-kaablivaba\/\" \/>\n<meta property=\"og:locale\" content=\"en_US\" \/>\n<meta property=\"og:type\" content=\"article\" \/>\n<meta property=\"og:title\" content=\"Robotniiduk X9 12000 m2 Sunseeker (kaablivaba)\" \/>\n<meta property=\"og:description\" content=\"Robotniiduk X9 12000 m2 Sunseeker (kaablivaba) - Tehnoloogia AONavi2.0 (nRTK+VSLAM)+Vision AI. K\u00f5rge kvaliteediga kaablivaba robotniiduk teie aeda!\" \/>\n<meta property=\"og:url\" content=\"https:\/\/ranoja.ee\/toode\/robotniiduk-x9-12000-m2-sunseeker-kaablivaba\/\" \/>\n<meta property=\"og:site_name\" content=\"Ranoja\" \/>\n<meta property=\"article:publisher\" content=\"https:\/\/www.facebook.com\/ranoja.ee\" \/>\n<meta property=\"article:modified_time\" content=\"2026-03-05T07:56:46+00:00\" \/>\n<meta property=\"og:image\" content=\"https:\/\/ranoja.ee\/wp-content\/uploads\/2026\/02\/Robotniiduk-X9-12000-m2-Sunseekerkaablivaba.jpeg\" \/>\n\t<meta property=\"og:image:width\" content=\"900\" \/>\n\t<meta property=\"og:image:height\" content=\"429\" \/>\n\t<meta property=\"og:image:type\" content=\"image\/jpeg\" \/>\n<meta name=\"twitter:card\" content=\"summary_large_image\" \/>\n<meta name=\"twitter:label1\" content=\"Est. reading time\" \/>\n\t<meta name=\"twitter:data1\" content=\"2 minutes\" \/>\n<script type=\"application\/ld+json\" class=\"yoast-schema-graph\">{\"@context\":\"https:\\\/\\\/schema.org\",\"@graph\":[{\"@type\":\"WebPage\",\"@id\":\"https:\\\/\\\/ranoja.ee\\\/toode\\\/robotniiduk-x9-12000-m2-sunseeker-kaablivaba\\\/\",\"url\":\"https:\\\/\\\/ranoja.ee\\\/toode\\\/robotniiduk-x9-12000-m2-sunseeker-kaablivaba\\\/\",\"name\":\"Robotniiduk X9 12000 m2 Sunseeker (kaablivaba)\",\"isPartOf\":{\"@id\":\"https:\\\/\\\/ranoja.ee\\\/#website\"},\"primaryImageOfPage\":{\"@id\":\"https:\\\/\\\/ranoja.ee\\\/toode\\\/robotniiduk-x9-12000-m2-sunseeker-kaablivaba\\\/#primaryimage\"},\"image\":{\"@id\":\"https:\\\/\\\/ranoja.ee\\\/toode\\\/robotniiduk-x9-12000-m2-sunseeker-kaablivaba\\\/#primaryimage\"},\"thumbnailUrl\":\"https:\\\/\\\/ranoja.ee\\\/wp-content\\\/uploads\\\/2026\\\/02\\\/Robotniiduk-X9-12000-m2-Sunseekerkaablivaba.jpeg\",\"datePublished\":\"2026-02-04T08:52:25+00:00\",\"dateModified\":\"2026-03-05T07:56:46+00:00\",\"description\":\"Robotniiduk X9 12000 m2 Sunseeker (kaablivaba) - Tehnoloogia AONavi2.0 (nRTK+VSLAM)+Vision AI. K\u00f5rge kvaliteediga kaablivaba robotniiduk teie aeda!\",\"breadcrumb\":{\"@id\":\"https:\\\/\\\/ranoja.ee\\\/toode\\\/robotniiduk-x9-12000-m2-sunseeker-kaablivaba\\\/#breadcrumb\"},\"inLanguage\":\"en-US\",\"potentialAction\":[{\"@type\":\"ReadAction\",\"target\":[\"https:\\\/\\\/ranoja.ee\\\/toode\\\/robotniiduk-x9-12000-m2-sunseeker-kaablivaba\\\/\"]}]},{\"@type\":\"ImageObject\",\"inLanguage\":\"en-US\",\"@id\":\"https:\\\/\\\/ranoja.ee\\\/toode\\\/robotniiduk-x9-12000-m2-sunseeker-kaablivaba\\\/#primaryimage\",\"url\":\"https:\\\/\\\/ranoja.ee\\\/wp-content\\\/uploads\\\/2026\\\/02\\\/Robotniiduk-X9-12000-m2-Sunseekerkaablivaba.jpeg\",\"contentUrl\":\"https:\\\/\\\/ranoja.ee\\\/wp-content\\\/uploads\\\/2026\\\/02\\\/Robotniiduk-X9-12000-m2-Sunseekerkaablivaba.jpeg\",\"width\":900,\"height\":429,\"caption\":\"Robotniiduk X9 12000 m2 Sunseeker(kaablivaba)\"},{\"@type\":\"BreadcrumbList\",\"@id\":\"https:\\\/\\\/ranoja.ee\\\/toode\\\/robotniiduk-x9-12000-m2-sunseeker-kaablivaba\\\/#breadcrumb\",\"itemListElement\":[{\"@type\":\"ListItem\",\"position\":1,\"name\":\"Home\",\"item\":\"https:\\\/\\\/ranoja.ee\\\/\"},{\"@type\":\"ListItem\",\"position\":2,\"name\":\"Shop\",\"item\":\"https:\\\/\\\/ranoja.ee\\\/en\\\/shop\\\/\"},{\"@type\":\"ListItem\",\"position\":3,\"name\":\"Robotniiduk X9 12000 m2 Sunseeker (kaablivaba)\"}]},{\"@type\":\"WebSite\",\"@id\":\"https:\\\/\\\/ranoja.ee\\\/#website\",\"url\":\"https:\\\/\\\/ranoja.ee\\\/\",\"name\":\"Ranoja\",\"description\":\"Equipment Shop WooCommerce WordPress Theme for Machine &amp; Tools\",\"publisher\":{\"@id\":\"https:\\\/\\\/ranoja.ee\\\/#organization\"},\"potentialAction\":[{\"@type\":\"SearchAction\",\"target\":{\"@type\":\"EntryPoint\",\"urlTemplate\":\"https:\\\/\\\/ranoja.ee\\\/?s={search_term_string}\"},\"query-input\":{\"@type\":\"PropertyValueSpecification\",\"valueRequired\":true,\"valueName\":\"search_term_string\"}}],\"inLanguage\":\"en-US\"},{\"@type\":\"Organization\",\"@id\":\"https:\\\/\\\/ranoja.ee\\\/#organization\",\"name\":\"Ranoja O\u00dc\",\"url\":\"https:\\\/\\\/ranoja.ee\\\/\",\"logo\":{\"@type\":\"ImageObject\",\"inLanguage\":\"en-US\",\"@id\":\"https:\\\/\\\/ranoja.ee\\\/#\\\/schema\\\/logo\\\/image\\\/\",\"url\":\"https:\\\/\\\/ranoja.ee\\\/wp-content\\\/uploads\\\/2023\\\/11\\\/ranoja-Logo.png\",\"contentUrl\":\"https:\\\/\\\/ranoja.ee\\\/wp-content\\\/uploads\\\/2023\\\/11\\\/ranoja-Logo.png\",\"width\":207,\"height\":58,\"caption\":\"Ranoja O\u00dc\"},\"image\":{\"@id\":\"https:\\\/\\\/ranoja.ee\\\/#\\\/schema\\\/logo\\\/image\\\/\"},\"sameAs\":[\"https:\\\/\\\/www.facebook.com\\\/ranoja.ee\",\"https:\\\/\\\/www.instagram.com\\\/ranoja__\\\/\"]}]}<\/script>\n<!-- \/ Yoast SEO plugin. -->","yoast_head_json":{"title":"Robotniiduk X9 12000 m2 Sunseeker (kaablivaba)","description":"Robotniiduk X9 12000 m2 Sunseeker (kaablivaba) - Tehnoloogia AONavi2.0 (nRTK+VSLAM)+Vision AI. K\u00f5rge kvaliteediga kaablivaba robotniiduk teie aeda!","robots":{"index":"index","follow":"follow","max-snippet":"max-snippet:-1","max-image-preview":"max-image-preview:large","max-video-preview":"max-video-preview:-1"},"canonical":"https:\/\/ranoja.ee\/toode\/robotniiduk-x9-12000-m2-sunseeker-kaablivaba\/","og_locale":"en_US","og_type":"article","og_title":"Robotniiduk X9 12000 m2 Sunseeker (kaablivaba)","og_description":"Robotniiduk X9 12000 m2 Sunseeker (kaablivaba) - Tehnoloogia AONavi2.0 (nRTK+VSLAM)+Vision AI. K\u00f5rge kvaliteediga kaablivaba robotniiduk teie aeda!","og_url":"https:\/\/ranoja.ee\/toode\/robotniiduk-x9-12000-m2-sunseeker-kaablivaba\/","og_site_name":"Ranoja","article_publisher":"https:\/\/www.facebook.com\/ranoja.ee","article_modified_time":"2026-03-05T07:56:46+00:00","og_image":[{"width":900,"height":429,"url":"https:\/\/ranoja.ee\/wp-content\/uploads\/2026\/02\/Robotniiduk-X9-12000-m2-Sunseekerkaablivaba.jpeg","type":"image\/jpeg"}],"twitter_card":"summary_large_image","twitter_misc":{"Est. reading time":"2 minutes"},"schema":{"@context":"https:\/\/schema.org","@graph":[{"@type":"WebPage","@id":"https:\/\/ranoja.ee\/toode\/robotniiduk-x9-12000-m2-sunseeker-kaablivaba\/","url":"https:\/\/ranoja.ee\/toode\/robotniiduk-x9-12000-m2-sunseeker-kaablivaba\/","name":"Robotniiduk X9 12000 m2 Sunseeker (kaablivaba)","isPartOf":{"@id":"https:\/\/ranoja.ee\/#website"},"primaryImageOfPage":{"@id":"https:\/\/ranoja.ee\/toode\/robotniiduk-x9-12000-m2-sunseeker-kaablivaba\/#primaryimage"},"image":{"@id":"https:\/\/ranoja.ee\/toode\/robotniiduk-x9-12000-m2-sunseeker-kaablivaba\/#primaryimage"},"thumbnailUrl":"https:\/\/ranoja.ee\/wp-content\/uploads\/2026\/02\/Robotniiduk-X9-12000-m2-Sunseekerkaablivaba.jpeg","datePublished":"2026-02-04T08:52:25+00:00","dateModified":"2026-03-05T07:56:46+00:00","description":"Robotniiduk X9 12000 m2 Sunseeker (kaablivaba) - Tehnoloogia AONavi2.0 (nRTK+VSLAM)+Vision AI. K\u00f5rge kvaliteediga kaablivaba robotniiduk teie aeda!","breadcrumb":{"@id":"https:\/\/ranoja.ee\/toode\/robotniiduk-x9-12000-m2-sunseeker-kaablivaba\/#breadcrumb"},"inLanguage":"en-US","potentialAction":[{"@type":"ReadAction","target":["https:\/\/ranoja.ee\/toode\/robotniiduk-x9-12000-m2-sunseeker-kaablivaba\/"]}]},{"@type":"ImageObject","inLanguage":"en-US","@id":"https:\/\/ranoja.ee\/toode\/robotniiduk-x9-12000-m2-sunseeker-kaablivaba\/#primaryimage","url":"https:\/\/ranoja.ee\/wp-content\/uploads\/2026\/02\/Robotniiduk-X9-12000-m2-Sunseekerkaablivaba.jpeg","contentUrl":"https:\/\/ranoja.ee\/wp-content\/uploads\/2026\/02\/Robotniiduk-X9-12000-m2-Sunseekerkaablivaba.jpeg","width":900,"height":429,"caption":"Robotniiduk X9 12000 m2 Sunseeker(kaablivaba)"},{"@type":"BreadcrumbList","@id":"https:\/\/ranoja.ee\/toode\/robotniiduk-x9-12000-m2-sunseeker-kaablivaba\/#breadcrumb","itemListElement":[{"@type":"ListItem","position":1,"name":"Home","item":"https:\/\/ranoja.ee\/"},{"@type":"ListItem","position":2,"name":"Shop","item":"https:\/\/ranoja.ee\/en\/shop\/"},{"@type":"ListItem","position":3,"name":"Robotniiduk X9 12000 m2 Sunseeker (kaablivaba)"}]},{"@type":"WebSite","@id":"https:\/\/ranoja.ee\/#website","url":"https:\/\/ranoja.ee\/","name":"Ranoja","description":"Equipment Shop WooCommerce WordPress Theme for Machine &amp; Tools","publisher":{"@id":"https:\/\/ranoja.ee\/#organization"},"potentialAction":[{"@type":"SearchAction","target":{"@type":"EntryPoint","urlTemplate":"https:\/\/ranoja.ee\/?s={search_term_string}"},"query-input":{"@type":"PropertyValueSpecification","valueRequired":true,"valueName":"search_term_string"}}],"inLanguage":"en-US"},{"@type":"Organization","@id":"https:\/\/ranoja.ee\/#organization","name":"Ranoja O\u00dc","url":"https:\/\/ranoja.ee\/","logo":{"@type":"ImageObject","inLanguage":"en-US","@id":"https:\/\/ranoja.ee\/#\/schema\/logo\/image\/","url":"https:\/\/ranoja.ee\/wp-content\/uploads\/2023\/11\/ranoja-Logo.png","contentUrl":"https:\/\/ranoja.ee\/wp-content\/uploads\/2023\/11\/ranoja-Logo.png","width":207,"height":58,"caption":"Ranoja O\u00dc"},"image":{"@id":"https:\/\/ranoja.ee\/#\/schema\/logo\/image\/"},"sameAs":["https:\/\/www.facebook.com\/ranoja.ee","https:\/\/www.instagram.com\/ranoja__\/"]}]}},"_links":{"self":[{"href":"https:\/\/ranoja.ee\/en\/wp-json\/wp\/v2\/product\/29498","targetHints":{"allow":["GET"]}}],"collection":[{"href":"https:\/\/ranoja.ee\/en\/wp-json\/wp\/v2\/product"}],"about":[{"href":"https:\/\/ranoja.ee\/en\/wp-json\/wp\/v2\/types\/product"}],"wp:featuredmedia":[{"embeddable":true,"href":"https:\/\/ranoja.ee\/en\/wp-json\/wp\/v2\/media\/29499"}],"wp:attachment":[{"href":"https:\/\/ranoja.ee\/en\/wp-json\/wp\/v2\/media?parent=29498"}],"wp:term":[{"taxonomy":"product_cat","embeddable":true,"href":"https:\/\/ranoja.ee\/en\/wp-json\/wp\/v2\/product_cat?post=29498"},{"taxonomy":"product_tag","embeddable":true,"href":"https:\/\/ranoja.ee\/en\/wp-json\/wp\/v2\/product_tag?post=29498"}],"curies":[{"name":"wp","href":"https:\/\/api.w.org\/{rel}","templated":true}]}}